{"id":23998,"date":"2025-06-18T09:10:28","date_gmt":"2025-06-18T07:10:28","guid":{"rendered":"https:\/\/ibc.ee\/?post_type=product&#038;p=23998"},"modified":"2025-06-26T18:40:10","modified_gmt":"2025-06-26T16:40:10","slug":"uhp-tank-verticon-high-v-1003-1003l-copy","status":"publish","type":"product","link":"https:\/\/ibc.ee\/no\/produkt\/uhp-tank-verticon-high-v-1003-1003l-copy\/","title":{"rendered":"Tank P-120L (120L)"},"content":{"rendered":"<p>En horisontal tank P-120L er en slitesterk tank med en kapasitet p\u00e5 120 liter, en h\u00f8yde p\u00e5 28 cm, en bredde p\u00e5 40 cm og en lengde p\u00e5 115 cm. Egnet for oppbevaring av diverse v\u00e6sker, inkludert regnvann, avl\u00f8psvann, diesel og kjemikalier.  <\/p>\n<p>Det er et 11 cm plastgjenget hull p\u00e5 toppen og 3&#215;4 tommer p\u00e5 bunnen. <\/p>\n<p>Beholderens st\u00f8pediameter: 3,5 mm<\/p>\n","protected":false},"excerpt":{"rendered":"<p><strong>Funksjoner<\/strong><br \/>\nKapasitet: 120 l<br \/>\nH\u00f8yde: 28 cm<br \/>\nBredde: 40 cm<br \/>\nLengde: 115 cm<br \/>\nHullets diameter: 11 cm<br \/>\nVeggtykkelse: 3,5 mm<br \/>\nTilkoblingsgjenger: 3\/4 tommer.<\/p>\n","protected":false},"featured_media":24006,"template":"","meta":[],"product_brand":[],"product_cat":[443],"product_tag":[],"class_list":{"0":"post-23998","1":"product","2":"type-product","3":"status-publish","4":"has-post-thumbnail","6":"product_cat-uhp-tanker","7":"product_shipping_class-beholdere","9":"first","10":"onbackorder","11":"taxable","12":"shipping-taxable","13":"purchasable","14":"product-type-simple"},"yoast_head":"<!-- This site is optimized with the Yoast SEO plugin v26.9 - https:\/\/yoast.com\/product\/yoast-seo-wordpress\/ -->\n<title>Tank P-120L (120L) - IBC konteineri m&uuml;&uuml;k, vaadid, kraanid, mahutid<\/title>\n<meta name=\"description\" content=\"En horisontal tank P-120L er en slitesterk tank med en kapasitet p\u00e5 120 liter, en h\u00f8yde p\u00e5 28 cm, en bredde p\u00e5 40 cm og en lengde p\u00e5 115 cm.\" \/>\n<meta name=\"robots\" content=\"index, follow, max-snippet:-1, max-image-preview:large, max-video-preview:-1\" \/>\n<link rel=\"canonical\" href=\"https:\/\/ibc.ee\/no\/produkt\/uhp-tank-verticon-high-v-1003-1003l-copy\/\" \/>\n<meta property=\"og:locale\" content=\"nb_NO\" \/>\n<meta property=\"og:type\" content=\"article\" \/>\n<meta property=\"og:title\" content=\"Tank P-120L (120L) - IBC konteineri m&uuml;&uuml;k, vaadid, kraanid, mahutid\" \/>\n<meta property=\"og:description\" content=\"En horisontal tank P-120L er en slitesterk tank med en kapasitet p\u00e5 120 liter, en h\u00f8yde p\u00e5 28 cm, en bredde p\u00e5 40 cm og en lengde p\u00e5 115 cm.\" \/>\n<meta property=\"og:url\" content=\"https:\/\/ibc.ee\/no\/produkt\/uhp-tank-verticon-high-v-1003-1003l-copy\/\" \/>\n<meta property=\"og:site_name\" content=\"IBC konteineri m&uuml;&uuml;k, vaadid, kraanid, mahutid\" \/>\n<meta property=\"article:modified_time\" content=\"2025-06-26T16:40:10+00:00\" \/>\n<meta property=\"og:image\" content=\"https:\/\/ibc.ee\/wp-content\/uploads\/2025\/06\/Mahuti-P-120L.jpg\" \/>\n\t<meta property=\"og:image:width\" content=\"1000\" \/>\n\t<meta property=\"og:image:height\" content=\"1000\" \/>\n\t<meta property=\"og:image:type\" content=\"image\/jpeg\" \/>\n<meta name=\"twitter:card\" content=\"summary_large_image\" \/>\n<meta name=\"twitter:label1\" content=\"Ansl. lesetid\" \/>\n\t<meta name=\"twitter:data1\" content=\"1 minutt\" \/>\n<script type=\"application\/ld+json\" class=\"yoast-schema-graph\">{\"@context\":\"https:\/\/schema.org\",\"@graph\":[{\"@type\":\"WebPage\",\"@id\":\"https:\/\/ibc.ee\/no\/produkt\/uhp-tank-verticon-high-v-1003-1003l-copy\/\",\"url\":\"https:\/\/ibc.ee\/no\/produkt\/uhp-tank-verticon-high-v-1003-1003l-copy\/\",\"name\":\"Tank P-120L (120L) - IBC konteineri m&uuml;&uuml;k, vaadid, kraanid, mahutid\",\"isPartOf\":{\"@id\":\"https:\/\/www.ibc.ee\/no\/#website\"},\"primaryImageOfPage\":{\"@id\":\"https:\/\/ibc.ee\/no\/produkt\/uhp-tank-verticon-high-v-1003-1003l-copy\/#primaryimage\"},\"image\":{\"@id\":\"https:\/\/ibc.ee\/no\/produkt\/uhp-tank-verticon-high-v-1003-1003l-copy\/#primaryimage\"},\"thumbnailUrl\":\"https:\/\/ibc.ee\/wp-content\/uploads\/2025\/06\/Mahuti-P-120L.jpg\",\"datePublished\":\"2025-06-18T07:10:28+00:00\",\"dateModified\":\"2025-06-26T16:40:10+00:00\",\"description\":\"En horisontal tank P-120L er en slitesterk tank med en kapasitet p\u00e5 120 liter, en h\u00f8yde p\u00e5 28 cm, en bredde p\u00e5 40 cm og en lengde p\u00e5 115 cm.\",\"breadcrumb\":{\"@id\":\"https:\/\/ibc.ee\/no\/produkt\/uhp-tank-verticon-high-v-1003-1003l-copy\/#breadcrumb\"},\"inLanguage\":\"nb-NO\",\"potentialAction\":[{\"@type\":\"ReadAction\",\"target\":[\"https:\/\/ibc.ee\/no\/produkt\/uhp-tank-verticon-high-v-1003-1003l-copy\/\"]}]},{\"@type\":\"ImageObject\",\"inLanguage\":\"nb-NO\",\"@id\":\"https:\/\/ibc.ee\/no\/produkt\/uhp-tank-verticon-high-v-1003-1003l-copy\/#primaryimage\",\"url\":\"https:\/\/ibc.ee\/wp-content\/uploads\/2025\/06\/Mahuti-P-120L.jpg\",\"contentUrl\":\"https:\/\/ibc.ee\/wp-content\/uploads\/2025\/06\/Mahuti-P-120L.jpg\",\"width\":1000,\"height\":1000,\"caption\":\"Tank P-120L (120L)\"},{\"@type\":\"BreadcrumbList\",\"@id\":\"https:\/\/ibc.ee\/no\/produkt\/uhp-tank-verticon-high-v-1003-1003l-copy\/#breadcrumb\",\"itemListElement\":[{\"@type\":\"ListItem\",\"position\":1,\"name\":\"\u0413\u043b\u0430\u0432\u043d\u0430\u044f \u0441\u0442\u0440\u0430\u043d\u0438\u0446\u0430\",\"item\":\"https:\/\/www.ibc.ee\/no\/\"},{\"@type\":\"ListItem\",\"position\":2,\"name\":\"Butikk\",\"item\":\"https:\/\/www.ibc.ee\/no\/butikk\/\"},{\"@type\":\"ListItem\",\"position\":3,\"name\":\"Tank P-120L (120L)\"}]},{\"@type\":\"WebSite\",\"@id\":\"https:\/\/www.ibc.ee\/no\/#website\",\"url\":\"https:\/\/www.ibc.ee\/no\/\",\"name\":\"IBC konteineri m&uuml;&uuml;k, vaadid, kraanid, mahutid\",\"description\":\"IBC - Tank container valve, Adapters\\\\fittings, Intermediate bulk, container, Drums\/cans\",\"potentialAction\":[{\"@type\":\"SearchAction\",\"target\":{\"@type\":\"EntryPoint\",\"urlTemplate\":\"https:\/\/www.ibc.ee\/no\/?s={search_term_string}\"},\"query-input\":{\"@type\":\"PropertyValueSpecification\",\"valueRequired\":true,\"valueName\":\"search_term_string\"}}],\"inLanguage\":\"nb-NO\"}]}<\/script>\n<!-- \/ Yoast SEO plugin. -->","yoast_head_json":{"title":"Tank P-120L (120L) - IBC konteineri m&uuml;&uuml;k, vaadid, kraanid, mahutid","description":"En horisontal tank P-120L er en slitesterk tank med en kapasitet p\u00e5 120 liter, en h\u00f8yde p\u00e5 28 cm, en bredde p\u00e5 40 cm og en lengde p\u00e5 115 cm.","robots":{"index":"index","follow":"follow","max-snippet":"max-snippet:-1","max-image-preview":"max-image-preview:large","max-video-preview":"max-video-preview:-1"},"canonical":"https:\/\/ibc.ee\/no\/produkt\/uhp-tank-verticon-high-v-1003-1003l-copy\/","og_locale":"nb_NO","og_type":"article","og_title":"Tank P-120L (120L) - IBC konteineri m&uuml;&uuml;k, vaadid, kraanid, mahutid","og_description":"En horisontal tank P-120L er en slitesterk tank med en kapasitet p\u00e5 120 liter, en h\u00f8yde p\u00e5 28 cm, en bredde p\u00e5 40 cm og en lengde p\u00e5 115 cm.","og_url":"https:\/\/ibc.ee\/no\/produkt\/uhp-tank-verticon-high-v-1003-1003l-copy\/","og_site_name":"IBC konteineri m&uuml;&uuml;k, vaadid, kraanid, mahutid","article_modified_time":"2025-06-26T16:40:10+00:00","og_image":[{"width":1000,"height":1000,"url":"https:\/\/ibc.ee\/wp-content\/uploads\/2025\/06\/Mahuti-P-120L.jpg","type":"image\/jpeg"}],"twitter_card":"summary_large_image","twitter_misc":{"Ansl. lesetid":"1 minutt"},"schema":{"@context":"https:\/\/schema.org","@graph":[{"@type":"WebPage","@id":"https:\/\/ibc.ee\/no\/produkt\/uhp-tank-verticon-high-v-1003-1003l-copy\/","url":"https:\/\/ibc.ee\/no\/produkt\/uhp-tank-verticon-high-v-1003-1003l-copy\/","name":"Tank P-120L (120L) - IBC konteineri m&uuml;&uuml;k, vaadid, kraanid, mahutid","isPartOf":{"@id":"https:\/\/www.ibc.ee\/no\/#website"},"primaryImageOfPage":{"@id":"https:\/\/ibc.ee\/no\/produkt\/uhp-tank-verticon-high-v-1003-1003l-copy\/#primaryimage"},"image":{"@id":"https:\/\/ibc.ee\/no\/produkt\/uhp-tank-verticon-high-v-1003-1003l-copy\/#primaryimage"},"thumbnailUrl":"https:\/\/ibc.ee\/wp-content\/uploads\/2025\/06\/Mahuti-P-120L.jpg","datePublished":"2025-06-18T07:10:28+00:00","dateModified":"2025-06-26T16:40:10+00:00","description":"En horisontal tank P-120L er en slitesterk tank med en kapasitet p\u00e5 120 liter, en h\u00f8yde p\u00e5 28 cm, en bredde p\u00e5 40 cm og en lengde p\u00e5 115 cm.","breadcrumb":{"@id":"https:\/\/ibc.ee\/no\/produkt\/uhp-tank-verticon-high-v-1003-1003l-copy\/#breadcrumb"},"inLanguage":"nb-NO","potentialAction":[{"@type":"ReadAction","target":["https:\/\/ibc.ee\/no\/produkt\/uhp-tank-verticon-high-v-1003-1003l-copy\/"]}]},{"@type":"ImageObject","inLanguage":"nb-NO","@id":"https:\/\/ibc.ee\/no\/produkt\/uhp-tank-verticon-high-v-1003-1003l-copy\/#primaryimage","url":"https:\/\/ibc.ee\/wp-content\/uploads\/2025\/06\/Mahuti-P-120L.jpg","contentUrl":"https:\/\/ibc.ee\/wp-content\/uploads\/2025\/06\/Mahuti-P-120L.jpg","width":1000,"height":1000,"caption":"Tank P-120L (120L)"},{"@type":"BreadcrumbList","@id":"https:\/\/ibc.ee\/no\/produkt\/uhp-tank-verticon-high-v-1003-1003l-copy\/#breadcrumb","itemListElement":[{"@type":"ListItem","position":1,"name":"\u0413\u043b\u0430\u0432\u043d\u0430\u044f \u0441\u0442\u0440\u0430\u043d\u0438\u0446\u0430","item":"https:\/\/www.ibc.ee\/no\/"},{"@type":"ListItem","position":2,"name":"Butikk","item":"https:\/\/www.ibc.ee\/no\/butikk\/"},{"@type":"ListItem","position":3,"name":"Tank P-120L (120L)"}]},{"@type":"WebSite","@id":"https:\/\/www.ibc.ee\/no\/#website","url":"https:\/\/www.ibc.ee\/no\/","name":"IBC konteineri m&uuml;&uuml;k, vaadid, kraanid, mahutid","description":"IBC - Tank container valve, Adapters\\fittings, Intermediate bulk, container, Drums\/cans","potentialAction":[{"@type":"SearchAction","target":{"@type":"EntryPoint","urlTemplate":"https:\/\/www.ibc.ee\/no\/?s={search_term_string}"},"query-input":{"@type":"PropertyValueSpecification","valueRequired":true,"valueName":"search_term_string"}}],"inLanguage":"nb-NO"}]}},"_links":{"self":[{"href":"https:\/\/ibc.ee\/no\/wp-json\/wp\/v2\/product\/23998","targetHints":{"allow":["GET"]}}],"collection":[{"href":"https:\/\/ibc.ee\/no\/wp-json\/wp\/v2\/product"}],"about":[{"href":"https:\/\/ibc.ee\/no\/wp-json\/wp\/v2\/types\/product"}],"wp:featuredmedia":[{"embeddable":true,"href":"https:\/\/ibc.ee\/no\/wp-json\/wp\/v2\/media\/24006"}],"wp:attachment":[{"href":"https:\/\/ibc.ee\/no\/wp-json\/wp\/v2\/media?parent=23998"}],"wp:term":[{"taxonomy":"product_brand","embeddable":true,"href":"https:\/\/ibc.ee\/no\/wp-json\/wp\/v2\/product_brand?post=23998"},{"taxonomy":"product_cat","embeddable":true,"href":"https:\/\/ibc.ee\/no\/wp-json\/wp\/v2\/product_cat?post=23998"},{"taxonomy":"product_tag","embeddable":true,"href":"https:\/\/ibc.ee\/no\/wp-json\/wp\/v2\/product_tag?post=23998"}],"curies":[{"name":"wp","href":"https:\/\/api.w.org\/{rel}","templated":true}]}}