{"id":24064,"date":"2025-07-02T12:31:07","date_gmt":"2025-07-02T10:31:08","guid":{"rendered":"https:\/\/ibc.ee\/?post_type=product&#038;p=24064"},"modified":"2025-07-02T14:23:15","modified_gmt":"2025-07-02T12:23:15","slug":"budsjett-ibc-innerbeholder-draininner-ibc-1000","status":"publish","type":"product","link":"https:\/\/ibc.ee\/no\/produkt\/budsjett-ibc-innerbeholder-draininner-ibc-1000\/","title":{"rendered":"Budsjett IBC innerbeholder DrainInner IBC 1000"},"content":{"rendered":"<p><strong>Disse IBC-innerbeholderne er ideelle for:<\/strong><br \/>\n&#8211; Oppsamling av regnvann (med riktig st\u00f8tte)<br \/>\n&#8211; Midlertidig gr\u00e5vannsoppsamling<br \/>\n&#8211; Drenering p\u00e5 g\u00e5rder eller byggeplasser<br \/>\n&#8211; Gj\u00f8r-det-selv-underjordiske reservoarer<br \/>\n&#8211; Ballasttanker (n\u00e5r de er nedgravde eller innebygde)<\/p>\n","protected":false},"excerpt":{"rendered":"<p>Leter du etter en rimelig l\u00f8sning for oppsamling av regnvann, drenering eller h\u00e5ndtering av gr\u00e5vann? DrainInner Insert er din enkle og siste stopp-tank for ikke-kritisk v\u00e6skelagring. Dette er en brukt innertank fra 1000L IBC-er, utg\u00e5tt fra kjemisk bruk. Den originale ventilen fungerer ikke lenger \u2013 den er forseglet for sikkerhets skyld. Ingen ramme, ingen sertifiseringer \u2013 bare et plastskall klart til \u00e5 tjene sitt endelige form\u00e5l.    <\/p>\n<p><strong>Dette er bare den indre tanken (innsats) \u2013 ingen ramme, ingen base.<\/strong><\/p>\n<p>Den kan ikke brukes som den er p\u00e5 \u00e5pent terreng for v\u00e6ske \u2013 den er ikke selvb\u00e6rende.<\/p>\n<p>M\u00e5 installeres inne i et st\u00e5lbur, en trekasse eller graves delvis ned i bakken for \u00e5 holde formen og forhindre velting.<\/p>\n<p>Ikke egnet for drikkevann, matvarer eller trykksystemer. Bunnventilen er forseglet \u2013 fylling og t\u00f8mming m\u00e5 kun gj\u00f8res gjennom topplokket (ved bruk av pumpe).  <\/p>\n","protected":false},"featured_media":24081,"template":"","meta":[],"product_brand":[],"product_cat":[439],"product_tag":[],"class_list":{"0":"post-24064","1":"product","2":"type-product","3":"status-publish","4":"has-post-thumbnail","6":"product_cat-mellom-bulkbeholder-ibc-1000-liter","7":"product_shipping_class-beholdere","9":"first","10":"instock","11":"taxable","12":"shipping-taxable","13":"purchasable","14":"product-type-simple"},"yoast_head":"<!-- This site is optimized with the Yoast SEO plugin v26.9 - https:\/\/yoast.com\/product\/yoast-seo-wordpress\/ -->\n<title>Budsjett IBC innerbeholder DrainInner IBC 1000 - IBC konteineri m&uuml;&uuml;k, vaadid, kraanid, mahutid<\/title>\n<meta name=\"description\" content=\"Rimelig beholder for oppsamling av regnvann, drenering eller h\u00e5ndtering av gr\u00e5vann. Dette er en brukt innertank fra 1000L IBC-er, utg\u00e5tt fra kjemisk bruk.\" \/>\n<meta name=\"robots\" content=\"index, follow, max-snippet:-1, max-image-preview:large, max-video-preview:-1\" \/>\n<link rel=\"canonical\" href=\"https:\/\/ibc.ee\/no\/produkt\/budsjett-ibc-innerbeholder-draininner-ibc-1000\/\" \/>\n<meta property=\"og:locale\" content=\"nb_NO\" \/>\n<meta property=\"og:type\" content=\"article\" \/>\n<meta property=\"og:title\" content=\"Budsjett IBC innerbeholder DrainInner IBC 1000 - IBC konteineri m&uuml;&uuml;k, vaadid, kraanid, mahutid\" \/>\n<meta property=\"og:description\" content=\"Rimelig beholder for oppsamling av regnvann, drenering eller h\u00e5ndtering av gr\u00e5vann. Dette er en brukt innertank fra 1000L IBC-er, utg\u00e5tt fra kjemisk bruk.\" \/>\n<meta property=\"og:url\" content=\"https:\/\/ibc.ee\/no\/produkt\/budsjett-ibc-innerbeholder-draininner-ibc-1000\/\" \/>\n<meta property=\"og:site_name\" content=\"IBC konteineri m&uuml;&uuml;k, vaadid, kraanid, mahutid\" \/>\n<meta property=\"article:modified_time\" content=\"2025-07-02T12:23:15+00:00\" \/>\n<meta property=\"og:image\" content=\"https:\/\/ibc.ee\/wp-content\/uploads\/2025\/07\/Budget-IBC-inner-container-DrainInner-IBC-1000.jpg\" \/>\n\t<meta property=\"og:image:width\" content=\"1000\" \/>\n\t<meta property=\"og:image:height\" content=\"1000\" \/>\n\t<meta property=\"og:image:type\" content=\"image\/jpeg\" \/>\n<meta name=\"twitter:card\" content=\"summary_large_image\" \/>\n<meta name=\"twitter:label1\" content=\"Ansl. lesetid\" \/>\n\t<meta name=\"twitter:data1\" content=\"1 minutt\" \/>\n<script type=\"application\/ld+json\" class=\"yoast-schema-graph\">{\"@context\":\"https:\/\/schema.org\",\"@graph\":[{\"@type\":\"WebPage\",\"@id\":\"https:\/\/ibc.ee\/no\/produkt\/budsjett-ibc-innerbeholder-draininner-ibc-1000\/\",\"url\":\"https:\/\/ibc.ee\/no\/produkt\/budsjett-ibc-innerbeholder-draininner-ibc-1000\/\",\"name\":\"Budsjett IBC innerbeholder DrainInner IBC 1000 - IBC konteineri m&uuml;&uuml;k, vaadid, kraanid, mahutid\",\"isPartOf\":{\"@id\":\"https:\/\/www.ibc.ee\/no\/#website\"},\"primaryImageOfPage\":{\"@id\":\"https:\/\/ibc.ee\/no\/produkt\/budsjett-ibc-innerbeholder-draininner-ibc-1000\/#primaryimage\"},\"image\":{\"@id\":\"https:\/\/ibc.ee\/no\/produkt\/budsjett-ibc-innerbeholder-draininner-ibc-1000\/#primaryimage\"},\"thumbnailUrl\":\"https:\/\/ibc.ee\/wp-content\/uploads\/2025\/07\/Budget-IBC-inner-container-DrainInner-IBC-1000.jpg\",\"datePublished\":\"2025-07-02T10:31:08+00:00\",\"dateModified\":\"2025-07-02T12:23:15+00:00\",\"description\":\"Rimelig beholder for oppsamling av regnvann, drenering eller h\u00e5ndtering av gr\u00e5vann. Dette er en brukt innertank fra 1000L IBC-er, utg\u00e5tt fra kjemisk bruk.\",\"breadcrumb\":{\"@id\":\"https:\/\/ibc.ee\/no\/produkt\/budsjett-ibc-innerbeholder-draininner-ibc-1000\/#breadcrumb\"},\"inLanguage\":\"nb-NO\",\"potentialAction\":[{\"@type\":\"ReadAction\",\"target\":[\"https:\/\/ibc.ee\/no\/produkt\/budsjett-ibc-innerbeholder-draininner-ibc-1000\/\"]}]},{\"@type\":\"ImageObject\",\"inLanguage\":\"nb-NO\",\"@id\":\"https:\/\/ibc.ee\/no\/produkt\/budsjett-ibc-innerbeholder-draininner-ibc-1000\/#primaryimage\",\"url\":\"https:\/\/ibc.ee\/wp-content\/uploads\/2025\/07\/Budget-IBC-inner-container-DrainInner-IBC-1000.jpg\",\"contentUrl\":\"https:\/\/ibc.ee\/wp-content\/uploads\/2025\/07\/Budget-IBC-inner-container-DrainInner-IBC-1000.jpg\",\"width\":1000,\"height\":1000,\"caption\":\"Budget IBC inner container DrainInner IBC 1000\"},{\"@type\":\"BreadcrumbList\",\"@id\":\"https:\/\/ibc.ee\/no\/produkt\/budsjett-ibc-innerbeholder-draininner-ibc-1000\/#breadcrumb\",\"itemListElement\":[{\"@type\":\"ListItem\",\"position\":1,\"name\":\"\u0413\u043b\u0430\u0432\u043d\u0430\u044f \u0441\u0442\u0440\u0430\u043d\u0438\u0446\u0430\",\"item\":\"https:\/\/www.ibc.ee\/no\/\"},{\"@type\":\"ListItem\",\"position\":2,\"name\":\"Butikk\",\"item\":\"https:\/\/www.ibc.ee\/no\/butikk\/\"},{\"@type\":\"ListItem\",\"position\":3,\"name\":\"Budsjett IBC innerbeholder DrainInner IBC 1000\"}]},{\"@type\":\"WebSite\",\"@id\":\"https:\/\/www.ibc.ee\/no\/#website\",\"url\":\"https:\/\/www.ibc.ee\/no\/\",\"name\":\"IBC konteineri m&uuml;&uuml;k, vaadid, kraanid, mahutid\",\"description\":\"IBC - Tank container valve, Adapters\\\\fittings, Intermediate bulk, container, Drums\/cans\",\"potentialAction\":[{\"@type\":\"SearchAction\",\"target\":{\"@type\":\"EntryPoint\",\"urlTemplate\":\"https:\/\/www.ibc.ee\/no\/?s={search_term_string}\"},\"query-input\":{\"@type\":\"PropertyValueSpecification\",\"valueRequired\":true,\"valueName\":\"search_term_string\"}}],\"inLanguage\":\"nb-NO\"}]}<\/script>\n<!-- \/ Yoast SEO plugin. -->","yoast_head_json":{"title":"Budsjett IBC innerbeholder DrainInner IBC 1000 - IBC konteineri m&uuml;&uuml;k, vaadid, kraanid, mahutid","description":"Rimelig beholder for oppsamling av regnvann, drenering eller h\u00e5ndtering av gr\u00e5vann. Dette er en brukt innertank fra 1000L IBC-er, utg\u00e5tt fra kjemisk bruk.","robots":{"index":"index","follow":"follow","max-snippet":"max-snippet:-1","max-image-preview":"max-image-preview:large","max-video-preview":"max-video-preview:-1"},"canonical":"https:\/\/ibc.ee\/no\/produkt\/budsjett-ibc-innerbeholder-draininner-ibc-1000\/","og_locale":"nb_NO","og_type":"article","og_title":"Budsjett IBC innerbeholder DrainInner IBC 1000 - IBC konteineri m&uuml;&uuml;k, vaadid, kraanid, mahutid","og_description":"Rimelig beholder for oppsamling av regnvann, drenering eller h\u00e5ndtering av gr\u00e5vann. Dette er en brukt innertank fra 1000L IBC-er, utg\u00e5tt fra kjemisk bruk.","og_url":"https:\/\/ibc.ee\/no\/produkt\/budsjett-ibc-innerbeholder-draininner-ibc-1000\/","og_site_name":"IBC konteineri m&uuml;&uuml;k, vaadid, kraanid, mahutid","article_modified_time":"2025-07-02T12:23:15+00:00","og_image":[{"width":1000,"height":1000,"url":"https:\/\/ibc.ee\/wp-content\/uploads\/2025\/07\/Budget-IBC-inner-container-DrainInner-IBC-1000.jpg","type":"image\/jpeg"}],"twitter_card":"summary_large_image","twitter_misc":{"Ansl. lesetid":"1 minutt"},"schema":{"@context":"https:\/\/schema.org","@graph":[{"@type":"WebPage","@id":"https:\/\/ibc.ee\/no\/produkt\/budsjett-ibc-innerbeholder-draininner-ibc-1000\/","url":"https:\/\/ibc.ee\/no\/produkt\/budsjett-ibc-innerbeholder-draininner-ibc-1000\/","name":"Budsjett IBC innerbeholder DrainInner IBC 1000 - IBC konteineri m&uuml;&uuml;k, vaadid, kraanid, mahutid","isPartOf":{"@id":"https:\/\/www.ibc.ee\/no\/#website"},"primaryImageOfPage":{"@id":"https:\/\/ibc.ee\/no\/produkt\/budsjett-ibc-innerbeholder-draininner-ibc-1000\/#primaryimage"},"image":{"@id":"https:\/\/ibc.ee\/no\/produkt\/budsjett-ibc-innerbeholder-draininner-ibc-1000\/#primaryimage"},"thumbnailUrl":"https:\/\/ibc.ee\/wp-content\/uploads\/2025\/07\/Budget-IBC-inner-container-DrainInner-IBC-1000.jpg","datePublished":"2025-07-02T10:31:08+00:00","dateModified":"2025-07-02T12:23:15+00:00","description":"Rimelig beholder for oppsamling av regnvann, drenering eller h\u00e5ndtering av gr\u00e5vann. Dette er en brukt innertank fra 1000L IBC-er, utg\u00e5tt fra kjemisk bruk.","breadcrumb":{"@id":"https:\/\/ibc.ee\/no\/produkt\/budsjett-ibc-innerbeholder-draininner-ibc-1000\/#breadcrumb"},"inLanguage":"nb-NO","potentialAction":[{"@type":"ReadAction","target":["https:\/\/ibc.ee\/no\/produkt\/budsjett-ibc-innerbeholder-draininner-ibc-1000\/"]}]},{"@type":"ImageObject","inLanguage":"nb-NO","@id":"https:\/\/ibc.ee\/no\/produkt\/budsjett-ibc-innerbeholder-draininner-ibc-1000\/#primaryimage","url":"https:\/\/ibc.ee\/wp-content\/uploads\/2025\/07\/Budget-IBC-inner-container-DrainInner-IBC-1000.jpg","contentUrl":"https:\/\/ibc.ee\/wp-content\/uploads\/2025\/07\/Budget-IBC-inner-container-DrainInner-IBC-1000.jpg","width":1000,"height":1000,"caption":"Budget IBC inner container DrainInner IBC 1000"},{"@type":"BreadcrumbList","@id":"https:\/\/ibc.ee\/no\/produkt\/budsjett-ibc-innerbeholder-draininner-ibc-1000\/#breadcrumb","itemListElement":[{"@type":"ListItem","position":1,"name":"\u0413\u043b\u0430\u0432\u043d\u0430\u044f \u0441\u0442\u0440\u0430\u043d\u0438\u0446\u0430","item":"https:\/\/www.ibc.ee\/no\/"},{"@type":"ListItem","position":2,"name":"Butikk","item":"https:\/\/www.ibc.ee\/no\/butikk\/"},{"@type":"ListItem","position":3,"name":"Budsjett IBC innerbeholder DrainInner IBC 1000"}]},{"@type":"WebSite","@id":"https:\/\/www.ibc.ee\/no\/#website","url":"https:\/\/www.ibc.ee\/no\/","name":"IBC konteineri m&uuml;&uuml;k, vaadid, kraanid, mahutid","description":"IBC - Tank container valve, Adapters\\fittings, Intermediate bulk, container, Drums\/cans","potentialAction":[{"@type":"SearchAction","target":{"@type":"EntryPoint","urlTemplate":"https:\/\/www.ibc.ee\/no\/?s={search_term_string}"},"query-input":{"@type":"PropertyValueSpecification","valueRequired":true,"valueName":"search_term_string"}}],"inLanguage":"nb-NO"}]}},"_links":{"self":[{"href":"https:\/\/ibc.ee\/no\/wp-json\/wp\/v2\/product\/24064","targetHints":{"allow":["GET"]}}],"collection":[{"href":"https:\/\/ibc.ee\/no\/wp-json\/wp\/v2\/product"}],"about":[{"href":"https:\/\/ibc.ee\/no\/wp-json\/wp\/v2\/types\/product"}],"wp:featuredmedia":[{"embeddable":true,"href":"https:\/\/ibc.ee\/no\/wp-json\/wp\/v2\/media\/24081"}],"wp:attachment":[{"href":"https:\/\/ibc.ee\/no\/wp-json\/wp\/v2\/media?parent=24064"}],"wp:term":[{"taxonomy":"product_brand","embeddable":true,"href":"https:\/\/ibc.ee\/no\/wp-json\/wp\/v2\/product_brand?post=24064"},{"taxonomy":"product_cat","embeddable":true,"href":"https:\/\/ibc.ee\/no\/wp-json\/wp\/v2\/product_cat?post=24064"},{"taxonomy":"product_tag","embeddable":true,"href":"https:\/\/ibc.ee\/no\/wp-json\/wp\/v2\/product_tag?post=24064"}],"curies":[{"name":"wp","href":"https:\/\/api.w.org\/{rel}","templated":true}]}}