{"id":24239,"date":"2025-07-08T15:31:42","date_gmt":"2025-07-08T13:31:43","guid":{"rendered":"https:\/\/ibc.ee\/?post_type=product&#038;p=24239"},"modified":"2025-07-09T12:09:44","modified_gmt":"2025-07-09T10:09:44","slug":"draincube-ibc-1000-brukt-tank-for-drenering-og-avlopsvann","status":"publish","type":"product","link":"https:\/\/ibc.ee\/no\/produkt\/draincube-ibc-1000-brukt-tank-for-drenering-og-avlopsvann\/","title":{"rendered":"DrainCube IBC 1000 \u2013 Brukt tank for drenering og avl\u00f8psvann"},"content":{"rendered":"<p><strong>Prisgunstig. Robust. Klar for skitne jobber.   <\/strong><\/p>\n<p><strong>Vanlige bruksomr\u00e5der<\/strong><br \/>\n&#8211; Oppsamling av drensvann (byggeplasser, overflateavrenning)<br \/>\n&#8211; Gr\u00e5vann og avl\u00f8psvann<br \/>\n&#8211; Reserve- eller overl\u00f8pstank for septikksystemer<br \/>\n&#8211; Slam- og sedimenteringstanker<br \/>\n&#8211; Oppsamling av skyllevann og kjemikalierester<br \/>\n&#8211; \u00d8vingsvann for brannvern\u00f8velser<br \/>\n&#8211; Feltvaskestasjoner (ikke for drikkevann)<\/p>\n<p><strong>Viktig informasjon<\/strong><br \/>\n&#8211; Brukt tilstand: rester av olje eller harpiks innvendig<br \/>\n&#8211; Ikke rengjort, ikke sertifisert \u2013 synlig t\u00f8rt belegg p\u00e5 innsiden<br \/>\n&#8211; Ikke egnet for mat, drikkevann, husdyr eller vanning<br \/>\n&#8211; Kan ha tegn p\u00e5 bruk, rust eller slitasje<\/p>\n","protected":false},"excerpt":{"rendered":"<p>DrainCube IBC 1000 er en brukt 1000-liters IBC-beholder (Intermediate Bulk Container) som tidligere har v\u00e6rt brukt til \u00e5 lagre olje eller harpiks. P\u00e5 grunn av det tidligere innholdet er innsiden dekket med et t\u00f8rt belegg eller rester, og beholderen er derfor ikke egnet til mat, drikkevann eller sensitive v\u00e6sker. Likevel er den et solid og \u00f8konomisk valg for oppbevaring av ikke-kritiske v\u00e6sker, der renhet ikke er avgj\u00f8rende.  <\/p>\n","protected":false},"featured_media":24247,"template":"","meta":[],"product_brand":[],"product_cat":[439],"product_tag":[],"class_list":{"0":"post-24239","1":"product","2":"type-product","3":"status-publish","4":"has-post-thumbnail","6":"product_cat-mellom-bulkbeholder-ibc-1000-liter","7":"product_shipping_class-beholdere","9":"first","10":"instock","11":"taxable","12":"shipping-taxable","13":"purchasable","14":"product-type-simple"},"yoast_head":"<!-- This site is optimized with the Yoast SEO plugin v26.9 - https:\/\/yoast.com\/product\/yoast-seo-wordpress\/ -->\n<title>DrainCube IBC 1000 \u2013 Brukt tank for drenering og avl\u00f8psvann - IBC konteineri m&uuml;&uuml;k, vaadid, kraanid, mahutid<\/title>\n<meta name=\"description\" content=\"DrainCube IBC 1000 er en brukt 1000-liters IBC-beholder (Intermediate Bulk Container) som tidligere har v\u00e6rt brukt til \u00e5 lagre olje eller harpiks.\" \/>\n<meta name=\"robots\" content=\"index, follow, max-snippet:-1, max-image-preview:large, max-video-preview:-1\" \/>\n<link rel=\"canonical\" href=\"https:\/\/ibc.ee\/no\/produkt\/draincube-ibc-1000-brukt-tank-for-drenering-og-avlopsvann\/\" \/>\n<meta property=\"og:locale\" content=\"nb_NO\" \/>\n<meta property=\"og:type\" content=\"article\" \/>\n<meta property=\"og:title\" content=\"DrainCube IBC 1000 \u2013 Brukt tank for drenering og avl\u00f8psvann - IBC konteineri m&uuml;&uuml;k, vaadid, kraanid, mahutid\" \/>\n<meta property=\"og:description\" content=\"DrainCube IBC 1000 er en brukt 1000-liters IBC-beholder (Intermediate Bulk Container) som tidligere har v\u00e6rt brukt til \u00e5 lagre olje eller harpiks.\" \/>\n<meta property=\"og:url\" content=\"https:\/\/ibc.ee\/no\/produkt\/draincube-ibc-1000-brukt-tank-for-drenering-og-avlopsvann\/\" \/>\n<meta property=\"og:site_name\" content=\"IBC konteineri m&uuml;&uuml;k, vaadid, kraanid, mahutid\" \/>\n<meta property=\"article:modified_time\" content=\"2025-07-09T10:09:44+00:00\" \/>\n<meta property=\"og:image\" content=\"https:\/\/ibc.ee\/wp-content\/uploads\/2025\/07\/DrainCube-IBC-1000-used-container-for-drainage-and-wastewater.jpg\" \/>\n\t<meta property=\"og:image:width\" content=\"1000\" \/>\n\t<meta property=\"og:image:height\" content=\"1000\" \/>\n\t<meta property=\"og:image:type\" content=\"image\/jpeg\" \/>\n<meta name=\"twitter:card\" content=\"summary_large_image\" \/>\n<meta name=\"twitter:label1\" content=\"Ansl. lesetid\" \/>\n\t<meta name=\"twitter:data1\" content=\"1 minutt\" \/>\n<script type=\"application\/ld+json\" class=\"yoast-schema-graph\">{\"@context\":\"https:\/\/schema.org\",\"@graph\":[{\"@type\":\"WebPage\",\"@id\":\"https:\/\/ibc.ee\/no\/produkt\/draincube-ibc-1000-brukt-tank-for-drenering-og-avlopsvann\/\",\"url\":\"https:\/\/ibc.ee\/no\/produkt\/draincube-ibc-1000-brukt-tank-for-drenering-og-avlopsvann\/\",\"name\":\"DrainCube IBC 1000 \u2013 Brukt tank for drenering og avl\u00f8psvann - IBC konteineri m&uuml;&uuml;k, vaadid, kraanid, mahutid\",\"isPartOf\":{\"@id\":\"https:\/\/www.ibc.ee\/no\/#website\"},\"primaryImageOfPage\":{\"@id\":\"https:\/\/ibc.ee\/no\/produkt\/draincube-ibc-1000-brukt-tank-for-drenering-og-avlopsvann\/#primaryimage\"},\"image\":{\"@id\":\"https:\/\/ibc.ee\/no\/produkt\/draincube-ibc-1000-brukt-tank-for-drenering-og-avlopsvann\/#primaryimage\"},\"thumbnailUrl\":\"https:\/\/ibc.ee\/wp-content\/uploads\/2025\/07\/DrainCube-IBC-1000-used-container-for-drainage-and-wastewater.jpg\",\"datePublished\":\"2025-07-08T13:31:43+00:00\",\"dateModified\":\"2025-07-09T10:09:44+00:00\",\"description\":\"DrainCube IBC 1000 er en brukt 1000-liters IBC-beholder (Intermediate Bulk Container) som tidligere har v\u00e6rt brukt til \u00e5 lagre olje eller harpiks.\",\"breadcrumb\":{\"@id\":\"https:\/\/ibc.ee\/no\/produkt\/draincube-ibc-1000-brukt-tank-for-drenering-og-avlopsvann\/#breadcrumb\"},\"inLanguage\":\"nb-NO\",\"potentialAction\":[{\"@type\":\"ReadAction\",\"target\":[\"https:\/\/ibc.ee\/no\/produkt\/draincube-ibc-1000-brukt-tank-for-drenering-og-avlopsvann\/\"]}]},{\"@type\":\"ImageObject\",\"inLanguage\":\"nb-NO\",\"@id\":\"https:\/\/ibc.ee\/no\/produkt\/draincube-ibc-1000-brukt-tank-for-drenering-og-avlopsvann\/#primaryimage\",\"url\":\"https:\/\/ibc.ee\/wp-content\/uploads\/2025\/07\/DrainCube-IBC-1000-used-container-for-drainage-and-wastewater.jpg\",\"contentUrl\":\"https:\/\/ibc.ee\/wp-content\/uploads\/2025\/07\/DrainCube-IBC-1000-used-container-for-drainage-and-wastewater.jpg\",\"width\":1000,\"height\":1000,\"caption\":\"DrainCube IBC 1000 \u2013 used container for drainage & wastewater\"},{\"@type\":\"BreadcrumbList\",\"@id\":\"https:\/\/ibc.ee\/no\/produkt\/draincube-ibc-1000-brukt-tank-for-drenering-og-avlopsvann\/#breadcrumb\",\"itemListElement\":[{\"@type\":\"ListItem\",\"position\":1,\"name\":\"\u0413\u043b\u0430\u0432\u043d\u0430\u044f \u0441\u0442\u0440\u0430\u043d\u0438\u0446\u0430\",\"item\":\"https:\/\/www.ibc.ee\/no\/\"},{\"@type\":\"ListItem\",\"position\":2,\"name\":\"Butikk\",\"item\":\"https:\/\/www.ibc.ee\/no\/butikk\/\"},{\"@type\":\"ListItem\",\"position\":3,\"name\":\"DrainCube IBC 1000 \u2013 Brukt tank for drenering og avl\u00f8psvann\"}]},{\"@type\":\"WebSite\",\"@id\":\"https:\/\/www.ibc.ee\/no\/#website\",\"url\":\"https:\/\/www.ibc.ee\/no\/\",\"name\":\"IBC konteineri m&uuml;&uuml;k, vaadid, kraanid, mahutid\",\"description\":\"IBC - Tank container valve, Adapters\\\\fittings, Intermediate bulk, container, Drums\/cans\",\"potentialAction\":[{\"@type\":\"SearchAction\",\"target\":{\"@type\":\"EntryPoint\",\"urlTemplate\":\"https:\/\/www.ibc.ee\/no\/?s={search_term_string}\"},\"query-input\":{\"@type\":\"PropertyValueSpecification\",\"valueRequired\":true,\"valueName\":\"search_term_string\"}}],\"inLanguage\":\"nb-NO\"}]}<\/script>\n<!-- \/ Yoast SEO plugin. -->","yoast_head_json":{"title":"DrainCube IBC 1000 \u2013 Brukt tank for drenering og avl\u00f8psvann - IBC konteineri m&uuml;&uuml;k, vaadid, kraanid, mahutid","description":"DrainCube IBC 1000 er en brukt 1000-liters IBC-beholder (Intermediate Bulk Container) som tidligere har v\u00e6rt brukt til \u00e5 lagre olje eller harpiks.","robots":{"index":"index","follow":"follow","max-snippet":"max-snippet:-1","max-image-preview":"max-image-preview:large","max-video-preview":"max-video-preview:-1"},"canonical":"https:\/\/ibc.ee\/no\/produkt\/draincube-ibc-1000-brukt-tank-for-drenering-og-avlopsvann\/","og_locale":"nb_NO","og_type":"article","og_title":"DrainCube IBC 1000 \u2013 Brukt tank for drenering og avl\u00f8psvann - IBC konteineri m&uuml;&uuml;k, vaadid, kraanid, mahutid","og_description":"DrainCube IBC 1000 er en brukt 1000-liters IBC-beholder (Intermediate Bulk Container) som tidligere har v\u00e6rt brukt til \u00e5 lagre olje eller harpiks.","og_url":"https:\/\/ibc.ee\/no\/produkt\/draincube-ibc-1000-brukt-tank-for-drenering-og-avlopsvann\/","og_site_name":"IBC konteineri m&uuml;&uuml;k, vaadid, kraanid, mahutid","article_modified_time":"2025-07-09T10:09:44+00:00","og_image":[{"width":1000,"height":1000,"url":"https:\/\/ibc.ee\/wp-content\/uploads\/2025\/07\/DrainCube-IBC-1000-used-container-for-drainage-and-wastewater.jpg","type":"image\/jpeg"}],"twitter_card":"summary_large_image","twitter_misc":{"Ansl. lesetid":"1 minutt"},"schema":{"@context":"https:\/\/schema.org","@graph":[{"@type":"WebPage","@id":"https:\/\/ibc.ee\/no\/produkt\/draincube-ibc-1000-brukt-tank-for-drenering-og-avlopsvann\/","url":"https:\/\/ibc.ee\/no\/produkt\/draincube-ibc-1000-brukt-tank-for-drenering-og-avlopsvann\/","name":"DrainCube IBC 1000 \u2013 Brukt tank for drenering og avl\u00f8psvann - IBC konteineri m&uuml;&uuml;k, vaadid, kraanid, mahutid","isPartOf":{"@id":"https:\/\/www.ibc.ee\/no\/#website"},"primaryImageOfPage":{"@id":"https:\/\/ibc.ee\/no\/produkt\/draincube-ibc-1000-brukt-tank-for-drenering-og-avlopsvann\/#primaryimage"},"image":{"@id":"https:\/\/ibc.ee\/no\/produkt\/draincube-ibc-1000-brukt-tank-for-drenering-og-avlopsvann\/#primaryimage"},"thumbnailUrl":"https:\/\/ibc.ee\/wp-content\/uploads\/2025\/07\/DrainCube-IBC-1000-used-container-for-drainage-and-wastewater.jpg","datePublished":"2025-07-08T13:31:43+00:00","dateModified":"2025-07-09T10:09:44+00:00","description":"DrainCube IBC 1000 er en brukt 1000-liters IBC-beholder (Intermediate Bulk Container) som tidligere har v\u00e6rt brukt til \u00e5 lagre olje eller harpiks.","breadcrumb":{"@id":"https:\/\/ibc.ee\/no\/produkt\/draincube-ibc-1000-brukt-tank-for-drenering-og-avlopsvann\/#breadcrumb"},"inLanguage":"nb-NO","potentialAction":[{"@type":"ReadAction","target":["https:\/\/ibc.ee\/no\/produkt\/draincube-ibc-1000-brukt-tank-for-drenering-og-avlopsvann\/"]}]},{"@type":"ImageObject","inLanguage":"nb-NO","@id":"https:\/\/ibc.ee\/no\/produkt\/draincube-ibc-1000-brukt-tank-for-drenering-og-avlopsvann\/#primaryimage","url":"https:\/\/ibc.ee\/wp-content\/uploads\/2025\/07\/DrainCube-IBC-1000-used-container-for-drainage-and-wastewater.jpg","contentUrl":"https:\/\/ibc.ee\/wp-content\/uploads\/2025\/07\/DrainCube-IBC-1000-used-container-for-drainage-and-wastewater.jpg","width":1000,"height":1000,"caption":"DrainCube IBC 1000 \u2013 used container for drainage & wastewater"},{"@type":"BreadcrumbList","@id":"https:\/\/ibc.ee\/no\/produkt\/draincube-ibc-1000-brukt-tank-for-drenering-og-avlopsvann\/#breadcrumb","itemListElement":[{"@type":"ListItem","position":1,"name":"\u0413\u043b\u0430\u0432\u043d\u0430\u044f \u0441\u0442\u0440\u0430\u043d\u0438\u0446\u0430","item":"https:\/\/www.ibc.ee\/no\/"},{"@type":"ListItem","position":2,"name":"Butikk","item":"https:\/\/www.ibc.ee\/no\/butikk\/"},{"@type":"ListItem","position":3,"name":"DrainCube IBC 1000 \u2013 Brukt tank for drenering og avl\u00f8psvann"}]},{"@type":"WebSite","@id":"https:\/\/www.ibc.ee\/no\/#website","url":"https:\/\/www.ibc.ee\/no\/","name":"IBC konteineri m&uuml;&uuml;k, vaadid, kraanid, mahutid","description":"IBC - Tank container valve, Adapters\\fittings, Intermediate bulk, container, Drums\/cans","potentialAction":[{"@type":"SearchAction","target":{"@type":"EntryPoint","urlTemplate":"https:\/\/www.ibc.ee\/no\/?s={search_term_string}"},"query-input":{"@type":"PropertyValueSpecification","valueRequired":true,"valueName":"search_term_string"}}],"inLanguage":"nb-NO"}]}},"_links":{"self":[{"href":"https:\/\/ibc.ee\/no\/wp-json\/wp\/v2\/product\/24239","targetHints":{"allow":["GET"]}}],"collection":[{"href":"https:\/\/ibc.ee\/no\/wp-json\/wp\/v2\/product"}],"about":[{"href":"https:\/\/ibc.ee\/no\/wp-json\/wp\/v2\/types\/product"}],"wp:featuredmedia":[{"embeddable":true,"href":"https:\/\/ibc.ee\/no\/wp-json\/wp\/v2\/media\/24247"}],"wp:attachment":[{"href":"https:\/\/ibc.ee\/no\/wp-json\/wp\/v2\/media?parent=24239"}],"wp:term":[{"taxonomy":"product_brand","embeddable":true,"href":"https:\/\/ibc.ee\/no\/wp-json\/wp\/v2\/product_brand?post=24239"},{"taxonomy":"product_cat","embeddable":true,"href":"https:\/\/ibc.ee\/no\/wp-json\/wp\/v2\/product_cat?post=24239"},{"taxonomy":"product_tag","embeddable":true,"href":"https:\/\/ibc.ee\/no\/wp-json\/wp\/v2\/product_tag?post=24239"}],"curies":[{"name":"wp","href":"https:\/\/api.w.org\/{rel}","templated":true}]}}