{"id":24322,"date":"2025-07-10T15:25:03","date_gmt":"2025-07-10T13:40:09","guid":{"rendered":"https:\/\/ibc.ee\/product\/hdpe-flaske-500-ml-hvit-med-barnesikker-kork\/"},"modified":"2025-07-10T15:40:09","modified_gmt":"2025-07-10T13:40:09","slug":"hdpe-flaske-500-ml-hvit-med-barnesikker-kork","status":"publish","type":"product","link":"https:\/\/ibc.ee\/no\/produkt\/hdpe-flaske-500-ml-hvit-med-barnesikker-kork\/","title":{"rendered":"HDPE-flaske 500 ml hvit med barnesikker kork"},"content":{"rendered":"<p><strong>Typiske bruksomr\u00e5der:<\/strong><br \/>\n&#8211; Husholdningskjemikalier: rengj\u00f8ringsmidler, s\u00e5per, l\u00f8semidler<br \/>\n&#8211; Farmas\u00f8ytiske produkter: sirup, flytende medisiner (reseptfrie)<br \/>\n&#8211; Laboratoriebruk: pr\u00f8vetaking, dosering av kjemikalier<br \/>\n&#8211; Kosmetikk og personlig pleie: sjampo, lotion, gel<br \/>\n&#8211; Landbruk og hagebruk: plantegj\u00f8dsel, plantevernmidler<br \/>\n&#8211; DIY og hobby: maling, lim, blekk, tilsetninger<\/p>\n","protected":false},"excerpt":{"rendered":"<p>500 ml HDPE-flaske er en slitesterk, lett og kjemikaliebestandig beholder designet for trygg oppbevaring og dosering av ulike v\u00e6sker. Den er laget av h\u00f8ytetthetspolyetylen (HDPE), noe som gj\u00f8r den mattrygg, kjemisk inert og resirkulerbar. <\/p>\n<p>Flasken er utstyrt med en barnesikker kork, som gir et ekstra sikkerhetslag \u2013 spesielt nyttig n\u00e5r innholdet kan v\u00e6re farlig eller sensitivt.<\/p>\n","protected":false},"featured_media":24313,"template":"","meta":[],"product_brand":[],"product_cat":[440],"product_tag":[],"class_list":{"0":"post-24322","1":"product","2":"type-product","3":"status-publish","4":"has-post-thumbnail","6":"product_cat-trommer-og-bokser","7":"product_shipping_class-omniva-no","9":"first","10":"instock","11":"taxable","12":"shipping-taxable","13":"purchasable","14":"product-type-simple"},"yoast_head":"<!-- This site is optimized with the Yoast SEO plugin v26.9 - https:\/\/yoast.com\/product\/yoast-seo-wordpress\/ -->\n<title>HDPE-flaske 500 ml hvit med barnesikker kork - IBC konteineri m&uuml;&uuml;k, vaadid, kraanid, mahutid<\/title>\n<meta name=\"description\" content=\"500 ml HDPE-flaske er en slitesterk, lett og kjemikaliebestandig beholder designet for trygg oppbevaring og dosering av ulike v\u00e6sker.\" \/>\n<meta name=\"robots\" content=\"index, follow, max-snippet:-1, max-image-preview:large, max-video-preview:-1\" \/>\n<link rel=\"canonical\" href=\"https:\/\/ibc.ee\/no\/produkt\/hdpe-flaske-500-ml-hvit-med-barnesikker-kork\/\" \/>\n<meta property=\"og:locale\" content=\"nb_NO\" \/>\n<meta property=\"og:type\" content=\"article\" \/>\n<meta property=\"og:title\" content=\"HDPE-flaske 500 ml hvit med barnesikker kork - IBC konteineri m&uuml;&uuml;k, vaadid, kraanid, mahutid\" \/>\n<meta property=\"og:description\" content=\"500 ml HDPE-flaske er en slitesterk, lett og kjemikaliebestandig beholder designet for trygg oppbevaring og dosering av ulike v\u00e6sker.\" \/>\n<meta property=\"og:url\" content=\"https:\/\/ibc.ee\/no\/produkt\/hdpe-flaske-500-ml-hvit-med-barnesikker-kork\/\" \/>\n<meta property=\"og:site_name\" content=\"IBC konteineri m&uuml;&uuml;k, vaadid, kraanid, mahutid\" \/>\n<meta property=\"og:image\" content=\"https:\/\/ibc.ee\/wp-content\/uploads\/2025\/07\/HDPE-bottl-500ml.jpg\" \/>\n\t<meta property=\"og:image:width\" content=\"1000\" \/>\n\t<meta property=\"og:image:height\" content=\"1000\" \/>\n\t<meta property=\"og:image:type\" content=\"image\/jpeg\" \/>\n<meta name=\"twitter:card\" content=\"summary_large_image\" \/>\n<script type=\"application\/ld+json\" class=\"yoast-schema-graph\">{\"@context\":\"https:\/\/schema.org\",\"@graph\":[{\"@type\":\"WebPage\",\"@id\":\"https:\/\/ibc.ee\/no\/produkt\/hdpe-flaske-500-ml-hvit-med-barnesikker-kork\/\",\"url\":\"https:\/\/ibc.ee\/no\/produkt\/hdpe-flaske-500-ml-hvit-med-barnesikker-kork\/\",\"name\":\"HDPE-flaske 500 ml hvit med barnesikker kork - IBC konteineri m&uuml;&uuml;k, vaadid, kraanid, mahutid\",\"isPartOf\":{\"@id\":\"https:\/\/ibc.ee\/no\/#website\"},\"primaryImageOfPage\":{\"@id\":\"https:\/\/ibc.ee\/no\/produkt\/hdpe-flaske-500-ml-hvit-med-barnesikker-kork\/#primaryimage\"},\"image\":{\"@id\":\"https:\/\/ibc.ee\/no\/produkt\/hdpe-flaske-500-ml-hvit-med-barnesikker-kork\/#primaryimage\"},\"thumbnailUrl\":\"https:\/\/ibc.ee\/wp-content\/uploads\/2025\/07\/HDPE-bottl-500ml.jpg\",\"datePublished\":\"2025-07-10T13:40:09+00:00\",\"description\":\"500 ml HDPE-flaske er en slitesterk, lett og kjemikaliebestandig beholder designet for trygg oppbevaring og dosering av ulike v\u00e6sker.\",\"breadcrumb\":{\"@id\":\"https:\/\/ibc.ee\/no\/produkt\/hdpe-flaske-500-ml-hvit-med-barnesikker-kork\/#breadcrumb\"},\"inLanguage\":\"nb-NO\",\"potentialAction\":[{\"@type\":\"ReadAction\",\"target\":[\"https:\/\/ibc.ee\/no\/produkt\/hdpe-flaske-500-ml-hvit-med-barnesikker-kork\/\"]}]},{\"@type\":\"ImageObject\",\"inLanguage\":\"nb-NO\",\"@id\":\"https:\/\/ibc.ee\/no\/produkt\/hdpe-flaske-500-ml-hvit-med-barnesikker-kork\/#primaryimage\",\"url\":\"https:\/\/ibc.ee\/wp-content\/uploads\/2025\/07\/HDPE-bottl-500ml.jpg\",\"contentUrl\":\"https:\/\/ibc.ee\/wp-content\/uploads\/2025\/07\/HDPE-bottl-500ml.jpg\",\"width\":1000,\"height\":1000,\"caption\":\"HDPE Bottle 500ml \u2013 with Child-Resistant Cap\"},{\"@type\":\"BreadcrumbList\",\"@id\":\"https:\/\/ibc.ee\/no\/produkt\/hdpe-flaske-500-ml-hvit-med-barnesikker-kork\/#breadcrumb\",\"itemListElement\":[{\"@type\":\"ListItem\",\"position\":1,\"name\":\"\u0413\u043b\u0430\u0432\u043d\u0430\u044f \u0441\u0442\u0440\u0430\u043d\u0438\u0446\u0430\",\"item\":\"https:\/\/ibc.ee\/no\/\"},{\"@type\":\"ListItem\",\"position\":2,\"name\":\"Butikk\",\"item\":\"https:\/\/ibc.ee\/no\/butikk\/\"},{\"@type\":\"ListItem\",\"position\":3,\"name\":\"HDPE-flaske 500 ml hvit med barnesikker kork\"}]},{\"@type\":\"WebSite\",\"@id\":\"https:\/\/ibc.ee\/no\/#website\",\"url\":\"https:\/\/ibc.ee\/no\/\",\"name\":\"IBC konteineri m&uuml;&uuml;k, vaadid, kraanid, mahutid\",\"description\":\"IBC - Tank container valve, Adapters\\\\fittings, Intermediate bulk, container, Drums\/cans\",\"potentialAction\":[{\"@type\":\"SearchAction\",\"target\":{\"@type\":\"EntryPoint\",\"urlTemplate\":\"https:\/\/ibc.ee\/no\/?s={search_term_string}\"},\"query-input\":{\"@type\":\"PropertyValueSpecification\",\"valueRequired\":true,\"valueName\":\"search_term_string\"}}],\"inLanguage\":\"nb-NO\"}]}<\/script>\n<!-- \/ Yoast SEO plugin. -->","yoast_head_json":{"title":"HDPE-flaske 500 ml hvit med barnesikker kork - IBC konteineri m&uuml;&uuml;k, vaadid, kraanid, mahutid","description":"500 ml HDPE-flaske er en slitesterk, lett og kjemikaliebestandig beholder designet for trygg oppbevaring og dosering av ulike v\u00e6sker.","robots":{"index":"index","follow":"follow","max-snippet":"max-snippet:-1","max-image-preview":"max-image-preview:large","max-video-preview":"max-video-preview:-1"},"canonical":"https:\/\/ibc.ee\/no\/produkt\/hdpe-flaske-500-ml-hvit-med-barnesikker-kork\/","og_locale":"nb_NO","og_type":"article","og_title":"HDPE-flaske 500 ml hvit med barnesikker kork - IBC konteineri m&uuml;&uuml;k, vaadid, kraanid, mahutid","og_description":"500 ml HDPE-flaske er en slitesterk, lett og kjemikaliebestandig beholder designet for trygg oppbevaring og dosering av ulike v\u00e6sker.","og_url":"https:\/\/ibc.ee\/no\/produkt\/hdpe-flaske-500-ml-hvit-med-barnesikker-kork\/","og_site_name":"IBC konteineri m&uuml;&uuml;k, vaadid, kraanid, mahutid","og_image":[{"width":1000,"height":1000,"url":"https:\/\/ibc.ee\/wp-content\/uploads\/2025\/07\/HDPE-bottl-500ml.jpg","type":"image\/jpeg"}],"twitter_card":"summary_large_image","schema":{"@context":"https:\/\/schema.org","@graph":[{"@type":"WebPage","@id":"https:\/\/ibc.ee\/no\/produkt\/hdpe-flaske-500-ml-hvit-med-barnesikker-kork\/","url":"https:\/\/ibc.ee\/no\/produkt\/hdpe-flaske-500-ml-hvit-med-barnesikker-kork\/","name":"HDPE-flaske 500 ml hvit med barnesikker kork - IBC konteineri m&uuml;&uuml;k, vaadid, kraanid, mahutid","isPartOf":{"@id":"https:\/\/ibc.ee\/no\/#website"},"primaryImageOfPage":{"@id":"https:\/\/ibc.ee\/no\/produkt\/hdpe-flaske-500-ml-hvit-med-barnesikker-kork\/#primaryimage"},"image":{"@id":"https:\/\/ibc.ee\/no\/produkt\/hdpe-flaske-500-ml-hvit-med-barnesikker-kork\/#primaryimage"},"thumbnailUrl":"https:\/\/ibc.ee\/wp-content\/uploads\/2025\/07\/HDPE-bottl-500ml.jpg","datePublished":"2025-07-10T13:40:09+00:00","description":"500 ml HDPE-flaske er en slitesterk, lett og kjemikaliebestandig beholder designet for trygg oppbevaring og dosering av ulike v\u00e6sker.","breadcrumb":{"@id":"https:\/\/ibc.ee\/no\/produkt\/hdpe-flaske-500-ml-hvit-med-barnesikker-kork\/#breadcrumb"},"inLanguage":"nb-NO","potentialAction":[{"@type":"ReadAction","target":["https:\/\/ibc.ee\/no\/produkt\/hdpe-flaske-500-ml-hvit-med-barnesikker-kork\/"]}]},{"@type":"ImageObject","inLanguage":"nb-NO","@id":"https:\/\/ibc.ee\/no\/produkt\/hdpe-flaske-500-ml-hvit-med-barnesikker-kork\/#primaryimage","url":"https:\/\/ibc.ee\/wp-content\/uploads\/2025\/07\/HDPE-bottl-500ml.jpg","contentUrl":"https:\/\/ibc.ee\/wp-content\/uploads\/2025\/07\/HDPE-bottl-500ml.jpg","width":1000,"height":1000,"caption":"HDPE Bottle 500ml \u2013 with Child-Resistant Cap"},{"@type":"BreadcrumbList","@id":"https:\/\/ibc.ee\/no\/produkt\/hdpe-flaske-500-ml-hvit-med-barnesikker-kork\/#breadcrumb","itemListElement":[{"@type":"ListItem","position":1,"name":"\u0413\u043b\u0430\u0432\u043d\u0430\u044f \u0441\u0442\u0440\u0430\u043d\u0438\u0446\u0430","item":"https:\/\/ibc.ee\/no\/"},{"@type":"ListItem","position":2,"name":"Butikk","item":"https:\/\/ibc.ee\/no\/butikk\/"},{"@type":"ListItem","position":3,"name":"HDPE-flaske 500 ml hvit med barnesikker kork"}]},{"@type":"WebSite","@id":"https:\/\/ibc.ee\/no\/#website","url":"https:\/\/ibc.ee\/no\/","name":"IBC konteineri m&uuml;&uuml;k, vaadid, kraanid, mahutid","description":"IBC - Tank container valve, Adapters\\fittings, Intermediate bulk, container, Drums\/cans","potentialAction":[{"@type":"SearchAction","target":{"@type":"EntryPoint","urlTemplate":"https:\/\/ibc.ee\/no\/?s={search_term_string}"},"query-input":{"@type":"PropertyValueSpecification","valueRequired":true,"valueName":"search_term_string"}}],"inLanguage":"nb-NO"}]}},"_links":{"self":[{"href":"https:\/\/ibc.ee\/no\/wp-json\/wp\/v2\/product\/24322","targetHints":{"allow":["GET"]}}],"collection":[{"href":"https:\/\/ibc.ee\/no\/wp-json\/wp\/v2\/product"}],"about":[{"href":"https:\/\/ibc.ee\/no\/wp-json\/wp\/v2\/types\/product"}],"wp:featuredmedia":[{"embeddable":true,"href":"https:\/\/ibc.ee\/no\/wp-json\/wp\/v2\/media\/24313"}],"wp:attachment":[{"href":"https:\/\/ibc.ee\/no\/wp-json\/wp\/v2\/media?parent=24322"}],"wp:term":[{"taxonomy":"product_brand","embeddable":true,"href":"https:\/\/ibc.ee\/no\/wp-json\/wp\/v2\/product_brand?post=24322"},{"taxonomy":"product_cat","embeddable":true,"href":"https:\/\/ibc.ee\/no\/wp-json\/wp\/v2\/product_cat?post=24322"},{"taxonomy":"product_tag","embeddable":true,"href":"https:\/\/ibc.ee\/no\/wp-json\/wp\/v2\/product_tag?post=24322"}],"curies":[{"name":"wp","href":"https:\/\/api.w.org\/{rel}","templated":true}]}}