{"id":24368,"date":"2025-07-11T08:14:31","date_gmt":"2025-07-11T08:12:06","guid":{"rendered":"https:\/\/ibc.ee\/product\/stalboks-500-ml-un-1a1-x-klassifisert-for-farlige-vaesker\/"},"modified":"2025-07-11T10:12:06","modified_gmt":"2025-07-11T08:12:06","slug":"stalboks-500-ml-un-1a1-x-klassifisert-for-farlige-vaesker","status":"publish","type":"product","link":"https:\/\/ibc.ee\/no\/produkt\/stalboks-500-ml-un-1a1-x-klassifisert-for-farlige-vaesker\/","title":{"rendered":"St\u00e5lboks 500 ml \u2013 UN 1A1 X-klassifisert for farlige v\u00e6sker"},"content":{"rendered":"<p><strong>Viktige spesifikasjoner:<\/strong><br \/>\n&#8211; Type: 1A1 \u2013 St\u00e5lkanner med fast (ikke-avtakbart) lokk<br \/>\n&#8211; Volum: 500ml<br \/>\n&#8211; UN-klassifisering: X \u2013 Godkjent for emballasjegruppe I, II og III<br \/>\n&#8211; Maks tetthet p\u00e5 innhold: opptil 250 kg\/m\u00b3<br \/>\n&#8211; Produksjons\u00e5r: 2020<br \/>\n&#8211; Sertifiseringsland: Tyskland (A)<br \/>\n&#8211; Lukking: Skrulokk med mulighet for forsegling<br \/>\n&#8211; Materiale: Slitesterkt galvanisert eller lakkert st\u00e5l<\/p>\n<p><strong>Typiske bruksomr\u00e5der:<\/strong><br \/>\n&#8211; Kjemisk industri: syrer, baser, l\u00f8semidler, inhibitorer<br \/>\n&#8211; Petrokjemi: oljer, drivstoff, tilsetningsstoffer, avfettingsmidler<br \/>\n&#8211; Laboratorier og farmasi: reagenser, kjemiske konsentrater<br \/>\n&#8211; Produksjon og industri: maling, lim, belegg, prosessv\u00e6sker<br \/>\n&#8211; Transport og eksport: godkjent emballasje for vei, sj\u00f8 og luft<br \/>\n&#8211; Forsvar og romfart: spesialv\u00e6sker og regulerte stoffer<\/p>\n<p><strong>Viktig informasjon:<\/strong><br \/>\n&#8211; Fullt i samsvar med ADR \/ RID \/ IMDG \/ ICAO \/ IATA<br \/>\n&#8211; Ikke egnet for mat eller drikkevann<br \/>\n&#8211; Utviklet for sikker h\u00e5ndtering av h\u00f8y-risiko v\u00e6sker<br \/>\n&#8211; Testet for trykkmotstand, tetthet, fall og stabling<\/p>\n","protected":false},"excerpt":{"rendered":"<p>Denne 500ml tette st\u00e5lkannen er UN-sertifisert for trygg transport og lagring av farlige v\u00e6sker, inkludert stoffer i emballasjekategori I (h\u00f8yeste fareklasse). Den er produsert i henhold til UN\/1A1\/X\/250-standarden og oppfyller internasjonale krav til sikkerhet, holdbarhet og forskriftsoverholdelse. <\/p>\n","protected":false},"featured_media":24350,"template":"","meta":[],"product_brand":[],"product_cat":[440],"product_tag":[],"class_list":{"0":"post-24368","1":"product","2":"type-product","3":"status-publish","4":"has-post-thumbnail","6":"product_cat-trommer-og-bokser","7":"product_shipping_class-omniva-no","9":"first","10":"instock","11":"taxable","12":"shipping-taxable","13":"product-type-simple"},"yoast_head":"<!-- This site is optimized with the Yoast SEO plugin v26.9 - https:\/\/yoast.com\/product\/yoast-seo-wordpress\/ -->\n<title>St\u00e5lboks 500 ml \u2013 UN 1A1 X-klassifisert for farlige v\u00e6sker - IBC konteineri m&uuml;&uuml;k, vaadid, kraanid, mahutid<\/title>\n<meta name=\"description\" content=\"Denne 500ml tette st\u00e5lkannen er UN-sertifisert for trygg transport og lagring av farlige v\u00e6sker, inkludert stoffer i emballasjekategori I (h\u00f8yeste fareklasse).\" \/>\n<meta name=\"robots\" content=\"index, follow, max-snippet:-1, max-image-preview:large, max-video-preview:-1\" \/>\n<link rel=\"canonical\" href=\"https:\/\/ibc.ee\/no\/produkt\/stalboks-500-ml-un-1a1-x-klassifisert-for-farlige-vaesker\/\" \/>\n<meta property=\"og:locale\" content=\"nb_NO\" \/>\n<meta property=\"og:type\" content=\"article\" \/>\n<meta property=\"og:title\" content=\"St\u00e5lboks 500 ml \u2013 UN 1A1 X-klassifisert for farlige v\u00e6sker - IBC konteineri m&uuml;&uuml;k, vaadid, kraanid, mahutid\" \/>\n<meta property=\"og:description\" content=\"Denne 500ml tette st\u00e5lkannen er UN-sertifisert for trygg transport og lagring av farlige v\u00e6sker, inkludert stoffer i emballasjekategori I (h\u00f8yeste fareklasse).\" \/>\n<meta property=\"og:url\" content=\"https:\/\/ibc.ee\/no\/produkt\/stalboks-500-ml-un-1a1-x-klassifisert-for-farlige-vaesker\/\" \/>\n<meta property=\"og:site_name\" content=\"IBC konteineri m&uuml;&uuml;k, vaadid, kraanid, mahutid\" \/>\n<meta property=\"og:image\" content=\"https:\/\/ibc.ee\/wp-content\/uploads\/2025\/07\/Steel-Can-500ML-UN-1A1-X-Rated-for-Hazardous-Liquids.jpg\" \/>\n\t<meta property=\"og:image:width\" content=\"1000\" \/>\n\t<meta property=\"og:image:height\" content=\"1000\" \/>\n\t<meta property=\"og:image:type\" content=\"image\/jpeg\" \/>\n<meta name=\"twitter:card\" content=\"summary_large_image\" \/>\n<meta name=\"twitter:label1\" content=\"Ansl. lesetid\" \/>\n\t<meta name=\"twitter:data1\" content=\"1 minutt\" \/>\n<script type=\"application\/ld+json\" class=\"yoast-schema-graph\">{\"@context\":\"https:\/\/schema.org\",\"@graph\":[{\"@type\":\"WebPage\",\"@id\":\"https:\/\/ibc.ee\/no\/produkt\/stalboks-500-ml-un-1a1-x-klassifisert-for-farlige-vaesker\/\",\"url\":\"https:\/\/ibc.ee\/no\/produkt\/stalboks-500-ml-un-1a1-x-klassifisert-for-farlige-vaesker\/\",\"name\":\"St\u00e5lboks 500 ml \u2013 UN 1A1 X-klassifisert for farlige v\u00e6sker - IBC konteineri m&uuml;&uuml;k, vaadid, kraanid, mahutid\",\"isPartOf\":{\"@id\":\"https:\/\/www.ibc.ee\/no\/#website\"},\"primaryImageOfPage\":{\"@id\":\"https:\/\/ibc.ee\/no\/produkt\/stalboks-500-ml-un-1a1-x-klassifisert-for-farlige-vaesker\/#primaryimage\"},\"image\":{\"@id\":\"https:\/\/ibc.ee\/no\/produkt\/stalboks-500-ml-un-1a1-x-klassifisert-for-farlige-vaesker\/#primaryimage\"},\"thumbnailUrl\":\"https:\/\/ibc.ee\/wp-content\/uploads\/2025\/07\/Steel-Can-500ML-UN-1A1-X-Rated-for-Hazardous-Liquids.jpg\",\"datePublished\":\"2025-07-11T08:12:06+00:00\",\"description\":\"Denne 500ml tette st\u00e5lkannen er UN-sertifisert for trygg transport og lagring av farlige v\u00e6sker, inkludert stoffer i emballasjekategori I (h\u00f8yeste fareklasse).\",\"breadcrumb\":{\"@id\":\"https:\/\/ibc.ee\/no\/produkt\/stalboks-500-ml-un-1a1-x-klassifisert-for-farlige-vaesker\/#breadcrumb\"},\"inLanguage\":\"nb-NO\",\"potentialAction\":[{\"@type\":\"ReadAction\",\"target\":[\"https:\/\/ibc.ee\/no\/produkt\/stalboks-500-ml-un-1a1-x-klassifisert-for-farlige-vaesker\/\"]}]},{\"@type\":\"ImageObject\",\"inLanguage\":\"nb-NO\",\"@id\":\"https:\/\/ibc.ee\/no\/produkt\/stalboks-500-ml-un-1a1-x-klassifisert-for-farlige-vaesker\/#primaryimage\",\"url\":\"https:\/\/ibc.ee\/wp-content\/uploads\/2025\/07\/Steel-Can-500ML-UN-1A1-X-Rated-for-Hazardous-Liquids.jpg\",\"contentUrl\":\"https:\/\/ibc.ee\/wp-content\/uploads\/2025\/07\/Steel-Can-500ML-UN-1A1-X-Rated-for-Hazardous-Liquids.jpg\",\"width\":1000,\"height\":1000,\"caption\":\"Steel Can 500ML \u2013 UN 1A1 X-Rated for Hazardous Liquids\"},{\"@type\":\"BreadcrumbList\",\"@id\":\"https:\/\/ibc.ee\/no\/produkt\/stalboks-500-ml-un-1a1-x-klassifisert-for-farlige-vaesker\/#breadcrumb\",\"itemListElement\":[{\"@type\":\"ListItem\",\"position\":1,\"name\":\"\u0413\u043b\u0430\u0432\u043d\u0430\u044f \u0441\u0442\u0440\u0430\u043d\u0438\u0446\u0430\",\"item\":\"https:\/\/www.ibc.ee\/no\/\"},{\"@type\":\"ListItem\",\"position\":2,\"name\":\"Butikk\",\"item\":\"https:\/\/www.ibc.ee\/no\/butikk\/\"},{\"@type\":\"ListItem\",\"position\":3,\"name\":\"St\u00e5lboks 500 ml \u2013 UN 1A1 X-klassifisert for farlige v\u00e6sker\"}]},{\"@type\":\"WebSite\",\"@id\":\"https:\/\/www.ibc.ee\/no\/#website\",\"url\":\"https:\/\/www.ibc.ee\/no\/\",\"name\":\"IBC konteineri m&uuml;&uuml;k, vaadid, kraanid, mahutid\",\"description\":\"IBC - Tank container valve, Adapters\\\\fittings, Intermediate bulk, container, Drums\/cans\",\"potentialAction\":[{\"@type\":\"SearchAction\",\"target\":{\"@type\":\"EntryPoint\",\"urlTemplate\":\"https:\/\/www.ibc.ee\/no\/?s={search_term_string}\"},\"query-input\":{\"@type\":\"PropertyValueSpecification\",\"valueRequired\":true,\"valueName\":\"search_term_string\"}}],\"inLanguage\":\"nb-NO\"}]}<\/script>\n<!-- \/ Yoast SEO plugin. -->","yoast_head_json":{"title":"St\u00e5lboks 500 ml \u2013 UN 1A1 X-klassifisert for farlige v\u00e6sker - IBC konteineri m&uuml;&uuml;k, vaadid, kraanid, mahutid","description":"Denne 500ml tette st\u00e5lkannen er UN-sertifisert for trygg transport og lagring av farlige v\u00e6sker, inkludert stoffer i emballasjekategori I (h\u00f8yeste fareklasse).","robots":{"index":"index","follow":"follow","max-snippet":"max-snippet:-1","max-image-preview":"max-image-preview:large","max-video-preview":"max-video-preview:-1"},"canonical":"https:\/\/ibc.ee\/no\/produkt\/stalboks-500-ml-un-1a1-x-klassifisert-for-farlige-vaesker\/","og_locale":"nb_NO","og_type":"article","og_title":"St\u00e5lboks 500 ml \u2013 UN 1A1 X-klassifisert for farlige v\u00e6sker - IBC konteineri m&uuml;&uuml;k, vaadid, kraanid, mahutid","og_description":"Denne 500ml tette st\u00e5lkannen er UN-sertifisert for trygg transport og lagring av farlige v\u00e6sker, inkludert stoffer i emballasjekategori I (h\u00f8yeste fareklasse).","og_url":"https:\/\/ibc.ee\/no\/produkt\/stalboks-500-ml-un-1a1-x-klassifisert-for-farlige-vaesker\/","og_site_name":"IBC konteineri m&uuml;&uuml;k, vaadid, kraanid, mahutid","og_image":[{"width":1000,"height":1000,"url":"https:\/\/ibc.ee\/wp-content\/uploads\/2025\/07\/Steel-Can-500ML-UN-1A1-X-Rated-for-Hazardous-Liquids.jpg","type":"image\/jpeg"}],"twitter_card":"summary_large_image","twitter_misc":{"Ansl. lesetid":"1 minutt"},"schema":{"@context":"https:\/\/schema.org","@graph":[{"@type":"WebPage","@id":"https:\/\/ibc.ee\/no\/produkt\/stalboks-500-ml-un-1a1-x-klassifisert-for-farlige-vaesker\/","url":"https:\/\/ibc.ee\/no\/produkt\/stalboks-500-ml-un-1a1-x-klassifisert-for-farlige-vaesker\/","name":"St\u00e5lboks 500 ml \u2013 UN 1A1 X-klassifisert for farlige v\u00e6sker - IBC konteineri m&uuml;&uuml;k, vaadid, kraanid, mahutid","isPartOf":{"@id":"https:\/\/www.ibc.ee\/no\/#website"},"primaryImageOfPage":{"@id":"https:\/\/ibc.ee\/no\/produkt\/stalboks-500-ml-un-1a1-x-klassifisert-for-farlige-vaesker\/#primaryimage"},"image":{"@id":"https:\/\/ibc.ee\/no\/produkt\/stalboks-500-ml-un-1a1-x-klassifisert-for-farlige-vaesker\/#primaryimage"},"thumbnailUrl":"https:\/\/ibc.ee\/wp-content\/uploads\/2025\/07\/Steel-Can-500ML-UN-1A1-X-Rated-for-Hazardous-Liquids.jpg","datePublished":"2025-07-11T08:12:06+00:00","description":"Denne 500ml tette st\u00e5lkannen er UN-sertifisert for trygg transport og lagring av farlige v\u00e6sker, inkludert stoffer i emballasjekategori I (h\u00f8yeste fareklasse).","breadcrumb":{"@id":"https:\/\/ibc.ee\/no\/produkt\/stalboks-500-ml-un-1a1-x-klassifisert-for-farlige-vaesker\/#breadcrumb"},"inLanguage":"nb-NO","potentialAction":[{"@type":"ReadAction","target":["https:\/\/ibc.ee\/no\/produkt\/stalboks-500-ml-un-1a1-x-klassifisert-for-farlige-vaesker\/"]}]},{"@type":"ImageObject","inLanguage":"nb-NO","@id":"https:\/\/ibc.ee\/no\/produkt\/stalboks-500-ml-un-1a1-x-klassifisert-for-farlige-vaesker\/#primaryimage","url":"https:\/\/ibc.ee\/wp-content\/uploads\/2025\/07\/Steel-Can-500ML-UN-1A1-X-Rated-for-Hazardous-Liquids.jpg","contentUrl":"https:\/\/ibc.ee\/wp-content\/uploads\/2025\/07\/Steel-Can-500ML-UN-1A1-X-Rated-for-Hazardous-Liquids.jpg","width":1000,"height":1000,"caption":"Steel Can 500ML \u2013 UN 1A1 X-Rated for Hazardous Liquids"},{"@type":"BreadcrumbList","@id":"https:\/\/ibc.ee\/no\/produkt\/stalboks-500-ml-un-1a1-x-klassifisert-for-farlige-vaesker\/#breadcrumb","itemListElement":[{"@type":"ListItem","position":1,"name":"\u0413\u043b\u0430\u0432\u043d\u0430\u044f \u0441\u0442\u0440\u0430\u043d\u0438\u0446\u0430","item":"https:\/\/www.ibc.ee\/no\/"},{"@type":"ListItem","position":2,"name":"Butikk","item":"https:\/\/www.ibc.ee\/no\/butikk\/"},{"@type":"ListItem","position":3,"name":"St\u00e5lboks 500 ml \u2013 UN 1A1 X-klassifisert for farlige v\u00e6sker"}]},{"@type":"WebSite","@id":"https:\/\/www.ibc.ee\/no\/#website","url":"https:\/\/www.ibc.ee\/no\/","name":"IBC konteineri m&uuml;&uuml;k, vaadid, kraanid, mahutid","description":"IBC - Tank container valve, Adapters\\fittings, Intermediate bulk, container, Drums\/cans","potentialAction":[{"@type":"SearchAction","target":{"@type":"EntryPoint","urlTemplate":"https:\/\/www.ibc.ee\/no\/?s={search_term_string}"},"query-input":{"@type":"PropertyValueSpecification","valueRequired":true,"valueName":"search_term_string"}}],"inLanguage":"nb-NO"}]}},"_links":{"self":[{"href":"https:\/\/ibc.ee\/no\/wp-json\/wp\/v2\/product\/24368","targetHints":{"allow":["GET"]}}],"collection":[{"href":"https:\/\/ibc.ee\/no\/wp-json\/wp\/v2\/product"}],"about":[{"href":"https:\/\/ibc.ee\/no\/wp-json\/wp\/v2\/types\/product"}],"wp:featuredmedia":[{"embeddable":true,"href":"https:\/\/ibc.ee\/no\/wp-json\/wp\/v2\/media\/24350"}],"wp:attachment":[{"href":"https:\/\/ibc.ee\/no\/wp-json\/wp\/v2\/media?parent=24368"}],"wp:term":[{"taxonomy":"product_brand","embeddable":true,"href":"https:\/\/ibc.ee\/no\/wp-json\/wp\/v2\/product_brand?post=24368"},{"taxonomy":"product_cat","embeddable":true,"href":"https:\/\/ibc.ee\/no\/wp-json\/wp\/v2\/product_cat?post=24368"},{"taxonomy":"product_tag","embeddable":true,"href":"https:\/\/ibc.ee\/no\/wp-json\/wp\/v2\/product_tag?post=24368"}],"curies":[{"name":"wp","href":"https:\/\/api.w.org\/{rel}","templated":true}]}}