{"id":24435,"date":"2025-07-15T08:36:31","date_gmt":"2025-07-15T07:03:24","guid":{"rendered":"https:\/\/ibc.ee\/product\/10l-hdpe-plastkanne-med-skrukork-og-helletut\/"},"modified":"2025-07-15T09:03:24","modified_gmt":"2025-07-15T07:03:24","slug":"10l-hdpe-plastkanne-med-skrukork-og-helletut","status":"publish","type":"product","link":"https:\/\/ibc.ee\/no\/produkt\/10l-hdpe-plastkanne-med-skrukork-og-helletut\/","title":{"rendered":"10L HDPE plastkanne med skrukork og helletut"},"content":{"rendered":"<p><strong>Spesifikasjoner:<\/strong><br \/>\n&#8211; Volum: 10 liter<br \/>\n&#8211; Halsdiameter: 40 mm<br \/>\n&#8211; M\u00e5l: H\u00f8yde 300 mm \u00d7 Bredde 150 mm \u00d7 Lengde 280 mm<br \/>\n&#8211; Materiale: HDPE (h\u00f8ytetthets polyetylen)<br \/>\n&#8211; Farge: Hvit eller halvtransparent (kan variere)<br \/>\n&#8211; Inkludert: Skrubar helletut \/ forlengelse<\/p>\n<p><strong>Typiske bruksomr\u00e5der:<\/strong><br \/>\n&#8211; Kjemikalier: rengj\u00f8ringsmidler, ikke-korrosive industriv\u00e6sker<br \/>\n&#8211; Bilpleie: frostv\u00e6ske, vindusspylerv\u00e6ske, sm\u00f8remidler<br \/>\n&#8211; Landbruk: flytende gj\u00f8dsel, plantevernmidler, vanningsl\u00f8sninger<br \/>\n&#8211; Camping &amp; utend\u00f8rs: gr\u00e5vann, teknisk vann<br \/>\n&#8211; Hjem og gj\u00f8r-det-selv: maling, lim, vann til h\u00f8ytrykksspyler<br \/>\n&#8211; Bygg og anlegg: tilsetningsstoffer, grunning, tetningsmidler<\/p>\n","protected":false},"excerpt":{"rendered":"<p>Denne 10-liters plastkannen er designet for enkel og kontrollert helling av v\u00e6sker. Den har en 40 mm hals\u00e5pning og en skrubar helletut, som gj\u00f8r det mulig \u00e5 helle uten s\u00f8l. Laget av HDPE (h\u00f8y tetthet polyetylen), er den kjemikaliebestandig og robust \u2013 ideell for bruk i industri, landbruk og husholdning. <\/p>\n","protected":false},"featured_media":24426,"template":"","meta":[],"product_brand":[],"product_cat":[440],"product_tag":[],"class_list":{"0":"post-24435","1":"product","2":"type-product","3":"status-publish","4":"has-post-thumbnail","6":"product_cat-trommer-og-bokser","7":"product_shipping_class-omniva-no","9":"first","10":"instock","11":"taxable","12":"shipping-taxable","13":"product-type-simple"},"yoast_head":"<!-- This site is optimized with the Yoast SEO plugin v26.9 - https:\/\/yoast.com\/product\/yoast-seo-wordpress\/ -->\n<title>10L HDPE plastkanne med skrukork og helletut - IBC konteineri m&uuml;&uuml;k, vaadid, kraanid, mahutid<\/title>\n<meta name=\"description\" content=\"Denne 10-liters plastkannen er designet for enkel og kontrollert helling av v\u00e6sker.\" \/>\n<meta name=\"robots\" content=\"index, follow, max-snippet:-1, max-image-preview:large, max-video-preview:-1\" \/>\n<link rel=\"canonical\" href=\"https:\/\/ibc.ee\/no\/produkt\/10l-hdpe-plastkanne-med-skrukork-og-helletut\/\" \/>\n<meta property=\"og:locale\" content=\"nb_NO\" \/>\n<meta property=\"og:type\" content=\"article\" \/>\n<meta property=\"og:title\" content=\"10L HDPE plastkanne med skrukork og helletut - IBC konteineri m&uuml;&uuml;k, vaadid, kraanid, mahutid\" \/>\n<meta property=\"og:description\" content=\"Denne 10-liters plastkannen er designet for enkel og kontrollert helling av v\u00e6sker.\" \/>\n<meta property=\"og:url\" content=\"https:\/\/ibc.ee\/no\/produkt\/10l-hdpe-plastkanne-med-skrukork-og-helletut\/\" \/>\n<meta property=\"og:site_name\" content=\"IBC konteineri m&uuml;&uuml;k, vaadid, kraanid, mahutid\" \/>\n<meta property=\"og:image\" content=\"https:\/\/ibc.ee\/wp-content\/uploads\/2025\/07\/10L-HDPE-plastkanister-keeratava-valamisavaga.jpg\" \/>\n\t<meta property=\"og:image:width\" content=\"1000\" \/>\n\t<meta property=\"og:image:height\" content=\"1000\" \/>\n\t<meta property=\"og:image:type\" content=\"image\/jpeg\" \/>\n<meta name=\"twitter:card\" content=\"summary_large_image\" \/>\n<script type=\"application\/ld+json\" class=\"yoast-schema-graph\">{\"@context\":\"https:\/\/schema.org\",\"@graph\":[{\"@type\":\"WebPage\",\"@id\":\"https:\/\/ibc.ee\/no\/produkt\/10l-hdpe-plastkanne-med-skrukork-og-helletut\/\",\"url\":\"https:\/\/ibc.ee\/no\/produkt\/10l-hdpe-plastkanne-med-skrukork-og-helletut\/\",\"name\":\"10L HDPE plastkanne med skrukork og helletut - IBC konteineri m&uuml;&uuml;k, vaadid, kraanid, mahutid\",\"isPartOf\":{\"@id\":\"https:\/\/www.ibc.ee\/no\/#website\"},\"primaryImageOfPage\":{\"@id\":\"https:\/\/ibc.ee\/no\/produkt\/10l-hdpe-plastkanne-med-skrukork-og-helletut\/#primaryimage\"},\"image\":{\"@id\":\"https:\/\/ibc.ee\/no\/produkt\/10l-hdpe-plastkanne-med-skrukork-og-helletut\/#primaryimage\"},\"thumbnailUrl\":\"https:\/\/ibc.ee\/wp-content\/uploads\/2025\/07\/10L-HDPE-plastkanister-keeratava-valamisavaga.jpg\",\"datePublished\":\"2025-07-15T07:03:24+00:00\",\"description\":\"Denne 10-liters plastkannen er designet for enkel og kontrollert helling av v\u00e6sker.\",\"breadcrumb\":{\"@id\":\"https:\/\/ibc.ee\/no\/produkt\/10l-hdpe-plastkanne-med-skrukork-og-helletut\/#breadcrumb\"},\"inLanguage\":\"nb-NO\",\"potentialAction\":[{\"@type\":\"ReadAction\",\"target\":[\"https:\/\/ibc.ee\/no\/produkt\/10l-hdpe-plastkanne-med-skrukork-og-helletut\/\"]}]},{\"@type\":\"ImageObject\",\"inLanguage\":\"nb-NO\",\"@id\":\"https:\/\/ibc.ee\/no\/produkt\/10l-hdpe-plastkanne-med-skrukork-og-helletut\/#primaryimage\",\"url\":\"https:\/\/ibc.ee\/wp-content\/uploads\/2025\/07\/10L-HDPE-plastkanister-keeratava-valamisavaga.jpg\",\"contentUrl\":\"https:\/\/ibc.ee\/wp-content\/uploads\/2025\/07\/10L-HDPE-plastkanister-keeratava-valamisavaga.jpg\",\"width\":1000,\"height\":1000,\"caption\":\"10L HDPE Plastic Jerry Can with Screw-On Pour Spout\"},{\"@type\":\"BreadcrumbList\",\"@id\":\"https:\/\/ibc.ee\/no\/produkt\/10l-hdpe-plastkanne-med-skrukork-og-helletut\/#breadcrumb\",\"itemListElement\":[{\"@type\":\"ListItem\",\"position\":1,\"name\":\"\u0413\u043b\u0430\u0432\u043d\u0430\u044f \u0441\u0442\u0440\u0430\u043d\u0438\u0446\u0430\",\"item\":\"https:\/\/www.ibc.ee\/no\/\"},{\"@type\":\"ListItem\",\"position\":2,\"name\":\"Butikk\",\"item\":\"https:\/\/www.ibc.ee\/no\/butikk\/\"},{\"@type\":\"ListItem\",\"position\":3,\"name\":\"10L HDPE plastkanne med skrukork og helletut\"}]},{\"@type\":\"WebSite\",\"@id\":\"https:\/\/www.ibc.ee\/no\/#website\",\"url\":\"https:\/\/www.ibc.ee\/no\/\",\"name\":\"IBC konteineri m&uuml;&uuml;k, vaadid, kraanid, mahutid\",\"description\":\"IBC - Tank container valve, Adapters\\\\fittings, Intermediate bulk, container, Drums\/cans\",\"potentialAction\":[{\"@type\":\"SearchAction\",\"target\":{\"@type\":\"EntryPoint\",\"urlTemplate\":\"https:\/\/www.ibc.ee\/no\/?s={search_term_string}\"},\"query-input\":{\"@type\":\"PropertyValueSpecification\",\"valueRequired\":true,\"valueName\":\"search_term_string\"}}],\"inLanguage\":\"nb-NO\"}]}<\/script>\n<!-- \/ Yoast SEO plugin. -->","yoast_head_json":{"title":"10L HDPE plastkanne med skrukork og helletut - IBC konteineri m&uuml;&uuml;k, vaadid, kraanid, mahutid","description":"Denne 10-liters plastkannen er designet for enkel og kontrollert helling av v\u00e6sker.","robots":{"index":"index","follow":"follow","max-snippet":"max-snippet:-1","max-image-preview":"max-image-preview:large","max-video-preview":"max-video-preview:-1"},"canonical":"https:\/\/ibc.ee\/no\/produkt\/10l-hdpe-plastkanne-med-skrukork-og-helletut\/","og_locale":"nb_NO","og_type":"article","og_title":"10L HDPE plastkanne med skrukork og helletut - IBC konteineri m&uuml;&uuml;k, vaadid, kraanid, mahutid","og_description":"Denne 10-liters plastkannen er designet for enkel og kontrollert helling av v\u00e6sker.","og_url":"https:\/\/ibc.ee\/no\/produkt\/10l-hdpe-plastkanne-med-skrukork-og-helletut\/","og_site_name":"IBC konteineri m&uuml;&uuml;k, vaadid, kraanid, mahutid","og_image":[{"width":1000,"height":1000,"url":"https:\/\/ibc.ee\/wp-content\/uploads\/2025\/07\/10L-HDPE-plastkanister-keeratava-valamisavaga.jpg","type":"image\/jpeg"}],"twitter_card":"summary_large_image","schema":{"@context":"https:\/\/schema.org","@graph":[{"@type":"WebPage","@id":"https:\/\/ibc.ee\/no\/produkt\/10l-hdpe-plastkanne-med-skrukork-og-helletut\/","url":"https:\/\/ibc.ee\/no\/produkt\/10l-hdpe-plastkanne-med-skrukork-og-helletut\/","name":"10L HDPE plastkanne med skrukork og helletut - IBC konteineri m&uuml;&uuml;k, vaadid, kraanid, mahutid","isPartOf":{"@id":"https:\/\/www.ibc.ee\/no\/#website"},"primaryImageOfPage":{"@id":"https:\/\/ibc.ee\/no\/produkt\/10l-hdpe-plastkanne-med-skrukork-og-helletut\/#primaryimage"},"image":{"@id":"https:\/\/ibc.ee\/no\/produkt\/10l-hdpe-plastkanne-med-skrukork-og-helletut\/#primaryimage"},"thumbnailUrl":"https:\/\/ibc.ee\/wp-content\/uploads\/2025\/07\/10L-HDPE-plastkanister-keeratava-valamisavaga.jpg","datePublished":"2025-07-15T07:03:24+00:00","description":"Denne 10-liters plastkannen er designet for enkel og kontrollert helling av v\u00e6sker.","breadcrumb":{"@id":"https:\/\/ibc.ee\/no\/produkt\/10l-hdpe-plastkanne-med-skrukork-og-helletut\/#breadcrumb"},"inLanguage":"nb-NO","potentialAction":[{"@type":"ReadAction","target":["https:\/\/ibc.ee\/no\/produkt\/10l-hdpe-plastkanne-med-skrukork-og-helletut\/"]}]},{"@type":"ImageObject","inLanguage":"nb-NO","@id":"https:\/\/ibc.ee\/no\/produkt\/10l-hdpe-plastkanne-med-skrukork-og-helletut\/#primaryimage","url":"https:\/\/ibc.ee\/wp-content\/uploads\/2025\/07\/10L-HDPE-plastkanister-keeratava-valamisavaga.jpg","contentUrl":"https:\/\/ibc.ee\/wp-content\/uploads\/2025\/07\/10L-HDPE-plastkanister-keeratava-valamisavaga.jpg","width":1000,"height":1000,"caption":"10L HDPE Plastic Jerry Can with Screw-On Pour Spout"},{"@type":"BreadcrumbList","@id":"https:\/\/ibc.ee\/no\/produkt\/10l-hdpe-plastkanne-med-skrukork-og-helletut\/#breadcrumb","itemListElement":[{"@type":"ListItem","position":1,"name":"\u0413\u043b\u0430\u0432\u043d\u0430\u044f \u0441\u0442\u0440\u0430\u043d\u0438\u0446\u0430","item":"https:\/\/www.ibc.ee\/no\/"},{"@type":"ListItem","position":2,"name":"Butikk","item":"https:\/\/www.ibc.ee\/no\/butikk\/"},{"@type":"ListItem","position":3,"name":"10L HDPE plastkanne med skrukork og helletut"}]},{"@type":"WebSite","@id":"https:\/\/www.ibc.ee\/no\/#website","url":"https:\/\/www.ibc.ee\/no\/","name":"IBC konteineri m&uuml;&uuml;k, vaadid, kraanid, mahutid","description":"IBC - Tank container valve, Adapters\\fittings, Intermediate bulk, container, Drums\/cans","potentialAction":[{"@type":"SearchAction","target":{"@type":"EntryPoint","urlTemplate":"https:\/\/www.ibc.ee\/no\/?s={search_term_string}"},"query-input":{"@type":"PropertyValueSpecification","valueRequired":true,"valueName":"search_term_string"}}],"inLanguage":"nb-NO"}]}},"_links":{"self":[{"href":"https:\/\/ibc.ee\/no\/wp-json\/wp\/v2\/product\/24435","targetHints":{"allow":["GET"]}}],"collection":[{"href":"https:\/\/ibc.ee\/no\/wp-json\/wp\/v2\/product"}],"about":[{"href":"https:\/\/ibc.ee\/no\/wp-json\/wp\/v2\/types\/product"}],"wp:featuredmedia":[{"embeddable":true,"href":"https:\/\/ibc.ee\/no\/wp-json\/wp\/v2\/media\/24426"}],"wp:attachment":[{"href":"https:\/\/ibc.ee\/no\/wp-json\/wp\/v2\/media?parent=24435"}],"wp:term":[{"taxonomy":"product_brand","embeddable":true,"href":"https:\/\/ibc.ee\/no\/wp-json\/wp\/v2\/product_brand?post=24435"},{"taxonomy":"product_cat","embeddable":true,"href":"https:\/\/ibc.ee\/no\/wp-json\/wp\/v2\/product_cat?post=24435"},{"taxonomy":"product_tag","embeddable":true,"href":"https:\/\/ibc.ee\/no\/wp-json\/wp\/v2\/product_tag?post=24435"}],"curies":[{"name":"wp","href":"https:\/\/api.w.org\/{rel}","templated":true}]}}