{"id":24454,"date":"2025-07-15T11:11:47","date_gmt":"2025-07-15T10:01:50","guid":{"rendered":"https:\/\/ibc.ee\/product\/25-l-un-sertifisert-hdpe-plastkanne\/"},"modified":"2025-07-15T12:26:51","modified_gmt":"2025-07-15T10:26:51","slug":"25-l-un-sertifisert-hdpe-plastkanne","status":"publish","type":"product","link":"https:\/\/ibc.ee\/no\/produkt\/25-l-un-sertifisert-hdpe-plastkanne\/","title":{"rendered":"25\u202fL UN-sertifisert HDPE plastkanne"},"content":{"rendered":"<p><strong>Spesifikasjoner:<\/strong><br \/>\n&#8211; Volum: 25 liter<br \/>\n&#8211; UN-merking: 3H1\/Y\/150<br \/>\n&#8211; Materiale: HDPE (h\u00f8y tetthet polyetylen)<br \/>\n&#8211; Emballasjegruppe: II og III (middels og lav faregrad)<br \/>\n&#8211; Lukking: Skrulokk (kan leveres med plombering)<br \/>\n&#8211; Stablebar: Ja \u2013 optimalisert for transport og lagring<br \/>\n&#8211; Gjenbruk: Kan gjenbrukes etter grundig rengj\u00f8ring og eventuell re-sertifisering<br \/>\n&#8211; Farge: Hvit eller halvgjennomsiktig (kan variere)<\/p>\n<p><strong>Vanlige bruksomr\u00e5der:<\/strong><br \/>\n&#8211; Kjemisk industri: syrer, baser, rengj\u00f8ringsmidler, avfettingsmidler<br \/>\n&#8211; Landbruk: plantevernmidler, ugressmidler, flytende gj\u00f8dsel<br \/>\n&#8211; Bil og verksted: kj\u00f8lev\u00e6ske, vindusspylerv\u00e6ske, oljer og tilsetninger<br \/>\n&#8211; Industriell rengj\u00f8ring: vaskemidler, l\u00f8semidler, desinfeksjonsmidler<br \/>\n&#8211; Avfallsh\u00e5ndtering: midlertidig oppbevaring av brukt eller farlig v\u00e6ske<br \/>\n&#8211; Logistikk og eksport: samsvar med internasjonale transportkrav<br \/>\n&#8211; Bygg og DIY: vanntettingsmidler, primere, tilsetningsstoffer<\/p>\n","protected":false},"excerpt":{"rendered":"<p>Denne 25-liters HDPE plastkannen er en UN-godkjent industriell beholder designet for sikker lagring og transport av farlige og ikke-farlige v\u00e6sker. Merket 3H1\/Y\/150 indikerer samsvar med internasjonale krav for emballasjegruppe II og III, og gj\u00f8r den egnet for transport i henhold til ADR, RID, IMDG og IATA-forskrifter. <\/p>\n<p>Produsert i HDPE (h\u00f8y tetthet polyetylen) for utmerket kjemikalieresistens og holdbarhet.<\/p>\n","protected":false},"featured_media":24445,"template":"","meta":[],"product_brand":[],"product_cat":[440],"product_tag":[],"class_list":{"0":"post-24454","1":"product","2":"type-product","3":"status-publish","4":"has-post-thumbnail","6":"product_cat-trommer-og-bokser","7":"product_shipping_class-omniva-no","9":"first","10":"instock","11":"taxable","12":"shipping-taxable","13":"product-type-simple"},"yoast_head":"<!-- This site is optimized with the Yoast SEO plugin v26.9 - https:\/\/yoast.com\/product\/yoast-seo-wordpress\/ -->\n<title>25\u202fL UN-sertifisert HDPE plastkanne - IBC konteineri m&uuml;&uuml;k, vaadid, kraanid, mahutid<\/title>\n<meta name=\"description\" content=\"Denne 25-liters HDPE plastkannen er en UN-godkjent industriell beholder designet for sikker lagring og transport av farlige og ikke-farlige v\u00e6sker.\" \/>\n<meta name=\"robots\" content=\"index, follow, max-snippet:-1, max-image-preview:large, max-video-preview:-1\" \/>\n<link rel=\"canonical\" href=\"https:\/\/ibc.ee\/no\/produkt\/25-l-un-sertifisert-hdpe-plastkanne\/\" \/>\n<meta property=\"og:locale\" content=\"nb_NO\" \/>\n<meta property=\"og:type\" content=\"article\" \/>\n<meta property=\"og:title\" content=\"25\u202fL UN-sertifisert HDPE plastkanne - IBC konteineri m&uuml;&uuml;k, vaadid, kraanid, mahutid\" \/>\n<meta property=\"og:description\" content=\"Denne 25-liters HDPE plastkannen er en UN-godkjent industriell beholder designet for sikker lagring og transport av farlige og ikke-farlige v\u00e6sker.\" \/>\n<meta property=\"og:url\" content=\"https:\/\/ibc.ee\/no\/produkt\/25-l-un-sertifisert-hdpe-plastkanne\/\" \/>\n<meta property=\"og:site_name\" content=\"IBC konteineri m&uuml;&uuml;k, vaadid, kraanid, mahutid\" \/>\n<meta property=\"article:modified_time\" content=\"2025-07-15T10:26:51+00:00\" \/>\n<meta property=\"og:image\" content=\"https:\/\/ibc.ee\/wp-content\/uploads\/2025\/07\/25L-UN-sertifitseeritud-HDPE-plastkanister.jpg\" \/>\n\t<meta property=\"og:image:width\" content=\"1000\" \/>\n\t<meta property=\"og:image:height\" content=\"1000\" \/>\n\t<meta property=\"og:image:type\" content=\"image\/jpeg\" \/>\n<meta name=\"twitter:card\" content=\"summary_large_image\" \/>\n<meta name=\"twitter:label1\" content=\"Ansl. lesetid\" \/>\n\t<meta name=\"twitter:data1\" content=\"1 minutt\" \/>\n<script type=\"application\/ld+json\" class=\"yoast-schema-graph\">{\"@context\":\"https:\/\/schema.org\",\"@graph\":[{\"@type\":\"WebPage\",\"@id\":\"https:\/\/ibc.ee\/no\/produkt\/25-l-un-sertifisert-hdpe-plastkanne\/\",\"url\":\"https:\/\/ibc.ee\/no\/produkt\/25-l-un-sertifisert-hdpe-plastkanne\/\",\"name\":\"25\u202fL UN-sertifisert HDPE plastkanne - IBC konteineri m&uuml;&uuml;k, vaadid, kraanid, mahutid\",\"isPartOf\":{\"@id\":\"https:\/\/www.ibc.ee\/no\/#website\"},\"primaryImageOfPage\":{\"@id\":\"https:\/\/ibc.ee\/no\/produkt\/25-l-un-sertifisert-hdpe-plastkanne\/#primaryimage\"},\"image\":{\"@id\":\"https:\/\/ibc.ee\/no\/produkt\/25-l-un-sertifisert-hdpe-plastkanne\/#primaryimage\"},\"thumbnailUrl\":\"https:\/\/ibc.ee\/wp-content\/uploads\/2025\/07\/25L-UN-sertifitseeritud-HDPE-plastkanister.jpg\",\"datePublished\":\"2025-07-15T10:01:50+00:00\",\"dateModified\":\"2025-07-15T10:26:51+00:00\",\"description\":\"Denne 25-liters HDPE plastkannen er en UN-godkjent industriell beholder designet for sikker lagring og transport av farlige og ikke-farlige v\u00e6sker.\",\"breadcrumb\":{\"@id\":\"https:\/\/ibc.ee\/no\/produkt\/25-l-un-sertifisert-hdpe-plastkanne\/#breadcrumb\"},\"inLanguage\":\"nb-NO\",\"potentialAction\":[{\"@type\":\"ReadAction\",\"target\":[\"https:\/\/ibc.ee\/no\/produkt\/25-l-un-sertifisert-hdpe-plastkanne\/\"]}]},{\"@type\":\"ImageObject\",\"inLanguage\":\"nb-NO\",\"@id\":\"https:\/\/ibc.ee\/no\/produkt\/25-l-un-sertifisert-hdpe-plastkanne\/#primaryimage\",\"url\":\"https:\/\/ibc.ee\/wp-content\/uploads\/2025\/07\/25L-UN-sertifitseeritud-HDPE-plastkanister.jpg\",\"contentUrl\":\"https:\/\/ibc.ee\/wp-content\/uploads\/2025\/07\/25L-UN-sertifitseeritud-HDPE-plastkanister.jpg\",\"width\":1000,\"height\":1000,\"caption\":\"25L UN Certified HDPE Plastic Jerry Can\"},{\"@type\":\"BreadcrumbList\",\"@id\":\"https:\/\/ibc.ee\/no\/produkt\/25-l-un-sertifisert-hdpe-plastkanne\/#breadcrumb\",\"itemListElement\":[{\"@type\":\"ListItem\",\"position\":1,\"name\":\"\u0413\u043b\u0430\u0432\u043d\u0430\u044f \u0441\u0442\u0440\u0430\u043d\u0438\u0446\u0430\",\"item\":\"https:\/\/www.ibc.ee\/no\/\"},{\"@type\":\"ListItem\",\"position\":2,\"name\":\"Butikk\",\"item\":\"https:\/\/www.ibc.ee\/no\/butikk\/\"},{\"@type\":\"ListItem\",\"position\":3,\"name\":\"25\u202fL UN-sertifisert HDPE plastkanne\"}]},{\"@type\":\"WebSite\",\"@id\":\"https:\/\/www.ibc.ee\/no\/#website\",\"url\":\"https:\/\/www.ibc.ee\/no\/\",\"name\":\"IBC konteineri m&uuml;&uuml;k, vaadid, kraanid, mahutid\",\"description\":\"IBC - Tank container valve, Adapters\\\\fittings, Intermediate bulk, container, Drums\/cans\",\"potentialAction\":[{\"@type\":\"SearchAction\",\"target\":{\"@type\":\"EntryPoint\",\"urlTemplate\":\"https:\/\/www.ibc.ee\/no\/?s={search_term_string}\"},\"query-input\":{\"@type\":\"PropertyValueSpecification\",\"valueRequired\":true,\"valueName\":\"search_term_string\"}}],\"inLanguage\":\"nb-NO\"}]}<\/script>\n<!-- \/ Yoast SEO plugin. -->","yoast_head_json":{"title":"25\u202fL UN-sertifisert HDPE plastkanne - IBC konteineri m&uuml;&uuml;k, vaadid, kraanid, mahutid","description":"Denne 25-liters HDPE plastkannen er en UN-godkjent industriell beholder designet for sikker lagring og transport av farlige og ikke-farlige v\u00e6sker.","robots":{"index":"index","follow":"follow","max-snippet":"max-snippet:-1","max-image-preview":"max-image-preview:large","max-video-preview":"max-video-preview:-1"},"canonical":"https:\/\/ibc.ee\/no\/produkt\/25-l-un-sertifisert-hdpe-plastkanne\/","og_locale":"nb_NO","og_type":"article","og_title":"25\u202fL UN-sertifisert HDPE plastkanne - IBC konteineri m&uuml;&uuml;k, vaadid, kraanid, mahutid","og_description":"Denne 25-liters HDPE plastkannen er en UN-godkjent industriell beholder designet for sikker lagring og transport av farlige og ikke-farlige v\u00e6sker.","og_url":"https:\/\/ibc.ee\/no\/produkt\/25-l-un-sertifisert-hdpe-plastkanne\/","og_site_name":"IBC konteineri m&uuml;&uuml;k, vaadid, kraanid, mahutid","article_modified_time":"2025-07-15T10:26:51+00:00","og_image":[{"width":1000,"height":1000,"url":"https:\/\/ibc.ee\/wp-content\/uploads\/2025\/07\/25L-UN-sertifitseeritud-HDPE-plastkanister.jpg","type":"image\/jpeg"}],"twitter_card":"summary_large_image","twitter_misc":{"Ansl. lesetid":"1 minutt"},"schema":{"@context":"https:\/\/schema.org","@graph":[{"@type":"WebPage","@id":"https:\/\/ibc.ee\/no\/produkt\/25-l-un-sertifisert-hdpe-plastkanne\/","url":"https:\/\/ibc.ee\/no\/produkt\/25-l-un-sertifisert-hdpe-plastkanne\/","name":"25\u202fL UN-sertifisert HDPE plastkanne - IBC konteineri m&uuml;&uuml;k, vaadid, kraanid, mahutid","isPartOf":{"@id":"https:\/\/www.ibc.ee\/no\/#website"},"primaryImageOfPage":{"@id":"https:\/\/ibc.ee\/no\/produkt\/25-l-un-sertifisert-hdpe-plastkanne\/#primaryimage"},"image":{"@id":"https:\/\/ibc.ee\/no\/produkt\/25-l-un-sertifisert-hdpe-plastkanne\/#primaryimage"},"thumbnailUrl":"https:\/\/ibc.ee\/wp-content\/uploads\/2025\/07\/25L-UN-sertifitseeritud-HDPE-plastkanister.jpg","datePublished":"2025-07-15T10:01:50+00:00","dateModified":"2025-07-15T10:26:51+00:00","description":"Denne 25-liters HDPE plastkannen er en UN-godkjent industriell beholder designet for sikker lagring og transport av farlige og ikke-farlige v\u00e6sker.","breadcrumb":{"@id":"https:\/\/ibc.ee\/no\/produkt\/25-l-un-sertifisert-hdpe-plastkanne\/#breadcrumb"},"inLanguage":"nb-NO","potentialAction":[{"@type":"ReadAction","target":["https:\/\/ibc.ee\/no\/produkt\/25-l-un-sertifisert-hdpe-plastkanne\/"]}]},{"@type":"ImageObject","inLanguage":"nb-NO","@id":"https:\/\/ibc.ee\/no\/produkt\/25-l-un-sertifisert-hdpe-plastkanne\/#primaryimage","url":"https:\/\/ibc.ee\/wp-content\/uploads\/2025\/07\/25L-UN-sertifitseeritud-HDPE-plastkanister.jpg","contentUrl":"https:\/\/ibc.ee\/wp-content\/uploads\/2025\/07\/25L-UN-sertifitseeritud-HDPE-plastkanister.jpg","width":1000,"height":1000,"caption":"25L UN Certified HDPE Plastic Jerry Can"},{"@type":"BreadcrumbList","@id":"https:\/\/ibc.ee\/no\/produkt\/25-l-un-sertifisert-hdpe-plastkanne\/#breadcrumb","itemListElement":[{"@type":"ListItem","position":1,"name":"\u0413\u043b\u0430\u0432\u043d\u0430\u044f \u0441\u0442\u0440\u0430\u043d\u0438\u0446\u0430","item":"https:\/\/www.ibc.ee\/no\/"},{"@type":"ListItem","position":2,"name":"Butikk","item":"https:\/\/www.ibc.ee\/no\/butikk\/"},{"@type":"ListItem","position":3,"name":"25\u202fL UN-sertifisert HDPE plastkanne"}]},{"@type":"WebSite","@id":"https:\/\/www.ibc.ee\/no\/#website","url":"https:\/\/www.ibc.ee\/no\/","name":"IBC konteineri m&uuml;&uuml;k, vaadid, kraanid, mahutid","description":"IBC - Tank container valve, Adapters\\fittings, Intermediate bulk, container, Drums\/cans","potentialAction":[{"@type":"SearchAction","target":{"@type":"EntryPoint","urlTemplate":"https:\/\/www.ibc.ee\/no\/?s={search_term_string}"},"query-input":{"@type":"PropertyValueSpecification","valueRequired":true,"valueName":"search_term_string"}}],"inLanguage":"nb-NO"}]}},"_links":{"self":[{"href":"https:\/\/ibc.ee\/no\/wp-json\/wp\/v2\/product\/24454","targetHints":{"allow":["GET"]}}],"collection":[{"href":"https:\/\/ibc.ee\/no\/wp-json\/wp\/v2\/product"}],"about":[{"href":"https:\/\/ibc.ee\/no\/wp-json\/wp\/v2\/types\/product"}],"wp:featuredmedia":[{"embeddable":true,"href":"https:\/\/ibc.ee\/no\/wp-json\/wp\/v2\/media\/24445"}],"wp:attachment":[{"href":"https:\/\/ibc.ee\/no\/wp-json\/wp\/v2\/media?parent=24454"}],"wp:term":[{"taxonomy":"product_brand","embeddable":true,"href":"https:\/\/ibc.ee\/no\/wp-json\/wp\/v2\/product_brand?post=24454"},{"taxonomy":"product_cat","embeddable":true,"href":"https:\/\/ibc.ee\/no\/wp-json\/wp\/v2\/product_cat?post=24454"},{"taxonomy":"product_tag","embeddable":true,"href":"https:\/\/ibc.ee\/no\/wp-json\/wp\/v2\/product_tag?post=24454"}],"curies":[{"name":"wp","href":"https:\/\/api.w.org\/{rel}","templated":true}]}}