{"id":24472,"date":"2025-07-15T15:11:12","date_gmt":"2025-07-15T13:19:51","guid":{"rendered":"https:\/\/ibc.ee\/product\/1l-hdpe-plastflaske-bred-hals-o40-mm\/"},"modified":"2025-07-15T15:19:51","modified_gmt":"2025-07-15T13:19:51","slug":"1l-hdpe-plastflaske-bred-hals-o40-mm","status":"publish","type":"product","link":"https:\/\/ibc.ee\/no\/produkt\/1l-hdpe-plastflaske-bred-hals-o40-mm\/","title":{"rendered":"1L HDPE plastflaske \u2013 bred hals (\u00d840\u202fmm)"},"content":{"rendered":"<p><strong>Spesifikasjoner:<\/strong><br \/>\n&#8211; Volum: 1 liter<br \/>\n&#8211; Halsdiameter: 40 mm (skrugjenger)<br \/>\n&#8211; Flaskediameter: 85 mm<br \/>\n&#8211; H\u00f8yde: 244 mm<br \/>\n&#8211; Materiale: HDPE (h\u00f8ytetthetspolyetylen)<br \/>\n&#8211; Farge: Naturlig (halvgjennomsiktig), andre farger tilgjengelig<br \/>\n&#8211; Lokk: Kompatibel med standard skrukorker, barnesikre lokk, doseringspumper og helletuter (ikke inkludert)<\/p>\n<p><strong>Vanlige bruksomr\u00e5der:<\/strong><br \/>\n&#8211; Kjemikalier: rengj\u00f8ringsmidler, avfettingsmidler, desinfeksjonsmidler<br \/>\n&#8211; Bilpleie: kj\u00f8lev\u00e6ske, vindusspylerv\u00e6ske, tilsetningsstoffer<br \/>\n&#8211; Kosmetikk og hygiene: flytende s\u00e5pe, sjampo, lotion, h\u00e5nddesinfeksjon<br \/>\n&#8211; Landbruk: flytende gj\u00f8dsel, bladn\u00e6ring, planteekstrakter<br \/>\n&#8211; Bygg og gj\u00f8r-det-selv: grunning, tetningsmidler, vannbaserte produkter<br \/>\n&#8211; Laboratorier og pr\u00f8vetaking: n\u00f8yaktig oppbevaring og dosering av v\u00e6sker<\/p>\n","protected":false},"excerpt":{"rendered":"<p>Denne 1-liters plastflasken, laget av HDPE (h\u00f8ytetthetspolyetylen), er lett, slagfast og ideell for lagring og dosering av v\u00e6sker og halvflytende produkter. Den har en bred 40 mm hals med skrukork, noe som gj\u00f8r den enkel \u00e5 fylle, helle fra eller bruke med pumpe og dispenser. Den naturlige, halvgjennomsiktige fargen gj\u00f8r det enkelt \u00e5 se v\u00e6skeniv\u00e5et \u2013 andre farger er tilgjengelig p\u00e5 foresp\u00f8rsel.   <\/p>\n","protected":false},"featured_media":24464,"template":"","meta":[],"product_brand":[],"product_cat":[440],"product_tag":[],"class_list":{"0":"post-24472","1":"product","2":"type-product","3":"status-publish","4":"has-post-thumbnail","6":"product_cat-trommer-og-bokser","7":"product_shipping_class-omniva-no","9":"first","10":"instock","11":"taxable","12":"shipping-taxable","13":"product-type-simple"},"yoast_head":"<!-- This site is optimized with the Yoast SEO plugin v26.9 - https:\/\/yoast.com\/product\/yoast-seo-wordpress\/ -->\n<title>1L HDPE plastflaske \u2013 bred hals (\u00d840\u202fmm) - IBC konteineri m&uuml;&uuml;k, vaadid, kraanid, mahutid<\/title>\n<meta name=\"description\" content=\"Denne 1-liters plastflasken, laget av HDPE (h\u00f8ytetthetspolyetylen), er lett, slagfast og ideell for lagring og dosering av v\u00e6sker og halvflytende produkter.\" \/>\n<meta name=\"robots\" content=\"index, follow, max-snippet:-1, max-image-preview:large, max-video-preview:-1\" \/>\n<link rel=\"canonical\" href=\"https:\/\/ibc.ee\/no\/produkt\/1l-hdpe-plastflaske-bred-hals-o40-mm\/\" \/>\n<meta property=\"og:locale\" content=\"nb_NO\" \/>\n<meta property=\"og:type\" content=\"article\" \/>\n<meta property=\"og:title\" content=\"1L HDPE plastflaske \u2013 bred hals (\u00d840\u202fmm) - IBC konteineri m&uuml;&uuml;k, vaadid, kraanid, mahutid\" \/>\n<meta property=\"og:description\" content=\"Denne 1-liters plastflasken, laget av HDPE (h\u00f8ytetthetspolyetylen), er lett, slagfast og ideell for lagring og dosering av v\u00e6sker og halvflytende produkter.\" \/>\n<meta property=\"og:url\" content=\"https:\/\/ibc.ee\/no\/produkt\/1l-hdpe-plastflaske-bred-hals-o40-mm\/\" \/>\n<meta property=\"og:site_name\" content=\"IBC konteineri m&uuml;&uuml;k, vaadid, kraanid, mahutid\" \/>\n<meta property=\"og:image\" content=\"https:\/\/ibc.ee\/wp-content\/uploads\/2025\/07\/1L-HDPE-plastpudel-laia-kaelaga.jpg\" \/>\n\t<meta property=\"og:image:width\" content=\"1000\" \/>\n\t<meta property=\"og:image:height\" content=\"1000\" \/>\n\t<meta property=\"og:image:type\" content=\"image\/jpeg\" \/>\n<meta name=\"twitter:card\" content=\"summary_large_image\" \/>\n<script type=\"application\/ld+json\" class=\"yoast-schema-graph\">{\"@context\":\"https:\/\/schema.org\",\"@graph\":[{\"@type\":\"WebPage\",\"@id\":\"https:\/\/ibc.ee\/no\/produkt\/1l-hdpe-plastflaske-bred-hals-o40-mm\/\",\"url\":\"https:\/\/ibc.ee\/no\/produkt\/1l-hdpe-plastflaske-bred-hals-o40-mm\/\",\"name\":\"1L HDPE plastflaske \u2013 bred hals (\u00d840\u202fmm) - IBC konteineri m&uuml;&uuml;k, vaadid, kraanid, mahutid\",\"isPartOf\":{\"@id\":\"https:\/\/www.ibc.ee\/no\/#website\"},\"primaryImageOfPage\":{\"@id\":\"https:\/\/ibc.ee\/no\/produkt\/1l-hdpe-plastflaske-bred-hals-o40-mm\/#primaryimage\"},\"image\":{\"@id\":\"https:\/\/ibc.ee\/no\/produkt\/1l-hdpe-plastflaske-bred-hals-o40-mm\/#primaryimage\"},\"thumbnailUrl\":\"https:\/\/ibc.ee\/wp-content\/uploads\/2025\/07\/1L-HDPE-plastpudel-laia-kaelaga.jpg\",\"datePublished\":\"2025-07-15T13:19:51+00:00\",\"description\":\"Denne 1-liters plastflasken, laget av HDPE (h\u00f8ytetthetspolyetylen), er lett, slagfast og ideell for lagring og dosering av v\u00e6sker og halvflytende produkter.\",\"breadcrumb\":{\"@id\":\"https:\/\/ibc.ee\/no\/produkt\/1l-hdpe-plastflaske-bred-hals-o40-mm\/#breadcrumb\"},\"inLanguage\":\"nb-NO\",\"potentialAction\":[{\"@type\":\"ReadAction\",\"target\":[\"https:\/\/ibc.ee\/no\/produkt\/1l-hdpe-plastflaske-bred-hals-o40-mm\/\"]}]},{\"@type\":\"ImageObject\",\"inLanguage\":\"nb-NO\",\"@id\":\"https:\/\/ibc.ee\/no\/produkt\/1l-hdpe-plastflaske-bred-hals-o40-mm\/#primaryimage\",\"url\":\"https:\/\/ibc.ee\/wp-content\/uploads\/2025\/07\/1L-HDPE-plastpudel-laia-kaelaga.jpg\",\"contentUrl\":\"https:\/\/ibc.ee\/wp-content\/uploads\/2025\/07\/1L-HDPE-plastpudel-laia-kaelaga.jpg\",\"width\":1000,\"height\":1000,\"caption\":\"1L HDPE Plastic Bottle \u2013 Wide Neck (\u00d840mm)\"},{\"@type\":\"BreadcrumbList\",\"@id\":\"https:\/\/ibc.ee\/no\/produkt\/1l-hdpe-plastflaske-bred-hals-o40-mm\/#breadcrumb\",\"itemListElement\":[{\"@type\":\"ListItem\",\"position\":1,\"name\":\"\u0413\u043b\u0430\u0432\u043d\u0430\u044f \u0441\u0442\u0440\u0430\u043d\u0438\u0446\u0430\",\"item\":\"https:\/\/www.ibc.ee\/no\/\"},{\"@type\":\"ListItem\",\"position\":2,\"name\":\"Butikk\",\"item\":\"https:\/\/www.ibc.ee\/no\/butikk\/\"},{\"@type\":\"ListItem\",\"position\":3,\"name\":\"1L HDPE plastflaske \u2013 bred hals (\u00d840\u202fmm)\"}]},{\"@type\":\"WebSite\",\"@id\":\"https:\/\/www.ibc.ee\/no\/#website\",\"url\":\"https:\/\/www.ibc.ee\/no\/\",\"name\":\"IBC konteineri m&uuml;&uuml;k, vaadid, kraanid, mahutid\",\"description\":\"IBC - Tank container valve, Adapters\\\\fittings, Intermediate bulk, container, Drums\/cans\",\"potentialAction\":[{\"@type\":\"SearchAction\",\"target\":{\"@type\":\"EntryPoint\",\"urlTemplate\":\"https:\/\/www.ibc.ee\/no\/?s={search_term_string}\"},\"query-input\":{\"@type\":\"PropertyValueSpecification\",\"valueRequired\":true,\"valueName\":\"search_term_string\"}}],\"inLanguage\":\"nb-NO\"}]}<\/script>\n<!-- \/ Yoast SEO plugin. -->","yoast_head_json":{"title":"1L HDPE plastflaske \u2013 bred hals (\u00d840\u202fmm) - IBC konteineri m&uuml;&uuml;k, vaadid, kraanid, mahutid","description":"Denne 1-liters plastflasken, laget av HDPE (h\u00f8ytetthetspolyetylen), er lett, slagfast og ideell for lagring og dosering av v\u00e6sker og halvflytende produkter.","robots":{"index":"index","follow":"follow","max-snippet":"max-snippet:-1","max-image-preview":"max-image-preview:large","max-video-preview":"max-video-preview:-1"},"canonical":"https:\/\/ibc.ee\/no\/produkt\/1l-hdpe-plastflaske-bred-hals-o40-mm\/","og_locale":"nb_NO","og_type":"article","og_title":"1L HDPE plastflaske \u2013 bred hals (\u00d840\u202fmm) - IBC konteineri m&uuml;&uuml;k, vaadid, kraanid, mahutid","og_description":"Denne 1-liters plastflasken, laget av HDPE (h\u00f8ytetthetspolyetylen), er lett, slagfast og ideell for lagring og dosering av v\u00e6sker og halvflytende produkter.","og_url":"https:\/\/ibc.ee\/no\/produkt\/1l-hdpe-plastflaske-bred-hals-o40-mm\/","og_site_name":"IBC konteineri m&uuml;&uuml;k, vaadid, kraanid, mahutid","og_image":[{"width":1000,"height":1000,"url":"https:\/\/ibc.ee\/wp-content\/uploads\/2025\/07\/1L-HDPE-plastpudel-laia-kaelaga.jpg","type":"image\/jpeg"}],"twitter_card":"summary_large_image","schema":{"@context":"https:\/\/schema.org","@graph":[{"@type":"WebPage","@id":"https:\/\/ibc.ee\/no\/produkt\/1l-hdpe-plastflaske-bred-hals-o40-mm\/","url":"https:\/\/ibc.ee\/no\/produkt\/1l-hdpe-plastflaske-bred-hals-o40-mm\/","name":"1L HDPE plastflaske \u2013 bred hals (\u00d840\u202fmm) - IBC konteineri m&uuml;&uuml;k, vaadid, kraanid, mahutid","isPartOf":{"@id":"https:\/\/www.ibc.ee\/no\/#website"},"primaryImageOfPage":{"@id":"https:\/\/ibc.ee\/no\/produkt\/1l-hdpe-plastflaske-bred-hals-o40-mm\/#primaryimage"},"image":{"@id":"https:\/\/ibc.ee\/no\/produkt\/1l-hdpe-plastflaske-bred-hals-o40-mm\/#primaryimage"},"thumbnailUrl":"https:\/\/ibc.ee\/wp-content\/uploads\/2025\/07\/1L-HDPE-plastpudel-laia-kaelaga.jpg","datePublished":"2025-07-15T13:19:51+00:00","description":"Denne 1-liters plastflasken, laget av HDPE (h\u00f8ytetthetspolyetylen), er lett, slagfast og ideell for lagring og dosering av v\u00e6sker og halvflytende produkter.","breadcrumb":{"@id":"https:\/\/ibc.ee\/no\/produkt\/1l-hdpe-plastflaske-bred-hals-o40-mm\/#breadcrumb"},"inLanguage":"nb-NO","potentialAction":[{"@type":"ReadAction","target":["https:\/\/ibc.ee\/no\/produkt\/1l-hdpe-plastflaske-bred-hals-o40-mm\/"]}]},{"@type":"ImageObject","inLanguage":"nb-NO","@id":"https:\/\/ibc.ee\/no\/produkt\/1l-hdpe-plastflaske-bred-hals-o40-mm\/#primaryimage","url":"https:\/\/ibc.ee\/wp-content\/uploads\/2025\/07\/1L-HDPE-plastpudel-laia-kaelaga.jpg","contentUrl":"https:\/\/ibc.ee\/wp-content\/uploads\/2025\/07\/1L-HDPE-plastpudel-laia-kaelaga.jpg","width":1000,"height":1000,"caption":"1L HDPE Plastic Bottle \u2013 Wide Neck (\u00d840mm)"},{"@type":"BreadcrumbList","@id":"https:\/\/ibc.ee\/no\/produkt\/1l-hdpe-plastflaske-bred-hals-o40-mm\/#breadcrumb","itemListElement":[{"@type":"ListItem","position":1,"name":"\u0413\u043b\u0430\u0432\u043d\u0430\u044f \u0441\u0442\u0440\u0430\u043d\u0438\u0446\u0430","item":"https:\/\/www.ibc.ee\/no\/"},{"@type":"ListItem","position":2,"name":"Butikk","item":"https:\/\/www.ibc.ee\/no\/butikk\/"},{"@type":"ListItem","position":3,"name":"1L HDPE plastflaske \u2013 bred hals (\u00d840\u202fmm)"}]},{"@type":"WebSite","@id":"https:\/\/www.ibc.ee\/no\/#website","url":"https:\/\/www.ibc.ee\/no\/","name":"IBC konteineri m&uuml;&uuml;k, vaadid, kraanid, mahutid","description":"IBC - Tank container valve, Adapters\\fittings, Intermediate bulk, container, Drums\/cans","potentialAction":[{"@type":"SearchAction","target":{"@type":"EntryPoint","urlTemplate":"https:\/\/www.ibc.ee\/no\/?s={search_term_string}"},"query-input":{"@type":"PropertyValueSpecification","valueRequired":true,"valueName":"search_term_string"}}],"inLanguage":"nb-NO"}]}},"_links":{"self":[{"href":"https:\/\/ibc.ee\/no\/wp-json\/wp\/v2\/product\/24472","targetHints":{"allow":["GET"]}}],"collection":[{"href":"https:\/\/ibc.ee\/no\/wp-json\/wp\/v2\/product"}],"about":[{"href":"https:\/\/ibc.ee\/no\/wp-json\/wp\/v2\/types\/product"}],"wp:featuredmedia":[{"embeddable":true,"href":"https:\/\/ibc.ee\/no\/wp-json\/wp\/v2\/media\/24464"}],"wp:attachment":[{"href":"https:\/\/ibc.ee\/no\/wp-json\/wp\/v2\/media?parent=24472"}],"wp:term":[{"taxonomy":"product_brand","embeddable":true,"href":"https:\/\/ibc.ee\/no\/wp-json\/wp\/v2\/product_brand?post=24472"},{"taxonomy":"product_cat","embeddable":true,"href":"https:\/\/ibc.ee\/no\/wp-json\/wp\/v2\/product_cat?post=24472"},{"taxonomy":"product_tag","embeddable":true,"href":"https:\/\/ibc.ee\/no\/wp-json\/wp\/v2\/product_tag?post=24472"}],"curies":[{"name":"wp","href":"https:\/\/api.w.org\/{rel}","templated":true}]}}