{"id":24493,"date":"2025-07-16T13:43:15","date_gmt":"2025-07-16T12:27:01","guid":{"rendered":"https:\/\/ibc.ee\/product\/newcube-ibc-1000-blue-1000-l-ibc-beholder\/"},"modified":"2025-08-08T10:09:05","modified_gmt":"2025-08-08T08:09:05","slug":"newcube-ibc-1000-blue-1000-l-ibc-beholder","status":"publish","type":"product","link":"https:\/\/ibc.ee\/no\/produkt\/newcube-ibc-1000-blue-1000-l-ibc-beholder\/","title":{"rendered":"NewCube IBC 1000 Blue \u2013 1000\u202fL IBC-beholder"},"content":{"rendered":"<p><strong>Anbefalte bruksomr\u00e5der:<\/strong><br \/>\n&#8211; Oppsamling av regnvann<br \/>\n&#8211; Vanning og landbruk<br \/>\n&#8211; Vannforsyning p\u00e5 byggeplasser<br \/>\n&#8211; Oppbevaring av teknisk og gr\u00e5tt vann<br \/>\n&#8211; Rengj\u00f8ringsmidler og s\u00e5pel\u00f8sninger<br \/>\n&#8211; Ikke-farlige industrielle v\u00e6sker<\/p>\n<p><strong>Viktig informasjon<\/strong><br \/>\n&#8211; Ingen UN- eller FDA-sertifisering \u2013 ikke egnet for drikkevann, n\u00e6ringsmidler eller regulerte kjemikalier.<br \/>&#8211; Anbefales til ikke-kritisk bruk: g\u00e5rder, verksteder, byggeplasser og privat bruk. <\/p>\n","protected":false},"excerpt":{"rendered":"<p>NewCube IBC 1000 Blue er en helt ny 1000-liters mellomstor bulkbeholder (IBC), laget av slitesterk bl\u00e5 HDPE-plast (h\u00f8ytetthets polyetylen). Den er ideell for lagring og transport av v\u00e6sker der det ikke kreves UN- eller FDA-sertifisering. <\/p>\n<p><strong>Viktige egenskaper<\/strong><br \/>\n&#8211; Materiale: UV-bestandig bl\u00e5 HDPE-plast<br \/>\n&#8211; Ramme: Galvanisert st\u00e5lgitter for stabilitet og beskyttelse<br \/>\n&#8211; Lokk: \u00d8150 mm skrulokk<br \/>\n&#8211; Utl\u00f8psventil: Standard S60x6 tappekran<\/p>\n<p><strong>Fordeler med bl\u00e5 plast sammenlignet med gjennomsiktig variant<\/strong><br \/>\nBedre UV-beskyttelse \u2013 bl\u00e5 plast t\u00e5ler sollys bedre og passer godt til utend\u00f8rs bruk.<\/p>\n<p>Lengre levetid \u2013 reduserer risikoen for algevekst og plastnedbrytning.<\/p>\n<p>Tydelig fargekoding \u2013 gj\u00f8r det lettere \u00e5 skille beholdere og unng\u00e5 kryssforurensning.<\/p>\n","protected":false},"featured_media":24484,"template":"","meta":[],"product_brand":[],"product_cat":[439],"product_tag":[],"class_list":{"0":"post-24493","1":"product","2":"type-product","3":"status-publish","4":"has-post-thumbnail","6":"product_cat-mellom-bulkbeholder-ibc-1000-liter","7":"product_shipping_class-beholdere","9":"first","10":"onbackorder","11":"taxable","12":"shipping-taxable","13":"product-type-simple"},"yoast_head":"<!-- This site is optimized with the Yoast SEO plugin v26.9 - https:\/\/yoast.com\/product\/yoast-seo-wordpress\/ -->\n<title>NewCube IBC 1000 Blue \u2013 1000\u202fL IBC-beholder - IBC konteineri m&uuml;&uuml;k, vaadid, kraanid, mahutid<\/title>\n<meta name=\"description\" content=\"NewCube IBC 1000 Blue er en helt ny 1000-liters mellomstor bulkbeholder (IBC), laget av slitesterk bl\u00e5 HDPE-plast (h\u00f8ytetthets polyetylen).\" \/>\n<meta name=\"robots\" content=\"index, follow, max-snippet:-1, max-image-preview:large, max-video-preview:-1\" \/>\n<link rel=\"canonical\" href=\"https:\/\/ibc.ee\/no\/produkt\/newcube-ibc-1000-blue-1000-l-ibc-beholder\/\" \/>\n<meta property=\"og:locale\" content=\"nb_NO\" \/>\n<meta property=\"og:type\" content=\"article\" \/>\n<meta property=\"og:title\" content=\"NewCube IBC 1000 Blue \u2013 1000\u202fL IBC-beholder - IBC konteineri m&uuml;&uuml;k, vaadid, kraanid, mahutid\" \/>\n<meta property=\"og:description\" content=\"NewCube IBC 1000 Blue er en helt ny 1000-liters mellomstor bulkbeholder (IBC), laget av slitesterk bl\u00e5 HDPE-plast (h\u00f8ytetthets polyetylen).\" \/>\n<meta property=\"og:url\" content=\"https:\/\/ibc.ee\/no\/produkt\/newcube-ibc-1000-blue-1000-l-ibc-beholder\/\" \/>\n<meta property=\"og:site_name\" content=\"IBC konteineri m&uuml;&uuml;k, vaadid, kraanid, mahutid\" \/>\n<meta property=\"article:modified_time\" content=\"2025-08-08T08:09:05+00:00\" \/>\n<meta property=\"og:image\" content=\"https:\/\/ibc.ee\/wp-content\/uploads\/2025\/07\/NewCube-IBC-1000-sinine-1000l-IBC-mahuti.jpg\" \/>\n\t<meta property=\"og:image:width\" content=\"930\" \/>\n\t<meta property=\"og:image:height\" content=\"930\" \/>\n\t<meta property=\"og:image:type\" content=\"image\/jpeg\" \/>\n<meta name=\"twitter:card\" content=\"summary_large_image\" \/>\n<meta name=\"twitter:label1\" content=\"Ansl. lesetid\" \/>\n\t<meta name=\"twitter:data1\" content=\"1 minutt\" \/>\n<script type=\"application\/ld+json\" class=\"yoast-schema-graph\">{\"@context\":\"https:\/\/schema.org\",\"@graph\":[{\"@type\":\"WebPage\",\"@id\":\"https:\/\/ibc.ee\/no\/produkt\/newcube-ibc-1000-blue-1000-l-ibc-beholder\/\",\"url\":\"https:\/\/ibc.ee\/no\/produkt\/newcube-ibc-1000-blue-1000-l-ibc-beholder\/\",\"name\":\"NewCube IBC 1000 Blue \u2013 1000\u202fL IBC-beholder - IBC konteineri m&uuml;&uuml;k, vaadid, kraanid, mahutid\",\"isPartOf\":{\"@id\":\"https:\/\/www.ibc.ee\/no\/#website\"},\"primaryImageOfPage\":{\"@id\":\"https:\/\/ibc.ee\/no\/produkt\/newcube-ibc-1000-blue-1000-l-ibc-beholder\/#primaryimage\"},\"image\":{\"@id\":\"https:\/\/ibc.ee\/no\/produkt\/newcube-ibc-1000-blue-1000-l-ibc-beholder\/#primaryimage\"},\"thumbnailUrl\":\"https:\/\/ibc.ee\/wp-content\/uploads\/2025\/07\/NewCube-IBC-1000-sinine-1000l-IBC-mahuti.jpg\",\"datePublished\":\"2025-07-16T12:27:01+00:00\",\"dateModified\":\"2025-08-08T08:09:05+00:00\",\"description\":\"NewCube IBC 1000 Blue er en helt ny 1000-liters mellomstor bulkbeholder (IBC), laget av slitesterk bl\u00e5 HDPE-plast (h\u00f8ytetthets polyetylen).\",\"breadcrumb\":{\"@id\":\"https:\/\/ibc.ee\/no\/produkt\/newcube-ibc-1000-blue-1000-l-ibc-beholder\/#breadcrumb\"},\"inLanguage\":\"nb-NO\",\"potentialAction\":[{\"@type\":\"ReadAction\",\"target\":[\"https:\/\/ibc.ee\/no\/produkt\/newcube-ibc-1000-blue-1000-l-ibc-beholder\/\"]}]},{\"@type\":\"ImageObject\",\"inLanguage\":\"nb-NO\",\"@id\":\"https:\/\/ibc.ee\/no\/produkt\/newcube-ibc-1000-blue-1000-l-ibc-beholder\/#primaryimage\",\"url\":\"https:\/\/ibc.ee\/wp-content\/uploads\/2025\/07\/NewCube-IBC-1000-sinine-1000l-IBC-mahuti.jpg\",\"contentUrl\":\"https:\/\/ibc.ee\/wp-content\/uploads\/2025\/07\/NewCube-IBC-1000-sinine-1000l-IBC-mahuti.jpg\",\"width\":930,\"height\":930,\"caption\":\"NewCube IBC 1000 Blue \u2013 1000L IBC Tank\"},{\"@type\":\"BreadcrumbList\",\"@id\":\"https:\/\/ibc.ee\/no\/produkt\/newcube-ibc-1000-blue-1000-l-ibc-beholder\/#breadcrumb\",\"itemListElement\":[{\"@type\":\"ListItem\",\"position\":1,\"name\":\"\u0413\u043b\u0430\u0432\u043d\u0430\u044f \u0441\u0442\u0440\u0430\u043d\u0438\u0446\u0430\",\"item\":\"https:\/\/www.ibc.ee\/no\/\"},{\"@type\":\"ListItem\",\"position\":2,\"name\":\"Butikk\",\"item\":\"https:\/\/www.ibc.ee\/no\/butikk\/\"},{\"@type\":\"ListItem\",\"position\":3,\"name\":\"NewCube IBC 1000 Blue \u2013 1000\u202fL IBC-beholder\"}]},{\"@type\":\"WebSite\",\"@id\":\"https:\/\/www.ibc.ee\/no\/#website\",\"url\":\"https:\/\/www.ibc.ee\/no\/\",\"name\":\"IBC konteineri m&uuml;&uuml;k, vaadid, kraanid, mahutid\",\"description\":\"IBC - Tank container valve, Adapters\\\\fittings, Intermediate bulk, container, Drums\/cans\",\"potentialAction\":[{\"@type\":\"SearchAction\",\"target\":{\"@type\":\"EntryPoint\",\"urlTemplate\":\"https:\/\/www.ibc.ee\/no\/?s={search_term_string}\"},\"query-input\":{\"@type\":\"PropertyValueSpecification\",\"valueRequired\":true,\"valueName\":\"search_term_string\"}}],\"inLanguage\":\"nb-NO\"}]}<\/script>\n<!-- \/ Yoast SEO plugin. -->","yoast_head_json":{"title":"NewCube IBC 1000 Blue \u2013 1000\u202fL IBC-beholder - IBC konteineri m&uuml;&uuml;k, vaadid, kraanid, mahutid","description":"NewCube IBC 1000 Blue er en helt ny 1000-liters mellomstor bulkbeholder (IBC), laget av slitesterk bl\u00e5 HDPE-plast (h\u00f8ytetthets polyetylen).","robots":{"index":"index","follow":"follow","max-snippet":"max-snippet:-1","max-image-preview":"max-image-preview:large","max-video-preview":"max-video-preview:-1"},"canonical":"https:\/\/ibc.ee\/no\/produkt\/newcube-ibc-1000-blue-1000-l-ibc-beholder\/","og_locale":"nb_NO","og_type":"article","og_title":"NewCube IBC 1000 Blue \u2013 1000\u202fL IBC-beholder - IBC konteineri m&uuml;&uuml;k, vaadid, kraanid, mahutid","og_description":"NewCube IBC 1000 Blue er en helt ny 1000-liters mellomstor bulkbeholder (IBC), laget av slitesterk bl\u00e5 HDPE-plast (h\u00f8ytetthets polyetylen).","og_url":"https:\/\/ibc.ee\/no\/produkt\/newcube-ibc-1000-blue-1000-l-ibc-beholder\/","og_site_name":"IBC konteineri m&uuml;&uuml;k, vaadid, kraanid, mahutid","article_modified_time":"2025-08-08T08:09:05+00:00","og_image":[{"width":930,"height":930,"url":"https:\/\/ibc.ee\/wp-content\/uploads\/2025\/07\/NewCube-IBC-1000-sinine-1000l-IBC-mahuti.jpg","type":"image\/jpeg"}],"twitter_card":"summary_large_image","twitter_misc":{"Ansl. lesetid":"1 minutt"},"schema":{"@context":"https:\/\/schema.org","@graph":[{"@type":"WebPage","@id":"https:\/\/ibc.ee\/no\/produkt\/newcube-ibc-1000-blue-1000-l-ibc-beholder\/","url":"https:\/\/ibc.ee\/no\/produkt\/newcube-ibc-1000-blue-1000-l-ibc-beholder\/","name":"NewCube IBC 1000 Blue \u2013 1000\u202fL IBC-beholder - IBC konteineri m&uuml;&uuml;k, vaadid, kraanid, mahutid","isPartOf":{"@id":"https:\/\/www.ibc.ee\/no\/#website"},"primaryImageOfPage":{"@id":"https:\/\/ibc.ee\/no\/produkt\/newcube-ibc-1000-blue-1000-l-ibc-beholder\/#primaryimage"},"image":{"@id":"https:\/\/ibc.ee\/no\/produkt\/newcube-ibc-1000-blue-1000-l-ibc-beholder\/#primaryimage"},"thumbnailUrl":"https:\/\/ibc.ee\/wp-content\/uploads\/2025\/07\/NewCube-IBC-1000-sinine-1000l-IBC-mahuti.jpg","datePublished":"2025-07-16T12:27:01+00:00","dateModified":"2025-08-08T08:09:05+00:00","description":"NewCube IBC 1000 Blue er en helt ny 1000-liters mellomstor bulkbeholder (IBC), laget av slitesterk bl\u00e5 HDPE-plast (h\u00f8ytetthets polyetylen).","breadcrumb":{"@id":"https:\/\/ibc.ee\/no\/produkt\/newcube-ibc-1000-blue-1000-l-ibc-beholder\/#breadcrumb"},"inLanguage":"nb-NO","potentialAction":[{"@type":"ReadAction","target":["https:\/\/ibc.ee\/no\/produkt\/newcube-ibc-1000-blue-1000-l-ibc-beholder\/"]}]},{"@type":"ImageObject","inLanguage":"nb-NO","@id":"https:\/\/ibc.ee\/no\/produkt\/newcube-ibc-1000-blue-1000-l-ibc-beholder\/#primaryimage","url":"https:\/\/ibc.ee\/wp-content\/uploads\/2025\/07\/NewCube-IBC-1000-sinine-1000l-IBC-mahuti.jpg","contentUrl":"https:\/\/ibc.ee\/wp-content\/uploads\/2025\/07\/NewCube-IBC-1000-sinine-1000l-IBC-mahuti.jpg","width":930,"height":930,"caption":"NewCube IBC 1000 Blue \u2013 1000L IBC Tank"},{"@type":"BreadcrumbList","@id":"https:\/\/ibc.ee\/no\/produkt\/newcube-ibc-1000-blue-1000-l-ibc-beholder\/#breadcrumb","itemListElement":[{"@type":"ListItem","position":1,"name":"\u0413\u043b\u0430\u0432\u043d\u0430\u044f \u0441\u0442\u0440\u0430\u043d\u0438\u0446\u0430","item":"https:\/\/www.ibc.ee\/no\/"},{"@type":"ListItem","position":2,"name":"Butikk","item":"https:\/\/www.ibc.ee\/no\/butikk\/"},{"@type":"ListItem","position":3,"name":"NewCube IBC 1000 Blue \u2013 1000\u202fL IBC-beholder"}]},{"@type":"WebSite","@id":"https:\/\/www.ibc.ee\/no\/#website","url":"https:\/\/www.ibc.ee\/no\/","name":"IBC konteineri m&uuml;&uuml;k, vaadid, kraanid, mahutid","description":"IBC - Tank container valve, Adapters\\fittings, Intermediate bulk, container, Drums\/cans","potentialAction":[{"@type":"SearchAction","target":{"@type":"EntryPoint","urlTemplate":"https:\/\/www.ibc.ee\/no\/?s={search_term_string}"},"query-input":{"@type":"PropertyValueSpecification","valueRequired":true,"valueName":"search_term_string"}}],"inLanguage":"nb-NO"}]}},"_links":{"self":[{"href":"https:\/\/ibc.ee\/no\/wp-json\/wp\/v2\/product\/24493","targetHints":{"allow":["GET"]}}],"collection":[{"href":"https:\/\/ibc.ee\/no\/wp-json\/wp\/v2\/product"}],"about":[{"href":"https:\/\/ibc.ee\/no\/wp-json\/wp\/v2\/types\/product"}],"wp:featuredmedia":[{"embeddable":true,"href":"https:\/\/ibc.ee\/no\/wp-json\/wp\/v2\/media\/24484"}],"wp:attachment":[{"href":"https:\/\/ibc.ee\/no\/wp-json\/wp\/v2\/media?parent=24493"}],"wp:term":[{"taxonomy":"product_brand","embeddable":true,"href":"https:\/\/ibc.ee\/no\/wp-json\/wp\/v2\/product_brand?post=24493"},{"taxonomy":"product_cat","embeddable":true,"href":"https:\/\/ibc.ee\/no\/wp-json\/wp\/v2\/product_cat?post=24493"},{"taxonomy":"product_tag","embeddable":true,"href":"https:\/\/ibc.ee\/no\/wp-json\/wp\/v2\/product_tag?post=24493"}],"curies":[{"name":"wp","href":"https:\/\/api.w.org\/{rel}","templated":true}]}}