{"id":24674,"date":"2025-11-04T14:29:19","date_gmt":"2025-11-04T12:29:19","guid":{"rendered":"https:\/\/ibc.ee\/?post_type=product&#038;p=24674"},"modified":"2025-11-04T14:58:50","modified_gmt":"2025-11-04T12:58:50","slug":"newcube-fda-ibc-1000-1000-l-fda-sertifisert-ibc-beholder-for-naeringsmiddelgodkjente-vaesker-og-sensitive-bruksomrader","status":"publish","type":"product","link":"https:\/\/ibc.ee\/no\/produkt\/newcube-fda-ibc-1000-1000-l-fda-sertifisert-ibc-beholder-for-naeringsmiddelgodkjente-vaesker-og-sensitive-bruksomrader\/","title":{"rendered":"NewCube FDA IBC 1000 \u2013 1000\u202fL FDA-sertifisert IBC-beholder for n\u00e6ringsmiddelgodkjente v\u00e6sker og sensitive bruksomr\u00e5der"},"content":{"rendered":"<p><strong>Viktige egenskaper<\/strong><br \/>\n&#8211; Kapasitet: 1000 liter (275 gallon)<br \/>\n&#8211; Sertifisering: FDA-godkjent \u2013 trygg for kontakt med mat, drikke og drikkevann<br \/>\n&#8211; Materiale: Virgin HDPE, bl\u00e5seformet \u2013 slitesterk og hygienisk<br \/>\n&#8211; Fargevalg: Naturlig (halvtransparent) eller bl\u00e5 (med UV-beskyttelse)<br \/>\n&#8211; Ramme: Galvanisert st\u00e5lgitter med 4-veis trucktilgang<br \/>\n&#8211; Pall: Kompositt- eller plastpall, solid og stabelbar<br \/>\n&#8211; Lokk: \u00d8150 mm skrulokk med mulighet for plombering<br \/>\n&#8211; Utl\u00f8psventil: Standard S60x6 med beskyttelseslokk<br \/>\n&#8211; Gjenbrukbar: Enkel \u00e5 rengj\u00f8re, desinfisere og fylle p\u00e5 nytt<\/p>\n<p><strong>Hvorfor velge NewCube FDA IBC 1000?<\/strong><br \/>\n&#8211; FDA-godkjent for direkte kontakt med n\u00e6ringsmidler \u2013 ideell for h\u00f8yhygieniske milj\u00f8er<br \/>\n&#8211; Produsert av jomfruelig materiale \u2013 eliminerer risiko for kontaminering<br \/>\n&#8211; Velg mellom klar eller bl\u00e5 farge \u2013 avhengig av lysforhold og lagringsbehov<br \/>\n&#8211; Lett og robust \u2013 optimal for logistikk og h\u00e5ndtering<br \/>\n&#8211; Egnet for b\u00e5de innend\u00f8rs og utend\u00f8rs bruk (bl\u00e5 versjon anbefales ved UV-eksponering)<\/p>\n<p><strong>Anbefalte bruksomr\u00e5der<\/strong><br \/>\n&#8211; Ingredienser til mat og drikke \u2013 sirup, oljer, juice, ekstrakter<br \/>\n&#8211; Lagring og distribusjon av drikkevann<br \/>\n&#8211; V\u00e6sker til kosmetikk og personlig pleie<br \/>\n&#8211; Farmas\u00f8ytiske r\u00e5materialer<br \/>\n&#8211; Ikke-farlige kjemikalier i hygiene-sensitive milj\u00f8er<\/p>\n<p><strong>Viktig informasjon<\/strong><br \/>\n&#8211; Leveres helt ny, ubrukt og FDA-godkjent<br \/>\n&#8211; Ikke UN-sertifisert \u2013 ikke egnet for farlig gods<br \/>\n&#8211; Merking og dokumentasjon er tilgjengelig p\u00e5 foresp\u00f8rsel<\/p>\n","protected":false},"excerpt":{"rendered":"<p>NewCube FDA IBC 1000 er en helt ny 1000-liters IBC-beholder (Intermediate Bulk Container), spesialdesignet for trygg lagring og transport av n\u00e6ringsmiddelgodkjente v\u00e6sker, drikkevarer og andre ikke-farlige, hygiene-sensitive stoffer. Beholderen er laget av f\u00f8rsteklasses HDPE-plast som oppfyller FDA-krav, noe som sikrer maksimal hygiene og renhet. Perfekt for bruk i mat-, drikke-, kosmetikk- og legemiddelindustrien. <\/p>\n","protected":false},"featured_media":24682,"template":"","meta":[],"product_brand":[],"product_cat":[439],"product_tag":[],"class_list":{"0":"post-24674","1":"product","2":"type-product","3":"status-publish","4":"has-post-thumbnail","6":"product_cat-mellom-bulkbeholder-ibc-1000-liter","7":"product_shipping_class-beholdere","9":"first","10":"onbackorder","11":"taxable","12":"shipping-taxable","13":"product-type-simple"},"yoast_head":"<!-- This site is optimized with the Yoast SEO plugin v26.9 - https:\/\/yoast.com\/product\/yoast-seo-wordpress\/ -->\n<title>NewCube FDA IBC 1000 \u2013 1000\u202fL FDA-sertifisert IBC-beholder for n\u00e6ringsmiddelgodkjente v\u00e6sker og sensitive bruksomr\u00e5der - IBC konteineri m&uuml;&uuml;k, vaadid, kraanid, mahutid<\/title>\n<meta name=\"description\" content=\"NewCube FDA IBC 1000 er en helt ny 1000-liters IBC-beholder (Intermediate Bulk Container), spesialdesignet for trygg lagring og transport av n\u00e6ringsmiddelgodkjente v\u00e6sker, drikkevarer og andre ikke-farlige, hygiene-sensitive stoffer.\" \/>\n<meta name=\"robots\" content=\"index, follow, max-snippet:-1, max-image-preview:large, max-video-preview:-1\" \/>\n<link rel=\"canonical\" href=\"https:\/\/ibc.ee\/no\/produkt\/newcube-fda-ibc-1000-1000-l-fda-sertifisert-ibc-beholder-for-naeringsmiddelgodkjente-vaesker-og-sensitive-bruksomrader\/\" \/>\n<meta property=\"og:locale\" content=\"nb_NO\" \/>\n<meta property=\"og:type\" content=\"article\" \/>\n<meta property=\"og:title\" content=\"NewCube FDA IBC 1000 \u2013 1000\u202fL FDA-sertifisert IBC-beholder for n\u00e6ringsmiddelgodkjente v\u00e6sker og sensitive bruksomr\u00e5der - IBC konteineri m&uuml;&uuml;k, vaadid, kraanid, mahutid\" \/>\n<meta property=\"og:description\" content=\"NewCube FDA IBC 1000 er en helt ny 1000-liters IBC-beholder (Intermediate Bulk Container), spesialdesignet for trygg lagring og transport av n\u00e6ringsmiddelgodkjente v\u00e6sker, drikkevarer og andre ikke-farlige, hygiene-sensitive stoffer.\" \/>\n<meta property=\"og:url\" content=\"https:\/\/ibc.ee\/no\/produkt\/newcube-fda-ibc-1000-1000-l-fda-sertifisert-ibc-beholder-for-naeringsmiddelgodkjente-vaesker-og-sensitive-bruksomrader\/\" \/>\n<meta property=\"og:site_name\" content=\"IBC konteineri m&uuml;&uuml;k, vaadid, kraanid, mahutid\" \/>\n<meta property=\"article:modified_time\" content=\"2025-11-04T12:58:50+00:00\" \/>\n<meta property=\"og:image\" content=\"https:\/\/www.ibc.ee\/wp-content\/uploads\/2025\/11\/NewCube-FDA-IBC-1000-IBC-konteiner-toidukvaliteediga-vedelike-jaoks.jpg\" \/>\n\t<meta property=\"og:image:width\" content=\"1000\" \/>\n\t<meta property=\"og:image:height\" content=\"1000\" \/>\n\t<meta property=\"og:image:type\" content=\"image\/jpeg\" \/>\n<meta name=\"twitter:card\" content=\"summary_large_image\" \/>\n<meta name=\"twitter:label1\" content=\"Ansl. lesetid\" \/>\n\t<meta name=\"twitter:data1\" content=\"1 minutt\" \/>\n<script type=\"application\/ld+json\" class=\"yoast-schema-graph\">{\"@context\":\"https:\/\/schema.org\",\"@graph\":[{\"@type\":\"WebPage\",\"@id\":\"https:\/\/ibc.ee\/no\/produkt\/newcube-fda-ibc-1000-1000-l-fda-sertifisert-ibc-beholder-for-naeringsmiddelgodkjente-vaesker-og-sensitive-bruksomrader\/\",\"url\":\"https:\/\/ibc.ee\/no\/produkt\/newcube-fda-ibc-1000-1000-l-fda-sertifisert-ibc-beholder-for-naeringsmiddelgodkjente-vaesker-og-sensitive-bruksomrader\/\",\"name\":\"NewCube FDA IBC 1000 \u2013 1000\u202fL FDA-sertifisert IBC-beholder for n\u00e6ringsmiddelgodkjente v\u00e6sker og sensitive bruksomr\u00e5der - IBC konteineri m&uuml;&uuml;k, vaadid, kraanid, mahutid\",\"isPartOf\":{\"@id\":\"https:\/\/www.ibc.ee\/no\/#website\"},\"primaryImageOfPage\":{\"@id\":\"https:\/\/ibc.ee\/no\/produkt\/newcube-fda-ibc-1000-1000-l-fda-sertifisert-ibc-beholder-for-naeringsmiddelgodkjente-vaesker-og-sensitive-bruksomrader\/#primaryimage\"},\"image\":{\"@id\":\"https:\/\/ibc.ee\/no\/produkt\/newcube-fda-ibc-1000-1000-l-fda-sertifisert-ibc-beholder-for-naeringsmiddelgodkjente-vaesker-og-sensitive-bruksomrader\/#primaryimage\"},\"thumbnailUrl\":\"https:\/\/www.ibc.ee\/wp-content\/uploads\/2025\/11\/NewCube-FDA-IBC-1000-IBC-konteiner-toidukvaliteediga-vedelike-jaoks.jpg\",\"datePublished\":\"2025-11-04T12:29:19+00:00\",\"dateModified\":\"2025-11-04T12:58:50+00:00\",\"description\":\"NewCube FDA IBC 1000 er en helt ny 1000-liters IBC-beholder (Intermediate Bulk Container), spesialdesignet for trygg lagring og transport av n\u00e6ringsmiddelgodkjente v\u00e6sker, drikkevarer og andre ikke-farlige, hygiene-sensitive stoffer.\",\"breadcrumb\":{\"@id\":\"https:\/\/ibc.ee\/no\/produkt\/newcube-fda-ibc-1000-1000-l-fda-sertifisert-ibc-beholder-for-naeringsmiddelgodkjente-vaesker-og-sensitive-bruksomrader\/#breadcrumb\"},\"inLanguage\":\"nb-NO\",\"potentialAction\":[{\"@type\":\"ReadAction\",\"target\":[\"https:\/\/ibc.ee\/no\/produkt\/newcube-fda-ibc-1000-1000-l-fda-sertifisert-ibc-beholder-for-naeringsmiddelgodkjente-vaesker-og-sensitive-bruksomrader\/\"]}]},{\"@type\":\"ImageObject\",\"inLanguage\":\"nb-NO\",\"@id\":\"https:\/\/ibc.ee\/no\/produkt\/newcube-fda-ibc-1000-1000-l-fda-sertifisert-ibc-beholder-for-naeringsmiddelgodkjente-vaesker-og-sensitive-bruksomrader\/#primaryimage\",\"url\":\"https:\/\/www.ibc.ee\/wp-content\/uploads\/2025\/11\/NewCube-FDA-IBC-1000-IBC-konteiner-toidukvaliteediga-vedelike-jaoks.jpg\",\"contentUrl\":\"https:\/\/www.ibc.ee\/wp-content\/uploads\/2025\/11\/NewCube-FDA-IBC-1000-IBC-konteiner-toidukvaliteediga-vedelike-jaoks.jpg\",\"width\":1000,\"height\":1000,\"caption\":\"NewCube FDA IBC 1000 \u2013 1000L FDA-Compliant IBC Container for Food-Grade Liquids and Sensitive Applications\"},{\"@type\":\"BreadcrumbList\",\"@id\":\"https:\/\/ibc.ee\/no\/produkt\/newcube-fda-ibc-1000-1000-l-fda-sertifisert-ibc-beholder-for-naeringsmiddelgodkjente-vaesker-og-sensitive-bruksomrader\/#breadcrumb\",\"itemListElement\":[{\"@type\":\"ListItem\",\"position\":1,\"name\":\"\u0413\u043b\u0430\u0432\u043d\u0430\u044f \u0441\u0442\u0440\u0430\u043d\u0438\u0446\u0430\",\"item\":\"https:\/\/www.ibc.ee\/no\/\"},{\"@type\":\"ListItem\",\"position\":2,\"name\":\"Butikk\",\"item\":\"https:\/\/www.ibc.ee\/no\/butikk\/\"},{\"@type\":\"ListItem\",\"position\":3,\"name\":\"NewCube FDA IBC 1000 \u2013 1000\u202fL FDA-sertifisert IBC-beholder for n\u00e6ringsmiddelgodkjente v\u00e6sker og sensitive bruksomr\u00e5der\"}]},{\"@type\":\"WebSite\",\"@id\":\"https:\/\/www.ibc.ee\/no\/#website\",\"url\":\"https:\/\/www.ibc.ee\/no\/\",\"name\":\"IBC konteineri m&uuml;&uuml;k, vaadid, kraanid, mahutid\",\"description\":\"IBC - Tank container valve, Adapters\\\\fittings, Intermediate bulk, container, Drums\/cans\",\"potentialAction\":[{\"@type\":\"SearchAction\",\"target\":{\"@type\":\"EntryPoint\",\"urlTemplate\":\"https:\/\/www.ibc.ee\/no\/?s={search_term_string}\"},\"query-input\":{\"@type\":\"PropertyValueSpecification\",\"valueRequired\":true,\"valueName\":\"search_term_string\"}}],\"inLanguage\":\"nb-NO\"}]}<\/script>\n<!-- \/ Yoast SEO plugin. -->","yoast_head_json":{"title":"NewCube FDA IBC 1000 \u2013 1000\u202fL FDA-sertifisert IBC-beholder for n\u00e6ringsmiddelgodkjente v\u00e6sker og sensitive bruksomr\u00e5der - IBC konteineri m&uuml;&uuml;k, vaadid, kraanid, mahutid","description":"NewCube FDA IBC 1000 er en helt ny 1000-liters IBC-beholder (Intermediate Bulk Container), spesialdesignet for trygg lagring og transport av n\u00e6ringsmiddelgodkjente v\u00e6sker, drikkevarer og andre ikke-farlige, hygiene-sensitive stoffer.","robots":{"index":"index","follow":"follow","max-snippet":"max-snippet:-1","max-image-preview":"max-image-preview:large","max-video-preview":"max-video-preview:-1"},"canonical":"https:\/\/ibc.ee\/no\/produkt\/newcube-fda-ibc-1000-1000-l-fda-sertifisert-ibc-beholder-for-naeringsmiddelgodkjente-vaesker-og-sensitive-bruksomrader\/","og_locale":"nb_NO","og_type":"article","og_title":"NewCube FDA IBC 1000 \u2013 1000\u202fL FDA-sertifisert IBC-beholder for n\u00e6ringsmiddelgodkjente v\u00e6sker og sensitive bruksomr\u00e5der - IBC konteineri m&uuml;&uuml;k, vaadid, kraanid, mahutid","og_description":"NewCube FDA IBC 1000 er en helt ny 1000-liters IBC-beholder (Intermediate Bulk Container), spesialdesignet for trygg lagring og transport av n\u00e6ringsmiddelgodkjente v\u00e6sker, drikkevarer og andre ikke-farlige, hygiene-sensitive stoffer.","og_url":"https:\/\/ibc.ee\/no\/produkt\/newcube-fda-ibc-1000-1000-l-fda-sertifisert-ibc-beholder-for-naeringsmiddelgodkjente-vaesker-og-sensitive-bruksomrader\/","og_site_name":"IBC konteineri m&uuml;&uuml;k, vaadid, kraanid, mahutid","article_modified_time":"2025-11-04T12:58:50+00:00","og_image":[{"width":1000,"height":1000,"url":"https:\/\/www.ibc.ee\/wp-content\/uploads\/2025\/11\/NewCube-FDA-IBC-1000-IBC-konteiner-toidukvaliteediga-vedelike-jaoks.jpg","type":"image\/jpeg"}],"twitter_card":"summary_large_image","twitter_misc":{"Ansl. lesetid":"1 minutt"},"schema":{"@context":"https:\/\/schema.org","@graph":[{"@type":"WebPage","@id":"https:\/\/ibc.ee\/no\/produkt\/newcube-fda-ibc-1000-1000-l-fda-sertifisert-ibc-beholder-for-naeringsmiddelgodkjente-vaesker-og-sensitive-bruksomrader\/","url":"https:\/\/ibc.ee\/no\/produkt\/newcube-fda-ibc-1000-1000-l-fda-sertifisert-ibc-beholder-for-naeringsmiddelgodkjente-vaesker-og-sensitive-bruksomrader\/","name":"NewCube FDA IBC 1000 \u2013 1000\u202fL FDA-sertifisert IBC-beholder for n\u00e6ringsmiddelgodkjente v\u00e6sker og sensitive bruksomr\u00e5der - IBC konteineri m&uuml;&uuml;k, vaadid, kraanid, mahutid","isPartOf":{"@id":"https:\/\/www.ibc.ee\/no\/#website"},"primaryImageOfPage":{"@id":"https:\/\/ibc.ee\/no\/produkt\/newcube-fda-ibc-1000-1000-l-fda-sertifisert-ibc-beholder-for-naeringsmiddelgodkjente-vaesker-og-sensitive-bruksomrader\/#primaryimage"},"image":{"@id":"https:\/\/ibc.ee\/no\/produkt\/newcube-fda-ibc-1000-1000-l-fda-sertifisert-ibc-beholder-for-naeringsmiddelgodkjente-vaesker-og-sensitive-bruksomrader\/#primaryimage"},"thumbnailUrl":"https:\/\/www.ibc.ee\/wp-content\/uploads\/2025\/11\/NewCube-FDA-IBC-1000-IBC-konteiner-toidukvaliteediga-vedelike-jaoks.jpg","datePublished":"2025-11-04T12:29:19+00:00","dateModified":"2025-11-04T12:58:50+00:00","description":"NewCube FDA IBC 1000 er en helt ny 1000-liters IBC-beholder (Intermediate Bulk Container), spesialdesignet for trygg lagring og transport av n\u00e6ringsmiddelgodkjente v\u00e6sker, drikkevarer og andre ikke-farlige, hygiene-sensitive stoffer.","breadcrumb":{"@id":"https:\/\/ibc.ee\/no\/produkt\/newcube-fda-ibc-1000-1000-l-fda-sertifisert-ibc-beholder-for-naeringsmiddelgodkjente-vaesker-og-sensitive-bruksomrader\/#breadcrumb"},"inLanguage":"nb-NO","potentialAction":[{"@type":"ReadAction","target":["https:\/\/ibc.ee\/no\/produkt\/newcube-fda-ibc-1000-1000-l-fda-sertifisert-ibc-beholder-for-naeringsmiddelgodkjente-vaesker-og-sensitive-bruksomrader\/"]}]},{"@type":"ImageObject","inLanguage":"nb-NO","@id":"https:\/\/ibc.ee\/no\/produkt\/newcube-fda-ibc-1000-1000-l-fda-sertifisert-ibc-beholder-for-naeringsmiddelgodkjente-vaesker-og-sensitive-bruksomrader\/#primaryimage","url":"https:\/\/www.ibc.ee\/wp-content\/uploads\/2025\/11\/NewCube-FDA-IBC-1000-IBC-konteiner-toidukvaliteediga-vedelike-jaoks.jpg","contentUrl":"https:\/\/www.ibc.ee\/wp-content\/uploads\/2025\/11\/NewCube-FDA-IBC-1000-IBC-konteiner-toidukvaliteediga-vedelike-jaoks.jpg","width":1000,"height":1000,"caption":"NewCube FDA IBC 1000 \u2013 1000L FDA-Compliant IBC Container for Food-Grade Liquids and Sensitive Applications"},{"@type":"BreadcrumbList","@id":"https:\/\/ibc.ee\/no\/produkt\/newcube-fda-ibc-1000-1000-l-fda-sertifisert-ibc-beholder-for-naeringsmiddelgodkjente-vaesker-og-sensitive-bruksomrader\/#breadcrumb","itemListElement":[{"@type":"ListItem","position":1,"name":"\u0413\u043b\u0430\u0432\u043d\u0430\u044f \u0441\u0442\u0440\u0430\u043d\u0438\u0446\u0430","item":"https:\/\/www.ibc.ee\/no\/"},{"@type":"ListItem","position":2,"name":"Butikk","item":"https:\/\/www.ibc.ee\/no\/butikk\/"},{"@type":"ListItem","position":3,"name":"NewCube FDA IBC 1000 \u2013 1000\u202fL FDA-sertifisert IBC-beholder for n\u00e6ringsmiddelgodkjente v\u00e6sker og sensitive bruksomr\u00e5der"}]},{"@type":"WebSite","@id":"https:\/\/www.ibc.ee\/no\/#website","url":"https:\/\/www.ibc.ee\/no\/","name":"IBC konteineri m&uuml;&uuml;k, vaadid, kraanid, mahutid","description":"IBC - Tank container valve, Adapters\\fittings, Intermediate bulk, container, Drums\/cans","potentialAction":[{"@type":"SearchAction","target":{"@type":"EntryPoint","urlTemplate":"https:\/\/www.ibc.ee\/no\/?s={search_term_string}"},"query-input":{"@type":"PropertyValueSpecification","valueRequired":true,"valueName":"search_term_string"}}],"inLanguage":"nb-NO"}]}},"_links":{"self":[{"href":"https:\/\/ibc.ee\/no\/wp-json\/wp\/v2\/product\/24674","targetHints":{"allow":["GET"]}}],"collection":[{"href":"https:\/\/ibc.ee\/no\/wp-json\/wp\/v2\/product"}],"about":[{"href":"https:\/\/ibc.ee\/no\/wp-json\/wp\/v2\/types\/product"}],"wp:featuredmedia":[{"embeddable":true,"href":"https:\/\/ibc.ee\/no\/wp-json\/wp\/v2\/media\/24682"}],"wp:attachment":[{"href":"https:\/\/ibc.ee\/no\/wp-json\/wp\/v2\/media?parent=24674"}],"wp:term":[{"taxonomy":"product_brand","embeddable":true,"href":"https:\/\/ibc.ee\/no\/wp-json\/wp\/v2\/product_brand?post=24674"},{"taxonomy":"product_cat","embeddable":true,"href":"https:\/\/ibc.ee\/no\/wp-json\/wp\/v2\/product_cat?post=24674"},{"taxonomy":"product_tag","embeddable":true,"href":"https:\/\/ibc.ee\/no\/wp-json\/wp\/v2\/product_tag?post=24674"}],"curies":[{"name":"wp","href":"https:\/\/api.w.org\/{rel}","templated":true}]}}