{"id":24692,"date":"2025-11-04T15:22:57","date_gmt":"2025-11-04T13:22:57","guid":{"rendered":"https:\/\/ibc.ee\/?post_type=product&#038;p=24692"},"modified":"2025-11-04T15:48:32","modified_gmt":"2025-11-04T13:48:32","slug":"newcube-fda-ibc-1000-blue-1000-l-fda-godkjent-bla-ibc-beholder-for-naeringsmidler-og-uv-sensitive-bruksomrader","status":"publish","type":"product","link":"https:\/\/ibc.ee\/no\/produkt\/newcube-fda-ibc-1000-blue-1000-l-fda-godkjent-bla-ibc-beholder-for-naeringsmidler-og-uv-sensitive-bruksomrader\/","title":{"rendered":"NewCube FDA IBC 1000 Blue \u2013 1000\u202fL FDA-godkjent bl\u00e5 IBC-beholder for n\u00e6ringsmidler og UV-sensitive bruksomr\u00e5der"},"content":{"rendered":"<p><strong>Viktige egenskaper<\/strong><br \/>\n&#8211; Kapasitet: 1000 liter (275 gallon)<br \/>\n&#8211; Sertifisering: FDA-godkjent \u2013 trygg for direkte kontakt med mat, drikke og drikkevann<br \/>\n&#8211; Materiale: Virgin HDPE, bl\u00e5seformet, n\u00e6ringsmiddelgodkjent og kjemikalieresistent<br \/>\n&#8211; Farge: Bl\u00e5, UV-beskyttet for utend\u00f8rs holdbarhet<br \/>\n&#8211; Ramme: Galvanisert st\u00e5lgitter med tilgang fra fire sider for truck<br \/>\n&#8211; Pall: Plast- eller komposittpall, solid og gjenbrukbar<br \/>\n&#8211; Lokk: \u00d8150 mm skrulokk med mulighet for plombering<br \/>\n&#8211; Utl\u00f8psventil: Standard S60x6 med beskyttelseslokk<br \/>\n&#8211; Gjenbrukbar: Enkel \u00e5 rengj\u00f8re, desinfisere og fylle p\u00e5 nytt<\/p>\n<p><strong>Hvorfor velge en bl\u00e5 FDA IBC-beholder?<\/strong><br \/>\n&#8211; Forbedret UV-beskyttelse \u2013 ideell for langtidslagring utend\u00f8rs<br \/>\n&#8211; Reduserer algevekst \u2013 mindre lysgjennomgang holder innholdet renere<br \/>\n&#8211; Matvaresikker \u2013 fullt i samsvar med FDA-regler<br \/>\n&#8211; Tydelig visuell identifikasjon \u2013 skiller n\u00e6ringsmiddelbeholdere fra industrielle eller farlige<br \/>\n&#8211; God beskyttelse for lysf\u00f8lsomme produkter, som naturlige ekstrakter<\/p>\n<p><strong>Anbefalte bruksomr\u00e5der<\/strong><br \/>\n&#8211; Ingredienser til mat og drikke \u2013 oljer, sirup, juice, smakstilsetninger<br \/>\n&#8211; Utend\u00f8rs lagring av drikkevann eller prosessv\u00e6sker<br \/>\n&#8211; Bruk i n\u00e6ringsmiddelindustri, catering, landbruk og kosmetikk<br \/>\n&#8211; Farmas\u00f8ytiske og hygieniske v\u00e6sker<br \/>\n&#8211; Ikke-farlige kjemikalier i kontrollerte, rene milj\u00f8er<\/p>\n<p><strong>Viktig informasjon<\/strong><br \/>\n&#8211; Leveres helt ny, ubrukt og FDA-godkjent<br \/>\n&#8211; Ikke UN-sertifisert \u2013 ikke egnet for farlig gods<br \/>\n&#8211; Dokumentasjon og merking tilgjengelig p\u00e5 foresp\u00f8rsel<\/p>\n","protected":false},"excerpt":{"rendered":"<p>NewCube FDA IBC 1000 Blue er en helt ny 1000-liters IBC-beholder (Intermediate Bulk Container) som er utviklet for trygg og hygienisk lagring og transport av n\u00e6ringsmiddelgodkjente v\u00e6sker, drikkevann og andre ikke-farlige stoffer.<br \/>\nDenne modellen har en UV-stabilisert bl\u00e5 HDPE-beholder, noe som gj\u00f8r den spesielt godt egnet for utend\u00f8rs bruk i omgivelser med mye sol og temperatursvingninger.<\/p>\n","protected":false},"featured_media":24700,"template":"","meta":[],"product_brand":[],"product_cat":[439],"product_tag":[],"class_list":{"0":"post-24692","1":"product","2":"type-product","3":"status-publish","4":"has-post-thumbnail","6":"product_cat-mellom-bulkbeholder-ibc-1000-liter","7":"product_shipping_class-beholdere","9":"first","10":"onbackorder","11":"taxable","12":"shipping-taxable","13":"product-type-simple"},"yoast_head":"<!-- This site is optimized with the Yoast SEO plugin v26.9 - https:\/\/yoast.com\/product\/yoast-seo-wordpress\/ -->\n<title>NewCube FDA IBC 1000 Blue \u2013 1000\u202fL FDA-godkjent bl\u00e5 IBC-beholder for n\u00e6ringsmidler og UV-sensitive bruksomr\u00e5der - IBC konteineri m&uuml;&uuml;k, vaadid, kraanid, mahutid<\/title>\n<meta name=\"description\" content=\"NewCube FDA IBC 1000 Blue er en helt ny 1000-liters IBC-beholder (Intermediate Bulk Container) som er utviklet for trygg og hygienisk lagring og transport av n\u00e6ringsmiddelgodkjente v\u00e6sker, drikkevann og andre ikke-farlige stoffer.\" \/>\n<meta name=\"robots\" content=\"index, follow, max-snippet:-1, max-image-preview:large, max-video-preview:-1\" \/>\n<link rel=\"canonical\" href=\"https:\/\/ibc.ee\/no\/produkt\/newcube-fda-ibc-1000-blue-1000-l-fda-godkjent-bla-ibc-beholder-for-naeringsmidler-og-uv-sensitive-bruksomrader\/\" \/>\n<meta property=\"og:locale\" content=\"nb_NO\" \/>\n<meta property=\"og:type\" content=\"article\" \/>\n<meta property=\"og:title\" content=\"NewCube FDA IBC 1000 Blue \u2013 1000\u202fL FDA-godkjent bl\u00e5 IBC-beholder for n\u00e6ringsmidler og UV-sensitive bruksomr\u00e5der - IBC konteineri m&uuml;&uuml;k, vaadid, kraanid, mahutid\" \/>\n<meta property=\"og:description\" content=\"NewCube FDA IBC 1000 Blue er en helt ny 1000-liters IBC-beholder (Intermediate Bulk Container) som er utviklet for trygg og hygienisk lagring og transport av n\u00e6ringsmiddelgodkjente v\u00e6sker, drikkevann og andre ikke-farlige stoffer.\" \/>\n<meta property=\"og:url\" content=\"https:\/\/ibc.ee\/no\/produkt\/newcube-fda-ibc-1000-blue-1000-l-fda-godkjent-bla-ibc-beholder-for-naeringsmidler-og-uv-sensitive-bruksomrader\/\" \/>\n<meta property=\"og:site_name\" content=\"IBC konteineri m&uuml;&uuml;k, vaadid, kraanid, mahutid\" \/>\n<meta property=\"article:modified_time\" content=\"2025-11-04T13:48:32+00:00\" \/>\n<meta property=\"og:image\" content=\"https:\/\/ibc.ee\/wp-content\/uploads\/2025\/11\/NewCube-FDA-IBC-1000-IBC-konteiner-toidukvaliteediga-vedelike-jaoks-sinine.jpg\" \/>\n\t<meta property=\"og:image:width\" content=\"1000\" \/>\n\t<meta property=\"og:image:height\" content=\"1000\" \/>\n\t<meta property=\"og:image:type\" content=\"image\/jpeg\" \/>\n<meta name=\"twitter:card\" content=\"summary_large_image\" \/>\n<meta name=\"twitter:label1\" content=\"Ansl. lesetid\" \/>\n\t<meta name=\"twitter:data1\" content=\"1 minutt\" \/>\n<script type=\"application\/ld+json\" class=\"yoast-schema-graph\">{\"@context\":\"https:\/\/schema.org\",\"@graph\":[{\"@type\":\"WebPage\",\"@id\":\"https:\/\/ibc.ee\/no\/produkt\/newcube-fda-ibc-1000-blue-1000-l-fda-godkjent-bla-ibc-beholder-for-naeringsmidler-og-uv-sensitive-bruksomrader\/\",\"url\":\"https:\/\/ibc.ee\/no\/produkt\/newcube-fda-ibc-1000-blue-1000-l-fda-godkjent-bla-ibc-beholder-for-naeringsmidler-og-uv-sensitive-bruksomrader\/\",\"name\":\"NewCube FDA IBC 1000 Blue \u2013 1000\u202fL FDA-godkjent bl\u00e5 IBC-beholder for n\u00e6ringsmidler og UV-sensitive bruksomr\u00e5der - IBC konteineri m&uuml;&uuml;k, vaadid, kraanid, mahutid\",\"isPartOf\":{\"@id\":\"https:\/\/www.ibc.ee\/no\/#website\"},\"primaryImageOfPage\":{\"@id\":\"https:\/\/ibc.ee\/no\/produkt\/newcube-fda-ibc-1000-blue-1000-l-fda-godkjent-bla-ibc-beholder-for-naeringsmidler-og-uv-sensitive-bruksomrader\/#primaryimage\"},\"image\":{\"@id\":\"https:\/\/ibc.ee\/no\/produkt\/newcube-fda-ibc-1000-blue-1000-l-fda-godkjent-bla-ibc-beholder-for-naeringsmidler-og-uv-sensitive-bruksomrader\/#primaryimage\"},\"thumbnailUrl\":\"https:\/\/ibc.ee\/wp-content\/uploads\/2025\/11\/NewCube-FDA-IBC-1000-IBC-konteiner-toidukvaliteediga-vedelike-jaoks-sinine.jpg\",\"datePublished\":\"2025-11-04T13:22:57+00:00\",\"dateModified\":\"2025-11-04T13:48:32+00:00\",\"description\":\"NewCube FDA IBC 1000 Blue er en helt ny 1000-liters IBC-beholder (Intermediate Bulk Container) som er utviklet for trygg og hygienisk lagring og transport av n\u00e6ringsmiddelgodkjente v\u00e6sker, drikkevann og andre ikke-farlige stoffer.\",\"breadcrumb\":{\"@id\":\"https:\/\/ibc.ee\/no\/produkt\/newcube-fda-ibc-1000-blue-1000-l-fda-godkjent-bla-ibc-beholder-for-naeringsmidler-og-uv-sensitive-bruksomrader\/#breadcrumb\"},\"inLanguage\":\"nb-NO\",\"potentialAction\":[{\"@type\":\"ReadAction\",\"target\":[\"https:\/\/ibc.ee\/no\/produkt\/newcube-fda-ibc-1000-blue-1000-l-fda-godkjent-bla-ibc-beholder-for-naeringsmidler-og-uv-sensitive-bruksomrader\/\"]}]},{\"@type\":\"ImageObject\",\"inLanguage\":\"nb-NO\",\"@id\":\"https:\/\/ibc.ee\/no\/produkt\/newcube-fda-ibc-1000-blue-1000-l-fda-godkjent-bla-ibc-beholder-for-naeringsmidler-og-uv-sensitive-bruksomrader\/#primaryimage\",\"url\":\"https:\/\/ibc.ee\/wp-content\/uploads\/2025\/11\/NewCube-FDA-IBC-1000-IBC-konteiner-toidukvaliteediga-vedelike-jaoks-sinine.jpg\",\"contentUrl\":\"https:\/\/ibc.ee\/wp-content\/uploads\/2025\/11\/NewCube-FDA-IBC-1000-IBC-konteiner-toidukvaliteediga-vedelike-jaoks-sinine.jpg\",\"width\":1000,\"height\":1000,\"caption\":\"NewCube FDA IBC 1000 Blue \u2013 1000L FDA-Compliant Blue IBC for Food-Grade and UV-Sensitive Applications\"},{\"@type\":\"BreadcrumbList\",\"@id\":\"https:\/\/ibc.ee\/no\/produkt\/newcube-fda-ibc-1000-blue-1000-l-fda-godkjent-bla-ibc-beholder-for-naeringsmidler-og-uv-sensitive-bruksomrader\/#breadcrumb\",\"itemListElement\":[{\"@type\":\"ListItem\",\"position\":1,\"name\":\"\u0413\u043b\u0430\u0432\u043d\u0430\u044f \u0441\u0442\u0440\u0430\u043d\u0438\u0446\u0430\",\"item\":\"https:\/\/www.ibc.ee\/no\/\"},{\"@type\":\"ListItem\",\"position\":2,\"name\":\"Butikk\",\"item\":\"https:\/\/www.ibc.ee\/no\/butikk\/\"},{\"@type\":\"ListItem\",\"position\":3,\"name\":\"NewCube FDA IBC 1000 Blue \u2013 1000\u202fL FDA-godkjent bl\u00e5 IBC-beholder for n\u00e6ringsmidler og UV-sensitive bruksomr\u00e5der\"}]},{\"@type\":\"WebSite\",\"@id\":\"https:\/\/www.ibc.ee\/no\/#website\",\"url\":\"https:\/\/www.ibc.ee\/no\/\",\"name\":\"IBC konteineri m&uuml;&uuml;k, vaadid, kraanid, mahutid\",\"description\":\"IBC - Tank container valve, Adapters\\\\fittings, Intermediate bulk, container, Drums\/cans\",\"potentialAction\":[{\"@type\":\"SearchAction\",\"target\":{\"@type\":\"EntryPoint\",\"urlTemplate\":\"https:\/\/www.ibc.ee\/no\/?s={search_term_string}\"},\"query-input\":{\"@type\":\"PropertyValueSpecification\",\"valueRequired\":true,\"valueName\":\"search_term_string\"}}],\"inLanguage\":\"nb-NO\"}]}<\/script>\n<!-- \/ Yoast SEO plugin. -->","yoast_head_json":{"title":"NewCube FDA IBC 1000 Blue \u2013 1000\u202fL FDA-godkjent bl\u00e5 IBC-beholder for n\u00e6ringsmidler og UV-sensitive bruksomr\u00e5der - IBC konteineri m&uuml;&uuml;k, vaadid, kraanid, mahutid","description":"NewCube FDA IBC 1000 Blue er en helt ny 1000-liters IBC-beholder (Intermediate Bulk Container) som er utviklet for trygg og hygienisk lagring og transport av n\u00e6ringsmiddelgodkjente v\u00e6sker, drikkevann og andre ikke-farlige stoffer.","robots":{"index":"index","follow":"follow","max-snippet":"max-snippet:-1","max-image-preview":"max-image-preview:large","max-video-preview":"max-video-preview:-1"},"canonical":"https:\/\/ibc.ee\/no\/produkt\/newcube-fda-ibc-1000-blue-1000-l-fda-godkjent-bla-ibc-beholder-for-naeringsmidler-og-uv-sensitive-bruksomrader\/","og_locale":"nb_NO","og_type":"article","og_title":"NewCube FDA IBC 1000 Blue \u2013 1000\u202fL FDA-godkjent bl\u00e5 IBC-beholder for n\u00e6ringsmidler og UV-sensitive bruksomr\u00e5der - IBC konteineri m&uuml;&uuml;k, vaadid, kraanid, mahutid","og_description":"NewCube FDA IBC 1000 Blue er en helt ny 1000-liters IBC-beholder (Intermediate Bulk Container) som er utviklet for trygg og hygienisk lagring og transport av n\u00e6ringsmiddelgodkjente v\u00e6sker, drikkevann og andre ikke-farlige stoffer.","og_url":"https:\/\/ibc.ee\/no\/produkt\/newcube-fda-ibc-1000-blue-1000-l-fda-godkjent-bla-ibc-beholder-for-naeringsmidler-og-uv-sensitive-bruksomrader\/","og_site_name":"IBC konteineri m&uuml;&uuml;k, vaadid, kraanid, mahutid","article_modified_time":"2025-11-04T13:48:32+00:00","og_image":[{"width":1000,"height":1000,"url":"https:\/\/ibc.ee\/wp-content\/uploads\/2025\/11\/NewCube-FDA-IBC-1000-IBC-konteiner-toidukvaliteediga-vedelike-jaoks-sinine.jpg","type":"image\/jpeg"}],"twitter_card":"summary_large_image","twitter_misc":{"Ansl. lesetid":"1 minutt"},"schema":{"@context":"https:\/\/schema.org","@graph":[{"@type":"WebPage","@id":"https:\/\/ibc.ee\/no\/produkt\/newcube-fda-ibc-1000-blue-1000-l-fda-godkjent-bla-ibc-beholder-for-naeringsmidler-og-uv-sensitive-bruksomrader\/","url":"https:\/\/ibc.ee\/no\/produkt\/newcube-fda-ibc-1000-blue-1000-l-fda-godkjent-bla-ibc-beholder-for-naeringsmidler-og-uv-sensitive-bruksomrader\/","name":"NewCube FDA IBC 1000 Blue \u2013 1000\u202fL FDA-godkjent bl\u00e5 IBC-beholder for n\u00e6ringsmidler og UV-sensitive bruksomr\u00e5der - IBC konteineri m&uuml;&uuml;k, vaadid, kraanid, mahutid","isPartOf":{"@id":"https:\/\/www.ibc.ee\/no\/#website"},"primaryImageOfPage":{"@id":"https:\/\/ibc.ee\/no\/produkt\/newcube-fda-ibc-1000-blue-1000-l-fda-godkjent-bla-ibc-beholder-for-naeringsmidler-og-uv-sensitive-bruksomrader\/#primaryimage"},"image":{"@id":"https:\/\/ibc.ee\/no\/produkt\/newcube-fda-ibc-1000-blue-1000-l-fda-godkjent-bla-ibc-beholder-for-naeringsmidler-og-uv-sensitive-bruksomrader\/#primaryimage"},"thumbnailUrl":"https:\/\/ibc.ee\/wp-content\/uploads\/2025\/11\/NewCube-FDA-IBC-1000-IBC-konteiner-toidukvaliteediga-vedelike-jaoks-sinine.jpg","datePublished":"2025-11-04T13:22:57+00:00","dateModified":"2025-11-04T13:48:32+00:00","description":"NewCube FDA IBC 1000 Blue er en helt ny 1000-liters IBC-beholder (Intermediate Bulk Container) som er utviklet for trygg og hygienisk lagring og transport av n\u00e6ringsmiddelgodkjente v\u00e6sker, drikkevann og andre ikke-farlige stoffer.","breadcrumb":{"@id":"https:\/\/ibc.ee\/no\/produkt\/newcube-fda-ibc-1000-blue-1000-l-fda-godkjent-bla-ibc-beholder-for-naeringsmidler-og-uv-sensitive-bruksomrader\/#breadcrumb"},"inLanguage":"nb-NO","potentialAction":[{"@type":"ReadAction","target":["https:\/\/ibc.ee\/no\/produkt\/newcube-fda-ibc-1000-blue-1000-l-fda-godkjent-bla-ibc-beholder-for-naeringsmidler-og-uv-sensitive-bruksomrader\/"]}]},{"@type":"ImageObject","inLanguage":"nb-NO","@id":"https:\/\/ibc.ee\/no\/produkt\/newcube-fda-ibc-1000-blue-1000-l-fda-godkjent-bla-ibc-beholder-for-naeringsmidler-og-uv-sensitive-bruksomrader\/#primaryimage","url":"https:\/\/ibc.ee\/wp-content\/uploads\/2025\/11\/NewCube-FDA-IBC-1000-IBC-konteiner-toidukvaliteediga-vedelike-jaoks-sinine.jpg","contentUrl":"https:\/\/ibc.ee\/wp-content\/uploads\/2025\/11\/NewCube-FDA-IBC-1000-IBC-konteiner-toidukvaliteediga-vedelike-jaoks-sinine.jpg","width":1000,"height":1000,"caption":"NewCube FDA IBC 1000 Blue \u2013 1000L FDA-Compliant Blue IBC for Food-Grade and UV-Sensitive Applications"},{"@type":"BreadcrumbList","@id":"https:\/\/ibc.ee\/no\/produkt\/newcube-fda-ibc-1000-blue-1000-l-fda-godkjent-bla-ibc-beholder-for-naeringsmidler-og-uv-sensitive-bruksomrader\/#breadcrumb","itemListElement":[{"@type":"ListItem","position":1,"name":"\u0413\u043b\u0430\u0432\u043d\u0430\u044f \u0441\u0442\u0440\u0430\u043d\u0438\u0446\u0430","item":"https:\/\/www.ibc.ee\/no\/"},{"@type":"ListItem","position":2,"name":"Butikk","item":"https:\/\/www.ibc.ee\/no\/butikk\/"},{"@type":"ListItem","position":3,"name":"NewCube FDA IBC 1000 Blue \u2013 1000\u202fL FDA-godkjent bl\u00e5 IBC-beholder for n\u00e6ringsmidler og UV-sensitive bruksomr\u00e5der"}]},{"@type":"WebSite","@id":"https:\/\/www.ibc.ee\/no\/#website","url":"https:\/\/www.ibc.ee\/no\/","name":"IBC konteineri m&uuml;&uuml;k, vaadid, kraanid, mahutid","description":"IBC - Tank container valve, Adapters\\fittings, Intermediate bulk, container, Drums\/cans","potentialAction":[{"@type":"SearchAction","target":{"@type":"EntryPoint","urlTemplate":"https:\/\/www.ibc.ee\/no\/?s={search_term_string}"},"query-input":{"@type":"PropertyValueSpecification","valueRequired":true,"valueName":"search_term_string"}}],"inLanguage":"nb-NO"}]}},"_links":{"self":[{"href":"https:\/\/ibc.ee\/no\/wp-json\/wp\/v2\/product\/24692","targetHints":{"allow":["GET"]}}],"collection":[{"href":"https:\/\/ibc.ee\/no\/wp-json\/wp\/v2\/product"}],"about":[{"href":"https:\/\/ibc.ee\/no\/wp-json\/wp\/v2\/types\/product"}],"wp:featuredmedia":[{"embeddable":true,"href":"https:\/\/ibc.ee\/no\/wp-json\/wp\/v2\/media\/24700"}],"wp:attachment":[{"href":"https:\/\/ibc.ee\/no\/wp-json\/wp\/v2\/media?parent=24692"}],"wp:term":[{"taxonomy":"product_brand","embeddable":true,"href":"https:\/\/ibc.ee\/no\/wp-json\/wp\/v2\/product_brand?post=24692"},{"taxonomy":"product_cat","embeddable":true,"href":"https:\/\/ibc.ee\/no\/wp-json\/wp\/v2\/product_cat?post=24692"},{"taxonomy":"product_tag","embeddable":true,"href":"https:\/\/ibc.ee\/no\/wp-json\/wp\/v2\/product_tag?post=24692"}],"curies":[{"name":"wp","href":"https:\/\/api.w.org\/{rel}","templated":true}]}}