{"id":24711,"date":"2025-11-04T16:26:29","date_gmt":"2025-11-04T14:26:30","guid":{"rendered":"https:\/\/ibc.ee\/?post_type=product&#038;p=24711"},"modified":"2025-11-04T16:48:00","modified_gmt":"2025-11-04T14:48:00","slug":"renewcube-fda-ibc-1000-blue-1000-l-rekondisjonert-bla-ibc-beholder-med-fda-godkjenning","status":"publish","type":"product","link":"https:\/\/ibc.ee\/no\/produkt\/renewcube-fda-ibc-1000-blue-1000-l-rekondisjonert-bla-ibc-beholder-med-fda-godkjenning\/","title":{"rendered":"ReNewCube FDA IBC 1000 Blue \u2013 1000\u202fL rekondisjonert bl\u00e5 IBC-beholder med FDA-godkjenning"},"content":{"rendered":"<p><strong>Viktige egenskaper<\/strong><br \/>\n&#8211; Kapasitet: 1000 liter (275 gallon)<br \/>\n&#8211; Tilstand: Rekondisjonert, grundig rengjort og testet<br \/>\n&#8211; Sertifisering: FDA-godkjent \u2013 egnet for direkte kontakt med mat og drikkevann<br \/>\n&#8211; Materiale: Virgin HDPE (gjenbrukt tank), bl\u00e5st st\u00f8pt, n\u00e6ringsmiddelgodkjent<br \/>\n&#8211; Farge: Bl\u00e5 \u2013 UV-bestandig og reduserer algevekst<br \/>\n&#8211; Ramme: Galvanisert st\u00e5lgitter med tilgang fra alle fire sider for truck<br \/>\n&#8211; Pall: Robust plast- eller komposittpall, egnet for gjenbruk<br \/>\n&#8211; Lokk: \u00d8150 mm skrulokk med mulighet for plombering<br \/>\n&#8211; Utl\u00f8psventil: Standard S60x6 med beskyttelseslokk<br \/>\n&#8211; Gjenbrukbar: Desinfisert, lekkasjetestet og klar til p\u00e5fylling<\/p>\n<p><strong>Hvorfor velge en rekondisjonert bl\u00e5 FDA IBC?<\/strong><br \/>\n&#8211; Kostnadseffektivt alternativ til ny FDA-sertifisert container<br \/>\n&#8211; Bl\u00e5 UV-beskyttet tank \u2013 perfekt for langtidslagring utend\u00f8rs<br \/>\n&#8211; Reduserer vekst av alger \u2013 bedre hygiene under sollys<br \/>\n&#8211; FDA-godkjenning til en lavere pris<br \/>\n&#8211; Milj\u00f8vennlig valg \u2013 st\u00f8tter b\u00e6rekraft og gjenbruk<\/p>\n<p><strong>Anbefalte bruksomr\u00e5der<\/strong><br \/>\n&#8211; Mat- og drikkeindustri \u2013 oljer, sirup, juice, smakstilsetninger<br \/>\n&#8211; Lagring av drikkevann eller matv\u00e6ske utend\u00f8rs<br \/>\n&#8211; Landbruk, catering, kosmetikk og hygiene<br \/>\n&#8211; Farmas\u00f8ytiske v\u00e6sker og sensitive l\u00f8sninger<br \/>\n&#8211; Ikke-farlige kjemikalier i rene og kontrollerte milj\u00f8er<\/p>\n<p><strong>Viktig informasjon<\/strong><br \/>\n&#8211; Beholderen er brukt, men profesjonelt rengjort og FDA-godkjent<br \/>\n&#8211; Ikke UN-sertifisert \u2013 ikke egnet for farlig gods<br \/>\n&#8211; Merking og rengj\u00f8ringssertifikat tilgjengelig p\u00e5 foresp\u00f8rsel<\/p>\n","protected":false},"excerpt":{"rendered":"<p>ReNewCube FDA IBC 1000 Blue er en profesjonelt rengjort og rekondisjonert 1000-liters IBC-beholder (Intermediate Bulk Container), utviklet for trygg gjenbruk og hygienisk lagring av n\u00e6ringsmiddelgodkjente v\u00e6sker, drikkevann og andre ikke-farlige stoffer.<br \/>\nBeholderen er laget av FDA-godkjente materialer og har en UV-stabilisert bl\u00e5 HDPE-tank, som gj\u00f8r den ideell for utend\u00f8rs bruk og milj\u00f8er som krever h\u00f8y hygiene \u2013 men til en lavere pris enn en ny container.<\/p>\n","protected":false},"featured_media":24719,"template":"","meta":[],"product_brand":[],"product_cat":[439],"product_tag":[],"class_list":{"0":"post-24711","1":"product","2":"type-product","3":"status-publish","4":"has-post-thumbnail","6":"product_cat-mellom-bulkbeholder-ibc-1000-liter","7":"product_shipping_class-beholdere","9":"first","10":"onbackorder","11":"taxable","12":"shipping-taxable","13":"product-type-simple"},"yoast_head":"<!-- This site is optimized with the Yoast SEO plugin v26.9 - https:\/\/yoast.com\/product\/yoast-seo-wordpress\/ -->\n<title>ReNewCube FDA IBC 1000 Blue \u2013 1000\u202fL rekondisjonert bl\u00e5 IBC-beholder med FDA-godkjenning - IBC konteineri m&uuml;&uuml;k, vaadid, kraanid, mahutid<\/title>\n<meta name=\"description\" content=\"ReNewCube FDA IBC 1000 Blue er en profesjonelt rengjort og rekondisjonert 1000-liters IBC-beholder (Intermediate Bulk Container), utviklet for trygg gjenbruk og hygienisk lagring av n\u00e6ringsmiddelgodkjente v\u00e6sker, drikkevann og andre ikke-farlige stoffer.\" \/>\n<meta name=\"robots\" content=\"index, follow, max-snippet:-1, max-image-preview:large, max-video-preview:-1\" \/>\n<link rel=\"canonical\" href=\"https:\/\/ibc.ee\/no\/produkt\/renewcube-fda-ibc-1000-blue-1000-l-rekondisjonert-bla-ibc-beholder-med-fda-godkjenning\/\" \/>\n<meta property=\"og:locale\" content=\"nb_NO\" \/>\n<meta property=\"og:type\" content=\"article\" \/>\n<meta property=\"og:title\" content=\"ReNewCube FDA IBC 1000 Blue \u2013 1000\u202fL rekondisjonert bl\u00e5 IBC-beholder med FDA-godkjenning - IBC konteineri m&uuml;&uuml;k, vaadid, kraanid, mahutid\" \/>\n<meta property=\"og:description\" content=\"ReNewCube FDA IBC 1000 Blue er en profesjonelt rengjort og rekondisjonert 1000-liters IBC-beholder (Intermediate Bulk Container), utviklet for trygg gjenbruk og hygienisk lagring av n\u00e6ringsmiddelgodkjente v\u00e6sker, drikkevann og andre ikke-farlige stoffer.\" \/>\n<meta property=\"og:url\" content=\"https:\/\/ibc.ee\/no\/produkt\/renewcube-fda-ibc-1000-blue-1000-l-rekondisjonert-bla-ibc-beholder-med-fda-godkjenning\/\" \/>\n<meta property=\"og:site_name\" content=\"IBC konteineri m&uuml;&uuml;k, vaadid, kraanid, mahutid\" \/>\n<meta property=\"article:modified_time\" content=\"2025-11-04T14:48:00+00:00\" \/>\n<meta property=\"og:image\" content=\"https:\/\/ibc.ee\/wp-content\/uploads\/2025\/11\/ReNewCube-FDA-IBC-1000-sinine-taastatud-konteiner-mis-vastab-FDA-nouetele.jpg\" \/>\n\t<meta property=\"og:image:width\" content=\"1000\" \/>\n\t<meta property=\"og:image:height\" content=\"1000\" \/>\n\t<meta property=\"og:image:type\" content=\"image\/jpeg\" \/>\n<meta name=\"twitter:card\" content=\"summary_large_image\" \/>\n<meta name=\"twitter:label1\" content=\"Ansl. lesetid\" \/>\n\t<meta name=\"twitter:data1\" content=\"1 minutt\" \/>\n<script type=\"application\/ld+json\" class=\"yoast-schema-graph\">{\"@context\":\"https:\/\/schema.org\",\"@graph\":[{\"@type\":\"WebPage\",\"@id\":\"https:\/\/ibc.ee\/no\/produkt\/renewcube-fda-ibc-1000-blue-1000-l-rekondisjonert-bla-ibc-beholder-med-fda-godkjenning\/\",\"url\":\"https:\/\/ibc.ee\/no\/produkt\/renewcube-fda-ibc-1000-blue-1000-l-rekondisjonert-bla-ibc-beholder-med-fda-godkjenning\/\",\"name\":\"ReNewCube FDA IBC 1000 Blue \u2013 1000\u202fL rekondisjonert bl\u00e5 IBC-beholder med FDA-godkjenning - IBC konteineri m&uuml;&uuml;k, vaadid, kraanid, mahutid\",\"isPartOf\":{\"@id\":\"https:\/\/www.ibc.ee\/no\/#website\"},\"primaryImageOfPage\":{\"@id\":\"https:\/\/ibc.ee\/no\/produkt\/renewcube-fda-ibc-1000-blue-1000-l-rekondisjonert-bla-ibc-beholder-med-fda-godkjenning\/#primaryimage\"},\"image\":{\"@id\":\"https:\/\/ibc.ee\/no\/produkt\/renewcube-fda-ibc-1000-blue-1000-l-rekondisjonert-bla-ibc-beholder-med-fda-godkjenning\/#primaryimage\"},\"thumbnailUrl\":\"https:\/\/ibc.ee\/wp-content\/uploads\/2025\/11\/ReNewCube-FDA-IBC-1000-sinine-taastatud-konteiner-mis-vastab-FDA-nouetele.jpg\",\"datePublished\":\"2025-11-04T14:26:30+00:00\",\"dateModified\":\"2025-11-04T14:48:00+00:00\",\"description\":\"ReNewCube FDA IBC 1000 Blue er en profesjonelt rengjort og rekondisjonert 1000-liters IBC-beholder (Intermediate Bulk Container), utviklet for trygg gjenbruk og hygienisk lagring av n\u00e6ringsmiddelgodkjente v\u00e6sker, drikkevann og andre ikke-farlige stoffer.\",\"breadcrumb\":{\"@id\":\"https:\/\/ibc.ee\/no\/produkt\/renewcube-fda-ibc-1000-blue-1000-l-rekondisjonert-bla-ibc-beholder-med-fda-godkjenning\/#breadcrumb\"},\"inLanguage\":\"nb-NO\",\"potentialAction\":[{\"@type\":\"ReadAction\",\"target\":[\"https:\/\/ibc.ee\/no\/produkt\/renewcube-fda-ibc-1000-blue-1000-l-rekondisjonert-bla-ibc-beholder-med-fda-godkjenning\/\"]}]},{\"@type\":\"ImageObject\",\"inLanguage\":\"nb-NO\",\"@id\":\"https:\/\/ibc.ee\/no\/produkt\/renewcube-fda-ibc-1000-blue-1000-l-rekondisjonert-bla-ibc-beholder-med-fda-godkjenning\/#primaryimage\",\"url\":\"https:\/\/ibc.ee\/wp-content\/uploads\/2025\/11\/ReNewCube-FDA-IBC-1000-sinine-taastatud-konteiner-mis-vastab-FDA-nouetele.jpg\",\"contentUrl\":\"https:\/\/ibc.ee\/wp-content\/uploads\/2025\/11\/ReNewCube-FDA-IBC-1000-sinine-taastatud-konteiner-mis-vastab-FDA-nouetele.jpg\",\"width\":1000,\"height\":1000,\"caption\":\"ReNewCube FDA IBC 1000 Blue \u2013 1000L Reconditioned Blue IBC Container with FDA Compliance\"},{\"@type\":\"BreadcrumbList\",\"@id\":\"https:\/\/ibc.ee\/no\/produkt\/renewcube-fda-ibc-1000-blue-1000-l-rekondisjonert-bla-ibc-beholder-med-fda-godkjenning\/#breadcrumb\",\"itemListElement\":[{\"@type\":\"ListItem\",\"position\":1,\"name\":\"\u0413\u043b\u0430\u0432\u043d\u0430\u044f \u0441\u0442\u0440\u0430\u043d\u0438\u0446\u0430\",\"item\":\"https:\/\/www.ibc.ee\/no\/\"},{\"@type\":\"ListItem\",\"position\":2,\"name\":\"Butikk\",\"item\":\"https:\/\/www.ibc.ee\/no\/butikk\/\"},{\"@type\":\"ListItem\",\"position\":3,\"name\":\"ReNewCube FDA IBC 1000 Blue \u2013 1000\u202fL rekondisjonert bl\u00e5 IBC-beholder med FDA-godkjenning\"}]},{\"@type\":\"WebSite\",\"@id\":\"https:\/\/www.ibc.ee\/no\/#website\",\"url\":\"https:\/\/www.ibc.ee\/no\/\",\"name\":\"IBC konteineri m&uuml;&uuml;k, vaadid, kraanid, mahutid\",\"description\":\"IBC - Tank container valve, Adapters\\\\fittings, Intermediate bulk, container, Drums\/cans\",\"potentialAction\":[{\"@type\":\"SearchAction\",\"target\":{\"@type\":\"EntryPoint\",\"urlTemplate\":\"https:\/\/www.ibc.ee\/no\/?s={search_term_string}\"},\"query-input\":{\"@type\":\"PropertyValueSpecification\",\"valueRequired\":true,\"valueName\":\"search_term_string\"}}],\"inLanguage\":\"nb-NO\"}]}<\/script>\n<!-- \/ Yoast SEO plugin. -->","yoast_head_json":{"title":"ReNewCube FDA IBC 1000 Blue \u2013 1000\u202fL rekondisjonert bl\u00e5 IBC-beholder med FDA-godkjenning - IBC konteineri m&uuml;&uuml;k, vaadid, kraanid, mahutid","description":"ReNewCube FDA IBC 1000 Blue er en profesjonelt rengjort og rekondisjonert 1000-liters IBC-beholder (Intermediate Bulk Container), utviklet for trygg gjenbruk og hygienisk lagring av n\u00e6ringsmiddelgodkjente v\u00e6sker, drikkevann og andre ikke-farlige stoffer.","robots":{"index":"index","follow":"follow","max-snippet":"max-snippet:-1","max-image-preview":"max-image-preview:large","max-video-preview":"max-video-preview:-1"},"canonical":"https:\/\/ibc.ee\/no\/produkt\/renewcube-fda-ibc-1000-blue-1000-l-rekondisjonert-bla-ibc-beholder-med-fda-godkjenning\/","og_locale":"nb_NO","og_type":"article","og_title":"ReNewCube FDA IBC 1000 Blue \u2013 1000\u202fL rekondisjonert bl\u00e5 IBC-beholder med FDA-godkjenning - IBC konteineri m&uuml;&uuml;k, vaadid, kraanid, mahutid","og_description":"ReNewCube FDA IBC 1000 Blue er en profesjonelt rengjort og rekondisjonert 1000-liters IBC-beholder (Intermediate Bulk Container), utviklet for trygg gjenbruk og hygienisk lagring av n\u00e6ringsmiddelgodkjente v\u00e6sker, drikkevann og andre ikke-farlige stoffer.","og_url":"https:\/\/ibc.ee\/no\/produkt\/renewcube-fda-ibc-1000-blue-1000-l-rekondisjonert-bla-ibc-beholder-med-fda-godkjenning\/","og_site_name":"IBC konteineri m&uuml;&uuml;k, vaadid, kraanid, mahutid","article_modified_time":"2025-11-04T14:48:00+00:00","og_image":[{"width":1000,"height":1000,"url":"https:\/\/ibc.ee\/wp-content\/uploads\/2025\/11\/ReNewCube-FDA-IBC-1000-sinine-taastatud-konteiner-mis-vastab-FDA-nouetele.jpg","type":"image\/jpeg"}],"twitter_card":"summary_large_image","twitter_misc":{"Ansl. lesetid":"1 minutt"},"schema":{"@context":"https:\/\/schema.org","@graph":[{"@type":"WebPage","@id":"https:\/\/ibc.ee\/no\/produkt\/renewcube-fda-ibc-1000-blue-1000-l-rekondisjonert-bla-ibc-beholder-med-fda-godkjenning\/","url":"https:\/\/ibc.ee\/no\/produkt\/renewcube-fda-ibc-1000-blue-1000-l-rekondisjonert-bla-ibc-beholder-med-fda-godkjenning\/","name":"ReNewCube FDA IBC 1000 Blue \u2013 1000\u202fL rekondisjonert bl\u00e5 IBC-beholder med FDA-godkjenning - IBC konteineri m&uuml;&uuml;k, vaadid, kraanid, mahutid","isPartOf":{"@id":"https:\/\/www.ibc.ee\/no\/#website"},"primaryImageOfPage":{"@id":"https:\/\/ibc.ee\/no\/produkt\/renewcube-fda-ibc-1000-blue-1000-l-rekondisjonert-bla-ibc-beholder-med-fda-godkjenning\/#primaryimage"},"image":{"@id":"https:\/\/ibc.ee\/no\/produkt\/renewcube-fda-ibc-1000-blue-1000-l-rekondisjonert-bla-ibc-beholder-med-fda-godkjenning\/#primaryimage"},"thumbnailUrl":"https:\/\/ibc.ee\/wp-content\/uploads\/2025\/11\/ReNewCube-FDA-IBC-1000-sinine-taastatud-konteiner-mis-vastab-FDA-nouetele.jpg","datePublished":"2025-11-04T14:26:30+00:00","dateModified":"2025-11-04T14:48:00+00:00","description":"ReNewCube FDA IBC 1000 Blue er en profesjonelt rengjort og rekondisjonert 1000-liters IBC-beholder (Intermediate Bulk Container), utviklet for trygg gjenbruk og hygienisk lagring av n\u00e6ringsmiddelgodkjente v\u00e6sker, drikkevann og andre ikke-farlige stoffer.","breadcrumb":{"@id":"https:\/\/ibc.ee\/no\/produkt\/renewcube-fda-ibc-1000-blue-1000-l-rekondisjonert-bla-ibc-beholder-med-fda-godkjenning\/#breadcrumb"},"inLanguage":"nb-NO","potentialAction":[{"@type":"ReadAction","target":["https:\/\/ibc.ee\/no\/produkt\/renewcube-fda-ibc-1000-blue-1000-l-rekondisjonert-bla-ibc-beholder-med-fda-godkjenning\/"]}]},{"@type":"ImageObject","inLanguage":"nb-NO","@id":"https:\/\/ibc.ee\/no\/produkt\/renewcube-fda-ibc-1000-blue-1000-l-rekondisjonert-bla-ibc-beholder-med-fda-godkjenning\/#primaryimage","url":"https:\/\/ibc.ee\/wp-content\/uploads\/2025\/11\/ReNewCube-FDA-IBC-1000-sinine-taastatud-konteiner-mis-vastab-FDA-nouetele.jpg","contentUrl":"https:\/\/ibc.ee\/wp-content\/uploads\/2025\/11\/ReNewCube-FDA-IBC-1000-sinine-taastatud-konteiner-mis-vastab-FDA-nouetele.jpg","width":1000,"height":1000,"caption":"ReNewCube FDA IBC 1000 Blue \u2013 1000L Reconditioned Blue IBC Container with FDA Compliance"},{"@type":"BreadcrumbList","@id":"https:\/\/ibc.ee\/no\/produkt\/renewcube-fda-ibc-1000-blue-1000-l-rekondisjonert-bla-ibc-beholder-med-fda-godkjenning\/#breadcrumb","itemListElement":[{"@type":"ListItem","position":1,"name":"\u0413\u043b\u0430\u0432\u043d\u0430\u044f \u0441\u0442\u0440\u0430\u043d\u0438\u0446\u0430","item":"https:\/\/www.ibc.ee\/no\/"},{"@type":"ListItem","position":2,"name":"Butikk","item":"https:\/\/www.ibc.ee\/no\/butikk\/"},{"@type":"ListItem","position":3,"name":"ReNewCube FDA IBC 1000 Blue \u2013 1000\u202fL rekondisjonert bl\u00e5 IBC-beholder med FDA-godkjenning"}]},{"@type":"WebSite","@id":"https:\/\/www.ibc.ee\/no\/#website","url":"https:\/\/www.ibc.ee\/no\/","name":"IBC konteineri m&uuml;&uuml;k, vaadid, kraanid, mahutid","description":"IBC - Tank container valve, Adapters\\fittings, Intermediate bulk, container, Drums\/cans","potentialAction":[{"@type":"SearchAction","target":{"@type":"EntryPoint","urlTemplate":"https:\/\/www.ibc.ee\/no\/?s={search_term_string}"},"query-input":{"@type":"PropertyValueSpecification","valueRequired":true,"valueName":"search_term_string"}}],"inLanguage":"nb-NO"}]}},"_links":{"self":[{"href":"https:\/\/ibc.ee\/no\/wp-json\/wp\/v2\/product\/24711","targetHints":{"allow":["GET"]}}],"collection":[{"href":"https:\/\/ibc.ee\/no\/wp-json\/wp\/v2\/product"}],"about":[{"href":"https:\/\/ibc.ee\/no\/wp-json\/wp\/v2\/types\/product"}],"wp:featuredmedia":[{"embeddable":true,"href":"https:\/\/ibc.ee\/no\/wp-json\/wp\/v2\/media\/24719"}],"wp:attachment":[{"href":"https:\/\/ibc.ee\/no\/wp-json\/wp\/v2\/media?parent=24711"}],"wp:term":[{"taxonomy":"product_brand","embeddable":true,"href":"https:\/\/ibc.ee\/no\/wp-json\/wp\/v2\/product_brand?post=24711"},{"taxonomy":"product_cat","embeddable":true,"href":"https:\/\/ibc.ee\/no\/wp-json\/wp\/v2\/product_cat?post=24711"},{"taxonomy":"product_tag","embeddable":true,"href":"https:\/\/ibc.ee\/no\/wp-json\/wp\/v2\/product_tag?post=24711"}],"curies":[{"name":"wp","href":"https:\/\/api.w.org\/{rel}","templated":true}]}}