{"id":23919,"date":"2025-04-25T08:41:25","date_gmt":"2025-04-25T06:41:25","guid":{"rendered":"https:\/\/ibc.ee\/kontakta-oss\/"},"modified":"2025-04-25T08:41:26","modified_gmt":"2025-04-25T06:41:26","slug":"kontakta-oss","status":"publish","type":"page","link":"https:\/\/ibc.ee\/sv\/kontakta-oss\/","title":{"rendered":"Kontakta oss"},"content":{"rendered":"<p>[vc_row full_width=&#8221;stretch_row_content_no_spaces&#8221; layout=&#8221;ts-row-boxed&#8221; enable_parallax=&#8221;&#8221; el_class=&#8221;map-contact&#8221;][vc_column]\t\t<div class=\"google-map-container\" style=\"height:560px\" \n\t\t\tdata-address=\"Estonia,Harjumaa,Maardu, Lao 4\" data-zoom=\"12\" data-map_type=\"ROADMAP\" data-title=\"\">\n\t\t\t<div style=\"height:560px\"><\/div>\n\t\t<\/div>\n\t\t[\/vc_column][\/vc_row][vc_row css=&#8221;.vc_custom_1478007643581{padding-top: 26px !important;}&#8221;][vc_column][vc_column_text]<\/p>\n<h5 style=\"color: #000000; text-align: center; margin: 0;\">DU \u00c4R V\u00c4LKOMMEN<\/h5>\n<h3 class=\"title-bottom-line\" style=\"font-weight: bold; color: #000000; text-align: center;\">H\u00c5LL KONTAKTEN<\/h3>\n<p style=\"text-align: center;\">Kontakta oss g\u00e4rna genom att anv\u00e4nda kontaktuppgifterna nedan. Vi svarar p\u00e5 dina f\u00f6rfr\u00e5gningar och fr\u00e5gor m\u00e5ndag till fredag 9:00 &#8211; 17:00 <\/p>\n<p>[\/vc_column_text][vc_row_inner css=&#8221;.vc_custom_1478053234990{padding-top: 30px !important;}&#8221;][vc_column_inner width=&#8221;1\/3&#8243;][vc_column_text]<\/p>\n<div class=\"office-address primary-text\" style=\"text-align: center;\">KONTORETS ADRESS<\/div>\n<p style=\"text-align: center;\">Eesti, Maardu 74114, Lao 4<\/p>\n<p>[\/vc_column_text][\/vc_column_inner][vc_column_inner width=&#8221;1\/3&#8243;][vc_column_text]<\/p>\n<div class=\"phone-numbers primary-text\" style=\"text-align: center;\">TELEFONNUMREN<\/div>\n<p class=\"text-color-default\" style=\"text-align: center;\">+372 5504440<\/p>\n<p style=\"text-align: center;\">+372 5098500<\/p>\n<p style=\"text-align: center;\">+372 55513600<\/p>\n<p>[\/vc_column_text][\/vc_column_inner][vc_column_inner width=&#8221;1\/3&#8243;][vc_column_text]<\/p>\n<div class=\"email-address primary-text\" style=\"text-align: center;\">E-POSTADRESS<\/div>\n<p style=\"text-align: center;\">info@ibc.ee<\/p>\n<p>[\/vc_column_text][\/vc_column_inner][\/vc_row_inner][\/vc_column][\/vc_row]<\/p>\n","protected":false},"excerpt":{"rendered":"<p>[vc_row full_width=&#8221;stretch_row_content_no_spaces&#8221; layout=&#8221;ts-row-boxed&#8221; enable_parallax=&#8221;&#8221; el_class=&#8221;map-contact&#8221;][vc_column][\/vc_column][\/vc_row][vc_row css=&#8221;.vc_custom_1478007643581{padding-top: 26px !important;}&#8221;][vc_column][vc_column_text] DU \u00c4R V\u00c4LKOMMEN H\u00c5LL KONTAKTEN Kontakta oss g\u00e4rna genom att anv\u00e4nda kontaktuppgifterna nedan. Vi svarar p\u00e5 dina f\u00f6rfr\u00e5gningar och fr\u00e5gor m\u00e5ndag till fredag 9:00 &#8211; 17:00 [\/vc_column_text][vc_row_inner css=&#8221;.vc_custom_1478053234990{padding-top: 30px !important;}&#8221;][vc_column_inner width=&#8221;1\/3&#8243;][vc_column_text] KONTORETS ADRESS Eesti, Maardu 74114, Lao 4 [\/vc_column_text][\/vc_column_inner][vc_column_inner width=&#8221;1\/3&#8243;][vc_column_text] TELEFONNUMREN +372 5504440 +372 5098500 +372 55513600 [&hellip;]<\/p>\n","protected":false},"author":1,"featured_media":0,"parent":0,"menu_order":0,"comment_status":"closed","ping_status":"closed","template":"","meta":{"footnotes":""},"class_list":["post-23919","page","type-page","status-publish","hentry"],"yoast_head":"<!-- This site is optimized with the Yoast SEO plugin v26.9 - https:\/\/yoast.com\/product\/yoast-seo-wordpress\/ -->\n<title>Kontakta oss - IBC konteineri m&uuml;&uuml;k, vaadid, kraanid, mahutid<\/title>\n<meta name=\"robots\" content=\"index, follow, max-snippet:-1, max-image-preview:large, max-video-preview:-1\" \/>\n<link rel=\"canonical\" href=\"https:\/\/ibc.ee\/sv\/kontakta-oss\/\" \/>\n<meta property=\"og:locale\" content=\"sv_SE\" \/>\n<meta property=\"og:type\" content=\"article\" \/>\n<meta property=\"og:title\" content=\"Kontakta oss - IBC konteineri m&uuml;&uuml;k, vaadid, kraanid, mahutid\" \/>\n<meta property=\"og:description\" content=\"[vc_row full_width=&#8221;stretch_row_content_no_spaces&#8221; layout=&#8221;ts-row-boxed&#8221; enable_parallax=&#8221;&#8221; el_class=&#8221;map-contact&#8221;][vc_column][\/vc_column][\/vc_row][vc_row css=&#8221;.vc_custom_1478007643581{padding-top: 26px !important;}&#8221;][vc_column][vc_column_text] DU \u00c4R V\u00c4LKOMMEN H\u00c5LL KONTAKTEN Kontakta oss g\u00e4rna genom att anv\u00e4nda kontaktuppgifterna nedan. Vi svarar p\u00e5 dina f\u00f6rfr\u00e5gningar och fr\u00e5gor m\u00e5ndag till fredag 9:00 &#8211; 17:00 [\/vc_column_text][vc_row_inner css=&#8221;.vc_custom_1478053234990{padding-top: 30px !important;}&#8221;][vc_column_inner width=&#8221;1\/3&#8243;][vc_column_text] KONTORETS ADRESS Eesti, Maardu 74114, Lao 4 [\/vc_column_text][\/vc_column_inner][vc_column_inner width=&#8221;1\/3&#8243;][vc_column_text] TELEFONNUMREN +372 5504440 +372 5098500 +372 55513600 [&hellip;]\" \/>\n<meta property=\"og:url\" content=\"https:\/\/ibc.ee\/sv\/kontakta-oss\/\" \/>\n<meta property=\"og:site_name\" content=\"IBC konteineri m&uuml;&uuml;k, vaadid, kraanid, mahutid\" \/>\n<meta property=\"article:modified_time\" content=\"2025-04-25T06:41:26+00:00\" \/>\n<meta name=\"twitter:card\" content=\"summary_large_image\" \/>\n<meta name=\"twitter:label1\" content=\"Ber\u00e4knad l\u00e4stid\" \/>\n\t<meta name=\"twitter:data1\" content=\"1 minut\" \/>\n<script type=\"application\/ld+json\" class=\"yoast-schema-graph\">{\"@context\":\"https:\/\/schema.org\",\"@graph\":[{\"@type\":\"WebPage\",\"@id\":\"https:\/\/ibc.ee\/sv\/kontakta-oss\/\",\"url\":\"https:\/\/ibc.ee\/sv\/kontakta-oss\/\",\"name\":\"Kontakta oss - IBC konteineri m&uuml;&uuml;k, vaadid, kraanid, mahutid\",\"isPartOf\":{\"@id\":\"https:\/\/www.ibc.ee\/sv\/#website\"},\"datePublished\":\"2025-04-25T06:41:25+00:00\",\"dateModified\":\"2025-04-25T06:41:26+00:00\",\"breadcrumb\":{\"@id\":\"https:\/\/ibc.ee\/sv\/kontakta-oss\/#breadcrumb\"},\"inLanguage\":\"sv-SE\",\"potentialAction\":[{\"@type\":\"ReadAction\",\"target\":[\"https:\/\/ibc.ee\/sv\/kontakta-oss\/\"]}]},{\"@type\":\"BreadcrumbList\",\"@id\":\"https:\/\/ibc.ee\/sv\/kontakta-oss\/#breadcrumb\",\"itemListElement\":[{\"@type\":\"ListItem\",\"position\":1,\"name\":\"\u0413\u043b\u0430\u0432\u043d\u0430\u044f \u0441\u0442\u0440\u0430\u043d\u0438\u0446\u0430\",\"item\":\"https:\/\/www.ibc.ee\/sv\/\"},{\"@type\":\"ListItem\",\"position\":2,\"name\":\"Kontakta oss\"}]},{\"@type\":\"WebSite\",\"@id\":\"https:\/\/www.ibc.ee\/sv\/#website\",\"url\":\"https:\/\/www.ibc.ee\/sv\/\",\"name\":\"IBC konteineri m&uuml;&uuml;k, vaadid, kraanid, mahutid\",\"description\":\"IBC - Tank container valve, Adapters\\\\fittings, Intermediate bulk, container, Drums\/cans\",\"potentialAction\":[{\"@type\":\"SearchAction\",\"target\":{\"@type\":\"EntryPoint\",\"urlTemplate\":\"https:\/\/www.ibc.ee\/sv\/?s={search_term_string}\"},\"query-input\":{\"@type\":\"PropertyValueSpecification\",\"valueRequired\":true,\"valueName\":\"search_term_string\"}}],\"inLanguage\":\"sv-SE\"}]}<\/script>\n<!-- \/ Yoast SEO plugin. -->","yoast_head_json":{"title":"Kontakta oss - IBC konteineri m&uuml;&uuml;k, vaadid, kraanid, mahutid","robots":{"index":"index","follow":"follow","max-snippet":"max-snippet:-1","max-image-preview":"max-image-preview:large","max-video-preview":"max-video-preview:-1"},"canonical":"https:\/\/ibc.ee\/sv\/kontakta-oss\/","og_locale":"sv_SE","og_type":"article","og_title":"Kontakta oss - IBC konteineri m&uuml;&uuml;k, vaadid, kraanid, mahutid","og_description":"[vc_row full_width=&#8221;stretch_row_content_no_spaces&#8221; layout=&#8221;ts-row-boxed&#8221; enable_parallax=&#8221;&#8221; el_class=&#8221;map-contact&#8221;][vc_column][\/vc_column][\/vc_row][vc_row css=&#8221;.vc_custom_1478007643581{padding-top: 26px !important;}&#8221;][vc_column][vc_column_text] DU \u00c4R V\u00c4LKOMMEN H\u00c5LL KONTAKTEN Kontakta oss g\u00e4rna genom att anv\u00e4nda kontaktuppgifterna nedan. Vi svarar p\u00e5 dina f\u00f6rfr\u00e5gningar och fr\u00e5gor m\u00e5ndag till fredag 9:00 &#8211; 17:00 [\/vc_column_text][vc_row_inner css=&#8221;.vc_custom_1478053234990{padding-top: 30px !important;}&#8221;][vc_column_inner width=&#8221;1\/3&#8243;][vc_column_text] KONTORETS ADRESS Eesti, Maardu 74114, Lao 4 [\/vc_column_text][\/vc_column_inner][vc_column_inner width=&#8221;1\/3&#8243;][vc_column_text] TELEFONNUMREN +372 5504440 +372 5098500 +372 55513600 [&hellip;]","og_url":"https:\/\/ibc.ee\/sv\/kontakta-oss\/","og_site_name":"IBC konteineri m&uuml;&uuml;k, vaadid, kraanid, mahutid","article_modified_time":"2025-04-25T06:41:26+00:00","twitter_card":"summary_large_image","twitter_misc":{"Ber\u00e4knad l\u00e4stid":"1 minut"},"schema":{"@context":"https:\/\/schema.org","@graph":[{"@type":"WebPage","@id":"https:\/\/ibc.ee\/sv\/kontakta-oss\/","url":"https:\/\/ibc.ee\/sv\/kontakta-oss\/","name":"Kontakta oss - IBC konteineri m&uuml;&uuml;k, vaadid, kraanid, mahutid","isPartOf":{"@id":"https:\/\/www.ibc.ee\/sv\/#website"},"datePublished":"2025-04-25T06:41:25+00:00","dateModified":"2025-04-25T06:41:26+00:00","breadcrumb":{"@id":"https:\/\/ibc.ee\/sv\/kontakta-oss\/#breadcrumb"},"inLanguage":"sv-SE","potentialAction":[{"@type":"ReadAction","target":["https:\/\/ibc.ee\/sv\/kontakta-oss\/"]}]},{"@type":"BreadcrumbList","@id":"https:\/\/ibc.ee\/sv\/kontakta-oss\/#breadcrumb","itemListElement":[{"@type":"ListItem","position":1,"name":"\u0413\u043b\u0430\u0432\u043d\u0430\u044f \u0441\u0442\u0440\u0430\u043d\u0438\u0446\u0430","item":"https:\/\/www.ibc.ee\/sv\/"},{"@type":"ListItem","position":2,"name":"Kontakta oss"}]},{"@type":"WebSite","@id":"https:\/\/www.ibc.ee\/sv\/#website","url":"https:\/\/www.ibc.ee\/sv\/","name":"IBC konteineri m&uuml;&uuml;k, vaadid, kraanid, mahutid","description":"IBC - Tank container valve, Adapters\\fittings, Intermediate bulk, container, Drums\/cans","potentialAction":[{"@type":"SearchAction","target":{"@type":"EntryPoint","urlTemplate":"https:\/\/www.ibc.ee\/sv\/?s={search_term_string}"},"query-input":{"@type":"PropertyValueSpecification","valueRequired":true,"valueName":"search_term_string"}}],"inLanguage":"sv-SE"}]}},"_links":{"self":[{"href":"https:\/\/ibc.ee\/sv\/wp-json\/wp\/v2\/pages\/23919","targetHints":{"allow":["GET"]}}],"collection":[{"href":"https:\/\/ibc.ee\/sv\/wp-json\/wp\/v2\/pages"}],"about":[{"href":"https:\/\/ibc.ee\/sv\/wp-json\/wp\/v2\/types\/page"}],"author":[{"embeddable":true,"href":"https:\/\/ibc.ee\/sv\/wp-json\/wp\/v2\/users\/1"}],"replies":[{"embeddable":true,"href":"https:\/\/ibc.ee\/sv\/wp-json\/wp\/v2\/comments?post=23919"}],"version-history":[{"count":4,"href":"https:\/\/ibc.ee\/sv\/wp-json\/wp\/v2\/pages\/23919\/revisions"}],"predecessor-version":[{"id":23925,"href":"https:\/\/ibc.ee\/sv\/wp-json\/wp\/v2\/pages\/23919\/revisions\/23925"}],"wp:attachment":[{"href":"https:\/\/ibc.ee\/sv\/wp-json\/wp\/v2\/media?parent=23919"}],"curies":[{"name":"wp","href":"https:\/\/api.w.org\/{rel}","templated":true}]}}