{"id":23929,"date":"2025-04-25T08:42:43","date_gmt":"2025-04-25T06:42:43","guid":{"rendered":"https:\/\/ibc.ee\/integritetspolicy\/"},"modified":"2025-04-25T08:42:43","modified_gmt":"2025-04-25T06:42:43","slug":"integritetspolicy","status":"publish","type":"page","link":"https:\/\/ibc.ee\/sv\/integritetspolicy\/","title":{"rendered":"Integritetspolicy"},"content":{"rendered":"\n<p><\/p>\n<h3>Integritetspolicy<\/h3>\n<p>IBC.ee (Masterchem OU) har \u00e5tagit sig skyldigheten att skydda sina kunders och anv\u00e4ndares integritet. D\u00e4rf\u00f6r har vi utarbetat dessa principer f\u00f6r sekretesspolicy, som styr insamling, anv\u00e4ndning, avsl\u00f6jande, \u00f6verf\u00f6ring och lagring av kunddata. V\u00e5r verksamhet p\u00e5 Internet f\u00f6ljer all relevant praxis, liksom respektive EU-lagstiftning och lagar i Republiken Estland. V\u00e4nligen ta en stund och granska de principer vi till\u00e4mpar f\u00f6r integritet.   <\/p>\n<h3>Insamling, behandling och lagring av personuppgifter<\/h3>\n<p>De personuppgifter som samlas in, behandlas och lagras av den personuppgiftsansvarige har samlats in elektroniskt, huvudsakligen via webbplatsen, e-post och p\u00e5 papper.<\/p>\n<p>Genom att dela sina personuppgifter ger den registrerade den personuppgiftsansvarige r\u00e4tt att samla in, ordna, anv\u00e4nda och administrera, f\u00f6r det \u00e4ndam\u00e5l som anges i integritetspolicyn, de personuppgifter som den registrerade delar med den personuppgiftsansvarige antingen direkt eller indirekt n\u00e4r han eller hon k\u00f6per varor eller tj\u00e4nster p\u00e5 webbplatsen.<\/p>\n<p>Den registrerade \u00e4r ansvarig f\u00f6r att de uppgifter som han eller hon l\u00e4mnar \u00e4r exakta, korrekta och fullst\u00e4ndiga. Om medvetet falska uppgifter l\u00e4mnas betraktas det som ett brott mot integritetspolicyn. Den registrerade \u00e4r skyldig att omedelbart meddela den personuppgiftsansvarige om eventuella \u00e4ndringar av de uppgifter som l\u00e4mnats.  <\/p>\n<p>Den personuppgiftsansvarige \u00e4r inte ansvarig f\u00f6r skada eller f\u00f6rlust som orsakats den registrerade eller tredje part till f\u00f6ljd av att den registrerade har l\u00e4mnat felaktiga uppgifter.<\/p>\n<h3>Behandling av kunders personuppgifter<\/h3>\n<p>Den personuppgiftsansvarige f\u00e5r behandla f\u00f6ljande personuppgifter om den registrerade:<\/p>\n<ul>\n<li>N\u00e4r du l\u00e4mnar dina kontaktuppgifter (inkl. namn, personnummer, postadress, telefonnummer, e-postadress, \u00f6nskad kommunikationsmetod) p\u00e5 v\u00e5r webbplats;<\/li>\n<li>n\u00e4r du anv\u00e4nder v\u00e5r webbplats samlas uppgifter in via ditt konto eller genom cookies;<\/li>\n<\/ul>\n<h3>Insamling av andra uppgifter<\/h3>\n<p>Vi kan ocks\u00e5 samla in allm\u00e4nna uppgifter om hur v\u00e5ra kunder interagerar med v\u00e5ra e-butiker och webbplatsen. Dessa uppgifter kombineras och anv\u00e4nds f\u00f6r att ge kunderna information som \u00e4r mer anv\u00e4ndbar f\u00f6r dem och f\u00f6r att l\u00e4ra oss mer om vilka delar av webbplatsen, produkter och tj\u00e4nster som v\u00e4cker mest intresse. I denna integritetspolicy betraktas s\u00e5dan kombinerad data som icke-personlig data.  <\/p>\n<p>Ut\u00f6ver vad som anges ovan har den personuppgiftsansvarige r\u00e4tt att samla in uppgifter om kunden som finns tillg\u00e4ngliga i offentliga register.<\/p>\n<h3>Anv\u00e4ndning och lagring av insamlade personuppgifter<\/h3>\n<p>Vi kan anv\u00e4nda alla personuppgifter som vi har samlat in f\u00f6r att visa kunderna IBC.ee:s produktnyheter, kampanjer och kommande evenemang. Kunder som vill avregistrera sig fr\u00e5n v\u00e5r s\u00e4ndlista f\u00f6r nyhetsbrev, eller inte vill f\u00e5 information om produkter som kan intressera dem, kan n\u00e4r som helst avregistrera sig fr\u00e5n s\u00e4ndlistorna. Vi anv\u00e4nder ocks\u00e5 personuppgifter som vi samlar in f\u00f6r att leverera varor och f\u00f6r att fullg\u00f6ra skyldigheter som vi kan ha \u00e5tagit oss gentemot kunden.<br \/>Genom att godk\u00e4nna villkoren i integritetspolicyn ger kunden IBC.ee sitt samtycke till automatiserad behandling av sina uppgifter. Du kan n\u00e4r som helst \u00e5terkalla ditt samtycke p\u00e5 v\u00e5r webbplats eller genom att skicka en beg\u00e4ran till oss i ett format som kan \u00e5terges skriftligen. S\u00e5dana f\u00f6rfr\u00e5gningar och samtycken har inte retroaktiv verkan.    <\/p>\n<p>F\u00f6r att s\u00e4kerst\u00e4lla b\u00e4ttre kundservice kan jag l\u00e4mna ut information om enskilda anv\u00e4ndare till en tredje part som tillhandah\u00e5ller tj\u00e4nster till IBC.ee och som \u00e4r avtalsenligt bunden att h\u00e5lla all delad information konfidentiell. En s\u00e5dan tredje part kan t.ex. vara v\u00e5r partner vars uppgift \u00e4r att leverera varor som s\u00e4ljs i v\u00e5r e-butik eller tillhandah\u00e5lla avbetalningstj\u00e4nster. IBC.ee \u00e4r personuppgiftsansvarig f\u00f6r behandlingen av personuppgifter. Den personuppgiftsansvarige \u00f6verf\u00f6r de personuppgifter som \u00e4r n\u00f6dv\u00e4ndiga f\u00f6r att g\u00f6ra betalningar till personuppgiftsbitr\u00e4det, Maksekeskus AS.   <\/p>\n<p>IBC.ee lagrar alla personuppgifter om en kund till dess att stamkundsavtalet upph\u00f6r att g\u00e4lla. Uppgifter som IBC.ee m\u00e5ste lagra enligt lag (t.ex. bokf\u00f6ringsuppgifter) lagras av IBC.ee i enlighet med lagens best\u00e4mmelser. <\/p>\n<h3>S\u00e4kerhet f\u00f6r personuppgifter<\/h3>\n<p>IBC.ee vidtar alla f\u00f6rsiktighets\u00e5tg\u00e4rder (inklusive administrativa, tekniska och fysiska \u00e5tg\u00e4rder) f\u00f6r att skydda kundernas personuppgifter. Endast beh\u00f6riga personer har tillg\u00e5ng till personuppgifterna f\u00f6r att g\u00f6ra \u00e4ndringar och behandla dem. <\/p>\n<p>Vi lagrar personuppgifter endast under den strikt minsta tid som kr\u00e4vs. Vi lagrar personuppgifter i upp till 5 \u00e5r fr\u00e5n den senaste ordern eller det senaste underh\u00e5llsarbetet. Vi f\u00f6ljer \u00e4ven bokf\u00f6ringslagens krav vid lagring av data.  <\/p>\n<p>Personuppgifter vars lagringstid har l\u00f6pt ut ska f\u00f6rst\u00f6ras eller anonymiseras med hj\u00e4lp av b\u00e4sta praxis.<\/p>\n<h3>S\u00e4kerhet<\/h3>\n<p>Alla personuppgifter som du l\u00e4mnar n\u00e4r du bes\u00f6ker och handlar i IBC.ee:s e-shop betraktas som konfidentiell information. Anv\u00e4ndningen av krypterad data\u00f6verf\u00f6ringskanal med banker garanterar att personuppgifter och bankuppgifter f\u00f6r k\u00f6pare \u00e4r skyddade. <\/p>\n<h3>Villkor f\u00f6r och \u00e4ndringar av integritetspolicyn<\/h3>\n<p>Genom att b\u00f6rja anv\u00e4nda v\u00e5r webbplats eller fylla i stamkundsans\u00f6kan bekr\u00e4ftar du att du har l\u00e4st dessa principer, villkor och best\u00e4mmelser och att du godk\u00e4nner dem. Vi f\u00f6rbeh\u00e5ller oss r\u00e4tten att vid behov \u00e4ndra de allm\u00e4nna villkoren i denna integritetspolicy genom att meddela alla lojala kunder om detta, men vi g\u00f6r v\u00e5rt b\u00e4sta f\u00f6r att se till att v\u00e5r integritetspolicy h\u00e5lls uppdaterad och tillg\u00e4nglig f\u00f6r dig p\u00e5 v\u00e5r webbplats. <\/p>\n<p>Om du har n\u00e5gra fr\u00e5gor eller funderingar om denna integritetspolicy eller databehandling, v\u00e4nligen kontakta oss p\u00e5 <a href=\"mailto:info@ibc.ee\">info@ibc.ee<\/a><\/p>\n","protected":false},"excerpt":{"rendered":"<p>Integritetspolicy IBC.ee (Masterchem OU) har \u00e5tagit sig skyldigheten att skydda sina kunders och anv\u00e4ndares integritet. D\u00e4rf\u00f6r har vi utarbetat dessa principer f\u00f6r sekretesspolicy, som styr insamling, anv\u00e4ndning, avsl\u00f6jande, \u00f6verf\u00f6ring och lagring av kunddata. V\u00e5r verksamhet p\u00e5 Internet f\u00f6ljer all relevant praxis, liksom respektive EU-lagstiftning och lagar i Republiken Estland. V\u00e4nligen ta en stund och granska [&hellip;]<\/p>\n","protected":false},"author":22,"featured_media":0,"parent":0,"menu_order":0,"comment_status":"closed","ping_status":"closed","template":"","meta":{"footnotes":""},"class_list":["post-23929","page","type-page","status-publish","hentry"],"yoast_head":"<!-- This site is optimized with the Yoast SEO plugin v26.9 - https:\/\/yoast.com\/product\/yoast-seo-wordpress\/ -->\n<title>Integritetspolicy - IBC konteineri m&uuml;&uuml;k, vaadid, kraanid, mahutid<\/title>\n<meta name=\"robots\" content=\"index, follow, max-snippet:-1, max-image-preview:large, max-video-preview:-1\" \/>\n<link rel=\"canonical\" href=\"https:\/\/ibc.ee\/sv\/integritetspolicy\/\" \/>\n<meta property=\"og:locale\" content=\"sv_SE\" \/>\n<meta property=\"og:type\" content=\"article\" \/>\n<meta property=\"og:title\" content=\"Integritetspolicy - IBC konteineri m&uuml;&uuml;k, vaadid, kraanid, mahutid\" \/>\n<meta property=\"og:description\" content=\"Integritetspolicy IBC.ee (Masterchem OU) har \u00e5tagit sig skyldigheten att skydda sina kunders och anv\u00e4ndares integritet. D\u00e4rf\u00f6r har vi utarbetat dessa principer f\u00f6r sekretesspolicy, som styr insamling, anv\u00e4ndning, avsl\u00f6jande, \u00f6verf\u00f6ring och lagring av kunddata. V\u00e5r verksamhet p\u00e5 Internet f\u00f6ljer all relevant praxis, liksom respektive EU-lagstiftning och lagar i Republiken Estland. V\u00e4nligen ta en stund och granska [&hellip;]\" \/>\n<meta property=\"og:url\" content=\"https:\/\/ibc.ee\/sv\/integritetspolicy\/\" \/>\n<meta property=\"og:site_name\" content=\"IBC konteineri m&uuml;&uuml;k, vaadid, kraanid, mahutid\" \/>\n<meta name=\"twitter:card\" content=\"summary_large_image\" \/>\n<meta name=\"twitter:label1\" content=\"Ber\u00e4knad l\u00e4stid\" \/>\n\t<meta name=\"twitter:data1\" content=\"5 minuter\" \/>\n<script type=\"application\/ld+json\" class=\"yoast-schema-graph\">{\"@context\":\"https:\/\/schema.org\",\"@graph\":[{\"@type\":\"WebPage\",\"@id\":\"https:\/\/ibc.ee\/sv\/integritetspolicy\/\",\"url\":\"https:\/\/ibc.ee\/sv\/integritetspolicy\/\",\"name\":\"Integritetspolicy - IBC konteineri m&uuml;&uuml;k, vaadid, kraanid, mahutid\",\"isPartOf\":{\"@id\":\"https:\/\/www.ibc.ee\/sv\/#website\"},\"datePublished\":\"2025-04-25T06:42:43+00:00\",\"breadcrumb\":{\"@id\":\"https:\/\/ibc.ee\/sv\/integritetspolicy\/#breadcrumb\"},\"inLanguage\":\"sv-SE\",\"potentialAction\":[{\"@type\":\"ReadAction\",\"target\":[\"https:\/\/ibc.ee\/sv\/integritetspolicy\/\"]}]},{\"@type\":\"BreadcrumbList\",\"@id\":\"https:\/\/ibc.ee\/sv\/integritetspolicy\/#breadcrumb\",\"itemListElement\":[{\"@type\":\"ListItem\",\"position\":1,\"name\":\"\u0413\u043b\u0430\u0432\u043d\u0430\u044f \u0441\u0442\u0440\u0430\u043d\u0438\u0446\u0430\",\"item\":\"https:\/\/www.ibc.ee\/sv\/\"},{\"@type\":\"ListItem\",\"position\":2,\"name\":\"Integritetspolicy\"}]},{\"@type\":\"WebSite\",\"@id\":\"https:\/\/www.ibc.ee\/sv\/#website\",\"url\":\"https:\/\/www.ibc.ee\/sv\/\",\"name\":\"IBC konteineri m&uuml;&uuml;k, vaadid, kraanid, mahutid\",\"description\":\"IBC - Tank container valve, Adapters\\\\fittings, Intermediate bulk, container, Drums\/cans\",\"potentialAction\":[{\"@type\":\"SearchAction\",\"target\":{\"@type\":\"EntryPoint\",\"urlTemplate\":\"https:\/\/www.ibc.ee\/sv\/?s={search_term_string}\"},\"query-input\":{\"@type\":\"PropertyValueSpecification\",\"valueRequired\":true,\"valueName\":\"search_term_string\"}}],\"inLanguage\":\"sv-SE\"}]}<\/script>\n<!-- \/ Yoast SEO plugin. -->","yoast_head_json":{"title":"Integritetspolicy - IBC konteineri m&uuml;&uuml;k, vaadid, kraanid, mahutid","robots":{"index":"index","follow":"follow","max-snippet":"max-snippet:-1","max-image-preview":"max-image-preview:large","max-video-preview":"max-video-preview:-1"},"canonical":"https:\/\/ibc.ee\/sv\/integritetspolicy\/","og_locale":"sv_SE","og_type":"article","og_title":"Integritetspolicy - IBC konteineri m&uuml;&uuml;k, vaadid, kraanid, mahutid","og_description":"Integritetspolicy IBC.ee (Masterchem OU) har \u00e5tagit sig skyldigheten att skydda sina kunders och anv\u00e4ndares integritet. D\u00e4rf\u00f6r har vi utarbetat dessa principer f\u00f6r sekretesspolicy, som styr insamling, anv\u00e4ndning, avsl\u00f6jande, \u00f6verf\u00f6ring och lagring av kunddata. V\u00e5r verksamhet p\u00e5 Internet f\u00f6ljer all relevant praxis, liksom respektive EU-lagstiftning och lagar i Republiken Estland. V\u00e4nligen ta en stund och granska [&hellip;]","og_url":"https:\/\/ibc.ee\/sv\/integritetspolicy\/","og_site_name":"IBC konteineri m&uuml;&uuml;k, vaadid, kraanid, mahutid","twitter_card":"summary_large_image","twitter_misc":{"Ber\u00e4knad l\u00e4stid":"5 minuter"},"schema":{"@context":"https:\/\/schema.org","@graph":[{"@type":"WebPage","@id":"https:\/\/ibc.ee\/sv\/integritetspolicy\/","url":"https:\/\/ibc.ee\/sv\/integritetspolicy\/","name":"Integritetspolicy - IBC konteineri m&uuml;&uuml;k, vaadid, kraanid, mahutid","isPartOf":{"@id":"https:\/\/www.ibc.ee\/sv\/#website"},"datePublished":"2025-04-25T06:42:43+00:00","breadcrumb":{"@id":"https:\/\/ibc.ee\/sv\/integritetspolicy\/#breadcrumb"},"inLanguage":"sv-SE","potentialAction":[{"@type":"ReadAction","target":["https:\/\/ibc.ee\/sv\/integritetspolicy\/"]}]},{"@type":"BreadcrumbList","@id":"https:\/\/ibc.ee\/sv\/integritetspolicy\/#breadcrumb","itemListElement":[{"@type":"ListItem","position":1,"name":"\u0413\u043b\u0430\u0432\u043d\u0430\u044f \u0441\u0442\u0440\u0430\u043d\u0438\u0446\u0430","item":"https:\/\/www.ibc.ee\/sv\/"},{"@type":"ListItem","position":2,"name":"Integritetspolicy"}]},{"@type":"WebSite","@id":"https:\/\/www.ibc.ee\/sv\/#website","url":"https:\/\/www.ibc.ee\/sv\/","name":"IBC konteineri m&uuml;&uuml;k, vaadid, kraanid, mahutid","description":"IBC - Tank container valve, Adapters\\fittings, Intermediate bulk, container, Drums\/cans","potentialAction":[{"@type":"SearchAction","target":{"@type":"EntryPoint","urlTemplate":"https:\/\/www.ibc.ee\/sv\/?s={search_term_string}"},"query-input":{"@type":"PropertyValueSpecification","valueRequired":true,"valueName":"search_term_string"}}],"inLanguage":"sv-SE"}]}},"_links":{"self":[{"href":"https:\/\/ibc.ee\/sv\/wp-json\/wp\/v2\/pages\/23929","targetHints":{"allow":["GET"]}}],"collection":[{"href":"https:\/\/ibc.ee\/sv\/wp-json\/wp\/v2\/pages"}],"about":[{"href":"https:\/\/ibc.ee\/sv\/wp-json\/wp\/v2\/types\/page"}],"author":[{"embeddable":true,"href":"https:\/\/ibc.ee\/sv\/wp-json\/wp\/v2\/users\/22"}],"replies":[{"embeddable":true,"href":"https:\/\/ibc.ee\/sv\/wp-json\/wp\/v2\/comments?post=23929"}],"version-history":[{"count":1,"href":"https:\/\/ibc.ee\/sv\/wp-json\/wp\/v2\/pages\/23929\/revisions"}],"predecessor-version":[{"id":23930,"href":"https:\/\/ibc.ee\/sv\/wp-json\/wp\/v2\/pages\/23929\/revisions\/23930"}],"wp:attachment":[{"href":"https:\/\/ibc.ee\/sv\/wp-json\/wp\/v2\/media?parent=23929"}],"curies":[{"name":"wp","href":"https:\/\/api.w.org\/{rel}","templated":true}]}}