{"id":22540,"date":"2018-04-28T09:58:39","date_gmt":"2025-04-21T09:11:30","guid":{"rendered":"https:\/\/ibc.ee\/product\/adapter-3-s100x8-100-mm-grovganga-hona-till-2-s60x6-grovganga-hona\/"},"modified":"2025-04-21T11:11:30","modified_gmt":"2025-04-21T09:11:30","slug":"adapter-3-s100x8-100-mm-grovganga-hona-till-2-s60x6-grovganga-hona","status":"publish","type":"product","link":"https:\/\/ibc.ee\/sv\/produkt\/adapter-3-s100x8-100-mm-grovganga-hona-till-2-s60x6-grovganga-hona\/","title":{"rendered":"Adapter 3&#8243; S100X8 (100 mm) grovg\u00e4nga hona till 2&#8243; S60X6 grovg\u00e4nga hona"},"content":{"rendered":"<p>3&#8243; S100x8 (100 mm) grov g\u00e4nga till 2&#8243; S60x6 g\u00e4nga IBC tankadapter. Denna koppling \u00e4r avsedd f\u00f6r reducering fr\u00e5n ventil 3&#8221; S100x8 inv\u00e4ndig g\u00e4nga till S60x6 utv\u00e4ndig g\u00e4nga. Du kan anv\u00e4nda den om du har 3&#8221; IBC-ventil (IBC-tankbeh\u00e5llarventil 3 tum 100 mm (DN80) fj\u00e4rilsg\u00e4nga S100x8) och n\u00f6dv\u00e4ndigt l\u00e4gga till n\u00e5gra adaptrar f\u00f6r 2&#8221; eller n\u00e5gra tr\u00e4dg\u00e5rdskopplingar fr\u00e5n v\u00e5r webbplats ibc.ee<\/p>\n","protected":false},"excerpt":{"rendered":"<p>3&#8243; S100x8 (100 mm) grov g\u00e4nga till 2&#8243; S60x6 g\u00e4nga IBC tankadapter. Denna koppling \u00e4r avsedd f\u00f6r reducering fr\u00e5n ventil 3&#8221; S100x8 inv\u00e4ndig g\u00e4nga till S60x6 utv\u00e4ndig g\u00e4nga. Du kan anv\u00e4nda den om du har 3&#8221; IBC-ventil (IBC-tankbeh\u00e5llarventil 3 tum 100 mm (DN80) fj\u00e4rilsg\u00e4nga S100x8) och n\u00f6dv\u00e4ndigt l\u00e4gga till n\u00e5gra adaptrar f\u00f6r 2&#8221; eller n\u00e5gra [&hellip;]<\/p>\n","protected":false},"featured_media":22541,"template":"","meta":[],"product_brand":[],"product_cat":[445],"product_tag":[],"class_list":{"0":"post-22540","1":"product","2":"type-product","3":"status-publish","4":"has-post-thumbnail","6":"product_cat-adaptrar-och-beslag-for-ibc-container","7":"product_shipping_class-omniva-sv","9":"first","10":"instock","11":"taxable","12":"shipping-taxable","13":"purchasable","14":"product-type-simple"},"yoast_head":"<!-- This site is optimized with the Yoast SEO plugin v26.9 - https:\/\/yoast.com\/product\/yoast-seo-wordpress\/ -->\n<title>Adapter 3&quot; S100X8 (100 mm) grov g\u00e4ngad hona till 2&quot; S60X6<\/title>\n<meta name=\"description\" content=\"Adapter S100X8 3&quot; (100 mm) grov g\u00e4nga till 2&quot; S60x6 g\u00e4nga IBC Tank Adapter. Denna koppling \u00e4r avsedd f\u00f6r reducering fr\u00e5n ventil 3&#039;&#039; S100x8 inv\u00e4ndig g\u00e4nga till S60x6 utv\u00e4ndig g\u00e4nga. Du kan anv\u00e4nda den om du har 3&#039;&#039; IBC-ventil (IBC-tankbeh\u00e5llarventil 3 tum 100 mm (DN80) Fj\u00e4rilsg\u00e4nga S100x8) Adapter S100X8\" \/>\n<meta name=\"robots\" content=\"index, follow, max-snippet:-1, max-image-preview:large, max-video-preview:-1\" \/>\n<link rel=\"canonical\" href=\"https:\/\/ibc.ee\/sv\/produkt\/adapter-3-s100x8-100-mm-grovganga-hona-till-2-s60x6-grovganga-hona\/\" \/>\n<meta property=\"og:locale\" content=\"sv_SE\" \/>\n<meta property=\"og:type\" content=\"article\" \/>\n<meta property=\"og:title\" content=\"Adapter 3&quot; S100X8 (100 mm) grov g\u00e4ngad hona till 2&quot; S60X6\" \/>\n<meta property=\"og:description\" content=\"Adapter S100X8 3&quot; (100 mm) grov g\u00e4nga till 2&quot; S60x6 g\u00e4nga IBC Tank Adapter. Denna koppling \u00e4r avsedd f\u00f6r reducering fr\u00e5n ventil 3&#039;&#039; S100x8 inv\u00e4ndig g\u00e4nga till S60x6 utv\u00e4ndig g\u00e4nga. Du kan anv\u00e4nda den om du har 3&#039;&#039; IBC-ventil (IBC-tankbeh\u00e5llarventil 3 tum 100 mm (DN80) Fj\u00e4rilsg\u00e4nga S100x8) Adapter S100X8\" \/>\n<meta property=\"og:url\" content=\"https:\/\/ibc.ee\/sv\/produkt\/adapter-3-s100x8-100-mm-grovganga-hona-till-2-s60x6-grovganga-hona\/\" \/>\n<meta property=\"og:site_name\" content=\"IBC konteineri m&uuml;&uuml;k, vaadid, kraanid, mahutid\" \/>\n<meta property=\"og:image\" content=\"https:\/\/ibc.ee\/wp-content\/uploads\/2018\/04\/LGPLu4K-1.png\" \/>\n\t<meta property=\"og:image:width\" content=\"676\" \/>\n\t<meta property=\"og:image:height\" content=\"676\" \/>\n\t<meta property=\"og:image:type\" content=\"image\/png\" \/>\n<meta name=\"twitter:card\" content=\"summary_large_image\" \/>\n<script type=\"application\/ld+json\" class=\"yoast-schema-graph\">{\"@context\":\"https:\/\/schema.org\",\"@graph\":[{\"@type\":\"WebPage\",\"@id\":\"https:\/\/ibc.ee\/sv\/produkt\/adapter-3-s100x8-100-mm-grovganga-hona-till-2-s60x6-grovganga-hona\/\",\"url\":\"https:\/\/ibc.ee\/sv\/produkt\/adapter-3-s100x8-100-mm-grovganga-hona-till-2-s60x6-grovganga-hona\/\",\"name\":\"Adapter 3\\\" S100X8 (100 mm) grov g\u00e4ngad hona till 2\\\" S60X6\",\"isPartOf\":{\"@id\":\"https:\/\/www.ibc.ee\/sv\/#website\"},\"primaryImageOfPage\":{\"@id\":\"https:\/\/ibc.ee\/sv\/produkt\/adapter-3-s100x8-100-mm-grovganga-hona-till-2-s60x6-grovganga-hona\/#primaryimage\"},\"image\":{\"@id\":\"https:\/\/ibc.ee\/sv\/produkt\/adapter-3-s100x8-100-mm-grovganga-hona-till-2-s60x6-grovganga-hona\/#primaryimage\"},\"thumbnailUrl\":\"https:\/\/ibc.ee\/wp-content\/uploads\/2018\/04\/LGPLu4K-1.png\",\"datePublished\":\"2025-04-21T09:11:30+00:00\",\"description\":\"Adapter S100X8 3\\\" (100 mm) grov g\u00e4nga till 2\\\" S60x6 g\u00e4nga IBC Tank Adapter. Denna koppling \u00e4r avsedd f\u00f6r reducering fr\u00e5n ventil 3'' S100x8 inv\u00e4ndig g\u00e4nga till S60x6 utv\u00e4ndig g\u00e4nga. Du kan anv\u00e4nda den om du har 3'' IBC-ventil (IBC-tankbeh\u00e5llarventil 3 tum 100 mm (DN80) Fj\u00e4rilsg\u00e4nga S100x8) Adapter S100X8\",\"breadcrumb\":{\"@id\":\"https:\/\/ibc.ee\/sv\/produkt\/adapter-3-s100x8-100-mm-grovganga-hona-till-2-s60x6-grovganga-hona\/#breadcrumb\"},\"inLanguage\":\"sv-SE\",\"potentialAction\":[{\"@type\":\"ReadAction\",\"target\":[\"https:\/\/ibc.ee\/sv\/produkt\/adapter-3-s100x8-100-mm-grovganga-hona-till-2-s60x6-grovganga-hona\/\"]}]},{\"@type\":\"ImageObject\",\"inLanguage\":\"sv-SE\",\"@id\":\"https:\/\/ibc.ee\/sv\/produkt\/adapter-3-s100x8-100-mm-grovganga-hona-till-2-s60x6-grovganga-hona\/#primaryimage\",\"url\":\"https:\/\/ibc.ee\/wp-content\/uploads\/2018\/04\/LGPLu4K-1.png\",\"contentUrl\":\"https:\/\/ibc.ee\/wp-content\/uploads\/2018\/04\/LGPLu4K-1.png\",\"width\":676,\"height\":676},{\"@type\":\"BreadcrumbList\",\"@id\":\"https:\/\/ibc.ee\/sv\/produkt\/adapter-3-s100x8-100-mm-grovganga-hona-till-2-s60x6-grovganga-hona\/#breadcrumb\",\"itemListElement\":[{\"@type\":\"ListItem\",\"position\":1,\"name\":\"\u0413\u043b\u0430\u0432\u043d\u0430\u044f \u0441\u0442\u0440\u0430\u043d\u0438\u0446\u0430\",\"item\":\"https:\/\/www.ibc.ee\/sv\/\"},{\"@type\":\"ListItem\",\"position\":2,\"name\":\"Butik\",\"item\":\"https:\/\/www.ibc.ee\/sv\/butik\/\"},{\"@type\":\"ListItem\",\"position\":3,\"name\":\"Adapter 3&#8243; S100X8 (100 mm) grovg\u00e4nga hona till 2&#8243; S60X6 grovg\u00e4nga hona\"}]},{\"@type\":\"WebSite\",\"@id\":\"https:\/\/www.ibc.ee\/sv\/#website\",\"url\":\"https:\/\/www.ibc.ee\/sv\/\",\"name\":\"IBC konteineri m&uuml;&uuml;k, vaadid, kraanid, mahutid\",\"description\":\"IBC - Tank container valve, Adapters\\\\fittings, Intermediate bulk, container, Drums\/cans\",\"potentialAction\":[{\"@type\":\"SearchAction\",\"target\":{\"@type\":\"EntryPoint\",\"urlTemplate\":\"https:\/\/www.ibc.ee\/sv\/?s={search_term_string}\"},\"query-input\":{\"@type\":\"PropertyValueSpecification\",\"valueRequired\":true,\"valueName\":\"search_term_string\"}}],\"inLanguage\":\"sv-SE\"}]}<\/script>\n<!-- \/ Yoast SEO plugin. -->","yoast_head_json":{"title":"Adapter 3\" S100X8 (100 mm) grov g\u00e4ngad hona till 2\" S60X6","description":"Adapter S100X8 3\" (100 mm) grov g\u00e4nga till 2\" S60x6 g\u00e4nga IBC Tank Adapter. Denna koppling \u00e4r avsedd f\u00f6r reducering fr\u00e5n ventil 3'' S100x8 inv\u00e4ndig g\u00e4nga till S60x6 utv\u00e4ndig g\u00e4nga. Du kan anv\u00e4nda den om du har 3'' IBC-ventil (IBC-tankbeh\u00e5llarventil 3 tum 100 mm (DN80) Fj\u00e4rilsg\u00e4nga S100x8) Adapter S100X8","robots":{"index":"index","follow":"follow","max-snippet":"max-snippet:-1","max-image-preview":"max-image-preview:large","max-video-preview":"max-video-preview:-1"},"canonical":"https:\/\/ibc.ee\/sv\/produkt\/adapter-3-s100x8-100-mm-grovganga-hona-till-2-s60x6-grovganga-hona\/","og_locale":"sv_SE","og_type":"article","og_title":"Adapter 3\" S100X8 (100 mm) grov g\u00e4ngad hona till 2\" S60X6","og_description":"Adapter S100X8 3\" (100 mm) grov g\u00e4nga till 2\" S60x6 g\u00e4nga IBC Tank Adapter. Denna koppling \u00e4r avsedd f\u00f6r reducering fr\u00e5n ventil 3'' S100x8 inv\u00e4ndig g\u00e4nga till S60x6 utv\u00e4ndig g\u00e4nga. Du kan anv\u00e4nda den om du har 3'' IBC-ventil (IBC-tankbeh\u00e5llarventil 3 tum 100 mm (DN80) Fj\u00e4rilsg\u00e4nga S100x8) Adapter S100X8","og_url":"https:\/\/ibc.ee\/sv\/produkt\/adapter-3-s100x8-100-mm-grovganga-hona-till-2-s60x6-grovganga-hona\/","og_site_name":"IBC konteineri m&uuml;&uuml;k, vaadid, kraanid, mahutid","og_image":[{"width":676,"height":676,"url":"https:\/\/ibc.ee\/wp-content\/uploads\/2018\/04\/LGPLu4K-1.png","type":"image\/png"}],"twitter_card":"summary_large_image","schema":{"@context":"https:\/\/schema.org","@graph":[{"@type":"WebPage","@id":"https:\/\/ibc.ee\/sv\/produkt\/adapter-3-s100x8-100-mm-grovganga-hona-till-2-s60x6-grovganga-hona\/","url":"https:\/\/ibc.ee\/sv\/produkt\/adapter-3-s100x8-100-mm-grovganga-hona-till-2-s60x6-grovganga-hona\/","name":"Adapter 3\" S100X8 (100 mm) grov g\u00e4ngad hona till 2\" S60X6","isPartOf":{"@id":"https:\/\/www.ibc.ee\/sv\/#website"},"primaryImageOfPage":{"@id":"https:\/\/ibc.ee\/sv\/produkt\/adapter-3-s100x8-100-mm-grovganga-hona-till-2-s60x6-grovganga-hona\/#primaryimage"},"image":{"@id":"https:\/\/ibc.ee\/sv\/produkt\/adapter-3-s100x8-100-mm-grovganga-hona-till-2-s60x6-grovganga-hona\/#primaryimage"},"thumbnailUrl":"https:\/\/ibc.ee\/wp-content\/uploads\/2018\/04\/LGPLu4K-1.png","datePublished":"2025-04-21T09:11:30+00:00","description":"Adapter S100X8 3\" (100 mm) grov g\u00e4nga till 2\" S60x6 g\u00e4nga IBC Tank Adapter. Denna koppling \u00e4r avsedd f\u00f6r reducering fr\u00e5n ventil 3'' S100x8 inv\u00e4ndig g\u00e4nga till S60x6 utv\u00e4ndig g\u00e4nga. Du kan anv\u00e4nda den om du har 3'' IBC-ventil (IBC-tankbeh\u00e5llarventil 3 tum 100 mm (DN80) Fj\u00e4rilsg\u00e4nga S100x8) Adapter S100X8","breadcrumb":{"@id":"https:\/\/ibc.ee\/sv\/produkt\/adapter-3-s100x8-100-mm-grovganga-hona-till-2-s60x6-grovganga-hona\/#breadcrumb"},"inLanguage":"sv-SE","potentialAction":[{"@type":"ReadAction","target":["https:\/\/ibc.ee\/sv\/produkt\/adapter-3-s100x8-100-mm-grovganga-hona-till-2-s60x6-grovganga-hona\/"]}]},{"@type":"ImageObject","inLanguage":"sv-SE","@id":"https:\/\/ibc.ee\/sv\/produkt\/adapter-3-s100x8-100-mm-grovganga-hona-till-2-s60x6-grovganga-hona\/#primaryimage","url":"https:\/\/ibc.ee\/wp-content\/uploads\/2018\/04\/LGPLu4K-1.png","contentUrl":"https:\/\/ibc.ee\/wp-content\/uploads\/2018\/04\/LGPLu4K-1.png","width":676,"height":676},{"@type":"BreadcrumbList","@id":"https:\/\/ibc.ee\/sv\/produkt\/adapter-3-s100x8-100-mm-grovganga-hona-till-2-s60x6-grovganga-hona\/#breadcrumb","itemListElement":[{"@type":"ListItem","position":1,"name":"\u0413\u043b\u0430\u0432\u043d\u0430\u044f \u0441\u0442\u0440\u0430\u043d\u0438\u0446\u0430","item":"https:\/\/www.ibc.ee\/sv\/"},{"@type":"ListItem","position":2,"name":"Butik","item":"https:\/\/www.ibc.ee\/sv\/butik\/"},{"@type":"ListItem","position":3,"name":"Adapter 3&#8243; S100X8 (100 mm) grovg\u00e4nga hona till 2&#8243; S60X6 grovg\u00e4nga hona"}]},{"@type":"WebSite","@id":"https:\/\/www.ibc.ee\/sv\/#website","url":"https:\/\/www.ibc.ee\/sv\/","name":"IBC konteineri m&uuml;&uuml;k, vaadid, kraanid, mahutid","description":"IBC - Tank container valve, Adapters\\fittings, Intermediate bulk, container, Drums\/cans","potentialAction":[{"@type":"SearchAction","target":{"@type":"EntryPoint","urlTemplate":"https:\/\/www.ibc.ee\/sv\/?s={search_term_string}"},"query-input":{"@type":"PropertyValueSpecification","valueRequired":true,"valueName":"search_term_string"}}],"inLanguage":"sv-SE"}]}},"_links":{"self":[{"href":"https:\/\/ibc.ee\/sv\/wp-json\/wp\/v2\/product\/22540","targetHints":{"allow":["GET"]}}],"collection":[{"href":"https:\/\/ibc.ee\/sv\/wp-json\/wp\/v2\/product"}],"about":[{"href":"https:\/\/ibc.ee\/sv\/wp-json\/wp\/v2\/types\/product"}],"wp:featuredmedia":[{"embeddable":true,"href":"https:\/\/ibc.ee\/sv\/wp-json\/wp\/v2\/media\/22541"}],"wp:attachment":[{"href":"https:\/\/ibc.ee\/sv\/wp-json\/wp\/v2\/media?parent=22540"}],"wp:term":[{"taxonomy":"product_brand","embeddable":true,"href":"https:\/\/ibc.ee\/sv\/wp-json\/wp\/v2\/product_brand?post=22540"},{"taxonomy":"product_cat","embeddable":true,"href":"https:\/\/ibc.ee\/sv\/wp-json\/wp\/v2\/product_cat?post=22540"},{"taxonomy":"product_tag","embeddable":true,"href":"https:\/\/ibc.ee\/sv\/wp-json\/wp\/v2\/product_tag?post=22540"}],"curies":[{"name":"wp","href":"https:\/\/api.w.org\/{rel}","templated":true}]}}