{"id":22582,"date":"2018-04-28T09:58:47","date_gmt":"2025-04-21T09:28:16","guid":{"rendered":"https:\/\/ibc.ee\/product\/adapter-till-en-behallare-med-invandig-ganga-for-s60x6-tradgardsslang-12-mm-cr\/"},"modified":"2025-04-21T11:28:16","modified_gmt":"2025-04-21T09:28:16","slug":"adapter-till-en-behallare-med-invandig-ganga-for-s60x6-tradgardsslang-12-mm-cr","status":"publish","type":"product","link":"https:\/\/ibc.ee\/sv\/produkt\/adapter-till-en-behallare-med-invandig-ganga-for-s60x6-tradgardsslang-12-mm-cr\/","title":{"rendered":"Adapter till en beh\u00e5llare med inv\u00e4ndig g\u00e4nga f\u00f6r S60X6 Tr\u00e4dg\u00e5rdsslang 12 mm CR"},"content":{"rendered":"<p>S60X6 hona 1\u20442&#8243; Tr\u00e4dg\u00e5rdsslang 12 mm CR <\/p>\n<p>Denna adapter \u00e4r avsedd f\u00f6r anslutning av IBC-beh\u00e5llare och tr\u00e4dg\u00e5rdsvattenslangarDenna adapter hj\u00e4lper till att ansluta Pipe Tap Garden.  <\/p>\n","protected":false},"excerpt":{"rendered":"<p>S60X6 hona 1\u20442&#8243; Tr\u00e4dg\u00e5rdsslang 12 mm CR Denna adapter \u00e4r avsedd f\u00f6r anslutning av IBC-beh\u00e5llare och tr\u00e4dg\u00e5rdsvattenslangarDenna adapter hj\u00e4lper till att ansluta Pipe Tap Garden.<\/p>\n","protected":false},"featured_media":22583,"template":"","meta":[],"product_brand":[],"product_cat":[445],"product_tag":[],"class_list":{"0":"post-22582","1":"product","2":"type-product","3":"status-publish","4":"has-post-thumbnail","6":"product_cat-adaptrar-och-beslag-for-ibc-container","7":"product_shipping_class-omniva-sv","9":"first","10":"onbackorder","11":"taxable","12":"shipping-taxable","13":"purchasable","14":"product-type-simple"},"yoast_head":"<!-- This site is optimized with the Yoast SEO plugin v26.9 - https:\/\/yoast.com\/product\/yoast-seo-wordpress\/ -->\n<title>Adapter till en beh\u00e5llare med inv\u00e4ndig g\u00e4nga f\u00f6r S60X6 Tr\u00e4dg\u00e5rdsslang 12 mm CR - IBC konteineri m&uuml;&uuml;k, vaadid, kraanid, mahutid<\/title>\n<meta name=\"description\" content=\"S60X6 hona 1\u20442&quot; Tr\u00e4dg\u00e5rdsslang 12 mm CR-adapter \u00e4r f\u00f6r anslutning av IBC-beh\u00e5llare och tr\u00e4dg\u00e5rdsvattenslangarDenna adapter hj\u00e4lper till att ansluta Pipe Tap Garden.\" \/>\n<meta name=\"robots\" content=\"index, follow, max-snippet:-1, max-image-preview:large, max-video-preview:-1\" \/>\n<link rel=\"canonical\" href=\"https:\/\/ibc.ee\/sv\/produkt\/adapter-till-en-behallare-med-invandig-ganga-for-s60x6-tradgardsslang-12-mm-cr\/\" \/>\n<meta property=\"og:locale\" content=\"sv_SE\" \/>\n<meta property=\"og:type\" content=\"article\" \/>\n<meta property=\"og:title\" content=\"Adapter till en beh\u00e5llare med inv\u00e4ndig g\u00e4nga f\u00f6r S60X6 Tr\u00e4dg\u00e5rdsslang 12 mm CR - IBC konteineri m&uuml;&uuml;k, vaadid, kraanid, mahutid\" \/>\n<meta property=\"og:description\" content=\"S60X6 hona 1\u20442&quot; Tr\u00e4dg\u00e5rdsslang 12 mm CR-adapter \u00e4r f\u00f6r anslutning av IBC-beh\u00e5llare och tr\u00e4dg\u00e5rdsvattenslangarDenna adapter hj\u00e4lper till att ansluta Pipe Tap Garden.\" \/>\n<meta property=\"og:url\" content=\"https:\/\/ibc.ee\/sv\/produkt\/adapter-till-en-behallare-med-invandig-ganga-for-s60x6-tradgardsslang-12-mm-cr\/\" \/>\n<meta property=\"og:site_name\" content=\"IBC konteineri m&uuml;&uuml;k, vaadid, kraanid, mahutid\" \/>\n<meta property=\"og:image\" content=\"https:\/\/ibc.ee\/wp-content\/uploads\/2018\/04\/uuKfY8r.png\" \/>\n\t<meta property=\"og:image:width\" content=\"684\" \/>\n\t<meta property=\"og:image:height\" content=\"684\" \/>\n\t<meta property=\"og:image:type\" content=\"image\/png\" \/>\n<meta name=\"twitter:card\" content=\"summary_large_image\" \/>\n<script type=\"application\/ld+json\" class=\"yoast-schema-graph\">{\"@context\":\"https:\/\/schema.org\",\"@graph\":[{\"@type\":\"WebPage\",\"@id\":\"https:\/\/ibc.ee\/sv\/produkt\/adapter-till-en-behallare-med-invandig-ganga-for-s60x6-tradgardsslang-12-mm-cr\/\",\"url\":\"https:\/\/ibc.ee\/sv\/produkt\/adapter-till-en-behallare-med-invandig-ganga-for-s60x6-tradgardsslang-12-mm-cr\/\",\"name\":\"Adapter till en beh\u00e5llare med inv\u00e4ndig g\u00e4nga f\u00f6r S60X6 Tr\u00e4dg\u00e5rdsslang 12 mm CR - IBC konteineri m&uuml;&uuml;k, vaadid, kraanid, mahutid\",\"isPartOf\":{\"@id\":\"https:\/\/www.ibc.ee\/sv\/#website\"},\"primaryImageOfPage\":{\"@id\":\"https:\/\/ibc.ee\/sv\/produkt\/adapter-till-en-behallare-med-invandig-ganga-for-s60x6-tradgardsslang-12-mm-cr\/#primaryimage\"},\"image\":{\"@id\":\"https:\/\/ibc.ee\/sv\/produkt\/adapter-till-en-behallare-med-invandig-ganga-for-s60x6-tradgardsslang-12-mm-cr\/#primaryimage\"},\"thumbnailUrl\":\"https:\/\/ibc.ee\/wp-content\/uploads\/2018\/04\/uuKfY8r.png\",\"datePublished\":\"2025-04-21T09:28:16+00:00\",\"description\":\"S60X6 hona 1\u20442\\\" Tr\u00e4dg\u00e5rdsslang 12 mm CR-adapter \u00e4r f\u00f6r anslutning av IBC-beh\u00e5llare och tr\u00e4dg\u00e5rdsvattenslangarDenna adapter hj\u00e4lper till att ansluta Pipe Tap Garden.\",\"breadcrumb\":{\"@id\":\"https:\/\/ibc.ee\/sv\/produkt\/adapter-till-en-behallare-med-invandig-ganga-for-s60x6-tradgardsslang-12-mm-cr\/#breadcrumb\"},\"inLanguage\":\"sv-SE\",\"potentialAction\":[{\"@type\":\"ReadAction\",\"target\":[\"https:\/\/ibc.ee\/sv\/produkt\/adapter-till-en-behallare-med-invandig-ganga-for-s60x6-tradgardsslang-12-mm-cr\/\"]}]},{\"@type\":\"ImageObject\",\"inLanguage\":\"sv-SE\",\"@id\":\"https:\/\/ibc.ee\/sv\/produkt\/adapter-till-en-behallare-med-invandig-ganga-for-s60x6-tradgardsslang-12-mm-cr\/#primaryimage\",\"url\":\"https:\/\/ibc.ee\/wp-content\/uploads\/2018\/04\/uuKfY8r.png\",\"contentUrl\":\"https:\/\/ibc.ee\/wp-content\/uploads\/2018\/04\/uuKfY8r.png\",\"width\":684,\"height\":684},{\"@type\":\"BreadcrumbList\",\"@id\":\"https:\/\/ibc.ee\/sv\/produkt\/adapter-till-en-behallare-med-invandig-ganga-for-s60x6-tradgardsslang-12-mm-cr\/#breadcrumb\",\"itemListElement\":[{\"@type\":\"ListItem\",\"position\":1,\"name\":\"\u0413\u043b\u0430\u0432\u043d\u0430\u044f \u0441\u0442\u0440\u0430\u043d\u0438\u0446\u0430\",\"item\":\"https:\/\/www.ibc.ee\/sv\/\"},{\"@type\":\"ListItem\",\"position\":2,\"name\":\"Butik\",\"item\":\"https:\/\/www.ibc.ee\/sv\/butik\/\"},{\"@type\":\"ListItem\",\"position\":3,\"name\":\"Adapter till en beh\u00e5llare med inv\u00e4ndig g\u00e4nga f\u00f6r S60X6 Tr\u00e4dg\u00e5rdsslang 12 mm CR\"}]},{\"@type\":\"WebSite\",\"@id\":\"https:\/\/www.ibc.ee\/sv\/#website\",\"url\":\"https:\/\/www.ibc.ee\/sv\/\",\"name\":\"IBC konteineri m&uuml;&uuml;k, vaadid, kraanid, mahutid\",\"description\":\"IBC - Tank container valve, Adapters\\\\fittings, Intermediate bulk, container, Drums\/cans\",\"potentialAction\":[{\"@type\":\"SearchAction\",\"target\":{\"@type\":\"EntryPoint\",\"urlTemplate\":\"https:\/\/www.ibc.ee\/sv\/?s={search_term_string}\"},\"query-input\":{\"@type\":\"PropertyValueSpecification\",\"valueRequired\":true,\"valueName\":\"search_term_string\"}}],\"inLanguage\":\"sv-SE\"}]}<\/script>\n<!-- \/ Yoast SEO plugin. -->","yoast_head_json":{"title":"Adapter till en beh\u00e5llare med inv\u00e4ndig g\u00e4nga f\u00f6r S60X6 Tr\u00e4dg\u00e5rdsslang 12 mm CR - IBC konteineri m&uuml;&uuml;k, vaadid, kraanid, mahutid","description":"S60X6 hona 1\u20442\" Tr\u00e4dg\u00e5rdsslang 12 mm CR-adapter \u00e4r f\u00f6r anslutning av IBC-beh\u00e5llare och tr\u00e4dg\u00e5rdsvattenslangarDenna adapter hj\u00e4lper till att ansluta Pipe Tap Garden.","robots":{"index":"index","follow":"follow","max-snippet":"max-snippet:-1","max-image-preview":"max-image-preview:large","max-video-preview":"max-video-preview:-1"},"canonical":"https:\/\/ibc.ee\/sv\/produkt\/adapter-till-en-behallare-med-invandig-ganga-for-s60x6-tradgardsslang-12-mm-cr\/","og_locale":"sv_SE","og_type":"article","og_title":"Adapter till en beh\u00e5llare med inv\u00e4ndig g\u00e4nga f\u00f6r S60X6 Tr\u00e4dg\u00e5rdsslang 12 mm CR - IBC konteineri m&uuml;&uuml;k, vaadid, kraanid, mahutid","og_description":"S60X6 hona 1\u20442\" Tr\u00e4dg\u00e5rdsslang 12 mm CR-adapter \u00e4r f\u00f6r anslutning av IBC-beh\u00e5llare och tr\u00e4dg\u00e5rdsvattenslangarDenna adapter hj\u00e4lper till att ansluta Pipe Tap Garden.","og_url":"https:\/\/ibc.ee\/sv\/produkt\/adapter-till-en-behallare-med-invandig-ganga-for-s60x6-tradgardsslang-12-mm-cr\/","og_site_name":"IBC konteineri m&uuml;&uuml;k, vaadid, kraanid, mahutid","og_image":[{"width":684,"height":684,"url":"https:\/\/ibc.ee\/wp-content\/uploads\/2018\/04\/uuKfY8r.png","type":"image\/png"}],"twitter_card":"summary_large_image","schema":{"@context":"https:\/\/schema.org","@graph":[{"@type":"WebPage","@id":"https:\/\/ibc.ee\/sv\/produkt\/adapter-till-en-behallare-med-invandig-ganga-for-s60x6-tradgardsslang-12-mm-cr\/","url":"https:\/\/ibc.ee\/sv\/produkt\/adapter-till-en-behallare-med-invandig-ganga-for-s60x6-tradgardsslang-12-mm-cr\/","name":"Adapter till en beh\u00e5llare med inv\u00e4ndig g\u00e4nga f\u00f6r S60X6 Tr\u00e4dg\u00e5rdsslang 12 mm CR - IBC konteineri m&uuml;&uuml;k, vaadid, kraanid, mahutid","isPartOf":{"@id":"https:\/\/www.ibc.ee\/sv\/#website"},"primaryImageOfPage":{"@id":"https:\/\/ibc.ee\/sv\/produkt\/adapter-till-en-behallare-med-invandig-ganga-for-s60x6-tradgardsslang-12-mm-cr\/#primaryimage"},"image":{"@id":"https:\/\/ibc.ee\/sv\/produkt\/adapter-till-en-behallare-med-invandig-ganga-for-s60x6-tradgardsslang-12-mm-cr\/#primaryimage"},"thumbnailUrl":"https:\/\/ibc.ee\/wp-content\/uploads\/2018\/04\/uuKfY8r.png","datePublished":"2025-04-21T09:28:16+00:00","description":"S60X6 hona 1\u20442\" Tr\u00e4dg\u00e5rdsslang 12 mm CR-adapter \u00e4r f\u00f6r anslutning av IBC-beh\u00e5llare och tr\u00e4dg\u00e5rdsvattenslangarDenna adapter hj\u00e4lper till att ansluta Pipe Tap Garden.","breadcrumb":{"@id":"https:\/\/ibc.ee\/sv\/produkt\/adapter-till-en-behallare-med-invandig-ganga-for-s60x6-tradgardsslang-12-mm-cr\/#breadcrumb"},"inLanguage":"sv-SE","potentialAction":[{"@type":"ReadAction","target":["https:\/\/ibc.ee\/sv\/produkt\/adapter-till-en-behallare-med-invandig-ganga-for-s60x6-tradgardsslang-12-mm-cr\/"]}]},{"@type":"ImageObject","inLanguage":"sv-SE","@id":"https:\/\/ibc.ee\/sv\/produkt\/adapter-till-en-behallare-med-invandig-ganga-for-s60x6-tradgardsslang-12-mm-cr\/#primaryimage","url":"https:\/\/ibc.ee\/wp-content\/uploads\/2018\/04\/uuKfY8r.png","contentUrl":"https:\/\/ibc.ee\/wp-content\/uploads\/2018\/04\/uuKfY8r.png","width":684,"height":684},{"@type":"BreadcrumbList","@id":"https:\/\/ibc.ee\/sv\/produkt\/adapter-till-en-behallare-med-invandig-ganga-for-s60x6-tradgardsslang-12-mm-cr\/#breadcrumb","itemListElement":[{"@type":"ListItem","position":1,"name":"\u0413\u043b\u0430\u0432\u043d\u0430\u044f \u0441\u0442\u0440\u0430\u043d\u0438\u0446\u0430","item":"https:\/\/www.ibc.ee\/sv\/"},{"@type":"ListItem","position":2,"name":"Butik","item":"https:\/\/www.ibc.ee\/sv\/butik\/"},{"@type":"ListItem","position":3,"name":"Adapter till en beh\u00e5llare med inv\u00e4ndig g\u00e4nga f\u00f6r S60X6 Tr\u00e4dg\u00e5rdsslang 12 mm CR"}]},{"@type":"WebSite","@id":"https:\/\/www.ibc.ee\/sv\/#website","url":"https:\/\/www.ibc.ee\/sv\/","name":"IBC konteineri m&uuml;&uuml;k, vaadid, kraanid, mahutid","description":"IBC - Tank container valve, Adapters\\fittings, Intermediate bulk, container, Drums\/cans","potentialAction":[{"@type":"SearchAction","target":{"@type":"EntryPoint","urlTemplate":"https:\/\/www.ibc.ee\/sv\/?s={search_term_string}"},"query-input":{"@type":"PropertyValueSpecification","valueRequired":true,"valueName":"search_term_string"}}],"inLanguage":"sv-SE"}]}},"_links":{"self":[{"href":"https:\/\/ibc.ee\/sv\/wp-json\/wp\/v2\/product\/22582","targetHints":{"allow":["GET"]}}],"collection":[{"href":"https:\/\/ibc.ee\/sv\/wp-json\/wp\/v2\/product"}],"about":[{"href":"https:\/\/ibc.ee\/sv\/wp-json\/wp\/v2\/types\/product"}],"wp:featuredmedia":[{"embeddable":true,"href":"https:\/\/ibc.ee\/sv\/wp-json\/wp\/v2\/media\/22583"}],"wp:attachment":[{"href":"https:\/\/ibc.ee\/sv\/wp-json\/wp\/v2\/media?parent=22582"}],"wp:term":[{"taxonomy":"product_brand","embeddable":true,"href":"https:\/\/ibc.ee\/sv\/wp-json\/wp\/v2\/product_brand?post=22582"},{"taxonomy":"product_cat","embeddable":true,"href":"https:\/\/ibc.ee\/sv\/wp-json\/wp\/v2\/product_cat?post=22582"},{"taxonomy":"product_tag","embeddable":true,"href":"https:\/\/ibc.ee\/sv\/wp-json\/wp\/v2\/product_tag?post=22582"}],"curies":[{"name":"wp","href":"https:\/\/api.w.org\/{rel}","templated":true}]}}