{"id":22589,"date":"2018-04-28T09:58:51","date_gmt":"2025-04-21T09:32:42","guid":{"rendered":"https:\/\/ibc.ee\/product\/adapter-till-en-behallare-med-invandig-ganga-for-s60x6-tradgardsslang-20-mm\/"},"modified":"2025-04-21T11:32:42","modified_gmt":"2025-04-21T09:32:42","slug":"adapter-till-en-behallare-med-invandig-ganga-for-s60x6-tradgardsslang-20-mm","status":"publish","type":"product","link":"https:\/\/ibc.ee\/sv\/produkt\/adapter-till-en-behallare-med-invandig-ganga-for-s60x6-tradgardsslang-20-mm\/","title":{"rendered":"Adapter till en beh\u00e5llare med inv\u00e4ndig g\u00e4nga f\u00f6r S60X6 Tr\u00e4dg\u00e5rdsslang 20 mm"},"content":{"rendered":"<p>S60X6 hona 3\u20444&#8243; Tr\u00e4dg\u00e5rdsslang 20 mm<br \/>\nDenna adapter \u00e4r avsedd f\u00f6r anslutning av IBC-beh\u00e5llare och tr\u00e4dg\u00e5rdsslangar. Denna adapter hj\u00e4lper till att ansluta Pipe Tap Garden  <\/p>\n","protected":false},"excerpt":{"rendered":"<p>S60X6 hona 3\u20444&#8243; Tr\u00e4dg\u00e5rdsslang 20 mm Denna adapter \u00e4r avsedd f\u00f6r anslutning av IBC-beh\u00e5llare och tr\u00e4dg\u00e5rdsslangar. Denna adapter hj\u00e4lper till att ansluta Pipe Tap Garden<\/p>\n","protected":false},"featured_media":22590,"template":"","meta":[],"product_brand":[],"product_cat":[445],"product_tag":[],"class_list":{"0":"post-22589","1":"product","2":"type-product","3":"status-publish","4":"has-post-thumbnail","6":"product_cat-adaptrar-och-beslag-for-ibc-container","7":"product_shipping_class-omniva-sv","9":"first","10":"instock","11":"sale","12":"taxable","13":"shipping-taxable","14":"purchasable","15":"product-type-simple"},"yoast_head":"<!-- This site is optimized with the Yoast SEO plugin v26.9 - https:\/\/yoast.com\/product\/yoast-seo-wordpress\/ -->\n<title>Adapter till en beh\u00e5llare med inv\u00e4ndig g\u00e4nga f\u00f6r S60X6 Tr\u00e4dg\u00e5rdsslang 20 mm - IBC konteineri m&uuml;&uuml;k, vaadid, kraanid, mahutid<\/title>\n<meta name=\"description\" content=\"S60X6 hona 3\u20444&quot; tr\u00e4dg\u00e5rdsslang 20 mm adapter \u00e4r avsedd f\u00f6r anslutning av IBC-beh\u00e5llare och tr\u00e4dg\u00e5rdsslangar. Denna adapter hj\u00e4lper till att ansluta Pipe Tap Garden\" \/>\n<meta name=\"robots\" content=\"index, follow, max-snippet:-1, max-image-preview:large, max-video-preview:-1\" \/>\n<link rel=\"canonical\" href=\"https:\/\/ibc.ee\/sv\/produkt\/adapter-till-en-behallare-med-invandig-ganga-for-s60x6-tradgardsslang-20-mm\/\" \/>\n<meta property=\"og:locale\" content=\"sv_SE\" \/>\n<meta property=\"og:type\" content=\"article\" \/>\n<meta property=\"og:title\" content=\"Adapter till en beh\u00e5llare med inv\u00e4ndig g\u00e4nga f\u00f6r S60X6 Tr\u00e4dg\u00e5rdsslang 20 mm - IBC konteineri m&uuml;&uuml;k, vaadid, kraanid, mahutid\" \/>\n<meta property=\"og:description\" content=\"S60X6 hona 3\u20444&quot; tr\u00e4dg\u00e5rdsslang 20 mm adapter \u00e4r avsedd f\u00f6r anslutning av IBC-beh\u00e5llare och tr\u00e4dg\u00e5rdsslangar. Denna adapter hj\u00e4lper till att ansluta Pipe Tap Garden\" \/>\n<meta property=\"og:url\" content=\"https:\/\/ibc.ee\/sv\/produkt\/adapter-till-en-behallare-med-invandig-ganga-for-s60x6-tradgardsslang-20-mm\/\" \/>\n<meta property=\"og:site_name\" content=\"IBC konteineri m&uuml;&uuml;k, vaadid, kraanid, mahutid\" \/>\n<meta property=\"og:image\" content=\"https:\/\/ibc.ee\/wp-content\/uploads\/2018\/04\/ZN6GxI6.png\" \/>\n\t<meta property=\"og:image:width\" content=\"790\" \/>\n\t<meta property=\"og:image:height\" content=\"790\" \/>\n\t<meta property=\"og:image:type\" content=\"image\/png\" \/>\n<meta name=\"twitter:card\" content=\"summary_large_image\" \/>\n<script type=\"application\/ld+json\" class=\"yoast-schema-graph\">{\"@context\":\"https:\/\/schema.org\",\"@graph\":[{\"@type\":\"WebPage\",\"@id\":\"https:\/\/ibc.ee\/sv\/produkt\/adapter-till-en-behallare-med-invandig-ganga-for-s60x6-tradgardsslang-20-mm\/\",\"url\":\"https:\/\/ibc.ee\/sv\/produkt\/adapter-till-en-behallare-med-invandig-ganga-for-s60x6-tradgardsslang-20-mm\/\",\"name\":\"Adapter till en beh\u00e5llare med inv\u00e4ndig g\u00e4nga f\u00f6r S60X6 Tr\u00e4dg\u00e5rdsslang 20 mm - IBC konteineri m&uuml;&uuml;k, vaadid, kraanid, mahutid\",\"isPartOf\":{\"@id\":\"https:\/\/www.ibc.ee\/sv\/#website\"},\"primaryImageOfPage\":{\"@id\":\"https:\/\/ibc.ee\/sv\/produkt\/adapter-till-en-behallare-med-invandig-ganga-for-s60x6-tradgardsslang-20-mm\/#primaryimage\"},\"image\":{\"@id\":\"https:\/\/ibc.ee\/sv\/produkt\/adapter-till-en-behallare-med-invandig-ganga-for-s60x6-tradgardsslang-20-mm\/#primaryimage\"},\"thumbnailUrl\":\"https:\/\/ibc.ee\/wp-content\/uploads\/2018\/04\/ZN6GxI6.png\",\"datePublished\":\"2025-04-21T09:32:42+00:00\",\"description\":\"S60X6 hona 3\u20444\\\" tr\u00e4dg\u00e5rdsslang 20 mm adapter \u00e4r avsedd f\u00f6r anslutning av IBC-beh\u00e5llare och tr\u00e4dg\u00e5rdsslangar. Denna adapter hj\u00e4lper till att ansluta Pipe Tap Garden\",\"breadcrumb\":{\"@id\":\"https:\/\/ibc.ee\/sv\/produkt\/adapter-till-en-behallare-med-invandig-ganga-for-s60x6-tradgardsslang-20-mm\/#breadcrumb\"},\"inLanguage\":\"sv-SE\",\"potentialAction\":[{\"@type\":\"ReadAction\",\"target\":[\"https:\/\/ibc.ee\/sv\/produkt\/adapter-till-en-behallare-med-invandig-ganga-for-s60x6-tradgardsslang-20-mm\/\"]}]},{\"@type\":\"ImageObject\",\"inLanguage\":\"sv-SE\",\"@id\":\"https:\/\/ibc.ee\/sv\/produkt\/adapter-till-en-behallare-med-invandig-ganga-for-s60x6-tradgardsslang-20-mm\/#primaryimage\",\"url\":\"https:\/\/ibc.ee\/wp-content\/uploads\/2018\/04\/ZN6GxI6.png\",\"contentUrl\":\"https:\/\/ibc.ee\/wp-content\/uploads\/2018\/04\/ZN6GxI6.png\",\"width\":790,\"height\":790},{\"@type\":\"BreadcrumbList\",\"@id\":\"https:\/\/ibc.ee\/sv\/produkt\/adapter-till-en-behallare-med-invandig-ganga-for-s60x6-tradgardsslang-20-mm\/#breadcrumb\",\"itemListElement\":[{\"@type\":\"ListItem\",\"position\":1,\"name\":\"\u0413\u043b\u0430\u0432\u043d\u0430\u044f \u0441\u0442\u0440\u0430\u043d\u0438\u0446\u0430\",\"item\":\"https:\/\/www.ibc.ee\/sv\/\"},{\"@type\":\"ListItem\",\"position\":2,\"name\":\"Butik\",\"item\":\"https:\/\/www.ibc.ee\/sv\/butik\/\"},{\"@type\":\"ListItem\",\"position\":3,\"name\":\"Adapter till en beh\u00e5llare med inv\u00e4ndig g\u00e4nga f\u00f6r S60X6 Tr\u00e4dg\u00e5rdsslang 20 mm\"}]},{\"@type\":\"WebSite\",\"@id\":\"https:\/\/www.ibc.ee\/sv\/#website\",\"url\":\"https:\/\/www.ibc.ee\/sv\/\",\"name\":\"IBC konteineri m&uuml;&uuml;k, vaadid, kraanid, mahutid\",\"description\":\"IBC - Tank container valve, Adapters\\\\fittings, Intermediate bulk, container, Drums\/cans\",\"potentialAction\":[{\"@type\":\"SearchAction\",\"target\":{\"@type\":\"EntryPoint\",\"urlTemplate\":\"https:\/\/www.ibc.ee\/sv\/?s={search_term_string}\"},\"query-input\":{\"@type\":\"PropertyValueSpecification\",\"valueRequired\":true,\"valueName\":\"search_term_string\"}}],\"inLanguage\":\"sv-SE\"}]}<\/script>\n<!-- \/ Yoast SEO plugin. -->","yoast_head_json":{"title":"Adapter till en beh\u00e5llare med inv\u00e4ndig g\u00e4nga f\u00f6r S60X6 Tr\u00e4dg\u00e5rdsslang 20 mm - IBC konteineri m&uuml;&uuml;k, vaadid, kraanid, mahutid","description":"S60X6 hona 3\u20444\" tr\u00e4dg\u00e5rdsslang 20 mm adapter \u00e4r avsedd f\u00f6r anslutning av IBC-beh\u00e5llare och tr\u00e4dg\u00e5rdsslangar. Denna adapter hj\u00e4lper till att ansluta Pipe Tap Garden","robots":{"index":"index","follow":"follow","max-snippet":"max-snippet:-1","max-image-preview":"max-image-preview:large","max-video-preview":"max-video-preview:-1"},"canonical":"https:\/\/ibc.ee\/sv\/produkt\/adapter-till-en-behallare-med-invandig-ganga-for-s60x6-tradgardsslang-20-mm\/","og_locale":"sv_SE","og_type":"article","og_title":"Adapter till en beh\u00e5llare med inv\u00e4ndig g\u00e4nga f\u00f6r S60X6 Tr\u00e4dg\u00e5rdsslang 20 mm - IBC konteineri m&uuml;&uuml;k, vaadid, kraanid, mahutid","og_description":"S60X6 hona 3\u20444\" tr\u00e4dg\u00e5rdsslang 20 mm adapter \u00e4r avsedd f\u00f6r anslutning av IBC-beh\u00e5llare och tr\u00e4dg\u00e5rdsslangar. Denna adapter hj\u00e4lper till att ansluta Pipe Tap Garden","og_url":"https:\/\/ibc.ee\/sv\/produkt\/adapter-till-en-behallare-med-invandig-ganga-for-s60x6-tradgardsslang-20-mm\/","og_site_name":"IBC konteineri m&uuml;&uuml;k, vaadid, kraanid, mahutid","og_image":[{"width":790,"height":790,"url":"https:\/\/ibc.ee\/wp-content\/uploads\/2018\/04\/ZN6GxI6.png","type":"image\/png"}],"twitter_card":"summary_large_image","schema":{"@context":"https:\/\/schema.org","@graph":[{"@type":"WebPage","@id":"https:\/\/ibc.ee\/sv\/produkt\/adapter-till-en-behallare-med-invandig-ganga-for-s60x6-tradgardsslang-20-mm\/","url":"https:\/\/ibc.ee\/sv\/produkt\/adapter-till-en-behallare-med-invandig-ganga-for-s60x6-tradgardsslang-20-mm\/","name":"Adapter till en beh\u00e5llare med inv\u00e4ndig g\u00e4nga f\u00f6r S60X6 Tr\u00e4dg\u00e5rdsslang 20 mm - IBC konteineri m&uuml;&uuml;k, vaadid, kraanid, mahutid","isPartOf":{"@id":"https:\/\/www.ibc.ee\/sv\/#website"},"primaryImageOfPage":{"@id":"https:\/\/ibc.ee\/sv\/produkt\/adapter-till-en-behallare-med-invandig-ganga-for-s60x6-tradgardsslang-20-mm\/#primaryimage"},"image":{"@id":"https:\/\/ibc.ee\/sv\/produkt\/adapter-till-en-behallare-med-invandig-ganga-for-s60x6-tradgardsslang-20-mm\/#primaryimage"},"thumbnailUrl":"https:\/\/ibc.ee\/wp-content\/uploads\/2018\/04\/ZN6GxI6.png","datePublished":"2025-04-21T09:32:42+00:00","description":"S60X6 hona 3\u20444\" tr\u00e4dg\u00e5rdsslang 20 mm adapter \u00e4r avsedd f\u00f6r anslutning av IBC-beh\u00e5llare och tr\u00e4dg\u00e5rdsslangar. Denna adapter hj\u00e4lper till att ansluta Pipe Tap Garden","breadcrumb":{"@id":"https:\/\/ibc.ee\/sv\/produkt\/adapter-till-en-behallare-med-invandig-ganga-for-s60x6-tradgardsslang-20-mm\/#breadcrumb"},"inLanguage":"sv-SE","potentialAction":[{"@type":"ReadAction","target":["https:\/\/ibc.ee\/sv\/produkt\/adapter-till-en-behallare-med-invandig-ganga-for-s60x6-tradgardsslang-20-mm\/"]}]},{"@type":"ImageObject","inLanguage":"sv-SE","@id":"https:\/\/ibc.ee\/sv\/produkt\/adapter-till-en-behallare-med-invandig-ganga-for-s60x6-tradgardsslang-20-mm\/#primaryimage","url":"https:\/\/ibc.ee\/wp-content\/uploads\/2018\/04\/ZN6GxI6.png","contentUrl":"https:\/\/ibc.ee\/wp-content\/uploads\/2018\/04\/ZN6GxI6.png","width":790,"height":790},{"@type":"BreadcrumbList","@id":"https:\/\/ibc.ee\/sv\/produkt\/adapter-till-en-behallare-med-invandig-ganga-for-s60x6-tradgardsslang-20-mm\/#breadcrumb","itemListElement":[{"@type":"ListItem","position":1,"name":"\u0413\u043b\u0430\u0432\u043d\u0430\u044f \u0441\u0442\u0440\u0430\u043d\u0438\u0446\u0430","item":"https:\/\/www.ibc.ee\/sv\/"},{"@type":"ListItem","position":2,"name":"Butik","item":"https:\/\/www.ibc.ee\/sv\/butik\/"},{"@type":"ListItem","position":3,"name":"Adapter till en beh\u00e5llare med inv\u00e4ndig g\u00e4nga f\u00f6r S60X6 Tr\u00e4dg\u00e5rdsslang 20 mm"}]},{"@type":"WebSite","@id":"https:\/\/www.ibc.ee\/sv\/#website","url":"https:\/\/www.ibc.ee\/sv\/","name":"IBC konteineri m&uuml;&uuml;k, vaadid, kraanid, mahutid","description":"IBC - Tank container valve, Adapters\\fittings, Intermediate bulk, container, Drums\/cans","potentialAction":[{"@type":"SearchAction","target":{"@type":"EntryPoint","urlTemplate":"https:\/\/www.ibc.ee\/sv\/?s={search_term_string}"},"query-input":{"@type":"PropertyValueSpecification","valueRequired":true,"valueName":"search_term_string"}}],"inLanguage":"sv-SE"}]}},"_links":{"self":[{"href":"https:\/\/ibc.ee\/sv\/wp-json\/wp\/v2\/product\/22589","targetHints":{"allow":["GET"]}}],"collection":[{"href":"https:\/\/ibc.ee\/sv\/wp-json\/wp\/v2\/product"}],"about":[{"href":"https:\/\/ibc.ee\/sv\/wp-json\/wp\/v2\/types\/product"}],"wp:featuredmedia":[{"embeddable":true,"href":"https:\/\/ibc.ee\/sv\/wp-json\/wp\/v2\/media\/22590"}],"wp:attachment":[{"href":"https:\/\/ibc.ee\/sv\/wp-json\/wp\/v2\/media?parent=22589"}],"wp:term":[{"taxonomy":"product_brand","embeddable":true,"href":"https:\/\/ibc.ee\/sv\/wp-json\/wp\/v2\/product_brand?post=22589"},{"taxonomy":"product_cat","embeddable":true,"href":"https:\/\/ibc.ee\/sv\/wp-json\/wp\/v2\/product_cat?post=22589"},{"taxonomy":"product_tag","embeddable":true,"href":"https:\/\/ibc.ee\/sv\/wp-json\/wp\/v2\/product_tag?post=22589"}],"curies":[{"name":"wp","href":"https:\/\/api.w.org\/{rel}","templated":true}]}}