{"id":22689,"date":"2018-06-04T17:12:13","date_gmt":"2025-04-21T10:02:24","guid":{"rendered":"https:\/\/ibc.ee\/product\/intermediar-bulkcontainer-ibc-1000l-a\/"},"modified":"2025-07-09T16:51:31","modified_gmt":"2025-07-09T14:51:31","slug":"newcube-ibc-1000-1000-liters-mellanbehallare-for-vatskor","status":"publish","type":"product","link":"https:\/\/ibc.ee\/sv\/produkt\/newcube-ibc-1000-1000-liters-mellanbehallare-for-vatskor\/","title":{"rendered":"NewCube IBC 1000 \u2013 1000-liters mellanbeh\u00e5llare f\u00f6r v\u00e4tskor"},"content":{"rendered":"<p><strong>Vanliga anv\u00e4ndningsomr\u00e5den:<\/strong><br \/>\n&#8211; Insamling av regnvatten \u2013 f\u00f6r tr\u00e4dg\u00e5rd och hush\u00e5ll<br \/>\n&#8211; F\u00f6rvaring av avloppsvatten<br \/>\n&#8211; Bevattningsvatten och kompostte f\u00f6r jordbruk<br \/>\n&#8211; Icke-farliga kemiska l\u00f6sningar och reng\u00f6ringsmedel<br \/>\n&#8211; Utomhustv\u00e4ttstationer och g\u00f6r-det-sj\u00e4lv (DIY) vattensystem<\/p>\n<p><strong>Viktiga anm\u00e4rkningar:<\/strong><br \/>\n&#8211; Ingen livsmedelsgodk\u00e4nd eller UN-certifiering<br \/>\n&#8211; Ej l\u00e4mplig f\u00f6r dricksvatten, livsmedel eller farliga \u00e4mnen<br \/>\n&#8211; Avsedd f\u00f6r tekniska och mindre k\u00e4nsliga anv\u00e4ndningsomr\u00e5den<\/p>\n","protected":false},"excerpt":{"rendered":"<p>NewCube IBC 1000 \u00e4r en helt ny 1000-liters IBC-beh\u00e5llare, designad f\u00f6r allm\u00e4n v\u00e4tskelagring d\u00e4r certifiering f\u00f6r livsmedel eller farliga \u00e4mnen inte kr\u00e4vs. Den \u00e4r ett kostnadseffektivt, h\u00e5llbart och praktiskt alternativ f\u00f6r teknisk, jordbruksrelaterad eller hush\u00e5llsanv\u00e4ndning. Kompatibel med S60x6-ventilsystem \u2013 enkelt att byta eller anpassa. Stor p\u00e5fyllnings\u00f6ppning p\u00e5 150 mm f\u00f6r smidig hantering. Galvaniserad st\u00e5lramskonstruktion \u2013 robust f\u00f6r utomhus- och industriell anv\u00e4ndning.    <\/p>\n","protected":false},"featured_media":24273,"template":"","meta":[],"product_brand":[],"product_cat":[447],"product_tag":[],"class_list":{"0":"post-22689","1":"product","2":"type-product","3":"status-publish","4":"has-post-thumbnail","6":"product_cat-mellanbulkbehallare-ibc-1000-liter","7":"product_shipping_class-behallare","9":"first","10":"instock","11":"taxable","12":"shipping-taxable","13":"purchasable","14":"product-type-simple"},"yoast_head":"<!-- This site is optimized with the Yoast SEO plugin v26.9 - https:\/\/yoast.com\/product\/yoast-seo-wordpress\/ -->\n<title>NewCube IBC 1000 \u2013 1000-liters mellanbeh\u00e5llare f\u00f6r v\u00e4tskor - IBC konteineri m&uuml;&uuml;k, vaadid, kraanid, mahutid<\/title>\n<meta name=\"description\" content=\"NewCube IBC 1000 \u00e4r en helt ny 1000-liters IBC-beh\u00e5llare, designad f\u00f6r allm\u00e4n v\u00e4tskelagring d\u00e4r certifiering f\u00f6r livsmedel eller farliga \u00e4mnen inte kr\u00e4vs.\" \/>\n<meta name=\"robots\" content=\"index, follow, max-snippet:-1, max-image-preview:large, max-video-preview:-1\" \/>\n<link rel=\"canonical\" href=\"https:\/\/ibc.ee\/sv\/produkt\/newcube-ibc-1000-1000-liters-mellanbehallare-for-vatskor\/\" \/>\n<meta property=\"og:locale\" content=\"sv_SE\" \/>\n<meta property=\"og:type\" content=\"article\" \/>\n<meta property=\"og:title\" content=\"NewCube IBC 1000 \u2013 1000-liters mellanbeh\u00e5llare f\u00f6r v\u00e4tskor - IBC konteineri m&uuml;&uuml;k, vaadid, kraanid, mahutid\" \/>\n<meta property=\"og:description\" content=\"NewCube IBC 1000 \u00e4r en helt ny 1000-liters IBC-beh\u00e5llare, designad f\u00f6r allm\u00e4n v\u00e4tskelagring d\u00e4r certifiering f\u00f6r livsmedel eller farliga \u00e4mnen inte kr\u00e4vs.\" \/>\n<meta property=\"og:url\" content=\"https:\/\/ibc.ee\/sv\/produkt\/newcube-ibc-1000-1000-liters-mellanbehallare-for-vatskor\/\" \/>\n<meta property=\"og:site_name\" content=\"IBC konteineri m&uuml;&uuml;k, vaadid, kraanid, mahutid\" \/>\n<meta property=\"article:modified_time\" content=\"2025-07-09T14:51:31+00:00\" \/>\n<meta property=\"og:image\" content=\"https:\/\/ibc.ee\/wp-content\/uploads\/2018\/06\/NewCube-IBC-1000-Container-for-General-Liquid-Storage.jpg\" \/>\n\t<meta property=\"og:image:width\" content=\"1000\" \/>\n\t<meta property=\"og:image:height\" content=\"1000\" \/>\n\t<meta property=\"og:image:type\" content=\"image\/jpeg\" \/>\n<meta name=\"twitter:card\" content=\"summary_large_image\" \/>\n<meta name=\"twitter:label1\" content=\"Ber\u00e4knad l\u00e4stid\" \/>\n\t<meta name=\"twitter:data1\" content=\"1 minut\" \/>\n<script type=\"application\/ld+json\" class=\"yoast-schema-graph\">{\"@context\":\"https:\/\/schema.org\",\"@graph\":[{\"@type\":\"WebPage\",\"@id\":\"https:\/\/ibc.ee\/sv\/produkt\/newcube-ibc-1000-1000-liters-mellanbehallare-for-vatskor\/\",\"url\":\"https:\/\/ibc.ee\/sv\/produkt\/newcube-ibc-1000-1000-liters-mellanbehallare-for-vatskor\/\",\"name\":\"NewCube IBC 1000 \u2013 1000-liters mellanbeh\u00e5llare f\u00f6r v\u00e4tskor - IBC konteineri m&uuml;&uuml;k, vaadid, kraanid, mahutid\",\"isPartOf\":{\"@id\":\"https:\/\/www.ibc.ee\/sv\/#website\"},\"primaryImageOfPage\":{\"@id\":\"https:\/\/ibc.ee\/sv\/produkt\/newcube-ibc-1000-1000-liters-mellanbehallare-for-vatskor\/#primaryimage\"},\"image\":{\"@id\":\"https:\/\/ibc.ee\/sv\/produkt\/newcube-ibc-1000-1000-liters-mellanbehallare-for-vatskor\/#primaryimage\"},\"thumbnailUrl\":\"https:\/\/ibc.ee\/wp-content\/uploads\/2018\/06\/NewCube-IBC-1000-Container-for-General-Liquid-Storage.jpg\",\"datePublished\":\"2025-04-21T10:02:24+00:00\",\"dateModified\":\"2025-07-09T14:51:31+00:00\",\"description\":\"NewCube IBC 1000 \u00e4r en helt ny 1000-liters IBC-beh\u00e5llare, designad f\u00f6r allm\u00e4n v\u00e4tskelagring d\u00e4r certifiering f\u00f6r livsmedel eller farliga \u00e4mnen inte kr\u00e4vs.\",\"breadcrumb\":{\"@id\":\"https:\/\/ibc.ee\/sv\/produkt\/newcube-ibc-1000-1000-liters-mellanbehallare-for-vatskor\/#breadcrumb\"},\"inLanguage\":\"sv-SE\",\"potentialAction\":[{\"@type\":\"ReadAction\",\"target\":[\"https:\/\/ibc.ee\/sv\/produkt\/newcube-ibc-1000-1000-liters-mellanbehallare-for-vatskor\/\"]}]},{\"@type\":\"ImageObject\",\"inLanguage\":\"sv-SE\",\"@id\":\"https:\/\/ibc.ee\/sv\/produkt\/newcube-ibc-1000-1000-liters-mellanbehallare-for-vatskor\/#primaryimage\",\"url\":\"https:\/\/ibc.ee\/wp-content\/uploads\/2018\/06\/NewCube-IBC-1000-Container-for-General-Liquid-Storage.jpg\",\"contentUrl\":\"https:\/\/ibc.ee\/wp-content\/uploads\/2018\/06\/NewCube-IBC-1000-Container-for-General-Liquid-Storage.jpg\",\"width\":1000,\"height\":1000,\"caption\":\"NewCube IBC 1000 \u2013 Intermediate bulk 1000L container\"},{\"@type\":\"BreadcrumbList\",\"@id\":\"https:\/\/ibc.ee\/sv\/produkt\/newcube-ibc-1000-1000-liters-mellanbehallare-for-vatskor\/#breadcrumb\",\"itemListElement\":[{\"@type\":\"ListItem\",\"position\":1,\"name\":\"\u0413\u043b\u0430\u0432\u043d\u0430\u044f \u0441\u0442\u0440\u0430\u043d\u0438\u0446\u0430\",\"item\":\"https:\/\/www.ibc.ee\/sv\/\"},{\"@type\":\"ListItem\",\"position\":2,\"name\":\"Butik\",\"item\":\"https:\/\/www.ibc.ee\/sv\/butik\/\"},{\"@type\":\"ListItem\",\"position\":3,\"name\":\"NewCube IBC 1000 \u2013 1000-liters mellanbeh\u00e5llare f\u00f6r v\u00e4tskor\"}]},{\"@type\":\"WebSite\",\"@id\":\"https:\/\/www.ibc.ee\/sv\/#website\",\"url\":\"https:\/\/www.ibc.ee\/sv\/\",\"name\":\"IBC konteineri m&uuml;&uuml;k, vaadid, kraanid, mahutid\",\"description\":\"IBC - Tank container valve, Adapters\\\\fittings, Intermediate bulk, container, Drums\/cans\",\"potentialAction\":[{\"@type\":\"SearchAction\",\"target\":{\"@type\":\"EntryPoint\",\"urlTemplate\":\"https:\/\/www.ibc.ee\/sv\/?s={search_term_string}\"},\"query-input\":{\"@type\":\"PropertyValueSpecification\",\"valueRequired\":true,\"valueName\":\"search_term_string\"}}],\"inLanguage\":\"sv-SE\"}]}<\/script>\n<!-- \/ Yoast SEO plugin. -->","yoast_head_json":{"title":"NewCube IBC 1000 \u2013 1000-liters mellanbeh\u00e5llare f\u00f6r v\u00e4tskor - IBC konteineri m&uuml;&uuml;k, vaadid, kraanid, mahutid","description":"NewCube IBC 1000 \u00e4r en helt ny 1000-liters IBC-beh\u00e5llare, designad f\u00f6r allm\u00e4n v\u00e4tskelagring d\u00e4r certifiering f\u00f6r livsmedel eller farliga \u00e4mnen inte kr\u00e4vs.","robots":{"index":"index","follow":"follow","max-snippet":"max-snippet:-1","max-image-preview":"max-image-preview:large","max-video-preview":"max-video-preview:-1"},"canonical":"https:\/\/ibc.ee\/sv\/produkt\/newcube-ibc-1000-1000-liters-mellanbehallare-for-vatskor\/","og_locale":"sv_SE","og_type":"article","og_title":"NewCube IBC 1000 \u2013 1000-liters mellanbeh\u00e5llare f\u00f6r v\u00e4tskor - IBC konteineri m&uuml;&uuml;k, vaadid, kraanid, mahutid","og_description":"NewCube IBC 1000 \u00e4r en helt ny 1000-liters IBC-beh\u00e5llare, designad f\u00f6r allm\u00e4n v\u00e4tskelagring d\u00e4r certifiering f\u00f6r livsmedel eller farliga \u00e4mnen inte kr\u00e4vs.","og_url":"https:\/\/ibc.ee\/sv\/produkt\/newcube-ibc-1000-1000-liters-mellanbehallare-for-vatskor\/","og_site_name":"IBC konteineri m&uuml;&uuml;k, vaadid, kraanid, mahutid","article_modified_time":"2025-07-09T14:51:31+00:00","og_image":[{"width":1000,"height":1000,"url":"https:\/\/ibc.ee\/wp-content\/uploads\/2018\/06\/NewCube-IBC-1000-Container-for-General-Liquid-Storage.jpg","type":"image\/jpeg"}],"twitter_card":"summary_large_image","twitter_misc":{"Ber\u00e4knad l\u00e4stid":"1 minut"},"schema":{"@context":"https:\/\/schema.org","@graph":[{"@type":"WebPage","@id":"https:\/\/ibc.ee\/sv\/produkt\/newcube-ibc-1000-1000-liters-mellanbehallare-for-vatskor\/","url":"https:\/\/ibc.ee\/sv\/produkt\/newcube-ibc-1000-1000-liters-mellanbehallare-for-vatskor\/","name":"NewCube IBC 1000 \u2013 1000-liters mellanbeh\u00e5llare f\u00f6r v\u00e4tskor - IBC konteineri m&uuml;&uuml;k, vaadid, kraanid, mahutid","isPartOf":{"@id":"https:\/\/www.ibc.ee\/sv\/#website"},"primaryImageOfPage":{"@id":"https:\/\/ibc.ee\/sv\/produkt\/newcube-ibc-1000-1000-liters-mellanbehallare-for-vatskor\/#primaryimage"},"image":{"@id":"https:\/\/ibc.ee\/sv\/produkt\/newcube-ibc-1000-1000-liters-mellanbehallare-for-vatskor\/#primaryimage"},"thumbnailUrl":"https:\/\/ibc.ee\/wp-content\/uploads\/2018\/06\/NewCube-IBC-1000-Container-for-General-Liquid-Storage.jpg","datePublished":"2025-04-21T10:02:24+00:00","dateModified":"2025-07-09T14:51:31+00:00","description":"NewCube IBC 1000 \u00e4r en helt ny 1000-liters IBC-beh\u00e5llare, designad f\u00f6r allm\u00e4n v\u00e4tskelagring d\u00e4r certifiering f\u00f6r livsmedel eller farliga \u00e4mnen inte kr\u00e4vs.","breadcrumb":{"@id":"https:\/\/ibc.ee\/sv\/produkt\/newcube-ibc-1000-1000-liters-mellanbehallare-for-vatskor\/#breadcrumb"},"inLanguage":"sv-SE","potentialAction":[{"@type":"ReadAction","target":["https:\/\/ibc.ee\/sv\/produkt\/newcube-ibc-1000-1000-liters-mellanbehallare-for-vatskor\/"]}]},{"@type":"ImageObject","inLanguage":"sv-SE","@id":"https:\/\/ibc.ee\/sv\/produkt\/newcube-ibc-1000-1000-liters-mellanbehallare-for-vatskor\/#primaryimage","url":"https:\/\/ibc.ee\/wp-content\/uploads\/2018\/06\/NewCube-IBC-1000-Container-for-General-Liquid-Storage.jpg","contentUrl":"https:\/\/ibc.ee\/wp-content\/uploads\/2018\/06\/NewCube-IBC-1000-Container-for-General-Liquid-Storage.jpg","width":1000,"height":1000,"caption":"NewCube IBC 1000 \u2013 Intermediate bulk 1000L container"},{"@type":"BreadcrumbList","@id":"https:\/\/ibc.ee\/sv\/produkt\/newcube-ibc-1000-1000-liters-mellanbehallare-for-vatskor\/#breadcrumb","itemListElement":[{"@type":"ListItem","position":1,"name":"\u0413\u043b\u0430\u0432\u043d\u0430\u044f \u0441\u0442\u0440\u0430\u043d\u0438\u0446\u0430","item":"https:\/\/www.ibc.ee\/sv\/"},{"@type":"ListItem","position":2,"name":"Butik","item":"https:\/\/www.ibc.ee\/sv\/butik\/"},{"@type":"ListItem","position":3,"name":"NewCube IBC 1000 \u2013 1000-liters mellanbeh\u00e5llare f\u00f6r v\u00e4tskor"}]},{"@type":"WebSite","@id":"https:\/\/www.ibc.ee\/sv\/#website","url":"https:\/\/www.ibc.ee\/sv\/","name":"IBC konteineri m&uuml;&uuml;k, vaadid, kraanid, mahutid","description":"IBC - Tank container valve, Adapters\\fittings, Intermediate bulk, container, Drums\/cans","potentialAction":[{"@type":"SearchAction","target":{"@type":"EntryPoint","urlTemplate":"https:\/\/www.ibc.ee\/sv\/?s={search_term_string}"},"query-input":{"@type":"PropertyValueSpecification","valueRequired":true,"valueName":"search_term_string"}}],"inLanguage":"sv-SE"}]}},"_links":{"self":[{"href":"https:\/\/ibc.ee\/sv\/wp-json\/wp\/v2\/product\/22689","targetHints":{"allow":["GET"]}}],"collection":[{"href":"https:\/\/ibc.ee\/sv\/wp-json\/wp\/v2\/product"}],"about":[{"href":"https:\/\/ibc.ee\/sv\/wp-json\/wp\/v2\/types\/product"}],"wp:featuredmedia":[{"embeddable":true,"href":"https:\/\/ibc.ee\/sv\/wp-json\/wp\/v2\/media\/24273"}],"wp:attachment":[{"href":"https:\/\/ibc.ee\/sv\/wp-json\/wp\/v2\/media?parent=22689"}],"wp:term":[{"taxonomy":"product_brand","embeddable":true,"href":"https:\/\/ibc.ee\/sv\/wp-json\/wp\/v2\/product_brand?post=22689"},{"taxonomy":"product_cat","embeddable":true,"href":"https:\/\/ibc.ee\/sv\/wp-json\/wp\/v2\/product_cat?post=22689"},{"taxonomy":"product_tag","embeddable":true,"href":"https:\/\/ibc.ee\/sv\/wp-json\/wp\/v2\/product_tag?post=22689"}],"curies":[{"name":"wp","href":"https:\/\/api.w.org\/{rel}","templated":true}]}}