{"id":22737,"date":"2018-04-28T09:59:12","date_gmt":"2025-04-21T10:16:10","guid":{"rendered":"https:\/\/ibc.ee\/product\/2-bspnpt-hon-x-2-s60x6-honganga\/"},"modified":"2025-04-21T12:16:10","modified_gmt":"2025-04-21T10:16:10","slug":"2-bspnpt-hon-x-2-s60x6-honganga","status":"publish","type":"product","link":"https:\/\/ibc.ee\/sv\/produkt\/2-bspnpt-hon-x-2-s60x6-honganga\/","title":{"rendered":"2&#8243; BSPNPT-hon \u00d7 2&#8243; S60X6-hong\u00e4nga"},"content":{"rendered":"<p>2&#8243; BSPNPT-hon \u00d7 2&#8243; S60X6-hong\u00e4nga<\/p>\n","protected":false},"excerpt":{"rendered":"<p>2&#8243; BSPNPT-hon \u00d7 2&#8243; S60X6-hong\u00e4nga<\/p>\n","protected":false},"featured_media":22738,"template":"","meta":[],"product_brand":[],"product_cat":[445],"product_tag":[],"class_list":{"0":"post-22737","1":"product","2":"type-product","3":"status-publish","4":"has-post-thumbnail","6":"product_cat-adaptrar-och-beslag-for-ibc-container","7":"product_shipping_class-omniva-sv","9":"first","10":"instock","11":"taxable","12":"shipping-taxable","13":"purchasable","14":"product-type-simple"},"yoast_head":"<!-- This site is optimized with the Yoast SEO plugin v26.9 - https:\/\/yoast.com\/product\/yoast-seo-wordpress\/ -->\n<title>2&quot; BSPNPT-hon \u00d7 2&quot; S60X6-hong\u00e4nga - IBC konteineri m&uuml;&uuml;k, vaadid, kraanid, mahutid<\/title>\n<meta name=\"description\" content=\"2&quot; BSPNPT-hon \u00d7 2&quot; S60X6-hong\u00e4nga\" \/>\n<meta name=\"robots\" content=\"index, follow, max-snippet:-1, max-image-preview:large, max-video-preview:-1\" \/>\n<link rel=\"canonical\" href=\"https:\/\/ibc.ee\/sv\/produkt\/2-bspnpt-hon-x-2-s60x6-honganga\/\" \/>\n<meta property=\"og:locale\" content=\"sv_SE\" \/>\n<meta property=\"og:type\" content=\"article\" \/>\n<meta property=\"og:title\" content=\"2&quot; BSPNPT-hon \u00d7 2&quot; S60X6-hong\u00e4nga - IBC konteineri m&uuml;&uuml;k, vaadid, kraanid, mahutid\" \/>\n<meta property=\"og:description\" content=\"2&quot; BSPNPT-hon \u00d7 2&quot; S60X6-hong\u00e4nga\" \/>\n<meta property=\"og:url\" content=\"https:\/\/ibc.ee\/sv\/produkt\/2-bspnpt-hon-x-2-s60x6-honganga\/\" \/>\n<meta property=\"og:site_name\" content=\"IBC konteineri m&uuml;&uuml;k, vaadid, kraanid, mahutid\" \/>\n<meta property=\"og:image\" content=\"https:\/\/ibc.ee\/wp-content\/uploads\/2018\/04\/oFsB6vJ.png\" \/>\n\t<meta property=\"og:image:width\" content=\"680\" \/>\n\t<meta property=\"og:image:height\" content=\"680\" \/>\n\t<meta property=\"og:image:type\" content=\"image\/png\" \/>\n<meta name=\"twitter:card\" content=\"summary_large_image\" \/>\n<script type=\"application\/ld+json\" class=\"yoast-schema-graph\">{\"@context\":\"https:\/\/schema.org\",\"@graph\":[{\"@type\":\"WebPage\",\"@id\":\"https:\/\/ibc.ee\/sv\/produkt\/2-bspnpt-hon-x-2-s60x6-honganga\/\",\"url\":\"https:\/\/ibc.ee\/sv\/produkt\/2-bspnpt-hon-x-2-s60x6-honganga\/\",\"name\":\"2\\\" BSPNPT-hon \u00d7 2\\\" S60X6-hong\u00e4nga - IBC konteineri m&uuml;&uuml;k, vaadid, kraanid, mahutid\",\"isPartOf\":{\"@id\":\"https:\/\/ibc.ee\/sv\/#website\"},\"primaryImageOfPage\":{\"@id\":\"https:\/\/ibc.ee\/sv\/produkt\/2-bspnpt-hon-x-2-s60x6-honganga\/#primaryimage\"},\"image\":{\"@id\":\"https:\/\/ibc.ee\/sv\/produkt\/2-bspnpt-hon-x-2-s60x6-honganga\/#primaryimage\"},\"thumbnailUrl\":\"https:\/\/ibc.ee\/wp-content\/uploads\/2018\/04\/oFsB6vJ.png\",\"datePublished\":\"2025-04-21T10:16:10+00:00\",\"description\":\"2\\\" BSPNPT-hon \u00d7 2\\\" S60X6-hong\u00e4nga\",\"breadcrumb\":{\"@id\":\"https:\/\/ibc.ee\/sv\/produkt\/2-bspnpt-hon-x-2-s60x6-honganga\/#breadcrumb\"},\"inLanguage\":\"sv-SE\",\"potentialAction\":[{\"@type\":\"ReadAction\",\"target\":[\"https:\/\/ibc.ee\/sv\/produkt\/2-bspnpt-hon-x-2-s60x6-honganga\/\"]}]},{\"@type\":\"ImageObject\",\"inLanguage\":\"sv-SE\",\"@id\":\"https:\/\/ibc.ee\/sv\/produkt\/2-bspnpt-hon-x-2-s60x6-honganga\/#primaryimage\",\"url\":\"https:\/\/ibc.ee\/wp-content\/uploads\/2018\/04\/oFsB6vJ.png\",\"contentUrl\":\"https:\/\/ibc.ee\/wp-content\/uploads\/2018\/04\/oFsB6vJ.png\",\"width\":680,\"height\":680},{\"@type\":\"BreadcrumbList\",\"@id\":\"https:\/\/ibc.ee\/sv\/produkt\/2-bspnpt-hon-x-2-s60x6-honganga\/#breadcrumb\",\"itemListElement\":[{\"@type\":\"ListItem\",\"position\":1,\"name\":\"\u0413\u043b\u0430\u0432\u043d\u0430\u044f \u0441\u0442\u0440\u0430\u043d\u0438\u0446\u0430\",\"item\":\"https:\/\/ibc.ee\/sv\/\"},{\"@type\":\"ListItem\",\"position\":2,\"name\":\"Butik\",\"item\":\"https:\/\/ibc.ee\/sv\/butik\/\"},{\"@type\":\"ListItem\",\"position\":3,\"name\":\"2&#8243; BSPNPT-hon \u00d7 2&#8243; S60X6-hong\u00e4nga\"}]},{\"@type\":\"WebSite\",\"@id\":\"https:\/\/ibc.ee\/sv\/#website\",\"url\":\"https:\/\/ibc.ee\/sv\/\",\"name\":\"IBC konteineri m&uuml;&uuml;k, vaadid, kraanid, mahutid\",\"description\":\"IBC - Tank container valve, Adapters\\\\fittings, Intermediate bulk, container, Drums\/cans\",\"potentialAction\":[{\"@type\":\"SearchAction\",\"target\":{\"@type\":\"EntryPoint\",\"urlTemplate\":\"https:\/\/ibc.ee\/sv\/?s={search_term_string}\"},\"query-input\":{\"@type\":\"PropertyValueSpecification\",\"valueRequired\":true,\"valueName\":\"search_term_string\"}}],\"inLanguage\":\"sv-SE\"}]}<\/script>\n<!-- \/ Yoast SEO plugin. -->","yoast_head_json":{"title":"2\" BSPNPT-hon \u00d7 2\" S60X6-hong\u00e4nga - IBC konteineri m&uuml;&uuml;k, vaadid, kraanid, mahutid","description":"2\" BSPNPT-hon \u00d7 2\" S60X6-hong\u00e4nga","robots":{"index":"index","follow":"follow","max-snippet":"max-snippet:-1","max-image-preview":"max-image-preview:large","max-video-preview":"max-video-preview:-1"},"canonical":"https:\/\/ibc.ee\/sv\/produkt\/2-bspnpt-hon-x-2-s60x6-honganga\/","og_locale":"sv_SE","og_type":"article","og_title":"2\" BSPNPT-hon \u00d7 2\" S60X6-hong\u00e4nga - IBC konteineri m&uuml;&uuml;k, vaadid, kraanid, mahutid","og_description":"2\" BSPNPT-hon \u00d7 2\" S60X6-hong\u00e4nga","og_url":"https:\/\/ibc.ee\/sv\/produkt\/2-bspnpt-hon-x-2-s60x6-honganga\/","og_site_name":"IBC konteineri m&uuml;&uuml;k, vaadid, kraanid, mahutid","og_image":[{"width":680,"height":680,"url":"https:\/\/ibc.ee\/wp-content\/uploads\/2018\/04\/oFsB6vJ.png","type":"image\/png"}],"twitter_card":"summary_large_image","schema":{"@context":"https:\/\/schema.org","@graph":[{"@type":"WebPage","@id":"https:\/\/ibc.ee\/sv\/produkt\/2-bspnpt-hon-x-2-s60x6-honganga\/","url":"https:\/\/ibc.ee\/sv\/produkt\/2-bspnpt-hon-x-2-s60x6-honganga\/","name":"2\" BSPNPT-hon \u00d7 2\" S60X6-hong\u00e4nga - IBC konteineri m&uuml;&uuml;k, vaadid, kraanid, mahutid","isPartOf":{"@id":"https:\/\/ibc.ee\/sv\/#website"},"primaryImageOfPage":{"@id":"https:\/\/ibc.ee\/sv\/produkt\/2-bspnpt-hon-x-2-s60x6-honganga\/#primaryimage"},"image":{"@id":"https:\/\/ibc.ee\/sv\/produkt\/2-bspnpt-hon-x-2-s60x6-honganga\/#primaryimage"},"thumbnailUrl":"https:\/\/ibc.ee\/wp-content\/uploads\/2018\/04\/oFsB6vJ.png","datePublished":"2025-04-21T10:16:10+00:00","description":"2\" BSPNPT-hon \u00d7 2\" S60X6-hong\u00e4nga","breadcrumb":{"@id":"https:\/\/ibc.ee\/sv\/produkt\/2-bspnpt-hon-x-2-s60x6-honganga\/#breadcrumb"},"inLanguage":"sv-SE","potentialAction":[{"@type":"ReadAction","target":["https:\/\/ibc.ee\/sv\/produkt\/2-bspnpt-hon-x-2-s60x6-honganga\/"]}]},{"@type":"ImageObject","inLanguage":"sv-SE","@id":"https:\/\/ibc.ee\/sv\/produkt\/2-bspnpt-hon-x-2-s60x6-honganga\/#primaryimage","url":"https:\/\/ibc.ee\/wp-content\/uploads\/2018\/04\/oFsB6vJ.png","contentUrl":"https:\/\/ibc.ee\/wp-content\/uploads\/2018\/04\/oFsB6vJ.png","width":680,"height":680},{"@type":"BreadcrumbList","@id":"https:\/\/ibc.ee\/sv\/produkt\/2-bspnpt-hon-x-2-s60x6-honganga\/#breadcrumb","itemListElement":[{"@type":"ListItem","position":1,"name":"\u0413\u043b\u0430\u0432\u043d\u0430\u044f \u0441\u0442\u0440\u0430\u043d\u0438\u0446\u0430","item":"https:\/\/ibc.ee\/sv\/"},{"@type":"ListItem","position":2,"name":"Butik","item":"https:\/\/ibc.ee\/sv\/butik\/"},{"@type":"ListItem","position":3,"name":"2&#8243; BSPNPT-hon \u00d7 2&#8243; S60X6-hong\u00e4nga"}]},{"@type":"WebSite","@id":"https:\/\/ibc.ee\/sv\/#website","url":"https:\/\/ibc.ee\/sv\/","name":"IBC konteineri m&uuml;&uuml;k, vaadid, kraanid, mahutid","description":"IBC - Tank container valve, Adapters\\fittings, Intermediate bulk, container, Drums\/cans","potentialAction":[{"@type":"SearchAction","target":{"@type":"EntryPoint","urlTemplate":"https:\/\/ibc.ee\/sv\/?s={search_term_string}"},"query-input":{"@type":"PropertyValueSpecification","valueRequired":true,"valueName":"search_term_string"}}],"inLanguage":"sv-SE"}]}},"_links":{"self":[{"href":"https:\/\/ibc.ee\/sv\/wp-json\/wp\/v2\/product\/22737","targetHints":{"allow":["GET"]}}],"collection":[{"href":"https:\/\/ibc.ee\/sv\/wp-json\/wp\/v2\/product"}],"about":[{"href":"https:\/\/ibc.ee\/sv\/wp-json\/wp\/v2\/types\/product"}],"wp:featuredmedia":[{"embeddable":true,"href":"https:\/\/ibc.ee\/sv\/wp-json\/wp\/v2\/media\/22738"}],"wp:attachment":[{"href":"https:\/\/ibc.ee\/sv\/wp-json\/wp\/v2\/media?parent=22737"}],"wp:term":[{"taxonomy":"product_brand","embeddable":true,"href":"https:\/\/ibc.ee\/sv\/wp-json\/wp\/v2\/product_brand?post=22737"},{"taxonomy":"product_cat","embeddable":true,"href":"https:\/\/ibc.ee\/sv\/wp-json\/wp\/v2\/product_cat?post=22737"},{"taxonomy":"product_tag","embeddable":true,"href":"https:\/\/ibc.ee\/sv\/wp-json\/wp\/v2\/product_tag?post=22737"}],"curies":[{"name":"wp","href":"https:\/\/api.w.org\/{rel}","templated":true}]}}