{"id":22751,"date":"2018-06-03T19:16:50","date_gmt":"2025-04-21T10:22:18","guid":{"rendered":"https:\/\/ibc.ee\/product\/ibc-tankcontainer-1000-liter-2-tum-62-mm-dn40-vridspjallventil\/"},"modified":"2025-04-21T12:22:18","modified_gmt":"2025-04-21T10:22:18","slug":"ibc-tankcontainer-1000-liter-2-tum-62-mm-dn40-vridspjallventil","status":"publish","type":"product","link":"https:\/\/ibc.ee\/sv\/produkt\/ibc-tankcontainer-1000-liter-2-tum-62-mm-dn40-vridspjallventil\/","title":{"rendered":"IBC tankcontainer 1000 liter 2 tum 62 mm (DN40) vridspj\u00e4llventil"},"content":{"rendered":"<p>IBC tankcontainer 1000 liter 62mm (DN40) vridspj\u00e4llventil<\/p>\n<p>Den h\u00e4r nya IBC-ventilen kan du anv\u00e4nda f\u00f6r att byta ut den gamla ventilen eller l\u00e4gga till nedan har nu. 62 mm &#8211; storleksg\u00e4nga f\u00f6r anslutning till Intermediate bulk containers S60X6. Produkt Teknisk beskrivning: Material HDPE.    <\/p>\n<p>Anv\u00e4nds vid temperatur -20 \u2103 ~ +70 \u2103<\/p>\n<p>Arbetstryck&lt;0,15 mpa  <\/p>\n<p>Anv\u00e4nds normalt upp till 2000 g\u00e5nger.<\/p>\n","protected":false},"excerpt":{"rendered":"<p>IBC tankcontainer 1000 liter 62mm (DN40) vridspj\u00e4llventil Den h\u00e4r nya IBC-ventilen kan du anv\u00e4nda f\u00f6r att byta ut den gamla ventilen eller l\u00e4gga till nedan har nu. 62 mm &#8211; storleksg\u00e4nga f\u00f6r anslutning till Intermediate bulk containers S60X6. Produkt Teknisk beskrivning: Material HDPE. Anv\u00e4nds vid temperatur -20 \u2103 ~ +70 \u2103 Arbetstryck&lt;0,15 mpa Anv\u00e4nds normalt [&hellip;]<\/p>\n","protected":false},"featured_media":22752,"template":"","meta":[],"product_brand":[],"product_cat":[444],"product_tag":[],"class_list":{"0":"post-22751","1":"product","2":"type-product","3":"status-publish","4":"has-post-thumbnail","6":"product_cat-tankcontainerventil-for-ibc-container","7":"product_shipping_class-omniva-sv","9":"first","10":"instock","11":"taxable","12":"shipping-taxable","13":"purchasable","14":"product-type-simple"},"yoast_head":"<!-- This site is optimized with the Yoast SEO plugin v26.9 - https:\/\/yoast.com\/product\/yoast-seo-wordpress\/ -->\n<title>IBC tankcontainer 1000 liter 2 tum 62 mm (DN40) vridspj\u00e4llventil - IBC konteineri m&uuml;&uuml;k, vaadid, kraanid, mahutid<\/title>\n<meta name=\"description\" content=\"Den h\u00e4r nya IBC-ventilen kan du anv\u00e4nda f\u00f6r att byta ut den gamla ventilen eller l\u00e4gga till nedan har nu. 62 mm - storleksg\u00e4nga f\u00f6r anslutning till Intermediate bulk containers S60X6.\" \/>\n<meta name=\"robots\" content=\"index, follow, max-snippet:-1, max-image-preview:large, max-video-preview:-1\" \/>\n<link rel=\"canonical\" href=\"https:\/\/ibc.ee\/sv\/produkt\/ibc-tankcontainer-1000-liter-2-tum-62-mm-dn40-vridspjallventil\/\" \/>\n<meta property=\"og:locale\" content=\"sv_SE\" \/>\n<meta property=\"og:type\" content=\"article\" \/>\n<meta property=\"og:title\" content=\"IBC tankcontainer 1000 liter 2 tum 62 mm (DN40) vridspj\u00e4llventil - IBC konteineri m&uuml;&uuml;k, vaadid, kraanid, mahutid\" \/>\n<meta property=\"og:description\" content=\"Den h\u00e4r nya IBC-ventilen kan du anv\u00e4nda f\u00f6r att byta ut den gamla ventilen eller l\u00e4gga till nedan har nu. 62 mm - storleksg\u00e4nga f\u00f6r anslutning till Intermediate bulk containers S60X6.\" \/>\n<meta property=\"og:url\" content=\"https:\/\/ibc.ee\/sv\/produkt\/ibc-tankcontainer-1000-liter-2-tum-62-mm-dn40-vridspjallventil\/\" \/>\n<meta property=\"og:site_name\" content=\"IBC konteineri m&uuml;&uuml;k, vaadid, kraanid, mahutid\" \/>\n<meta property=\"og:image\" content=\"https:\/\/www.ibc.ee\/wp-content\/uploads\/2018\/06\/P5219500.jpg\" \/>\n\t<meta property=\"og:image:width\" content=\"2736\" \/>\n\t<meta property=\"og:image:height\" content=\"2736\" \/>\n\t<meta property=\"og:image:type\" content=\"image\/jpeg\" \/>\n<meta name=\"twitter:card\" content=\"summary_large_image\" \/>\n<script type=\"application\/ld+json\" class=\"yoast-schema-graph\">{\"@context\":\"https:\/\/schema.org\",\"@graph\":[{\"@type\":\"WebPage\",\"@id\":\"https:\/\/ibc.ee\/sv\/produkt\/ibc-tankcontainer-1000-liter-2-tum-62-mm-dn40-vridspjallventil\/\",\"url\":\"https:\/\/ibc.ee\/sv\/produkt\/ibc-tankcontainer-1000-liter-2-tum-62-mm-dn40-vridspjallventil\/\",\"name\":\"IBC tankcontainer 1000 liter 2 tum 62 mm (DN40) vridspj\u00e4llventil - IBC konteineri m&uuml;&uuml;k, vaadid, kraanid, mahutid\",\"isPartOf\":{\"@id\":\"https:\/\/www.ibc.ee\/sv\/#website\"},\"primaryImageOfPage\":{\"@id\":\"https:\/\/ibc.ee\/sv\/produkt\/ibc-tankcontainer-1000-liter-2-tum-62-mm-dn40-vridspjallventil\/#primaryimage\"},\"image\":{\"@id\":\"https:\/\/ibc.ee\/sv\/produkt\/ibc-tankcontainer-1000-liter-2-tum-62-mm-dn40-vridspjallventil\/#primaryimage\"},\"thumbnailUrl\":\"https:\/\/ibc.ee\/wp-content\/uploads\/2018\/06\/P5219500.jpg\",\"datePublished\":\"2025-04-21T10:22:18+00:00\",\"description\":\"Den h\u00e4r nya IBC-ventilen kan du anv\u00e4nda f\u00f6r att byta ut den gamla ventilen eller l\u00e4gga till nedan har nu. 62 mm - storleksg\u00e4nga f\u00f6r anslutning till Intermediate bulk containers S60X6.\",\"breadcrumb\":{\"@id\":\"https:\/\/ibc.ee\/sv\/produkt\/ibc-tankcontainer-1000-liter-2-tum-62-mm-dn40-vridspjallventil\/#breadcrumb\"},\"inLanguage\":\"sv-SE\",\"potentialAction\":[{\"@type\":\"ReadAction\",\"target\":[\"https:\/\/ibc.ee\/sv\/produkt\/ibc-tankcontainer-1000-liter-2-tum-62-mm-dn40-vridspjallventil\/\"]}]},{\"@type\":\"ImageObject\",\"inLanguage\":\"sv-SE\",\"@id\":\"https:\/\/ibc.ee\/sv\/produkt\/ibc-tankcontainer-1000-liter-2-tum-62-mm-dn40-vridspjallventil\/#primaryimage\",\"url\":\"https:\/\/ibc.ee\/wp-content\/uploads\/2018\/06\/P5219500.jpg\",\"contentUrl\":\"https:\/\/ibc.ee\/wp-content\/uploads\/2018\/06\/P5219500.jpg\",\"width\":2736,\"height\":2736},{\"@type\":\"BreadcrumbList\",\"@id\":\"https:\/\/ibc.ee\/sv\/produkt\/ibc-tankcontainer-1000-liter-2-tum-62-mm-dn40-vridspjallventil\/#breadcrumb\",\"itemListElement\":[{\"@type\":\"ListItem\",\"position\":1,\"name\":\"\u0413\u043b\u0430\u0432\u043d\u0430\u044f \u0441\u0442\u0440\u0430\u043d\u0438\u0446\u0430\",\"item\":\"https:\/\/www.ibc.ee\/sv\/\"},{\"@type\":\"ListItem\",\"position\":2,\"name\":\"Butik\",\"item\":\"https:\/\/www.ibc.ee\/sv\/butik\/\"},{\"@type\":\"ListItem\",\"position\":3,\"name\":\"IBC tankcontainer 1000 liter 2 tum 62 mm (DN40) vridspj\u00e4llventil\"}]},{\"@type\":\"WebSite\",\"@id\":\"https:\/\/www.ibc.ee\/sv\/#website\",\"url\":\"https:\/\/www.ibc.ee\/sv\/\",\"name\":\"IBC konteineri m&uuml;&uuml;k, vaadid, kraanid, mahutid\",\"description\":\"IBC - Tank container valve, Adapters\\\\fittings, Intermediate bulk, container, Drums\/cans\",\"potentialAction\":[{\"@type\":\"SearchAction\",\"target\":{\"@type\":\"EntryPoint\",\"urlTemplate\":\"https:\/\/www.ibc.ee\/sv\/?s={search_term_string}\"},\"query-input\":{\"@type\":\"PropertyValueSpecification\",\"valueRequired\":true,\"valueName\":\"search_term_string\"}}],\"inLanguage\":\"sv-SE\"}]}<\/script>\n<!-- \/ Yoast SEO plugin. -->","yoast_head_json":{"title":"IBC tankcontainer 1000 liter 2 tum 62 mm (DN40) vridspj\u00e4llventil - IBC konteineri m&uuml;&uuml;k, vaadid, kraanid, mahutid","description":"Den h\u00e4r nya IBC-ventilen kan du anv\u00e4nda f\u00f6r att byta ut den gamla ventilen eller l\u00e4gga till nedan har nu. 62 mm - storleksg\u00e4nga f\u00f6r anslutning till Intermediate bulk containers S60X6.","robots":{"index":"index","follow":"follow","max-snippet":"max-snippet:-1","max-image-preview":"max-image-preview:large","max-video-preview":"max-video-preview:-1"},"canonical":"https:\/\/ibc.ee\/sv\/produkt\/ibc-tankcontainer-1000-liter-2-tum-62-mm-dn40-vridspjallventil\/","og_locale":"sv_SE","og_type":"article","og_title":"IBC tankcontainer 1000 liter 2 tum 62 mm (DN40) vridspj\u00e4llventil - IBC konteineri m&uuml;&uuml;k, vaadid, kraanid, mahutid","og_description":"Den h\u00e4r nya IBC-ventilen kan du anv\u00e4nda f\u00f6r att byta ut den gamla ventilen eller l\u00e4gga till nedan har nu. 62 mm - storleksg\u00e4nga f\u00f6r anslutning till Intermediate bulk containers S60X6.","og_url":"https:\/\/ibc.ee\/sv\/produkt\/ibc-tankcontainer-1000-liter-2-tum-62-mm-dn40-vridspjallventil\/","og_site_name":"IBC konteineri m&uuml;&uuml;k, vaadid, kraanid, mahutid","og_image":[{"width":2736,"height":2736,"url":"https:\/\/www.ibc.ee\/wp-content\/uploads\/2018\/06\/P5219500.jpg","type":"image\/jpeg"}],"twitter_card":"summary_large_image","schema":{"@context":"https:\/\/schema.org","@graph":[{"@type":"WebPage","@id":"https:\/\/ibc.ee\/sv\/produkt\/ibc-tankcontainer-1000-liter-2-tum-62-mm-dn40-vridspjallventil\/","url":"https:\/\/ibc.ee\/sv\/produkt\/ibc-tankcontainer-1000-liter-2-tum-62-mm-dn40-vridspjallventil\/","name":"IBC tankcontainer 1000 liter 2 tum 62 mm (DN40) vridspj\u00e4llventil - IBC konteineri m&uuml;&uuml;k, vaadid, kraanid, mahutid","isPartOf":{"@id":"https:\/\/www.ibc.ee\/sv\/#website"},"primaryImageOfPage":{"@id":"https:\/\/ibc.ee\/sv\/produkt\/ibc-tankcontainer-1000-liter-2-tum-62-mm-dn40-vridspjallventil\/#primaryimage"},"image":{"@id":"https:\/\/ibc.ee\/sv\/produkt\/ibc-tankcontainer-1000-liter-2-tum-62-mm-dn40-vridspjallventil\/#primaryimage"},"thumbnailUrl":"https:\/\/ibc.ee\/wp-content\/uploads\/2018\/06\/P5219500.jpg","datePublished":"2025-04-21T10:22:18+00:00","description":"Den h\u00e4r nya IBC-ventilen kan du anv\u00e4nda f\u00f6r att byta ut den gamla ventilen eller l\u00e4gga till nedan har nu. 62 mm - storleksg\u00e4nga f\u00f6r anslutning till Intermediate bulk containers S60X6.","breadcrumb":{"@id":"https:\/\/ibc.ee\/sv\/produkt\/ibc-tankcontainer-1000-liter-2-tum-62-mm-dn40-vridspjallventil\/#breadcrumb"},"inLanguage":"sv-SE","potentialAction":[{"@type":"ReadAction","target":["https:\/\/ibc.ee\/sv\/produkt\/ibc-tankcontainer-1000-liter-2-tum-62-mm-dn40-vridspjallventil\/"]}]},{"@type":"ImageObject","inLanguage":"sv-SE","@id":"https:\/\/ibc.ee\/sv\/produkt\/ibc-tankcontainer-1000-liter-2-tum-62-mm-dn40-vridspjallventil\/#primaryimage","url":"https:\/\/ibc.ee\/wp-content\/uploads\/2018\/06\/P5219500.jpg","contentUrl":"https:\/\/ibc.ee\/wp-content\/uploads\/2018\/06\/P5219500.jpg","width":2736,"height":2736},{"@type":"BreadcrumbList","@id":"https:\/\/ibc.ee\/sv\/produkt\/ibc-tankcontainer-1000-liter-2-tum-62-mm-dn40-vridspjallventil\/#breadcrumb","itemListElement":[{"@type":"ListItem","position":1,"name":"\u0413\u043b\u0430\u0432\u043d\u0430\u044f \u0441\u0442\u0440\u0430\u043d\u0438\u0446\u0430","item":"https:\/\/www.ibc.ee\/sv\/"},{"@type":"ListItem","position":2,"name":"Butik","item":"https:\/\/www.ibc.ee\/sv\/butik\/"},{"@type":"ListItem","position":3,"name":"IBC tankcontainer 1000 liter 2 tum 62 mm (DN40) vridspj\u00e4llventil"}]},{"@type":"WebSite","@id":"https:\/\/www.ibc.ee\/sv\/#website","url":"https:\/\/www.ibc.ee\/sv\/","name":"IBC konteineri m&uuml;&uuml;k, vaadid, kraanid, mahutid","description":"IBC - Tank container valve, Adapters\\fittings, Intermediate bulk, container, Drums\/cans","potentialAction":[{"@type":"SearchAction","target":{"@type":"EntryPoint","urlTemplate":"https:\/\/www.ibc.ee\/sv\/?s={search_term_string}"},"query-input":{"@type":"PropertyValueSpecification","valueRequired":true,"valueName":"search_term_string"}}],"inLanguage":"sv-SE"}]}},"_links":{"self":[{"href":"https:\/\/ibc.ee\/sv\/wp-json\/wp\/v2\/product\/22751","targetHints":{"allow":["GET"]}}],"collection":[{"href":"https:\/\/ibc.ee\/sv\/wp-json\/wp\/v2\/product"}],"about":[{"href":"https:\/\/ibc.ee\/sv\/wp-json\/wp\/v2\/types\/product"}],"wp:featuredmedia":[{"embeddable":true,"href":"https:\/\/ibc.ee\/sv\/wp-json\/wp\/v2\/media\/22752"}],"wp:attachment":[{"href":"https:\/\/ibc.ee\/sv\/wp-json\/wp\/v2\/media?parent=22751"}],"wp:term":[{"taxonomy":"product_brand","embeddable":true,"href":"https:\/\/ibc.ee\/sv\/wp-json\/wp\/v2\/product_brand?post=22751"},{"taxonomy":"product_cat","embeddable":true,"href":"https:\/\/ibc.ee\/sv\/wp-json\/wp\/v2\/product_cat?post=22751"},{"taxonomy":"product_tag","embeddable":true,"href":"https:\/\/ibc.ee\/sv\/wp-json\/wp\/v2\/product_tag?post=22751"}],"curies":[{"name":"wp","href":"https:\/\/api.w.org\/{rel}","templated":true}]}}