{"id":22821,"date":"2018-04-28T09:59:21","date_gmt":"2025-04-21T11:23:50","guid":{"rendered":"https:\/\/ibc.ee\/product\/s60x6-hona-1-rorkran-tradgard-rod-4-kranar\/"},"modified":"2025-04-21T13:23:50","modified_gmt":"2025-04-21T11:23:50","slug":"s60x6-hona-1-rorkran-tradgard-rod-4-kranar","status":"publish","type":"product","link":"https:\/\/ibc.ee\/sv\/produkt\/s60x6-hona-1-rorkran-tradgard-rod-4-kranar\/","title":{"rendered":"S60X6 hona 1&#8221; r\u00f6rkran tr\u00e4dg\u00e5rd r\u00f6d (4 kranar)"},"content":{"rendered":"<p>Denna IBC-tankadapter \u00e4r avsedd f\u00f6r ett IBC-tanklock med S60X6-kursg\u00e4nga och en manlig slangkoppling s\u00e5 att du kan koppla en vattentank till en tr\u00e4dg\u00e5rdsslang med hj\u00e4lp av en standard Hozelock-honkoppling (4 kranar).<\/p>\n","protected":false},"excerpt":{"rendered":"<p>Denna IBC-tankadapter \u00e4r avsedd f\u00f6r ett IBC-tanklock med S60X6-kursg\u00e4nga och en manlig slangkoppling s\u00e5 att du kan koppla en vattentank till en tr\u00e4dg\u00e5rdsslang med hj\u00e4lp av en standard Hozelock-honkoppling (4 kranar).<\/p>\n","protected":false},"featured_media":22822,"template":"","meta":[],"product_brand":[],"product_cat":[445],"product_tag":[],"class_list":{"0":"post-22821","1":"product","2":"type-product","3":"status-publish","4":"has-post-thumbnail","6":"product_cat-adaptrar-och-beslag-for-ibc-container","7":"product_shipping_class-omniva-sv","9":"first","10":"onbackorder","11":"taxable","12":"shipping-taxable","13":"purchasable","14":"product-type-simple"},"yoast_head":"<!-- This site is optimized with the Yoast SEO plugin v26.9 - https:\/\/yoast.com\/product\/yoast-seo-wordpress\/ -->\n<title>S60X6 hona 1&#039;&#039; r\u00f6rkran tr\u00e4dg\u00e5rd r\u00f6d (4 kranar) - IBC konteineri m&uuml;&uuml;k, vaadid, kraanid, mahutid<\/title>\n<meta name=\"description\" content=\"Denna IBC-tankadapter \u00e4r avsedd f\u00f6r ett IBC-tanklock med S60X6-kursg\u00e4nga med en manlig slangkoppling s\u00e5 att du kan koppla ihop en vattentank med en tr\u00e4dg\u00e5rdsslang (4 kranar).\" \/>\n<meta name=\"robots\" content=\"index, follow, max-snippet:-1, max-image-preview:large, max-video-preview:-1\" \/>\n<link rel=\"canonical\" href=\"https:\/\/ibc.ee\/sv\/produkt\/s60x6-hona-1-rorkran-tradgard-rod-4-kranar\/\" \/>\n<meta property=\"og:locale\" content=\"sv_SE\" \/>\n<meta property=\"og:type\" content=\"article\" \/>\n<meta property=\"og:title\" content=\"S60X6 hona 1&#039;&#039; r\u00f6rkran tr\u00e4dg\u00e5rd r\u00f6d (4 kranar) - IBC konteineri m&uuml;&uuml;k, vaadid, kraanid, mahutid\" \/>\n<meta property=\"og:description\" content=\"Denna IBC-tankadapter \u00e4r avsedd f\u00f6r ett IBC-tanklock med S60X6-kursg\u00e4nga med en manlig slangkoppling s\u00e5 att du kan koppla ihop en vattentank med en tr\u00e4dg\u00e5rdsslang (4 kranar).\" \/>\n<meta property=\"og:url\" content=\"https:\/\/ibc.ee\/sv\/produkt\/s60x6-hona-1-rorkran-tradgard-rod-4-kranar\/\" \/>\n<meta property=\"og:site_name\" content=\"IBC konteineri m&uuml;&uuml;k, vaadid, kraanid, mahutid\" \/>\n<meta property=\"og:image\" content=\"https:\/\/www.ibc.ee\/wp-content\/uploads\/2018\/04\/h9YNNda.png\" \/>\n\t<meta property=\"og:image:width\" content=\"936\" \/>\n\t<meta property=\"og:image:height\" content=\"936\" \/>\n\t<meta property=\"og:image:type\" content=\"image\/png\" \/>\n<meta name=\"twitter:card\" content=\"summary_large_image\" \/>\n<script type=\"application\/ld+json\" class=\"yoast-schema-graph\">{\"@context\":\"https:\/\/schema.org\",\"@graph\":[{\"@type\":\"WebPage\",\"@id\":\"https:\/\/ibc.ee\/sv\/produkt\/s60x6-hona-1-rorkran-tradgard-rod-4-kranar\/\",\"url\":\"https:\/\/ibc.ee\/sv\/produkt\/s60x6-hona-1-rorkran-tradgard-rod-4-kranar\/\",\"name\":\"S60X6 hona 1'' r\u00f6rkran tr\u00e4dg\u00e5rd r\u00f6d (4 kranar) - IBC konteineri m&uuml;&uuml;k, vaadid, kraanid, mahutid\",\"isPartOf\":{\"@id\":\"https:\/\/www.ibc.ee\/sv\/#website\"},\"primaryImageOfPage\":{\"@id\":\"https:\/\/ibc.ee\/sv\/produkt\/s60x6-hona-1-rorkran-tradgard-rod-4-kranar\/#primaryimage\"},\"image\":{\"@id\":\"https:\/\/ibc.ee\/sv\/produkt\/s60x6-hona-1-rorkran-tradgard-rod-4-kranar\/#primaryimage\"},\"thumbnailUrl\":\"https:\/\/ibc.ee\/wp-content\/uploads\/2018\/04\/h9YNNda.png\",\"datePublished\":\"2025-04-21T11:23:50+00:00\",\"description\":\"Denna IBC-tankadapter \u00e4r avsedd f\u00f6r ett IBC-tanklock med S60X6-kursg\u00e4nga med en manlig slangkoppling s\u00e5 att du kan koppla ihop en vattentank med en tr\u00e4dg\u00e5rdsslang (4 kranar).\",\"breadcrumb\":{\"@id\":\"https:\/\/ibc.ee\/sv\/produkt\/s60x6-hona-1-rorkran-tradgard-rod-4-kranar\/#breadcrumb\"},\"inLanguage\":\"sv-SE\",\"potentialAction\":[{\"@type\":\"ReadAction\",\"target\":[\"https:\/\/ibc.ee\/sv\/produkt\/s60x6-hona-1-rorkran-tradgard-rod-4-kranar\/\"]}]},{\"@type\":\"ImageObject\",\"inLanguage\":\"sv-SE\",\"@id\":\"https:\/\/ibc.ee\/sv\/produkt\/s60x6-hona-1-rorkran-tradgard-rod-4-kranar\/#primaryimage\",\"url\":\"https:\/\/ibc.ee\/wp-content\/uploads\/2018\/04\/h9YNNda.png\",\"contentUrl\":\"https:\/\/ibc.ee\/wp-content\/uploads\/2018\/04\/h9YNNda.png\",\"width\":936,\"height\":936},{\"@type\":\"BreadcrumbList\",\"@id\":\"https:\/\/ibc.ee\/sv\/produkt\/s60x6-hona-1-rorkran-tradgard-rod-4-kranar\/#breadcrumb\",\"itemListElement\":[{\"@type\":\"ListItem\",\"position\":1,\"name\":\"\u0413\u043b\u0430\u0432\u043d\u0430\u044f \u0441\u0442\u0440\u0430\u043d\u0438\u0446\u0430\",\"item\":\"https:\/\/www.ibc.ee\/sv\/\"},{\"@type\":\"ListItem\",\"position\":2,\"name\":\"Butik\",\"item\":\"https:\/\/www.ibc.ee\/sv\/butik\/\"},{\"@type\":\"ListItem\",\"position\":3,\"name\":\"S60X6 hona 1&#8221; r\u00f6rkran tr\u00e4dg\u00e5rd r\u00f6d (4 kranar)\"}]},{\"@type\":\"WebSite\",\"@id\":\"https:\/\/www.ibc.ee\/sv\/#website\",\"url\":\"https:\/\/www.ibc.ee\/sv\/\",\"name\":\"IBC konteineri m&uuml;&uuml;k, vaadid, kraanid, mahutid\",\"description\":\"IBC - Tank container valve, Adapters\\\\fittings, Intermediate bulk, container, Drums\/cans\",\"potentialAction\":[{\"@type\":\"SearchAction\",\"target\":{\"@type\":\"EntryPoint\",\"urlTemplate\":\"https:\/\/www.ibc.ee\/sv\/?s={search_term_string}\"},\"query-input\":{\"@type\":\"PropertyValueSpecification\",\"valueRequired\":true,\"valueName\":\"search_term_string\"}}],\"inLanguage\":\"sv-SE\"}]}<\/script>\n<!-- \/ Yoast SEO plugin. -->","yoast_head_json":{"title":"S60X6 hona 1'' r\u00f6rkran tr\u00e4dg\u00e5rd r\u00f6d (4 kranar) - IBC konteineri m&uuml;&uuml;k, vaadid, kraanid, mahutid","description":"Denna IBC-tankadapter \u00e4r avsedd f\u00f6r ett IBC-tanklock med S60X6-kursg\u00e4nga med en manlig slangkoppling s\u00e5 att du kan koppla ihop en vattentank med en tr\u00e4dg\u00e5rdsslang (4 kranar).","robots":{"index":"index","follow":"follow","max-snippet":"max-snippet:-1","max-image-preview":"max-image-preview:large","max-video-preview":"max-video-preview:-1"},"canonical":"https:\/\/ibc.ee\/sv\/produkt\/s60x6-hona-1-rorkran-tradgard-rod-4-kranar\/","og_locale":"sv_SE","og_type":"article","og_title":"S60X6 hona 1'' r\u00f6rkran tr\u00e4dg\u00e5rd r\u00f6d (4 kranar) - IBC konteineri m&uuml;&uuml;k, vaadid, kraanid, mahutid","og_description":"Denna IBC-tankadapter \u00e4r avsedd f\u00f6r ett IBC-tanklock med S60X6-kursg\u00e4nga med en manlig slangkoppling s\u00e5 att du kan koppla ihop en vattentank med en tr\u00e4dg\u00e5rdsslang (4 kranar).","og_url":"https:\/\/ibc.ee\/sv\/produkt\/s60x6-hona-1-rorkran-tradgard-rod-4-kranar\/","og_site_name":"IBC konteineri m&uuml;&uuml;k, vaadid, kraanid, mahutid","og_image":[{"width":936,"height":936,"url":"https:\/\/www.ibc.ee\/wp-content\/uploads\/2018\/04\/h9YNNda.png","type":"image\/png"}],"twitter_card":"summary_large_image","schema":{"@context":"https:\/\/schema.org","@graph":[{"@type":"WebPage","@id":"https:\/\/ibc.ee\/sv\/produkt\/s60x6-hona-1-rorkran-tradgard-rod-4-kranar\/","url":"https:\/\/ibc.ee\/sv\/produkt\/s60x6-hona-1-rorkran-tradgard-rod-4-kranar\/","name":"S60X6 hona 1'' r\u00f6rkran tr\u00e4dg\u00e5rd r\u00f6d (4 kranar) - IBC konteineri m&uuml;&uuml;k, vaadid, kraanid, mahutid","isPartOf":{"@id":"https:\/\/www.ibc.ee\/sv\/#website"},"primaryImageOfPage":{"@id":"https:\/\/ibc.ee\/sv\/produkt\/s60x6-hona-1-rorkran-tradgard-rod-4-kranar\/#primaryimage"},"image":{"@id":"https:\/\/ibc.ee\/sv\/produkt\/s60x6-hona-1-rorkran-tradgard-rod-4-kranar\/#primaryimage"},"thumbnailUrl":"https:\/\/ibc.ee\/wp-content\/uploads\/2018\/04\/h9YNNda.png","datePublished":"2025-04-21T11:23:50+00:00","description":"Denna IBC-tankadapter \u00e4r avsedd f\u00f6r ett IBC-tanklock med S60X6-kursg\u00e4nga med en manlig slangkoppling s\u00e5 att du kan koppla ihop en vattentank med en tr\u00e4dg\u00e5rdsslang (4 kranar).","breadcrumb":{"@id":"https:\/\/ibc.ee\/sv\/produkt\/s60x6-hona-1-rorkran-tradgard-rod-4-kranar\/#breadcrumb"},"inLanguage":"sv-SE","potentialAction":[{"@type":"ReadAction","target":["https:\/\/ibc.ee\/sv\/produkt\/s60x6-hona-1-rorkran-tradgard-rod-4-kranar\/"]}]},{"@type":"ImageObject","inLanguage":"sv-SE","@id":"https:\/\/ibc.ee\/sv\/produkt\/s60x6-hona-1-rorkran-tradgard-rod-4-kranar\/#primaryimage","url":"https:\/\/ibc.ee\/wp-content\/uploads\/2018\/04\/h9YNNda.png","contentUrl":"https:\/\/ibc.ee\/wp-content\/uploads\/2018\/04\/h9YNNda.png","width":936,"height":936},{"@type":"BreadcrumbList","@id":"https:\/\/ibc.ee\/sv\/produkt\/s60x6-hona-1-rorkran-tradgard-rod-4-kranar\/#breadcrumb","itemListElement":[{"@type":"ListItem","position":1,"name":"\u0413\u043b\u0430\u0432\u043d\u0430\u044f \u0441\u0442\u0440\u0430\u043d\u0438\u0446\u0430","item":"https:\/\/www.ibc.ee\/sv\/"},{"@type":"ListItem","position":2,"name":"Butik","item":"https:\/\/www.ibc.ee\/sv\/butik\/"},{"@type":"ListItem","position":3,"name":"S60X6 hona 1&#8221; r\u00f6rkran tr\u00e4dg\u00e5rd r\u00f6d (4 kranar)"}]},{"@type":"WebSite","@id":"https:\/\/www.ibc.ee\/sv\/#website","url":"https:\/\/www.ibc.ee\/sv\/","name":"IBC konteineri m&uuml;&uuml;k, vaadid, kraanid, mahutid","description":"IBC - Tank container valve, Adapters\\fittings, Intermediate bulk, container, Drums\/cans","potentialAction":[{"@type":"SearchAction","target":{"@type":"EntryPoint","urlTemplate":"https:\/\/www.ibc.ee\/sv\/?s={search_term_string}"},"query-input":{"@type":"PropertyValueSpecification","valueRequired":true,"valueName":"search_term_string"}}],"inLanguage":"sv-SE"}]}},"_links":{"self":[{"href":"https:\/\/ibc.ee\/sv\/wp-json\/wp\/v2\/product\/22821","targetHints":{"allow":["GET"]}}],"collection":[{"href":"https:\/\/ibc.ee\/sv\/wp-json\/wp\/v2\/product"}],"about":[{"href":"https:\/\/ibc.ee\/sv\/wp-json\/wp\/v2\/types\/product"}],"wp:featuredmedia":[{"embeddable":true,"href":"https:\/\/ibc.ee\/sv\/wp-json\/wp\/v2\/media\/22822"}],"wp:attachment":[{"href":"https:\/\/ibc.ee\/sv\/wp-json\/wp\/v2\/media?parent=22821"}],"wp:term":[{"taxonomy":"product_brand","embeddable":true,"href":"https:\/\/ibc.ee\/sv\/wp-json\/wp\/v2\/product_brand?post=22821"},{"taxonomy":"product_cat","embeddable":true,"href":"https:\/\/ibc.ee\/sv\/wp-json\/wp\/v2\/product_cat?post=22821"},{"taxonomy":"product_tag","embeddable":true,"href":"https:\/\/ibc.ee\/sv\/wp-json\/wp\/v2\/product_tag?post=22821"}],"curies":[{"name":"wp","href":"https:\/\/api.w.org\/{rel}","templated":true}]}}