{"id":22888,"date":"2019-05-02T16:51:09","date_gmt":"2025-04-21T11:42:50","guid":{"rendered":"https:\/\/ibc.ee\/product\/adapter-3-tum-s100x8-100-mm-camlock-hona-till-2-tum-hane-50-mm\/"},"modified":"2025-04-21T13:42:50","modified_gmt":"2025-04-21T11:42:50","slug":"adapter-3-tum-s100x8-100-mm-camlock-hona-till-2-tum-hane-50-mm","status":"publish","type":"product","link":"https:\/\/ibc.ee\/sv\/produkt\/adapter-3-tum-s100x8-100-mm-camlock-hona-till-2-tum-hane-50-mm\/","title":{"rendered":"Adapter 3 tum S100X8 (100 mm) camlock hona till 2 tum hane (50 mm)"},"content":{"rendered":"<p>Adapter 3&#8243; S100X8 (100 mm) Camlock hona till 2&#8243; hane. Anv\u00e4nd den h\u00e4r adaptern om din IBC har en stor ventil med tr\u00e5d S100X8. Detta ventilnamn \u00e4r IBC tank container ventil 3inch 100mm (DN80) Butterfly tr\u00e5d S100x8. Och kan hitta den h\u00e4r ventilen i v\u00e5r butik ocks\u00e5. Fr\u00e5n en annan sida svart adapter Camlock manlig g\u00e4nga 2 tum.    <\/p>\n","protected":false},"excerpt":{"rendered":"<p>Adapter 3&#8243; S100X8 (100 mm) Camlock hona till 2&#8243; hane. Anv\u00e4nd den h\u00e4r adaptern om din IBC har en stor ventil med tr\u00e5d S100X8. Detta ventilnamn \u00e4r IBC tank container ventil 3inch 100mm (DN80) Butterfly tr\u00e5d S100x8. Och kan hitta den h\u00e4r ventilen i v\u00e5r butik ocks\u00e5. Fr\u00e5n en annan sida svart adapter Camlock manlig [&hellip;]<\/p>\n","protected":false},"featured_media":22889,"template":"","meta":[],"product_brand":[],"product_cat":[445],"product_tag":[],"class_list":{"0":"post-22888","1":"product","2":"type-product","3":"status-publish","4":"has-post-thumbnail","6":"product_cat-adaptrar-och-beslag-for-ibc-container","7":"product_shipping_class-omniva-sv","9":"first","10":"instock","11":"taxable","12":"shipping-taxable","13":"purchasable","14":"product-type-simple"},"yoast_head":"<!-- This site is optimized with the Yoast SEO plugin v26.9 - https:\/\/yoast.com\/product\/yoast-seo-wordpress\/ -->\n<title>Adapter 3 tum S100X8 (100 mm) camlock hona till 2 tum hane (50 mm) -<\/title>\n<meta name=\"description\" content=\"Adapter 3 tum S100X8 (100 mm) camlock hona till 2 tum hane (50 mm). Anv\u00e4nd denna adapter om din IBC har en stor ventil med tr\u00e5d S100X8. Detta ventilnamn \u00e4r IBC tankbeh\u00e5llarventil 3 tum 100 mm (DN80) fj\u00e4rilsg\u00e4nga S100x8.\" \/>\n<meta name=\"robots\" content=\"index, follow, max-snippet:-1, max-image-preview:large, max-video-preview:-1\" \/>\n<link rel=\"canonical\" href=\"https:\/\/ibc.ee\/sv\/produkt\/adapter-3-tum-s100x8-100-mm-camlock-hona-till-2-tum-hane-50-mm\/\" \/>\n<meta property=\"og:locale\" content=\"sv_SE\" \/>\n<meta property=\"og:type\" content=\"article\" \/>\n<meta property=\"og:title\" content=\"Adapter 3 tum S100X8 (100 mm) camlock hona till 2 tum hane (50 mm) -\" \/>\n<meta property=\"og:description\" content=\"Adapter 3 tum S100X8 (100 mm) camlock hona till 2 tum hane (50 mm). Anv\u00e4nd denna adapter om din IBC har en stor ventil med tr\u00e5d S100X8. Detta ventilnamn \u00e4r IBC tankbeh\u00e5llarventil 3 tum 100 mm (DN80) fj\u00e4rilsg\u00e4nga S100x8.\" \/>\n<meta property=\"og:url\" content=\"https:\/\/ibc.ee\/sv\/produkt\/adapter-3-tum-s100x8-100-mm-camlock-hona-till-2-tum-hane-50-mm\/\" \/>\n<meta property=\"og:site_name\" content=\"IBC konteineri m&uuml;&uuml;k, vaadid, kraanid, mahutid\" \/>\n<meta property=\"og:image\" content=\"https:\/\/www.ibc.ee\/wp-content\/uploads\/2019\/05\/P1019815.jpg\" \/>\n\t<meta property=\"og:image:width\" content=\"1000\" \/>\n\t<meta property=\"og:image:height\" content=\"696\" \/>\n\t<meta property=\"og:image:type\" content=\"image\/jpeg\" \/>\n<meta name=\"twitter:card\" content=\"summary_large_image\" \/>\n<script type=\"application\/ld+json\" class=\"yoast-schema-graph\">{\"@context\":\"https:\/\/schema.org\",\"@graph\":[{\"@type\":\"WebPage\",\"@id\":\"https:\/\/ibc.ee\/sv\/produkt\/adapter-3-tum-s100x8-100-mm-camlock-hona-till-2-tum-hane-50-mm\/\",\"url\":\"https:\/\/ibc.ee\/sv\/produkt\/adapter-3-tum-s100x8-100-mm-camlock-hona-till-2-tum-hane-50-mm\/\",\"name\":\"Adapter 3 tum S100X8 (100 mm) camlock hona till 2 tum hane (50 mm) -\",\"isPartOf\":{\"@id\":\"https:\/\/www.ibc.ee\/sv\/#website\"},\"primaryImageOfPage\":{\"@id\":\"https:\/\/ibc.ee\/sv\/produkt\/adapter-3-tum-s100x8-100-mm-camlock-hona-till-2-tum-hane-50-mm\/#primaryimage\"},\"image\":{\"@id\":\"https:\/\/ibc.ee\/sv\/produkt\/adapter-3-tum-s100x8-100-mm-camlock-hona-till-2-tum-hane-50-mm\/#primaryimage\"},\"thumbnailUrl\":\"https:\/\/ibc.ee\/wp-content\/uploads\/2019\/05\/P1019815.jpg\",\"datePublished\":\"2025-04-21T11:42:50+00:00\",\"description\":\"Adapter 3 tum S100X8 (100 mm) camlock hona till 2 tum hane (50 mm). Anv\u00e4nd denna adapter om din IBC har en stor ventil med tr\u00e5d S100X8. Detta ventilnamn \u00e4r IBC tankbeh\u00e5llarventil 3 tum 100 mm (DN80) fj\u00e4rilsg\u00e4nga S100x8.\",\"breadcrumb\":{\"@id\":\"https:\/\/ibc.ee\/sv\/produkt\/adapter-3-tum-s100x8-100-mm-camlock-hona-till-2-tum-hane-50-mm\/#breadcrumb\"},\"inLanguage\":\"sv-SE\",\"potentialAction\":[{\"@type\":\"ReadAction\",\"target\":[\"https:\/\/ibc.ee\/sv\/produkt\/adapter-3-tum-s100x8-100-mm-camlock-hona-till-2-tum-hane-50-mm\/\"]}]},{\"@type\":\"ImageObject\",\"inLanguage\":\"sv-SE\",\"@id\":\"https:\/\/ibc.ee\/sv\/produkt\/adapter-3-tum-s100x8-100-mm-camlock-hona-till-2-tum-hane-50-mm\/#primaryimage\",\"url\":\"https:\/\/ibc.ee\/wp-content\/uploads\/2019\/05\/P1019815.jpg\",\"contentUrl\":\"https:\/\/ibc.ee\/wp-content\/uploads\/2019\/05\/P1019815.jpg\",\"width\":1000,\"height\":696},{\"@type\":\"BreadcrumbList\",\"@id\":\"https:\/\/ibc.ee\/sv\/produkt\/adapter-3-tum-s100x8-100-mm-camlock-hona-till-2-tum-hane-50-mm\/#breadcrumb\",\"itemListElement\":[{\"@type\":\"ListItem\",\"position\":1,\"name\":\"\u0413\u043b\u0430\u0432\u043d\u0430\u044f \u0441\u0442\u0440\u0430\u043d\u0438\u0446\u0430\",\"item\":\"https:\/\/www.ibc.ee\/sv\/\"},{\"@type\":\"ListItem\",\"position\":2,\"name\":\"Butik\",\"item\":\"https:\/\/www.ibc.ee\/sv\/butik\/\"},{\"@type\":\"ListItem\",\"position\":3,\"name\":\"Adapter 3 tum S100X8 (100 mm) camlock hona till 2 tum hane (50 mm)\"}]},{\"@type\":\"WebSite\",\"@id\":\"https:\/\/www.ibc.ee\/sv\/#website\",\"url\":\"https:\/\/www.ibc.ee\/sv\/\",\"name\":\"IBC konteineri m&uuml;&uuml;k, vaadid, kraanid, mahutid\",\"description\":\"IBC - Tank container valve, Adapters\\\\fittings, Intermediate bulk, container, Drums\/cans\",\"potentialAction\":[{\"@type\":\"SearchAction\",\"target\":{\"@type\":\"EntryPoint\",\"urlTemplate\":\"https:\/\/www.ibc.ee\/sv\/?s={search_term_string}\"},\"query-input\":{\"@type\":\"PropertyValueSpecification\",\"valueRequired\":true,\"valueName\":\"search_term_string\"}}],\"inLanguage\":\"sv-SE\"}]}<\/script>\n<!-- \/ Yoast SEO plugin. -->","yoast_head_json":{"title":"Adapter 3 tum S100X8 (100 mm) camlock hona till 2 tum hane (50 mm) -","description":"Adapter 3 tum S100X8 (100 mm) camlock hona till 2 tum hane (50 mm). Anv\u00e4nd denna adapter om din IBC har en stor ventil med tr\u00e5d S100X8. Detta ventilnamn \u00e4r IBC tankbeh\u00e5llarventil 3 tum 100 mm (DN80) fj\u00e4rilsg\u00e4nga S100x8.","robots":{"index":"index","follow":"follow","max-snippet":"max-snippet:-1","max-image-preview":"max-image-preview:large","max-video-preview":"max-video-preview:-1"},"canonical":"https:\/\/ibc.ee\/sv\/produkt\/adapter-3-tum-s100x8-100-mm-camlock-hona-till-2-tum-hane-50-mm\/","og_locale":"sv_SE","og_type":"article","og_title":"Adapter 3 tum S100X8 (100 mm) camlock hona till 2 tum hane (50 mm) -","og_description":"Adapter 3 tum S100X8 (100 mm) camlock hona till 2 tum hane (50 mm). Anv\u00e4nd denna adapter om din IBC har en stor ventil med tr\u00e5d S100X8. Detta ventilnamn \u00e4r IBC tankbeh\u00e5llarventil 3 tum 100 mm (DN80) fj\u00e4rilsg\u00e4nga S100x8.","og_url":"https:\/\/ibc.ee\/sv\/produkt\/adapter-3-tum-s100x8-100-mm-camlock-hona-till-2-tum-hane-50-mm\/","og_site_name":"IBC konteineri m&uuml;&uuml;k, vaadid, kraanid, mahutid","og_image":[{"width":1000,"height":696,"url":"https:\/\/www.ibc.ee\/wp-content\/uploads\/2019\/05\/P1019815.jpg","type":"image\/jpeg"}],"twitter_card":"summary_large_image","schema":{"@context":"https:\/\/schema.org","@graph":[{"@type":"WebPage","@id":"https:\/\/ibc.ee\/sv\/produkt\/adapter-3-tum-s100x8-100-mm-camlock-hona-till-2-tum-hane-50-mm\/","url":"https:\/\/ibc.ee\/sv\/produkt\/adapter-3-tum-s100x8-100-mm-camlock-hona-till-2-tum-hane-50-mm\/","name":"Adapter 3 tum S100X8 (100 mm) camlock hona till 2 tum hane (50 mm) -","isPartOf":{"@id":"https:\/\/www.ibc.ee\/sv\/#website"},"primaryImageOfPage":{"@id":"https:\/\/ibc.ee\/sv\/produkt\/adapter-3-tum-s100x8-100-mm-camlock-hona-till-2-tum-hane-50-mm\/#primaryimage"},"image":{"@id":"https:\/\/ibc.ee\/sv\/produkt\/adapter-3-tum-s100x8-100-mm-camlock-hona-till-2-tum-hane-50-mm\/#primaryimage"},"thumbnailUrl":"https:\/\/ibc.ee\/wp-content\/uploads\/2019\/05\/P1019815.jpg","datePublished":"2025-04-21T11:42:50+00:00","description":"Adapter 3 tum S100X8 (100 mm) camlock hona till 2 tum hane (50 mm). Anv\u00e4nd denna adapter om din IBC har en stor ventil med tr\u00e5d S100X8. Detta ventilnamn \u00e4r IBC tankbeh\u00e5llarventil 3 tum 100 mm (DN80) fj\u00e4rilsg\u00e4nga S100x8.","breadcrumb":{"@id":"https:\/\/ibc.ee\/sv\/produkt\/adapter-3-tum-s100x8-100-mm-camlock-hona-till-2-tum-hane-50-mm\/#breadcrumb"},"inLanguage":"sv-SE","potentialAction":[{"@type":"ReadAction","target":["https:\/\/ibc.ee\/sv\/produkt\/adapter-3-tum-s100x8-100-mm-camlock-hona-till-2-tum-hane-50-mm\/"]}]},{"@type":"ImageObject","inLanguage":"sv-SE","@id":"https:\/\/ibc.ee\/sv\/produkt\/adapter-3-tum-s100x8-100-mm-camlock-hona-till-2-tum-hane-50-mm\/#primaryimage","url":"https:\/\/ibc.ee\/wp-content\/uploads\/2019\/05\/P1019815.jpg","contentUrl":"https:\/\/ibc.ee\/wp-content\/uploads\/2019\/05\/P1019815.jpg","width":1000,"height":696},{"@type":"BreadcrumbList","@id":"https:\/\/ibc.ee\/sv\/produkt\/adapter-3-tum-s100x8-100-mm-camlock-hona-till-2-tum-hane-50-mm\/#breadcrumb","itemListElement":[{"@type":"ListItem","position":1,"name":"\u0413\u043b\u0430\u0432\u043d\u0430\u044f \u0441\u0442\u0440\u0430\u043d\u0438\u0446\u0430","item":"https:\/\/www.ibc.ee\/sv\/"},{"@type":"ListItem","position":2,"name":"Butik","item":"https:\/\/www.ibc.ee\/sv\/butik\/"},{"@type":"ListItem","position":3,"name":"Adapter 3 tum S100X8 (100 mm) camlock hona till 2 tum hane (50 mm)"}]},{"@type":"WebSite","@id":"https:\/\/www.ibc.ee\/sv\/#website","url":"https:\/\/www.ibc.ee\/sv\/","name":"IBC konteineri m&uuml;&uuml;k, vaadid, kraanid, mahutid","description":"IBC - Tank container valve, Adapters\\fittings, Intermediate bulk, container, Drums\/cans","potentialAction":[{"@type":"SearchAction","target":{"@type":"EntryPoint","urlTemplate":"https:\/\/www.ibc.ee\/sv\/?s={search_term_string}"},"query-input":{"@type":"PropertyValueSpecification","valueRequired":true,"valueName":"search_term_string"}}],"inLanguage":"sv-SE"}]}},"_links":{"self":[{"href":"https:\/\/ibc.ee\/sv\/wp-json\/wp\/v2\/product\/22888","targetHints":{"allow":["GET"]}}],"collection":[{"href":"https:\/\/ibc.ee\/sv\/wp-json\/wp\/v2\/product"}],"about":[{"href":"https:\/\/ibc.ee\/sv\/wp-json\/wp\/v2\/types\/product"}],"wp:featuredmedia":[{"embeddable":true,"href":"https:\/\/ibc.ee\/sv\/wp-json\/wp\/v2\/media\/22889"}],"wp:attachment":[{"href":"https:\/\/ibc.ee\/sv\/wp-json\/wp\/v2\/media?parent=22888"}],"wp:term":[{"taxonomy":"product_brand","embeddable":true,"href":"https:\/\/ibc.ee\/sv\/wp-json\/wp\/v2\/product_brand?post=22888"},{"taxonomy":"product_cat","embeddable":true,"href":"https:\/\/ibc.ee\/sv\/wp-json\/wp\/v2\/product_cat?post=22888"},{"taxonomy":"product_tag","embeddable":true,"href":"https:\/\/ibc.ee\/sv\/wp-json\/wp\/v2\/product_tag?post=22888"}],"curies":[{"name":"wp","href":"https:\/\/api.w.org\/{rel}","templated":true}]}}