{"id":22922,"date":"2019-04-24T10:38:48","date_gmt":"2025-04-21T12:20:31","guid":{"rendered":"https:\/\/ibc.ee\/product\/intermediar-bulkcontainer-ibc-640l-500l-b-2\/"},"modified":"2025-06-26T14:42:18","modified_gmt":"2025-06-26T12:42:18","slug":"intermediar-bulkcontainer-ibc-640l-500l-b-2","status":"publish","type":"product","link":"https:\/\/ibc.ee\/sv\/produkt\/intermediar-bulkcontainer-ibc-640l-500l-b-2\/","title":{"rendered":"Intermedi\u00e4r bulkcontainer IBC 640l\/500l B"},"content":{"rendered":"<p>Container p\u00e5 plastpallar. Alla reservoarer med arbetskranen nedanf\u00f6r har en m\u00e4tskala och det finns en bred t\u00e4ckning ovanifr\u00e5n. Container har en metallram.<\/p>\n<p>M\u00e5tt 1200x800x1000 Nominell volym 640 liter Vikt 46 kg<\/p>\n","protected":false},"excerpt":{"rendered":"<p>Vi kan erbjuda en tv\u00e4ttad container.  <\/p>\n<ul>\n<li>Beh\u00e5llare f\u00f6r diesel<\/li>\n<li>Beh\u00e5llare f\u00f6r dricksvatten<\/li>\n<li>Beh\u00e5llare f\u00f6r livsmedel<\/li>\n<\/ul>\n","protected":false},"featured_media":22923,"template":"","meta":[],"product_brand":[],"product_cat":[449],"product_tag":[],"class_list":{"0":"post-22922","1":"product","2":"type-product","3":"status-publish","4":"has-post-thumbnail","6":"product_cat-mellanbulkbehallare-ibc-640-500-liter","7":"product_shipping_class-behallare","9":"first","10":"onbackorder","11":"taxable","12":"shipping-taxable","13":"purchasable","14":"product-type-simple"},"yoast_head":"<!-- This site is optimized with the Yoast SEO plugin v26.9 - https:\/\/yoast.com\/product\/yoast-seo-wordpress\/ -->\n<title>Intermedi\u00e4r bulkcontainer IBC 640l\/500l B - IBC konteineri m&uuml;&uuml;k, vaadid, kraanid, mahutid<\/title>\n<meta name=\"description\" content=\"Intermediate bulk container IBC 640l\/500l B. Container p\u00e5 plastpallar. Alla reservoarer med arbetskranen nedanf\u00f6r har en m\u00e4tskala och det finns en bred t\u00e4ckning ovanifr\u00e5n.\" \/>\n<meta name=\"robots\" content=\"index, follow, max-snippet:-1, max-image-preview:large, max-video-preview:-1\" \/>\n<link rel=\"canonical\" href=\"https:\/\/ibc.ee\/sv\/produkt\/intermediar-bulkcontainer-ibc-640l-500l-b-2\/\" \/>\n<meta property=\"og:locale\" content=\"sv_SE\" \/>\n<meta property=\"og:type\" content=\"article\" \/>\n<meta property=\"og:title\" content=\"Intermedi\u00e4r bulkcontainer IBC 640l\/500l B - IBC konteineri m&uuml;&uuml;k, vaadid, kraanid, mahutid\" \/>\n<meta property=\"og:description\" content=\"Intermediate bulk container IBC 640l\/500l B. Container p\u00e5 plastpallar. Alla reservoarer med arbetskranen nedanf\u00f6r har en m\u00e4tskala och det finns en bred t\u00e4ckning ovanifr\u00e5n.\" \/>\n<meta property=\"og:url\" content=\"https:\/\/ibc.ee\/sv\/produkt\/intermediar-bulkcontainer-ibc-640l-500l-b-2\/\" \/>\n<meta property=\"og:site_name\" content=\"IBC konteineri m&uuml;&uuml;k, vaadid, kraanid, mahutid\" \/>\n<meta property=\"article:modified_time\" content=\"2025-06-26T12:42:18+00:00\" \/>\n<meta property=\"og:image\" content=\"https:\/\/ibc.ee\/wp-content\/uploads\/2019\/04\/20190405_135914bgWM.jpg\" \/>\n\t<meta property=\"og:image:width\" content=\"1000\" \/>\n\t<meta property=\"og:image:height\" content=\"758\" \/>\n\t<meta property=\"og:image:type\" content=\"image\/jpeg\" \/>\n<meta name=\"twitter:card\" content=\"summary_large_image\" \/>\n<meta name=\"twitter:label1\" content=\"Ber\u00e4knad l\u00e4stid\" \/>\n\t<meta name=\"twitter:data1\" content=\"1 minut\" \/>\n<script type=\"application\/ld+json\" class=\"yoast-schema-graph\">{\"@context\":\"https:\/\/schema.org\",\"@graph\":[{\"@type\":\"WebPage\",\"@id\":\"https:\/\/ibc.ee\/sv\/produkt\/intermediar-bulkcontainer-ibc-640l-500l-b-2\/\",\"url\":\"https:\/\/ibc.ee\/sv\/produkt\/intermediar-bulkcontainer-ibc-640l-500l-b-2\/\",\"name\":\"Intermedi\u00e4r bulkcontainer IBC 640l\/500l B - IBC konteineri m&uuml;&uuml;k, vaadid, kraanid, mahutid\",\"isPartOf\":{\"@id\":\"https:\/\/www.ibc.ee\/sv\/#website\"},\"primaryImageOfPage\":{\"@id\":\"https:\/\/ibc.ee\/sv\/produkt\/intermediar-bulkcontainer-ibc-640l-500l-b-2\/#primaryimage\"},\"image\":{\"@id\":\"https:\/\/ibc.ee\/sv\/produkt\/intermediar-bulkcontainer-ibc-640l-500l-b-2\/#primaryimage\"},\"thumbnailUrl\":\"https:\/\/ibc.ee\/wp-content\/uploads\/2019\/04\/20190405_135914bgWM.jpg\",\"datePublished\":\"2025-04-21T12:20:31+00:00\",\"dateModified\":\"2025-06-26T12:42:18+00:00\",\"description\":\"Intermediate bulk container IBC 640l\/500l B. Container p\u00e5 plastpallar. Alla reservoarer med arbetskranen nedanf\u00f6r har en m\u00e4tskala och det finns en bred t\u00e4ckning ovanifr\u00e5n.\",\"breadcrumb\":{\"@id\":\"https:\/\/ibc.ee\/sv\/produkt\/intermediar-bulkcontainer-ibc-640l-500l-b-2\/#breadcrumb\"},\"inLanguage\":\"sv-SE\",\"potentialAction\":[{\"@type\":\"ReadAction\",\"target\":[\"https:\/\/ibc.ee\/sv\/produkt\/intermediar-bulkcontainer-ibc-640l-500l-b-2\/\"]}]},{\"@type\":\"ImageObject\",\"inLanguage\":\"sv-SE\",\"@id\":\"https:\/\/ibc.ee\/sv\/produkt\/intermediar-bulkcontainer-ibc-640l-500l-b-2\/#primaryimage\",\"url\":\"https:\/\/ibc.ee\/wp-content\/uploads\/2019\/04\/20190405_135914bgWM.jpg\",\"contentUrl\":\"https:\/\/ibc.ee\/wp-content\/uploads\/2019\/04\/20190405_135914bgWM.jpg\",\"width\":1000,\"height\":758},{\"@type\":\"BreadcrumbList\",\"@id\":\"https:\/\/ibc.ee\/sv\/produkt\/intermediar-bulkcontainer-ibc-640l-500l-b-2\/#breadcrumb\",\"itemListElement\":[{\"@type\":\"ListItem\",\"position\":1,\"name\":\"\u0413\u043b\u0430\u0432\u043d\u0430\u044f \u0441\u0442\u0440\u0430\u043d\u0438\u0446\u0430\",\"item\":\"https:\/\/www.ibc.ee\/sv\/\"},{\"@type\":\"ListItem\",\"position\":2,\"name\":\"Butik\",\"item\":\"https:\/\/www.ibc.ee\/sv\/butik\/\"},{\"@type\":\"ListItem\",\"position\":3,\"name\":\"Intermedi\u00e4r bulkcontainer IBC 640l\/500l B\"}]},{\"@type\":\"WebSite\",\"@id\":\"https:\/\/www.ibc.ee\/sv\/#website\",\"url\":\"https:\/\/www.ibc.ee\/sv\/\",\"name\":\"IBC konteineri m&uuml;&uuml;k, vaadid, kraanid, mahutid\",\"description\":\"IBC - Tank container valve, Adapters\\\\fittings, Intermediate bulk, container, Drums\/cans\",\"potentialAction\":[{\"@type\":\"SearchAction\",\"target\":{\"@type\":\"EntryPoint\",\"urlTemplate\":\"https:\/\/www.ibc.ee\/sv\/?s={search_term_string}\"},\"query-input\":{\"@type\":\"PropertyValueSpecification\",\"valueRequired\":true,\"valueName\":\"search_term_string\"}}],\"inLanguage\":\"sv-SE\"}]}<\/script>\n<!-- \/ Yoast SEO plugin. -->","yoast_head_json":{"title":"Intermedi\u00e4r bulkcontainer IBC 640l\/500l B - IBC konteineri m&uuml;&uuml;k, vaadid, kraanid, mahutid","description":"Intermediate bulk container IBC 640l\/500l B. Container p\u00e5 plastpallar. Alla reservoarer med arbetskranen nedanf\u00f6r har en m\u00e4tskala och det finns en bred t\u00e4ckning ovanifr\u00e5n.","robots":{"index":"index","follow":"follow","max-snippet":"max-snippet:-1","max-image-preview":"max-image-preview:large","max-video-preview":"max-video-preview:-1"},"canonical":"https:\/\/ibc.ee\/sv\/produkt\/intermediar-bulkcontainer-ibc-640l-500l-b-2\/","og_locale":"sv_SE","og_type":"article","og_title":"Intermedi\u00e4r bulkcontainer IBC 640l\/500l B - IBC konteineri m&uuml;&uuml;k, vaadid, kraanid, mahutid","og_description":"Intermediate bulk container IBC 640l\/500l B. Container p\u00e5 plastpallar. Alla reservoarer med arbetskranen nedanf\u00f6r har en m\u00e4tskala och det finns en bred t\u00e4ckning ovanifr\u00e5n.","og_url":"https:\/\/ibc.ee\/sv\/produkt\/intermediar-bulkcontainer-ibc-640l-500l-b-2\/","og_site_name":"IBC konteineri m&uuml;&uuml;k, vaadid, kraanid, mahutid","article_modified_time":"2025-06-26T12:42:18+00:00","og_image":[{"width":1000,"height":758,"url":"https:\/\/ibc.ee\/wp-content\/uploads\/2019\/04\/20190405_135914bgWM.jpg","type":"image\/jpeg"}],"twitter_card":"summary_large_image","twitter_misc":{"Ber\u00e4knad l\u00e4stid":"1 minut"},"schema":{"@context":"https:\/\/schema.org","@graph":[{"@type":"WebPage","@id":"https:\/\/ibc.ee\/sv\/produkt\/intermediar-bulkcontainer-ibc-640l-500l-b-2\/","url":"https:\/\/ibc.ee\/sv\/produkt\/intermediar-bulkcontainer-ibc-640l-500l-b-2\/","name":"Intermedi\u00e4r bulkcontainer IBC 640l\/500l B - IBC konteineri m&uuml;&uuml;k, vaadid, kraanid, mahutid","isPartOf":{"@id":"https:\/\/www.ibc.ee\/sv\/#website"},"primaryImageOfPage":{"@id":"https:\/\/ibc.ee\/sv\/produkt\/intermediar-bulkcontainer-ibc-640l-500l-b-2\/#primaryimage"},"image":{"@id":"https:\/\/ibc.ee\/sv\/produkt\/intermediar-bulkcontainer-ibc-640l-500l-b-2\/#primaryimage"},"thumbnailUrl":"https:\/\/ibc.ee\/wp-content\/uploads\/2019\/04\/20190405_135914bgWM.jpg","datePublished":"2025-04-21T12:20:31+00:00","dateModified":"2025-06-26T12:42:18+00:00","description":"Intermediate bulk container IBC 640l\/500l B. Container p\u00e5 plastpallar. Alla reservoarer med arbetskranen nedanf\u00f6r har en m\u00e4tskala och det finns en bred t\u00e4ckning ovanifr\u00e5n.","breadcrumb":{"@id":"https:\/\/ibc.ee\/sv\/produkt\/intermediar-bulkcontainer-ibc-640l-500l-b-2\/#breadcrumb"},"inLanguage":"sv-SE","potentialAction":[{"@type":"ReadAction","target":["https:\/\/ibc.ee\/sv\/produkt\/intermediar-bulkcontainer-ibc-640l-500l-b-2\/"]}]},{"@type":"ImageObject","inLanguage":"sv-SE","@id":"https:\/\/ibc.ee\/sv\/produkt\/intermediar-bulkcontainer-ibc-640l-500l-b-2\/#primaryimage","url":"https:\/\/ibc.ee\/wp-content\/uploads\/2019\/04\/20190405_135914bgWM.jpg","contentUrl":"https:\/\/ibc.ee\/wp-content\/uploads\/2019\/04\/20190405_135914bgWM.jpg","width":1000,"height":758},{"@type":"BreadcrumbList","@id":"https:\/\/ibc.ee\/sv\/produkt\/intermediar-bulkcontainer-ibc-640l-500l-b-2\/#breadcrumb","itemListElement":[{"@type":"ListItem","position":1,"name":"\u0413\u043b\u0430\u0432\u043d\u0430\u044f \u0441\u0442\u0440\u0430\u043d\u0438\u0446\u0430","item":"https:\/\/www.ibc.ee\/sv\/"},{"@type":"ListItem","position":2,"name":"Butik","item":"https:\/\/www.ibc.ee\/sv\/butik\/"},{"@type":"ListItem","position":3,"name":"Intermedi\u00e4r bulkcontainer IBC 640l\/500l B"}]},{"@type":"WebSite","@id":"https:\/\/www.ibc.ee\/sv\/#website","url":"https:\/\/www.ibc.ee\/sv\/","name":"IBC konteineri m&uuml;&uuml;k, vaadid, kraanid, mahutid","description":"IBC - Tank container valve, Adapters\\fittings, Intermediate bulk, container, Drums\/cans","potentialAction":[{"@type":"SearchAction","target":{"@type":"EntryPoint","urlTemplate":"https:\/\/www.ibc.ee\/sv\/?s={search_term_string}"},"query-input":{"@type":"PropertyValueSpecification","valueRequired":true,"valueName":"search_term_string"}}],"inLanguage":"sv-SE"}]}},"_links":{"self":[{"href":"https:\/\/ibc.ee\/sv\/wp-json\/wp\/v2\/product\/22922","targetHints":{"allow":["GET"]}}],"collection":[{"href":"https:\/\/ibc.ee\/sv\/wp-json\/wp\/v2\/product"}],"about":[{"href":"https:\/\/ibc.ee\/sv\/wp-json\/wp\/v2\/types\/product"}],"wp:featuredmedia":[{"embeddable":true,"href":"https:\/\/ibc.ee\/sv\/wp-json\/wp\/v2\/media\/22923"}],"wp:attachment":[{"href":"https:\/\/ibc.ee\/sv\/wp-json\/wp\/v2\/media?parent=22922"}],"wp:term":[{"taxonomy":"product_brand","embeddable":true,"href":"https:\/\/ibc.ee\/sv\/wp-json\/wp\/v2\/product_brand?post=22922"},{"taxonomy":"product_cat","embeddable":true,"href":"https:\/\/ibc.ee\/sv\/wp-json\/wp\/v2\/product_cat?post=22922"},{"taxonomy":"product_tag","embeddable":true,"href":"https:\/\/ibc.ee\/sv\/wp-json\/wp\/v2\/product_tag?post=22922"}],"curies":[{"name":"wp","href":"https:\/\/api.w.org\/{rel}","templated":true}]}}