{"id":22971,"date":"2018-06-04T17:34:07","date_gmt":"2025-04-21T12:50:05","guid":{"rendered":"https:\/\/ibc.ee\/product\/intermediar-bulkcontainer-f\/"},"modified":"2025-07-10T10:51:16","modified_gmt":"2025-07-10T08:51:16","slug":"renewcube-ibc-1000-omtappad-ibc","status":"publish","type":"product","link":"https:\/\/ibc.ee\/sv\/produkt\/renewcube-ibc-1000-omtappad-ibc\/","title":{"rendered":"ReNewCube IBC 1000 \u2013 Omtappad IBC"},"content":{"rendered":"<p>Container p\u00e5 plast-, metall- eller tr\u00e4pallar. Alla beh\u00e5llare med arbetskranen nedanf\u00f6r har en m\u00e4tskala och det finns ett brett lock ovanifr\u00e5n.<br \/>\nBeh\u00e5llaren har en metallram. <\/p>\n<p>Vi kan ocks\u00e5 erbjuda adaptrar och olika kranar (den sf\u00e4riska kranen, kranen med fj\u00e4ril, kranen med ventil) f\u00f6r IBC-beh\u00e5llare.<\/p>\n<p><strong>Teknisk specifikation:<\/strong><br \/>\n&#8211; Nedre utlopp: 50 mm (2&#8243;) integrerad fj\u00e4rilsventil, S60x6 utv\u00e4ndig g\u00e4nga \u2013 kompatibel med de flesta standardkopplingar<br \/>\n&#8211; \u00d6vre p\u00e5fyllning: 150 mm (6&#8243;) ej ventilerat lock \u2013 enkel \u00e5tkomst f\u00f6r p\u00e5fyllning och inspektion<\/p>\n<p><strong>Vanliga anv\u00e4ndningsomr\u00e5den:<\/strong><br \/>\n&#8211; Flytande g\u00f6dsel, bevattningsl\u00f6sningar, kompostte<br \/>\n&#8211; Tekniska v\u00e4tskor och reng\u00f6ringsmedel<br \/>\n&#8211; Regnvatteninsamling och lagring (ej dricksvatten)<br \/>\n&#8211; Spol- eller gr\u00e5vatten inom industrin<\/p>\n","protected":false},"excerpt":{"rendered":"<p><strong>ReNewCube IBC 1000 \u2013 \u00c5teruppbyggd IBC-beh\u00e5llare med ny innertank och begagnad ram<\/strong><\/p>\n<p>ReNewCube IBC 1000 \u00e4r en h\u00f6gkvalitativ \u00e5teruppbyggd (rebottled) IBC-beh\u00e5llare p\u00e5 1000 liter, som kombinerar en helt ny HDPE-innertank med en noggrant inspekterad begagnad galvaniserad st\u00e5lramskonstruktion. En h\u00e5llbar och kostnadseffektiv l\u00f6sning f\u00f6r v\u00e4tskelagring d\u00e4r UN- eller FDA-certifiering inte kr\u00e4vs. <\/p>\n<p>Denna beh\u00e5llare \u00e4r inte UN- eller FDA-certifierad. Den \u00e4r avsedd f\u00f6r tekniska, jordbruksrelaterade eller icke-livsmedelsanv\u00e4ndningar, och b\u00f6r inte anv\u00e4ndas f\u00f6r farliga \u00e4mnen eller livsmedel. <\/p>\n","protected":false},"featured_media":24287,"template":"","meta":[],"product_brand":[],"product_cat":[447],"product_tag":[],"class_list":{"0":"post-22971","1":"product","2":"type-product","3":"status-publish","4":"has-post-thumbnail","6":"product_cat-mellanbulkbehallare-ibc-1000-liter","7":"product_shipping_class-behallare","9":"first","10":"onbackorder","11":"taxable","12":"shipping-taxable","13":"product-type-simple"},"yoast_head":"<!-- This site is optimized with the Yoast SEO plugin v26.9 - https:\/\/yoast.com\/product\/yoast-seo-wordpress\/ -->\n<title>ReNewCube IBC 1000 \u2013 Omtappad IBC - IBC konteineri m&uuml;&uuml;k, vaadid, kraanid, mahutid<\/title>\n<meta name=\"description\" content=\"ReNewCube IBC 1000 \u00e4r en h\u00f6gkvalitativ \u00e5teruppbyggd (rebottled) IBC-beh\u00e5llare p\u00e5 1000 liter, som kombinerar en helt ny HDPE-innertank med en noggrant inspekterad begagnad galvaniserad st\u00e5lramskonstruktion.\" \/>\n<meta name=\"robots\" content=\"index, follow, max-snippet:-1, max-image-preview:large, max-video-preview:-1\" \/>\n<link rel=\"canonical\" href=\"https:\/\/ibc.ee\/sv\/produkt\/renewcube-ibc-1000-omtappad-ibc\/\" \/>\n<meta property=\"og:locale\" content=\"sv_SE\" \/>\n<meta property=\"og:type\" content=\"article\" \/>\n<meta property=\"og:title\" content=\"ReNewCube IBC 1000 \u2013 Omtappad IBC - IBC konteineri m&uuml;&uuml;k, vaadid, kraanid, mahutid\" \/>\n<meta property=\"og:description\" content=\"ReNewCube IBC 1000 \u00e4r en h\u00f6gkvalitativ \u00e5teruppbyggd (rebottled) IBC-beh\u00e5llare p\u00e5 1000 liter, som kombinerar en helt ny HDPE-innertank med en noggrant inspekterad begagnad galvaniserad st\u00e5lramskonstruktion.\" \/>\n<meta property=\"og:url\" content=\"https:\/\/ibc.ee\/sv\/produkt\/renewcube-ibc-1000-omtappad-ibc\/\" \/>\n<meta property=\"og:site_name\" content=\"IBC konteineri m&uuml;&uuml;k, vaadid, kraanid, mahutid\" \/>\n<meta property=\"article:modified_time\" content=\"2025-07-10T08:51:16+00:00\" \/>\n<meta property=\"og:image\" content=\"https:\/\/ibc.ee\/wp-content\/uploads\/2018\/06\/ReNewCube-IBC-1000-Rebottled-IBC.jpg\" \/>\n\t<meta property=\"og:image:width\" content=\"1000\" \/>\n\t<meta property=\"og:image:height\" content=\"1000\" \/>\n\t<meta property=\"og:image:type\" content=\"image\/jpeg\" \/>\n<meta name=\"twitter:card\" content=\"summary_large_image\" \/>\n<meta name=\"twitter:label1\" content=\"Ber\u00e4knad l\u00e4stid\" \/>\n\t<meta name=\"twitter:data1\" content=\"1 minut\" \/>\n<script type=\"application\/ld+json\" class=\"yoast-schema-graph\">{\"@context\":\"https:\/\/schema.org\",\"@graph\":[{\"@type\":\"WebPage\",\"@id\":\"https:\/\/ibc.ee\/sv\/produkt\/renewcube-ibc-1000-omtappad-ibc\/\",\"url\":\"https:\/\/ibc.ee\/sv\/produkt\/renewcube-ibc-1000-omtappad-ibc\/\",\"name\":\"ReNewCube IBC 1000 \u2013 Omtappad IBC - IBC konteineri m&uuml;&uuml;k, vaadid, kraanid, mahutid\",\"isPartOf\":{\"@id\":\"https:\/\/www.ibc.ee\/sv\/#website\"},\"primaryImageOfPage\":{\"@id\":\"https:\/\/ibc.ee\/sv\/produkt\/renewcube-ibc-1000-omtappad-ibc\/#primaryimage\"},\"image\":{\"@id\":\"https:\/\/ibc.ee\/sv\/produkt\/renewcube-ibc-1000-omtappad-ibc\/#primaryimage\"},\"thumbnailUrl\":\"https:\/\/ibc.ee\/wp-content\/uploads\/2018\/06\/ReNewCube-IBC-1000-Rebottled-IBC.jpg\",\"datePublished\":\"2025-04-21T12:50:05+00:00\",\"dateModified\":\"2025-07-10T08:51:16+00:00\",\"description\":\"ReNewCube IBC 1000 \u00e4r en h\u00f6gkvalitativ \u00e5teruppbyggd (rebottled) IBC-beh\u00e5llare p\u00e5 1000 liter, som kombinerar en helt ny HDPE-innertank med en noggrant inspekterad begagnad galvaniserad st\u00e5lramskonstruktion.\",\"breadcrumb\":{\"@id\":\"https:\/\/ibc.ee\/sv\/produkt\/renewcube-ibc-1000-omtappad-ibc\/#breadcrumb\"},\"inLanguage\":\"sv-SE\",\"potentialAction\":[{\"@type\":\"ReadAction\",\"target\":[\"https:\/\/ibc.ee\/sv\/produkt\/renewcube-ibc-1000-omtappad-ibc\/\"]}]},{\"@type\":\"ImageObject\",\"inLanguage\":\"sv-SE\",\"@id\":\"https:\/\/ibc.ee\/sv\/produkt\/renewcube-ibc-1000-omtappad-ibc\/#primaryimage\",\"url\":\"https:\/\/ibc.ee\/wp-content\/uploads\/2018\/06\/ReNewCube-IBC-1000-Rebottled-IBC.jpg\",\"contentUrl\":\"https:\/\/ibc.ee\/wp-content\/uploads\/2018\/06\/ReNewCube-IBC-1000-Rebottled-IBC.jpg\",\"width\":1000,\"height\":1000,\"caption\":\"ReNewCube IBC 1000 \u2013 Rebottled IBC\"},{\"@type\":\"BreadcrumbList\",\"@id\":\"https:\/\/ibc.ee\/sv\/produkt\/renewcube-ibc-1000-omtappad-ibc\/#breadcrumb\",\"itemListElement\":[{\"@type\":\"ListItem\",\"position\":1,\"name\":\"\u0413\u043b\u0430\u0432\u043d\u0430\u044f \u0441\u0442\u0440\u0430\u043d\u0438\u0446\u0430\",\"item\":\"https:\/\/www.ibc.ee\/sv\/\"},{\"@type\":\"ListItem\",\"position\":2,\"name\":\"Butik\",\"item\":\"https:\/\/www.ibc.ee\/sv\/butik\/\"},{\"@type\":\"ListItem\",\"position\":3,\"name\":\"ReNewCube IBC 1000 \u2013 Omtappad IBC\"}]},{\"@type\":\"WebSite\",\"@id\":\"https:\/\/www.ibc.ee\/sv\/#website\",\"url\":\"https:\/\/www.ibc.ee\/sv\/\",\"name\":\"IBC konteineri m&uuml;&uuml;k, vaadid, kraanid, mahutid\",\"description\":\"IBC - Tank container valve, Adapters\\\\fittings, Intermediate bulk, container, Drums\/cans\",\"potentialAction\":[{\"@type\":\"SearchAction\",\"target\":{\"@type\":\"EntryPoint\",\"urlTemplate\":\"https:\/\/www.ibc.ee\/sv\/?s={search_term_string}\"},\"query-input\":{\"@type\":\"PropertyValueSpecification\",\"valueRequired\":true,\"valueName\":\"search_term_string\"}}],\"inLanguage\":\"sv-SE\"}]}<\/script>\n<!-- \/ Yoast SEO plugin. -->","yoast_head_json":{"title":"ReNewCube IBC 1000 \u2013 Omtappad IBC - IBC konteineri m&uuml;&uuml;k, vaadid, kraanid, mahutid","description":"ReNewCube IBC 1000 \u00e4r en h\u00f6gkvalitativ \u00e5teruppbyggd (rebottled) IBC-beh\u00e5llare p\u00e5 1000 liter, som kombinerar en helt ny HDPE-innertank med en noggrant inspekterad begagnad galvaniserad st\u00e5lramskonstruktion.","robots":{"index":"index","follow":"follow","max-snippet":"max-snippet:-1","max-image-preview":"max-image-preview:large","max-video-preview":"max-video-preview:-1"},"canonical":"https:\/\/ibc.ee\/sv\/produkt\/renewcube-ibc-1000-omtappad-ibc\/","og_locale":"sv_SE","og_type":"article","og_title":"ReNewCube IBC 1000 \u2013 Omtappad IBC - IBC konteineri m&uuml;&uuml;k, vaadid, kraanid, mahutid","og_description":"ReNewCube IBC 1000 \u00e4r en h\u00f6gkvalitativ \u00e5teruppbyggd (rebottled) IBC-beh\u00e5llare p\u00e5 1000 liter, som kombinerar en helt ny HDPE-innertank med en noggrant inspekterad begagnad galvaniserad st\u00e5lramskonstruktion.","og_url":"https:\/\/ibc.ee\/sv\/produkt\/renewcube-ibc-1000-omtappad-ibc\/","og_site_name":"IBC konteineri m&uuml;&uuml;k, vaadid, kraanid, mahutid","article_modified_time":"2025-07-10T08:51:16+00:00","og_image":[{"width":1000,"height":1000,"url":"https:\/\/ibc.ee\/wp-content\/uploads\/2018\/06\/ReNewCube-IBC-1000-Rebottled-IBC.jpg","type":"image\/jpeg"}],"twitter_card":"summary_large_image","twitter_misc":{"Ber\u00e4knad l\u00e4stid":"1 minut"},"schema":{"@context":"https:\/\/schema.org","@graph":[{"@type":"WebPage","@id":"https:\/\/ibc.ee\/sv\/produkt\/renewcube-ibc-1000-omtappad-ibc\/","url":"https:\/\/ibc.ee\/sv\/produkt\/renewcube-ibc-1000-omtappad-ibc\/","name":"ReNewCube IBC 1000 \u2013 Omtappad IBC - IBC konteineri m&uuml;&uuml;k, vaadid, kraanid, mahutid","isPartOf":{"@id":"https:\/\/www.ibc.ee\/sv\/#website"},"primaryImageOfPage":{"@id":"https:\/\/ibc.ee\/sv\/produkt\/renewcube-ibc-1000-omtappad-ibc\/#primaryimage"},"image":{"@id":"https:\/\/ibc.ee\/sv\/produkt\/renewcube-ibc-1000-omtappad-ibc\/#primaryimage"},"thumbnailUrl":"https:\/\/ibc.ee\/wp-content\/uploads\/2018\/06\/ReNewCube-IBC-1000-Rebottled-IBC.jpg","datePublished":"2025-04-21T12:50:05+00:00","dateModified":"2025-07-10T08:51:16+00:00","description":"ReNewCube IBC 1000 \u00e4r en h\u00f6gkvalitativ \u00e5teruppbyggd (rebottled) IBC-beh\u00e5llare p\u00e5 1000 liter, som kombinerar en helt ny HDPE-innertank med en noggrant inspekterad begagnad galvaniserad st\u00e5lramskonstruktion.","breadcrumb":{"@id":"https:\/\/ibc.ee\/sv\/produkt\/renewcube-ibc-1000-omtappad-ibc\/#breadcrumb"},"inLanguage":"sv-SE","potentialAction":[{"@type":"ReadAction","target":["https:\/\/ibc.ee\/sv\/produkt\/renewcube-ibc-1000-omtappad-ibc\/"]}]},{"@type":"ImageObject","inLanguage":"sv-SE","@id":"https:\/\/ibc.ee\/sv\/produkt\/renewcube-ibc-1000-omtappad-ibc\/#primaryimage","url":"https:\/\/ibc.ee\/wp-content\/uploads\/2018\/06\/ReNewCube-IBC-1000-Rebottled-IBC.jpg","contentUrl":"https:\/\/ibc.ee\/wp-content\/uploads\/2018\/06\/ReNewCube-IBC-1000-Rebottled-IBC.jpg","width":1000,"height":1000,"caption":"ReNewCube IBC 1000 \u2013 Rebottled IBC"},{"@type":"BreadcrumbList","@id":"https:\/\/ibc.ee\/sv\/produkt\/renewcube-ibc-1000-omtappad-ibc\/#breadcrumb","itemListElement":[{"@type":"ListItem","position":1,"name":"\u0413\u043b\u0430\u0432\u043d\u0430\u044f \u0441\u0442\u0440\u0430\u043d\u0438\u0446\u0430","item":"https:\/\/www.ibc.ee\/sv\/"},{"@type":"ListItem","position":2,"name":"Butik","item":"https:\/\/www.ibc.ee\/sv\/butik\/"},{"@type":"ListItem","position":3,"name":"ReNewCube IBC 1000 \u2013 Omtappad IBC"}]},{"@type":"WebSite","@id":"https:\/\/www.ibc.ee\/sv\/#website","url":"https:\/\/www.ibc.ee\/sv\/","name":"IBC konteineri m&uuml;&uuml;k, vaadid, kraanid, mahutid","description":"IBC - Tank container valve, Adapters\\fittings, Intermediate bulk, container, Drums\/cans","potentialAction":[{"@type":"SearchAction","target":{"@type":"EntryPoint","urlTemplate":"https:\/\/www.ibc.ee\/sv\/?s={search_term_string}"},"query-input":{"@type":"PropertyValueSpecification","valueRequired":true,"valueName":"search_term_string"}}],"inLanguage":"sv-SE"}]}},"_links":{"self":[{"href":"https:\/\/ibc.ee\/sv\/wp-json\/wp\/v2\/product\/22971","targetHints":{"allow":["GET"]}}],"collection":[{"href":"https:\/\/ibc.ee\/sv\/wp-json\/wp\/v2\/product"}],"about":[{"href":"https:\/\/ibc.ee\/sv\/wp-json\/wp\/v2\/types\/product"}],"wp:featuredmedia":[{"embeddable":true,"href":"https:\/\/ibc.ee\/sv\/wp-json\/wp\/v2\/media\/24287"}],"wp:attachment":[{"href":"https:\/\/ibc.ee\/sv\/wp-json\/wp\/v2\/media?parent=22971"}],"wp:term":[{"taxonomy":"product_brand","embeddable":true,"href":"https:\/\/ibc.ee\/sv\/wp-json\/wp\/v2\/product_brand?post=22971"},{"taxonomy":"product_cat","embeddable":true,"href":"https:\/\/ibc.ee\/sv\/wp-json\/wp\/v2\/product_cat?post=22971"},{"taxonomy":"product_tag","embeddable":true,"href":"https:\/\/ibc.ee\/sv\/wp-json\/wp\/v2\/product_tag?post=22971"}],"curies":[{"name":"wp","href":"https:\/\/api.w.org\/{rel}","templated":true}]}}