{"id":22996,"date":"2018-06-04T17:21:35","date_gmt":"2025-04-21T12:52:27","guid":{"rendered":"https:\/\/ibc.ee\/product\/intermediar-bulkcontainer-ibc-1000l-b\/"},"modified":"2025-07-03T15:18:13","modified_gmt":"2025-07-03T13:18:13","slug":"techcube-ibc-1000-svart-renovert-med-un-sertifikat","status":"publish","type":"product","link":"https:\/\/ibc.ee\/sv\/produkt\/techcube-ibc-1000-svart-renovert-med-un-sertifikat\/","title":{"rendered":"TechCube IBC 1000 svart, renovert med UN-sertifikat"},"content":{"rendered":"<p>Intermediate bulk container IBC 1000l B p\u00e5 plast-, metall- eller tr\u00e4pallar. Alla reservoarer med arbetskranen nedanf\u00f6r har en m\u00e4tskala och det finns en bred t\u00e4ckning ovanifr\u00e5n. Topplock 150 mm. Botten med 2 tums kran (60&#215;6) <\/p>\n<p><strong>Hvorfor velge en svart IBC-tank fremfor vanlige IBC-er?<\/strong><br \/>\nI motsetning til vanlige klare IBC-er blokkerer en svart IBC-beholder UN-str\u00e5ler og forhindrer dermed lyseksponering som kan f\u00f8re til algevekst. Denne funksjonen holder lagrede v\u00e6sker ferskere lenger, noe som gj\u00f8r svarte IBC-er ideelle for bruksomr\u00e5der der v\u00e6skeintegritet er kritisk. <\/p>\n<p><strong>UN-godkjent for v\u00e6skelagring<\/strong><br \/>\nDenne svarte IBC-tanken oppfyller UN-sertifiseringsstandarder, noe som sikrer samsvar med lagring av farlige og ikke-farlige v\u00e6sker. Denne tanken gir et trygt og godkjent lagringsalternativ, enten den brukes til industrielle kjemikalier, landbruksl\u00f8sninger eller generell v\u00e6sketransport. <\/p>\n<p><strong>Viktige hensyn<\/strong><br \/>\nSelv om v\u00e5re svarte IBC-er til salgs er profesjonelt rengjort og renovert, kan det fortsatt v\u00e6re spor av tidligere lagrede v\u00e6sker igjen. Av denne grunn er disse IBC-ene uegnet for drikkevann eller matrelaterte produkter. Hvis du trenger en beholder for oppbevaring av forbruksvarer, anbefaler vi \u00e5 velge en ny eller omtappet IBC-tank.  <\/p>\n","protected":false},"excerpt":{"rendered":"<p>Gjenvunnet og vasket IBC-beholder med gyldig UN-sertifisering. Ideell for farlige v\u00e6sker, tekniske kjemikalier, agroindustriell lagring. Ogs\u00e5 ideell for vanningsvann. Den svarte UV-bestandige tanken, kombinert med FN-sertifisert konstruksjon, bidrar til \u00e5 forhindre algevekst og holder vannet klart lenger.   <\/p>\n<p><strong>Vanlige bruksomr\u00e5der inkluderer:<\/strong><\/p>\n<p>&#8211; Tekniske v\u00e6sker og industrielle v\u00e6sker: egnet for lagring av farlige og ikke-farlige v\u00e6sker, diesel, oljer, brukt olje (spillolje), l\u00f8semidler, frostv\u00e6ske, hydrauliske v\u00e6sker<br \/>\n&#8211; Jordbruk og vanning: vanningsvann, gj\u00f8dsell\u00f8sninger, flytende n\u00e6ringsstoffer, plantevernmidler, herbicider, avkalkingsv\u00e6sker, vanningskjemikalier eller kompostte<br \/>\n&#8211; Kjemisk industri: rengj\u00f8ringsmidler, syrer, alkalier, rester fra produksjonsprosessen, midlertidige avfallsv\u00e6sker (f\u00f8r avhending)<br \/>\n&#8211; Bygg og anlegg: betongvaskevann, tetningsmidler, lim, malingsavfall, fugemassevann, bitumenblandinger, rengj\u00f8rings- eller skylletanker for byggeplasser<\/p>\n","protected":false},"featured_media":24104,"template":"","meta":[],"product_brand":[],"product_cat":[447],"product_tag":[],"class_list":{"0":"post-22996","1":"product","2":"type-product","3":"status-publish","4":"has-post-thumbnail","6":"product_cat-mellanbulkbehallare-ibc-1000-liter","7":"product_shipping_class-behallare","9":"first","10":"instock","11":"taxable","12":"shipping-taxable","13":"purchasable","14":"product-type-simple"},"yoast_head":"<!-- This site is optimized with the Yoast SEO plugin v26.9 - https:\/\/yoast.com\/product\/yoast-seo-wordpress\/ -->\n<title>TechCube IBC 1000 svart, renovert med UN-sertifikat - IBC konteineri m&uuml;&uuml;k, vaadid, kraanid, mahutid<\/title>\n<meta name=\"description\" content=\"Gjenvunnet og vasket IBC-beholder med gyldig UN-sertifisering. Ideell for farlige v\u00e6sker, tekniske kjemikalier, agroindustriell lagring og ikke-drikkesystemer.\" \/>\n<meta name=\"robots\" content=\"index, follow, max-snippet:-1, max-image-preview:large, max-video-preview:-1\" \/>\n<link rel=\"canonical\" href=\"https:\/\/ibc.ee\/sv\/produkt\/techcube-ibc-1000-svart-renovert-med-un-sertifikat\/\" \/>\n<meta property=\"og:locale\" content=\"sv_SE\" \/>\n<meta property=\"og:type\" content=\"article\" \/>\n<meta property=\"og:title\" content=\"TechCube IBC 1000 svart, renovert med UN-sertifikat - IBC konteineri m&uuml;&uuml;k, vaadid, kraanid, mahutid\" \/>\n<meta property=\"og:description\" content=\"Gjenvunnet og vasket IBC-beholder med gyldig UN-sertifisering. Ideell for farlige v\u00e6sker, tekniske kjemikalier, agroindustriell lagring og ikke-drikkesystemer.\" \/>\n<meta property=\"og:url\" content=\"https:\/\/ibc.ee\/sv\/produkt\/techcube-ibc-1000-svart-renovert-med-un-sertifikat\/\" \/>\n<meta property=\"og:site_name\" content=\"IBC konteineri m&uuml;&uuml;k, vaadid, kraanid, mahutid\" \/>\n<meta property=\"article:modified_time\" content=\"2025-07-03T13:18:13+00:00\" \/>\n<meta property=\"og:image\" content=\"https:\/\/ibc.ee\/wp-content\/uploads\/2018\/06\/Black-1000L-Reconditioned-IBC-with-UN-Certificate.jpg\" \/>\n\t<meta property=\"og:image:width\" content=\"1000\" \/>\n\t<meta property=\"og:image:height\" content=\"1000\" \/>\n\t<meta property=\"og:image:type\" content=\"image\/jpeg\" \/>\n<meta name=\"twitter:card\" content=\"summary_large_image\" \/>\n<meta name=\"twitter:label1\" content=\"Ber\u00e4knad l\u00e4stid\" \/>\n\t<meta name=\"twitter:data1\" content=\"1 minut\" \/>\n<script type=\"application\/ld+json\" class=\"yoast-schema-graph\">{\"@context\":\"https:\/\/schema.org\",\"@graph\":[{\"@type\":\"WebPage\",\"@id\":\"https:\/\/ibc.ee\/sv\/produkt\/techcube-ibc-1000-svart-renovert-med-un-sertifikat\/\",\"url\":\"https:\/\/ibc.ee\/sv\/produkt\/techcube-ibc-1000-svart-renovert-med-un-sertifikat\/\",\"name\":\"TechCube IBC 1000 svart, renovert med UN-sertifikat - IBC konteineri m&uuml;&uuml;k, vaadid, kraanid, mahutid\",\"isPartOf\":{\"@id\":\"https:\/\/www.ibc.ee\/sv\/#website\"},\"primaryImageOfPage\":{\"@id\":\"https:\/\/ibc.ee\/sv\/produkt\/techcube-ibc-1000-svart-renovert-med-un-sertifikat\/#primaryimage\"},\"image\":{\"@id\":\"https:\/\/ibc.ee\/sv\/produkt\/techcube-ibc-1000-svart-renovert-med-un-sertifikat\/#primaryimage\"},\"thumbnailUrl\":\"https:\/\/ibc.ee\/wp-content\/uploads\/2018\/06\/Black-1000L-Reconditioned-IBC-with-UN-Certificate.jpg\",\"datePublished\":\"2025-04-21T12:52:27+00:00\",\"dateModified\":\"2025-07-03T13:18:13+00:00\",\"description\":\"Gjenvunnet og vasket IBC-beholder med gyldig UN-sertifisering. Ideell for farlige v\u00e6sker, tekniske kjemikalier, agroindustriell lagring og ikke-drikkesystemer.\",\"breadcrumb\":{\"@id\":\"https:\/\/ibc.ee\/sv\/produkt\/techcube-ibc-1000-svart-renovert-med-un-sertifikat\/#breadcrumb\"},\"inLanguage\":\"sv-SE\",\"potentialAction\":[{\"@type\":\"ReadAction\",\"target\":[\"https:\/\/ibc.ee\/sv\/produkt\/techcube-ibc-1000-svart-renovert-med-un-sertifikat\/\"]}]},{\"@type\":\"ImageObject\",\"inLanguage\":\"sv-SE\",\"@id\":\"https:\/\/ibc.ee\/sv\/produkt\/techcube-ibc-1000-svart-renovert-med-un-sertifikat\/#primaryimage\",\"url\":\"https:\/\/ibc.ee\/wp-content\/uploads\/2018\/06\/Black-1000L-Reconditioned-IBC-with-UN-Certificate.jpg\",\"contentUrl\":\"https:\/\/ibc.ee\/wp-content\/uploads\/2018\/06\/Black-1000L-Reconditioned-IBC-with-UN-Certificate.jpg\",\"width\":1000,\"height\":1000,\"caption\":\"Black 1000L Reconditioned IBC with UN Certificate\"},{\"@type\":\"BreadcrumbList\",\"@id\":\"https:\/\/ibc.ee\/sv\/produkt\/techcube-ibc-1000-svart-renovert-med-un-sertifikat\/#breadcrumb\",\"itemListElement\":[{\"@type\":\"ListItem\",\"position\":1,\"name\":\"\u0413\u043b\u0430\u0432\u043d\u0430\u044f \u0441\u0442\u0440\u0430\u043d\u0438\u0446\u0430\",\"item\":\"https:\/\/www.ibc.ee\/sv\/\"},{\"@type\":\"ListItem\",\"position\":2,\"name\":\"Butik\",\"item\":\"https:\/\/www.ibc.ee\/sv\/butik\/\"},{\"@type\":\"ListItem\",\"position\":3,\"name\":\"TechCube IBC 1000 svart, renovert med UN-sertifikat\"}]},{\"@type\":\"WebSite\",\"@id\":\"https:\/\/www.ibc.ee\/sv\/#website\",\"url\":\"https:\/\/www.ibc.ee\/sv\/\",\"name\":\"IBC konteineri m&uuml;&uuml;k, vaadid, kraanid, mahutid\",\"description\":\"IBC - Tank container valve, Adapters\\\\fittings, Intermediate bulk, container, Drums\/cans\",\"potentialAction\":[{\"@type\":\"SearchAction\",\"target\":{\"@type\":\"EntryPoint\",\"urlTemplate\":\"https:\/\/www.ibc.ee\/sv\/?s={search_term_string}\"},\"query-input\":{\"@type\":\"PropertyValueSpecification\",\"valueRequired\":true,\"valueName\":\"search_term_string\"}}],\"inLanguage\":\"sv-SE\"}]}<\/script>\n<!-- \/ Yoast SEO plugin. -->","yoast_head_json":{"title":"TechCube IBC 1000 svart, renovert med UN-sertifikat - IBC konteineri m&uuml;&uuml;k, vaadid, kraanid, mahutid","description":"Gjenvunnet og vasket IBC-beholder med gyldig UN-sertifisering. Ideell for farlige v\u00e6sker, tekniske kjemikalier, agroindustriell lagring og ikke-drikkesystemer.","robots":{"index":"index","follow":"follow","max-snippet":"max-snippet:-1","max-image-preview":"max-image-preview:large","max-video-preview":"max-video-preview:-1"},"canonical":"https:\/\/ibc.ee\/sv\/produkt\/techcube-ibc-1000-svart-renovert-med-un-sertifikat\/","og_locale":"sv_SE","og_type":"article","og_title":"TechCube IBC 1000 svart, renovert med UN-sertifikat - IBC konteineri m&uuml;&uuml;k, vaadid, kraanid, mahutid","og_description":"Gjenvunnet og vasket IBC-beholder med gyldig UN-sertifisering. Ideell for farlige v\u00e6sker, tekniske kjemikalier, agroindustriell lagring og ikke-drikkesystemer.","og_url":"https:\/\/ibc.ee\/sv\/produkt\/techcube-ibc-1000-svart-renovert-med-un-sertifikat\/","og_site_name":"IBC konteineri m&uuml;&uuml;k, vaadid, kraanid, mahutid","article_modified_time":"2025-07-03T13:18:13+00:00","og_image":[{"width":1000,"height":1000,"url":"https:\/\/ibc.ee\/wp-content\/uploads\/2018\/06\/Black-1000L-Reconditioned-IBC-with-UN-Certificate.jpg","type":"image\/jpeg"}],"twitter_card":"summary_large_image","twitter_misc":{"Ber\u00e4knad l\u00e4stid":"1 minut"},"schema":{"@context":"https:\/\/schema.org","@graph":[{"@type":"WebPage","@id":"https:\/\/ibc.ee\/sv\/produkt\/techcube-ibc-1000-svart-renovert-med-un-sertifikat\/","url":"https:\/\/ibc.ee\/sv\/produkt\/techcube-ibc-1000-svart-renovert-med-un-sertifikat\/","name":"TechCube IBC 1000 svart, renovert med UN-sertifikat - IBC konteineri m&uuml;&uuml;k, vaadid, kraanid, mahutid","isPartOf":{"@id":"https:\/\/www.ibc.ee\/sv\/#website"},"primaryImageOfPage":{"@id":"https:\/\/ibc.ee\/sv\/produkt\/techcube-ibc-1000-svart-renovert-med-un-sertifikat\/#primaryimage"},"image":{"@id":"https:\/\/ibc.ee\/sv\/produkt\/techcube-ibc-1000-svart-renovert-med-un-sertifikat\/#primaryimage"},"thumbnailUrl":"https:\/\/ibc.ee\/wp-content\/uploads\/2018\/06\/Black-1000L-Reconditioned-IBC-with-UN-Certificate.jpg","datePublished":"2025-04-21T12:52:27+00:00","dateModified":"2025-07-03T13:18:13+00:00","description":"Gjenvunnet og vasket IBC-beholder med gyldig UN-sertifisering. Ideell for farlige v\u00e6sker, tekniske kjemikalier, agroindustriell lagring og ikke-drikkesystemer.","breadcrumb":{"@id":"https:\/\/ibc.ee\/sv\/produkt\/techcube-ibc-1000-svart-renovert-med-un-sertifikat\/#breadcrumb"},"inLanguage":"sv-SE","potentialAction":[{"@type":"ReadAction","target":["https:\/\/ibc.ee\/sv\/produkt\/techcube-ibc-1000-svart-renovert-med-un-sertifikat\/"]}]},{"@type":"ImageObject","inLanguage":"sv-SE","@id":"https:\/\/ibc.ee\/sv\/produkt\/techcube-ibc-1000-svart-renovert-med-un-sertifikat\/#primaryimage","url":"https:\/\/ibc.ee\/wp-content\/uploads\/2018\/06\/Black-1000L-Reconditioned-IBC-with-UN-Certificate.jpg","contentUrl":"https:\/\/ibc.ee\/wp-content\/uploads\/2018\/06\/Black-1000L-Reconditioned-IBC-with-UN-Certificate.jpg","width":1000,"height":1000,"caption":"Black 1000L Reconditioned IBC with UN Certificate"},{"@type":"BreadcrumbList","@id":"https:\/\/ibc.ee\/sv\/produkt\/techcube-ibc-1000-svart-renovert-med-un-sertifikat\/#breadcrumb","itemListElement":[{"@type":"ListItem","position":1,"name":"\u0413\u043b\u0430\u0432\u043d\u0430\u044f \u0441\u0442\u0440\u0430\u043d\u0438\u0446\u0430","item":"https:\/\/www.ibc.ee\/sv\/"},{"@type":"ListItem","position":2,"name":"Butik","item":"https:\/\/www.ibc.ee\/sv\/butik\/"},{"@type":"ListItem","position":3,"name":"TechCube IBC 1000 svart, renovert med UN-sertifikat"}]},{"@type":"WebSite","@id":"https:\/\/www.ibc.ee\/sv\/#website","url":"https:\/\/www.ibc.ee\/sv\/","name":"IBC konteineri m&uuml;&uuml;k, vaadid, kraanid, mahutid","description":"IBC - Tank container valve, Adapters\\fittings, Intermediate bulk, container, Drums\/cans","potentialAction":[{"@type":"SearchAction","target":{"@type":"EntryPoint","urlTemplate":"https:\/\/www.ibc.ee\/sv\/?s={search_term_string}"},"query-input":{"@type":"PropertyValueSpecification","valueRequired":true,"valueName":"search_term_string"}}],"inLanguage":"sv-SE"}]}},"_links":{"self":[{"href":"https:\/\/ibc.ee\/sv\/wp-json\/wp\/v2\/product\/22996","targetHints":{"allow":["GET"]}}],"collection":[{"href":"https:\/\/ibc.ee\/sv\/wp-json\/wp\/v2\/product"}],"about":[{"href":"https:\/\/ibc.ee\/sv\/wp-json\/wp\/v2\/types\/product"}],"wp:featuredmedia":[{"embeddable":true,"href":"https:\/\/ibc.ee\/sv\/wp-json\/wp\/v2\/media\/24104"}],"wp:attachment":[{"href":"https:\/\/ibc.ee\/sv\/wp-json\/wp\/v2\/media?parent=22996"}],"wp:term":[{"taxonomy":"product_brand","embeddable":true,"href":"https:\/\/ibc.ee\/sv\/wp-json\/wp\/v2\/product_brand?post=22996"},{"taxonomy":"product_cat","embeddable":true,"href":"https:\/\/ibc.ee\/sv\/wp-json\/wp\/v2\/product_cat?post=22996"},{"taxonomy":"product_tag","embeddable":true,"href":"https:\/\/ibc.ee\/sv\/wp-json\/wp\/v2\/product_tag?post=22996"}],"curies":[{"name":"wp","href":"https:\/\/api.w.org\/{rel}","templated":true}]}}