{"id":23002,"date":"2018-06-04T17:23:49","date_gmt":"2025-04-21T12:52:29","guid":{"rendered":"https:\/\/ibc.ee\/product\/intermediar-bulkcontainer-d\/"},"modified":"2025-07-09T11:53:49","modified_gmt":"2025-07-09T09:53:49","slug":"techcube-ibc-1000-blue-tvattad-1000l-behallare","status":"publish","type":"product","link":"https:\/\/ibc.ee\/sv\/produkt\/techcube-ibc-1000-blue-tvattad-1000l-behallare\/","title":{"rendered":"TechCube IBC 1000 Blue \u2013 Tv\u00e4ttad 1000L beh\u00e5llare"},"content":{"rendered":"<p><strong>Vanliga anv\u00e4ndningsomr\u00e5den<\/strong><br \/>\n&#8211; Insamling av regnvatten<br \/>\n&#8211; Bevattningsvatten och jordbruksanv\u00e4ndning<br \/>\n&#8211; Tv\u00e4ttvatten f\u00f6r utrustning<br \/>\n&#8211; Gr\u00e5vatten och icke-drickbart vatten<br \/>\n&#8211; Vattentankar p\u00e5 byggarbetsplatser<br \/>\n&#8211; Vatten till brand\u00f6vningar<br \/>\n&#8211; Sk\u00f6ljning av ofarliga kemikalier<br \/>\n&#8211; Lagring av flytande avfall<br \/>\n&#8211; G\u00f6r-det-sj\u00e4lv-vattensystem<\/p>\n","protected":false},"excerpt":{"rendered":"<p><strong>UV-skyddad. Rengjord. Perfekt f\u00f6r teknisk och allm\u00e4n anv\u00e4ndning.  <\/strong><\/p>\n<p>TechCube IBC 1000 Blue \u00e4r en professionellt rengjord, \u00e5teranv\u00e4nd 1000-liters IBC-beh\u00e5llare (Intermediate Bulk Container) som \u00e4r avsedd f\u00f6r lagring av icke-kritiska v\u00e4tskor. \u00c4ven om den inte har livsmedels- eller UN-certifiering, \u00e4r den ett utm\u00e4rkt val f\u00f6r tekniska \u00e4ndam\u00e5l, utomhusbruk eller industriellt bruk. <\/p>\n<p>Den bl\u00e5 innerflaskan ger f\u00f6rb\u00e4ttrat skydd mot UV-ljus, vilket minskar risken f\u00f6r algtillv\u00e4xt och f\u00f6rl\u00e4nger v\u00e4tskans h\u00e5llbarhet \u2013 en stor f\u00f6rdel j\u00e4mf\u00f6rt med genomskinliga beh\u00e5llare vid utomhusf\u00f6rvaring.<\/p>\n","protected":false},"featured_media":24260,"template":"","meta":[],"product_brand":[],"product_cat":[447],"product_tag":[],"class_list":{"0":"post-23002","1":"product","2":"type-product","3":"status-publish","4":"has-post-thumbnail","6":"product_cat-mellanbulkbehallare-ibc-1000-liter","7":"product_shipping_class-behallare","9":"first","10":"onbackorder","11":"taxable","12":"shipping-taxable","13":"product-type-simple"},"yoast_head":"<!-- This site is optimized with the Yoast SEO plugin v26.9 - https:\/\/yoast.com\/product\/yoast-seo-wordpress\/ -->\n<title>TechCube IBC 1000 Blue \u2013 Tv\u00e4ttad 1000L beh\u00e5llare<\/title>\n<meta name=\"description\" content=\"TechCube IBC 1000 Blue \u00e4r en professionellt rengjord, \u00e5teranv\u00e4nd 1000-liters IBC-beh\u00e5llare som \u00e4r avsedd f\u00f6r lagring av icke-kritiska v\u00e4tskor\" \/>\n<meta name=\"robots\" content=\"index, follow, max-snippet:-1, max-image-preview:large, max-video-preview:-1\" \/>\n<link rel=\"canonical\" href=\"https:\/\/ibc.ee\/sv\/produkt\/techcube-ibc-1000-blue-tvattad-1000l-behallare\/\" \/>\n<meta property=\"og:locale\" content=\"sv_SE\" \/>\n<meta property=\"og:type\" content=\"article\" \/>\n<meta property=\"og:title\" content=\"TechCube IBC 1000 Blue \u2013 Tv\u00e4ttad 1000L beh\u00e5llare\" \/>\n<meta property=\"og:description\" content=\"TechCube IBC 1000 Blue \u00e4r en professionellt rengjord, \u00e5teranv\u00e4nd 1000-liters IBC-beh\u00e5llare som \u00e4r avsedd f\u00f6r lagring av icke-kritiska v\u00e4tskor\" \/>\n<meta property=\"og:url\" content=\"https:\/\/ibc.ee\/sv\/produkt\/techcube-ibc-1000-blue-tvattad-1000l-behallare\/\" \/>\n<meta property=\"og:site_name\" content=\"IBC konteineri m&uuml;&uuml;k, vaadid, kraanid, mahutid\" \/>\n<meta property=\"article:modified_time\" content=\"2025-07-09T09:53:49+00:00\" \/>\n<meta property=\"og:image\" content=\"https:\/\/ibc.ee\/wp-content\/uploads\/2018\/06\/TechCube-IBC-1000-Blue-Reconditioned-1000L-Tank.jpg\" \/>\n\t<meta property=\"og:image:width\" content=\"800\" \/>\n\t<meta property=\"og:image:height\" content=\"800\" \/>\n\t<meta property=\"og:image:type\" content=\"image\/jpeg\" \/>\n<meta name=\"twitter:card\" content=\"summary_large_image\" \/>\n<meta name=\"twitter:label1\" content=\"Ber\u00e4knad l\u00e4stid\" \/>\n\t<meta name=\"twitter:data1\" content=\"1 minut\" \/>\n<script type=\"application\/ld+json\" class=\"yoast-schema-graph\">{\"@context\":\"https:\/\/schema.org\",\"@graph\":[{\"@type\":\"WebPage\",\"@id\":\"https:\/\/ibc.ee\/sv\/produkt\/techcube-ibc-1000-blue-tvattad-1000l-behallare\/\",\"url\":\"https:\/\/ibc.ee\/sv\/produkt\/techcube-ibc-1000-blue-tvattad-1000l-behallare\/\",\"name\":\"TechCube IBC 1000 Blue \u2013 Tv\u00e4ttad 1000L beh\u00e5llare\",\"isPartOf\":{\"@id\":\"https:\/\/www.ibc.ee\/sv\/#website\"},\"primaryImageOfPage\":{\"@id\":\"https:\/\/ibc.ee\/sv\/produkt\/techcube-ibc-1000-blue-tvattad-1000l-behallare\/#primaryimage\"},\"image\":{\"@id\":\"https:\/\/ibc.ee\/sv\/produkt\/techcube-ibc-1000-blue-tvattad-1000l-behallare\/#primaryimage\"},\"thumbnailUrl\":\"https:\/\/ibc.ee\/wp-content\/uploads\/2018\/06\/TechCube-IBC-1000-Blue-Reconditioned-1000L-Tank.jpg\",\"datePublished\":\"2025-04-21T12:52:29+00:00\",\"dateModified\":\"2025-07-09T09:53:49+00:00\",\"description\":\"TechCube IBC 1000 Blue \u00e4r en professionellt rengjord, \u00e5teranv\u00e4nd 1000-liters IBC-beh\u00e5llare som \u00e4r avsedd f\u00f6r lagring av icke-kritiska v\u00e4tskor\",\"breadcrumb\":{\"@id\":\"https:\/\/ibc.ee\/sv\/produkt\/techcube-ibc-1000-blue-tvattad-1000l-behallare\/#breadcrumb\"},\"inLanguage\":\"sv-SE\",\"potentialAction\":[{\"@type\":\"ReadAction\",\"target\":[\"https:\/\/ibc.ee\/sv\/produkt\/techcube-ibc-1000-blue-tvattad-1000l-behallare\/\"]}]},{\"@type\":\"ImageObject\",\"inLanguage\":\"sv-SE\",\"@id\":\"https:\/\/ibc.ee\/sv\/produkt\/techcube-ibc-1000-blue-tvattad-1000l-behallare\/#primaryimage\",\"url\":\"https:\/\/ibc.ee\/wp-content\/uploads\/2018\/06\/TechCube-IBC-1000-Blue-Reconditioned-1000L-Tank.jpg\",\"contentUrl\":\"https:\/\/ibc.ee\/wp-content\/uploads\/2018\/06\/TechCube-IBC-1000-Blue-Reconditioned-1000L-Tank.jpg\",\"width\":800,\"height\":800,\"caption\":\"TechCube IBC 1000 Blue \u2013 Reconditioned 1000L Tank\"},{\"@type\":\"BreadcrumbList\",\"@id\":\"https:\/\/ibc.ee\/sv\/produkt\/techcube-ibc-1000-blue-tvattad-1000l-behallare\/#breadcrumb\",\"itemListElement\":[{\"@type\":\"ListItem\",\"position\":1,\"name\":\"\u0413\u043b\u0430\u0432\u043d\u0430\u044f \u0441\u0442\u0440\u0430\u043d\u0438\u0446\u0430\",\"item\":\"https:\/\/www.ibc.ee\/sv\/\"},{\"@type\":\"ListItem\",\"position\":2,\"name\":\"Butik\",\"item\":\"https:\/\/www.ibc.ee\/sv\/butik\/\"},{\"@type\":\"ListItem\",\"position\":3,\"name\":\"TechCube IBC 1000 Blue \u2013 Tv\u00e4ttad 1000L beh\u00e5llare\"}]},{\"@type\":\"WebSite\",\"@id\":\"https:\/\/www.ibc.ee\/sv\/#website\",\"url\":\"https:\/\/www.ibc.ee\/sv\/\",\"name\":\"IBC konteineri m&uuml;&uuml;k, vaadid, kraanid, mahutid\",\"description\":\"IBC - Tank container valve, Adapters\\\\fittings, Intermediate bulk, container, Drums\/cans\",\"potentialAction\":[{\"@type\":\"SearchAction\",\"target\":{\"@type\":\"EntryPoint\",\"urlTemplate\":\"https:\/\/www.ibc.ee\/sv\/?s={search_term_string}\"},\"query-input\":{\"@type\":\"PropertyValueSpecification\",\"valueRequired\":true,\"valueName\":\"search_term_string\"}}],\"inLanguage\":\"sv-SE\"}]}<\/script>\n<!-- \/ Yoast SEO plugin. -->","yoast_head_json":{"title":"TechCube IBC 1000 Blue \u2013 Tv\u00e4ttad 1000L beh\u00e5llare","description":"TechCube IBC 1000 Blue \u00e4r en professionellt rengjord, \u00e5teranv\u00e4nd 1000-liters IBC-beh\u00e5llare som \u00e4r avsedd f\u00f6r lagring av icke-kritiska v\u00e4tskor","robots":{"index":"index","follow":"follow","max-snippet":"max-snippet:-1","max-image-preview":"max-image-preview:large","max-video-preview":"max-video-preview:-1"},"canonical":"https:\/\/ibc.ee\/sv\/produkt\/techcube-ibc-1000-blue-tvattad-1000l-behallare\/","og_locale":"sv_SE","og_type":"article","og_title":"TechCube IBC 1000 Blue \u2013 Tv\u00e4ttad 1000L beh\u00e5llare","og_description":"TechCube IBC 1000 Blue \u00e4r en professionellt rengjord, \u00e5teranv\u00e4nd 1000-liters IBC-beh\u00e5llare som \u00e4r avsedd f\u00f6r lagring av icke-kritiska v\u00e4tskor","og_url":"https:\/\/ibc.ee\/sv\/produkt\/techcube-ibc-1000-blue-tvattad-1000l-behallare\/","og_site_name":"IBC konteineri m&uuml;&uuml;k, vaadid, kraanid, mahutid","article_modified_time":"2025-07-09T09:53:49+00:00","og_image":[{"width":800,"height":800,"url":"https:\/\/ibc.ee\/wp-content\/uploads\/2018\/06\/TechCube-IBC-1000-Blue-Reconditioned-1000L-Tank.jpg","type":"image\/jpeg"}],"twitter_card":"summary_large_image","twitter_misc":{"Ber\u00e4knad l\u00e4stid":"1 minut"},"schema":{"@context":"https:\/\/schema.org","@graph":[{"@type":"WebPage","@id":"https:\/\/ibc.ee\/sv\/produkt\/techcube-ibc-1000-blue-tvattad-1000l-behallare\/","url":"https:\/\/ibc.ee\/sv\/produkt\/techcube-ibc-1000-blue-tvattad-1000l-behallare\/","name":"TechCube IBC 1000 Blue \u2013 Tv\u00e4ttad 1000L beh\u00e5llare","isPartOf":{"@id":"https:\/\/www.ibc.ee\/sv\/#website"},"primaryImageOfPage":{"@id":"https:\/\/ibc.ee\/sv\/produkt\/techcube-ibc-1000-blue-tvattad-1000l-behallare\/#primaryimage"},"image":{"@id":"https:\/\/ibc.ee\/sv\/produkt\/techcube-ibc-1000-blue-tvattad-1000l-behallare\/#primaryimage"},"thumbnailUrl":"https:\/\/ibc.ee\/wp-content\/uploads\/2018\/06\/TechCube-IBC-1000-Blue-Reconditioned-1000L-Tank.jpg","datePublished":"2025-04-21T12:52:29+00:00","dateModified":"2025-07-09T09:53:49+00:00","description":"TechCube IBC 1000 Blue \u00e4r en professionellt rengjord, \u00e5teranv\u00e4nd 1000-liters IBC-beh\u00e5llare som \u00e4r avsedd f\u00f6r lagring av icke-kritiska v\u00e4tskor","breadcrumb":{"@id":"https:\/\/ibc.ee\/sv\/produkt\/techcube-ibc-1000-blue-tvattad-1000l-behallare\/#breadcrumb"},"inLanguage":"sv-SE","potentialAction":[{"@type":"ReadAction","target":["https:\/\/ibc.ee\/sv\/produkt\/techcube-ibc-1000-blue-tvattad-1000l-behallare\/"]}]},{"@type":"ImageObject","inLanguage":"sv-SE","@id":"https:\/\/ibc.ee\/sv\/produkt\/techcube-ibc-1000-blue-tvattad-1000l-behallare\/#primaryimage","url":"https:\/\/ibc.ee\/wp-content\/uploads\/2018\/06\/TechCube-IBC-1000-Blue-Reconditioned-1000L-Tank.jpg","contentUrl":"https:\/\/ibc.ee\/wp-content\/uploads\/2018\/06\/TechCube-IBC-1000-Blue-Reconditioned-1000L-Tank.jpg","width":800,"height":800,"caption":"TechCube IBC 1000 Blue \u2013 Reconditioned 1000L Tank"},{"@type":"BreadcrumbList","@id":"https:\/\/ibc.ee\/sv\/produkt\/techcube-ibc-1000-blue-tvattad-1000l-behallare\/#breadcrumb","itemListElement":[{"@type":"ListItem","position":1,"name":"\u0413\u043b\u0430\u0432\u043d\u0430\u044f \u0441\u0442\u0440\u0430\u043d\u0438\u0446\u0430","item":"https:\/\/www.ibc.ee\/sv\/"},{"@type":"ListItem","position":2,"name":"Butik","item":"https:\/\/www.ibc.ee\/sv\/butik\/"},{"@type":"ListItem","position":3,"name":"TechCube IBC 1000 Blue \u2013 Tv\u00e4ttad 1000L beh\u00e5llare"}]},{"@type":"WebSite","@id":"https:\/\/www.ibc.ee\/sv\/#website","url":"https:\/\/www.ibc.ee\/sv\/","name":"IBC konteineri m&uuml;&uuml;k, vaadid, kraanid, mahutid","description":"IBC - Tank container valve, Adapters\\fittings, Intermediate bulk, container, Drums\/cans","potentialAction":[{"@type":"SearchAction","target":{"@type":"EntryPoint","urlTemplate":"https:\/\/www.ibc.ee\/sv\/?s={search_term_string}"},"query-input":{"@type":"PropertyValueSpecification","valueRequired":true,"valueName":"search_term_string"}}],"inLanguage":"sv-SE"}]}},"_links":{"self":[{"href":"https:\/\/ibc.ee\/sv\/wp-json\/wp\/v2\/product\/23002","targetHints":{"allow":["GET"]}}],"collection":[{"href":"https:\/\/ibc.ee\/sv\/wp-json\/wp\/v2\/product"}],"about":[{"href":"https:\/\/ibc.ee\/sv\/wp-json\/wp\/v2\/types\/product"}],"wp:featuredmedia":[{"embeddable":true,"href":"https:\/\/ibc.ee\/sv\/wp-json\/wp\/v2\/media\/24260"}],"wp:attachment":[{"href":"https:\/\/ibc.ee\/sv\/wp-json\/wp\/v2\/media?parent=23002"}],"wp:term":[{"taxonomy":"product_brand","embeddable":true,"href":"https:\/\/ibc.ee\/sv\/wp-json\/wp\/v2\/product_brand?post=23002"},{"taxonomy":"product_cat","embeddable":true,"href":"https:\/\/ibc.ee\/sv\/wp-json\/wp\/v2\/product_cat?post=23002"},{"taxonomy":"product_tag","embeddable":true,"href":"https:\/\/ibc.ee\/sv\/wp-json\/wp\/v2\/product_tag?post=23002"}],"curies":[{"name":"wp","href":"https:\/\/api.w.org\/{rel}","templated":true}]}}