{"id":23022,"date":"2019-05-28T10:57:19","date_gmt":"2025-04-21T12:57:27","guid":{"rendered":"https:\/\/ibc.ee\/product\/adapter-ibc-geka-koppling-s60x6-hona-1-2-ventil-mm-dn15-pn25-nikkel-geka-slang-zink-15-mm\/"},"modified":"2025-04-21T14:57:27","modified_gmt":"2025-04-21T12:57:27","slug":"adapter-ibc-geka-koppling-s60x6-hona-1-2-ventil-mm-dn15-pn25-nikkel-geka-slang-zink-15-mm","status":"publish","type":"product","link":"https:\/\/ibc.ee\/sv\/produkt\/adapter-ibc-geka-koppling-s60x6-hona-1-2-ventil-mm-dn15-pn25-nikkel-geka-slang-zink-15-mm\/","title":{"rendered":"Adapter IBC &#8211; Geka koppling S60X6 hona 1\/2&#8221; ventil MM DN15 PN25 nikkel Geka slang zink 15 mm"},"content":{"rendered":"<p>Adapter S60x6 IBC inv\u00e4ndig g\u00e4nga \u00e4r en adapter f\u00f6r anslutning av 1000 liters beh\u00e5llare och 15 mm slang. I mitten av adaptern placeras DN15 PN25 ventil. Du kan anv\u00e4nda den f\u00f6r industriell anv\u00e4ndning av olika typer av v\u00e4tskor. slang Zinked   <\/p>\n","protected":false},"excerpt":{"rendered":"<p>Adapter S60x6 IBC inv\u00e4ndig g\u00e4nga \u00e4r en adapter f\u00f6r anslutning av 1000 liters beh\u00e5llare och 15 mm slang. I mitten av adaptern placeras DN15 PN25 ventil. Du kan anv\u00e4nda den f\u00f6r industriell anv\u00e4ndning av olika typer av v\u00e4tskor. slang Zinked<\/p>\n","protected":false},"featured_media":23023,"template":"","meta":[],"product_brand":[],"product_cat":[445,444],"product_tag":[],"class_list":{"0":"post-23022","1":"product","2":"type-product","3":"status-publish","4":"has-post-thumbnail","6":"product_cat-adaptrar-och-beslag-for-ibc-container","7":"product_cat-tankcontainerventil-for-ibc-container","8":"product_shipping_class-omniva-sv","10":"first","11":"onbackorder","12":"taxable","13":"shipping-taxable","14":"purchasable","15":"product-type-simple"},"yoast_head":"<!-- This site is optimized with the Yoast SEO plugin v26.9 - https:\/\/yoast.com\/product\/yoast-seo-wordpress\/ -->\n<title>Adapter S60x6 IBC inv\u00e4ndig g\u00e4nga 1\/2&#039;&#039; ventil DN15 PN25 till Geka 15 mm<\/title>\n<meta name=\"description\" content=\"Adapter S60x6 IBC inv\u00e4ndig g\u00e4nga 1\/2 ventil MM DN15 PN25 till nikkel Geka slang zinkad 15 mm. Detta \u00e4r en adapter f\u00f6r anslutning av 1000 liters beh\u00e5llare och slang 15 mm. I mitten av adaptern placeras DN15 PN25-ventilen. Du kan anv\u00e4nda den f\u00f6r industriell anv\u00e4ndning av olika typer av v\u00e4tskor. slang Zinked\" \/>\n<meta name=\"robots\" content=\"index, follow, max-snippet:-1, max-image-preview:large, max-video-preview:-1\" \/>\n<link rel=\"canonical\" href=\"https:\/\/ibc.ee\/sv\/produkt\/adapter-ibc-geka-koppling-s60x6-hona-1-2-ventil-mm-dn15-pn25-nikkel-geka-slang-zink-15-mm\/\" \/>\n<meta property=\"og:locale\" content=\"sv_SE\" \/>\n<meta property=\"og:type\" content=\"article\" \/>\n<meta property=\"og:title\" content=\"Adapter S60x6 IBC inv\u00e4ndig g\u00e4nga 1\/2&#039;&#039; ventil DN15 PN25 till Geka 15 mm\" \/>\n<meta property=\"og:description\" content=\"Adapter S60x6 IBC inv\u00e4ndig g\u00e4nga 1\/2 ventil MM DN15 PN25 till nikkel Geka slang zinkad 15 mm. Detta \u00e4r en adapter f\u00f6r anslutning av 1000 liters beh\u00e5llare och slang 15 mm. I mitten av adaptern placeras DN15 PN25-ventilen. Du kan anv\u00e4nda den f\u00f6r industriell anv\u00e4ndning av olika typer av v\u00e4tskor. slang Zinked\" \/>\n<meta property=\"og:url\" content=\"https:\/\/ibc.ee\/sv\/produkt\/adapter-ibc-geka-koppling-s60x6-hona-1-2-ventil-mm-dn15-pn25-nikkel-geka-slang-zink-15-mm\/\" \/>\n<meta property=\"og:site_name\" content=\"IBC konteineri m&uuml;&uuml;k, vaadid, kraanid, mahutid\" \/>\n<meta property=\"og:image\" content=\"https:\/\/ibc.ee\/wp-content\/uploads\/2019\/05\/P1019869.jpg\" \/>\n\t<meta property=\"og:image:width\" content=\"982\" \/>\n\t<meta property=\"og:image:height\" content=\"749\" \/>\n\t<meta property=\"og:image:type\" content=\"image\/jpeg\" \/>\n<meta name=\"twitter:card\" content=\"summary_large_image\" \/>\n<script type=\"application\/ld+json\" class=\"yoast-schema-graph\">{\"@context\":\"https:\/\/schema.org\",\"@graph\":[{\"@type\":\"WebPage\",\"@id\":\"https:\/\/ibc.ee\/sv\/produkt\/adapter-ibc-geka-koppling-s60x6-hona-1-2-ventil-mm-dn15-pn25-nikkel-geka-slang-zink-15-mm\/\",\"url\":\"https:\/\/ibc.ee\/sv\/produkt\/adapter-ibc-geka-koppling-s60x6-hona-1-2-ventil-mm-dn15-pn25-nikkel-geka-slang-zink-15-mm\/\",\"name\":\"Adapter S60x6 IBC inv\u00e4ndig g\u00e4nga 1\/2'' ventil DN15 PN25 till Geka 15 mm\",\"isPartOf\":{\"@id\":\"https:\/\/www.ibc.ee\/sv\/#website\"},\"primaryImageOfPage\":{\"@id\":\"https:\/\/ibc.ee\/sv\/produkt\/adapter-ibc-geka-koppling-s60x6-hona-1-2-ventil-mm-dn15-pn25-nikkel-geka-slang-zink-15-mm\/#primaryimage\"},\"image\":{\"@id\":\"https:\/\/ibc.ee\/sv\/produkt\/adapter-ibc-geka-koppling-s60x6-hona-1-2-ventil-mm-dn15-pn25-nikkel-geka-slang-zink-15-mm\/#primaryimage\"},\"thumbnailUrl\":\"https:\/\/ibc.ee\/wp-content\/uploads\/2019\/05\/P1019869.jpg\",\"datePublished\":\"2025-04-21T12:57:27+00:00\",\"description\":\"Adapter S60x6 IBC inv\u00e4ndig g\u00e4nga 1\/2 ventil MM DN15 PN25 till nikkel Geka slang zinkad 15 mm. Detta \u00e4r en adapter f\u00f6r anslutning av 1000 liters beh\u00e5llare och slang 15 mm. I mitten av adaptern placeras DN15 PN25-ventilen. Du kan anv\u00e4nda den f\u00f6r industriell anv\u00e4ndning av olika typer av v\u00e4tskor. slang Zinked\",\"breadcrumb\":{\"@id\":\"https:\/\/ibc.ee\/sv\/produkt\/adapter-ibc-geka-koppling-s60x6-hona-1-2-ventil-mm-dn15-pn25-nikkel-geka-slang-zink-15-mm\/#breadcrumb\"},\"inLanguage\":\"sv-SE\",\"potentialAction\":[{\"@type\":\"ReadAction\",\"target\":[\"https:\/\/ibc.ee\/sv\/produkt\/adapter-ibc-geka-koppling-s60x6-hona-1-2-ventil-mm-dn15-pn25-nikkel-geka-slang-zink-15-mm\/\"]}]},{\"@type\":\"ImageObject\",\"inLanguage\":\"sv-SE\",\"@id\":\"https:\/\/ibc.ee\/sv\/produkt\/adapter-ibc-geka-koppling-s60x6-hona-1-2-ventil-mm-dn15-pn25-nikkel-geka-slang-zink-15-mm\/#primaryimage\",\"url\":\"https:\/\/ibc.ee\/wp-content\/uploads\/2019\/05\/P1019869.jpg\",\"contentUrl\":\"https:\/\/ibc.ee\/wp-content\/uploads\/2019\/05\/P1019869.jpg\",\"width\":982,\"height\":749},{\"@type\":\"BreadcrumbList\",\"@id\":\"https:\/\/ibc.ee\/sv\/produkt\/adapter-ibc-geka-koppling-s60x6-hona-1-2-ventil-mm-dn15-pn25-nikkel-geka-slang-zink-15-mm\/#breadcrumb\",\"itemListElement\":[{\"@type\":\"ListItem\",\"position\":1,\"name\":\"\u0413\u043b\u0430\u0432\u043d\u0430\u044f \u0441\u0442\u0440\u0430\u043d\u0438\u0446\u0430\",\"item\":\"https:\/\/www.ibc.ee\/sv\/\"},{\"@type\":\"ListItem\",\"position\":2,\"name\":\"Butik\",\"item\":\"https:\/\/www.ibc.ee\/sv\/butik\/\"},{\"@type\":\"ListItem\",\"position\":3,\"name\":\"Adapter IBC &#8211; Geka koppling S60X6 hona 1\/2&#8221; ventil MM DN15 PN25 nikkel Geka slang zink 15 mm\"}]},{\"@type\":\"WebSite\",\"@id\":\"https:\/\/www.ibc.ee\/sv\/#website\",\"url\":\"https:\/\/www.ibc.ee\/sv\/\",\"name\":\"IBC konteineri m&uuml;&uuml;k, vaadid, kraanid, mahutid\",\"description\":\"IBC - Tank container valve, Adapters\\\\fittings, Intermediate bulk, container, Drums\/cans\",\"potentialAction\":[{\"@type\":\"SearchAction\",\"target\":{\"@type\":\"EntryPoint\",\"urlTemplate\":\"https:\/\/www.ibc.ee\/sv\/?s={search_term_string}\"},\"query-input\":{\"@type\":\"PropertyValueSpecification\",\"valueRequired\":true,\"valueName\":\"search_term_string\"}}],\"inLanguage\":\"sv-SE\"}]}<\/script>\n<!-- \/ Yoast SEO plugin. -->","yoast_head_json":{"title":"Adapter S60x6 IBC inv\u00e4ndig g\u00e4nga 1\/2'' ventil DN15 PN25 till Geka 15 mm","description":"Adapter S60x6 IBC inv\u00e4ndig g\u00e4nga 1\/2 ventil MM DN15 PN25 till nikkel Geka slang zinkad 15 mm. Detta \u00e4r en adapter f\u00f6r anslutning av 1000 liters beh\u00e5llare och slang 15 mm. I mitten av adaptern placeras DN15 PN25-ventilen. Du kan anv\u00e4nda den f\u00f6r industriell anv\u00e4ndning av olika typer av v\u00e4tskor. slang Zinked","robots":{"index":"index","follow":"follow","max-snippet":"max-snippet:-1","max-image-preview":"max-image-preview:large","max-video-preview":"max-video-preview:-1"},"canonical":"https:\/\/ibc.ee\/sv\/produkt\/adapter-ibc-geka-koppling-s60x6-hona-1-2-ventil-mm-dn15-pn25-nikkel-geka-slang-zink-15-mm\/","og_locale":"sv_SE","og_type":"article","og_title":"Adapter S60x6 IBC inv\u00e4ndig g\u00e4nga 1\/2'' ventil DN15 PN25 till Geka 15 mm","og_description":"Adapter S60x6 IBC inv\u00e4ndig g\u00e4nga 1\/2 ventil MM DN15 PN25 till nikkel Geka slang zinkad 15 mm. Detta \u00e4r en adapter f\u00f6r anslutning av 1000 liters beh\u00e5llare och slang 15 mm. I mitten av adaptern placeras DN15 PN25-ventilen. Du kan anv\u00e4nda den f\u00f6r industriell anv\u00e4ndning av olika typer av v\u00e4tskor. slang Zinked","og_url":"https:\/\/ibc.ee\/sv\/produkt\/adapter-ibc-geka-koppling-s60x6-hona-1-2-ventil-mm-dn15-pn25-nikkel-geka-slang-zink-15-mm\/","og_site_name":"IBC konteineri m&uuml;&uuml;k, vaadid, kraanid, mahutid","og_image":[{"width":982,"height":749,"url":"https:\/\/ibc.ee\/wp-content\/uploads\/2019\/05\/P1019869.jpg","type":"image\/jpeg"}],"twitter_card":"summary_large_image","schema":{"@context":"https:\/\/schema.org","@graph":[{"@type":"WebPage","@id":"https:\/\/ibc.ee\/sv\/produkt\/adapter-ibc-geka-koppling-s60x6-hona-1-2-ventil-mm-dn15-pn25-nikkel-geka-slang-zink-15-mm\/","url":"https:\/\/ibc.ee\/sv\/produkt\/adapter-ibc-geka-koppling-s60x6-hona-1-2-ventil-mm-dn15-pn25-nikkel-geka-slang-zink-15-mm\/","name":"Adapter S60x6 IBC inv\u00e4ndig g\u00e4nga 1\/2'' ventil DN15 PN25 till Geka 15 mm","isPartOf":{"@id":"https:\/\/www.ibc.ee\/sv\/#website"},"primaryImageOfPage":{"@id":"https:\/\/ibc.ee\/sv\/produkt\/adapter-ibc-geka-koppling-s60x6-hona-1-2-ventil-mm-dn15-pn25-nikkel-geka-slang-zink-15-mm\/#primaryimage"},"image":{"@id":"https:\/\/ibc.ee\/sv\/produkt\/adapter-ibc-geka-koppling-s60x6-hona-1-2-ventil-mm-dn15-pn25-nikkel-geka-slang-zink-15-mm\/#primaryimage"},"thumbnailUrl":"https:\/\/ibc.ee\/wp-content\/uploads\/2019\/05\/P1019869.jpg","datePublished":"2025-04-21T12:57:27+00:00","description":"Adapter S60x6 IBC inv\u00e4ndig g\u00e4nga 1\/2 ventil MM DN15 PN25 till nikkel Geka slang zinkad 15 mm. Detta \u00e4r en adapter f\u00f6r anslutning av 1000 liters beh\u00e5llare och slang 15 mm. I mitten av adaptern placeras DN15 PN25-ventilen. Du kan anv\u00e4nda den f\u00f6r industriell anv\u00e4ndning av olika typer av v\u00e4tskor. slang Zinked","breadcrumb":{"@id":"https:\/\/ibc.ee\/sv\/produkt\/adapter-ibc-geka-koppling-s60x6-hona-1-2-ventil-mm-dn15-pn25-nikkel-geka-slang-zink-15-mm\/#breadcrumb"},"inLanguage":"sv-SE","potentialAction":[{"@type":"ReadAction","target":["https:\/\/ibc.ee\/sv\/produkt\/adapter-ibc-geka-koppling-s60x6-hona-1-2-ventil-mm-dn15-pn25-nikkel-geka-slang-zink-15-mm\/"]}]},{"@type":"ImageObject","inLanguage":"sv-SE","@id":"https:\/\/ibc.ee\/sv\/produkt\/adapter-ibc-geka-koppling-s60x6-hona-1-2-ventil-mm-dn15-pn25-nikkel-geka-slang-zink-15-mm\/#primaryimage","url":"https:\/\/ibc.ee\/wp-content\/uploads\/2019\/05\/P1019869.jpg","contentUrl":"https:\/\/ibc.ee\/wp-content\/uploads\/2019\/05\/P1019869.jpg","width":982,"height":749},{"@type":"BreadcrumbList","@id":"https:\/\/ibc.ee\/sv\/produkt\/adapter-ibc-geka-koppling-s60x6-hona-1-2-ventil-mm-dn15-pn25-nikkel-geka-slang-zink-15-mm\/#breadcrumb","itemListElement":[{"@type":"ListItem","position":1,"name":"\u0413\u043b\u0430\u0432\u043d\u0430\u044f \u0441\u0442\u0440\u0430\u043d\u0438\u0446\u0430","item":"https:\/\/www.ibc.ee\/sv\/"},{"@type":"ListItem","position":2,"name":"Butik","item":"https:\/\/www.ibc.ee\/sv\/butik\/"},{"@type":"ListItem","position":3,"name":"Adapter IBC &#8211; Geka koppling S60X6 hona 1\/2&#8221; ventil MM DN15 PN25 nikkel Geka slang zink 15 mm"}]},{"@type":"WebSite","@id":"https:\/\/www.ibc.ee\/sv\/#website","url":"https:\/\/www.ibc.ee\/sv\/","name":"IBC konteineri m&uuml;&uuml;k, vaadid, kraanid, mahutid","description":"IBC - Tank container valve, Adapters\\fittings, Intermediate bulk, container, Drums\/cans","potentialAction":[{"@type":"SearchAction","target":{"@type":"EntryPoint","urlTemplate":"https:\/\/www.ibc.ee\/sv\/?s={search_term_string}"},"query-input":{"@type":"PropertyValueSpecification","valueRequired":true,"valueName":"search_term_string"}}],"inLanguage":"sv-SE"}]}},"_links":{"self":[{"href":"https:\/\/ibc.ee\/sv\/wp-json\/wp\/v2\/product\/23022","targetHints":{"allow":["GET"]}}],"collection":[{"href":"https:\/\/ibc.ee\/sv\/wp-json\/wp\/v2\/product"}],"about":[{"href":"https:\/\/ibc.ee\/sv\/wp-json\/wp\/v2\/types\/product"}],"wp:featuredmedia":[{"embeddable":true,"href":"https:\/\/ibc.ee\/sv\/wp-json\/wp\/v2\/media\/23023"}],"wp:attachment":[{"href":"https:\/\/ibc.ee\/sv\/wp-json\/wp\/v2\/media?parent=23022"}],"wp:term":[{"taxonomy":"product_brand","embeddable":true,"href":"https:\/\/ibc.ee\/sv\/wp-json\/wp\/v2\/product_brand?post=23022"},{"taxonomy":"product_cat","embeddable":true,"href":"https:\/\/ibc.ee\/sv\/wp-json\/wp\/v2\/product_cat?post=23022"},{"taxonomy":"product_tag","embeddable":true,"href":"https:\/\/ibc.ee\/sv\/wp-json\/wp\/v2\/product_tag?post=23022"}],"curies":[{"name":"wp","href":"https:\/\/api.w.org\/{rel}","templated":true}]}}