{"id":23058,"date":"2019-05-23T12:03:07","date_gmt":"2025-04-21T13:12:52","guid":{"rendered":"https:\/\/ibc.ee\/product\/2-camlock-typ-d-pp\/"},"modified":"2025-04-21T15:12:52","modified_gmt":"2025-04-21T13:12:52","slug":"2-camlock-typ-d-pp","status":"publish","type":"product","link":"https:\/\/ibc.ee\/sv\/produkt\/2-camlock-typ-d-pp\/","title":{"rendered":"2&#8243; Camlock typ D PP"},"content":{"rendered":"<p>Camlock PP-koppling typ D anv\u00e4nds vanligen med en adapter typ A. Denna typ D-koppling kan dock anv\u00e4ndas med en adapter av typ E eller F samt med en DP av motsvarande storlek. PP-kopplingar \u00e4r utrustade med handtag, ringar och stift i rostfritt st\u00e5l f\u00f6r att f\u00f6rl\u00e4nga livsl\u00e4ngden. Camlock-kopplingar anv\u00e4nds i m\u00e5nga olika branscher och till\u00e4mpningar och \u00e4r mycket anv\u00e4ndbara vid fr\u00e5nkoppling eller anslutning av r\u00f6r, slangar eller r\u00f6rledningar. Dessa kam- och sp\u00e5rkopplingar i polypropylen lagerf\u00f6rs i storlekarna 1\/2&#8243;-4&#8243;, men specialstorlekar kan erh\u00e5llas p\u00e5 beg\u00e4ran.    <\/p>\n","protected":false},"excerpt":{"rendered":"<p>Camlock PP-koppling typ D anv\u00e4nds vanligen med en adapter typ A. Denna typ D-koppling kan dock anv\u00e4ndas med en adapter av typ E eller F samt med en DP av motsvarande storlek. PP-kopplingar \u00e4r utrustade med handtag, ringar och stift i rostfritt st\u00e5l f\u00f6r att f\u00f6rl\u00e4nga livsl\u00e4ngden. Camlock-kopplingar anv\u00e4nds i m\u00e5nga olika branscher och till\u00e4mpningar [&hellip;]<\/p>\n","protected":false},"featured_media":23059,"template":"","meta":[],"product_brand":[],"product_cat":[446],"product_tag":[],"class_list":{"0":"post-23058","1":"product","2":"type-product","3":"status-publish","4":"has-post-thumbnail","6":"product_cat-camlock-beslag-for-ibc-container","7":"product_shipping_class-omniva-sv","9":"first","10":"instock","11":"taxable","12":"shipping-taxable","13":"purchasable","14":"product-type-simple"},"yoast_head":"<!-- This site is optimized with the Yoast SEO plugin v26.9 - https:\/\/yoast.com\/product\/yoast-seo-wordpress\/ -->\n<title>2&quot; Camlock typ D PP - IBC konteineri m&uuml;&uuml;k, vaadid, kraanid, mahutid<\/title>\n<meta name=\"description\" content=\"Camlock typ D PP 2&quot;. Typ D-kopplingen anv\u00e4nds normalt med en adapter av typ A. Kopplingen av typ D kan dock anv\u00e4ndas med en adapter av typ E eller F samt med en DP av motsvarande storlek.\" \/>\n<meta name=\"robots\" content=\"index, follow, max-snippet:-1, max-image-preview:large, max-video-preview:-1\" \/>\n<link rel=\"canonical\" href=\"https:\/\/ibc.ee\/sv\/produkt\/2-camlock-typ-d-pp\/\" \/>\n<meta property=\"og:locale\" content=\"sv_SE\" \/>\n<meta property=\"og:type\" content=\"article\" \/>\n<meta property=\"og:title\" content=\"2&quot; Camlock typ D PP - IBC konteineri m&uuml;&uuml;k, vaadid, kraanid, mahutid\" \/>\n<meta property=\"og:description\" content=\"Camlock typ D PP 2&quot;. Typ D-kopplingen anv\u00e4nds normalt med en adapter av typ A. Kopplingen av typ D kan dock anv\u00e4ndas med en adapter av typ E eller F samt med en DP av motsvarande storlek.\" \/>\n<meta property=\"og:url\" content=\"https:\/\/ibc.ee\/sv\/produkt\/2-camlock-typ-d-pp\/\" \/>\n<meta property=\"og:site_name\" content=\"IBC konteineri m&uuml;&uuml;k, vaadid, kraanid, mahutid\" \/>\n<meta property=\"og:image\" content=\"https:\/\/ibc.ee\/wp-content\/uploads\/2019\/05\/P1010060.jpg\" \/>\n\t<meta property=\"og:image:width\" content=\"950\" \/>\n\t<meta property=\"og:image:height\" content=\"712\" \/>\n\t<meta property=\"og:image:type\" content=\"image\/jpeg\" \/>\n<meta name=\"twitter:card\" content=\"summary_large_image\" \/>\n<meta name=\"twitter:label1\" content=\"Ber\u00e4knad l\u00e4stid\" \/>\n\t<meta name=\"twitter:data1\" content=\"1 minut\" \/>\n<script type=\"application\/ld+json\" class=\"yoast-schema-graph\">{\"@context\":\"https:\/\/schema.org\",\"@graph\":[{\"@type\":\"WebPage\",\"@id\":\"https:\/\/ibc.ee\/sv\/produkt\/2-camlock-typ-d-pp\/\",\"url\":\"https:\/\/ibc.ee\/sv\/produkt\/2-camlock-typ-d-pp\/\",\"name\":\"2\\\" Camlock typ D PP - IBC konteineri m&uuml;&uuml;k, vaadid, kraanid, mahutid\",\"isPartOf\":{\"@id\":\"https:\/\/www.ibc.ee\/sv\/#website\"},\"primaryImageOfPage\":{\"@id\":\"https:\/\/ibc.ee\/sv\/produkt\/2-camlock-typ-d-pp\/#primaryimage\"},\"image\":{\"@id\":\"https:\/\/ibc.ee\/sv\/produkt\/2-camlock-typ-d-pp\/#primaryimage\"},\"thumbnailUrl\":\"https:\/\/ibc.ee\/wp-content\/uploads\/2019\/05\/P1010060.jpg\",\"datePublished\":\"2025-04-21T13:12:52+00:00\",\"description\":\"Camlock typ D PP 2\\\". Typ D-kopplingen anv\u00e4nds normalt med en adapter av typ A. Kopplingen av typ D kan dock anv\u00e4ndas med en adapter av typ E eller F samt med en DP av motsvarande storlek.\",\"breadcrumb\":{\"@id\":\"https:\/\/ibc.ee\/sv\/produkt\/2-camlock-typ-d-pp\/#breadcrumb\"},\"inLanguage\":\"sv-SE\",\"potentialAction\":[{\"@type\":\"ReadAction\",\"target\":[\"https:\/\/ibc.ee\/sv\/produkt\/2-camlock-typ-d-pp\/\"]}]},{\"@type\":\"ImageObject\",\"inLanguage\":\"sv-SE\",\"@id\":\"https:\/\/ibc.ee\/sv\/produkt\/2-camlock-typ-d-pp\/#primaryimage\",\"url\":\"https:\/\/ibc.ee\/wp-content\/uploads\/2019\/05\/P1010060.jpg\",\"contentUrl\":\"https:\/\/ibc.ee\/wp-content\/uploads\/2019\/05\/P1010060.jpg\",\"width\":950,\"height\":712},{\"@type\":\"BreadcrumbList\",\"@id\":\"https:\/\/ibc.ee\/sv\/produkt\/2-camlock-typ-d-pp\/#breadcrumb\",\"itemListElement\":[{\"@type\":\"ListItem\",\"position\":1,\"name\":\"\u0413\u043b\u0430\u0432\u043d\u0430\u044f \u0441\u0442\u0440\u0430\u043d\u0438\u0446\u0430\",\"item\":\"https:\/\/www.ibc.ee\/sv\/\"},{\"@type\":\"ListItem\",\"position\":2,\"name\":\"Butik\",\"item\":\"https:\/\/www.ibc.ee\/sv\/butik\/\"},{\"@type\":\"ListItem\",\"position\":3,\"name\":\"2&#8243; Camlock typ D PP\"}]},{\"@type\":\"WebSite\",\"@id\":\"https:\/\/www.ibc.ee\/sv\/#website\",\"url\":\"https:\/\/www.ibc.ee\/sv\/\",\"name\":\"IBC konteineri m&uuml;&uuml;k, vaadid, kraanid, mahutid\",\"description\":\"IBC - Tank container valve, Adapters\\\\fittings, Intermediate bulk, container, Drums\/cans\",\"potentialAction\":[{\"@type\":\"SearchAction\",\"target\":{\"@type\":\"EntryPoint\",\"urlTemplate\":\"https:\/\/www.ibc.ee\/sv\/?s={search_term_string}\"},\"query-input\":{\"@type\":\"PropertyValueSpecification\",\"valueRequired\":true,\"valueName\":\"search_term_string\"}}],\"inLanguage\":\"sv-SE\"}]}<\/script>\n<!-- \/ Yoast SEO plugin. -->","yoast_head_json":{"title":"2\" Camlock typ D PP - IBC konteineri m&uuml;&uuml;k, vaadid, kraanid, mahutid","description":"Camlock typ D PP 2\". Typ D-kopplingen anv\u00e4nds normalt med en adapter av typ A. Kopplingen av typ D kan dock anv\u00e4ndas med en adapter av typ E eller F samt med en DP av motsvarande storlek.","robots":{"index":"index","follow":"follow","max-snippet":"max-snippet:-1","max-image-preview":"max-image-preview:large","max-video-preview":"max-video-preview:-1"},"canonical":"https:\/\/ibc.ee\/sv\/produkt\/2-camlock-typ-d-pp\/","og_locale":"sv_SE","og_type":"article","og_title":"2\" Camlock typ D PP - IBC konteineri m&uuml;&uuml;k, vaadid, kraanid, mahutid","og_description":"Camlock typ D PP 2\". Typ D-kopplingen anv\u00e4nds normalt med en adapter av typ A. Kopplingen av typ D kan dock anv\u00e4ndas med en adapter av typ E eller F samt med en DP av motsvarande storlek.","og_url":"https:\/\/ibc.ee\/sv\/produkt\/2-camlock-typ-d-pp\/","og_site_name":"IBC konteineri m&uuml;&uuml;k, vaadid, kraanid, mahutid","og_image":[{"width":950,"height":712,"url":"https:\/\/ibc.ee\/wp-content\/uploads\/2019\/05\/P1010060.jpg","type":"image\/jpeg"}],"twitter_card":"summary_large_image","twitter_misc":{"Ber\u00e4knad l\u00e4stid":"1 minut"},"schema":{"@context":"https:\/\/schema.org","@graph":[{"@type":"WebPage","@id":"https:\/\/ibc.ee\/sv\/produkt\/2-camlock-typ-d-pp\/","url":"https:\/\/ibc.ee\/sv\/produkt\/2-camlock-typ-d-pp\/","name":"2\" Camlock typ D PP - IBC konteineri m&uuml;&uuml;k, vaadid, kraanid, mahutid","isPartOf":{"@id":"https:\/\/www.ibc.ee\/sv\/#website"},"primaryImageOfPage":{"@id":"https:\/\/ibc.ee\/sv\/produkt\/2-camlock-typ-d-pp\/#primaryimage"},"image":{"@id":"https:\/\/ibc.ee\/sv\/produkt\/2-camlock-typ-d-pp\/#primaryimage"},"thumbnailUrl":"https:\/\/ibc.ee\/wp-content\/uploads\/2019\/05\/P1010060.jpg","datePublished":"2025-04-21T13:12:52+00:00","description":"Camlock typ D PP 2\". Typ D-kopplingen anv\u00e4nds normalt med en adapter av typ A. Kopplingen av typ D kan dock anv\u00e4ndas med en adapter av typ E eller F samt med en DP av motsvarande storlek.","breadcrumb":{"@id":"https:\/\/ibc.ee\/sv\/produkt\/2-camlock-typ-d-pp\/#breadcrumb"},"inLanguage":"sv-SE","potentialAction":[{"@type":"ReadAction","target":["https:\/\/ibc.ee\/sv\/produkt\/2-camlock-typ-d-pp\/"]}]},{"@type":"ImageObject","inLanguage":"sv-SE","@id":"https:\/\/ibc.ee\/sv\/produkt\/2-camlock-typ-d-pp\/#primaryimage","url":"https:\/\/ibc.ee\/wp-content\/uploads\/2019\/05\/P1010060.jpg","contentUrl":"https:\/\/ibc.ee\/wp-content\/uploads\/2019\/05\/P1010060.jpg","width":950,"height":712},{"@type":"BreadcrumbList","@id":"https:\/\/ibc.ee\/sv\/produkt\/2-camlock-typ-d-pp\/#breadcrumb","itemListElement":[{"@type":"ListItem","position":1,"name":"\u0413\u043b\u0430\u0432\u043d\u0430\u044f \u0441\u0442\u0440\u0430\u043d\u0438\u0446\u0430","item":"https:\/\/www.ibc.ee\/sv\/"},{"@type":"ListItem","position":2,"name":"Butik","item":"https:\/\/www.ibc.ee\/sv\/butik\/"},{"@type":"ListItem","position":3,"name":"2&#8243; Camlock typ D PP"}]},{"@type":"WebSite","@id":"https:\/\/www.ibc.ee\/sv\/#website","url":"https:\/\/www.ibc.ee\/sv\/","name":"IBC konteineri m&uuml;&uuml;k, vaadid, kraanid, mahutid","description":"IBC - Tank container valve, Adapters\\fittings, Intermediate bulk, container, Drums\/cans","potentialAction":[{"@type":"SearchAction","target":{"@type":"EntryPoint","urlTemplate":"https:\/\/www.ibc.ee\/sv\/?s={search_term_string}"},"query-input":{"@type":"PropertyValueSpecification","valueRequired":true,"valueName":"search_term_string"}}],"inLanguage":"sv-SE"}]}},"_links":{"self":[{"href":"https:\/\/ibc.ee\/sv\/wp-json\/wp\/v2\/product\/23058","targetHints":{"allow":["GET"]}}],"collection":[{"href":"https:\/\/ibc.ee\/sv\/wp-json\/wp\/v2\/product"}],"about":[{"href":"https:\/\/ibc.ee\/sv\/wp-json\/wp\/v2\/types\/product"}],"wp:featuredmedia":[{"embeddable":true,"href":"https:\/\/ibc.ee\/sv\/wp-json\/wp\/v2\/media\/23059"}],"wp:attachment":[{"href":"https:\/\/ibc.ee\/sv\/wp-json\/wp\/v2\/media?parent=23058"}],"wp:term":[{"taxonomy":"product_brand","embeddable":true,"href":"https:\/\/ibc.ee\/sv\/wp-json\/wp\/v2\/product_brand?post=23058"},{"taxonomy":"product_cat","embeddable":true,"href":"https:\/\/ibc.ee\/sv\/wp-json\/wp\/v2\/product_cat?post=23058"},{"taxonomy":"product_tag","embeddable":true,"href":"https:\/\/ibc.ee\/sv\/wp-json\/wp\/v2\/product_tag?post=23058"}],"curies":[{"name":"wp","href":"https:\/\/api.w.org\/{rel}","templated":true}]}}