{"id":23073,"date":"2019-05-20T10:25:36","date_gmt":"2025-04-21T13:12:56","guid":{"rendered":"https:\/\/ibc.ee\/product\/handdriven-fatpump-for-dieselolja-losningsmedel-fran-stal\/"},"modified":"2025-04-21T15:12:56","modified_gmt":"2025-04-21T13:12:56","slug":"handdriven-fatpump-for-dieselolja-losningsmedel-fran-stal","status":"publish","type":"product","link":"https:\/\/ibc.ee\/sv\/produkt\/handdriven-fatpump-for-dieselolja-losningsmedel-fran-stal\/","title":{"rendered":"Handdriven fatpump f\u00f6r dieselolja l\u00f6sningsmedel fr\u00e5n st\u00e5l"},"content":{"rendered":"<p>20L\/min Lever Action Barrel Drum Pump Diesel Oil Transfer Handdriven Extractor Tools Tillbeh\u00f6r<br \/>\nBeskrivning:<\/p>\n<p>Denna fatpump av h\u00e4vst\u00e5ngstyp \u00e4r ett smart verktyg f\u00f6r att snabbt och enkelt dispensera v\u00e4xell\u00e5dsolja, diesel och andra icke-fr\u00e4tande v\u00e4tskor fr\u00e5n fat. Med sj\u00e4lvjusterande sugr\u00f6r \u00e4r det bekv\u00e4mt f\u00f6r flexibel dosering, och du kan anv\u00e4nda det avtagbara munstycket f\u00f6r att enkelt montera slangar. Dessutom \u00e4r det d\u00e4mpade greppet en humaniserad design av halkfri pumpning. En s\u00e5dan praktisk och beh\u00e4ndig pump, missa den inte!   <\/p>\n<p>Funktioner:<br \/>\n1. Denna pump \u00e4r utformad f\u00f6r dosering och \u00f6verf\u00f6ring av v\u00e4tskor, och den hj\u00e4lper dig att pumpa oljor, dieslar snabbt och enkelt.<br \/>\n2. Pumpen av h\u00f6g kvalitet ger utm\u00e4rkt v\u00e4tskekompatibilitet, och den \u00e4r idealisk f\u00f6r pumpning av diesel, fotogen, motorolja, hydraulolja och andra icke-korrosiva v\u00e4tskor.<br \/>\n3.Sj\u00e4lvjusterande teleskopiskt sugr\u00f6r f\u00f6r flexibel dosering och drift.<br \/>\n4. Du kan h\u00e5lla i det d\u00e4mpade greppet f\u00f6r enkel, halkfri pumpning, det \u00e4r verkligen en humaniserad design.<br \/>\n5. Det avtagbara munstycket passar l\u00e4tt till slangen och det \u00e4r b\u00f6jt f\u00f6r att g\u00f6ra det bekv\u00e4mt att anv\u00e4nda.<\/p>\n<p>Specifikationer:<br \/>\nMaterial: Gjutj\u00e4rn<br \/>\nHuvudf\u00e4rg: Silver<br \/>\nFl\u00f6dande: 20L\/min<br \/>\nInloppsdiameter: 3,4cm\/1,34&#8221;<br \/>\nUtloppsdiameter: 2cm\/0,79&#8221;<br \/>\nPumph\u00f6jd: 78cm\/30,7&#8221;<br \/>\nTeleskopiskt sugr\u00f6r: 460-915 mm justerbar<br \/>\nYtfinish: F\u00f6rkromad<br \/>\nPaketvikt: 2400g<\/p>\n<p>Anv\u00e4ndningsomr\u00e5de: Idealisk f\u00f6r pumpning av diesel, fotogen, v\u00e4xell\u00e5dsolja, motorolja, hydraulolja och m\u00e5nga andra icke-korrosiva v\u00e4tskor.<\/p>\n","protected":false},"excerpt":{"rendered":"<p>20L\/min Lever Action Barrel Drum Pump Diesel Oil Transfer Handdriven Extractor Tools Tillbeh\u00f6r Beskrivning: Denna fatpump av h\u00e4vst\u00e5ngstyp \u00e4r ett smart verktyg f\u00f6r att snabbt och enkelt dispensera v\u00e4xell\u00e5dsolja, diesel och andra icke-fr\u00e4tande v\u00e4tskor fr\u00e5n fat. Med sj\u00e4lvjusterande sugr\u00f6r \u00e4r det bekv\u00e4mt f\u00f6r flexibel dosering, och du kan anv\u00e4nda det avtagbara munstycket f\u00f6r att enkelt [&hellip;]<\/p>\n","protected":false},"featured_media":23074,"template":"","meta":[],"product_brand":[],"product_cat":[448],"product_tag":[],"class_list":{"0":"post-23073","1":"product","2":"type-product","3":"status-publish","4":"has-post-thumbnail","6":"product_cat-fat-och-burkar","7":"product_shipping_class-tillbehor","9":"first","10":"onbackorder","11":"taxable","12":"shipping-taxable","13":"purchasable","14":"product-type-simple"},"yoast_head":"<!-- This site is optimized with the Yoast SEO plugin v26.9 - https:\/\/yoast.com\/product\/yoast-seo-wordpress\/ -->\n<title>Handdriven fatpump f\u00f6r dieselolja l\u00f6sningsmedel fr\u00e5n st\u00e5l -<\/title>\n<meta name=\"description\" content=\"Drum Pump Transfer Hand \u00e4r ett smart verktyg f\u00f6r att snabbt och enkelt dispensera v\u00e4xell\u00e5dsolja, diesel och andra icke-fr\u00e4tande v\u00e4tskor fr\u00e5n fat. Med sj\u00e4lvjusterande sugr\u00f6r \u00e4r det bekv\u00e4mt f\u00f6r flexibel dosering, och du kan anv\u00e4nda det avtagbara munstycket f\u00f6r att enkelt montera slangar.\" \/>\n<meta name=\"robots\" content=\"index, follow, max-snippet:-1, max-image-preview:large, max-video-preview:-1\" \/>\n<link rel=\"canonical\" href=\"https:\/\/ibc.ee\/sv\/produkt\/handdriven-fatpump-for-dieselolja-losningsmedel-fran-stal\/\" \/>\n<meta property=\"og:locale\" content=\"sv_SE\" \/>\n<meta property=\"og:type\" content=\"article\" \/>\n<meta property=\"og:title\" content=\"Handdriven fatpump f\u00f6r dieselolja l\u00f6sningsmedel fr\u00e5n st\u00e5l -\" \/>\n<meta property=\"og:description\" content=\"Drum Pump Transfer Hand \u00e4r ett smart verktyg f\u00f6r att snabbt och enkelt dispensera v\u00e4xell\u00e5dsolja, diesel och andra icke-fr\u00e4tande v\u00e4tskor fr\u00e5n fat. Med sj\u00e4lvjusterande sugr\u00f6r \u00e4r det bekv\u00e4mt f\u00f6r flexibel dosering, och du kan anv\u00e4nda det avtagbara munstycket f\u00f6r att enkelt montera slangar.\" \/>\n<meta property=\"og:url\" content=\"https:\/\/ibc.ee\/sv\/produkt\/handdriven-fatpump-for-dieselolja-losningsmedel-fran-stal\/\" \/>\n<meta property=\"og:site_name\" content=\"IBC konteineri m&uuml;&uuml;k, vaadid, kraanid, mahutid\" \/>\n<meta property=\"og:image\" content=\"https:\/\/ibc.ee\/wp-content\/uploads\/2019\/05\/20L-min-Lever-Action-Barrel-Drum-Pump-Diesel-Oil-Transfer-Hand-Operated-Extractor-Tools-Accessory-2.jpg\" \/>\n\t<meta property=\"og:image:width\" content=\"1000\" \/>\n\t<meta property=\"og:image:height\" content=\"1000\" \/>\n\t<meta property=\"og:image:type\" content=\"image\/jpeg\" \/>\n<meta name=\"twitter:card\" content=\"summary_large_image\" \/>\n<meta name=\"twitter:label1\" content=\"Ber\u00e4knad l\u00e4stid\" \/>\n\t<meta name=\"twitter:data1\" content=\"1 minut\" \/>\n<script type=\"application\/ld+json\" class=\"yoast-schema-graph\">{\"@context\":\"https:\/\/schema.org\",\"@graph\":[{\"@type\":\"WebPage\",\"@id\":\"https:\/\/ibc.ee\/sv\/produkt\/handdriven-fatpump-for-dieselolja-losningsmedel-fran-stal\/\",\"url\":\"https:\/\/ibc.ee\/sv\/produkt\/handdriven-fatpump-for-dieselolja-losningsmedel-fran-stal\/\",\"name\":\"Handdriven fatpump f\u00f6r dieselolja l\u00f6sningsmedel fr\u00e5n st\u00e5l -\",\"isPartOf\":{\"@id\":\"https:\/\/www.ibc.ee\/sv\/#website\"},\"primaryImageOfPage\":{\"@id\":\"https:\/\/ibc.ee\/sv\/produkt\/handdriven-fatpump-for-dieselolja-losningsmedel-fran-stal\/#primaryimage\"},\"image\":{\"@id\":\"https:\/\/ibc.ee\/sv\/produkt\/handdriven-fatpump-for-dieselolja-losningsmedel-fran-stal\/#primaryimage\"},\"thumbnailUrl\":\"https:\/\/ibc.ee\/wp-content\/uploads\/2019\/05\/20L-min-Lever-Action-Barrel-Drum-Pump-Diesel-Oil-Transfer-Hand-Operated-Extractor-Tools-Accessory-2.jpg\",\"datePublished\":\"2025-04-21T13:12:56+00:00\",\"description\":\"Drum Pump Transfer Hand \u00e4r ett smart verktyg f\u00f6r att snabbt och enkelt dispensera v\u00e4xell\u00e5dsolja, diesel och andra icke-fr\u00e4tande v\u00e4tskor fr\u00e5n fat. Med sj\u00e4lvjusterande sugr\u00f6r \u00e4r det bekv\u00e4mt f\u00f6r flexibel dosering, och du kan anv\u00e4nda det avtagbara munstycket f\u00f6r att enkelt montera slangar.\",\"breadcrumb\":{\"@id\":\"https:\/\/ibc.ee\/sv\/produkt\/handdriven-fatpump-for-dieselolja-losningsmedel-fran-stal\/#breadcrumb\"},\"inLanguage\":\"sv-SE\",\"potentialAction\":[{\"@type\":\"ReadAction\",\"target\":[\"https:\/\/ibc.ee\/sv\/produkt\/handdriven-fatpump-for-dieselolja-losningsmedel-fran-stal\/\"]}]},{\"@type\":\"ImageObject\",\"inLanguage\":\"sv-SE\",\"@id\":\"https:\/\/ibc.ee\/sv\/produkt\/handdriven-fatpump-for-dieselolja-losningsmedel-fran-stal\/#primaryimage\",\"url\":\"https:\/\/ibc.ee\/wp-content\/uploads\/2019\/05\/20L-min-Lever-Action-Barrel-Drum-Pump-Diesel-Oil-Transfer-Hand-Operated-Extractor-Tools-Accessory-2.jpg\",\"contentUrl\":\"https:\/\/ibc.ee\/wp-content\/uploads\/2019\/05\/20L-min-Lever-Action-Barrel-Drum-Pump-Diesel-Oil-Transfer-Hand-Operated-Extractor-Tools-Accessory-2.jpg\",\"width\":1000,\"height\":1000},{\"@type\":\"BreadcrumbList\",\"@id\":\"https:\/\/ibc.ee\/sv\/produkt\/handdriven-fatpump-for-dieselolja-losningsmedel-fran-stal\/#breadcrumb\",\"itemListElement\":[{\"@type\":\"ListItem\",\"position\":1,\"name\":\"\u0413\u043b\u0430\u0432\u043d\u0430\u044f \u0441\u0442\u0440\u0430\u043d\u0438\u0446\u0430\",\"item\":\"https:\/\/www.ibc.ee\/sv\/\"},{\"@type\":\"ListItem\",\"position\":2,\"name\":\"Butik\",\"item\":\"https:\/\/www.ibc.ee\/sv\/butik\/\"},{\"@type\":\"ListItem\",\"position\":3,\"name\":\"Handdriven fatpump f\u00f6r dieselolja l\u00f6sningsmedel fr\u00e5n st\u00e5l\"}]},{\"@type\":\"WebSite\",\"@id\":\"https:\/\/www.ibc.ee\/sv\/#website\",\"url\":\"https:\/\/www.ibc.ee\/sv\/\",\"name\":\"IBC konteineri m&uuml;&uuml;k, vaadid, kraanid, mahutid\",\"description\":\"IBC - Tank container valve, Adapters\\\\fittings, Intermediate bulk, container, Drums\/cans\",\"potentialAction\":[{\"@type\":\"SearchAction\",\"target\":{\"@type\":\"EntryPoint\",\"urlTemplate\":\"https:\/\/www.ibc.ee\/sv\/?s={search_term_string}\"},\"query-input\":{\"@type\":\"PropertyValueSpecification\",\"valueRequired\":true,\"valueName\":\"search_term_string\"}}],\"inLanguage\":\"sv-SE\"}]}<\/script>\n<!-- \/ Yoast SEO plugin. -->","yoast_head_json":{"title":"Handdriven fatpump f\u00f6r dieselolja l\u00f6sningsmedel fr\u00e5n st\u00e5l -","description":"Drum Pump Transfer Hand \u00e4r ett smart verktyg f\u00f6r att snabbt och enkelt dispensera v\u00e4xell\u00e5dsolja, diesel och andra icke-fr\u00e4tande v\u00e4tskor fr\u00e5n fat. Med sj\u00e4lvjusterande sugr\u00f6r \u00e4r det bekv\u00e4mt f\u00f6r flexibel dosering, och du kan anv\u00e4nda det avtagbara munstycket f\u00f6r att enkelt montera slangar.","robots":{"index":"index","follow":"follow","max-snippet":"max-snippet:-1","max-image-preview":"max-image-preview:large","max-video-preview":"max-video-preview:-1"},"canonical":"https:\/\/ibc.ee\/sv\/produkt\/handdriven-fatpump-for-dieselolja-losningsmedel-fran-stal\/","og_locale":"sv_SE","og_type":"article","og_title":"Handdriven fatpump f\u00f6r dieselolja l\u00f6sningsmedel fr\u00e5n st\u00e5l -","og_description":"Drum Pump Transfer Hand \u00e4r ett smart verktyg f\u00f6r att snabbt och enkelt dispensera v\u00e4xell\u00e5dsolja, diesel och andra icke-fr\u00e4tande v\u00e4tskor fr\u00e5n fat. Med sj\u00e4lvjusterande sugr\u00f6r \u00e4r det bekv\u00e4mt f\u00f6r flexibel dosering, och du kan anv\u00e4nda det avtagbara munstycket f\u00f6r att enkelt montera slangar.","og_url":"https:\/\/ibc.ee\/sv\/produkt\/handdriven-fatpump-for-dieselolja-losningsmedel-fran-stal\/","og_site_name":"IBC konteineri m&uuml;&uuml;k, vaadid, kraanid, mahutid","og_image":[{"width":1000,"height":1000,"url":"https:\/\/ibc.ee\/wp-content\/uploads\/2019\/05\/20L-min-Lever-Action-Barrel-Drum-Pump-Diesel-Oil-Transfer-Hand-Operated-Extractor-Tools-Accessory-2.jpg","type":"image\/jpeg"}],"twitter_card":"summary_large_image","twitter_misc":{"Ber\u00e4knad l\u00e4stid":"1 minut"},"schema":{"@context":"https:\/\/schema.org","@graph":[{"@type":"WebPage","@id":"https:\/\/ibc.ee\/sv\/produkt\/handdriven-fatpump-for-dieselolja-losningsmedel-fran-stal\/","url":"https:\/\/ibc.ee\/sv\/produkt\/handdriven-fatpump-for-dieselolja-losningsmedel-fran-stal\/","name":"Handdriven fatpump f\u00f6r dieselolja l\u00f6sningsmedel fr\u00e5n st\u00e5l -","isPartOf":{"@id":"https:\/\/www.ibc.ee\/sv\/#website"},"primaryImageOfPage":{"@id":"https:\/\/ibc.ee\/sv\/produkt\/handdriven-fatpump-for-dieselolja-losningsmedel-fran-stal\/#primaryimage"},"image":{"@id":"https:\/\/ibc.ee\/sv\/produkt\/handdriven-fatpump-for-dieselolja-losningsmedel-fran-stal\/#primaryimage"},"thumbnailUrl":"https:\/\/ibc.ee\/wp-content\/uploads\/2019\/05\/20L-min-Lever-Action-Barrel-Drum-Pump-Diesel-Oil-Transfer-Hand-Operated-Extractor-Tools-Accessory-2.jpg","datePublished":"2025-04-21T13:12:56+00:00","description":"Drum Pump Transfer Hand \u00e4r ett smart verktyg f\u00f6r att snabbt och enkelt dispensera v\u00e4xell\u00e5dsolja, diesel och andra icke-fr\u00e4tande v\u00e4tskor fr\u00e5n fat. Med sj\u00e4lvjusterande sugr\u00f6r \u00e4r det bekv\u00e4mt f\u00f6r flexibel dosering, och du kan anv\u00e4nda det avtagbara munstycket f\u00f6r att enkelt montera slangar.","breadcrumb":{"@id":"https:\/\/ibc.ee\/sv\/produkt\/handdriven-fatpump-for-dieselolja-losningsmedel-fran-stal\/#breadcrumb"},"inLanguage":"sv-SE","potentialAction":[{"@type":"ReadAction","target":["https:\/\/ibc.ee\/sv\/produkt\/handdriven-fatpump-for-dieselolja-losningsmedel-fran-stal\/"]}]},{"@type":"ImageObject","inLanguage":"sv-SE","@id":"https:\/\/ibc.ee\/sv\/produkt\/handdriven-fatpump-for-dieselolja-losningsmedel-fran-stal\/#primaryimage","url":"https:\/\/ibc.ee\/wp-content\/uploads\/2019\/05\/20L-min-Lever-Action-Barrel-Drum-Pump-Diesel-Oil-Transfer-Hand-Operated-Extractor-Tools-Accessory-2.jpg","contentUrl":"https:\/\/ibc.ee\/wp-content\/uploads\/2019\/05\/20L-min-Lever-Action-Barrel-Drum-Pump-Diesel-Oil-Transfer-Hand-Operated-Extractor-Tools-Accessory-2.jpg","width":1000,"height":1000},{"@type":"BreadcrumbList","@id":"https:\/\/ibc.ee\/sv\/produkt\/handdriven-fatpump-for-dieselolja-losningsmedel-fran-stal\/#breadcrumb","itemListElement":[{"@type":"ListItem","position":1,"name":"\u0413\u043b\u0430\u0432\u043d\u0430\u044f \u0441\u0442\u0440\u0430\u043d\u0438\u0446\u0430","item":"https:\/\/www.ibc.ee\/sv\/"},{"@type":"ListItem","position":2,"name":"Butik","item":"https:\/\/www.ibc.ee\/sv\/butik\/"},{"@type":"ListItem","position":3,"name":"Handdriven fatpump f\u00f6r dieselolja l\u00f6sningsmedel fr\u00e5n st\u00e5l"}]},{"@type":"WebSite","@id":"https:\/\/www.ibc.ee\/sv\/#website","url":"https:\/\/www.ibc.ee\/sv\/","name":"IBC konteineri m&uuml;&uuml;k, vaadid, kraanid, mahutid","description":"IBC - Tank container valve, Adapters\\fittings, Intermediate bulk, container, Drums\/cans","potentialAction":[{"@type":"SearchAction","target":{"@type":"EntryPoint","urlTemplate":"https:\/\/www.ibc.ee\/sv\/?s={search_term_string}"},"query-input":{"@type":"PropertyValueSpecification","valueRequired":true,"valueName":"search_term_string"}}],"inLanguage":"sv-SE"}]}},"_links":{"self":[{"href":"https:\/\/ibc.ee\/sv\/wp-json\/wp\/v2\/product\/23073","targetHints":{"allow":["GET"]}}],"collection":[{"href":"https:\/\/ibc.ee\/sv\/wp-json\/wp\/v2\/product"}],"about":[{"href":"https:\/\/ibc.ee\/sv\/wp-json\/wp\/v2\/types\/product"}],"wp:featuredmedia":[{"embeddable":true,"href":"https:\/\/ibc.ee\/sv\/wp-json\/wp\/v2\/media\/23074"}],"wp:attachment":[{"href":"https:\/\/ibc.ee\/sv\/wp-json\/wp\/v2\/media?parent=23073"}],"wp:term":[{"taxonomy":"product_brand","embeddable":true,"href":"https:\/\/ibc.ee\/sv\/wp-json\/wp\/v2\/product_brand?post=23073"},{"taxonomy":"product_cat","embeddable":true,"href":"https:\/\/ibc.ee\/sv\/wp-json\/wp\/v2\/product_cat?post=23073"},{"taxonomy":"product_tag","embeddable":true,"href":"https:\/\/ibc.ee\/sv\/wp-json\/wp\/v2\/product_tag?post=23073"}],"curies":[{"name":"wp","href":"https:\/\/api.w.org\/{rel}","templated":true}]}}