{"id":23128,"date":"2019-05-14T14:51:33","date_gmt":"2025-04-21T16:34:50","guid":{"rendered":"https:\/\/ibc.ee\/product\/1-%c2%bd-bsp-hane-x-s60x6-hona-stodben\/"},"modified":"2025-04-21T18:34:50","modified_gmt":"2025-04-21T16:34:50","slug":"1-%c2%bd-bsp-hane-x-s60x6-hona-stodben","status":"publish","type":"product","link":"https:\/\/ibc.ee\/sv\/produkt\/1-%c2%bd-bsp-hane-x-s60x6-hona-stodben\/","title":{"rendered":"1 \u00bd&#8221; BSP hane x S60X6 hona st\u00f6dben"},"content":{"rendered":"<p>1 \u00bd&#8221; BSP hane x S60X6 hona, st\u00f6tf\u00e5ngare. Denna IBC-armatur \u00e4r avsedd att monteras p\u00e5 bottenutloppet p\u00e5 IBC-tankar. G\u00e4ngkonvertern har en mycket exakt gjuten g\u00e4nga och upph\u00f6jda sk\u00e5ror som g\u00f6r det l\u00e4tt att dra \u00e5t f\u00f6r hand.  <\/p>\n","protected":false},"excerpt":{"rendered":"<p>1 \u00bd&#8221; BSP hane x S60X6 hona, st\u00f6tf\u00e5ngare. Denna IBC-armatur \u00e4r avsedd att monteras p\u00e5 bottenutloppet p\u00e5 IBC-tankar. G\u00e4ngkonvertern har en mycket exakt gjuten g\u00e4nga och upph\u00f6jda sk\u00e5ror som g\u00f6r det l\u00e4tt att dra \u00e5t f\u00f6r hand.<\/p>\n","protected":false},"featured_media":23129,"template":"","meta":[],"product_brand":[],"product_cat":[445],"product_tag":[],"class_list":{"0":"post-23128","1":"product","2":"type-product","3":"status-publish","4":"has-post-thumbnail","6":"product_cat-adaptrar-och-beslag-for-ibc-container","7":"product_shipping_class-omniva-sv","9":"first","10":"instock","11":"taxable","12":"shipping-taxable","13":"purchasable","14":"product-type-simple"},"yoast_head":"<!-- This site is optimized with the Yoast SEO plugin v26.9 - https:\/\/yoast.com\/product\/yoast-seo-wordpress\/ -->\n<title>1 \u00bd&#039;&#039; BSP hane x S60X6 hona st\u00f6dben - IBC konteineri m&uuml;&uuml;k, vaadid, kraanid, mahutid<\/title>\n<meta name=\"description\" content=\"1 \u00bd&#039;&#039; BSP hane x S60X6 hona, st\u00f6tf\u00e5ngare. Denna IBC-armatur \u00e4r avsedd att monteras p\u00e5 bottenutloppet p\u00e5 IBC-tankar.\" \/>\n<meta name=\"robots\" content=\"index, follow, max-snippet:-1, max-image-preview:large, max-video-preview:-1\" \/>\n<link rel=\"canonical\" href=\"https:\/\/ibc.ee\/sv\/produkt\/1-%c2%bd-bsp-hane-x-s60x6-hona-stodben\/\" \/>\n<meta property=\"og:locale\" content=\"sv_SE\" \/>\n<meta property=\"og:type\" content=\"article\" \/>\n<meta property=\"og:title\" content=\"1 \u00bd&#039;&#039; BSP hane x S60X6 hona st\u00f6dben - IBC konteineri m&uuml;&uuml;k, vaadid, kraanid, mahutid\" \/>\n<meta property=\"og:description\" content=\"1 \u00bd&#039;&#039; BSP hane x S60X6 hona, st\u00f6tf\u00e5ngare. Denna IBC-armatur \u00e4r avsedd att monteras p\u00e5 bottenutloppet p\u00e5 IBC-tankar.\" \/>\n<meta property=\"og:url\" content=\"https:\/\/ibc.ee\/sv\/produkt\/1-%c2%bd-bsp-hane-x-s60x6-hona-stodben\/\" \/>\n<meta property=\"og:site_name\" content=\"IBC konteineri m&uuml;&uuml;k, vaadid, kraanid, mahutid\" \/>\n<meta property=\"og:image\" content=\"https:\/\/www.ibc.ee\/wp-content\/uploads\/2019\/05\/P1019983.jpg\" \/>\n\t<meta property=\"og:image:width\" content=\"836\" \/>\n\t<meta property=\"og:image:height\" content=\"679\" \/>\n\t<meta property=\"og:image:type\" content=\"image\/jpeg\" \/>\n<meta name=\"twitter:card\" content=\"summary_large_image\" \/>\n<script type=\"application\/ld+json\" class=\"yoast-schema-graph\">{\"@context\":\"https:\/\/schema.org\",\"@graph\":[{\"@type\":\"WebPage\",\"@id\":\"https:\/\/ibc.ee\/sv\/produkt\/1-%c2%bd-bsp-hane-x-s60x6-hona-stodben\/\",\"url\":\"https:\/\/ibc.ee\/sv\/produkt\/1-%c2%bd-bsp-hane-x-s60x6-hona-stodben\/\",\"name\":\"1 \u00bd'' BSP hane x S60X6 hona st\u00f6dben - IBC konteineri m&uuml;&uuml;k, vaadid, kraanid, mahutid\",\"isPartOf\":{\"@id\":\"https:\/\/www.ibc.ee\/sv\/#website\"},\"primaryImageOfPage\":{\"@id\":\"https:\/\/ibc.ee\/sv\/produkt\/1-%c2%bd-bsp-hane-x-s60x6-hona-stodben\/#primaryimage\"},\"image\":{\"@id\":\"https:\/\/ibc.ee\/sv\/produkt\/1-%c2%bd-bsp-hane-x-s60x6-hona-stodben\/#primaryimage\"},\"thumbnailUrl\":\"https:\/\/ibc.ee\/wp-content\/uploads\/2019\/05\/P1019983.jpg\",\"datePublished\":\"2025-04-21T16:34:50+00:00\",\"description\":\"1 \u00bd'' BSP hane x S60X6 hona, st\u00f6tf\u00e5ngare. Denna IBC-armatur \u00e4r avsedd att monteras p\u00e5 bottenutloppet p\u00e5 IBC-tankar.\",\"breadcrumb\":{\"@id\":\"https:\/\/ibc.ee\/sv\/produkt\/1-%c2%bd-bsp-hane-x-s60x6-hona-stodben\/#breadcrumb\"},\"inLanguage\":\"sv-SE\",\"potentialAction\":[{\"@type\":\"ReadAction\",\"target\":[\"https:\/\/ibc.ee\/sv\/produkt\/1-%c2%bd-bsp-hane-x-s60x6-hona-stodben\/\"]}]},{\"@type\":\"ImageObject\",\"inLanguage\":\"sv-SE\",\"@id\":\"https:\/\/ibc.ee\/sv\/produkt\/1-%c2%bd-bsp-hane-x-s60x6-hona-stodben\/#primaryimage\",\"url\":\"https:\/\/ibc.ee\/wp-content\/uploads\/2019\/05\/P1019983.jpg\",\"contentUrl\":\"https:\/\/ibc.ee\/wp-content\/uploads\/2019\/05\/P1019983.jpg\",\"width\":836,\"height\":679},{\"@type\":\"BreadcrumbList\",\"@id\":\"https:\/\/ibc.ee\/sv\/produkt\/1-%c2%bd-bsp-hane-x-s60x6-hona-stodben\/#breadcrumb\",\"itemListElement\":[{\"@type\":\"ListItem\",\"position\":1,\"name\":\"\u0413\u043b\u0430\u0432\u043d\u0430\u044f \u0441\u0442\u0440\u0430\u043d\u0438\u0446\u0430\",\"item\":\"https:\/\/www.ibc.ee\/sv\/\"},{\"@type\":\"ListItem\",\"position\":2,\"name\":\"Butik\",\"item\":\"https:\/\/www.ibc.ee\/sv\/butik\/\"},{\"@type\":\"ListItem\",\"position\":3,\"name\":\"1 \u00bd&#8221; BSP hane x S60X6 hona st\u00f6dben\"}]},{\"@type\":\"WebSite\",\"@id\":\"https:\/\/www.ibc.ee\/sv\/#website\",\"url\":\"https:\/\/www.ibc.ee\/sv\/\",\"name\":\"IBC konteineri m&uuml;&uuml;k, vaadid, kraanid, mahutid\",\"description\":\"IBC - Tank container valve, Adapters\\\\fittings, Intermediate bulk, container, Drums\/cans\",\"potentialAction\":[{\"@type\":\"SearchAction\",\"target\":{\"@type\":\"EntryPoint\",\"urlTemplate\":\"https:\/\/www.ibc.ee\/sv\/?s={search_term_string}\"},\"query-input\":{\"@type\":\"PropertyValueSpecification\",\"valueRequired\":true,\"valueName\":\"search_term_string\"}}],\"inLanguage\":\"sv-SE\"}]}<\/script>\n<!-- \/ Yoast SEO plugin. -->","yoast_head_json":{"title":"1 \u00bd'' BSP hane x S60X6 hona st\u00f6dben - IBC konteineri m&uuml;&uuml;k, vaadid, kraanid, mahutid","description":"1 \u00bd'' BSP hane x S60X6 hona, st\u00f6tf\u00e5ngare. Denna IBC-armatur \u00e4r avsedd att monteras p\u00e5 bottenutloppet p\u00e5 IBC-tankar.","robots":{"index":"index","follow":"follow","max-snippet":"max-snippet:-1","max-image-preview":"max-image-preview:large","max-video-preview":"max-video-preview:-1"},"canonical":"https:\/\/ibc.ee\/sv\/produkt\/1-%c2%bd-bsp-hane-x-s60x6-hona-stodben\/","og_locale":"sv_SE","og_type":"article","og_title":"1 \u00bd'' BSP hane x S60X6 hona st\u00f6dben - IBC konteineri m&uuml;&uuml;k, vaadid, kraanid, mahutid","og_description":"1 \u00bd'' BSP hane x S60X6 hona, st\u00f6tf\u00e5ngare. Denna IBC-armatur \u00e4r avsedd att monteras p\u00e5 bottenutloppet p\u00e5 IBC-tankar.","og_url":"https:\/\/ibc.ee\/sv\/produkt\/1-%c2%bd-bsp-hane-x-s60x6-hona-stodben\/","og_site_name":"IBC konteineri m&uuml;&uuml;k, vaadid, kraanid, mahutid","og_image":[{"width":836,"height":679,"url":"https:\/\/www.ibc.ee\/wp-content\/uploads\/2019\/05\/P1019983.jpg","type":"image\/jpeg"}],"twitter_card":"summary_large_image","schema":{"@context":"https:\/\/schema.org","@graph":[{"@type":"WebPage","@id":"https:\/\/ibc.ee\/sv\/produkt\/1-%c2%bd-bsp-hane-x-s60x6-hona-stodben\/","url":"https:\/\/ibc.ee\/sv\/produkt\/1-%c2%bd-bsp-hane-x-s60x6-hona-stodben\/","name":"1 \u00bd'' BSP hane x S60X6 hona st\u00f6dben - IBC konteineri m&uuml;&uuml;k, vaadid, kraanid, mahutid","isPartOf":{"@id":"https:\/\/www.ibc.ee\/sv\/#website"},"primaryImageOfPage":{"@id":"https:\/\/ibc.ee\/sv\/produkt\/1-%c2%bd-bsp-hane-x-s60x6-hona-stodben\/#primaryimage"},"image":{"@id":"https:\/\/ibc.ee\/sv\/produkt\/1-%c2%bd-bsp-hane-x-s60x6-hona-stodben\/#primaryimage"},"thumbnailUrl":"https:\/\/ibc.ee\/wp-content\/uploads\/2019\/05\/P1019983.jpg","datePublished":"2025-04-21T16:34:50+00:00","description":"1 \u00bd'' BSP hane x S60X6 hona, st\u00f6tf\u00e5ngare. Denna IBC-armatur \u00e4r avsedd att monteras p\u00e5 bottenutloppet p\u00e5 IBC-tankar.","breadcrumb":{"@id":"https:\/\/ibc.ee\/sv\/produkt\/1-%c2%bd-bsp-hane-x-s60x6-hona-stodben\/#breadcrumb"},"inLanguage":"sv-SE","potentialAction":[{"@type":"ReadAction","target":["https:\/\/ibc.ee\/sv\/produkt\/1-%c2%bd-bsp-hane-x-s60x6-hona-stodben\/"]}]},{"@type":"ImageObject","inLanguage":"sv-SE","@id":"https:\/\/ibc.ee\/sv\/produkt\/1-%c2%bd-bsp-hane-x-s60x6-hona-stodben\/#primaryimage","url":"https:\/\/ibc.ee\/wp-content\/uploads\/2019\/05\/P1019983.jpg","contentUrl":"https:\/\/ibc.ee\/wp-content\/uploads\/2019\/05\/P1019983.jpg","width":836,"height":679},{"@type":"BreadcrumbList","@id":"https:\/\/ibc.ee\/sv\/produkt\/1-%c2%bd-bsp-hane-x-s60x6-hona-stodben\/#breadcrumb","itemListElement":[{"@type":"ListItem","position":1,"name":"\u0413\u043b\u0430\u0432\u043d\u0430\u044f \u0441\u0442\u0440\u0430\u043d\u0438\u0446\u0430","item":"https:\/\/www.ibc.ee\/sv\/"},{"@type":"ListItem","position":2,"name":"Butik","item":"https:\/\/www.ibc.ee\/sv\/butik\/"},{"@type":"ListItem","position":3,"name":"1 \u00bd&#8221; BSP hane x S60X6 hona st\u00f6dben"}]},{"@type":"WebSite","@id":"https:\/\/www.ibc.ee\/sv\/#website","url":"https:\/\/www.ibc.ee\/sv\/","name":"IBC konteineri m&uuml;&uuml;k, vaadid, kraanid, mahutid","description":"IBC - Tank container valve, Adapters\\fittings, Intermediate bulk, container, Drums\/cans","potentialAction":[{"@type":"SearchAction","target":{"@type":"EntryPoint","urlTemplate":"https:\/\/www.ibc.ee\/sv\/?s={search_term_string}"},"query-input":{"@type":"PropertyValueSpecification","valueRequired":true,"valueName":"search_term_string"}}],"inLanguage":"sv-SE"}]}},"_links":{"self":[{"href":"https:\/\/ibc.ee\/sv\/wp-json\/wp\/v2\/product\/23128","targetHints":{"allow":["GET"]}}],"collection":[{"href":"https:\/\/ibc.ee\/sv\/wp-json\/wp\/v2\/product"}],"about":[{"href":"https:\/\/ibc.ee\/sv\/wp-json\/wp\/v2\/types\/product"}],"wp:featuredmedia":[{"embeddable":true,"href":"https:\/\/ibc.ee\/sv\/wp-json\/wp\/v2\/media\/23129"}],"wp:attachment":[{"href":"https:\/\/ibc.ee\/sv\/wp-json\/wp\/v2\/media?parent=23128"}],"wp:term":[{"taxonomy":"product_brand","embeddable":true,"href":"https:\/\/ibc.ee\/sv\/wp-json\/wp\/v2\/product_brand?post=23128"},{"taxonomy":"product_cat","embeddable":true,"href":"https:\/\/ibc.ee\/sv\/wp-json\/wp\/v2\/product_cat?post=23128"},{"taxonomy":"product_tag","embeddable":true,"href":"https:\/\/ibc.ee\/sv\/wp-json\/wp\/v2\/product_tag?post=23128"}],"curies":[{"name":"wp","href":"https:\/\/api.w.org\/{rel}","templated":true}]}}