{"id":23319,"date":"2021-02-20T23:25:51","date_gmt":"2025-04-22T11:05:56","guid":{"rendered":"https:\/\/ibc.ee\/product\/sifonpump-i-plast-for-kemikalier\/"},"modified":"2025-04-22T13:07:40","modified_gmt":"2025-04-22T11:07:40","slug":"sifonpump-i-plast-for-kemikalier","status":"publish","type":"product","link":"https:\/\/ibc.ee\/sv\/produkt\/sifonpump-i-plast-for-kemikalier\/","title":{"rendered":"Sifonpump i plast f\u00f6r kemikalier"},"content":{"rendered":"<p>Sifonpump f\u00f6r kemikalier i plast<\/p>\n<p>Specifikationer:<br \/>\nArt nr: DP-26 \/ GT129-1<br \/>\nMaterial: PP \/ Polyeten<br \/>\nSj\u00e4lvsugande: Ja<br \/>\nInlopp \/ Utlopp Dia: 26\/25 mm<br \/>\nSug: 850mm<br \/>\nLyft: 1400mm<br \/>\nKapacitet: 16-18 l\/min<br \/>\nAnv\u00e4ndningsomr\u00e5den: Kemikalier, petroleumbaserade v\u00e4tskor, vatten<\/p>\n","protected":false},"excerpt":{"rendered":"<p>Sifonpump f\u00f6r kemikalier i plast Specifikationer: Art nr: DP-26 \/ GT129-1 Material: PP \/ Polyeten Sj\u00e4lvsugande: Ja Inlopp \/ Utlopp Dia: 26\/25 mm Sug: 850mm Lyft: 1400mm Kapacitet: 16-18 l\/min Anv\u00e4ndningsomr\u00e5den: Kemikalier, petroleumbaserade v\u00e4tskor, vatten<\/p>\n","protected":false},"featured_media":23320,"template":"","meta":[],"product_brand":[],"product_cat":[448],"product_tag":[],"class_list":{"0":"post-23319","1":"product","2":"type-product","3":"status-publish","4":"has-post-thumbnail","6":"product_cat-fat-och-burkar","7":"product_shipping_class-tillbehor","9":"first","10":"onbackorder","11":"taxable","12":"shipping-taxable","13":"purchasable","14":"product-type-simple"},"yoast_head":"<!-- This site is optimized with the Yoast SEO plugin v26.9 - https:\/\/yoast.com\/product\/yoast-seo-wordpress\/ -->\n<title>Sifonpump i plast f\u00f6r kemikalier -<\/title>\n<meta name=\"description\" content=\"Sifonpump f\u00f6r kemikalier i plast. Kapacitet: 16-18 l\/min. Anv\u00e4ndningsomr\u00e5den: Kemikalier, petroleumbaserade v\u00e4tskor, vatten\" \/>\n<meta name=\"robots\" content=\"index, follow, max-snippet:-1, max-image-preview:large, max-video-preview:-1\" \/>\n<link rel=\"canonical\" href=\"https:\/\/ibc.ee\/sv\/produkt\/sifonpump-i-plast-for-kemikalier\/\" \/>\n<meta property=\"og:locale\" content=\"sv_SE\" \/>\n<meta property=\"og:type\" content=\"article\" \/>\n<meta property=\"og:title\" content=\"Sifonpump i plast f\u00f6r kemikalier -\" \/>\n<meta property=\"og:description\" content=\"Sifonpump f\u00f6r kemikalier i plast. Kapacitet: 16-18 l\/min. Anv\u00e4ndningsomr\u00e5den: Kemikalier, petroleumbaserade v\u00e4tskor, vatten\" \/>\n<meta property=\"og:url\" content=\"https:\/\/ibc.ee\/sv\/produkt\/sifonpump-i-plast-for-kemikalier\/\" \/>\n<meta property=\"og:site_name\" content=\"IBC konteineri m&uuml;&uuml;k, vaadid, kraanid, mahutid\" \/>\n<meta property=\"article:modified_time\" content=\"2025-04-22T11:07:40+00:00\" \/>\n<meta property=\"og:image\" content=\"https:\/\/ibc.ee\/wp-content\/uploads\/2021\/02\/Sifoonpump-keemiliste-ainete-jaoks-16-18-l-min.jpg\" \/>\n\t<meta property=\"og:image:width\" content=\"1000\" \/>\n\t<meta property=\"og:image:height\" content=\"1000\" \/>\n\t<meta property=\"og:image:type\" content=\"image\/jpeg\" \/>\n<meta name=\"twitter:card\" content=\"summary_large_image\" \/>\n<script type=\"application\/ld+json\" class=\"yoast-schema-graph\">{\"@context\":\"https:\/\/schema.org\",\"@graph\":[{\"@type\":\"WebPage\",\"@id\":\"https:\/\/ibc.ee\/sv\/produkt\/sifonpump-i-plast-for-kemikalier\/\",\"url\":\"https:\/\/ibc.ee\/sv\/produkt\/sifonpump-i-plast-for-kemikalier\/\",\"name\":\"Sifonpump i plast f\u00f6r kemikalier -\",\"isPartOf\":{\"@id\":\"https:\/\/www.ibc.ee\/sv\/#website\"},\"primaryImageOfPage\":{\"@id\":\"https:\/\/ibc.ee\/sv\/produkt\/sifonpump-i-plast-for-kemikalier\/#primaryimage\"},\"image\":{\"@id\":\"https:\/\/ibc.ee\/sv\/produkt\/sifonpump-i-plast-for-kemikalier\/#primaryimage\"},\"thumbnailUrl\":\"https:\/\/ibc.ee\/wp-content\/uploads\/2021\/02\/Sifoonpump-keemiliste-ainete-jaoks-16-18-l-min.jpg\",\"datePublished\":\"2025-04-22T11:05:56+00:00\",\"dateModified\":\"2025-04-22T11:07:40+00:00\",\"description\":\"Sifonpump f\u00f6r kemikalier i plast. Kapacitet: 16-18 l\/min. Anv\u00e4ndningsomr\u00e5den: Kemikalier, petroleumbaserade v\u00e4tskor, vatten\",\"breadcrumb\":{\"@id\":\"https:\/\/ibc.ee\/sv\/produkt\/sifonpump-i-plast-for-kemikalier\/#breadcrumb\"},\"inLanguage\":\"sv-SE\",\"potentialAction\":[{\"@type\":\"ReadAction\",\"target\":[\"https:\/\/ibc.ee\/sv\/produkt\/sifonpump-i-plast-for-kemikalier\/\"]}]},{\"@type\":\"ImageObject\",\"inLanguage\":\"sv-SE\",\"@id\":\"https:\/\/ibc.ee\/sv\/produkt\/sifonpump-i-plast-for-kemikalier\/#primaryimage\",\"url\":\"https:\/\/ibc.ee\/wp-content\/uploads\/2021\/02\/Sifoonpump-keemiliste-ainete-jaoks-16-18-l-min.jpg\",\"contentUrl\":\"https:\/\/ibc.ee\/wp-content\/uploads\/2021\/02\/Sifoonpump-keemiliste-ainete-jaoks-16-18-l-min.jpg\",\"width\":1000,\"height\":1000},{\"@type\":\"BreadcrumbList\",\"@id\":\"https:\/\/ibc.ee\/sv\/produkt\/sifonpump-i-plast-for-kemikalier\/#breadcrumb\",\"itemListElement\":[{\"@type\":\"ListItem\",\"position\":1,\"name\":\"\u0413\u043b\u0430\u0432\u043d\u0430\u044f \u0441\u0442\u0440\u0430\u043d\u0438\u0446\u0430\",\"item\":\"https:\/\/www.ibc.ee\/sv\/\"},{\"@type\":\"ListItem\",\"position\":2,\"name\":\"Butik\",\"item\":\"https:\/\/www.ibc.ee\/sv\/butik\/\"},{\"@type\":\"ListItem\",\"position\":3,\"name\":\"Sifonpump i plast f\u00f6r kemikalier\"}]},{\"@type\":\"WebSite\",\"@id\":\"https:\/\/www.ibc.ee\/sv\/#website\",\"url\":\"https:\/\/www.ibc.ee\/sv\/\",\"name\":\"IBC konteineri m&uuml;&uuml;k, vaadid, kraanid, mahutid\",\"description\":\"IBC - Tank container valve, Adapters\\\\fittings, Intermediate bulk, container, Drums\/cans\",\"potentialAction\":[{\"@type\":\"SearchAction\",\"target\":{\"@type\":\"EntryPoint\",\"urlTemplate\":\"https:\/\/www.ibc.ee\/sv\/?s={search_term_string}\"},\"query-input\":{\"@type\":\"PropertyValueSpecification\",\"valueRequired\":true,\"valueName\":\"search_term_string\"}}],\"inLanguage\":\"sv-SE\"}]}<\/script>\n<!-- \/ Yoast SEO plugin. -->","yoast_head_json":{"title":"Sifonpump i plast f\u00f6r kemikalier -","description":"Sifonpump f\u00f6r kemikalier i plast. Kapacitet: 16-18 l\/min. Anv\u00e4ndningsomr\u00e5den: Kemikalier, petroleumbaserade v\u00e4tskor, vatten","robots":{"index":"index","follow":"follow","max-snippet":"max-snippet:-1","max-image-preview":"max-image-preview:large","max-video-preview":"max-video-preview:-1"},"canonical":"https:\/\/ibc.ee\/sv\/produkt\/sifonpump-i-plast-for-kemikalier\/","og_locale":"sv_SE","og_type":"article","og_title":"Sifonpump i plast f\u00f6r kemikalier -","og_description":"Sifonpump f\u00f6r kemikalier i plast. Kapacitet: 16-18 l\/min. Anv\u00e4ndningsomr\u00e5den: Kemikalier, petroleumbaserade v\u00e4tskor, vatten","og_url":"https:\/\/ibc.ee\/sv\/produkt\/sifonpump-i-plast-for-kemikalier\/","og_site_name":"IBC konteineri m&uuml;&uuml;k, vaadid, kraanid, mahutid","article_modified_time":"2025-04-22T11:07:40+00:00","og_image":[{"width":1000,"height":1000,"url":"https:\/\/ibc.ee\/wp-content\/uploads\/2021\/02\/Sifoonpump-keemiliste-ainete-jaoks-16-18-l-min.jpg","type":"image\/jpeg"}],"twitter_card":"summary_large_image","schema":{"@context":"https:\/\/schema.org","@graph":[{"@type":"WebPage","@id":"https:\/\/ibc.ee\/sv\/produkt\/sifonpump-i-plast-for-kemikalier\/","url":"https:\/\/ibc.ee\/sv\/produkt\/sifonpump-i-plast-for-kemikalier\/","name":"Sifonpump i plast f\u00f6r kemikalier -","isPartOf":{"@id":"https:\/\/www.ibc.ee\/sv\/#website"},"primaryImageOfPage":{"@id":"https:\/\/ibc.ee\/sv\/produkt\/sifonpump-i-plast-for-kemikalier\/#primaryimage"},"image":{"@id":"https:\/\/ibc.ee\/sv\/produkt\/sifonpump-i-plast-for-kemikalier\/#primaryimage"},"thumbnailUrl":"https:\/\/ibc.ee\/wp-content\/uploads\/2021\/02\/Sifoonpump-keemiliste-ainete-jaoks-16-18-l-min.jpg","datePublished":"2025-04-22T11:05:56+00:00","dateModified":"2025-04-22T11:07:40+00:00","description":"Sifonpump f\u00f6r kemikalier i plast. Kapacitet: 16-18 l\/min. Anv\u00e4ndningsomr\u00e5den: Kemikalier, petroleumbaserade v\u00e4tskor, vatten","breadcrumb":{"@id":"https:\/\/ibc.ee\/sv\/produkt\/sifonpump-i-plast-for-kemikalier\/#breadcrumb"},"inLanguage":"sv-SE","potentialAction":[{"@type":"ReadAction","target":["https:\/\/ibc.ee\/sv\/produkt\/sifonpump-i-plast-for-kemikalier\/"]}]},{"@type":"ImageObject","inLanguage":"sv-SE","@id":"https:\/\/ibc.ee\/sv\/produkt\/sifonpump-i-plast-for-kemikalier\/#primaryimage","url":"https:\/\/ibc.ee\/wp-content\/uploads\/2021\/02\/Sifoonpump-keemiliste-ainete-jaoks-16-18-l-min.jpg","contentUrl":"https:\/\/ibc.ee\/wp-content\/uploads\/2021\/02\/Sifoonpump-keemiliste-ainete-jaoks-16-18-l-min.jpg","width":1000,"height":1000},{"@type":"BreadcrumbList","@id":"https:\/\/ibc.ee\/sv\/produkt\/sifonpump-i-plast-for-kemikalier\/#breadcrumb","itemListElement":[{"@type":"ListItem","position":1,"name":"\u0413\u043b\u0430\u0432\u043d\u0430\u044f \u0441\u0442\u0440\u0430\u043d\u0438\u0446\u0430","item":"https:\/\/www.ibc.ee\/sv\/"},{"@type":"ListItem","position":2,"name":"Butik","item":"https:\/\/www.ibc.ee\/sv\/butik\/"},{"@type":"ListItem","position":3,"name":"Sifonpump i plast f\u00f6r kemikalier"}]},{"@type":"WebSite","@id":"https:\/\/www.ibc.ee\/sv\/#website","url":"https:\/\/www.ibc.ee\/sv\/","name":"IBC konteineri m&uuml;&uuml;k, vaadid, kraanid, mahutid","description":"IBC - Tank container valve, Adapters\\fittings, Intermediate bulk, container, Drums\/cans","potentialAction":[{"@type":"SearchAction","target":{"@type":"EntryPoint","urlTemplate":"https:\/\/www.ibc.ee\/sv\/?s={search_term_string}"},"query-input":{"@type":"PropertyValueSpecification","valueRequired":true,"valueName":"search_term_string"}}],"inLanguage":"sv-SE"}]}},"_links":{"self":[{"href":"https:\/\/ibc.ee\/sv\/wp-json\/wp\/v2\/product\/23319","targetHints":{"allow":["GET"]}}],"collection":[{"href":"https:\/\/ibc.ee\/sv\/wp-json\/wp\/v2\/product"}],"about":[{"href":"https:\/\/ibc.ee\/sv\/wp-json\/wp\/v2\/types\/product"}],"wp:featuredmedia":[{"embeddable":true,"href":"https:\/\/ibc.ee\/sv\/wp-json\/wp\/v2\/media\/23320"}],"wp:attachment":[{"href":"https:\/\/ibc.ee\/sv\/wp-json\/wp\/v2\/media?parent=23319"}],"wp:term":[{"taxonomy":"product_brand","embeddable":true,"href":"https:\/\/ibc.ee\/sv\/wp-json\/wp\/v2\/product_brand?post=23319"},{"taxonomy":"product_cat","embeddable":true,"href":"https:\/\/ibc.ee\/sv\/wp-json\/wp\/v2\/product_cat?post=23319"},{"taxonomy":"product_tag","embeddable":true,"href":"https:\/\/ibc.ee\/sv\/wp-json\/wp\/v2\/product_tag?post=23319"}],"curies":[{"name":"wp","href":"https:\/\/api.w.org\/{rel}","templated":true}]}}