{"id":23322,"date":"2021-02-20T21:06:55","date_gmt":"2025-04-22T11:07:38","guid":{"rendered":"https:\/\/ibc.ee\/product\/sifonpump-av-plast-for-overforing-av-flytande-bransle\/"},"modified":"2025-04-22T13:07:38","modified_gmt":"2025-04-22T11:07:38","slug":"sifonpump-av-plast-for-overforing-av-flytande-bransle","status":"publish","type":"product","link":"https:\/\/ibc.ee\/sv\/produkt\/sifonpump-av-plast-for-overforing-av-flytande-bransle\/","title":{"rendered":"Sifonpump av plast f\u00f6r \u00f6verf\u00f6ring av flytande br\u00e4nsle"},"content":{"rendered":"<p>Sifonpump av plast f\u00f6r \u00f6verf\u00f6ring av flytande br\u00e4nsle<\/p>\n<p>Specifikationer:<br \/>\nArt nr: DP-20 \/ GT128<br \/>\nSj\u00e4lvsugande: Ja<br \/>\nInlopps-\/utloppsdiameter: 22\/22 mm<br \/>\nSug: 850 mm<br \/>\nLyft: 1400 mm<br \/>\nKapacitet: 13-15 l\/min<br \/>\nAnv\u00e4ndningsomr\u00e5den: Kemikalier, petroleumbaserade v\u00e4tskor, vatten<\/p>\n","protected":false},"excerpt":{"rendered":"<p>Sifonpump av plast f\u00f6r \u00f6verf\u00f6ring av flytande br\u00e4nsle Specifikationer: Art nr: DP-20 \/ GT128 Sj\u00e4lvsugande: Ja Inlopps-\/utloppsdiameter: 22\/22 mm Sug: 850 mm Lyft: 1400 mm Kapacitet: 13-15 l\/min Anv\u00e4ndningsomr\u00e5den: Kemikalier, petroleumbaserade v\u00e4tskor, vatten<\/p>\n","protected":false},"featured_media":23323,"template":"","meta":[],"product_brand":[],"product_cat":[448],"product_tag":[],"class_list":{"0":"post-23322","1":"product","2":"type-product","3":"status-publish","4":"has-post-thumbnail","6":"product_cat-fat-och-burkar","7":"product_shipping_class-tillbehor","9":"first","10":"onbackorder","11":"taxable","12":"shipping-taxable","13":"purchasable","14":"product-type-simple"},"yoast_head":"<!-- This site is optimized with the Yoast SEO plugin v26.9 - https:\/\/yoast.com\/product\/yoast-seo-wordpress\/ -->\n<title>Sifonpump av plast f\u00f6r \u00f6verf\u00f6ring av flytande br\u00e4nsle -<\/title>\n<meta name=\"description\" content=\"Sifonpump av plast f\u00f6r \u00f6verf\u00f6ring av flytande br\u00e4nsle. Kapacitet: 13-15 l\/min. Anv\u00e4ndningsomr\u00e5den: Kemikalier, petroleumbaserade v\u00e4tskor, vatten\" \/>\n<meta name=\"robots\" content=\"index, follow, max-snippet:-1, max-image-preview:large, max-video-preview:-1\" \/>\n<link rel=\"canonical\" href=\"https:\/\/ibc.ee\/sv\/produkt\/sifonpump-av-plast-for-overforing-av-flytande-bransle\/\" \/>\n<meta property=\"og:locale\" content=\"sv_SE\" \/>\n<meta property=\"og:type\" content=\"article\" \/>\n<meta property=\"og:title\" content=\"Sifonpump av plast f\u00f6r \u00f6verf\u00f6ring av flytande br\u00e4nsle -\" \/>\n<meta property=\"og:description\" content=\"Sifonpump av plast f\u00f6r \u00f6verf\u00f6ring av flytande br\u00e4nsle. Kapacitet: 13-15 l\/min. Anv\u00e4ndningsomr\u00e5den: Kemikalier, petroleumbaserade v\u00e4tskor, vatten\" \/>\n<meta property=\"og:url\" content=\"https:\/\/ibc.ee\/sv\/produkt\/sifonpump-av-plast-for-overforing-av-flytande-bransle\/\" \/>\n<meta property=\"og:site_name\" content=\"IBC konteineri m&uuml;&uuml;k, vaadid, kraanid, mahutid\" \/>\n<meta property=\"og:image\" content=\"https:\/\/www.ibc.ee\/wp-content\/uploads\/2021\/02\/Sifoonpump-13-15-l-min.jpg\" \/>\n\t<meta property=\"og:image:width\" content=\"1000\" \/>\n\t<meta property=\"og:image:height\" content=\"1000\" \/>\n\t<meta property=\"og:image:type\" content=\"image\/jpeg\" \/>\n<meta name=\"twitter:card\" content=\"summary_large_image\" \/>\n<script type=\"application\/ld+json\" class=\"yoast-schema-graph\">{\"@context\":\"https:\/\/schema.org\",\"@graph\":[{\"@type\":\"WebPage\",\"@id\":\"https:\/\/ibc.ee\/sv\/produkt\/sifonpump-av-plast-for-overforing-av-flytande-bransle\/\",\"url\":\"https:\/\/ibc.ee\/sv\/produkt\/sifonpump-av-plast-for-overforing-av-flytande-bransle\/\",\"name\":\"Sifonpump av plast f\u00f6r \u00f6verf\u00f6ring av flytande br\u00e4nsle -\",\"isPartOf\":{\"@id\":\"https:\/\/www.ibc.ee\/sv\/#website\"},\"primaryImageOfPage\":{\"@id\":\"https:\/\/ibc.ee\/sv\/produkt\/sifonpump-av-plast-for-overforing-av-flytande-bransle\/#primaryimage\"},\"image\":{\"@id\":\"https:\/\/ibc.ee\/sv\/produkt\/sifonpump-av-plast-for-overforing-av-flytande-bransle\/#primaryimage\"},\"thumbnailUrl\":\"https:\/\/ibc.ee\/wp-content\/uploads\/2021\/02\/Sifoonpump-13-15-l-min.jpg\",\"datePublished\":\"2025-04-22T11:07:38+00:00\",\"description\":\"Sifonpump av plast f\u00f6r \u00f6verf\u00f6ring av flytande br\u00e4nsle. Kapacitet: 13-15 l\/min. Anv\u00e4ndningsomr\u00e5den: Kemikalier, petroleumbaserade v\u00e4tskor, vatten\",\"breadcrumb\":{\"@id\":\"https:\/\/ibc.ee\/sv\/produkt\/sifonpump-av-plast-for-overforing-av-flytande-bransle\/#breadcrumb\"},\"inLanguage\":\"sv-SE\",\"potentialAction\":[{\"@type\":\"ReadAction\",\"target\":[\"https:\/\/ibc.ee\/sv\/produkt\/sifonpump-av-plast-for-overforing-av-flytande-bransle\/\"]}]},{\"@type\":\"ImageObject\",\"inLanguage\":\"sv-SE\",\"@id\":\"https:\/\/ibc.ee\/sv\/produkt\/sifonpump-av-plast-for-overforing-av-flytande-bransle\/#primaryimage\",\"url\":\"https:\/\/ibc.ee\/wp-content\/uploads\/2021\/02\/Sifoonpump-13-15-l-min.jpg\",\"contentUrl\":\"https:\/\/ibc.ee\/wp-content\/uploads\/2021\/02\/Sifoonpump-13-15-l-min.jpg\",\"width\":1000,\"height\":1000},{\"@type\":\"BreadcrumbList\",\"@id\":\"https:\/\/ibc.ee\/sv\/produkt\/sifonpump-av-plast-for-overforing-av-flytande-bransle\/#breadcrumb\",\"itemListElement\":[{\"@type\":\"ListItem\",\"position\":1,\"name\":\"\u0413\u043b\u0430\u0432\u043d\u0430\u044f \u0441\u0442\u0440\u0430\u043d\u0438\u0446\u0430\",\"item\":\"https:\/\/www.ibc.ee\/sv\/\"},{\"@type\":\"ListItem\",\"position\":2,\"name\":\"Butik\",\"item\":\"https:\/\/www.ibc.ee\/sv\/butik\/\"},{\"@type\":\"ListItem\",\"position\":3,\"name\":\"Sifonpump av plast f\u00f6r \u00f6verf\u00f6ring av flytande br\u00e4nsle\"}]},{\"@type\":\"WebSite\",\"@id\":\"https:\/\/www.ibc.ee\/sv\/#website\",\"url\":\"https:\/\/www.ibc.ee\/sv\/\",\"name\":\"IBC konteineri m&uuml;&uuml;k, vaadid, kraanid, mahutid\",\"description\":\"IBC - Tank container valve, Adapters\\\\fittings, Intermediate bulk, container, Drums\/cans\",\"potentialAction\":[{\"@type\":\"SearchAction\",\"target\":{\"@type\":\"EntryPoint\",\"urlTemplate\":\"https:\/\/www.ibc.ee\/sv\/?s={search_term_string}\"},\"query-input\":{\"@type\":\"PropertyValueSpecification\",\"valueRequired\":true,\"valueName\":\"search_term_string\"}}],\"inLanguage\":\"sv-SE\"}]}<\/script>\n<!-- \/ Yoast SEO plugin. -->","yoast_head_json":{"title":"Sifonpump av plast f\u00f6r \u00f6verf\u00f6ring av flytande br\u00e4nsle -","description":"Sifonpump av plast f\u00f6r \u00f6verf\u00f6ring av flytande br\u00e4nsle. Kapacitet: 13-15 l\/min. Anv\u00e4ndningsomr\u00e5den: Kemikalier, petroleumbaserade v\u00e4tskor, vatten","robots":{"index":"index","follow":"follow","max-snippet":"max-snippet:-1","max-image-preview":"max-image-preview:large","max-video-preview":"max-video-preview:-1"},"canonical":"https:\/\/ibc.ee\/sv\/produkt\/sifonpump-av-plast-for-overforing-av-flytande-bransle\/","og_locale":"sv_SE","og_type":"article","og_title":"Sifonpump av plast f\u00f6r \u00f6verf\u00f6ring av flytande br\u00e4nsle -","og_description":"Sifonpump av plast f\u00f6r \u00f6verf\u00f6ring av flytande br\u00e4nsle. Kapacitet: 13-15 l\/min. Anv\u00e4ndningsomr\u00e5den: Kemikalier, petroleumbaserade v\u00e4tskor, vatten","og_url":"https:\/\/ibc.ee\/sv\/produkt\/sifonpump-av-plast-for-overforing-av-flytande-bransle\/","og_site_name":"IBC konteineri m&uuml;&uuml;k, vaadid, kraanid, mahutid","og_image":[{"width":1000,"height":1000,"url":"https:\/\/www.ibc.ee\/wp-content\/uploads\/2021\/02\/Sifoonpump-13-15-l-min.jpg","type":"image\/jpeg"}],"twitter_card":"summary_large_image","schema":{"@context":"https:\/\/schema.org","@graph":[{"@type":"WebPage","@id":"https:\/\/ibc.ee\/sv\/produkt\/sifonpump-av-plast-for-overforing-av-flytande-bransle\/","url":"https:\/\/ibc.ee\/sv\/produkt\/sifonpump-av-plast-for-overforing-av-flytande-bransle\/","name":"Sifonpump av plast f\u00f6r \u00f6verf\u00f6ring av flytande br\u00e4nsle -","isPartOf":{"@id":"https:\/\/www.ibc.ee\/sv\/#website"},"primaryImageOfPage":{"@id":"https:\/\/ibc.ee\/sv\/produkt\/sifonpump-av-plast-for-overforing-av-flytande-bransle\/#primaryimage"},"image":{"@id":"https:\/\/ibc.ee\/sv\/produkt\/sifonpump-av-plast-for-overforing-av-flytande-bransle\/#primaryimage"},"thumbnailUrl":"https:\/\/ibc.ee\/wp-content\/uploads\/2021\/02\/Sifoonpump-13-15-l-min.jpg","datePublished":"2025-04-22T11:07:38+00:00","description":"Sifonpump av plast f\u00f6r \u00f6verf\u00f6ring av flytande br\u00e4nsle. Kapacitet: 13-15 l\/min. Anv\u00e4ndningsomr\u00e5den: Kemikalier, petroleumbaserade v\u00e4tskor, vatten","breadcrumb":{"@id":"https:\/\/ibc.ee\/sv\/produkt\/sifonpump-av-plast-for-overforing-av-flytande-bransle\/#breadcrumb"},"inLanguage":"sv-SE","potentialAction":[{"@type":"ReadAction","target":["https:\/\/ibc.ee\/sv\/produkt\/sifonpump-av-plast-for-overforing-av-flytande-bransle\/"]}]},{"@type":"ImageObject","inLanguage":"sv-SE","@id":"https:\/\/ibc.ee\/sv\/produkt\/sifonpump-av-plast-for-overforing-av-flytande-bransle\/#primaryimage","url":"https:\/\/ibc.ee\/wp-content\/uploads\/2021\/02\/Sifoonpump-13-15-l-min.jpg","contentUrl":"https:\/\/ibc.ee\/wp-content\/uploads\/2021\/02\/Sifoonpump-13-15-l-min.jpg","width":1000,"height":1000},{"@type":"BreadcrumbList","@id":"https:\/\/ibc.ee\/sv\/produkt\/sifonpump-av-plast-for-overforing-av-flytande-bransle\/#breadcrumb","itemListElement":[{"@type":"ListItem","position":1,"name":"\u0413\u043b\u0430\u0432\u043d\u0430\u044f \u0441\u0442\u0440\u0430\u043d\u0438\u0446\u0430","item":"https:\/\/www.ibc.ee\/sv\/"},{"@type":"ListItem","position":2,"name":"Butik","item":"https:\/\/www.ibc.ee\/sv\/butik\/"},{"@type":"ListItem","position":3,"name":"Sifonpump av plast f\u00f6r \u00f6verf\u00f6ring av flytande br\u00e4nsle"}]},{"@type":"WebSite","@id":"https:\/\/www.ibc.ee\/sv\/#website","url":"https:\/\/www.ibc.ee\/sv\/","name":"IBC konteineri m&uuml;&uuml;k, vaadid, kraanid, mahutid","description":"IBC - Tank container valve, Adapters\\fittings, Intermediate bulk, container, Drums\/cans","potentialAction":[{"@type":"SearchAction","target":{"@type":"EntryPoint","urlTemplate":"https:\/\/www.ibc.ee\/sv\/?s={search_term_string}"},"query-input":{"@type":"PropertyValueSpecification","valueRequired":true,"valueName":"search_term_string"}}],"inLanguage":"sv-SE"}]}},"_links":{"self":[{"href":"https:\/\/ibc.ee\/sv\/wp-json\/wp\/v2\/product\/23322","targetHints":{"allow":["GET"]}}],"collection":[{"href":"https:\/\/ibc.ee\/sv\/wp-json\/wp\/v2\/product"}],"about":[{"href":"https:\/\/ibc.ee\/sv\/wp-json\/wp\/v2\/types\/product"}],"wp:featuredmedia":[{"embeddable":true,"href":"https:\/\/ibc.ee\/sv\/wp-json\/wp\/v2\/media\/23323"}],"wp:attachment":[{"href":"https:\/\/ibc.ee\/sv\/wp-json\/wp\/v2\/media?parent=23322"}],"wp:term":[{"taxonomy":"product_brand","embeddable":true,"href":"https:\/\/ibc.ee\/sv\/wp-json\/wp\/v2\/product_brand?post=23322"},{"taxonomy":"product_cat","embeddable":true,"href":"https:\/\/ibc.ee\/sv\/wp-json\/wp\/v2\/product_cat?post=23322"},{"taxonomy":"product_tag","embeddable":true,"href":"https:\/\/ibc.ee\/sv\/wp-json\/wp\/v2\/product_tag?post=23322"}],"curies":[{"name":"wp","href":"https:\/\/api.w.org\/{rel}","templated":true}]}}