{"id":23340,"date":"2021-02-20T19:10:13","date_gmt":"2025-04-22T11:14:20","guid":{"rendered":"https:\/\/ibc.ee\/product\/handdriven-sifonpump-for-lyft-av-fat\/"},"modified":"2025-04-22T13:14:20","modified_gmt":"2025-04-22T11:14:20","slug":"handdriven-sifonpump-for-lyft-av-fat","status":"publish","type":"product","link":"https:\/\/ibc.ee\/sv\/produkt\/handdriven-sifonpump-for-lyft-av-fat\/","title":{"rendered":"Handdriven sifonpump f\u00f6r lyft av fat"},"content":{"rendered":"<p>Handdriven sifonlyftpump f\u00f6r trummor<\/p>\n<p>Specifikationer:<br \/>\nModell: GT-130 Vertikal handlyftpump av plast<br \/>\nT\u00e4tningar: Buna N\/Nitril<br \/>\nMaterial: PP<br \/>\nSkopadapter: 2&#8243;BSP eller M63<br \/>\nInlopp \/ Utlopp Dia: 43\/22 mm<br \/>\nFl\u00f6deshastighet: 200 ml\/slag<br \/>\nTill\u00e4mpningar: AdBlue<\/p>\n","protected":false},"excerpt":{"rendered":"<p>Handdriven sifonlyftpump f\u00f6r trummor Specifikationer: Modell: GT-130 Vertikal handlyftpump av plast T\u00e4tningar: Buna N\/Nitril Material: PP Skopadapter: 2&#8243;BSP eller M63 Inlopp \/ Utlopp Dia: 43\/22 mm Fl\u00f6deshastighet: 200 ml\/slag Till\u00e4mpningar: AdBlue<\/p>\n","protected":false},"featured_media":23341,"template":"","meta":[],"product_brand":[],"product_cat":[448],"product_tag":[],"class_list":{"0":"post-23340","1":"product","2":"type-product","3":"status-publish","4":"has-post-thumbnail","6":"product_cat-fat-och-burkar","7":"product_shipping_class-tillbehor","9":"first","10":"onbackorder","11":"taxable","12":"shipping-taxable","13":"purchasable","14":"product-type-simple"},"yoast_head":"<!-- This site is optimized with the Yoast SEO plugin v26.9 - https:\/\/yoast.com\/product\/yoast-seo-wordpress\/ -->\n<title>Handdriven sifonpump f\u00f6r lyft av fat -<\/title>\n<meta name=\"description\" content=\"Handdriven sifonpump f\u00f6r lyft av fat. Skopadapter: 2&quot;BSP eller M63. Anv\u00e4ndningsomr\u00e5den: AdBlue. Skopadapter: 2&quot;BSP eller M63\" \/>\n<meta name=\"robots\" content=\"index, follow, max-snippet:-1, max-image-preview:large, max-video-preview:-1\" \/>\n<link rel=\"canonical\" href=\"https:\/\/ibc.ee\/sv\/produkt\/handdriven-sifonpump-for-lyft-av-fat\/\" \/>\n<meta property=\"og:locale\" content=\"sv_SE\" \/>\n<meta property=\"og:type\" content=\"article\" \/>\n<meta property=\"og:title\" content=\"Handdriven sifonpump f\u00f6r lyft av fat -\" \/>\n<meta property=\"og:description\" content=\"Handdriven sifonpump f\u00f6r lyft av fat. Skopadapter: 2&quot;BSP eller M63. Anv\u00e4ndningsomr\u00e5den: AdBlue. Skopadapter: 2&quot;BSP eller M63\" \/>\n<meta property=\"og:url\" content=\"https:\/\/ibc.ee\/sv\/produkt\/handdriven-sifonpump-for-lyft-av-fat\/\" \/>\n<meta property=\"og:site_name\" content=\"IBC konteineri m&uuml;&uuml;k, vaadid, kraanid, mahutid\" \/>\n<meta property=\"og:image\" content=\"https:\/\/ibc.ee\/wp-content\/uploads\/2021\/02\/Kasipump-vaadile-AdBlue.jpg\" \/>\n\t<meta property=\"og:image:width\" content=\"1000\" \/>\n\t<meta property=\"og:image:height\" content=\"1000\" \/>\n\t<meta property=\"og:image:type\" content=\"image\/jpeg\" \/>\n<meta name=\"twitter:card\" content=\"summary_large_image\" \/>\n<script type=\"application\/ld+json\" class=\"yoast-schema-graph\">{\"@context\":\"https:\/\/schema.org\",\"@graph\":[{\"@type\":\"WebPage\",\"@id\":\"https:\/\/ibc.ee\/sv\/produkt\/handdriven-sifonpump-for-lyft-av-fat\/\",\"url\":\"https:\/\/ibc.ee\/sv\/produkt\/handdriven-sifonpump-for-lyft-av-fat\/\",\"name\":\"Handdriven sifonpump f\u00f6r lyft av fat -\",\"isPartOf\":{\"@id\":\"https:\/\/www.ibc.ee\/sv\/#website\"},\"primaryImageOfPage\":{\"@id\":\"https:\/\/ibc.ee\/sv\/produkt\/handdriven-sifonpump-for-lyft-av-fat\/#primaryimage\"},\"image\":{\"@id\":\"https:\/\/ibc.ee\/sv\/produkt\/handdriven-sifonpump-for-lyft-av-fat\/#primaryimage\"},\"thumbnailUrl\":\"https:\/\/ibc.ee\/wp-content\/uploads\/2021\/02\/Kasipump-vaadile-AdBlue.jpg\",\"datePublished\":\"2025-04-22T11:14:20+00:00\",\"description\":\"Handdriven sifonpump f\u00f6r lyft av fat. Skopadapter: 2\\\"BSP eller M63. Anv\u00e4ndningsomr\u00e5den: AdBlue. Skopadapter: 2\\\"BSP eller M63\",\"breadcrumb\":{\"@id\":\"https:\/\/ibc.ee\/sv\/produkt\/handdriven-sifonpump-for-lyft-av-fat\/#breadcrumb\"},\"inLanguage\":\"sv-SE\",\"potentialAction\":[{\"@type\":\"ReadAction\",\"target\":[\"https:\/\/ibc.ee\/sv\/produkt\/handdriven-sifonpump-for-lyft-av-fat\/\"]}]},{\"@type\":\"ImageObject\",\"inLanguage\":\"sv-SE\",\"@id\":\"https:\/\/ibc.ee\/sv\/produkt\/handdriven-sifonpump-for-lyft-av-fat\/#primaryimage\",\"url\":\"https:\/\/ibc.ee\/wp-content\/uploads\/2021\/02\/Kasipump-vaadile-AdBlue.jpg\",\"contentUrl\":\"https:\/\/ibc.ee\/wp-content\/uploads\/2021\/02\/Kasipump-vaadile-AdBlue.jpg\",\"width\":1000,\"height\":1000},{\"@type\":\"BreadcrumbList\",\"@id\":\"https:\/\/ibc.ee\/sv\/produkt\/handdriven-sifonpump-for-lyft-av-fat\/#breadcrumb\",\"itemListElement\":[{\"@type\":\"ListItem\",\"position\":1,\"name\":\"\u0413\u043b\u0430\u0432\u043d\u0430\u044f \u0441\u0442\u0440\u0430\u043d\u0438\u0446\u0430\",\"item\":\"https:\/\/www.ibc.ee\/sv\/\"},{\"@type\":\"ListItem\",\"position\":2,\"name\":\"Butik\",\"item\":\"https:\/\/www.ibc.ee\/sv\/butik\/\"},{\"@type\":\"ListItem\",\"position\":3,\"name\":\"Handdriven sifonpump f\u00f6r lyft av fat\"}]},{\"@type\":\"WebSite\",\"@id\":\"https:\/\/www.ibc.ee\/sv\/#website\",\"url\":\"https:\/\/www.ibc.ee\/sv\/\",\"name\":\"IBC konteineri m&uuml;&uuml;k, vaadid, kraanid, mahutid\",\"description\":\"IBC - Tank container valve, Adapters\\\\fittings, Intermediate bulk, container, Drums\/cans\",\"potentialAction\":[{\"@type\":\"SearchAction\",\"target\":{\"@type\":\"EntryPoint\",\"urlTemplate\":\"https:\/\/www.ibc.ee\/sv\/?s={search_term_string}\"},\"query-input\":{\"@type\":\"PropertyValueSpecification\",\"valueRequired\":true,\"valueName\":\"search_term_string\"}}],\"inLanguage\":\"sv-SE\"}]}<\/script>\n<!-- \/ Yoast SEO plugin. -->","yoast_head_json":{"title":"Handdriven sifonpump f\u00f6r lyft av fat -","description":"Handdriven sifonpump f\u00f6r lyft av fat. Skopadapter: 2\"BSP eller M63. Anv\u00e4ndningsomr\u00e5den: AdBlue. Skopadapter: 2\"BSP eller M63","robots":{"index":"index","follow":"follow","max-snippet":"max-snippet:-1","max-image-preview":"max-image-preview:large","max-video-preview":"max-video-preview:-1"},"canonical":"https:\/\/ibc.ee\/sv\/produkt\/handdriven-sifonpump-for-lyft-av-fat\/","og_locale":"sv_SE","og_type":"article","og_title":"Handdriven sifonpump f\u00f6r lyft av fat -","og_description":"Handdriven sifonpump f\u00f6r lyft av fat. Skopadapter: 2\"BSP eller M63. Anv\u00e4ndningsomr\u00e5den: AdBlue. Skopadapter: 2\"BSP eller M63","og_url":"https:\/\/ibc.ee\/sv\/produkt\/handdriven-sifonpump-for-lyft-av-fat\/","og_site_name":"IBC konteineri m&uuml;&uuml;k, vaadid, kraanid, mahutid","og_image":[{"width":1000,"height":1000,"url":"https:\/\/ibc.ee\/wp-content\/uploads\/2021\/02\/Kasipump-vaadile-AdBlue.jpg","type":"image\/jpeg"}],"twitter_card":"summary_large_image","schema":{"@context":"https:\/\/schema.org","@graph":[{"@type":"WebPage","@id":"https:\/\/ibc.ee\/sv\/produkt\/handdriven-sifonpump-for-lyft-av-fat\/","url":"https:\/\/ibc.ee\/sv\/produkt\/handdriven-sifonpump-for-lyft-av-fat\/","name":"Handdriven sifonpump f\u00f6r lyft av fat -","isPartOf":{"@id":"https:\/\/www.ibc.ee\/sv\/#website"},"primaryImageOfPage":{"@id":"https:\/\/ibc.ee\/sv\/produkt\/handdriven-sifonpump-for-lyft-av-fat\/#primaryimage"},"image":{"@id":"https:\/\/ibc.ee\/sv\/produkt\/handdriven-sifonpump-for-lyft-av-fat\/#primaryimage"},"thumbnailUrl":"https:\/\/ibc.ee\/wp-content\/uploads\/2021\/02\/Kasipump-vaadile-AdBlue.jpg","datePublished":"2025-04-22T11:14:20+00:00","description":"Handdriven sifonpump f\u00f6r lyft av fat. Skopadapter: 2\"BSP eller M63. Anv\u00e4ndningsomr\u00e5den: AdBlue. Skopadapter: 2\"BSP eller M63","breadcrumb":{"@id":"https:\/\/ibc.ee\/sv\/produkt\/handdriven-sifonpump-for-lyft-av-fat\/#breadcrumb"},"inLanguage":"sv-SE","potentialAction":[{"@type":"ReadAction","target":["https:\/\/ibc.ee\/sv\/produkt\/handdriven-sifonpump-for-lyft-av-fat\/"]}]},{"@type":"ImageObject","inLanguage":"sv-SE","@id":"https:\/\/ibc.ee\/sv\/produkt\/handdriven-sifonpump-for-lyft-av-fat\/#primaryimage","url":"https:\/\/ibc.ee\/wp-content\/uploads\/2021\/02\/Kasipump-vaadile-AdBlue.jpg","contentUrl":"https:\/\/ibc.ee\/wp-content\/uploads\/2021\/02\/Kasipump-vaadile-AdBlue.jpg","width":1000,"height":1000},{"@type":"BreadcrumbList","@id":"https:\/\/ibc.ee\/sv\/produkt\/handdriven-sifonpump-for-lyft-av-fat\/#breadcrumb","itemListElement":[{"@type":"ListItem","position":1,"name":"\u0413\u043b\u0430\u0432\u043d\u0430\u044f \u0441\u0442\u0440\u0430\u043d\u0438\u0446\u0430","item":"https:\/\/www.ibc.ee\/sv\/"},{"@type":"ListItem","position":2,"name":"Butik","item":"https:\/\/www.ibc.ee\/sv\/butik\/"},{"@type":"ListItem","position":3,"name":"Handdriven sifonpump f\u00f6r lyft av fat"}]},{"@type":"WebSite","@id":"https:\/\/www.ibc.ee\/sv\/#website","url":"https:\/\/www.ibc.ee\/sv\/","name":"IBC konteineri m&uuml;&uuml;k, vaadid, kraanid, mahutid","description":"IBC - Tank container valve, Adapters\\fittings, Intermediate bulk, container, Drums\/cans","potentialAction":[{"@type":"SearchAction","target":{"@type":"EntryPoint","urlTemplate":"https:\/\/www.ibc.ee\/sv\/?s={search_term_string}"},"query-input":{"@type":"PropertyValueSpecification","valueRequired":true,"valueName":"search_term_string"}}],"inLanguage":"sv-SE"}]}},"_links":{"self":[{"href":"https:\/\/ibc.ee\/sv\/wp-json\/wp\/v2\/product\/23340","targetHints":{"allow":["GET"]}}],"collection":[{"href":"https:\/\/ibc.ee\/sv\/wp-json\/wp\/v2\/product"}],"about":[{"href":"https:\/\/ibc.ee\/sv\/wp-json\/wp\/v2\/types\/product"}],"wp:featuredmedia":[{"embeddable":true,"href":"https:\/\/ibc.ee\/sv\/wp-json\/wp\/v2\/media\/23341"}],"wp:attachment":[{"href":"https:\/\/ibc.ee\/sv\/wp-json\/wp\/v2\/media?parent=23340"}],"wp:term":[{"taxonomy":"product_brand","embeddable":true,"href":"https:\/\/ibc.ee\/sv\/wp-json\/wp\/v2\/product_brand?post=23340"},{"taxonomy":"product_cat","embeddable":true,"href":"https:\/\/ibc.ee\/sv\/wp-json\/wp\/v2\/product_cat?post=23340"},{"taxonomy":"product_tag","embeddable":true,"href":"https:\/\/ibc.ee\/sv\/wp-json\/wp\/v2\/product_tag?post=23340"}],"curies":[{"name":"wp","href":"https:\/\/api.w.org\/{rel}","templated":true}]}}