{"id":23344,"date":"2021-02-20T18:39:26","date_gmt":"2025-04-22T11:21:16","guid":{"rendered":"https:\/\/ibc.ee\/product\/handdriven-spakpump-for-fat-och-tunnor\/"},"modified":"2025-04-22T13:21:16","modified_gmt":"2025-04-22T11:21:16","slug":"handdriven-spakpump-for-fat-och-tunnor","status":"publish","type":"product","link":"https:\/\/ibc.ee\/sv\/produkt\/handdriven-spakpump-for-fat-och-tunnor\/","title":{"rendered":"Handdriven spakpump f\u00f6r fat och tunnor"},"content":{"rendered":"<p>Handdriven spakpump f\u00f6r fat<\/p>\n<p>Specifikationer:<br \/>\nMaterial: Kromelektropl\u00e4terat st\u00e5l<br \/>\nT\u00e4tningsmaterial: NBR<br \/>\nKolv: PP<br \/>\nInlopp \/ Utlopp Dia: 29\/22 mm<br \/>\nKapacitet: 390 cc\/Slag<br \/>\nFl\u00f6de: 22 l\/min<br \/>\nSugning: 3m<br \/>\nLyft: 5m<br \/>\nAnv\u00e4ndningsomr\u00e5den: Diesel, fotogen, motorolja, hydraulolja<\/p>\n","protected":false},"excerpt":{"rendered":"<p>Handdriven spakpump f\u00f6r fat Specifikationer: Material: Kromelektropl\u00e4terat st\u00e5l T\u00e4tningsmaterial: NBR Kolv: PP Inlopp \/ Utlopp Dia: 29\/22 mm Kapacitet: 390 cc\/Slag Fl\u00f6de: 22 l\/min Sugning: 3m Lyft: 5m Anv\u00e4ndningsomr\u00e5den: Diesel, fotogen, motorolja, hydraulolja<\/p>\n","protected":false},"featured_media":23345,"template":"","meta":[],"product_brand":[],"product_cat":[448],"product_tag":[],"class_list":{"0":"post-23344","1":"product","2":"type-product","3":"status-publish","4":"has-post-thumbnail","6":"product_cat-fat-och-burkar","7":"product_shipping_class-tillbehor","9":"first","10":"onbackorder","11":"taxable","12":"shipping-taxable","13":"purchasable","14":"product-type-simple"},"yoast_head":"<!-- This site is optimized with the Yoast SEO plugin v26.9 - https:\/\/yoast.com\/product\/yoast-seo-wordpress\/ -->\n<title>Handdriven spakpump f\u00f6r fat och tunnor -<\/title>\n<meta name=\"description\" content=\"Handdriven spakpump f\u00f6r fat och tunnor. Krom-elektropl\u00e4terat st\u00e5l. Fl\u00f6de: 22 l\/min. Anv\u00e4ndningsomr\u00e5den: Diesel, fotogen, motorolja, hydraulolja\" \/>\n<meta name=\"robots\" content=\"index, follow, max-snippet:-1, max-image-preview:large, max-video-preview:-1\" \/>\n<link rel=\"canonical\" href=\"https:\/\/ibc.ee\/sv\/produkt\/handdriven-spakpump-for-fat-och-tunnor\/\" \/>\n<meta property=\"og:locale\" content=\"sv_SE\" \/>\n<meta property=\"og:type\" content=\"article\" \/>\n<meta property=\"og:title\" content=\"Handdriven spakpump f\u00f6r fat och tunnor -\" \/>\n<meta property=\"og:description\" content=\"Handdriven spakpump f\u00f6r fat och tunnor. Krom-elektropl\u00e4terat st\u00e5l. Fl\u00f6de: 22 l\/min. Anv\u00e4ndningsomr\u00e5den: Diesel, fotogen, motorolja, hydraulolja\" \/>\n<meta property=\"og:url\" content=\"https:\/\/ibc.ee\/sv\/produkt\/handdriven-spakpump-for-fat-och-tunnor\/\" \/>\n<meta property=\"og:site_name\" content=\"IBC konteineri m&uuml;&uuml;k, vaadid, kraanid, mahutid\" \/>\n<meta property=\"og:image\" content=\"https:\/\/ibc.ee\/wp-content\/uploads\/2021\/02\/Kasipump-tunnile-kemikaalide-jaoks.jpg\" \/>\n\t<meta property=\"og:image:width\" content=\"1000\" \/>\n\t<meta property=\"og:image:height\" content=\"1000\" \/>\n\t<meta property=\"og:image:type\" content=\"image\/jpeg\" \/>\n<meta name=\"twitter:card\" content=\"summary_large_image\" \/>\n<script type=\"application\/ld+json\" class=\"yoast-schema-graph\">{\"@context\":\"https:\/\/schema.org\",\"@graph\":[{\"@type\":\"WebPage\",\"@id\":\"https:\/\/ibc.ee\/sv\/produkt\/handdriven-spakpump-for-fat-och-tunnor\/\",\"url\":\"https:\/\/ibc.ee\/sv\/produkt\/handdriven-spakpump-for-fat-och-tunnor\/\",\"name\":\"Handdriven spakpump f\u00f6r fat och tunnor -\",\"isPartOf\":{\"@id\":\"https:\/\/www.ibc.ee\/sv\/#website\"},\"primaryImageOfPage\":{\"@id\":\"https:\/\/ibc.ee\/sv\/produkt\/handdriven-spakpump-for-fat-och-tunnor\/#primaryimage\"},\"image\":{\"@id\":\"https:\/\/ibc.ee\/sv\/produkt\/handdriven-spakpump-for-fat-och-tunnor\/#primaryimage\"},\"thumbnailUrl\":\"https:\/\/ibc.ee\/wp-content\/uploads\/2021\/02\/Kasipump-tunnile-kemikaalide-jaoks.jpg\",\"datePublished\":\"2025-04-22T11:21:16+00:00\",\"description\":\"Handdriven spakpump f\u00f6r fat och tunnor. Krom-elektropl\u00e4terat st\u00e5l. Fl\u00f6de: 22 l\/min. Anv\u00e4ndningsomr\u00e5den: Diesel, fotogen, motorolja, hydraulolja\",\"breadcrumb\":{\"@id\":\"https:\/\/ibc.ee\/sv\/produkt\/handdriven-spakpump-for-fat-och-tunnor\/#breadcrumb\"},\"inLanguage\":\"sv-SE\",\"potentialAction\":[{\"@type\":\"ReadAction\",\"target\":[\"https:\/\/ibc.ee\/sv\/produkt\/handdriven-spakpump-for-fat-och-tunnor\/\"]}]},{\"@type\":\"ImageObject\",\"inLanguage\":\"sv-SE\",\"@id\":\"https:\/\/ibc.ee\/sv\/produkt\/handdriven-spakpump-for-fat-och-tunnor\/#primaryimage\",\"url\":\"https:\/\/ibc.ee\/wp-content\/uploads\/2021\/02\/Kasipump-tunnile-kemikaalide-jaoks.jpg\",\"contentUrl\":\"https:\/\/ibc.ee\/wp-content\/uploads\/2021\/02\/Kasipump-tunnile-kemikaalide-jaoks.jpg\",\"width\":1000,\"height\":1000},{\"@type\":\"BreadcrumbList\",\"@id\":\"https:\/\/ibc.ee\/sv\/produkt\/handdriven-spakpump-for-fat-och-tunnor\/#breadcrumb\",\"itemListElement\":[{\"@type\":\"ListItem\",\"position\":1,\"name\":\"\u0413\u043b\u0430\u0432\u043d\u0430\u044f \u0441\u0442\u0440\u0430\u043d\u0438\u0446\u0430\",\"item\":\"https:\/\/www.ibc.ee\/sv\/\"},{\"@type\":\"ListItem\",\"position\":2,\"name\":\"Butik\",\"item\":\"https:\/\/www.ibc.ee\/sv\/butik\/\"},{\"@type\":\"ListItem\",\"position\":3,\"name\":\"Handdriven spakpump f\u00f6r fat och tunnor\"}]},{\"@type\":\"WebSite\",\"@id\":\"https:\/\/www.ibc.ee\/sv\/#website\",\"url\":\"https:\/\/www.ibc.ee\/sv\/\",\"name\":\"IBC konteineri m&uuml;&uuml;k, vaadid, kraanid, mahutid\",\"description\":\"IBC - Tank container valve, Adapters\\\\fittings, Intermediate bulk, container, Drums\/cans\",\"potentialAction\":[{\"@type\":\"SearchAction\",\"target\":{\"@type\":\"EntryPoint\",\"urlTemplate\":\"https:\/\/www.ibc.ee\/sv\/?s={search_term_string}\"},\"query-input\":{\"@type\":\"PropertyValueSpecification\",\"valueRequired\":true,\"valueName\":\"search_term_string\"}}],\"inLanguage\":\"sv-SE\"}]}<\/script>\n<!-- \/ Yoast SEO plugin. -->","yoast_head_json":{"title":"Handdriven spakpump f\u00f6r fat och tunnor -","description":"Handdriven spakpump f\u00f6r fat och tunnor. Krom-elektropl\u00e4terat st\u00e5l. Fl\u00f6de: 22 l\/min. Anv\u00e4ndningsomr\u00e5den: Diesel, fotogen, motorolja, hydraulolja","robots":{"index":"index","follow":"follow","max-snippet":"max-snippet:-1","max-image-preview":"max-image-preview:large","max-video-preview":"max-video-preview:-1"},"canonical":"https:\/\/ibc.ee\/sv\/produkt\/handdriven-spakpump-for-fat-och-tunnor\/","og_locale":"sv_SE","og_type":"article","og_title":"Handdriven spakpump f\u00f6r fat och tunnor -","og_description":"Handdriven spakpump f\u00f6r fat och tunnor. Krom-elektropl\u00e4terat st\u00e5l. Fl\u00f6de: 22 l\/min. Anv\u00e4ndningsomr\u00e5den: Diesel, fotogen, motorolja, hydraulolja","og_url":"https:\/\/ibc.ee\/sv\/produkt\/handdriven-spakpump-for-fat-och-tunnor\/","og_site_name":"IBC konteineri m&uuml;&uuml;k, vaadid, kraanid, mahutid","og_image":[{"width":1000,"height":1000,"url":"https:\/\/ibc.ee\/wp-content\/uploads\/2021\/02\/Kasipump-tunnile-kemikaalide-jaoks.jpg","type":"image\/jpeg"}],"twitter_card":"summary_large_image","schema":{"@context":"https:\/\/schema.org","@graph":[{"@type":"WebPage","@id":"https:\/\/ibc.ee\/sv\/produkt\/handdriven-spakpump-for-fat-och-tunnor\/","url":"https:\/\/ibc.ee\/sv\/produkt\/handdriven-spakpump-for-fat-och-tunnor\/","name":"Handdriven spakpump f\u00f6r fat och tunnor -","isPartOf":{"@id":"https:\/\/www.ibc.ee\/sv\/#website"},"primaryImageOfPage":{"@id":"https:\/\/ibc.ee\/sv\/produkt\/handdriven-spakpump-for-fat-och-tunnor\/#primaryimage"},"image":{"@id":"https:\/\/ibc.ee\/sv\/produkt\/handdriven-spakpump-for-fat-och-tunnor\/#primaryimage"},"thumbnailUrl":"https:\/\/ibc.ee\/wp-content\/uploads\/2021\/02\/Kasipump-tunnile-kemikaalide-jaoks.jpg","datePublished":"2025-04-22T11:21:16+00:00","description":"Handdriven spakpump f\u00f6r fat och tunnor. Krom-elektropl\u00e4terat st\u00e5l. Fl\u00f6de: 22 l\/min. Anv\u00e4ndningsomr\u00e5den: Diesel, fotogen, motorolja, hydraulolja","breadcrumb":{"@id":"https:\/\/ibc.ee\/sv\/produkt\/handdriven-spakpump-for-fat-och-tunnor\/#breadcrumb"},"inLanguage":"sv-SE","potentialAction":[{"@type":"ReadAction","target":["https:\/\/ibc.ee\/sv\/produkt\/handdriven-spakpump-for-fat-och-tunnor\/"]}]},{"@type":"ImageObject","inLanguage":"sv-SE","@id":"https:\/\/ibc.ee\/sv\/produkt\/handdriven-spakpump-for-fat-och-tunnor\/#primaryimage","url":"https:\/\/ibc.ee\/wp-content\/uploads\/2021\/02\/Kasipump-tunnile-kemikaalide-jaoks.jpg","contentUrl":"https:\/\/ibc.ee\/wp-content\/uploads\/2021\/02\/Kasipump-tunnile-kemikaalide-jaoks.jpg","width":1000,"height":1000},{"@type":"BreadcrumbList","@id":"https:\/\/ibc.ee\/sv\/produkt\/handdriven-spakpump-for-fat-och-tunnor\/#breadcrumb","itemListElement":[{"@type":"ListItem","position":1,"name":"\u0413\u043b\u0430\u0432\u043d\u0430\u044f \u0441\u0442\u0440\u0430\u043d\u0438\u0446\u0430","item":"https:\/\/www.ibc.ee\/sv\/"},{"@type":"ListItem","position":2,"name":"Butik","item":"https:\/\/www.ibc.ee\/sv\/butik\/"},{"@type":"ListItem","position":3,"name":"Handdriven spakpump f\u00f6r fat och tunnor"}]},{"@type":"WebSite","@id":"https:\/\/www.ibc.ee\/sv\/#website","url":"https:\/\/www.ibc.ee\/sv\/","name":"IBC konteineri m&uuml;&uuml;k, vaadid, kraanid, mahutid","description":"IBC - Tank container valve, Adapters\\fittings, Intermediate bulk, container, Drums\/cans","potentialAction":[{"@type":"SearchAction","target":{"@type":"EntryPoint","urlTemplate":"https:\/\/www.ibc.ee\/sv\/?s={search_term_string}"},"query-input":{"@type":"PropertyValueSpecification","valueRequired":true,"valueName":"search_term_string"}}],"inLanguage":"sv-SE"}]}},"_links":{"self":[{"href":"https:\/\/ibc.ee\/sv\/wp-json\/wp\/v2\/product\/23344","targetHints":{"allow":["GET"]}}],"collection":[{"href":"https:\/\/ibc.ee\/sv\/wp-json\/wp\/v2\/product"}],"about":[{"href":"https:\/\/ibc.ee\/sv\/wp-json\/wp\/v2\/types\/product"}],"wp:featuredmedia":[{"embeddable":true,"href":"https:\/\/ibc.ee\/sv\/wp-json\/wp\/v2\/media\/23345"}],"wp:attachment":[{"href":"https:\/\/ibc.ee\/sv\/wp-json\/wp\/v2\/media?parent=23344"}],"wp:term":[{"taxonomy":"product_brand","embeddable":true,"href":"https:\/\/ibc.ee\/sv\/wp-json\/wp\/v2\/product_brand?post=23344"},{"taxonomy":"product_cat","embeddable":true,"href":"https:\/\/ibc.ee\/sv\/wp-json\/wp\/v2\/product_cat?post=23344"},{"taxonomy":"product_tag","embeddable":true,"href":"https:\/\/ibc.ee\/sv\/wp-json\/wp\/v2\/product_tag?post=23344"}],"curies":[{"name":"wp","href":"https:\/\/api.w.org\/{rel}","templated":true}]}}