{"id":23352,"date":"2021-02-20T00:01:48","date_gmt":"2025-04-22T11:22:30","guid":{"rendered":"https:\/\/ibc.ee\/product\/304-rostfritt-stal-5-gallon-handpump-med-vertikal-lyft\/"},"modified":"2025-04-22T13:22:30","modified_gmt":"2025-04-22T11:22:30","slug":"304-rostfritt-stal-5-gallon-handpump-med-vertikal-lyft","status":"publish","type":"product","link":"https:\/\/ibc.ee\/sv\/produkt\/304-rostfritt-stal-5-gallon-handpump-med-vertikal-lyft\/","title":{"rendered":"304 Rostfritt st\u00e5l 5-gallon handpump med vertikal lyft"},"content":{"rendered":"<p>304 rostfritt st\u00e5l 5-gallon handpump med vertikal lyft<\/p>\n<p>Specifikationer:<br \/>\nMaterial: 304 Rostfritt st\u00e5l<br \/>\nT\u00e4tningsmaterial: PTFE<br \/>\nKolv: PP<br \/>\nInloppsdiameter: 37<br \/>\nUtloppsdiameter: 19\/16 mm<br \/>\nKapacitet: 800 cc\/slag<br \/>\nFl\u00f6de: 35 l\/min<br \/>\nSugning: 1m<br \/>\nLyft: 1m<br \/>\nAnv\u00e4ndningsomr\u00e5den: Tung olja, maskinolja, livsmedel (juice, mj\u00f6lk, vin, vatten), alkohol<\/p>\n","protected":false},"excerpt":{"rendered":"<p>304 rostfritt st\u00e5l 5-gallon handpump med vertikal lyft Specifikationer: Material: 304 Rostfritt st\u00e5l T\u00e4tningsmaterial: PTFE Kolv: PP Inloppsdiameter: 37 Utloppsdiameter: 19\/16 mm Kapacitet: 800 cc\/slag Fl\u00f6de: 35 l\/min Sugning: 1m Lyft: 1m Anv\u00e4ndningsomr\u00e5den: Tung olja, maskinolja, livsmedel (juice, mj\u00f6lk, vin, vatten), alkohol<\/p>\n","protected":false},"featured_media":23353,"template":"","meta":[],"product_brand":[],"product_cat":[448],"product_tag":[],"class_list":{"0":"post-23352","1":"product","2":"type-product","3":"status-publish","4":"has-post-thumbnail","6":"product_cat-fat-och-burkar","7":"product_shipping_class-tillbehor","9":"first","10":"instock","11":"taxable","12":"shipping-taxable","13":"purchasable","14":"product-type-simple"},"yoast_head":"<!-- This site is optimized with the Yoast SEO plugin v26.9 - https:\/\/yoast.com\/product\/yoast-seo-wordpress\/ -->\n<title>304 Rostfritt st\u00e5l 5-gallon handpump med vertikal lyft -<\/title>\n<meta name=\"description\" content=\"304 Rostfritt st\u00e5l 5-gallon handpump med vertikal lyft. Anv\u00e4ndningsomr\u00e5den: Tung olja, maskinolja, livsmedel (juice, mj\u00f6lk, vin, vatten), alkohol\" \/>\n<meta name=\"robots\" content=\"index, follow, max-snippet:-1, max-image-preview:large, max-video-preview:-1\" \/>\n<link rel=\"canonical\" href=\"https:\/\/ibc.ee\/sv\/produkt\/304-rostfritt-stal-5-gallon-handpump-med-vertikal-lyft\/\" \/>\n<meta property=\"og:locale\" content=\"sv_SE\" \/>\n<meta property=\"og:type\" content=\"article\" \/>\n<meta property=\"og:title\" content=\"304 Rostfritt st\u00e5l 5-gallon handpump med vertikal lyft -\" \/>\n<meta property=\"og:description\" content=\"304 Rostfritt st\u00e5l 5-gallon handpump med vertikal lyft. Anv\u00e4ndningsomr\u00e5den: Tung olja, maskinolja, livsmedel (juice, mj\u00f6lk, vin, vatten), alkohol\" \/>\n<meta property=\"og:url\" content=\"https:\/\/ibc.ee\/sv\/produkt\/304-rostfritt-stal-5-gallon-handpump-med-vertikal-lyft\/\" \/>\n<meta property=\"og:site_name\" content=\"IBC konteineri m&uuml;&uuml;k, vaadid, kraanid, mahutid\" \/>\n<meta property=\"og:image\" content=\"https:\/\/ibc.ee\/wp-content\/uploads\/2021\/02\/Terasest-kasipump-tunnile.jpg\" \/>\n\t<meta property=\"og:image:width\" content=\"1000\" \/>\n\t<meta property=\"og:image:height\" content=\"1000\" \/>\n\t<meta property=\"og:image:type\" content=\"image\/jpeg\" \/>\n<meta name=\"twitter:card\" content=\"summary_large_image\" \/>\n<script type=\"application\/ld+json\" class=\"yoast-schema-graph\">{\"@context\":\"https:\/\/schema.org\",\"@graph\":[{\"@type\":\"WebPage\",\"@id\":\"https:\/\/ibc.ee\/sv\/produkt\/304-rostfritt-stal-5-gallon-handpump-med-vertikal-lyft\/\",\"url\":\"https:\/\/ibc.ee\/sv\/produkt\/304-rostfritt-stal-5-gallon-handpump-med-vertikal-lyft\/\",\"name\":\"304 Rostfritt st\u00e5l 5-gallon handpump med vertikal lyft -\",\"isPartOf\":{\"@id\":\"https:\/\/www.ibc.ee\/sv\/#website\"},\"primaryImageOfPage\":{\"@id\":\"https:\/\/ibc.ee\/sv\/produkt\/304-rostfritt-stal-5-gallon-handpump-med-vertikal-lyft\/#primaryimage\"},\"image\":{\"@id\":\"https:\/\/ibc.ee\/sv\/produkt\/304-rostfritt-stal-5-gallon-handpump-med-vertikal-lyft\/#primaryimage\"},\"thumbnailUrl\":\"https:\/\/ibc.ee\/wp-content\/uploads\/2021\/02\/Terasest-kasipump-tunnile.jpg\",\"datePublished\":\"2025-04-22T11:22:30+00:00\",\"description\":\"304 Rostfritt st\u00e5l 5-gallon handpump med vertikal lyft. Anv\u00e4ndningsomr\u00e5den: Tung olja, maskinolja, livsmedel (juice, mj\u00f6lk, vin, vatten), alkohol\",\"breadcrumb\":{\"@id\":\"https:\/\/ibc.ee\/sv\/produkt\/304-rostfritt-stal-5-gallon-handpump-med-vertikal-lyft\/#breadcrumb\"},\"inLanguage\":\"sv-SE\",\"potentialAction\":[{\"@type\":\"ReadAction\",\"target\":[\"https:\/\/ibc.ee\/sv\/produkt\/304-rostfritt-stal-5-gallon-handpump-med-vertikal-lyft\/\"]}]},{\"@type\":\"ImageObject\",\"inLanguage\":\"sv-SE\",\"@id\":\"https:\/\/ibc.ee\/sv\/produkt\/304-rostfritt-stal-5-gallon-handpump-med-vertikal-lyft\/#primaryimage\",\"url\":\"https:\/\/ibc.ee\/wp-content\/uploads\/2021\/02\/Terasest-kasipump-tunnile.jpg\",\"contentUrl\":\"https:\/\/ibc.ee\/wp-content\/uploads\/2021\/02\/Terasest-kasipump-tunnile.jpg\",\"width\":1000,\"height\":1000},{\"@type\":\"BreadcrumbList\",\"@id\":\"https:\/\/ibc.ee\/sv\/produkt\/304-rostfritt-stal-5-gallon-handpump-med-vertikal-lyft\/#breadcrumb\",\"itemListElement\":[{\"@type\":\"ListItem\",\"position\":1,\"name\":\"\u0413\u043b\u0430\u0432\u043d\u0430\u044f \u0441\u0442\u0440\u0430\u043d\u0438\u0446\u0430\",\"item\":\"https:\/\/www.ibc.ee\/sv\/\"},{\"@type\":\"ListItem\",\"position\":2,\"name\":\"Butik\",\"item\":\"https:\/\/www.ibc.ee\/sv\/butik\/\"},{\"@type\":\"ListItem\",\"position\":3,\"name\":\"304 Rostfritt st\u00e5l 5-gallon handpump med vertikal lyft\"}]},{\"@type\":\"WebSite\",\"@id\":\"https:\/\/www.ibc.ee\/sv\/#website\",\"url\":\"https:\/\/www.ibc.ee\/sv\/\",\"name\":\"IBC konteineri m&uuml;&uuml;k, vaadid, kraanid, mahutid\",\"description\":\"IBC - Tank container valve, Adapters\\\\fittings, Intermediate bulk, container, Drums\/cans\",\"potentialAction\":[{\"@type\":\"SearchAction\",\"target\":{\"@type\":\"EntryPoint\",\"urlTemplate\":\"https:\/\/www.ibc.ee\/sv\/?s={search_term_string}\"},\"query-input\":{\"@type\":\"PropertyValueSpecification\",\"valueRequired\":true,\"valueName\":\"search_term_string\"}}],\"inLanguage\":\"sv-SE\"}]}<\/script>\n<!-- \/ Yoast SEO plugin. -->","yoast_head_json":{"title":"304 Rostfritt st\u00e5l 5-gallon handpump med vertikal lyft -","description":"304 Rostfritt st\u00e5l 5-gallon handpump med vertikal lyft. Anv\u00e4ndningsomr\u00e5den: Tung olja, maskinolja, livsmedel (juice, mj\u00f6lk, vin, vatten), alkohol","robots":{"index":"index","follow":"follow","max-snippet":"max-snippet:-1","max-image-preview":"max-image-preview:large","max-video-preview":"max-video-preview:-1"},"canonical":"https:\/\/ibc.ee\/sv\/produkt\/304-rostfritt-stal-5-gallon-handpump-med-vertikal-lyft\/","og_locale":"sv_SE","og_type":"article","og_title":"304 Rostfritt st\u00e5l 5-gallon handpump med vertikal lyft -","og_description":"304 Rostfritt st\u00e5l 5-gallon handpump med vertikal lyft. Anv\u00e4ndningsomr\u00e5den: Tung olja, maskinolja, livsmedel (juice, mj\u00f6lk, vin, vatten), alkohol","og_url":"https:\/\/ibc.ee\/sv\/produkt\/304-rostfritt-stal-5-gallon-handpump-med-vertikal-lyft\/","og_site_name":"IBC konteineri m&uuml;&uuml;k, vaadid, kraanid, mahutid","og_image":[{"width":1000,"height":1000,"url":"https:\/\/ibc.ee\/wp-content\/uploads\/2021\/02\/Terasest-kasipump-tunnile.jpg","type":"image\/jpeg"}],"twitter_card":"summary_large_image","schema":{"@context":"https:\/\/schema.org","@graph":[{"@type":"WebPage","@id":"https:\/\/ibc.ee\/sv\/produkt\/304-rostfritt-stal-5-gallon-handpump-med-vertikal-lyft\/","url":"https:\/\/ibc.ee\/sv\/produkt\/304-rostfritt-stal-5-gallon-handpump-med-vertikal-lyft\/","name":"304 Rostfritt st\u00e5l 5-gallon handpump med vertikal lyft -","isPartOf":{"@id":"https:\/\/www.ibc.ee\/sv\/#website"},"primaryImageOfPage":{"@id":"https:\/\/ibc.ee\/sv\/produkt\/304-rostfritt-stal-5-gallon-handpump-med-vertikal-lyft\/#primaryimage"},"image":{"@id":"https:\/\/ibc.ee\/sv\/produkt\/304-rostfritt-stal-5-gallon-handpump-med-vertikal-lyft\/#primaryimage"},"thumbnailUrl":"https:\/\/ibc.ee\/wp-content\/uploads\/2021\/02\/Terasest-kasipump-tunnile.jpg","datePublished":"2025-04-22T11:22:30+00:00","description":"304 Rostfritt st\u00e5l 5-gallon handpump med vertikal lyft. Anv\u00e4ndningsomr\u00e5den: Tung olja, maskinolja, livsmedel (juice, mj\u00f6lk, vin, vatten), alkohol","breadcrumb":{"@id":"https:\/\/ibc.ee\/sv\/produkt\/304-rostfritt-stal-5-gallon-handpump-med-vertikal-lyft\/#breadcrumb"},"inLanguage":"sv-SE","potentialAction":[{"@type":"ReadAction","target":["https:\/\/ibc.ee\/sv\/produkt\/304-rostfritt-stal-5-gallon-handpump-med-vertikal-lyft\/"]}]},{"@type":"ImageObject","inLanguage":"sv-SE","@id":"https:\/\/ibc.ee\/sv\/produkt\/304-rostfritt-stal-5-gallon-handpump-med-vertikal-lyft\/#primaryimage","url":"https:\/\/ibc.ee\/wp-content\/uploads\/2021\/02\/Terasest-kasipump-tunnile.jpg","contentUrl":"https:\/\/ibc.ee\/wp-content\/uploads\/2021\/02\/Terasest-kasipump-tunnile.jpg","width":1000,"height":1000},{"@type":"BreadcrumbList","@id":"https:\/\/ibc.ee\/sv\/produkt\/304-rostfritt-stal-5-gallon-handpump-med-vertikal-lyft\/#breadcrumb","itemListElement":[{"@type":"ListItem","position":1,"name":"\u0413\u043b\u0430\u0432\u043d\u0430\u044f \u0441\u0442\u0440\u0430\u043d\u0438\u0446\u0430","item":"https:\/\/www.ibc.ee\/sv\/"},{"@type":"ListItem","position":2,"name":"Butik","item":"https:\/\/www.ibc.ee\/sv\/butik\/"},{"@type":"ListItem","position":3,"name":"304 Rostfritt st\u00e5l 5-gallon handpump med vertikal lyft"}]},{"@type":"WebSite","@id":"https:\/\/www.ibc.ee\/sv\/#website","url":"https:\/\/www.ibc.ee\/sv\/","name":"IBC konteineri m&uuml;&uuml;k, vaadid, kraanid, mahutid","description":"IBC - Tank container valve, Adapters\\fittings, Intermediate bulk, container, Drums\/cans","potentialAction":[{"@type":"SearchAction","target":{"@type":"EntryPoint","urlTemplate":"https:\/\/www.ibc.ee\/sv\/?s={search_term_string}"},"query-input":{"@type":"PropertyValueSpecification","valueRequired":true,"valueName":"search_term_string"}}],"inLanguage":"sv-SE"}]}},"_links":{"self":[{"href":"https:\/\/ibc.ee\/sv\/wp-json\/wp\/v2\/product\/23352","targetHints":{"allow":["GET"]}}],"collection":[{"href":"https:\/\/ibc.ee\/sv\/wp-json\/wp\/v2\/product"}],"about":[{"href":"https:\/\/ibc.ee\/sv\/wp-json\/wp\/v2\/types\/product"}],"wp:featuredmedia":[{"embeddable":true,"href":"https:\/\/ibc.ee\/sv\/wp-json\/wp\/v2\/media\/23353"}],"wp:attachment":[{"href":"https:\/\/ibc.ee\/sv\/wp-json\/wp\/v2\/media?parent=23352"}],"wp:term":[{"taxonomy":"product_brand","embeddable":true,"href":"https:\/\/ibc.ee\/sv\/wp-json\/wp\/v2\/product_brand?post=23352"},{"taxonomy":"product_cat","embeddable":true,"href":"https:\/\/ibc.ee\/sv\/wp-json\/wp\/v2\/product_cat?post=23352"},{"taxonomy":"product_tag","embeddable":true,"href":"https:\/\/ibc.ee\/sv\/wp-json\/wp\/v2\/product_tag?post=23352"}],"curies":[{"name":"wp","href":"https:\/\/api.w.org\/{rel}","templated":true}]}}