{"id":23388,"date":"2021-02-19T20:49:53","date_gmt":"2025-04-22T11:45:32","guid":{"rendered":"https:\/\/ibc.ee\/product\/handpump-for-overforing-av-adblue-vatska-16-l-min\/"},"modified":"2025-04-22T13:45:32","modified_gmt":"2025-04-22T11:45:32","slug":"handpump-for-overforing-av-adblue-vatska-16-l-min","status":"publish","type":"product","link":"https:\/\/ibc.ee\/sv\/produkt\/handpump-for-overforing-av-adblue-vatska-16-l-min\/","title":{"rendered":"Handpump f\u00f6r \u00f6verf\u00f6ring av Adblue-v\u00e4tska &#8211; 16 l\/min"},"content":{"rendered":"<p>Lever Adblue Fluid Transfer Handpump &#8211; 16 l\/min<\/p>\n<p>Specifikationer:<br \/>\nMaterial: Plast &#8211; PE<br \/>\nT\u00e4tningsmaterial: Viton<br \/>\nAdapterstorlek: 2 tum<br \/>\nInloppsdiameter: 18 mm<br \/>\nUtloppsdiameter: 26,5 mm<br \/>\nL\u00e4ngd p\u00e5 inloppsr\u00f6r: 985 mm<br \/>\nProduktl\u00e4ngd: 1285 mm<br \/>\nHastighet: 30 slag\/min<br \/>\nFl\u00f6de: 16-18\/Min<br \/>\nTill\u00e4mpningar: Adblue, olja, diesel, syrahaltiga v\u00e4tskor<\/p>\n","protected":false},"excerpt":{"rendered":"<p>Lever Adblue Fluid Transfer Handpump &#8211; 16 l\/min Specifikationer: Material: Plast &#8211; PE T\u00e4tningsmaterial: Viton Adapterstorlek: 2 tum Inloppsdiameter: 18 mm Utloppsdiameter: 26,5 mm L\u00e4ngd p\u00e5 inloppsr\u00f6r: 985 mm Produktl\u00e4ngd: 1285 mm Hastighet: 30 slag\/min Fl\u00f6de: 16-18\/Min Till\u00e4mpningar: Adblue, olja, diesel, syrahaltiga v\u00e4tskor<\/p>\n","protected":false},"featured_media":23389,"template":"","meta":[],"product_brand":[],"product_cat":[448],"product_tag":[],"class_list":{"0":"post-23388","1":"product","2":"type-product","3":"status-publish","4":"has-post-thumbnail","6":"product_cat-fat-och-burkar","7":"product_shipping_class-tillbehor","9":"first","10":"onbackorder","11":"taxable","12":"shipping-taxable","13":"purchasable","14":"product-type-simple"},"yoast_head":"<!-- This site is optimized with the Yoast SEO plugin v26.9 - https:\/\/yoast.com\/product\/yoast-seo-wordpress\/ -->\n<title>Handpump f\u00f6r \u00f6verf\u00f6ring av Adblue-v\u00e4tska - 16 l\/min -<\/title>\n<meta name=\"description\" content=\"Handpump f\u00f6r \u00f6verf\u00f6ring av Adblue-v\u00e4tska - 16 l\/min. Material: Plast - PE. Anv\u00e4ndningsomr\u00e5den: Adblue, olja, diesel, syrahaltiga v\u00e4tskor\" \/>\n<meta name=\"robots\" content=\"index, follow, max-snippet:-1, max-image-preview:large, max-video-preview:-1\" \/>\n<link rel=\"canonical\" href=\"https:\/\/ibc.ee\/sv\/produkt\/handpump-for-overforing-av-adblue-vatska-16-l-min\/\" \/>\n<meta property=\"og:locale\" content=\"sv_SE\" \/>\n<meta property=\"og:type\" content=\"article\" \/>\n<meta property=\"og:title\" content=\"Handpump f\u00f6r \u00f6verf\u00f6ring av Adblue-v\u00e4tska - 16 l\/min -\" \/>\n<meta property=\"og:description\" content=\"Handpump f\u00f6r \u00f6verf\u00f6ring av Adblue-v\u00e4tska - 16 l\/min. Material: Plast - PE. Anv\u00e4ndningsomr\u00e5den: Adblue, olja, diesel, syrahaltiga v\u00e4tskor\" \/>\n<meta property=\"og:url\" content=\"https:\/\/ibc.ee\/sv\/produkt\/handpump-for-overforing-av-adblue-vatska-16-l-min\/\" \/>\n<meta property=\"og:site_name\" content=\"IBC konteineri m&uuml;&uuml;k, vaadid, kraanid, mahutid\" \/>\n<meta property=\"og:image\" content=\"https:\/\/ibc.ee\/wp-content\/uploads\/2021\/02\/Tunnipump-adblue-16-l-min.jpg\" \/>\n\t<meta property=\"og:image:width\" content=\"1000\" \/>\n\t<meta property=\"og:image:height\" content=\"1000\" \/>\n\t<meta property=\"og:image:type\" content=\"image\/jpeg\" \/>\n<meta name=\"twitter:card\" content=\"summary_large_image\" \/>\n<script type=\"application\/ld+json\" class=\"yoast-schema-graph\">{\"@context\":\"https:\/\/schema.org\",\"@graph\":[{\"@type\":\"WebPage\",\"@id\":\"https:\/\/ibc.ee\/sv\/produkt\/handpump-for-overforing-av-adblue-vatska-16-l-min\/\",\"url\":\"https:\/\/ibc.ee\/sv\/produkt\/handpump-for-overforing-av-adblue-vatska-16-l-min\/\",\"name\":\"Handpump f\u00f6r \u00f6verf\u00f6ring av Adblue-v\u00e4tska - 16 l\/min -\",\"isPartOf\":{\"@id\":\"https:\/\/www.ibc.ee\/sv\/#website\"},\"primaryImageOfPage\":{\"@id\":\"https:\/\/ibc.ee\/sv\/produkt\/handpump-for-overforing-av-adblue-vatska-16-l-min\/#primaryimage\"},\"image\":{\"@id\":\"https:\/\/ibc.ee\/sv\/produkt\/handpump-for-overforing-av-adblue-vatska-16-l-min\/#primaryimage\"},\"thumbnailUrl\":\"https:\/\/ibc.ee\/wp-content\/uploads\/2021\/02\/Tunnipump-adblue-16-l-min.jpg\",\"datePublished\":\"2025-04-22T11:45:32+00:00\",\"description\":\"Handpump f\u00f6r \u00f6verf\u00f6ring av Adblue-v\u00e4tska - 16 l\/min. Material: Plast - PE. Anv\u00e4ndningsomr\u00e5den: Adblue, olja, diesel, syrahaltiga v\u00e4tskor\",\"breadcrumb\":{\"@id\":\"https:\/\/ibc.ee\/sv\/produkt\/handpump-for-overforing-av-adblue-vatska-16-l-min\/#breadcrumb\"},\"inLanguage\":\"sv-SE\",\"potentialAction\":[{\"@type\":\"ReadAction\",\"target\":[\"https:\/\/ibc.ee\/sv\/produkt\/handpump-for-overforing-av-adblue-vatska-16-l-min\/\"]}]},{\"@type\":\"ImageObject\",\"inLanguage\":\"sv-SE\",\"@id\":\"https:\/\/ibc.ee\/sv\/produkt\/handpump-for-overforing-av-adblue-vatska-16-l-min\/#primaryimage\",\"url\":\"https:\/\/ibc.ee\/wp-content\/uploads\/2021\/02\/Tunnipump-adblue-16-l-min.jpg\",\"contentUrl\":\"https:\/\/ibc.ee\/wp-content\/uploads\/2021\/02\/Tunnipump-adblue-16-l-min.jpg\",\"width\":1000,\"height\":1000},{\"@type\":\"BreadcrumbList\",\"@id\":\"https:\/\/ibc.ee\/sv\/produkt\/handpump-for-overforing-av-adblue-vatska-16-l-min\/#breadcrumb\",\"itemListElement\":[{\"@type\":\"ListItem\",\"position\":1,\"name\":\"\u0413\u043b\u0430\u0432\u043d\u0430\u044f \u0441\u0442\u0440\u0430\u043d\u0438\u0446\u0430\",\"item\":\"https:\/\/www.ibc.ee\/sv\/\"},{\"@type\":\"ListItem\",\"position\":2,\"name\":\"Butik\",\"item\":\"https:\/\/www.ibc.ee\/sv\/butik\/\"},{\"@type\":\"ListItem\",\"position\":3,\"name\":\"Handpump f\u00f6r \u00f6verf\u00f6ring av Adblue-v\u00e4tska &#8211; 16 l\/min\"}]},{\"@type\":\"WebSite\",\"@id\":\"https:\/\/www.ibc.ee\/sv\/#website\",\"url\":\"https:\/\/www.ibc.ee\/sv\/\",\"name\":\"IBC konteineri m&uuml;&uuml;k, vaadid, kraanid, mahutid\",\"description\":\"IBC - Tank container valve, Adapters\\\\fittings, Intermediate bulk, container, Drums\/cans\",\"potentialAction\":[{\"@type\":\"SearchAction\",\"target\":{\"@type\":\"EntryPoint\",\"urlTemplate\":\"https:\/\/www.ibc.ee\/sv\/?s={search_term_string}\"},\"query-input\":{\"@type\":\"PropertyValueSpecification\",\"valueRequired\":true,\"valueName\":\"search_term_string\"}}],\"inLanguage\":\"sv-SE\"}]}<\/script>\n<!-- \/ Yoast SEO plugin. -->","yoast_head_json":{"title":"Handpump f\u00f6r \u00f6verf\u00f6ring av Adblue-v\u00e4tska - 16 l\/min -","description":"Handpump f\u00f6r \u00f6verf\u00f6ring av Adblue-v\u00e4tska - 16 l\/min. Material: Plast - PE. Anv\u00e4ndningsomr\u00e5den: Adblue, olja, diesel, syrahaltiga v\u00e4tskor","robots":{"index":"index","follow":"follow","max-snippet":"max-snippet:-1","max-image-preview":"max-image-preview:large","max-video-preview":"max-video-preview:-1"},"canonical":"https:\/\/ibc.ee\/sv\/produkt\/handpump-for-overforing-av-adblue-vatska-16-l-min\/","og_locale":"sv_SE","og_type":"article","og_title":"Handpump f\u00f6r \u00f6verf\u00f6ring av Adblue-v\u00e4tska - 16 l\/min -","og_description":"Handpump f\u00f6r \u00f6verf\u00f6ring av Adblue-v\u00e4tska - 16 l\/min. Material: Plast - PE. Anv\u00e4ndningsomr\u00e5den: Adblue, olja, diesel, syrahaltiga v\u00e4tskor","og_url":"https:\/\/ibc.ee\/sv\/produkt\/handpump-for-overforing-av-adblue-vatska-16-l-min\/","og_site_name":"IBC konteineri m&uuml;&uuml;k, vaadid, kraanid, mahutid","og_image":[{"width":1000,"height":1000,"url":"https:\/\/ibc.ee\/wp-content\/uploads\/2021\/02\/Tunnipump-adblue-16-l-min.jpg","type":"image\/jpeg"}],"twitter_card":"summary_large_image","schema":{"@context":"https:\/\/schema.org","@graph":[{"@type":"WebPage","@id":"https:\/\/ibc.ee\/sv\/produkt\/handpump-for-overforing-av-adblue-vatska-16-l-min\/","url":"https:\/\/ibc.ee\/sv\/produkt\/handpump-for-overforing-av-adblue-vatska-16-l-min\/","name":"Handpump f\u00f6r \u00f6verf\u00f6ring av Adblue-v\u00e4tska - 16 l\/min -","isPartOf":{"@id":"https:\/\/www.ibc.ee\/sv\/#website"},"primaryImageOfPage":{"@id":"https:\/\/ibc.ee\/sv\/produkt\/handpump-for-overforing-av-adblue-vatska-16-l-min\/#primaryimage"},"image":{"@id":"https:\/\/ibc.ee\/sv\/produkt\/handpump-for-overforing-av-adblue-vatska-16-l-min\/#primaryimage"},"thumbnailUrl":"https:\/\/ibc.ee\/wp-content\/uploads\/2021\/02\/Tunnipump-adblue-16-l-min.jpg","datePublished":"2025-04-22T11:45:32+00:00","description":"Handpump f\u00f6r \u00f6verf\u00f6ring av Adblue-v\u00e4tska - 16 l\/min. Material: Plast - PE. Anv\u00e4ndningsomr\u00e5den: Adblue, olja, diesel, syrahaltiga v\u00e4tskor","breadcrumb":{"@id":"https:\/\/ibc.ee\/sv\/produkt\/handpump-for-overforing-av-adblue-vatska-16-l-min\/#breadcrumb"},"inLanguage":"sv-SE","potentialAction":[{"@type":"ReadAction","target":["https:\/\/ibc.ee\/sv\/produkt\/handpump-for-overforing-av-adblue-vatska-16-l-min\/"]}]},{"@type":"ImageObject","inLanguage":"sv-SE","@id":"https:\/\/ibc.ee\/sv\/produkt\/handpump-for-overforing-av-adblue-vatska-16-l-min\/#primaryimage","url":"https:\/\/ibc.ee\/wp-content\/uploads\/2021\/02\/Tunnipump-adblue-16-l-min.jpg","contentUrl":"https:\/\/ibc.ee\/wp-content\/uploads\/2021\/02\/Tunnipump-adblue-16-l-min.jpg","width":1000,"height":1000},{"@type":"BreadcrumbList","@id":"https:\/\/ibc.ee\/sv\/produkt\/handpump-for-overforing-av-adblue-vatska-16-l-min\/#breadcrumb","itemListElement":[{"@type":"ListItem","position":1,"name":"\u0413\u043b\u0430\u0432\u043d\u0430\u044f \u0441\u0442\u0440\u0430\u043d\u0438\u0446\u0430","item":"https:\/\/www.ibc.ee\/sv\/"},{"@type":"ListItem","position":2,"name":"Butik","item":"https:\/\/www.ibc.ee\/sv\/butik\/"},{"@type":"ListItem","position":3,"name":"Handpump f\u00f6r \u00f6verf\u00f6ring av Adblue-v\u00e4tska &#8211; 16 l\/min"}]},{"@type":"WebSite","@id":"https:\/\/www.ibc.ee\/sv\/#website","url":"https:\/\/www.ibc.ee\/sv\/","name":"IBC konteineri m&uuml;&uuml;k, vaadid, kraanid, mahutid","description":"IBC - Tank container valve, Adapters\\fittings, Intermediate bulk, container, Drums\/cans","potentialAction":[{"@type":"SearchAction","target":{"@type":"EntryPoint","urlTemplate":"https:\/\/www.ibc.ee\/sv\/?s={search_term_string}"},"query-input":{"@type":"PropertyValueSpecification","valueRequired":true,"valueName":"search_term_string"}}],"inLanguage":"sv-SE"}]}},"_links":{"self":[{"href":"https:\/\/ibc.ee\/sv\/wp-json\/wp\/v2\/product\/23388","targetHints":{"allow":["GET"]}}],"collection":[{"href":"https:\/\/ibc.ee\/sv\/wp-json\/wp\/v2\/product"}],"about":[{"href":"https:\/\/ibc.ee\/sv\/wp-json\/wp\/v2\/types\/product"}],"wp:featuredmedia":[{"embeddable":true,"href":"https:\/\/ibc.ee\/sv\/wp-json\/wp\/v2\/media\/23389"}],"wp:attachment":[{"href":"https:\/\/ibc.ee\/sv\/wp-json\/wp\/v2\/media?parent=23388"}],"wp:term":[{"taxonomy":"product_brand","embeddable":true,"href":"https:\/\/ibc.ee\/sv\/wp-json\/wp\/v2\/product_brand?post=23388"},{"taxonomy":"product_cat","embeddable":true,"href":"https:\/\/ibc.ee\/sv\/wp-json\/wp\/v2\/product_cat?post=23388"},{"taxonomy":"product_tag","embeddable":true,"href":"https:\/\/ibc.ee\/sv\/wp-json\/wp\/v2\/product_tag?post=23388"}],"curies":[{"name":"wp","href":"https:\/\/api.w.org\/{rel}","templated":true}]}}