{"id":23392,"date":"2021-02-19T11:16:13","date_gmt":"2025-04-22T11:48:19","guid":{"rendered":"https:\/\/ibc.ee\/product\/d-490-stalspakspump-for-oljeoverforingsfat\/"},"modified":"2025-04-22T13:48:19","modified_gmt":"2025-04-22T11:48:19","slug":"d-490-stalspakspump-for-oljeoverforingsfat","status":"publish","type":"product","link":"https:\/\/ibc.ee\/sv\/produkt\/d-490-stalspakspump-for-oljeoverforingsfat\/","title":{"rendered":"D-490 St\u00e5lspakspump f\u00f6r olje\u00f6verf\u00f6ringsfat"},"content":{"rendered":"<p>D-490 Steel Lever Action Oil Transfer Drum Pump<\/p>\n<p>Specifikationer:<br \/>\nMaterial: Kromelektropl\u00e4terat st\u00e5l<br \/>\nT\u00e4tningsmaterial: NBR<br \/>\nKolv: PP<br \/>\nBung Adapter: 1-1\/2&#8243; &amp; 2&#8243;<br \/>\nInlet\/Outlet Dia: 35mm\/19mm<br \/>\nProduktl\u00e4ngd: 1380mm<br \/>\nKapacitet: 350 cc\/slag<br \/>\nFl\u00f6de: 20L\/Min<br \/>\nSug \/ Lyft: 3m\/5m<br \/>\nTill\u00e4mpliga fat: 15-55 Gallon<br \/>\nTill\u00e4mpningar: Diesel, fotogen, motorolja, hydraulolja<\/p>\n","protected":false},"excerpt":{"rendered":"<p>D-490 Steel Lever Action Oil Transfer Drum Pump Specifikationer: Material: Kromelektropl\u00e4terat st\u00e5l T\u00e4tningsmaterial: NBR Kolv: PP Bung Adapter: 1-1\/2&#8243; &amp; 2&#8243; Inlet\/Outlet Dia: 35mm\/19mm Produktl\u00e4ngd: 1380mm Kapacitet: 350 cc\/slag Fl\u00f6de: 20L\/Min Sug \/ Lyft: 3m\/5m Till\u00e4mpliga fat: 15-55 Gallon Till\u00e4mpningar: Diesel, fotogen, motorolja, hydraulolja<\/p>\n","protected":false},"featured_media":23393,"template":"","meta":[],"product_brand":[],"product_cat":[448],"product_tag":[],"class_list":{"0":"post-23392","1":"product","2":"type-product","3":"status-publish","4":"has-post-thumbnail","6":"product_cat-fat-och-burkar","7":"product_shipping_class-tillbehor","9":"first","10":"onbackorder","11":"taxable","12":"shipping-taxable","13":"purchasable","14":"product-type-simple"},"yoast_head":"<!-- This site is optimized with the Yoast SEO plugin v26.9 - https:\/\/yoast.com\/product\/yoast-seo-wordpress\/ -->\n<title>D-490 St\u00e5lspakspump f\u00f6r olje\u00f6verf\u00f6ringsfat -<\/title>\n<meta name=\"description\" content=\"Material: Kromelektropl\u00e4terat st\u00e5l. Material t\u00e4tning: NBR. Kolv: PP. Bung Adapter: 1-1\/2&quot; &amp; 2&quot;. Fl\u00f6de: 20L\/Min. Sugning \/ lyft: 3m\/5m. Anv\u00e4ndningsomr\u00e5den: Diesel, fotogen, motorolja, hydraulolja\" \/>\n<meta name=\"robots\" content=\"index, follow, max-snippet:-1, max-image-preview:large, max-video-preview:-1\" \/>\n<link rel=\"canonical\" href=\"https:\/\/ibc.ee\/sv\/produkt\/d-490-stalspakspump-for-oljeoverforingsfat\/\" \/>\n<meta property=\"og:locale\" content=\"sv_SE\" \/>\n<meta property=\"og:type\" content=\"article\" \/>\n<meta property=\"og:title\" content=\"D-490 St\u00e5lspakspump f\u00f6r olje\u00f6verf\u00f6ringsfat -\" \/>\n<meta property=\"og:description\" content=\"Material: Kromelektropl\u00e4terat st\u00e5l. Material t\u00e4tning: NBR. Kolv: PP. Bung Adapter: 1-1\/2&quot; &amp; 2&quot;. Fl\u00f6de: 20L\/Min. Sugning \/ lyft: 3m\/5m. Anv\u00e4ndningsomr\u00e5den: Diesel, fotogen, motorolja, hydraulolja\" \/>\n<meta property=\"og:url\" content=\"https:\/\/ibc.ee\/sv\/produkt\/d-490-stalspakspump-for-oljeoverforingsfat\/\" \/>\n<meta property=\"og:site_name\" content=\"IBC konteineri m&uuml;&uuml;k, vaadid, kraanid, mahutid\" \/>\n<meta property=\"og:image\" content=\"https:\/\/ibc.ee\/wp-content\/uploads\/2021\/02\/D-490-Terasest-vaadipump-olide.jpg\" \/>\n\t<meta property=\"og:image:width\" content=\"1000\" \/>\n\t<meta property=\"og:image:height\" content=\"1000\" \/>\n\t<meta property=\"og:image:type\" content=\"image\/jpeg\" \/>\n<meta name=\"twitter:card\" content=\"summary_large_image\" \/>\n<script type=\"application\/ld+json\" class=\"yoast-schema-graph\">{\"@context\":\"https:\/\/schema.org\",\"@graph\":[{\"@type\":\"WebPage\",\"@id\":\"https:\/\/ibc.ee\/sv\/produkt\/d-490-stalspakspump-for-oljeoverforingsfat\/\",\"url\":\"https:\/\/ibc.ee\/sv\/produkt\/d-490-stalspakspump-for-oljeoverforingsfat\/\",\"name\":\"D-490 St\u00e5lspakspump f\u00f6r olje\u00f6verf\u00f6ringsfat -\",\"isPartOf\":{\"@id\":\"https:\/\/www.ibc.ee\/sv\/#website\"},\"primaryImageOfPage\":{\"@id\":\"https:\/\/ibc.ee\/sv\/produkt\/d-490-stalspakspump-for-oljeoverforingsfat\/#primaryimage\"},\"image\":{\"@id\":\"https:\/\/ibc.ee\/sv\/produkt\/d-490-stalspakspump-for-oljeoverforingsfat\/#primaryimage\"},\"thumbnailUrl\":\"https:\/\/ibc.ee\/wp-content\/uploads\/2021\/02\/D-490-Terasest-vaadipump-olide.jpg\",\"datePublished\":\"2025-04-22T11:48:19+00:00\",\"description\":\"Material: Kromelektropl\u00e4terat st\u00e5l. Material t\u00e4tning: NBR. Kolv: PP. Bung Adapter: 1-1\/2\\\" & 2\\\". Fl\u00f6de: 20L\/Min. Sugning \/ lyft: 3m\/5m. Anv\u00e4ndningsomr\u00e5den: Diesel, fotogen, motorolja, hydraulolja\",\"breadcrumb\":{\"@id\":\"https:\/\/ibc.ee\/sv\/produkt\/d-490-stalspakspump-for-oljeoverforingsfat\/#breadcrumb\"},\"inLanguage\":\"sv-SE\",\"potentialAction\":[{\"@type\":\"ReadAction\",\"target\":[\"https:\/\/ibc.ee\/sv\/produkt\/d-490-stalspakspump-for-oljeoverforingsfat\/\"]}]},{\"@type\":\"ImageObject\",\"inLanguage\":\"sv-SE\",\"@id\":\"https:\/\/ibc.ee\/sv\/produkt\/d-490-stalspakspump-for-oljeoverforingsfat\/#primaryimage\",\"url\":\"https:\/\/ibc.ee\/wp-content\/uploads\/2021\/02\/D-490-Terasest-vaadipump-olide.jpg\",\"contentUrl\":\"https:\/\/ibc.ee\/wp-content\/uploads\/2021\/02\/D-490-Terasest-vaadipump-olide.jpg\",\"width\":1000,\"height\":1000},{\"@type\":\"BreadcrumbList\",\"@id\":\"https:\/\/ibc.ee\/sv\/produkt\/d-490-stalspakspump-for-oljeoverforingsfat\/#breadcrumb\",\"itemListElement\":[{\"@type\":\"ListItem\",\"position\":1,\"name\":\"\u0413\u043b\u0430\u0432\u043d\u0430\u044f \u0441\u0442\u0440\u0430\u043d\u0438\u0446\u0430\",\"item\":\"https:\/\/www.ibc.ee\/sv\/\"},{\"@type\":\"ListItem\",\"position\":2,\"name\":\"Butik\",\"item\":\"https:\/\/www.ibc.ee\/sv\/butik\/\"},{\"@type\":\"ListItem\",\"position\":3,\"name\":\"D-490 St\u00e5lspakspump f\u00f6r olje\u00f6verf\u00f6ringsfat\"}]},{\"@type\":\"WebSite\",\"@id\":\"https:\/\/www.ibc.ee\/sv\/#website\",\"url\":\"https:\/\/www.ibc.ee\/sv\/\",\"name\":\"IBC konteineri m&uuml;&uuml;k, vaadid, kraanid, mahutid\",\"description\":\"IBC - Tank container valve, Adapters\\\\fittings, Intermediate bulk, container, Drums\/cans\",\"potentialAction\":[{\"@type\":\"SearchAction\",\"target\":{\"@type\":\"EntryPoint\",\"urlTemplate\":\"https:\/\/www.ibc.ee\/sv\/?s={search_term_string}\"},\"query-input\":{\"@type\":\"PropertyValueSpecification\",\"valueRequired\":true,\"valueName\":\"search_term_string\"}}],\"inLanguage\":\"sv-SE\"}]}<\/script>\n<!-- \/ Yoast SEO plugin. -->","yoast_head_json":{"title":"D-490 St\u00e5lspakspump f\u00f6r olje\u00f6verf\u00f6ringsfat -","description":"Material: Kromelektropl\u00e4terat st\u00e5l. Material t\u00e4tning: NBR. Kolv: PP. Bung Adapter: 1-1\/2\" & 2\". Fl\u00f6de: 20L\/Min. Sugning \/ lyft: 3m\/5m. Anv\u00e4ndningsomr\u00e5den: Diesel, fotogen, motorolja, hydraulolja","robots":{"index":"index","follow":"follow","max-snippet":"max-snippet:-1","max-image-preview":"max-image-preview:large","max-video-preview":"max-video-preview:-1"},"canonical":"https:\/\/ibc.ee\/sv\/produkt\/d-490-stalspakspump-for-oljeoverforingsfat\/","og_locale":"sv_SE","og_type":"article","og_title":"D-490 St\u00e5lspakspump f\u00f6r olje\u00f6verf\u00f6ringsfat -","og_description":"Material: Kromelektropl\u00e4terat st\u00e5l. Material t\u00e4tning: NBR. Kolv: PP. Bung Adapter: 1-1\/2\" & 2\". Fl\u00f6de: 20L\/Min. Sugning \/ lyft: 3m\/5m. Anv\u00e4ndningsomr\u00e5den: Diesel, fotogen, motorolja, hydraulolja","og_url":"https:\/\/ibc.ee\/sv\/produkt\/d-490-stalspakspump-for-oljeoverforingsfat\/","og_site_name":"IBC konteineri m&uuml;&uuml;k, vaadid, kraanid, mahutid","og_image":[{"width":1000,"height":1000,"url":"https:\/\/ibc.ee\/wp-content\/uploads\/2021\/02\/D-490-Terasest-vaadipump-olide.jpg","type":"image\/jpeg"}],"twitter_card":"summary_large_image","schema":{"@context":"https:\/\/schema.org","@graph":[{"@type":"WebPage","@id":"https:\/\/ibc.ee\/sv\/produkt\/d-490-stalspakspump-for-oljeoverforingsfat\/","url":"https:\/\/ibc.ee\/sv\/produkt\/d-490-stalspakspump-for-oljeoverforingsfat\/","name":"D-490 St\u00e5lspakspump f\u00f6r olje\u00f6verf\u00f6ringsfat -","isPartOf":{"@id":"https:\/\/www.ibc.ee\/sv\/#website"},"primaryImageOfPage":{"@id":"https:\/\/ibc.ee\/sv\/produkt\/d-490-stalspakspump-for-oljeoverforingsfat\/#primaryimage"},"image":{"@id":"https:\/\/ibc.ee\/sv\/produkt\/d-490-stalspakspump-for-oljeoverforingsfat\/#primaryimage"},"thumbnailUrl":"https:\/\/ibc.ee\/wp-content\/uploads\/2021\/02\/D-490-Terasest-vaadipump-olide.jpg","datePublished":"2025-04-22T11:48:19+00:00","description":"Material: Kromelektropl\u00e4terat st\u00e5l. Material t\u00e4tning: NBR. Kolv: PP. Bung Adapter: 1-1\/2\" & 2\". Fl\u00f6de: 20L\/Min. Sugning \/ lyft: 3m\/5m. Anv\u00e4ndningsomr\u00e5den: Diesel, fotogen, motorolja, hydraulolja","breadcrumb":{"@id":"https:\/\/ibc.ee\/sv\/produkt\/d-490-stalspakspump-for-oljeoverforingsfat\/#breadcrumb"},"inLanguage":"sv-SE","potentialAction":[{"@type":"ReadAction","target":["https:\/\/ibc.ee\/sv\/produkt\/d-490-stalspakspump-for-oljeoverforingsfat\/"]}]},{"@type":"ImageObject","inLanguage":"sv-SE","@id":"https:\/\/ibc.ee\/sv\/produkt\/d-490-stalspakspump-for-oljeoverforingsfat\/#primaryimage","url":"https:\/\/ibc.ee\/wp-content\/uploads\/2021\/02\/D-490-Terasest-vaadipump-olide.jpg","contentUrl":"https:\/\/ibc.ee\/wp-content\/uploads\/2021\/02\/D-490-Terasest-vaadipump-olide.jpg","width":1000,"height":1000},{"@type":"BreadcrumbList","@id":"https:\/\/ibc.ee\/sv\/produkt\/d-490-stalspakspump-for-oljeoverforingsfat\/#breadcrumb","itemListElement":[{"@type":"ListItem","position":1,"name":"\u0413\u043b\u0430\u0432\u043d\u0430\u044f \u0441\u0442\u0440\u0430\u043d\u0438\u0446\u0430","item":"https:\/\/www.ibc.ee\/sv\/"},{"@type":"ListItem","position":2,"name":"Butik","item":"https:\/\/www.ibc.ee\/sv\/butik\/"},{"@type":"ListItem","position":3,"name":"D-490 St\u00e5lspakspump f\u00f6r olje\u00f6verf\u00f6ringsfat"}]},{"@type":"WebSite","@id":"https:\/\/www.ibc.ee\/sv\/#website","url":"https:\/\/www.ibc.ee\/sv\/","name":"IBC konteineri m&uuml;&uuml;k, vaadid, kraanid, mahutid","description":"IBC - Tank container valve, Adapters\\fittings, Intermediate bulk, container, Drums\/cans","potentialAction":[{"@type":"SearchAction","target":{"@type":"EntryPoint","urlTemplate":"https:\/\/www.ibc.ee\/sv\/?s={search_term_string}"},"query-input":{"@type":"PropertyValueSpecification","valueRequired":true,"valueName":"search_term_string"}}],"inLanguage":"sv-SE"}]}},"_links":{"self":[{"href":"https:\/\/ibc.ee\/sv\/wp-json\/wp\/v2\/product\/23392","targetHints":{"allow":["GET"]}}],"collection":[{"href":"https:\/\/ibc.ee\/sv\/wp-json\/wp\/v2\/product"}],"about":[{"href":"https:\/\/ibc.ee\/sv\/wp-json\/wp\/v2\/types\/product"}],"wp:featuredmedia":[{"embeddable":true,"href":"https:\/\/ibc.ee\/sv\/wp-json\/wp\/v2\/media\/23393"}],"wp:attachment":[{"href":"https:\/\/ibc.ee\/sv\/wp-json\/wp\/v2\/media?parent=23392"}],"wp:term":[{"taxonomy":"product_brand","embeddable":true,"href":"https:\/\/ibc.ee\/sv\/wp-json\/wp\/v2\/product_brand?post=23392"},{"taxonomy":"product_cat","embeddable":true,"href":"https:\/\/ibc.ee\/sv\/wp-json\/wp\/v2\/product_cat?post=23392"},{"taxonomy":"product_tag","embeddable":true,"href":"https:\/\/ibc.ee\/sv\/wp-json\/wp\/v2\/product_tag?post=23392"}],"curies":[{"name":"wp","href":"https:\/\/api.w.org\/{rel}","templated":true}]}}