{"id":23405,"date":"2021-02-10T12:01:03","date_gmt":"2025-04-22T11:52:32","guid":{"rendered":"https:\/\/ibc.ee\/product\/51mm-cap-tool-trumtappnyckel\/"},"modified":"2025-04-22T13:52:32","modified_gmt":"2025-04-22T11:52:32","slug":"51mm-cap-tool-trumtappnyckel","status":"publish","type":"product","link":"https:\/\/ibc.ee\/sv\/produkt\/51mm-cap-tool-trumtappnyckel\/","title":{"rendered":"51mm Cap Tool Trumtappnyckel"},"content":{"rendered":"<p><strong>51mm Cap Tool Drum Tap Spanner<\/strong><\/p>\n<p>&#8211; det finns ett luftfl\u00f6dessystem &#8211; v\u00e4tskan rinner ut j\u00e4mnt<br \/>\n&#8211; en kran f\u00f6r en 25 l eller 20 l beh\u00e5llare<br \/>\n&#8211; g\u00e4ngstorlek 51 mm<br \/>\n&#8211; l\u00e4mplig f\u00f6r vatten, v\u00e4rme och olja<\/p>\n<div style=\"width: 960px;\" class=\"wp-video\"><video class=\"wp-video-shortcode\" id=\"video-23405-1\" width=\"960\" height=\"540\" preload=\"metadata\" controls=\"controls\"><source type=\"video\/mp4\" src=\"https:\/\/www.ibc.ee\/wp-content\/uploads\/2021\/02\/51mm_Cap_Tool_Drum_Tap_Spanner.mp4?_=1\" \/><a href=\"https:\/\/www.ibc.ee\/wp-content\/uploads\/2021\/02\/51mm_Cap_Tool_Drum_Tap_Spanner.mp4\">https:\/\/www.ibc.ee\/wp-content\/uploads\/2021\/02\/51mm_Cap_Tool_Drum_Tap_Spanner.mp4<\/a><\/video><\/div>\n","protected":false},"excerpt":{"rendered":"<p>51mm Cap Tool Drum Tap Spanner &#8211; det finns ett luftfl\u00f6dessystem &#8211; v\u00e4tskan rinner ut j\u00e4mnt &#8211; en kran f\u00f6r en 25 l eller 20 l beh\u00e5llare &#8211; g\u00e4ngstorlek 51 mm &#8211; l\u00e4mplig f\u00f6r vatten, v\u00e4rme och olja<\/p>\n","protected":false},"featured_media":20056,"template":"","meta":[],"product_brand":[],"product_cat":[444],"product_tag":[],"class_list":{"0":"post-23405","1":"product","2":"type-product","3":"status-publish","4":"has-post-thumbnail","6":"product_cat-tankcontainerventil-for-ibc-container","7":"product_shipping_class-omniva-sv","9":"first","10":"instock","11":"taxable","12":"shipping-taxable","13":"purchasable","14":"product-type-simple"},"yoast_head":"<!-- This site is optimized with the Yoast SEO plugin v26.9 - https:\/\/yoast.com\/product\/yoast-seo-wordpress\/ -->\n<title>51mm Cap Tool Trumtappnyckel<\/title>\n<meta name=\"description\" content=\"51mm lockverktyg trumtapp nyckel. Det finns ett luftfl\u00f6dessystem - v\u00e4tskan rinner ut j\u00e4mnt. En kran f\u00f6r en 25 l eller 20 l beh\u00e5llare. G\u00e4ngstorlek 51 mm. l\u00e4mplig f\u00f6r vatten, v\u00e4rme och olja\" \/>\n<meta name=\"robots\" content=\"index, follow, max-snippet:-1, max-image-preview:large, max-video-preview:-1\" \/>\n<link rel=\"canonical\" href=\"https:\/\/ibc.ee\/sv\/produkt\/51mm-cap-tool-trumtappnyckel\/\" \/>\n<meta property=\"og:locale\" content=\"sv_SE\" \/>\n<meta property=\"og:type\" content=\"article\" \/>\n<meta property=\"og:title\" content=\"51mm Cap Tool Trumtappnyckel\" \/>\n<meta property=\"og:description\" content=\"51mm lockverktyg trumtapp nyckel. Det finns ett luftfl\u00f6dessystem - v\u00e4tskan rinner ut j\u00e4mnt. En kran f\u00f6r en 25 l eller 20 l beh\u00e5llare. G\u00e4ngstorlek 51 mm. l\u00e4mplig f\u00f6r vatten, v\u00e4rme och olja\" \/>\n<meta property=\"og:url\" content=\"https:\/\/ibc.ee\/sv\/produkt\/51mm-cap-tool-trumtappnyckel\/\" \/>\n<meta property=\"og:site_name\" content=\"IBC konteineri m&uuml;&uuml;k, vaadid, kraanid, mahutid\" \/>\n<meta property=\"og:image\" content=\"https:\/\/ibc.ee\/wp-content\/uploads\/2021\/02\/Vaadikraan_51mm_20-25l_2.jpg\" \/>\n\t<meta property=\"og:image:width\" content=\"1000\" \/>\n\t<meta property=\"og:image:height\" content=\"1000\" \/>\n\t<meta property=\"og:image:type\" content=\"image\/jpeg\" \/>\n<meta name=\"twitter:card\" content=\"summary_large_image\" \/>\n<script type=\"application\/ld+json\" class=\"yoast-schema-graph\">{\"@context\":\"https:\/\/schema.org\",\"@graph\":[{\"@type\":\"WebPage\",\"@id\":\"https:\/\/ibc.ee\/sv\/produkt\/51mm-cap-tool-trumtappnyckel\/\",\"url\":\"https:\/\/ibc.ee\/sv\/produkt\/51mm-cap-tool-trumtappnyckel\/\",\"name\":\"51mm Cap Tool Trumtappnyckel\",\"isPartOf\":{\"@id\":\"https:\/\/www.ibc.ee\/sv\/#website\"},\"primaryImageOfPage\":{\"@id\":\"https:\/\/ibc.ee\/sv\/produkt\/51mm-cap-tool-trumtappnyckel\/#primaryimage\"},\"image\":{\"@id\":\"https:\/\/ibc.ee\/sv\/produkt\/51mm-cap-tool-trumtappnyckel\/#primaryimage\"},\"thumbnailUrl\":\"https:\/\/ibc.ee\/wp-content\/uploads\/2021\/02\/Vaadikraan_51mm_20-25l_2.jpg\",\"datePublished\":\"2025-04-22T11:52:32+00:00\",\"description\":\"51mm lockverktyg trumtapp nyckel. Det finns ett luftfl\u00f6dessystem - v\u00e4tskan rinner ut j\u00e4mnt. En kran f\u00f6r en 25 l eller 20 l beh\u00e5llare. G\u00e4ngstorlek 51 mm. l\u00e4mplig f\u00f6r vatten, v\u00e4rme och olja\",\"breadcrumb\":{\"@id\":\"https:\/\/ibc.ee\/sv\/produkt\/51mm-cap-tool-trumtappnyckel\/#breadcrumb\"},\"inLanguage\":\"sv-SE\",\"potentialAction\":[{\"@type\":\"ReadAction\",\"target\":[\"https:\/\/ibc.ee\/sv\/produkt\/51mm-cap-tool-trumtappnyckel\/\"]}]},{\"@type\":\"ImageObject\",\"inLanguage\":\"sv-SE\",\"@id\":\"https:\/\/ibc.ee\/sv\/produkt\/51mm-cap-tool-trumtappnyckel\/#primaryimage\",\"url\":\"https:\/\/ibc.ee\/wp-content\/uploads\/2021\/02\/Vaadikraan_51mm_20-25l_2.jpg\",\"contentUrl\":\"https:\/\/ibc.ee\/wp-content\/uploads\/2021\/02\/Vaadikraan_51mm_20-25l_2.jpg\",\"width\":1000,\"height\":1000,\"caption\":\"51mm Cap Tool Drum Tap Spanner\"},{\"@type\":\"BreadcrumbList\",\"@id\":\"https:\/\/ibc.ee\/sv\/produkt\/51mm-cap-tool-trumtappnyckel\/#breadcrumb\",\"itemListElement\":[{\"@type\":\"ListItem\",\"position\":1,\"name\":\"\u0413\u043b\u0430\u0432\u043d\u0430\u044f \u0441\u0442\u0440\u0430\u043d\u0438\u0446\u0430\",\"item\":\"https:\/\/www.ibc.ee\/sv\/\"},{\"@type\":\"ListItem\",\"position\":2,\"name\":\"Butik\",\"item\":\"https:\/\/www.ibc.ee\/sv\/butik\/\"},{\"@type\":\"ListItem\",\"position\":3,\"name\":\"51mm Cap Tool Trumtappnyckel\"}]},{\"@type\":\"WebSite\",\"@id\":\"https:\/\/www.ibc.ee\/sv\/#website\",\"url\":\"https:\/\/www.ibc.ee\/sv\/\",\"name\":\"IBC konteineri m&uuml;&uuml;k, vaadid, kraanid, mahutid\",\"description\":\"IBC - Tank container valve, Adapters\\\\fittings, Intermediate bulk, container, Drums\/cans\",\"potentialAction\":[{\"@type\":\"SearchAction\",\"target\":{\"@type\":\"EntryPoint\",\"urlTemplate\":\"https:\/\/www.ibc.ee\/sv\/?s={search_term_string}\"},\"query-input\":{\"@type\":\"PropertyValueSpecification\",\"valueRequired\":true,\"valueName\":\"search_term_string\"}}],\"inLanguage\":\"sv-SE\"}]}<\/script>\n<!-- \/ Yoast SEO plugin. -->","yoast_head_json":{"title":"51mm Cap Tool Trumtappnyckel","description":"51mm lockverktyg trumtapp nyckel. Det finns ett luftfl\u00f6dessystem - v\u00e4tskan rinner ut j\u00e4mnt. En kran f\u00f6r en 25 l eller 20 l beh\u00e5llare. G\u00e4ngstorlek 51 mm. l\u00e4mplig f\u00f6r vatten, v\u00e4rme och olja","robots":{"index":"index","follow":"follow","max-snippet":"max-snippet:-1","max-image-preview":"max-image-preview:large","max-video-preview":"max-video-preview:-1"},"canonical":"https:\/\/ibc.ee\/sv\/produkt\/51mm-cap-tool-trumtappnyckel\/","og_locale":"sv_SE","og_type":"article","og_title":"51mm Cap Tool Trumtappnyckel","og_description":"51mm lockverktyg trumtapp nyckel. Det finns ett luftfl\u00f6dessystem - v\u00e4tskan rinner ut j\u00e4mnt. En kran f\u00f6r en 25 l eller 20 l beh\u00e5llare. G\u00e4ngstorlek 51 mm. l\u00e4mplig f\u00f6r vatten, v\u00e4rme och olja","og_url":"https:\/\/ibc.ee\/sv\/produkt\/51mm-cap-tool-trumtappnyckel\/","og_site_name":"IBC konteineri m&uuml;&uuml;k, vaadid, kraanid, mahutid","og_image":[{"width":1000,"height":1000,"url":"https:\/\/ibc.ee\/wp-content\/uploads\/2021\/02\/Vaadikraan_51mm_20-25l_2.jpg","type":"image\/jpeg"}],"twitter_card":"summary_large_image","schema":{"@context":"https:\/\/schema.org","@graph":[{"@type":"WebPage","@id":"https:\/\/ibc.ee\/sv\/produkt\/51mm-cap-tool-trumtappnyckel\/","url":"https:\/\/ibc.ee\/sv\/produkt\/51mm-cap-tool-trumtappnyckel\/","name":"51mm Cap Tool Trumtappnyckel","isPartOf":{"@id":"https:\/\/www.ibc.ee\/sv\/#website"},"primaryImageOfPage":{"@id":"https:\/\/ibc.ee\/sv\/produkt\/51mm-cap-tool-trumtappnyckel\/#primaryimage"},"image":{"@id":"https:\/\/ibc.ee\/sv\/produkt\/51mm-cap-tool-trumtappnyckel\/#primaryimage"},"thumbnailUrl":"https:\/\/ibc.ee\/wp-content\/uploads\/2021\/02\/Vaadikraan_51mm_20-25l_2.jpg","datePublished":"2025-04-22T11:52:32+00:00","description":"51mm lockverktyg trumtapp nyckel. Det finns ett luftfl\u00f6dessystem - v\u00e4tskan rinner ut j\u00e4mnt. En kran f\u00f6r en 25 l eller 20 l beh\u00e5llare. G\u00e4ngstorlek 51 mm. l\u00e4mplig f\u00f6r vatten, v\u00e4rme och olja","breadcrumb":{"@id":"https:\/\/ibc.ee\/sv\/produkt\/51mm-cap-tool-trumtappnyckel\/#breadcrumb"},"inLanguage":"sv-SE","potentialAction":[{"@type":"ReadAction","target":["https:\/\/ibc.ee\/sv\/produkt\/51mm-cap-tool-trumtappnyckel\/"]}]},{"@type":"ImageObject","inLanguage":"sv-SE","@id":"https:\/\/ibc.ee\/sv\/produkt\/51mm-cap-tool-trumtappnyckel\/#primaryimage","url":"https:\/\/ibc.ee\/wp-content\/uploads\/2021\/02\/Vaadikraan_51mm_20-25l_2.jpg","contentUrl":"https:\/\/ibc.ee\/wp-content\/uploads\/2021\/02\/Vaadikraan_51mm_20-25l_2.jpg","width":1000,"height":1000,"caption":"51mm Cap Tool Drum Tap Spanner"},{"@type":"BreadcrumbList","@id":"https:\/\/ibc.ee\/sv\/produkt\/51mm-cap-tool-trumtappnyckel\/#breadcrumb","itemListElement":[{"@type":"ListItem","position":1,"name":"\u0413\u043b\u0430\u0432\u043d\u0430\u044f \u0441\u0442\u0440\u0430\u043d\u0438\u0446\u0430","item":"https:\/\/www.ibc.ee\/sv\/"},{"@type":"ListItem","position":2,"name":"Butik","item":"https:\/\/www.ibc.ee\/sv\/butik\/"},{"@type":"ListItem","position":3,"name":"51mm Cap Tool Trumtappnyckel"}]},{"@type":"WebSite","@id":"https:\/\/www.ibc.ee\/sv\/#website","url":"https:\/\/www.ibc.ee\/sv\/","name":"IBC konteineri m&uuml;&uuml;k, vaadid, kraanid, mahutid","description":"IBC - Tank container valve, Adapters\\fittings, Intermediate bulk, container, Drums\/cans","potentialAction":[{"@type":"SearchAction","target":{"@type":"EntryPoint","urlTemplate":"https:\/\/www.ibc.ee\/sv\/?s={search_term_string}"},"query-input":{"@type":"PropertyValueSpecification","valueRequired":true,"valueName":"search_term_string"}}],"inLanguage":"sv-SE"}]}},"_links":{"self":[{"href":"https:\/\/ibc.ee\/sv\/wp-json\/wp\/v2\/product\/23405","targetHints":{"allow":["GET"]}}],"collection":[{"href":"https:\/\/ibc.ee\/sv\/wp-json\/wp\/v2\/product"}],"about":[{"href":"https:\/\/ibc.ee\/sv\/wp-json\/wp\/v2\/types\/product"}],"wp:featuredmedia":[{"embeddable":true,"href":"https:\/\/ibc.ee\/sv\/wp-json\/wp\/v2\/media\/20056"}],"wp:attachment":[{"href":"https:\/\/ibc.ee\/sv\/wp-json\/wp\/v2\/media?parent=23405"}],"wp:term":[{"taxonomy":"product_brand","embeddable":true,"href":"https:\/\/ibc.ee\/sv\/wp-json\/wp\/v2\/product_brand?post=23405"},{"taxonomy":"product_cat","embeddable":true,"href":"https:\/\/ibc.ee\/sv\/wp-json\/wp\/v2\/product_cat?post=23405"},{"taxonomy":"product_tag","embeddable":true,"href":"https:\/\/ibc.ee\/sv\/wp-json\/wp\/v2\/product_tag?post=23405"}],"curies":[{"name":"wp","href":"https:\/\/api.w.org\/{rel}","templated":true}]}}