{"id":23423,"date":"2020-08-18T06:35:35","date_gmt":"2025-04-22T12:01:43","guid":{"rendered":"https:\/\/ibc.ee\/product\/th-plastdunk-220l-200-liter\/"},"modified":"2025-06-26T14:54:14","modified_gmt":"2025-06-26T12:54:14","slug":"th-plastdunk-220l-200-liter","status":"publish","type":"product","link":"https:\/\/ibc.ee\/sv\/produkt\/th-plastdunk-220l-200-liter\/","title":{"rendered":"TH plastdunk 220L 200 liter"},"content":{"rendered":"<p>TH plastkanna 220L\/200 liter \u00e4r tillverkad av HMWPE-plast (High Molecular Weight Polyethylene) med industriell styrka, liknande HDPE men mer h\u00e5llbar, med extra tjocka v\u00e4ggar f\u00f6r att ge \u00f6verl\u00e4gsen prestanda och l\u00e5ngvarig h\u00e5llbarhet. Den s\u00f6ml\u00f6sa konstruktionen av denna trumma med slutet huvud \u00e4r l\u00e4mplig f\u00f6r utomhusbruk. Kan anv\u00e4ndas som regntunna, flytande tunna eller boj, eller f\u00f6rvaringsbeh\u00e5llare f\u00f6r kemikalier, oljor m.m.  <\/p>\n","protected":false},"excerpt":{"rendered":"<p>TH plastkanna 220L\/200 liter \u00e4r tillverkad av HMWPE-plast (High Molecular Weight Polyethylene) med industriell styrka, liknande HDPE men mer h\u00e5llbar, med extra tjocka v\u00e4ggar f\u00f6r att ge \u00f6verl\u00e4gsen prestanda och l\u00e5ngvarig h\u00e5llbarhet. Den s\u00f6ml\u00f6sa konstruktionen av denna trumma med slutet huvud \u00e4r l\u00e4mplig f\u00f6r utomhusbruk. Kan anv\u00e4ndas som regntunna, flytande tunna eller boj, eller f\u00f6rvaringsbeh\u00e5llare [&hellip;]<\/p>\n","protected":false},"featured_media":23424,"template":"","meta":[],"product_brand":[],"product_cat":[448],"product_tag":[],"class_list":{"0":"post-23423","1":"product","2":"type-product","3":"status-publish","4":"has-post-thumbnail","6":"product_cat-fat-och-burkar","7":"product_shipping_class-trummor-och-burkar","9":"first","10":"onbackorder","11":"taxable","12":"shipping-taxable","13":"purchasable","14":"product-type-simple"},"yoast_head":"<!-- This site is optimized with the Yoast SEO plugin v26.9 - https:\/\/yoast.com\/product\/yoast-seo-wordpress\/ -->\n<title>TH plastdunk 220L 200 liter - IBC konteineri m&uuml;&uuml;k, vaadid, kraanid, mahutid<\/title>\n<meta name=\"description\" content=\"TH plastkanna 220L\/200 liter \u00e4r tillverkad av industriellt h\u00e5llfast polyeten med h\u00f6g molekylvikt (HMWPE), med extra tjocka v\u00e4ggar f\u00f6r att ge \u00f6verl\u00e4gsen prestanda och l\u00e5ngvarig h\u00e5llbarhet.\" \/>\n<meta name=\"robots\" content=\"index, follow, max-snippet:-1, max-image-preview:large, max-video-preview:-1\" \/>\n<link rel=\"canonical\" href=\"https:\/\/ibc.ee\/sv\/produkt\/th-plastdunk-220l-200-liter\/\" \/>\n<meta property=\"og:locale\" content=\"sv_SE\" \/>\n<meta property=\"og:type\" content=\"article\" \/>\n<meta property=\"og:title\" content=\"TH plastdunk 220L 200 liter - IBC konteineri m&uuml;&uuml;k, vaadid, kraanid, mahutid\" \/>\n<meta property=\"og:description\" content=\"TH plastkanna 220L\/200 liter \u00e4r tillverkad av industriellt h\u00e5llfast polyeten med h\u00f6g molekylvikt (HMWPE), med extra tjocka v\u00e4ggar f\u00f6r att ge \u00f6verl\u00e4gsen prestanda och l\u00e5ngvarig h\u00e5llbarhet.\" \/>\n<meta property=\"og:url\" content=\"https:\/\/ibc.ee\/sv\/produkt\/th-plastdunk-220l-200-liter\/\" \/>\n<meta property=\"og:site_name\" content=\"IBC konteineri m&uuml;&uuml;k, vaadid, kraanid, mahutid\" \/>\n<meta property=\"article:modified_time\" content=\"2025-06-26T12:54:14+00:00\" \/>\n<meta property=\"og:image\" content=\"https:\/\/ibc.ee\/wp-content\/uploads\/2020\/08\/200-plastic-barrel.jpg\" \/>\n\t<meta property=\"og:image:width\" content=\"1000\" \/>\n\t<meta property=\"og:image:height\" content=\"1000\" \/>\n\t<meta property=\"og:image:type\" content=\"image\/jpeg\" \/>\n<meta name=\"twitter:card\" content=\"summary_large_image\" \/>\n<meta name=\"twitter:label1\" content=\"Ber\u00e4knad l\u00e4stid\" \/>\n\t<meta name=\"twitter:data1\" content=\"1 minut\" \/>\n<script type=\"application\/ld+json\" class=\"yoast-schema-graph\">{\"@context\":\"https:\/\/schema.org\",\"@graph\":[{\"@type\":\"WebPage\",\"@id\":\"https:\/\/ibc.ee\/sv\/produkt\/th-plastdunk-220l-200-liter\/\",\"url\":\"https:\/\/ibc.ee\/sv\/produkt\/th-plastdunk-220l-200-liter\/\",\"name\":\"TH plastdunk 220L 200 liter - IBC konteineri m&uuml;&uuml;k, vaadid, kraanid, mahutid\",\"isPartOf\":{\"@id\":\"https:\/\/www.ibc.ee\/sv\/#website\"},\"primaryImageOfPage\":{\"@id\":\"https:\/\/ibc.ee\/sv\/produkt\/th-plastdunk-220l-200-liter\/#primaryimage\"},\"image\":{\"@id\":\"https:\/\/ibc.ee\/sv\/produkt\/th-plastdunk-220l-200-liter\/#primaryimage\"},\"thumbnailUrl\":\"https:\/\/ibc.ee\/wp-content\/uploads\/2020\/08\/200-plastic-barrel.jpg\",\"datePublished\":\"2025-04-22T12:01:43+00:00\",\"dateModified\":\"2025-06-26T12:54:14+00:00\",\"description\":\"TH plastkanna 220L\/200 liter \u00e4r tillverkad av industriellt h\u00e5llfast polyeten med h\u00f6g molekylvikt (HMWPE), med extra tjocka v\u00e4ggar f\u00f6r att ge \u00f6verl\u00e4gsen prestanda och l\u00e5ngvarig h\u00e5llbarhet.\",\"breadcrumb\":{\"@id\":\"https:\/\/ibc.ee\/sv\/produkt\/th-plastdunk-220l-200-liter\/#breadcrumb\"},\"inLanguage\":\"sv-SE\",\"potentialAction\":[{\"@type\":\"ReadAction\",\"target\":[\"https:\/\/ibc.ee\/sv\/produkt\/th-plastdunk-220l-200-liter\/\"]}]},{\"@type\":\"ImageObject\",\"inLanguage\":\"sv-SE\",\"@id\":\"https:\/\/ibc.ee\/sv\/produkt\/th-plastdunk-220l-200-liter\/#primaryimage\",\"url\":\"https:\/\/ibc.ee\/wp-content\/uploads\/2020\/08\/200-plastic-barrel.jpg\",\"contentUrl\":\"https:\/\/ibc.ee\/wp-content\/uploads\/2020\/08\/200-plastic-barrel.jpg\",\"width\":1000,\"height\":1000},{\"@type\":\"BreadcrumbList\",\"@id\":\"https:\/\/ibc.ee\/sv\/produkt\/th-plastdunk-220l-200-liter\/#breadcrumb\",\"itemListElement\":[{\"@type\":\"ListItem\",\"position\":1,\"name\":\"\u0413\u043b\u0430\u0432\u043d\u0430\u044f \u0441\u0442\u0440\u0430\u043d\u0438\u0446\u0430\",\"item\":\"https:\/\/www.ibc.ee\/sv\/\"},{\"@type\":\"ListItem\",\"position\":2,\"name\":\"Butik\",\"item\":\"https:\/\/www.ibc.ee\/sv\/butik\/\"},{\"@type\":\"ListItem\",\"position\":3,\"name\":\"TH plastdunk 220L 200 liter\"}]},{\"@type\":\"WebSite\",\"@id\":\"https:\/\/www.ibc.ee\/sv\/#website\",\"url\":\"https:\/\/www.ibc.ee\/sv\/\",\"name\":\"IBC konteineri m&uuml;&uuml;k, vaadid, kraanid, mahutid\",\"description\":\"IBC - Tank container valve, Adapters\\\\fittings, Intermediate bulk, container, Drums\/cans\",\"potentialAction\":[{\"@type\":\"SearchAction\",\"target\":{\"@type\":\"EntryPoint\",\"urlTemplate\":\"https:\/\/www.ibc.ee\/sv\/?s={search_term_string}\"},\"query-input\":{\"@type\":\"PropertyValueSpecification\",\"valueRequired\":true,\"valueName\":\"search_term_string\"}}],\"inLanguage\":\"sv-SE\"}]}<\/script>\n<!-- \/ Yoast SEO plugin. -->","yoast_head_json":{"title":"TH plastdunk 220L 200 liter - IBC konteineri m&uuml;&uuml;k, vaadid, kraanid, mahutid","description":"TH plastkanna 220L\/200 liter \u00e4r tillverkad av industriellt h\u00e5llfast polyeten med h\u00f6g molekylvikt (HMWPE), med extra tjocka v\u00e4ggar f\u00f6r att ge \u00f6verl\u00e4gsen prestanda och l\u00e5ngvarig h\u00e5llbarhet.","robots":{"index":"index","follow":"follow","max-snippet":"max-snippet:-1","max-image-preview":"max-image-preview:large","max-video-preview":"max-video-preview:-1"},"canonical":"https:\/\/ibc.ee\/sv\/produkt\/th-plastdunk-220l-200-liter\/","og_locale":"sv_SE","og_type":"article","og_title":"TH plastdunk 220L 200 liter - IBC konteineri m&uuml;&uuml;k, vaadid, kraanid, mahutid","og_description":"TH plastkanna 220L\/200 liter \u00e4r tillverkad av industriellt h\u00e5llfast polyeten med h\u00f6g molekylvikt (HMWPE), med extra tjocka v\u00e4ggar f\u00f6r att ge \u00f6verl\u00e4gsen prestanda och l\u00e5ngvarig h\u00e5llbarhet.","og_url":"https:\/\/ibc.ee\/sv\/produkt\/th-plastdunk-220l-200-liter\/","og_site_name":"IBC konteineri m&uuml;&uuml;k, vaadid, kraanid, mahutid","article_modified_time":"2025-06-26T12:54:14+00:00","og_image":[{"width":1000,"height":1000,"url":"https:\/\/ibc.ee\/wp-content\/uploads\/2020\/08\/200-plastic-barrel.jpg","type":"image\/jpeg"}],"twitter_card":"summary_large_image","twitter_misc":{"Ber\u00e4knad l\u00e4stid":"1 minut"},"schema":{"@context":"https:\/\/schema.org","@graph":[{"@type":"WebPage","@id":"https:\/\/ibc.ee\/sv\/produkt\/th-plastdunk-220l-200-liter\/","url":"https:\/\/ibc.ee\/sv\/produkt\/th-plastdunk-220l-200-liter\/","name":"TH plastdunk 220L 200 liter - IBC konteineri m&uuml;&uuml;k, vaadid, kraanid, mahutid","isPartOf":{"@id":"https:\/\/www.ibc.ee\/sv\/#website"},"primaryImageOfPage":{"@id":"https:\/\/ibc.ee\/sv\/produkt\/th-plastdunk-220l-200-liter\/#primaryimage"},"image":{"@id":"https:\/\/ibc.ee\/sv\/produkt\/th-plastdunk-220l-200-liter\/#primaryimage"},"thumbnailUrl":"https:\/\/ibc.ee\/wp-content\/uploads\/2020\/08\/200-plastic-barrel.jpg","datePublished":"2025-04-22T12:01:43+00:00","dateModified":"2025-06-26T12:54:14+00:00","description":"TH plastkanna 220L\/200 liter \u00e4r tillverkad av industriellt h\u00e5llfast polyeten med h\u00f6g molekylvikt (HMWPE), med extra tjocka v\u00e4ggar f\u00f6r att ge \u00f6verl\u00e4gsen prestanda och l\u00e5ngvarig h\u00e5llbarhet.","breadcrumb":{"@id":"https:\/\/ibc.ee\/sv\/produkt\/th-plastdunk-220l-200-liter\/#breadcrumb"},"inLanguage":"sv-SE","potentialAction":[{"@type":"ReadAction","target":["https:\/\/ibc.ee\/sv\/produkt\/th-plastdunk-220l-200-liter\/"]}]},{"@type":"ImageObject","inLanguage":"sv-SE","@id":"https:\/\/ibc.ee\/sv\/produkt\/th-plastdunk-220l-200-liter\/#primaryimage","url":"https:\/\/ibc.ee\/wp-content\/uploads\/2020\/08\/200-plastic-barrel.jpg","contentUrl":"https:\/\/ibc.ee\/wp-content\/uploads\/2020\/08\/200-plastic-barrel.jpg","width":1000,"height":1000},{"@type":"BreadcrumbList","@id":"https:\/\/ibc.ee\/sv\/produkt\/th-plastdunk-220l-200-liter\/#breadcrumb","itemListElement":[{"@type":"ListItem","position":1,"name":"\u0413\u043b\u0430\u0432\u043d\u0430\u044f \u0441\u0442\u0440\u0430\u043d\u0438\u0446\u0430","item":"https:\/\/www.ibc.ee\/sv\/"},{"@type":"ListItem","position":2,"name":"Butik","item":"https:\/\/www.ibc.ee\/sv\/butik\/"},{"@type":"ListItem","position":3,"name":"TH plastdunk 220L 200 liter"}]},{"@type":"WebSite","@id":"https:\/\/www.ibc.ee\/sv\/#website","url":"https:\/\/www.ibc.ee\/sv\/","name":"IBC konteineri m&uuml;&uuml;k, vaadid, kraanid, mahutid","description":"IBC - Tank container valve, Adapters\\fittings, Intermediate bulk, container, Drums\/cans","potentialAction":[{"@type":"SearchAction","target":{"@type":"EntryPoint","urlTemplate":"https:\/\/www.ibc.ee\/sv\/?s={search_term_string}"},"query-input":{"@type":"PropertyValueSpecification","valueRequired":true,"valueName":"search_term_string"}}],"inLanguage":"sv-SE"}]}},"_links":{"self":[{"href":"https:\/\/ibc.ee\/sv\/wp-json\/wp\/v2\/product\/23423","targetHints":{"allow":["GET"]}}],"collection":[{"href":"https:\/\/ibc.ee\/sv\/wp-json\/wp\/v2\/product"}],"about":[{"href":"https:\/\/ibc.ee\/sv\/wp-json\/wp\/v2\/types\/product"}],"wp:featuredmedia":[{"embeddable":true,"href":"https:\/\/ibc.ee\/sv\/wp-json\/wp\/v2\/media\/23424"}],"wp:attachment":[{"href":"https:\/\/ibc.ee\/sv\/wp-json\/wp\/v2\/media?parent=23423"}],"wp:term":[{"taxonomy":"product_brand","embeddable":true,"href":"https:\/\/ibc.ee\/sv\/wp-json\/wp\/v2\/product_brand?post=23423"},{"taxonomy":"product_cat","embeddable":true,"href":"https:\/\/ibc.ee\/sv\/wp-json\/wp\/v2\/product_cat?post=23423"},{"taxonomy":"product_tag","embeddable":true,"href":"https:\/\/ibc.ee\/sv\/wp-json\/wp\/v2\/product_tag?post=23423"}],"curies":[{"name":"wp","href":"https:\/\/api.w.org\/{rel}","templated":true}]}}