{"id":23435,"date":"2020-07-08T19:08:38","date_gmt":"2025-04-22T12:05:31","guid":{"rendered":"https:\/\/ibc.ee\/product\/ibc-behallare-med-varmejacka\/"},"modified":"2025-04-22T14:05:31","modified_gmt":"2025-04-22T12:05:31","slug":"ibc-behallare-med-varmejacka","status":"publish","type":"product","link":"https:\/\/ibc.ee\/sv\/produkt\/ibc-behallare-med-varmejacka\/","title":{"rendered":"IBC-beh\u00e5llare med v\u00e4rmejacka"},"content":{"rendered":"<p>IBC-tankuppv\u00e4rmning som t\u00e4cker beh\u00e5llaren som ett h\u00f6lje. S\u00e4rskilt l\u00e4mplig f\u00f6r uppv\u00e4rmning av mer visk\u00f6sa v\u00e4tskor som olja, diesel, sirap, fetter, sm\u00f6rjmedel, petrolatum, vaxer, lim etc., som m\u00e5ste v\u00e4rmas j\u00e4mnt i hela beh\u00e5llaren. Vid behov delas uppv\u00e4rmningen av beh\u00e5llaren upp i 1 &#8211; 3 zoner utrustade med en termostat. L\u00e4mplig f\u00f6r standardbeh\u00e5llare p\u00e5 1000 liter.   <\/p>\n","protected":false},"excerpt":{"rendered":"<p><strong>Tekniska specifikationer:<\/strong><br \/>\n&#8211; integrerad justerbar termostat 0 till 90 \u00b0 C<br \/>\n&#8211; Justerbara frig\u00f6ringssp\u00e4nnen f\u00f6r enkel installation<br \/>\n&#8211; IP51 skyddsniv\u00e5<\/p>\n<p>2000W vid 230 V.<\/p>\n<p>Om det fanns vatten i beh\u00e5llaren skulle uppv\u00e4rmningstiden f\u00f6r en 2x1000W tank vara + 15\u00ba C &#8211; + 50\u00baC inom 48 timmar.<\/p>\n<p style=\"text-align: justify;\">[popup_anything id=&#8221;15520&#8243;]<\/p>\n","protected":false},"featured_media":23436,"template":"","meta":[],"product_brand":[],"product_cat":[450],"product_tag":[],"class_list":{"0":"post-23435","1":"product","2":"type-product","3":"status-publish","4":"has-post-thumbnail","6":"product_cat-ibc-och-trumuppvarmning","7":"product_shipping_class-omniva-sv","9":"first","10":"onbackorder","11":"taxable","12":"shipping-taxable","13":"purchasable","14":"product-type-simple"},"yoast_head":"<!-- This site is optimized with the Yoast SEO plugin v26.9 - https:\/\/yoast.com\/product\/yoast-seo-wordpress\/ -->\n<title>IBC-beh\u00e5llare med v\u00e4rmejacka<\/title>\n<meta name=\"description\" content=\"IBC-tankuppv\u00e4rmning som t\u00e4cker beh\u00e5llaren som ett h\u00f6lje. S\u00e4rskilt l\u00e4mplig f\u00f6r uppv\u00e4rmning av mer visk\u00f6sa v\u00e4tskor som olja, diesel, sirap, fett, sm\u00f6rjmedel, petrolatum, vaxer, lim etc., som m\u00e5ste v\u00e4rmas j\u00e4mnt i hela beh\u00e5llaren.\" \/>\n<meta name=\"robots\" content=\"index, follow, max-snippet:-1, max-image-preview:large, max-video-preview:-1\" \/>\n<link rel=\"canonical\" href=\"https:\/\/ibc.ee\/sv\/produkt\/ibc-behallare-med-varmejacka\/\" \/>\n<meta property=\"og:locale\" content=\"sv_SE\" \/>\n<meta property=\"og:type\" content=\"article\" \/>\n<meta property=\"og:title\" content=\"IBC-beh\u00e5llare med v\u00e4rmejacka\" \/>\n<meta property=\"og:description\" content=\"IBC-tankuppv\u00e4rmning som t\u00e4cker beh\u00e5llaren som ett h\u00f6lje. S\u00e4rskilt l\u00e4mplig f\u00f6r uppv\u00e4rmning av mer visk\u00f6sa v\u00e4tskor som olja, diesel, sirap, fett, sm\u00f6rjmedel, petrolatum, vaxer, lim etc., som m\u00e5ste v\u00e4rmas j\u00e4mnt i hela beh\u00e5llaren.\" \/>\n<meta property=\"og:url\" content=\"https:\/\/ibc.ee\/sv\/produkt\/ibc-behallare-med-varmejacka\/\" \/>\n<meta property=\"og:site_name\" content=\"IBC konteineri m&uuml;&uuml;k, vaadid, kraanid, mahutid\" \/>\n<meta property=\"og:image\" content=\"https:\/\/ibc.ee\/wp-content\/uploads\/2020\/07\/IBC-konteiner-mahuti-kuttemantel-MasterChem.jpg\" \/>\n\t<meta property=\"og:image:width\" content=\"1000\" \/>\n\t<meta property=\"og:image:height\" content=\"1000\" \/>\n\t<meta property=\"og:image:type\" content=\"image\/jpeg\" \/>\n<meta name=\"twitter:card\" content=\"summary_large_image\" \/>\n<script type=\"application\/ld+json\" class=\"yoast-schema-graph\">{\"@context\":\"https:\/\/schema.org\",\"@graph\":[{\"@type\":\"WebPage\",\"@id\":\"https:\/\/ibc.ee\/sv\/produkt\/ibc-behallare-med-varmejacka\/\",\"url\":\"https:\/\/ibc.ee\/sv\/produkt\/ibc-behallare-med-varmejacka\/\",\"name\":\"IBC-beh\u00e5llare med v\u00e4rmejacka\",\"isPartOf\":{\"@id\":\"https:\/\/www.ibc.ee\/sv\/#website\"},\"primaryImageOfPage\":{\"@id\":\"https:\/\/ibc.ee\/sv\/produkt\/ibc-behallare-med-varmejacka\/#primaryimage\"},\"image\":{\"@id\":\"https:\/\/ibc.ee\/sv\/produkt\/ibc-behallare-med-varmejacka\/#primaryimage\"},\"thumbnailUrl\":\"https:\/\/ibc.ee\/wp-content\/uploads\/2020\/07\/IBC-konteiner-mahuti-kuttemantel-MasterChem.jpg\",\"datePublished\":\"2025-04-22T12:05:31+00:00\",\"description\":\"IBC-tankuppv\u00e4rmning som t\u00e4cker beh\u00e5llaren som ett h\u00f6lje. S\u00e4rskilt l\u00e4mplig f\u00f6r uppv\u00e4rmning av mer visk\u00f6sa v\u00e4tskor som olja, diesel, sirap, fett, sm\u00f6rjmedel, petrolatum, vaxer, lim etc., som m\u00e5ste v\u00e4rmas j\u00e4mnt i hela beh\u00e5llaren.\",\"breadcrumb\":{\"@id\":\"https:\/\/ibc.ee\/sv\/produkt\/ibc-behallare-med-varmejacka\/#breadcrumb\"},\"inLanguage\":\"sv-SE\",\"potentialAction\":[{\"@type\":\"ReadAction\",\"target\":[\"https:\/\/ibc.ee\/sv\/produkt\/ibc-behallare-med-varmejacka\/\"]}]},{\"@type\":\"ImageObject\",\"inLanguage\":\"sv-SE\",\"@id\":\"https:\/\/ibc.ee\/sv\/produkt\/ibc-behallare-med-varmejacka\/#primaryimage\",\"url\":\"https:\/\/ibc.ee\/wp-content\/uploads\/2020\/07\/IBC-konteiner-mahuti-kuttemantel-MasterChem.jpg\",\"contentUrl\":\"https:\/\/ibc.ee\/wp-content\/uploads\/2020\/07\/IBC-konteiner-mahuti-kuttemantel-MasterChem.jpg\",\"width\":1000,\"height\":1000},{\"@type\":\"BreadcrumbList\",\"@id\":\"https:\/\/ibc.ee\/sv\/produkt\/ibc-behallare-med-varmejacka\/#breadcrumb\",\"itemListElement\":[{\"@type\":\"ListItem\",\"position\":1,\"name\":\"\u0413\u043b\u0430\u0432\u043d\u0430\u044f \u0441\u0442\u0440\u0430\u043d\u0438\u0446\u0430\",\"item\":\"https:\/\/www.ibc.ee\/sv\/\"},{\"@type\":\"ListItem\",\"position\":2,\"name\":\"Butik\",\"item\":\"https:\/\/www.ibc.ee\/sv\/butik\/\"},{\"@type\":\"ListItem\",\"position\":3,\"name\":\"IBC-beh\u00e5llare med v\u00e4rmejacka\"}]},{\"@type\":\"WebSite\",\"@id\":\"https:\/\/www.ibc.ee\/sv\/#website\",\"url\":\"https:\/\/www.ibc.ee\/sv\/\",\"name\":\"IBC konteineri m&uuml;&uuml;k, vaadid, kraanid, mahutid\",\"description\":\"IBC - Tank container valve, Adapters\\\\fittings, Intermediate bulk, container, Drums\/cans\",\"potentialAction\":[{\"@type\":\"SearchAction\",\"target\":{\"@type\":\"EntryPoint\",\"urlTemplate\":\"https:\/\/www.ibc.ee\/sv\/?s={search_term_string}\"},\"query-input\":{\"@type\":\"PropertyValueSpecification\",\"valueRequired\":true,\"valueName\":\"search_term_string\"}}],\"inLanguage\":\"sv-SE\"}]}<\/script>\n<!-- \/ Yoast SEO plugin. -->","yoast_head_json":{"title":"IBC-beh\u00e5llare med v\u00e4rmejacka","description":"IBC-tankuppv\u00e4rmning som t\u00e4cker beh\u00e5llaren som ett h\u00f6lje. S\u00e4rskilt l\u00e4mplig f\u00f6r uppv\u00e4rmning av mer visk\u00f6sa v\u00e4tskor som olja, diesel, sirap, fett, sm\u00f6rjmedel, petrolatum, vaxer, lim etc., som m\u00e5ste v\u00e4rmas j\u00e4mnt i hela beh\u00e5llaren.","robots":{"index":"index","follow":"follow","max-snippet":"max-snippet:-1","max-image-preview":"max-image-preview:large","max-video-preview":"max-video-preview:-1"},"canonical":"https:\/\/ibc.ee\/sv\/produkt\/ibc-behallare-med-varmejacka\/","og_locale":"sv_SE","og_type":"article","og_title":"IBC-beh\u00e5llare med v\u00e4rmejacka","og_description":"IBC-tankuppv\u00e4rmning som t\u00e4cker beh\u00e5llaren som ett h\u00f6lje. S\u00e4rskilt l\u00e4mplig f\u00f6r uppv\u00e4rmning av mer visk\u00f6sa v\u00e4tskor som olja, diesel, sirap, fett, sm\u00f6rjmedel, petrolatum, vaxer, lim etc., som m\u00e5ste v\u00e4rmas j\u00e4mnt i hela beh\u00e5llaren.","og_url":"https:\/\/ibc.ee\/sv\/produkt\/ibc-behallare-med-varmejacka\/","og_site_name":"IBC konteineri m&uuml;&uuml;k, vaadid, kraanid, mahutid","og_image":[{"width":1000,"height":1000,"url":"https:\/\/ibc.ee\/wp-content\/uploads\/2020\/07\/IBC-konteiner-mahuti-kuttemantel-MasterChem.jpg","type":"image\/jpeg"}],"twitter_card":"summary_large_image","schema":{"@context":"https:\/\/schema.org","@graph":[{"@type":"WebPage","@id":"https:\/\/ibc.ee\/sv\/produkt\/ibc-behallare-med-varmejacka\/","url":"https:\/\/ibc.ee\/sv\/produkt\/ibc-behallare-med-varmejacka\/","name":"IBC-beh\u00e5llare med v\u00e4rmejacka","isPartOf":{"@id":"https:\/\/www.ibc.ee\/sv\/#website"},"primaryImageOfPage":{"@id":"https:\/\/ibc.ee\/sv\/produkt\/ibc-behallare-med-varmejacka\/#primaryimage"},"image":{"@id":"https:\/\/ibc.ee\/sv\/produkt\/ibc-behallare-med-varmejacka\/#primaryimage"},"thumbnailUrl":"https:\/\/ibc.ee\/wp-content\/uploads\/2020\/07\/IBC-konteiner-mahuti-kuttemantel-MasterChem.jpg","datePublished":"2025-04-22T12:05:31+00:00","description":"IBC-tankuppv\u00e4rmning som t\u00e4cker beh\u00e5llaren som ett h\u00f6lje. S\u00e4rskilt l\u00e4mplig f\u00f6r uppv\u00e4rmning av mer visk\u00f6sa v\u00e4tskor som olja, diesel, sirap, fett, sm\u00f6rjmedel, petrolatum, vaxer, lim etc., som m\u00e5ste v\u00e4rmas j\u00e4mnt i hela beh\u00e5llaren.","breadcrumb":{"@id":"https:\/\/ibc.ee\/sv\/produkt\/ibc-behallare-med-varmejacka\/#breadcrumb"},"inLanguage":"sv-SE","potentialAction":[{"@type":"ReadAction","target":["https:\/\/ibc.ee\/sv\/produkt\/ibc-behallare-med-varmejacka\/"]}]},{"@type":"ImageObject","inLanguage":"sv-SE","@id":"https:\/\/ibc.ee\/sv\/produkt\/ibc-behallare-med-varmejacka\/#primaryimage","url":"https:\/\/ibc.ee\/wp-content\/uploads\/2020\/07\/IBC-konteiner-mahuti-kuttemantel-MasterChem.jpg","contentUrl":"https:\/\/ibc.ee\/wp-content\/uploads\/2020\/07\/IBC-konteiner-mahuti-kuttemantel-MasterChem.jpg","width":1000,"height":1000},{"@type":"BreadcrumbList","@id":"https:\/\/ibc.ee\/sv\/produkt\/ibc-behallare-med-varmejacka\/#breadcrumb","itemListElement":[{"@type":"ListItem","position":1,"name":"\u0413\u043b\u0430\u0432\u043d\u0430\u044f \u0441\u0442\u0440\u0430\u043d\u0438\u0446\u0430","item":"https:\/\/www.ibc.ee\/sv\/"},{"@type":"ListItem","position":2,"name":"Butik","item":"https:\/\/www.ibc.ee\/sv\/butik\/"},{"@type":"ListItem","position":3,"name":"IBC-beh\u00e5llare med v\u00e4rmejacka"}]},{"@type":"WebSite","@id":"https:\/\/www.ibc.ee\/sv\/#website","url":"https:\/\/www.ibc.ee\/sv\/","name":"IBC konteineri m&uuml;&uuml;k, vaadid, kraanid, mahutid","description":"IBC - Tank container valve, Adapters\\fittings, Intermediate bulk, container, Drums\/cans","potentialAction":[{"@type":"SearchAction","target":{"@type":"EntryPoint","urlTemplate":"https:\/\/www.ibc.ee\/sv\/?s={search_term_string}"},"query-input":{"@type":"PropertyValueSpecification","valueRequired":true,"valueName":"search_term_string"}}],"inLanguage":"sv-SE"}]}},"_links":{"self":[{"href":"https:\/\/ibc.ee\/sv\/wp-json\/wp\/v2\/product\/23435","targetHints":{"allow":["GET"]}}],"collection":[{"href":"https:\/\/ibc.ee\/sv\/wp-json\/wp\/v2\/product"}],"about":[{"href":"https:\/\/ibc.ee\/sv\/wp-json\/wp\/v2\/types\/product"}],"wp:featuredmedia":[{"embeddable":true,"href":"https:\/\/ibc.ee\/sv\/wp-json\/wp\/v2\/media\/23436"}],"wp:attachment":[{"href":"https:\/\/ibc.ee\/sv\/wp-json\/wp\/v2\/media?parent=23435"}],"wp:term":[{"taxonomy":"product_brand","embeddable":true,"href":"https:\/\/ibc.ee\/sv\/wp-json\/wp\/v2\/product_brand?post=23435"},{"taxonomy":"product_cat","embeddable":true,"href":"https:\/\/ibc.ee\/sv\/wp-json\/wp\/v2\/product_cat?post=23435"},{"taxonomy":"product_tag","embeddable":true,"href":"https:\/\/ibc.ee\/sv\/wp-json\/wp\/v2\/product_tag?post=23435"}],"curies":[{"name":"wp","href":"https:\/\/api.w.org\/{rel}","templated":true}]}}