{"id":23447,"date":"2020-07-08T11:14:15","date_gmt":"2025-04-22T12:12:03","guid":{"rendered":"https:\/\/ibc.ee\/product\/trumvarmare-av-plast\/"},"modified":"2025-04-22T14:12:03","modified_gmt":"2025-04-22T12:12:03","slug":"trumvarmare-av-plast","status":"publish","type":"product","link":"https:\/\/ibc.ee\/sv\/produkt\/trumvarmare-av-plast\/","title":{"rendered":"Trumv\u00e4rmare av plast"},"content":{"rendered":"<p>V\u00e5ra fatv\u00e4rmare \u00e4r perfekta f\u00f6r fat d\u00e4r du vill h\u00e5lla inneh\u00e5llet vid en j\u00e4mn temperatur, en viss viskositet eller f\u00f6rhindra att inneh\u00e5llet fryser. Trumv\u00e4rmarna \u00e4r utrustade med l\u00e4ttanv\u00e4nda digitala styrenheter eller termostater med olika v\u00e4rmeintervall fr\u00e5n 0\u00b0C upp till 200\u00b0C, vilket g\u00f6r trumv\u00e4rmarna idealiska f\u00f6r n\u00e4stan alla \u00e4ndam\u00e5l. Trumv\u00e4rmarna \u00e4r konstruerade i en slitstark och l\u00e5ngvarig l\u00e4ttviktskonstruktion av h\u00f6g kvalitet och konstruktionen tillsammans med snabbkopplingsband g\u00f6r trumv\u00e4rmaren enkel att f\u00e4sta p\u00e5 alla trummor av standardstorlek.<\/p>\n","protected":false},"excerpt":{"rendered":"<p>&#8211; Utformad f\u00f6r livsmedelsindustrin<br \/>\n&#8211; Mantel av silikon-\/glastyg.<br \/>\n&#8211; Glasfilamentfilt.<br \/>\n&#8211; Silikonisolerat spirallindat motst\u00e5ndselement.<br \/>\n&#8211; Justerbara snabbsp\u00e4nnen.<br \/>\n&#8211; 3 meter (10 fot) str\u00f6mkabel.<br \/>\n&#8211; Standardstorlek 200 l (55 gal).<br \/>\n&#8211; Termostat 0-120 \u00b0C (32-248 \u00b0F).<br \/>\n&#8211; IP54-skydd.<br \/>\n&#8211; Uppv\u00e4rmningstid ca 24 timmar (200 l vatten fr\u00e5n +15 \u00b0C till 80 \u00b0C med en 1200 W trumv\u00e4rmare). <\/p>\n<p style=\"text-align: justify;\">[popup_anything id=&#8221;15520&#8243;]<\/p>\n","protected":false},"featured_media":23448,"template":"","meta":[],"product_brand":[],"product_cat":[450],"product_tag":[],"class_list":{"0":"post-23447","1":"product","2":"type-product","3":"status-publish","4":"has-post-thumbnail","6":"product_cat-ibc-och-trumuppvarmning","7":"product_shipping_class-omniva-sv","9":"first","10":"onbackorder","11":"taxable","12":"shipping-taxable","13":"purchasable","14":"product-type-simple"},"yoast_head":"<!-- This site is optimized with the Yoast SEO plugin v26.9 - https:\/\/yoast.com\/product\/yoast-seo-wordpress\/ -->\n<title>200L trumv\u00e4rmare av metall med styrenhet<\/title>\n<meta name=\"description\" content=\"Trumv\u00e4rmarna \u00e4r utrustade med l\u00e4ttanv\u00e4nda digitala styrenheter eller termostater med olika v\u00e4rmeintervall fr\u00e5n 0\u00b0C upp till 200\u00b0C, vilket g\u00f6r trumv\u00e4rmarna idealiska f\u00f6r n\u00e4stan alla \u00e4ndam\u00e5l.\" \/>\n<meta name=\"robots\" content=\"index, follow, max-snippet:-1, max-image-preview:large, max-video-preview:-1\" \/>\n<link rel=\"canonical\" href=\"https:\/\/ibc.ee\/sv\/produkt\/trumvarmare-av-plast\/\" \/>\n<meta property=\"og:locale\" content=\"sv_SE\" \/>\n<meta property=\"og:type\" content=\"article\" \/>\n<meta property=\"og:title\" content=\"200L trumv\u00e4rmare av metall med styrenhet\" \/>\n<meta property=\"og:description\" content=\"Trumv\u00e4rmarna \u00e4r utrustade med l\u00e4ttanv\u00e4nda digitala styrenheter eller termostater med olika v\u00e4rmeintervall fr\u00e5n 0\u00b0C upp till 200\u00b0C, vilket g\u00f6r trumv\u00e4rmarna idealiska f\u00f6r n\u00e4stan alla \u00e4ndam\u00e5l.\" \/>\n<meta property=\"og:url\" content=\"https:\/\/ibc.ee\/sv\/produkt\/trumvarmare-av-plast\/\" \/>\n<meta property=\"og:site_name\" content=\"IBC konteineri m&uuml;&uuml;k, vaadid, kraanid, mahutid\" \/>\n<meta property=\"og:image\" content=\"https:\/\/ibc.ee\/wp-content\/uploads\/2020\/07\/Plastic-200L-drum-heater-MasterChem.jpg\" \/>\n\t<meta property=\"og:image:width\" content=\"1000\" \/>\n\t<meta property=\"og:image:height\" content=\"1000\" \/>\n\t<meta property=\"og:image:type\" content=\"image\/jpeg\" \/>\n<meta name=\"twitter:card\" content=\"summary_large_image\" \/>\n<meta name=\"twitter:label1\" content=\"Ber\u00e4knad l\u00e4stid\" \/>\n\t<meta name=\"twitter:data1\" content=\"1 minut\" \/>\n<script type=\"application\/ld+json\" class=\"yoast-schema-graph\">{\"@context\":\"https:\/\/schema.org\",\"@graph\":[{\"@type\":\"WebPage\",\"@id\":\"https:\/\/ibc.ee\/sv\/produkt\/trumvarmare-av-plast\/\",\"url\":\"https:\/\/ibc.ee\/sv\/produkt\/trumvarmare-av-plast\/\",\"name\":\"200L trumv\u00e4rmare av metall med styrenhet\",\"isPartOf\":{\"@id\":\"https:\/\/www.ibc.ee\/sv\/#website\"},\"primaryImageOfPage\":{\"@id\":\"https:\/\/ibc.ee\/sv\/produkt\/trumvarmare-av-plast\/#primaryimage\"},\"image\":{\"@id\":\"https:\/\/ibc.ee\/sv\/produkt\/trumvarmare-av-plast\/#primaryimage\"},\"thumbnailUrl\":\"https:\/\/ibc.ee\/wp-content\/uploads\/2020\/07\/Plastic-200L-drum-heater-MasterChem.jpg\",\"datePublished\":\"2025-04-22T12:12:03+00:00\",\"description\":\"Trumv\u00e4rmarna \u00e4r utrustade med l\u00e4ttanv\u00e4nda digitala styrenheter eller termostater med olika v\u00e4rmeintervall fr\u00e5n 0\u00b0C upp till 200\u00b0C, vilket g\u00f6r trumv\u00e4rmarna idealiska f\u00f6r n\u00e4stan alla \u00e4ndam\u00e5l.\",\"breadcrumb\":{\"@id\":\"https:\/\/ibc.ee\/sv\/produkt\/trumvarmare-av-plast\/#breadcrumb\"},\"inLanguage\":\"sv-SE\",\"potentialAction\":[{\"@type\":\"ReadAction\",\"target\":[\"https:\/\/ibc.ee\/sv\/produkt\/trumvarmare-av-plast\/\"]}]},{\"@type\":\"ImageObject\",\"inLanguage\":\"sv-SE\",\"@id\":\"https:\/\/ibc.ee\/sv\/produkt\/trumvarmare-av-plast\/#primaryimage\",\"url\":\"https:\/\/ibc.ee\/wp-content\/uploads\/2020\/07\/Plastic-200L-drum-heater-MasterChem.jpg\",\"contentUrl\":\"https:\/\/ibc.ee\/wp-content\/uploads\/2020\/07\/Plastic-200L-drum-heater-MasterChem.jpg\",\"width\":1000,\"height\":1000},{\"@type\":\"BreadcrumbList\",\"@id\":\"https:\/\/ibc.ee\/sv\/produkt\/trumvarmare-av-plast\/#breadcrumb\",\"itemListElement\":[{\"@type\":\"ListItem\",\"position\":1,\"name\":\"\u0413\u043b\u0430\u0432\u043d\u0430\u044f \u0441\u0442\u0440\u0430\u043d\u0438\u0446\u0430\",\"item\":\"https:\/\/www.ibc.ee\/sv\/\"},{\"@type\":\"ListItem\",\"position\":2,\"name\":\"Butik\",\"item\":\"https:\/\/www.ibc.ee\/sv\/butik\/\"},{\"@type\":\"ListItem\",\"position\":3,\"name\":\"Trumv\u00e4rmare av plast\"}]},{\"@type\":\"WebSite\",\"@id\":\"https:\/\/www.ibc.ee\/sv\/#website\",\"url\":\"https:\/\/www.ibc.ee\/sv\/\",\"name\":\"IBC konteineri m&uuml;&uuml;k, vaadid, kraanid, mahutid\",\"description\":\"IBC - Tank container valve, Adapters\\\\fittings, Intermediate bulk, container, Drums\/cans\",\"potentialAction\":[{\"@type\":\"SearchAction\",\"target\":{\"@type\":\"EntryPoint\",\"urlTemplate\":\"https:\/\/www.ibc.ee\/sv\/?s={search_term_string}\"},\"query-input\":{\"@type\":\"PropertyValueSpecification\",\"valueRequired\":true,\"valueName\":\"search_term_string\"}}],\"inLanguage\":\"sv-SE\"}]}<\/script>\n<!-- \/ Yoast SEO plugin. -->","yoast_head_json":{"title":"200L trumv\u00e4rmare av metall med styrenhet","description":"Trumv\u00e4rmarna \u00e4r utrustade med l\u00e4ttanv\u00e4nda digitala styrenheter eller termostater med olika v\u00e4rmeintervall fr\u00e5n 0\u00b0C upp till 200\u00b0C, vilket g\u00f6r trumv\u00e4rmarna idealiska f\u00f6r n\u00e4stan alla \u00e4ndam\u00e5l.","robots":{"index":"index","follow":"follow","max-snippet":"max-snippet:-1","max-image-preview":"max-image-preview:large","max-video-preview":"max-video-preview:-1"},"canonical":"https:\/\/ibc.ee\/sv\/produkt\/trumvarmare-av-plast\/","og_locale":"sv_SE","og_type":"article","og_title":"200L trumv\u00e4rmare av metall med styrenhet","og_description":"Trumv\u00e4rmarna \u00e4r utrustade med l\u00e4ttanv\u00e4nda digitala styrenheter eller termostater med olika v\u00e4rmeintervall fr\u00e5n 0\u00b0C upp till 200\u00b0C, vilket g\u00f6r trumv\u00e4rmarna idealiska f\u00f6r n\u00e4stan alla \u00e4ndam\u00e5l.","og_url":"https:\/\/ibc.ee\/sv\/produkt\/trumvarmare-av-plast\/","og_site_name":"IBC konteineri m&uuml;&uuml;k, vaadid, kraanid, mahutid","og_image":[{"width":1000,"height":1000,"url":"https:\/\/ibc.ee\/wp-content\/uploads\/2020\/07\/Plastic-200L-drum-heater-MasterChem.jpg","type":"image\/jpeg"}],"twitter_card":"summary_large_image","twitter_misc":{"Ber\u00e4knad l\u00e4stid":"1 minut"},"schema":{"@context":"https:\/\/schema.org","@graph":[{"@type":"WebPage","@id":"https:\/\/ibc.ee\/sv\/produkt\/trumvarmare-av-plast\/","url":"https:\/\/ibc.ee\/sv\/produkt\/trumvarmare-av-plast\/","name":"200L trumv\u00e4rmare av metall med styrenhet","isPartOf":{"@id":"https:\/\/www.ibc.ee\/sv\/#website"},"primaryImageOfPage":{"@id":"https:\/\/ibc.ee\/sv\/produkt\/trumvarmare-av-plast\/#primaryimage"},"image":{"@id":"https:\/\/ibc.ee\/sv\/produkt\/trumvarmare-av-plast\/#primaryimage"},"thumbnailUrl":"https:\/\/ibc.ee\/wp-content\/uploads\/2020\/07\/Plastic-200L-drum-heater-MasterChem.jpg","datePublished":"2025-04-22T12:12:03+00:00","description":"Trumv\u00e4rmarna \u00e4r utrustade med l\u00e4ttanv\u00e4nda digitala styrenheter eller termostater med olika v\u00e4rmeintervall fr\u00e5n 0\u00b0C upp till 200\u00b0C, vilket g\u00f6r trumv\u00e4rmarna idealiska f\u00f6r n\u00e4stan alla \u00e4ndam\u00e5l.","breadcrumb":{"@id":"https:\/\/ibc.ee\/sv\/produkt\/trumvarmare-av-plast\/#breadcrumb"},"inLanguage":"sv-SE","potentialAction":[{"@type":"ReadAction","target":["https:\/\/ibc.ee\/sv\/produkt\/trumvarmare-av-plast\/"]}]},{"@type":"ImageObject","inLanguage":"sv-SE","@id":"https:\/\/ibc.ee\/sv\/produkt\/trumvarmare-av-plast\/#primaryimage","url":"https:\/\/ibc.ee\/wp-content\/uploads\/2020\/07\/Plastic-200L-drum-heater-MasterChem.jpg","contentUrl":"https:\/\/ibc.ee\/wp-content\/uploads\/2020\/07\/Plastic-200L-drum-heater-MasterChem.jpg","width":1000,"height":1000},{"@type":"BreadcrumbList","@id":"https:\/\/ibc.ee\/sv\/produkt\/trumvarmare-av-plast\/#breadcrumb","itemListElement":[{"@type":"ListItem","position":1,"name":"\u0413\u043b\u0430\u0432\u043d\u0430\u044f \u0441\u0442\u0440\u0430\u043d\u0438\u0446\u0430","item":"https:\/\/www.ibc.ee\/sv\/"},{"@type":"ListItem","position":2,"name":"Butik","item":"https:\/\/www.ibc.ee\/sv\/butik\/"},{"@type":"ListItem","position":3,"name":"Trumv\u00e4rmare av plast"}]},{"@type":"WebSite","@id":"https:\/\/www.ibc.ee\/sv\/#website","url":"https:\/\/www.ibc.ee\/sv\/","name":"IBC konteineri m&uuml;&uuml;k, vaadid, kraanid, mahutid","description":"IBC - Tank container valve, Adapters\\fittings, Intermediate bulk, container, Drums\/cans","potentialAction":[{"@type":"SearchAction","target":{"@type":"EntryPoint","urlTemplate":"https:\/\/www.ibc.ee\/sv\/?s={search_term_string}"},"query-input":{"@type":"PropertyValueSpecification","valueRequired":true,"valueName":"search_term_string"}}],"inLanguage":"sv-SE"}]}},"_links":{"self":[{"href":"https:\/\/ibc.ee\/sv\/wp-json\/wp\/v2\/product\/23447","targetHints":{"allow":["GET"]}}],"collection":[{"href":"https:\/\/ibc.ee\/sv\/wp-json\/wp\/v2\/product"}],"about":[{"href":"https:\/\/ibc.ee\/sv\/wp-json\/wp\/v2\/types\/product"}],"wp:featuredmedia":[{"embeddable":true,"href":"https:\/\/ibc.ee\/sv\/wp-json\/wp\/v2\/media\/23448"}],"wp:attachment":[{"href":"https:\/\/ibc.ee\/sv\/wp-json\/wp\/v2\/media?parent=23447"}],"wp:term":[{"taxonomy":"product_brand","embeddable":true,"href":"https:\/\/ibc.ee\/sv\/wp-json\/wp\/v2\/product_brand?post=23447"},{"taxonomy":"product_cat","embeddable":true,"href":"https:\/\/ibc.ee\/sv\/wp-json\/wp\/v2\/product_cat?post=23447"},{"taxonomy":"product_tag","embeddable":true,"href":"https:\/\/ibc.ee\/sv\/wp-json\/wp\/v2\/product_tag?post=23447"}],"curies":[{"name":"wp","href":"https:\/\/api.w.org\/{rel}","templated":true}]}}