{"id":23496,"date":"2024-04-22T20:45:05","date_gmt":"2025-04-22T12:38:55","guid":{"rendered":"https:\/\/ibc.ee\/product\/uhp-tank-cisteron-g-750-750l\/"},"modified":"2025-06-26T15:07:26","modified_gmt":"2025-06-26T13:07:26","slug":"uhp-tank-cisteron-g-750-750l","status":"publish","type":"product","link":"https:\/\/ibc.ee\/sv\/produkt\/uhp-tank-cisteron-g-750-750l\/","title":{"rendered":"UHP-tank Cisteron G-750 (750L)"},"content":{"rendered":"<p>En horisontell beh\u00e5llare av polyeten. Den rymmer 750 liter, har en h\u00f6jd p\u00e5 83 cm, en l\u00e4ngd p\u00e5 140 cm och en bredd p\u00e5 96 cm. <\/p>\n<p>L\u00e4mplig f\u00f6r f\u00f6rvaring av olika v\u00e4tskor, bl.a. regn- och dricksvatten, diesel, kemikalier. Beh\u00e5llarens h\u00e5llfasthet s\u00e4kerst\u00e4lls av produktens form.  <\/p>\n<p>Det finns ett g\u00e4ngat h\u00e5l med en diameter p\u00e5 3\/4 i botten (i sitt ursprungliga skick \u00e4r det f\u00f6rseglat med plast).<\/p>\n<p>Tanken har det polska hygiencertifikatet PZH, vilket m\u00f6jligg\u00f6r f\u00f6rvaring av dricksvatten.<\/p>\n","protected":false},"excerpt":{"rendered":"<p><strong>Egenskaper<\/strong><br \/>\nKapacitet: 750 l<br \/>\nH\u00f6jd: 83 cm<br \/>\nL\u00e4ngd: 140 cm<br \/>\nBredd: 96 cm<br \/>\nLockdiameter: 35 cm<br \/>\nV\u00e4ggtjocklek: 4 mm<br \/>\nAnslutningsg\u00e4nga: 3\/4 in.<\/p>\n<p><strong>Material<\/strong><br \/>\n&#8211; H\u00f6gkvalitativ polyeten<br \/>\n&#8211; Mycket h\u00f6g h\u00e5llbarhet<br \/>\n&#8211; Best\u00e4ndig mot kritiska temperaturer (fr\u00e5n -40\u00b0\u0421 till +60\u00b0\u0421)<br \/>\n&#8211; L\u00e4mplig f\u00f6r livsmedelsf\u00f6rvaring<br \/>\n&#8211; UV-best\u00e4ndig<\/p>\n","protected":false},"featured_media":23497,"template":"","meta":[],"product_brand":[],"product_cat":[451],"product_tag":[],"class_list":{"0":"post-23496","1":"product","2":"type-product","3":"status-publish","4":"has-post-thumbnail","6":"product_cat-uhp-tankar","7":"product_shipping_class-behallare","9":"first","10":"onbackorder","11":"taxable","12":"shipping-taxable","13":"product-type-simple"},"yoast_head":"<!-- This site is optimized with the Yoast SEO plugin v26.9 - https:\/\/yoast.com\/product\/yoast-seo-wordpress\/ -->\n<title>UHP-tank Cisteron G-750 (750L) - IBC konteineri m&uuml;&uuml;k, vaadid, kraanid, mahutid<\/title>\n<meta name=\"description\" content=\"En horisontell beh\u00e5llare av polyeten. Den rymmer 750 liter, har en h\u00f6jd p\u00e5 83 cm, en l\u00e4ngd p\u00e5 140 cm och en bredd p\u00e5 96 cm. L\u00e4mplig f\u00f6r f\u00f6rvaring av olika v\u00e4tskor, t.ex. regn- och dricksvatten, diesel och kemikalier.\" \/>\n<meta name=\"robots\" content=\"index, follow, max-snippet:-1, max-image-preview:large, max-video-preview:-1\" \/>\n<link rel=\"canonical\" href=\"https:\/\/ibc.ee\/sv\/produkt\/uhp-tank-cisteron-g-750-750l\/\" \/>\n<meta property=\"og:locale\" content=\"sv_SE\" \/>\n<meta property=\"og:type\" content=\"article\" \/>\n<meta property=\"og:title\" content=\"UHP-tank Cisteron G-750 (750L) - IBC konteineri m&uuml;&uuml;k, vaadid, kraanid, mahutid\" \/>\n<meta property=\"og:description\" content=\"En horisontell beh\u00e5llare av polyeten. Den rymmer 750 liter, har en h\u00f6jd p\u00e5 83 cm, en l\u00e4ngd p\u00e5 140 cm och en bredd p\u00e5 96 cm. L\u00e4mplig f\u00f6r f\u00f6rvaring av olika v\u00e4tskor, t.ex. regn- och dricksvatten, diesel och kemikalier.\" \/>\n<meta property=\"og:url\" content=\"https:\/\/ibc.ee\/sv\/produkt\/uhp-tank-cisteron-g-750-750l\/\" \/>\n<meta property=\"og:site_name\" content=\"IBC konteineri m&uuml;&uuml;k, vaadid, kraanid, mahutid\" \/>\n<meta property=\"article:modified_time\" content=\"2025-06-26T13:07:26+00:00\" \/>\n<meta property=\"og:image\" content=\"https:\/\/ibc.ee\/wp-content\/uploads\/2024\/04\/UHP-Cisteron-g-750.jpg\" \/>\n\t<meta property=\"og:image:width\" content=\"1000\" \/>\n\t<meta property=\"og:image:height\" content=\"1000\" \/>\n\t<meta property=\"og:image:type\" content=\"image\/jpeg\" \/>\n<meta name=\"twitter:card\" content=\"summary_large_image\" \/>\n<meta name=\"twitter:label1\" content=\"Ber\u00e4knad l\u00e4stid\" \/>\n\t<meta name=\"twitter:data1\" content=\"1 minut\" \/>\n<script type=\"application\/ld+json\" class=\"yoast-schema-graph\">{\"@context\":\"https:\/\/schema.org\",\"@graph\":[{\"@type\":\"WebPage\",\"@id\":\"https:\/\/ibc.ee\/sv\/produkt\/uhp-tank-cisteron-g-750-750l\/\",\"url\":\"https:\/\/ibc.ee\/sv\/produkt\/uhp-tank-cisteron-g-750-750l\/\",\"name\":\"UHP-tank Cisteron G-750 (750L) - IBC konteineri m&uuml;&uuml;k, vaadid, kraanid, mahutid\",\"isPartOf\":{\"@id\":\"https:\/\/www.ibc.ee\/sv\/#website\"},\"primaryImageOfPage\":{\"@id\":\"https:\/\/ibc.ee\/sv\/produkt\/uhp-tank-cisteron-g-750-750l\/#primaryimage\"},\"image\":{\"@id\":\"https:\/\/ibc.ee\/sv\/produkt\/uhp-tank-cisteron-g-750-750l\/#primaryimage\"},\"thumbnailUrl\":\"https:\/\/ibc.ee\/wp-content\/uploads\/2024\/04\/UHP-Cisteron-g-750.jpg\",\"datePublished\":\"2025-04-22T12:38:55+00:00\",\"dateModified\":\"2025-06-26T13:07:26+00:00\",\"description\":\"En horisontell beh\u00e5llare av polyeten. Den rymmer 750 liter, har en h\u00f6jd p\u00e5 83 cm, en l\u00e4ngd p\u00e5 140 cm och en bredd p\u00e5 96 cm. L\u00e4mplig f\u00f6r f\u00f6rvaring av olika v\u00e4tskor, t.ex. regn- och dricksvatten, diesel och kemikalier.\",\"breadcrumb\":{\"@id\":\"https:\/\/ibc.ee\/sv\/produkt\/uhp-tank-cisteron-g-750-750l\/#breadcrumb\"},\"inLanguage\":\"sv-SE\",\"potentialAction\":[{\"@type\":\"ReadAction\",\"target\":[\"https:\/\/ibc.ee\/sv\/produkt\/uhp-tank-cisteron-g-750-750l\/\"]}]},{\"@type\":\"ImageObject\",\"inLanguage\":\"sv-SE\",\"@id\":\"https:\/\/ibc.ee\/sv\/produkt\/uhp-tank-cisteron-g-750-750l\/#primaryimage\",\"url\":\"https:\/\/ibc.ee\/wp-content\/uploads\/2024\/04\/UHP-Cisteron-g-750.jpg\",\"contentUrl\":\"https:\/\/ibc.ee\/wp-content\/uploads\/2024\/04\/UHP-Cisteron-g-750.jpg\",\"width\":1000,\"height\":1000,\"caption\":\"UHP tank Cisteron G-750 (750L)\"},{\"@type\":\"BreadcrumbList\",\"@id\":\"https:\/\/ibc.ee\/sv\/produkt\/uhp-tank-cisteron-g-750-750l\/#breadcrumb\",\"itemListElement\":[{\"@type\":\"ListItem\",\"position\":1,\"name\":\"\u0413\u043b\u0430\u0432\u043d\u0430\u044f \u0441\u0442\u0440\u0430\u043d\u0438\u0446\u0430\",\"item\":\"https:\/\/www.ibc.ee\/sv\/\"},{\"@type\":\"ListItem\",\"position\":2,\"name\":\"Butik\",\"item\":\"https:\/\/www.ibc.ee\/sv\/butik\/\"},{\"@type\":\"ListItem\",\"position\":3,\"name\":\"UHP-tank Cisteron G-750 (750L)\"}]},{\"@type\":\"WebSite\",\"@id\":\"https:\/\/www.ibc.ee\/sv\/#website\",\"url\":\"https:\/\/www.ibc.ee\/sv\/\",\"name\":\"IBC konteineri m&uuml;&uuml;k, vaadid, kraanid, mahutid\",\"description\":\"IBC - Tank container valve, Adapters\\\\fittings, Intermediate bulk, container, Drums\/cans\",\"potentialAction\":[{\"@type\":\"SearchAction\",\"target\":{\"@type\":\"EntryPoint\",\"urlTemplate\":\"https:\/\/www.ibc.ee\/sv\/?s={search_term_string}\"},\"query-input\":{\"@type\":\"PropertyValueSpecification\",\"valueRequired\":true,\"valueName\":\"search_term_string\"}}],\"inLanguage\":\"sv-SE\"}]}<\/script>\n<!-- \/ Yoast SEO plugin. -->","yoast_head_json":{"title":"UHP-tank Cisteron G-750 (750L) - IBC konteineri m&uuml;&uuml;k, vaadid, kraanid, mahutid","description":"En horisontell beh\u00e5llare av polyeten. Den rymmer 750 liter, har en h\u00f6jd p\u00e5 83 cm, en l\u00e4ngd p\u00e5 140 cm och en bredd p\u00e5 96 cm. L\u00e4mplig f\u00f6r f\u00f6rvaring av olika v\u00e4tskor, t.ex. regn- och dricksvatten, diesel och kemikalier.","robots":{"index":"index","follow":"follow","max-snippet":"max-snippet:-1","max-image-preview":"max-image-preview:large","max-video-preview":"max-video-preview:-1"},"canonical":"https:\/\/ibc.ee\/sv\/produkt\/uhp-tank-cisteron-g-750-750l\/","og_locale":"sv_SE","og_type":"article","og_title":"UHP-tank Cisteron G-750 (750L) - IBC konteineri m&uuml;&uuml;k, vaadid, kraanid, mahutid","og_description":"En horisontell beh\u00e5llare av polyeten. Den rymmer 750 liter, har en h\u00f6jd p\u00e5 83 cm, en l\u00e4ngd p\u00e5 140 cm och en bredd p\u00e5 96 cm. L\u00e4mplig f\u00f6r f\u00f6rvaring av olika v\u00e4tskor, t.ex. regn- och dricksvatten, diesel och kemikalier.","og_url":"https:\/\/ibc.ee\/sv\/produkt\/uhp-tank-cisteron-g-750-750l\/","og_site_name":"IBC konteineri m&uuml;&uuml;k, vaadid, kraanid, mahutid","article_modified_time":"2025-06-26T13:07:26+00:00","og_image":[{"width":1000,"height":1000,"url":"https:\/\/ibc.ee\/wp-content\/uploads\/2024\/04\/UHP-Cisteron-g-750.jpg","type":"image\/jpeg"}],"twitter_card":"summary_large_image","twitter_misc":{"Ber\u00e4knad l\u00e4stid":"1 minut"},"schema":{"@context":"https:\/\/schema.org","@graph":[{"@type":"WebPage","@id":"https:\/\/ibc.ee\/sv\/produkt\/uhp-tank-cisteron-g-750-750l\/","url":"https:\/\/ibc.ee\/sv\/produkt\/uhp-tank-cisteron-g-750-750l\/","name":"UHP-tank Cisteron G-750 (750L) - IBC konteineri m&uuml;&uuml;k, vaadid, kraanid, mahutid","isPartOf":{"@id":"https:\/\/www.ibc.ee\/sv\/#website"},"primaryImageOfPage":{"@id":"https:\/\/ibc.ee\/sv\/produkt\/uhp-tank-cisteron-g-750-750l\/#primaryimage"},"image":{"@id":"https:\/\/ibc.ee\/sv\/produkt\/uhp-tank-cisteron-g-750-750l\/#primaryimage"},"thumbnailUrl":"https:\/\/ibc.ee\/wp-content\/uploads\/2024\/04\/UHP-Cisteron-g-750.jpg","datePublished":"2025-04-22T12:38:55+00:00","dateModified":"2025-06-26T13:07:26+00:00","description":"En horisontell beh\u00e5llare av polyeten. Den rymmer 750 liter, har en h\u00f6jd p\u00e5 83 cm, en l\u00e4ngd p\u00e5 140 cm och en bredd p\u00e5 96 cm. L\u00e4mplig f\u00f6r f\u00f6rvaring av olika v\u00e4tskor, t.ex. regn- och dricksvatten, diesel och kemikalier.","breadcrumb":{"@id":"https:\/\/ibc.ee\/sv\/produkt\/uhp-tank-cisteron-g-750-750l\/#breadcrumb"},"inLanguage":"sv-SE","potentialAction":[{"@type":"ReadAction","target":["https:\/\/ibc.ee\/sv\/produkt\/uhp-tank-cisteron-g-750-750l\/"]}]},{"@type":"ImageObject","inLanguage":"sv-SE","@id":"https:\/\/ibc.ee\/sv\/produkt\/uhp-tank-cisteron-g-750-750l\/#primaryimage","url":"https:\/\/ibc.ee\/wp-content\/uploads\/2024\/04\/UHP-Cisteron-g-750.jpg","contentUrl":"https:\/\/ibc.ee\/wp-content\/uploads\/2024\/04\/UHP-Cisteron-g-750.jpg","width":1000,"height":1000,"caption":"UHP tank Cisteron G-750 (750L)"},{"@type":"BreadcrumbList","@id":"https:\/\/ibc.ee\/sv\/produkt\/uhp-tank-cisteron-g-750-750l\/#breadcrumb","itemListElement":[{"@type":"ListItem","position":1,"name":"\u0413\u043b\u0430\u0432\u043d\u0430\u044f \u0441\u0442\u0440\u0430\u043d\u0438\u0446\u0430","item":"https:\/\/www.ibc.ee\/sv\/"},{"@type":"ListItem","position":2,"name":"Butik","item":"https:\/\/www.ibc.ee\/sv\/butik\/"},{"@type":"ListItem","position":3,"name":"UHP-tank Cisteron G-750 (750L)"}]},{"@type":"WebSite","@id":"https:\/\/www.ibc.ee\/sv\/#website","url":"https:\/\/www.ibc.ee\/sv\/","name":"IBC konteineri m&uuml;&uuml;k, vaadid, kraanid, mahutid","description":"IBC - Tank container valve, Adapters\\fittings, Intermediate bulk, container, Drums\/cans","potentialAction":[{"@type":"SearchAction","target":{"@type":"EntryPoint","urlTemplate":"https:\/\/www.ibc.ee\/sv\/?s={search_term_string}"},"query-input":{"@type":"PropertyValueSpecification","valueRequired":true,"valueName":"search_term_string"}}],"inLanguage":"sv-SE"}]}},"_links":{"self":[{"href":"https:\/\/ibc.ee\/sv\/wp-json\/wp\/v2\/product\/23496","targetHints":{"allow":["GET"]}}],"collection":[{"href":"https:\/\/ibc.ee\/sv\/wp-json\/wp\/v2\/product"}],"about":[{"href":"https:\/\/ibc.ee\/sv\/wp-json\/wp\/v2\/types\/product"}],"wp:featuredmedia":[{"embeddable":true,"href":"https:\/\/ibc.ee\/sv\/wp-json\/wp\/v2\/media\/23497"}],"wp:attachment":[{"href":"https:\/\/ibc.ee\/sv\/wp-json\/wp\/v2\/media?parent=23496"}],"wp:term":[{"taxonomy":"product_brand","embeddable":true,"href":"https:\/\/ibc.ee\/sv\/wp-json\/wp\/v2\/product_brand?post=23496"},{"taxonomy":"product_cat","embeddable":true,"href":"https:\/\/ibc.ee\/sv\/wp-json\/wp\/v2\/product_cat?post=23496"},{"taxonomy":"product_tag","embeddable":true,"href":"https:\/\/ibc.ee\/sv\/wp-json\/wp\/v2\/product_tag?post=23496"}],"curies":[{"name":"wp","href":"https:\/\/api.w.org\/{rel}","templated":true}]}}