{"id":23544,"date":"2022-05-31T11:07:12","date_gmt":"2025-04-22T12:50:21","guid":{"rendered":"https:\/\/ibc.ee\/product\/plastdunk-125-l-begagnad\/"},"modified":"2025-06-26T14:48:36","modified_gmt":"2025-06-26T12:48:36","slug":"plastdunk-125-l-begagnad","status":"publish","type":"product","link":"https:\/\/ibc.ee\/sv\/produkt\/plastdunk-125-l-begagnad\/","title":{"rendered":"Plastdunk 125 L (begagnad)"},"content":{"rendered":"<p>Praktisk plasttrumma som l\u00e4mpar sig f\u00f6r f\u00f6rvaring av t.ex. livsmedel i b\u00e5de fast och flytande form. Lockets sp\u00e4nnring ser till att locket sluter t\u00e4tt mot smuts och spill, samtidigt som det \u00e4r enkelt att \u00f6ppna och st\u00e4nga. <\/p>\n<p>Trumman \u00e4r formbl\u00e5st i ett stycke, vilket g\u00f6r HDPE-plasten sp\u00e4nstig och h\u00e5llbar. Perfekt f\u00f6r transport och f\u00f6rvaring! <\/p>\n<p>Barrels \u00e4r anv\u00e4nda!<\/p>\n","protected":false},"excerpt":{"rendered":"<p>H\u00f6jd: 980 mm<br \/>\nDiameter: 480 mm<br \/>\nVolym: 125 L (max 150)<br \/>\nF\u00e4rg: Bl\u00e5<br \/>\nMaterial: HD-polyeten<br \/>\nVikt: 6,7 kg<\/p>\n","protected":false},"featured_media":23545,"template":"","meta":[],"product_brand":[],"product_cat":[448],"product_tag":[],"class_list":{"0":"post-23544","1":"product","2":"type-product","3":"status-publish","4":"has-post-thumbnail","6":"product_cat-fat-och-burkar","7":"product_shipping_class-trummor-och-burkar","9":"first","10":"instock","11":"taxable","12":"shipping-taxable","13":"purchasable","14":"product-type-simple"},"yoast_head":"<!-- This site is optimized with the Yoast SEO plugin v26.9 - https:\/\/yoast.com\/product\/yoast-seo-wordpress\/ -->\n<title>Plastdunk 125 L (begagnad) - IBC konteineri m&uuml;&uuml;k, vaadid, kraanid, mahutid<\/title>\n<meta name=\"description\" content=\"Praktisk plasttrumma som l\u00e4mpar sig f\u00f6r f\u00f6rvaring av livsmedel i b\u00e5de fast och flytande form etc. Perfekt f\u00f6r transport och f\u00f6rvaring!\" \/>\n<meta name=\"robots\" content=\"index, follow, max-snippet:-1, max-image-preview:large, max-video-preview:-1\" \/>\n<link rel=\"canonical\" href=\"https:\/\/ibc.ee\/sv\/produkt\/plastdunk-125-l-begagnad\/\" \/>\n<meta property=\"og:locale\" content=\"sv_SE\" \/>\n<meta property=\"og:type\" content=\"article\" \/>\n<meta property=\"og:title\" content=\"Plastdunk 125 L (begagnad) - IBC konteineri m&uuml;&uuml;k, vaadid, kraanid, mahutid\" \/>\n<meta property=\"og:description\" content=\"Praktisk plasttrumma som l\u00e4mpar sig f\u00f6r f\u00f6rvaring av livsmedel i b\u00e5de fast och flytande form etc. Perfekt f\u00f6r transport och f\u00f6rvaring!\" \/>\n<meta property=\"og:url\" content=\"https:\/\/ibc.ee\/sv\/produkt\/plastdunk-125-l-begagnad\/\" \/>\n<meta property=\"og:site_name\" content=\"IBC konteineri m&uuml;&uuml;k, vaadid, kraanid, mahutid\" \/>\n<meta property=\"article:modified_time\" content=\"2025-06-26T12:48:36+00:00\" \/>\n<meta property=\"og:image\" content=\"https:\/\/ibc.ee\/wp-content\/uploads\/2022\/05\/Plastiktunn_125l_sinine.jpg\" \/>\n\t<meta property=\"og:image:width\" content=\"709\" \/>\n\t<meta property=\"og:image:height\" content=\"709\" \/>\n\t<meta property=\"og:image:type\" content=\"image\/jpeg\" \/>\n<meta name=\"twitter:card\" content=\"summary_large_image\" \/>\n<meta name=\"twitter:label1\" content=\"Ber\u00e4knad l\u00e4stid\" \/>\n\t<meta name=\"twitter:data1\" content=\"1 minut\" \/>\n<script type=\"application\/ld+json\" class=\"yoast-schema-graph\">{\"@context\":\"https:\/\/schema.org\",\"@graph\":[{\"@type\":\"WebPage\",\"@id\":\"https:\/\/ibc.ee\/sv\/produkt\/plastdunk-125-l-begagnad\/\",\"url\":\"https:\/\/ibc.ee\/sv\/produkt\/plastdunk-125-l-begagnad\/\",\"name\":\"Plastdunk 125 L (begagnad) - IBC konteineri m&uuml;&uuml;k, vaadid, kraanid, mahutid\",\"isPartOf\":{\"@id\":\"https:\/\/www.ibc.ee\/sv\/#website\"},\"primaryImageOfPage\":{\"@id\":\"https:\/\/ibc.ee\/sv\/produkt\/plastdunk-125-l-begagnad\/#primaryimage\"},\"image\":{\"@id\":\"https:\/\/ibc.ee\/sv\/produkt\/plastdunk-125-l-begagnad\/#primaryimage\"},\"thumbnailUrl\":\"https:\/\/ibc.ee\/wp-content\/uploads\/2022\/05\/Plastiktunn_125l_sinine.jpg\",\"datePublished\":\"2025-04-22T12:50:21+00:00\",\"dateModified\":\"2025-06-26T12:48:36+00:00\",\"description\":\"Praktisk plasttrumma som l\u00e4mpar sig f\u00f6r f\u00f6rvaring av livsmedel i b\u00e5de fast och flytande form etc. Perfekt f\u00f6r transport och f\u00f6rvaring!\",\"breadcrumb\":{\"@id\":\"https:\/\/ibc.ee\/sv\/produkt\/plastdunk-125-l-begagnad\/#breadcrumb\"},\"inLanguage\":\"sv-SE\",\"potentialAction\":[{\"@type\":\"ReadAction\",\"target\":[\"https:\/\/ibc.ee\/sv\/produkt\/plastdunk-125-l-begagnad\/\"]}]},{\"@type\":\"ImageObject\",\"inLanguage\":\"sv-SE\",\"@id\":\"https:\/\/ibc.ee\/sv\/produkt\/plastdunk-125-l-begagnad\/#primaryimage\",\"url\":\"https:\/\/ibc.ee\/wp-content\/uploads\/2022\/05\/Plastiktunn_125l_sinine.jpg\",\"contentUrl\":\"https:\/\/ibc.ee\/wp-content\/uploads\/2022\/05\/Plastiktunn_125l_sinine.jpg\",\"width\":709,\"height\":709},{\"@type\":\"BreadcrumbList\",\"@id\":\"https:\/\/ibc.ee\/sv\/produkt\/plastdunk-125-l-begagnad\/#breadcrumb\",\"itemListElement\":[{\"@type\":\"ListItem\",\"position\":1,\"name\":\"\u0413\u043b\u0430\u0432\u043d\u0430\u044f \u0441\u0442\u0440\u0430\u043d\u0438\u0446\u0430\",\"item\":\"https:\/\/www.ibc.ee\/sv\/\"},{\"@type\":\"ListItem\",\"position\":2,\"name\":\"Butik\",\"item\":\"https:\/\/www.ibc.ee\/sv\/butik\/\"},{\"@type\":\"ListItem\",\"position\":3,\"name\":\"Plastdunk 125 L (begagnad)\"}]},{\"@type\":\"WebSite\",\"@id\":\"https:\/\/www.ibc.ee\/sv\/#website\",\"url\":\"https:\/\/www.ibc.ee\/sv\/\",\"name\":\"IBC konteineri m&uuml;&uuml;k, vaadid, kraanid, mahutid\",\"description\":\"IBC - Tank container valve, Adapters\\\\fittings, Intermediate bulk, container, Drums\/cans\",\"potentialAction\":[{\"@type\":\"SearchAction\",\"target\":{\"@type\":\"EntryPoint\",\"urlTemplate\":\"https:\/\/www.ibc.ee\/sv\/?s={search_term_string}\"},\"query-input\":{\"@type\":\"PropertyValueSpecification\",\"valueRequired\":true,\"valueName\":\"search_term_string\"}}],\"inLanguage\":\"sv-SE\"}]}<\/script>\n<!-- \/ Yoast SEO plugin. -->","yoast_head_json":{"title":"Plastdunk 125 L (begagnad) - IBC konteineri m&uuml;&uuml;k, vaadid, kraanid, mahutid","description":"Praktisk plasttrumma som l\u00e4mpar sig f\u00f6r f\u00f6rvaring av livsmedel i b\u00e5de fast och flytande form etc. Perfekt f\u00f6r transport och f\u00f6rvaring!","robots":{"index":"index","follow":"follow","max-snippet":"max-snippet:-1","max-image-preview":"max-image-preview:large","max-video-preview":"max-video-preview:-1"},"canonical":"https:\/\/ibc.ee\/sv\/produkt\/plastdunk-125-l-begagnad\/","og_locale":"sv_SE","og_type":"article","og_title":"Plastdunk 125 L (begagnad) - IBC konteineri m&uuml;&uuml;k, vaadid, kraanid, mahutid","og_description":"Praktisk plasttrumma som l\u00e4mpar sig f\u00f6r f\u00f6rvaring av livsmedel i b\u00e5de fast och flytande form etc. Perfekt f\u00f6r transport och f\u00f6rvaring!","og_url":"https:\/\/ibc.ee\/sv\/produkt\/plastdunk-125-l-begagnad\/","og_site_name":"IBC konteineri m&uuml;&uuml;k, vaadid, kraanid, mahutid","article_modified_time":"2025-06-26T12:48:36+00:00","og_image":[{"width":709,"height":709,"url":"https:\/\/ibc.ee\/wp-content\/uploads\/2022\/05\/Plastiktunn_125l_sinine.jpg","type":"image\/jpeg"}],"twitter_card":"summary_large_image","twitter_misc":{"Ber\u00e4knad l\u00e4stid":"1 minut"},"schema":{"@context":"https:\/\/schema.org","@graph":[{"@type":"WebPage","@id":"https:\/\/ibc.ee\/sv\/produkt\/plastdunk-125-l-begagnad\/","url":"https:\/\/ibc.ee\/sv\/produkt\/plastdunk-125-l-begagnad\/","name":"Plastdunk 125 L (begagnad) - IBC konteineri m&uuml;&uuml;k, vaadid, kraanid, mahutid","isPartOf":{"@id":"https:\/\/www.ibc.ee\/sv\/#website"},"primaryImageOfPage":{"@id":"https:\/\/ibc.ee\/sv\/produkt\/plastdunk-125-l-begagnad\/#primaryimage"},"image":{"@id":"https:\/\/ibc.ee\/sv\/produkt\/plastdunk-125-l-begagnad\/#primaryimage"},"thumbnailUrl":"https:\/\/ibc.ee\/wp-content\/uploads\/2022\/05\/Plastiktunn_125l_sinine.jpg","datePublished":"2025-04-22T12:50:21+00:00","dateModified":"2025-06-26T12:48:36+00:00","description":"Praktisk plasttrumma som l\u00e4mpar sig f\u00f6r f\u00f6rvaring av livsmedel i b\u00e5de fast och flytande form etc. Perfekt f\u00f6r transport och f\u00f6rvaring!","breadcrumb":{"@id":"https:\/\/ibc.ee\/sv\/produkt\/plastdunk-125-l-begagnad\/#breadcrumb"},"inLanguage":"sv-SE","potentialAction":[{"@type":"ReadAction","target":["https:\/\/ibc.ee\/sv\/produkt\/plastdunk-125-l-begagnad\/"]}]},{"@type":"ImageObject","inLanguage":"sv-SE","@id":"https:\/\/ibc.ee\/sv\/produkt\/plastdunk-125-l-begagnad\/#primaryimage","url":"https:\/\/ibc.ee\/wp-content\/uploads\/2022\/05\/Plastiktunn_125l_sinine.jpg","contentUrl":"https:\/\/ibc.ee\/wp-content\/uploads\/2022\/05\/Plastiktunn_125l_sinine.jpg","width":709,"height":709},{"@type":"BreadcrumbList","@id":"https:\/\/ibc.ee\/sv\/produkt\/plastdunk-125-l-begagnad\/#breadcrumb","itemListElement":[{"@type":"ListItem","position":1,"name":"\u0413\u043b\u0430\u0432\u043d\u0430\u044f \u0441\u0442\u0440\u0430\u043d\u0438\u0446\u0430","item":"https:\/\/www.ibc.ee\/sv\/"},{"@type":"ListItem","position":2,"name":"Butik","item":"https:\/\/www.ibc.ee\/sv\/butik\/"},{"@type":"ListItem","position":3,"name":"Plastdunk 125 L (begagnad)"}]},{"@type":"WebSite","@id":"https:\/\/www.ibc.ee\/sv\/#website","url":"https:\/\/www.ibc.ee\/sv\/","name":"IBC konteineri m&uuml;&uuml;k, vaadid, kraanid, mahutid","description":"IBC - Tank container valve, Adapters\\fittings, Intermediate bulk, container, Drums\/cans","potentialAction":[{"@type":"SearchAction","target":{"@type":"EntryPoint","urlTemplate":"https:\/\/www.ibc.ee\/sv\/?s={search_term_string}"},"query-input":{"@type":"PropertyValueSpecification","valueRequired":true,"valueName":"search_term_string"}}],"inLanguage":"sv-SE"}]}},"_links":{"self":[{"href":"https:\/\/ibc.ee\/sv\/wp-json\/wp\/v2\/product\/23544","targetHints":{"allow":["GET"]}}],"collection":[{"href":"https:\/\/ibc.ee\/sv\/wp-json\/wp\/v2\/product"}],"about":[{"href":"https:\/\/ibc.ee\/sv\/wp-json\/wp\/v2\/types\/product"}],"wp:featuredmedia":[{"embeddable":true,"href":"https:\/\/ibc.ee\/sv\/wp-json\/wp\/v2\/media\/23545"}],"wp:attachment":[{"href":"https:\/\/ibc.ee\/sv\/wp-json\/wp\/v2\/media?parent=23544"}],"wp:term":[{"taxonomy":"product_brand","embeddable":true,"href":"https:\/\/ibc.ee\/sv\/wp-json\/wp\/v2\/product_brand?post=23544"},{"taxonomy":"product_cat","embeddable":true,"href":"https:\/\/ibc.ee\/sv\/wp-json\/wp\/v2\/product_cat?post=23544"},{"taxonomy":"product_tag","embeddable":true,"href":"https:\/\/ibc.ee\/sv\/wp-json\/wp\/v2\/product_tag?post=23544"}],"curies":[{"name":"wp","href":"https:\/\/api.w.org\/{rel}","templated":true}]}}