{"id":23598,"date":"2024-05-06T16:57:35","date_gmt":"2025-04-22T13:03:56","guid":{"rendered":"https:\/\/ibc.ee\/product\/uhp-tank-kubaton-transport-sg-200e-200l\/"},"modified":"2025-06-26T17:37:15","modified_gmt":"2025-06-26T15:37:15","slug":"uhp-tank-kubaton-transport-sg-200e-200l","status":"publish","type":"product","link":"https:\/\/ibc.ee\/sv\/produkt\/uhp-tank-kubaton-transport-sg-200e-200l\/","title":{"rendered":"UHP-tank Kubaton Transport SG-200E (200L)"},"content":{"rendered":"<p>En rektangul\u00e4r transporttank med en kapacitet p\u00e5 200 l. L\u00e4mplig f\u00f6r f\u00f6rvaring av olika v\u00e4tskor, bl.a. regn- och dricksvatten, diesel, kemikalier.   SKE-seriens beh\u00e5llare \u00e4r l\u00e4tta att reng\u00f6ra tack vare den breda \u00f6ppningen.<\/p>\n<p>Tankarna i SKE-serien \u00e4r stapelbara, vilket g\u00f6r dem l\u00e4tta att f\u00f6rvara. Tankens h\u00e5llbarhet s\u00e4kerst\u00e4lls genom de f\u00f6rst\u00e4rkta v\u00e4ggarna (tjockare \u00e4n i andra horisontella tankar) och produktens form. <\/p>\n<p>Denna rektangul\u00e4ra beh\u00e5llare har ett t\u00e4tare lock j\u00e4mf\u00f6rt med andra serier och \u00e4r avsedd f\u00f6r transport av v\u00e4tskor. F\u00f6r att undvika v\u00e4tskel\u00e4ckage b\u00f6r den faktiska kapaciteten vid fyllning av beh\u00e5llaren vara 5% mindre \u00e4n dess nominella kapacitet. <\/p>\n<p>Var uppm\u00e4rksam! Som standard finns det inget g\u00e4ngat h\u00e5l p\u00e5 ovansidan. Installation \u00e4r m\u00f6jlig p\u00e5 kundens beg\u00e4ran (i sitt ursprungliga skick \u00e4r det f\u00f6rseglat med plast).  <\/p>\n<p>Tanken har det polska hygiencertifikatet PZH, vilket m\u00f6jligg\u00f6r f\u00f6rvaring av dricksvatten.<\/p>\n","protected":false},"excerpt":{"rendered":"<p><strong>Egenskaper<\/strong><br \/>\nKapacitet: 200 l<br \/>\nL\u00e4ngd: 100 cm<br \/>\nBredd: 48 cm<br \/>\nH\u00f6jd: 51 cm<br \/>\nLockdiameter: 22 cm<br \/>\nV\u00e4ggtjocklek: 3,5 mm<br \/>\nAnslutningsg\u00e4nga: 3\/4 in.<\/p>\n<p><strong>Material<\/strong><br \/>\n&#8211; H\u00f6gkvalitativ polyeten<br \/>\n&#8211; Mycket h\u00f6g h\u00e5llbarhet<br \/>\n&#8211; Best\u00e4ndig mot kritiska temperaturer (fr\u00e5n -40\u00b0\u0421 till +60\u00b0\u0421)<br \/>\n&#8211; L\u00e4mplig f\u00f6r livsmedelsf\u00f6rvaring<br \/>\n&#8211; UV-best\u00e4ndig<\/p>\n","protected":false},"featured_media":23599,"template":"","meta":[],"product_brand":[],"product_cat":[451],"product_tag":[],"class_list":{"0":"post-23598","1":"product","2":"type-product","3":"status-publish","4":"has-post-thumbnail","6":"product_cat-uhp-tankar","8":"first","9":"onbackorder","10":"taxable","11":"shipping-taxable","12":"purchasable","13":"product-type-simple"},"yoast_head":"<!-- This site is optimized with the Yoast SEO plugin v26.9 - https:\/\/yoast.com\/product\/yoast-seo-wordpress\/ -->\n<title>UHP-tank Kubaton Transport SG-200E (200L) - IBC konteineri m&uuml;&uuml;k, vaadid, kraanid, mahutid<\/title>\n<meta name=\"description\" content=\"En rektangul\u00e4r transporttank med en kapacitet p\u00e5 200 l. L\u00e4mplig f\u00f6r f\u00f6rvaring av olika v\u00e4tskor, bl.a. regn- och dricksvatten, diesel, kemikalier.\" \/>\n<meta name=\"robots\" content=\"index, follow, max-snippet:-1, max-image-preview:large, max-video-preview:-1\" \/>\n<link rel=\"canonical\" href=\"https:\/\/ibc.ee\/sv\/produkt\/uhp-tank-kubaton-transport-sg-200e-200l\/\" \/>\n<meta property=\"og:locale\" content=\"sv_SE\" \/>\n<meta property=\"og:type\" content=\"article\" \/>\n<meta property=\"og:title\" content=\"UHP-tank Kubaton Transport SG-200E (200L) - IBC konteineri m&uuml;&uuml;k, vaadid, kraanid, mahutid\" \/>\n<meta property=\"og:description\" content=\"En rektangul\u00e4r transporttank med en kapacitet p\u00e5 200 l. L\u00e4mplig f\u00f6r f\u00f6rvaring av olika v\u00e4tskor, bl.a. regn- och dricksvatten, diesel, kemikalier.\" \/>\n<meta property=\"og:url\" content=\"https:\/\/ibc.ee\/sv\/produkt\/uhp-tank-kubaton-transport-sg-200e-200l\/\" \/>\n<meta property=\"og:site_name\" content=\"IBC konteineri m&uuml;&uuml;k, vaadid, kraanid, mahutid\" \/>\n<meta property=\"article:modified_time\" content=\"2025-06-26T15:37:15+00:00\" \/>\n<meta property=\"og:image\" content=\"https:\/\/ibc.ee\/wp-content\/uploads\/2024\/05\/UHP_Kubaton_Transport_SG_200E.jpg\" \/>\n\t<meta property=\"og:image:width\" content=\"1000\" \/>\n\t<meta property=\"og:image:height\" content=\"1000\" \/>\n\t<meta property=\"og:image:type\" content=\"image\/jpeg\" \/>\n<meta name=\"twitter:card\" content=\"summary_large_image\" \/>\n<meta name=\"twitter:label1\" content=\"Ber\u00e4knad l\u00e4stid\" \/>\n\t<meta name=\"twitter:data1\" content=\"1 minut\" \/>\n<script type=\"application\/ld+json\" class=\"yoast-schema-graph\">{\"@context\":\"https:\/\/schema.org\",\"@graph\":[{\"@type\":\"WebPage\",\"@id\":\"https:\/\/ibc.ee\/sv\/produkt\/uhp-tank-kubaton-transport-sg-200e-200l\/\",\"url\":\"https:\/\/ibc.ee\/sv\/produkt\/uhp-tank-kubaton-transport-sg-200e-200l\/\",\"name\":\"UHP-tank Kubaton Transport SG-200E (200L) - IBC konteineri m&uuml;&uuml;k, vaadid, kraanid, mahutid\",\"isPartOf\":{\"@id\":\"https:\/\/ibc.ee\/sv\/#website\"},\"primaryImageOfPage\":{\"@id\":\"https:\/\/ibc.ee\/sv\/produkt\/uhp-tank-kubaton-transport-sg-200e-200l\/#primaryimage\"},\"image\":{\"@id\":\"https:\/\/ibc.ee\/sv\/produkt\/uhp-tank-kubaton-transport-sg-200e-200l\/#primaryimage\"},\"thumbnailUrl\":\"https:\/\/ibc.ee\/wp-content\/uploads\/2024\/05\/UHP_Kubaton_Transport_SG_200E.jpg\",\"datePublished\":\"2025-04-22T13:03:56+00:00\",\"dateModified\":\"2025-06-26T15:37:15+00:00\",\"description\":\"En rektangul\u00e4r transporttank med en kapacitet p\u00e5 200 l. L\u00e4mplig f\u00f6r f\u00f6rvaring av olika v\u00e4tskor, bl.a. regn- och dricksvatten, diesel, kemikalier.\",\"breadcrumb\":{\"@id\":\"https:\/\/ibc.ee\/sv\/produkt\/uhp-tank-kubaton-transport-sg-200e-200l\/#breadcrumb\"},\"inLanguage\":\"sv-SE\",\"potentialAction\":[{\"@type\":\"ReadAction\",\"target\":[\"https:\/\/ibc.ee\/sv\/produkt\/uhp-tank-kubaton-transport-sg-200e-200l\/\"]}]},{\"@type\":\"ImageObject\",\"inLanguage\":\"sv-SE\",\"@id\":\"https:\/\/ibc.ee\/sv\/produkt\/uhp-tank-kubaton-transport-sg-200e-200l\/#primaryimage\",\"url\":\"https:\/\/ibc.ee\/wp-content\/uploads\/2024\/05\/UHP_Kubaton_Transport_SG_200E.jpg\",\"contentUrl\":\"https:\/\/ibc.ee\/wp-content\/uploads\/2024\/05\/UHP_Kubaton_Transport_SG_200E.jpg\",\"width\":1000,\"height\":1000},{\"@type\":\"BreadcrumbList\",\"@id\":\"https:\/\/ibc.ee\/sv\/produkt\/uhp-tank-kubaton-transport-sg-200e-200l\/#breadcrumb\",\"itemListElement\":[{\"@type\":\"ListItem\",\"position\":1,\"name\":\"\u0413\u043b\u0430\u0432\u043d\u0430\u044f \u0441\u0442\u0440\u0430\u043d\u0438\u0446\u0430\",\"item\":\"https:\/\/ibc.ee\/sv\/\"},{\"@type\":\"ListItem\",\"position\":2,\"name\":\"Butik\",\"item\":\"https:\/\/ibc.ee\/sv\/butik\/\"},{\"@type\":\"ListItem\",\"position\":3,\"name\":\"UHP-tank Kubaton Transport SG-200E (200L)\"}]},{\"@type\":\"WebSite\",\"@id\":\"https:\/\/ibc.ee\/sv\/#website\",\"url\":\"https:\/\/ibc.ee\/sv\/\",\"name\":\"IBC konteineri m&uuml;&uuml;k, vaadid, kraanid, mahutid\",\"description\":\"IBC - Tank container valve, Adapters\\\\fittings, Intermediate bulk, container, Drums\/cans\",\"potentialAction\":[{\"@type\":\"SearchAction\",\"target\":{\"@type\":\"EntryPoint\",\"urlTemplate\":\"https:\/\/ibc.ee\/sv\/?s={search_term_string}\"},\"query-input\":{\"@type\":\"PropertyValueSpecification\",\"valueRequired\":true,\"valueName\":\"search_term_string\"}}],\"inLanguage\":\"sv-SE\"}]}<\/script>\n<!-- \/ Yoast SEO plugin. -->","yoast_head_json":{"title":"UHP-tank Kubaton Transport SG-200E (200L) - IBC konteineri m&uuml;&uuml;k, vaadid, kraanid, mahutid","description":"En rektangul\u00e4r transporttank med en kapacitet p\u00e5 200 l. L\u00e4mplig f\u00f6r f\u00f6rvaring av olika v\u00e4tskor, bl.a. regn- och dricksvatten, diesel, kemikalier.","robots":{"index":"index","follow":"follow","max-snippet":"max-snippet:-1","max-image-preview":"max-image-preview:large","max-video-preview":"max-video-preview:-1"},"canonical":"https:\/\/ibc.ee\/sv\/produkt\/uhp-tank-kubaton-transport-sg-200e-200l\/","og_locale":"sv_SE","og_type":"article","og_title":"UHP-tank Kubaton Transport SG-200E (200L) - IBC konteineri m&uuml;&uuml;k, vaadid, kraanid, mahutid","og_description":"En rektangul\u00e4r transporttank med en kapacitet p\u00e5 200 l. L\u00e4mplig f\u00f6r f\u00f6rvaring av olika v\u00e4tskor, bl.a. regn- och dricksvatten, diesel, kemikalier.","og_url":"https:\/\/ibc.ee\/sv\/produkt\/uhp-tank-kubaton-transport-sg-200e-200l\/","og_site_name":"IBC konteineri m&uuml;&uuml;k, vaadid, kraanid, mahutid","article_modified_time":"2025-06-26T15:37:15+00:00","og_image":[{"width":1000,"height":1000,"url":"https:\/\/ibc.ee\/wp-content\/uploads\/2024\/05\/UHP_Kubaton_Transport_SG_200E.jpg","type":"image\/jpeg"}],"twitter_card":"summary_large_image","twitter_misc":{"Ber\u00e4knad l\u00e4stid":"1 minut"},"schema":{"@context":"https:\/\/schema.org","@graph":[{"@type":"WebPage","@id":"https:\/\/ibc.ee\/sv\/produkt\/uhp-tank-kubaton-transport-sg-200e-200l\/","url":"https:\/\/ibc.ee\/sv\/produkt\/uhp-tank-kubaton-transport-sg-200e-200l\/","name":"UHP-tank Kubaton Transport SG-200E (200L) - IBC konteineri m&uuml;&uuml;k, vaadid, kraanid, mahutid","isPartOf":{"@id":"https:\/\/ibc.ee\/sv\/#website"},"primaryImageOfPage":{"@id":"https:\/\/ibc.ee\/sv\/produkt\/uhp-tank-kubaton-transport-sg-200e-200l\/#primaryimage"},"image":{"@id":"https:\/\/ibc.ee\/sv\/produkt\/uhp-tank-kubaton-transport-sg-200e-200l\/#primaryimage"},"thumbnailUrl":"https:\/\/ibc.ee\/wp-content\/uploads\/2024\/05\/UHP_Kubaton_Transport_SG_200E.jpg","datePublished":"2025-04-22T13:03:56+00:00","dateModified":"2025-06-26T15:37:15+00:00","description":"En rektangul\u00e4r transporttank med en kapacitet p\u00e5 200 l. L\u00e4mplig f\u00f6r f\u00f6rvaring av olika v\u00e4tskor, bl.a. regn- och dricksvatten, diesel, kemikalier.","breadcrumb":{"@id":"https:\/\/ibc.ee\/sv\/produkt\/uhp-tank-kubaton-transport-sg-200e-200l\/#breadcrumb"},"inLanguage":"sv-SE","potentialAction":[{"@type":"ReadAction","target":["https:\/\/ibc.ee\/sv\/produkt\/uhp-tank-kubaton-transport-sg-200e-200l\/"]}]},{"@type":"ImageObject","inLanguage":"sv-SE","@id":"https:\/\/ibc.ee\/sv\/produkt\/uhp-tank-kubaton-transport-sg-200e-200l\/#primaryimage","url":"https:\/\/ibc.ee\/wp-content\/uploads\/2024\/05\/UHP_Kubaton_Transport_SG_200E.jpg","contentUrl":"https:\/\/ibc.ee\/wp-content\/uploads\/2024\/05\/UHP_Kubaton_Transport_SG_200E.jpg","width":1000,"height":1000},{"@type":"BreadcrumbList","@id":"https:\/\/ibc.ee\/sv\/produkt\/uhp-tank-kubaton-transport-sg-200e-200l\/#breadcrumb","itemListElement":[{"@type":"ListItem","position":1,"name":"\u0413\u043b\u0430\u0432\u043d\u0430\u044f \u0441\u0442\u0440\u0430\u043d\u0438\u0446\u0430","item":"https:\/\/ibc.ee\/sv\/"},{"@type":"ListItem","position":2,"name":"Butik","item":"https:\/\/ibc.ee\/sv\/butik\/"},{"@type":"ListItem","position":3,"name":"UHP-tank Kubaton Transport SG-200E (200L)"}]},{"@type":"WebSite","@id":"https:\/\/ibc.ee\/sv\/#website","url":"https:\/\/ibc.ee\/sv\/","name":"IBC konteineri m&uuml;&uuml;k, vaadid, kraanid, mahutid","description":"IBC - Tank container valve, Adapters\\fittings, Intermediate bulk, container, Drums\/cans","potentialAction":[{"@type":"SearchAction","target":{"@type":"EntryPoint","urlTemplate":"https:\/\/ibc.ee\/sv\/?s={search_term_string}"},"query-input":{"@type":"PropertyValueSpecification","valueRequired":true,"valueName":"search_term_string"}}],"inLanguage":"sv-SE"}]}},"_links":{"self":[{"href":"https:\/\/ibc.ee\/sv\/wp-json\/wp\/v2\/product\/23598","targetHints":{"allow":["GET"]}}],"collection":[{"href":"https:\/\/ibc.ee\/sv\/wp-json\/wp\/v2\/product"}],"about":[{"href":"https:\/\/ibc.ee\/sv\/wp-json\/wp\/v2\/types\/product"}],"wp:featuredmedia":[{"embeddable":true,"href":"https:\/\/ibc.ee\/sv\/wp-json\/wp\/v2\/media\/23599"}],"wp:attachment":[{"href":"https:\/\/ibc.ee\/sv\/wp-json\/wp\/v2\/media?parent=23598"}],"wp:term":[{"taxonomy":"product_brand","embeddable":true,"href":"https:\/\/ibc.ee\/sv\/wp-json\/wp\/v2\/product_brand?post=23598"},{"taxonomy":"product_cat","embeddable":true,"href":"https:\/\/ibc.ee\/sv\/wp-json\/wp\/v2\/product_cat?post=23598"},{"taxonomy":"product_tag","embeddable":true,"href":"https:\/\/ibc.ee\/sv\/wp-json\/wp\/v2\/product_tag?post=23598"}],"curies":[{"name":"wp","href":"https:\/\/api.w.org\/{rel}","templated":true}]}}