{"id":23638,"date":"2024-05-03T20:31:17","date_gmt":"2025-04-22T13:08:47","guid":{"rendered":"https:\/\/ibc.ee\/product\/uhp-tank-kubaton-high-b-1000-1000l\/"},"modified":"2025-06-26T16:40:14","modified_gmt":"2025-06-26T14:40:14","slug":"uhp-tank-kubaton-high-b-1000-1000l","status":"publish","type":"product","link":"https:\/\/ibc.ee\/sv\/produkt\/uhp-tank-kubaton-high-b-1000-1000l\/","title":{"rendered":"UHP-tank Kubaton High B-1000 (1000L)"},"content":{"rendered":"<p>En platt beh\u00e5llare i polyeten med en kapacitet p\u00e5 1000 liter passar bra i alla d\u00f6rr\u00f6ppningar och anpassas enkelt till bilens kaross. L\u00e4mplig f\u00f6r f\u00f6rvaring av olika v\u00e4tskor, bl.a. regn- och dricksvatten, diesel och kemikalier.  <\/p>\n<p>S\u00e4rskild styrka ges av h\u00e5let i tanken, som fungerar som en f\u00f6rstyvning. Det finns ett 1 tums g\u00e4ngat h\u00e5l i botten f\u00f6r att dr\u00e4nera vatten.<br \/>\nTanken har det polska hygiencertifikatet PZH, vilket m\u00f6jligg\u00f6r lagring av dricksvatten. <\/p>\n","protected":false},"excerpt":{"rendered":"<p><strong>Egenskaper<\/strong><br \/>\nKapacitet: 1000 l<br \/>\nL\u00e4ngd: 153 cm<br \/>\nBredd: 67 cm<br \/>\nH\u00f6jd: 131 cm<br \/>\nLockdiameter: 35 cm<br \/>\nV\u00e4ggtjocklek: 5 mm<\/p>\n<p><strong>Material<\/strong><br \/>\n&#8211; H\u00f6gkvalitativ polyeten<br \/>\n&#8211; Mycket h\u00f6g h\u00e5llbarhet<br \/>\n&#8211; Best\u00e4ndig mot kritiska temperaturer (fr\u00e5n -40\u00b0\u0421 till +60\u00b0\u0421)<br \/>\n&#8211; L\u00e4mplig f\u00f6r livsmedelsf\u00f6rvaring<br \/>\n&#8211; UV-best\u00e4ndig<\/p>\n","protected":false},"featured_media":23639,"template":"","meta":[],"product_brand":[],"product_cat":[451],"product_tag":[],"class_list":{"0":"post-23638","1":"product","2":"type-product","3":"status-publish","4":"has-post-thumbnail","6":"product_cat-uhp-tankar","7":"product_shipping_class-behallare","9":"first","10":"onbackorder","11":"taxable","12":"shipping-taxable","13":"product-type-simple"},"yoast_head":"<!-- This site is optimized with the Yoast SEO plugin v26.9 - https:\/\/yoast.com\/product\/yoast-seo-wordpress\/ -->\n<title>UHP-tank Kubaton High B-1000 (1000L) - IBC konteineri m&uuml;&uuml;k, vaadid, kraanid, mahutid<\/title>\n<meta name=\"description\" content=\"En platt polyetenbeh\u00e5llare med en kapacitet p\u00e5 1000 liter passar bra i alla d\u00f6rr\u00f6ppningar och anpassar sig enkelt till bilens kaross.\" \/>\n<meta name=\"robots\" content=\"index, follow, max-snippet:-1, max-image-preview:large, max-video-preview:-1\" \/>\n<link rel=\"canonical\" href=\"https:\/\/ibc.ee\/sv\/produkt\/uhp-tank-kubaton-high-b-1000-1000l\/\" \/>\n<meta property=\"og:locale\" content=\"sv_SE\" \/>\n<meta property=\"og:type\" content=\"article\" \/>\n<meta property=\"og:title\" content=\"UHP-tank Kubaton High B-1000 (1000L) - IBC konteineri m&uuml;&uuml;k, vaadid, kraanid, mahutid\" \/>\n<meta property=\"og:description\" content=\"En platt polyetenbeh\u00e5llare med en kapacitet p\u00e5 1000 liter passar bra i alla d\u00f6rr\u00f6ppningar och anpassar sig enkelt till bilens kaross.\" \/>\n<meta property=\"og:url\" content=\"https:\/\/ibc.ee\/sv\/produkt\/uhp-tank-kubaton-high-b-1000-1000l\/\" \/>\n<meta property=\"og:site_name\" content=\"IBC konteineri m&uuml;&uuml;k, vaadid, kraanid, mahutid\" \/>\n<meta property=\"article:modified_time\" content=\"2025-06-26T14:40:14+00:00\" \/>\n<meta property=\"og:image\" content=\"https:\/\/ibc.ee\/wp-content\/uploads\/2024\/05\/UHP_B_1000.jpg\" \/>\n\t<meta property=\"og:image:width\" content=\"1000\" \/>\n\t<meta property=\"og:image:height\" content=\"1000\" \/>\n\t<meta property=\"og:image:type\" content=\"image\/jpeg\" \/>\n<meta name=\"twitter:card\" content=\"summary_large_image\" \/>\n<meta name=\"twitter:label1\" content=\"Ber\u00e4knad l\u00e4stid\" \/>\n\t<meta name=\"twitter:data1\" content=\"1 minut\" \/>\n<script type=\"application\/ld+json\" class=\"yoast-schema-graph\">{\"@context\":\"https:\/\/schema.org\",\"@graph\":[{\"@type\":\"WebPage\",\"@id\":\"https:\/\/ibc.ee\/sv\/produkt\/uhp-tank-kubaton-high-b-1000-1000l\/\",\"url\":\"https:\/\/ibc.ee\/sv\/produkt\/uhp-tank-kubaton-high-b-1000-1000l\/\",\"name\":\"UHP-tank Kubaton High B-1000 (1000L) - IBC konteineri m&uuml;&uuml;k, vaadid, kraanid, mahutid\",\"isPartOf\":{\"@id\":\"https:\/\/www.ibc.ee\/sv\/#website\"},\"primaryImageOfPage\":{\"@id\":\"https:\/\/ibc.ee\/sv\/produkt\/uhp-tank-kubaton-high-b-1000-1000l\/#primaryimage\"},\"image\":{\"@id\":\"https:\/\/ibc.ee\/sv\/produkt\/uhp-tank-kubaton-high-b-1000-1000l\/#primaryimage\"},\"thumbnailUrl\":\"https:\/\/ibc.ee\/wp-content\/uploads\/2024\/05\/UHP_B_1000.jpg\",\"datePublished\":\"2025-04-22T13:08:47+00:00\",\"dateModified\":\"2025-06-26T14:40:14+00:00\",\"description\":\"En platt polyetenbeh\u00e5llare med en kapacitet p\u00e5 1000 liter passar bra i alla d\u00f6rr\u00f6ppningar och anpassar sig enkelt till bilens kaross.\",\"breadcrumb\":{\"@id\":\"https:\/\/ibc.ee\/sv\/produkt\/uhp-tank-kubaton-high-b-1000-1000l\/#breadcrumb\"},\"inLanguage\":\"sv-SE\",\"potentialAction\":[{\"@type\":\"ReadAction\",\"target\":[\"https:\/\/ibc.ee\/sv\/produkt\/uhp-tank-kubaton-high-b-1000-1000l\/\"]}]},{\"@type\":\"ImageObject\",\"inLanguage\":\"sv-SE\",\"@id\":\"https:\/\/ibc.ee\/sv\/produkt\/uhp-tank-kubaton-high-b-1000-1000l\/#primaryimage\",\"url\":\"https:\/\/ibc.ee\/wp-content\/uploads\/2024\/05\/UHP_B_1000.jpg\",\"contentUrl\":\"https:\/\/ibc.ee\/wp-content\/uploads\/2024\/05\/UHP_B_1000.jpg\",\"width\":1000,\"height\":1000},{\"@type\":\"BreadcrumbList\",\"@id\":\"https:\/\/ibc.ee\/sv\/produkt\/uhp-tank-kubaton-high-b-1000-1000l\/#breadcrumb\",\"itemListElement\":[{\"@type\":\"ListItem\",\"position\":1,\"name\":\"\u0413\u043b\u0430\u0432\u043d\u0430\u044f \u0441\u0442\u0440\u0430\u043d\u0438\u0446\u0430\",\"item\":\"https:\/\/www.ibc.ee\/sv\/\"},{\"@type\":\"ListItem\",\"position\":2,\"name\":\"Butik\",\"item\":\"https:\/\/www.ibc.ee\/sv\/butik\/\"},{\"@type\":\"ListItem\",\"position\":3,\"name\":\"UHP-tank Kubaton High B-1000 (1000L)\"}]},{\"@type\":\"WebSite\",\"@id\":\"https:\/\/www.ibc.ee\/sv\/#website\",\"url\":\"https:\/\/www.ibc.ee\/sv\/\",\"name\":\"IBC konteineri m&uuml;&uuml;k, vaadid, kraanid, mahutid\",\"description\":\"IBC - Tank container valve, Adapters\\\\fittings, Intermediate bulk, container, Drums\/cans\",\"potentialAction\":[{\"@type\":\"SearchAction\",\"target\":{\"@type\":\"EntryPoint\",\"urlTemplate\":\"https:\/\/www.ibc.ee\/sv\/?s={search_term_string}\"},\"query-input\":{\"@type\":\"PropertyValueSpecification\",\"valueRequired\":true,\"valueName\":\"search_term_string\"}}],\"inLanguage\":\"sv-SE\"}]}<\/script>\n<!-- \/ Yoast SEO plugin. -->","yoast_head_json":{"title":"UHP-tank Kubaton High B-1000 (1000L) - IBC konteineri m&uuml;&uuml;k, vaadid, kraanid, mahutid","description":"En platt polyetenbeh\u00e5llare med en kapacitet p\u00e5 1000 liter passar bra i alla d\u00f6rr\u00f6ppningar och anpassar sig enkelt till bilens kaross.","robots":{"index":"index","follow":"follow","max-snippet":"max-snippet:-1","max-image-preview":"max-image-preview:large","max-video-preview":"max-video-preview:-1"},"canonical":"https:\/\/ibc.ee\/sv\/produkt\/uhp-tank-kubaton-high-b-1000-1000l\/","og_locale":"sv_SE","og_type":"article","og_title":"UHP-tank Kubaton High B-1000 (1000L) - IBC konteineri m&uuml;&uuml;k, vaadid, kraanid, mahutid","og_description":"En platt polyetenbeh\u00e5llare med en kapacitet p\u00e5 1000 liter passar bra i alla d\u00f6rr\u00f6ppningar och anpassar sig enkelt till bilens kaross.","og_url":"https:\/\/ibc.ee\/sv\/produkt\/uhp-tank-kubaton-high-b-1000-1000l\/","og_site_name":"IBC konteineri m&uuml;&uuml;k, vaadid, kraanid, mahutid","article_modified_time":"2025-06-26T14:40:14+00:00","og_image":[{"width":1000,"height":1000,"url":"https:\/\/ibc.ee\/wp-content\/uploads\/2024\/05\/UHP_B_1000.jpg","type":"image\/jpeg"}],"twitter_card":"summary_large_image","twitter_misc":{"Ber\u00e4knad l\u00e4stid":"1 minut"},"schema":{"@context":"https:\/\/schema.org","@graph":[{"@type":"WebPage","@id":"https:\/\/ibc.ee\/sv\/produkt\/uhp-tank-kubaton-high-b-1000-1000l\/","url":"https:\/\/ibc.ee\/sv\/produkt\/uhp-tank-kubaton-high-b-1000-1000l\/","name":"UHP-tank Kubaton High B-1000 (1000L) - IBC konteineri m&uuml;&uuml;k, vaadid, kraanid, mahutid","isPartOf":{"@id":"https:\/\/www.ibc.ee\/sv\/#website"},"primaryImageOfPage":{"@id":"https:\/\/ibc.ee\/sv\/produkt\/uhp-tank-kubaton-high-b-1000-1000l\/#primaryimage"},"image":{"@id":"https:\/\/ibc.ee\/sv\/produkt\/uhp-tank-kubaton-high-b-1000-1000l\/#primaryimage"},"thumbnailUrl":"https:\/\/ibc.ee\/wp-content\/uploads\/2024\/05\/UHP_B_1000.jpg","datePublished":"2025-04-22T13:08:47+00:00","dateModified":"2025-06-26T14:40:14+00:00","description":"En platt polyetenbeh\u00e5llare med en kapacitet p\u00e5 1000 liter passar bra i alla d\u00f6rr\u00f6ppningar och anpassar sig enkelt till bilens kaross.","breadcrumb":{"@id":"https:\/\/ibc.ee\/sv\/produkt\/uhp-tank-kubaton-high-b-1000-1000l\/#breadcrumb"},"inLanguage":"sv-SE","potentialAction":[{"@type":"ReadAction","target":["https:\/\/ibc.ee\/sv\/produkt\/uhp-tank-kubaton-high-b-1000-1000l\/"]}]},{"@type":"ImageObject","inLanguage":"sv-SE","@id":"https:\/\/ibc.ee\/sv\/produkt\/uhp-tank-kubaton-high-b-1000-1000l\/#primaryimage","url":"https:\/\/ibc.ee\/wp-content\/uploads\/2024\/05\/UHP_B_1000.jpg","contentUrl":"https:\/\/ibc.ee\/wp-content\/uploads\/2024\/05\/UHP_B_1000.jpg","width":1000,"height":1000},{"@type":"BreadcrumbList","@id":"https:\/\/ibc.ee\/sv\/produkt\/uhp-tank-kubaton-high-b-1000-1000l\/#breadcrumb","itemListElement":[{"@type":"ListItem","position":1,"name":"\u0413\u043b\u0430\u0432\u043d\u0430\u044f \u0441\u0442\u0440\u0430\u043d\u0438\u0446\u0430","item":"https:\/\/www.ibc.ee\/sv\/"},{"@type":"ListItem","position":2,"name":"Butik","item":"https:\/\/www.ibc.ee\/sv\/butik\/"},{"@type":"ListItem","position":3,"name":"UHP-tank Kubaton High B-1000 (1000L)"}]},{"@type":"WebSite","@id":"https:\/\/www.ibc.ee\/sv\/#website","url":"https:\/\/www.ibc.ee\/sv\/","name":"IBC konteineri m&uuml;&uuml;k, vaadid, kraanid, mahutid","description":"IBC - Tank container valve, Adapters\\fittings, Intermediate bulk, container, Drums\/cans","potentialAction":[{"@type":"SearchAction","target":{"@type":"EntryPoint","urlTemplate":"https:\/\/www.ibc.ee\/sv\/?s={search_term_string}"},"query-input":{"@type":"PropertyValueSpecification","valueRequired":true,"valueName":"search_term_string"}}],"inLanguage":"sv-SE"}]}},"_links":{"self":[{"href":"https:\/\/ibc.ee\/sv\/wp-json\/wp\/v2\/product\/23638","targetHints":{"allow":["GET"]}}],"collection":[{"href":"https:\/\/ibc.ee\/sv\/wp-json\/wp\/v2\/product"}],"about":[{"href":"https:\/\/ibc.ee\/sv\/wp-json\/wp\/v2\/types\/product"}],"wp:featuredmedia":[{"embeddable":true,"href":"https:\/\/ibc.ee\/sv\/wp-json\/wp\/v2\/media\/23639"}],"wp:attachment":[{"href":"https:\/\/ibc.ee\/sv\/wp-json\/wp\/v2\/media?parent=23638"}],"wp:term":[{"taxonomy":"product_brand","embeddable":true,"href":"https:\/\/ibc.ee\/sv\/wp-json\/wp\/v2\/product_brand?post=23638"},{"taxonomy":"product_cat","embeddable":true,"href":"https:\/\/ibc.ee\/sv\/wp-json\/wp\/v2\/product_cat?post=23638"},{"taxonomy":"product_tag","embeddable":true,"href":"https:\/\/ibc.ee\/sv\/wp-json\/wp\/v2\/product_tag?post=23638"}],"curies":[{"name":"wp","href":"https:\/\/api.w.org\/{rel}","templated":true}]}}