{"id":23802,"date":"2024-05-09T18:05:00","date_gmt":"2025-04-22T13:28:50","guid":{"rendered":"https:\/\/ibc.ee\/product\/uhp-tank-verticon-chemo-transport-v-200-200l\/"},"modified":"2025-06-26T18:27:56","modified_gmt":"2025-06-26T16:27:56","slug":"uhp-tank-verticon-chemo-transport-v-200-200l","status":"publish","type":"product","link":"https:\/\/ibc.ee\/sv\/produkt\/uhp-tank-verticon-chemo-transport-v-200-200l\/","title":{"rendered":"UHP-tank Verticon Chemo Transport V-200 (200L)"},"content":{"rendered":"<p>Mycket h\u00e5llbar tank med en kapacitet p\u00e5 200 liter, en h\u00f6jd p\u00e5 85 cm och en diameter p\u00e5 58 cm. Dessa tankar \u00e4r tillverkade av h\u00f6gkvalitativ livsmedelsgodk\u00e4nd polyeten och \u00e4r avsedda f\u00f6r lagring och transport av dricksvatten och andra flytande \u00e4mnen samt f\u00f6r uppsamling av regnvatten f\u00f6r bevattning. Tankarna kan ocks\u00e5 anv\u00e4ndas f\u00f6r station\u00e4r lagring av eldningsolja, dieselbr\u00e4nsle och petroleumprodukter.  <\/p>\n<p>Den vertikala plasttanken V-200 har en plan botten och en v\u00e4ggtjocklek p\u00e5 3,5 mm, vilket g\u00f6r den h\u00e5llbar och stabil. Tanken \u00e4r utrustad med skruvlock. F\u00f6r bekv\u00e4mare f\u00f6rflyttning och enklare dr\u00e4nering av v\u00e4tskor finns urtag i tunnornas \u00f6vre och nedre delar.  <\/p>\n<p>Tanken har det polska hygiencertifikatet PZH, vilket m\u00f6jligg\u00f6r f\u00f6rvaring av dricksvatten.<\/p>\n","protected":false},"excerpt":{"rendered":"<p><strong>Egenskaper<\/strong><br \/>\nKapacitet: 200 l<br \/>\nH\u00f6jd: 85 cm<br \/>\nDiameter: 58 cm.<br \/>\nHalsdiameter: 11 cm.<br \/>\nV\u00e4ggtjocklek: 3,5 mm<br \/>\nAnslutningsg\u00e4nga: &#8211;<\/p>\n<p><strong>Material<\/strong><br \/>\n&#8211; H\u00f6gkvalitativ polyeten<br \/>\n&#8211; Mycket h\u00f6g h\u00e5llbarhet<br \/>\n&#8211; Motst\u00e5ndskraftig mot kritiska temperaturer (fr\u00e5n -40\u00b0\u0421 till +60\u00b0\u0421)<br \/>\n&#8211; L\u00e4mplig f\u00f6r livsmedelsf\u00f6rvaring<br \/>\n&#8211; UV-best\u00e4ndig<\/p>\n","protected":false},"featured_media":23803,"template":"","meta":[],"product_brand":[],"product_cat":[451],"product_tag":[],"class_list":{"0":"post-23802","1":"product","2":"type-product","3":"status-publish","4":"has-post-thumbnail","6":"product_cat-uhp-tankar","7":"product_shipping_class-behallare","9":"first","10":"onbackorder","11":"taxable","12":"shipping-taxable","13":"product-type-simple"},"yoast_head":"<!-- This site is optimized with the Yoast SEO plugin v26.9 - https:\/\/yoast.com\/product\/yoast-seo-wordpress\/ -->\n<title>UHP-tank Verticon Chemo Transport V-200 (200L) - IBC konteineri m&uuml;&uuml;k, vaadid, kraanid, mahutid<\/title>\n<meta name=\"description\" content=\"Mycket t\u00e5lig tank med en kapacitet p\u00e5 200 liter, en h\u00f6jd p\u00e5 85 cm och en diameter p\u00e5 58 cm.\" \/>\n<meta name=\"robots\" content=\"index, follow, max-snippet:-1, max-image-preview:large, max-video-preview:-1\" \/>\n<link rel=\"canonical\" href=\"https:\/\/ibc.ee\/sv\/produkt\/uhp-tank-verticon-chemo-transport-v-200-200l\/\" \/>\n<meta property=\"og:locale\" content=\"sv_SE\" \/>\n<meta property=\"og:type\" content=\"article\" \/>\n<meta property=\"og:title\" content=\"UHP-tank Verticon Chemo Transport V-200 (200L) - IBC konteineri m&uuml;&uuml;k, vaadid, kraanid, mahutid\" \/>\n<meta property=\"og:description\" content=\"Mycket t\u00e5lig tank med en kapacitet p\u00e5 200 liter, en h\u00f6jd p\u00e5 85 cm och en diameter p\u00e5 58 cm.\" \/>\n<meta property=\"og:url\" content=\"https:\/\/ibc.ee\/sv\/produkt\/uhp-tank-verticon-chemo-transport-v-200-200l\/\" \/>\n<meta property=\"og:site_name\" content=\"IBC konteineri m&uuml;&uuml;k, vaadid, kraanid, mahutid\" \/>\n<meta property=\"article:modified_time\" content=\"2025-06-26T16:27:56+00:00\" \/>\n<meta property=\"og:image\" content=\"https:\/\/ibc.ee\/wp-content\/uploads\/2024\/05\/UHP-VERTICON-CHEMO-TRANSPORT-V-200.jpg\" \/>\n\t<meta property=\"og:image:width\" content=\"1000\" \/>\n\t<meta property=\"og:image:height\" content=\"1000\" \/>\n\t<meta property=\"og:image:type\" content=\"image\/jpeg\" \/>\n<meta name=\"twitter:card\" content=\"summary_large_image\" \/>\n<meta name=\"twitter:label1\" content=\"Ber\u00e4knad l\u00e4stid\" \/>\n\t<meta name=\"twitter:data1\" content=\"1 minut\" \/>\n<script type=\"application\/ld+json\" class=\"yoast-schema-graph\">{\"@context\":\"https:\/\/schema.org\",\"@graph\":[{\"@type\":\"WebPage\",\"@id\":\"https:\/\/ibc.ee\/sv\/produkt\/uhp-tank-verticon-chemo-transport-v-200-200l\/\",\"url\":\"https:\/\/ibc.ee\/sv\/produkt\/uhp-tank-verticon-chemo-transport-v-200-200l\/\",\"name\":\"UHP-tank Verticon Chemo Transport V-200 (200L) - IBC konteineri m&uuml;&uuml;k, vaadid, kraanid, mahutid\",\"isPartOf\":{\"@id\":\"https:\/\/ibc.ee\/sv\/#website\"},\"primaryImageOfPage\":{\"@id\":\"https:\/\/ibc.ee\/sv\/produkt\/uhp-tank-verticon-chemo-transport-v-200-200l\/#primaryimage\"},\"image\":{\"@id\":\"https:\/\/ibc.ee\/sv\/produkt\/uhp-tank-verticon-chemo-transport-v-200-200l\/#primaryimage\"},\"thumbnailUrl\":\"https:\/\/ibc.ee\/wp-content\/uploads\/2024\/05\/UHP-VERTICON-CHEMO-TRANSPORT-V-200.jpg\",\"datePublished\":\"2025-04-22T13:28:50+00:00\",\"dateModified\":\"2025-06-26T16:27:56+00:00\",\"description\":\"Mycket t\u00e5lig tank med en kapacitet p\u00e5 200 liter, en h\u00f6jd p\u00e5 85 cm och en diameter p\u00e5 58 cm.\",\"breadcrumb\":{\"@id\":\"https:\/\/ibc.ee\/sv\/produkt\/uhp-tank-verticon-chemo-transport-v-200-200l\/#breadcrumb\"},\"inLanguage\":\"sv-SE\",\"potentialAction\":[{\"@type\":\"ReadAction\",\"target\":[\"https:\/\/ibc.ee\/sv\/produkt\/uhp-tank-verticon-chemo-transport-v-200-200l\/\"]}]},{\"@type\":\"ImageObject\",\"inLanguage\":\"sv-SE\",\"@id\":\"https:\/\/ibc.ee\/sv\/produkt\/uhp-tank-verticon-chemo-transport-v-200-200l\/#primaryimage\",\"url\":\"https:\/\/ibc.ee\/wp-content\/uploads\/2024\/05\/UHP-VERTICON-CHEMO-TRANSPORT-V-200.jpg\",\"contentUrl\":\"https:\/\/ibc.ee\/wp-content\/uploads\/2024\/05\/UHP-VERTICON-CHEMO-TRANSPORT-V-200.jpg\",\"width\":1000,\"height\":1000},{\"@type\":\"BreadcrumbList\",\"@id\":\"https:\/\/ibc.ee\/sv\/produkt\/uhp-tank-verticon-chemo-transport-v-200-200l\/#breadcrumb\",\"itemListElement\":[{\"@type\":\"ListItem\",\"position\":1,\"name\":\"\u0413\u043b\u0430\u0432\u043d\u0430\u044f \u0441\u0442\u0440\u0430\u043d\u0438\u0446\u0430\",\"item\":\"https:\/\/ibc.ee\/sv\/\"},{\"@type\":\"ListItem\",\"position\":2,\"name\":\"Butik\",\"item\":\"https:\/\/ibc.ee\/sv\/butik\/\"},{\"@type\":\"ListItem\",\"position\":3,\"name\":\"UHP-tank Verticon Chemo Transport V-200 (200L)\"}]},{\"@type\":\"WebSite\",\"@id\":\"https:\/\/ibc.ee\/sv\/#website\",\"url\":\"https:\/\/ibc.ee\/sv\/\",\"name\":\"IBC konteineri m&uuml;&uuml;k, vaadid, kraanid, mahutid\",\"description\":\"IBC - Tank container valve, Adapters\\\\fittings, Intermediate bulk, container, Drums\/cans\",\"potentialAction\":[{\"@type\":\"SearchAction\",\"target\":{\"@type\":\"EntryPoint\",\"urlTemplate\":\"https:\/\/ibc.ee\/sv\/?s={search_term_string}\"},\"query-input\":{\"@type\":\"PropertyValueSpecification\",\"valueRequired\":true,\"valueName\":\"search_term_string\"}}],\"inLanguage\":\"sv-SE\"}]}<\/script>\n<!-- \/ Yoast SEO plugin. -->","yoast_head_json":{"title":"UHP-tank Verticon Chemo Transport V-200 (200L) - IBC konteineri m&uuml;&uuml;k, vaadid, kraanid, mahutid","description":"Mycket t\u00e5lig tank med en kapacitet p\u00e5 200 liter, en h\u00f6jd p\u00e5 85 cm och en diameter p\u00e5 58 cm.","robots":{"index":"index","follow":"follow","max-snippet":"max-snippet:-1","max-image-preview":"max-image-preview:large","max-video-preview":"max-video-preview:-1"},"canonical":"https:\/\/ibc.ee\/sv\/produkt\/uhp-tank-verticon-chemo-transport-v-200-200l\/","og_locale":"sv_SE","og_type":"article","og_title":"UHP-tank Verticon Chemo Transport V-200 (200L) - IBC konteineri m&uuml;&uuml;k, vaadid, kraanid, mahutid","og_description":"Mycket t\u00e5lig tank med en kapacitet p\u00e5 200 liter, en h\u00f6jd p\u00e5 85 cm och en diameter p\u00e5 58 cm.","og_url":"https:\/\/ibc.ee\/sv\/produkt\/uhp-tank-verticon-chemo-transport-v-200-200l\/","og_site_name":"IBC konteineri m&uuml;&uuml;k, vaadid, kraanid, mahutid","article_modified_time":"2025-06-26T16:27:56+00:00","og_image":[{"width":1000,"height":1000,"url":"https:\/\/ibc.ee\/wp-content\/uploads\/2024\/05\/UHP-VERTICON-CHEMO-TRANSPORT-V-200.jpg","type":"image\/jpeg"}],"twitter_card":"summary_large_image","twitter_misc":{"Ber\u00e4knad l\u00e4stid":"1 minut"},"schema":{"@context":"https:\/\/schema.org","@graph":[{"@type":"WebPage","@id":"https:\/\/ibc.ee\/sv\/produkt\/uhp-tank-verticon-chemo-transport-v-200-200l\/","url":"https:\/\/ibc.ee\/sv\/produkt\/uhp-tank-verticon-chemo-transport-v-200-200l\/","name":"UHP-tank Verticon Chemo Transport V-200 (200L) - IBC konteineri m&uuml;&uuml;k, vaadid, kraanid, mahutid","isPartOf":{"@id":"https:\/\/ibc.ee\/sv\/#website"},"primaryImageOfPage":{"@id":"https:\/\/ibc.ee\/sv\/produkt\/uhp-tank-verticon-chemo-transport-v-200-200l\/#primaryimage"},"image":{"@id":"https:\/\/ibc.ee\/sv\/produkt\/uhp-tank-verticon-chemo-transport-v-200-200l\/#primaryimage"},"thumbnailUrl":"https:\/\/ibc.ee\/wp-content\/uploads\/2024\/05\/UHP-VERTICON-CHEMO-TRANSPORT-V-200.jpg","datePublished":"2025-04-22T13:28:50+00:00","dateModified":"2025-06-26T16:27:56+00:00","description":"Mycket t\u00e5lig tank med en kapacitet p\u00e5 200 liter, en h\u00f6jd p\u00e5 85 cm och en diameter p\u00e5 58 cm.","breadcrumb":{"@id":"https:\/\/ibc.ee\/sv\/produkt\/uhp-tank-verticon-chemo-transport-v-200-200l\/#breadcrumb"},"inLanguage":"sv-SE","potentialAction":[{"@type":"ReadAction","target":["https:\/\/ibc.ee\/sv\/produkt\/uhp-tank-verticon-chemo-transport-v-200-200l\/"]}]},{"@type":"ImageObject","inLanguage":"sv-SE","@id":"https:\/\/ibc.ee\/sv\/produkt\/uhp-tank-verticon-chemo-transport-v-200-200l\/#primaryimage","url":"https:\/\/ibc.ee\/wp-content\/uploads\/2024\/05\/UHP-VERTICON-CHEMO-TRANSPORT-V-200.jpg","contentUrl":"https:\/\/ibc.ee\/wp-content\/uploads\/2024\/05\/UHP-VERTICON-CHEMO-TRANSPORT-V-200.jpg","width":1000,"height":1000},{"@type":"BreadcrumbList","@id":"https:\/\/ibc.ee\/sv\/produkt\/uhp-tank-verticon-chemo-transport-v-200-200l\/#breadcrumb","itemListElement":[{"@type":"ListItem","position":1,"name":"\u0413\u043b\u0430\u0432\u043d\u0430\u044f \u0441\u0442\u0440\u0430\u043d\u0438\u0446\u0430","item":"https:\/\/ibc.ee\/sv\/"},{"@type":"ListItem","position":2,"name":"Butik","item":"https:\/\/ibc.ee\/sv\/butik\/"},{"@type":"ListItem","position":3,"name":"UHP-tank Verticon Chemo Transport V-200 (200L)"}]},{"@type":"WebSite","@id":"https:\/\/ibc.ee\/sv\/#website","url":"https:\/\/ibc.ee\/sv\/","name":"IBC konteineri m&uuml;&uuml;k, vaadid, kraanid, mahutid","description":"IBC - Tank container valve, Adapters\\fittings, Intermediate bulk, container, Drums\/cans","potentialAction":[{"@type":"SearchAction","target":{"@type":"EntryPoint","urlTemplate":"https:\/\/ibc.ee\/sv\/?s={search_term_string}"},"query-input":{"@type":"PropertyValueSpecification","valueRequired":true,"valueName":"search_term_string"}}],"inLanguage":"sv-SE"}]}},"_links":{"self":[{"href":"https:\/\/ibc.ee\/sv\/wp-json\/wp\/v2\/product\/23802","targetHints":{"allow":["GET"]}}],"collection":[{"href":"https:\/\/ibc.ee\/sv\/wp-json\/wp\/v2\/product"}],"about":[{"href":"https:\/\/ibc.ee\/sv\/wp-json\/wp\/v2\/types\/product"}],"wp:featuredmedia":[{"embeddable":true,"href":"https:\/\/ibc.ee\/sv\/wp-json\/wp\/v2\/media\/23803"}],"wp:attachment":[{"href":"https:\/\/ibc.ee\/sv\/wp-json\/wp\/v2\/media?parent=23802"}],"wp:term":[{"taxonomy":"product_brand","embeddable":true,"href":"https:\/\/ibc.ee\/sv\/wp-json\/wp\/v2\/product_brand?post=23802"},{"taxonomy":"product_cat","embeddable":true,"href":"https:\/\/ibc.ee\/sv\/wp-json\/wp\/v2\/product_cat?post=23802"},{"taxonomy":"product_tag","embeddable":true,"href":"https:\/\/ibc.ee\/sv\/wp-json\/wp\/v2\/product_tag?post=23802"}],"curies":[{"name":"wp","href":"https:\/\/api.w.org\/{rel}","templated":true}]}}