{"id":24000,"date":"2025-06-18T09:10:28","date_gmt":"2025-06-18T07:10:28","guid":{"rendered":"https:\/\/ibc.ee\/?post_type=product&#038;p=24000"},"modified":"2025-06-26T18:39:47","modified_gmt":"2025-06-26T16:39:47","slug":"uhp-tank-verticon-high-v-1003-1003l-copy","status":"publish","type":"product","link":"https:\/\/ibc.ee\/sv\/produkt\/uhp-tank-verticon-high-v-1003-1003l-copy\/","title":{"rendered":"Tank P-120L (120L)"},"content":{"rendered":"<p>En horisontell tank P-120L \u00e4r en h\u00e5llbar tank med en kapacitet p\u00e5 120 liter, en h\u00f6jd p\u00e5 28 cm, en bredd p\u00e5 40 cm och en l\u00e4ngd p\u00e5 115 cm. L\u00e4mplig f\u00f6r f\u00f6rvaring av olika v\u00e4tskor, inklusive regnvatten, avloppsvatten, diesel och kemikalier.  <\/p>\n<p>Det finns ett g\u00e4ngat plasth\u00e5l p\u00e5 11 cm p\u00e5 toppen och ett 3&#215;4 tum p\u00e5 botten. <\/p>\n<p>Beh\u00e5llarens gjutdiameter: 3,5 mm<\/p>\n","protected":false},"excerpt":{"rendered":"<p><strong>Funktioner<\/strong><br \/>\nKapacitet: 120 l<br \/>\nH\u00f6jd: 28 cm<br \/>\nBredd: 40 cm<br \/>\nL\u00e4ngd: 115 cm<br \/>\nH\u00e5lets diameter: 11 cm<br \/>\nV\u00e4ggtjocklek: 3,5 mm<br \/>\nAnslutningsg\u00e4nga: 3\/4 tum.<\/p>\n","protected":false},"featured_media":24009,"template":"","meta":[],"product_brand":[],"product_cat":[451],"product_tag":[],"class_list":{"0":"post-24000","1":"product","2":"type-product","3":"status-publish","4":"has-post-thumbnail","6":"product_cat-uhp-tankar","7":"product_shipping_class-behallare","9":"first","10":"onbackorder","11":"taxable","12":"shipping-taxable","13":"purchasable","14":"product-type-simple"},"yoast_head":"<!-- This site is optimized with the Yoast SEO plugin v26.9 - https:\/\/yoast.com\/product\/yoast-seo-wordpress\/ -->\n<title>Tank P-120L (120L) - IBC konteineri m&uuml;&uuml;k, vaadid, kraanid, mahutid<\/title>\n<meta name=\"description\" content=\"En horisontell tank P-120L \u00e4r en h\u00e5llbar tank med en kapacitet p\u00e5 120 liter, en h\u00f6jd p\u00e5 28 cm, en bredd p\u00e5 40 cm och en l\u00e4ngd p\u00e5 115 cm.\" \/>\n<meta name=\"robots\" content=\"index, follow, max-snippet:-1, max-image-preview:large, max-video-preview:-1\" \/>\n<link rel=\"canonical\" href=\"https:\/\/ibc.ee\/sv\/produkt\/uhp-tank-verticon-high-v-1003-1003l-copy\/\" \/>\n<meta property=\"og:locale\" content=\"sv_SE\" \/>\n<meta property=\"og:type\" content=\"article\" \/>\n<meta property=\"og:title\" content=\"Tank P-120L (120L) - IBC konteineri m&uuml;&uuml;k, vaadid, kraanid, mahutid\" \/>\n<meta property=\"og:description\" content=\"En horisontell tank P-120L \u00e4r en h\u00e5llbar tank med en kapacitet p\u00e5 120 liter, en h\u00f6jd p\u00e5 28 cm, en bredd p\u00e5 40 cm och en l\u00e4ngd p\u00e5 115 cm.\" \/>\n<meta property=\"og:url\" content=\"https:\/\/ibc.ee\/sv\/produkt\/uhp-tank-verticon-high-v-1003-1003l-copy\/\" \/>\n<meta property=\"og:site_name\" content=\"IBC konteineri m&uuml;&uuml;k, vaadid, kraanid, mahutid\" \/>\n<meta property=\"article:modified_time\" content=\"2025-06-26T16:39:47+00:00\" \/>\n<meta property=\"og:image\" content=\"https:\/\/ibc.ee\/wp-content\/uploads\/2025\/06\/Mahuti-P-120L.jpg\" \/>\n\t<meta property=\"og:image:width\" content=\"1000\" \/>\n\t<meta property=\"og:image:height\" content=\"1000\" \/>\n\t<meta property=\"og:image:type\" content=\"image\/jpeg\" \/>\n<meta name=\"twitter:card\" content=\"summary_large_image\" \/>\n<meta name=\"twitter:label1\" content=\"Ber\u00e4knad l\u00e4stid\" \/>\n\t<meta name=\"twitter:data1\" content=\"1 minut\" \/>\n<script type=\"application\/ld+json\" class=\"yoast-schema-graph\">{\"@context\":\"https:\/\/schema.org\",\"@graph\":[{\"@type\":\"WebPage\",\"@id\":\"https:\/\/ibc.ee\/sv\/produkt\/uhp-tank-verticon-high-v-1003-1003l-copy\/\",\"url\":\"https:\/\/ibc.ee\/sv\/produkt\/uhp-tank-verticon-high-v-1003-1003l-copy\/\",\"name\":\"Tank P-120L (120L) - IBC konteineri m&uuml;&uuml;k, vaadid, kraanid, mahutid\",\"isPartOf\":{\"@id\":\"https:\/\/www.ibc.ee\/sv\/#website\"},\"primaryImageOfPage\":{\"@id\":\"https:\/\/ibc.ee\/sv\/produkt\/uhp-tank-verticon-high-v-1003-1003l-copy\/#primaryimage\"},\"image\":{\"@id\":\"https:\/\/ibc.ee\/sv\/produkt\/uhp-tank-verticon-high-v-1003-1003l-copy\/#primaryimage\"},\"thumbnailUrl\":\"https:\/\/ibc.ee\/wp-content\/uploads\/2025\/06\/Mahuti-P-120L.jpg\",\"datePublished\":\"2025-06-18T07:10:28+00:00\",\"dateModified\":\"2025-06-26T16:39:47+00:00\",\"description\":\"En horisontell tank P-120L \u00e4r en h\u00e5llbar tank med en kapacitet p\u00e5 120 liter, en h\u00f6jd p\u00e5 28 cm, en bredd p\u00e5 40 cm och en l\u00e4ngd p\u00e5 115 cm.\",\"breadcrumb\":{\"@id\":\"https:\/\/ibc.ee\/sv\/produkt\/uhp-tank-verticon-high-v-1003-1003l-copy\/#breadcrumb\"},\"inLanguage\":\"sv-SE\",\"potentialAction\":[{\"@type\":\"ReadAction\",\"target\":[\"https:\/\/ibc.ee\/sv\/produkt\/uhp-tank-verticon-high-v-1003-1003l-copy\/\"]}]},{\"@type\":\"ImageObject\",\"inLanguage\":\"sv-SE\",\"@id\":\"https:\/\/ibc.ee\/sv\/produkt\/uhp-tank-verticon-high-v-1003-1003l-copy\/#primaryimage\",\"url\":\"https:\/\/ibc.ee\/wp-content\/uploads\/2025\/06\/Mahuti-P-120L.jpg\",\"contentUrl\":\"https:\/\/ibc.ee\/wp-content\/uploads\/2025\/06\/Mahuti-P-120L.jpg\",\"width\":1000,\"height\":1000,\"caption\":\"Tank P-120L (120L)\"},{\"@type\":\"BreadcrumbList\",\"@id\":\"https:\/\/ibc.ee\/sv\/produkt\/uhp-tank-verticon-high-v-1003-1003l-copy\/#breadcrumb\",\"itemListElement\":[{\"@type\":\"ListItem\",\"position\":1,\"name\":\"\u0413\u043b\u0430\u0432\u043d\u0430\u044f \u0441\u0442\u0440\u0430\u043d\u0438\u0446\u0430\",\"item\":\"https:\/\/www.ibc.ee\/sv\/\"},{\"@type\":\"ListItem\",\"position\":2,\"name\":\"Butik\",\"item\":\"https:\/\/www.ibc.ee\/sv\/butik\/\"},{\"@type\":\"ListItem\",\"position\":3,\"name\":\"Tank P-120L (120L)\"}]},{\"@type\":\"WebSite\",\"@id\":\"https:\/\/www.ibc.ee\/sv\/#website\",\"url\":\"https:\/\/www.ibc.ee\/sv\/\",\"name\":\"IBC konteineri m&uuml;&uuml;k, vaadid, kraanid, mahutid\",\"description\":\"IBC - Tank container valve, Adapters\\\\fittings, Intermediate bulk, container, Drums\/cans\",\"potentialAction\":[{\"@type\":\"SearchAction\",\"target\":{\"@type\":\"EntryPoint\",\"urlTemplate\":\"https:\/\/www.ibc.ee\/sv\/?s={search_term_string}\"},\"query-input\":{\"@type\":\"PropertyValueSpecification\",\"valueRequired\":true,\"valueName\":\"search_term_string\"}}],\"inLanguage\":\"sv-SE\"}]}<\/script>\n<!-- \/ Yoast SEO plugin. -->","yoast_head_json":{"title":"Tank P-120L (120L) - IBC konteineri m&uuml;&uuml;k, vaadid, kraanid, mahutid","description":"En horisontell tank P-120L \u00e4r en h\u00e5llbar tank med en kapacitet p\u00e5 120 liter, en h\u00f6jd p\u00e5 28 cm, en bredd p\u00e5 40 cm och en l\u00e4ngd p\u00e5 115 cm.","robots":{"index":"index","follow":"follow","max-snippet":"max-snippet:-1","max-image-preview":"max-image-preview:large","max-video-preview":"max-video-preview:-1"},"canonical":"https:\/\/ibc.ee\/sv\/produkt\/uhp-tank-verticon-high-v-1003-1003l-copy\/","og_locale":"sv_SE","og_type":"article","og_title":"Tank P-120L (120L) - IBC konteineri m&uuml;&uuml;k, vaadid, kraanid, mahutid","og_description":"En horisontell tank P-120L \u00e4r en h\u00e5llbar tank med en kapacitet p\u00e5 120 liter, en h\u00f6jd p\u00e5 28 cm, en bredd p\u00e5 40 cm och en l\u00e4ngd p\u00e5 115 cm.","og_url":"https:\/\/ibc.ee\/sv\/produkt\/uhp-tank-verticon-high-v-1003-1003l-copy\/","og_site_name":"IBC konteineri m&uuml;&uuml;k, vaadid, kraanid, mahutid","article_modified_time":"2025-06-26T16:39:47+00:00","og_image":[{"width":1000,"height":1000,"url":"https:\/\/ibc.ee\/wp-content\/uploads\/2025\/06\/Mahuti-P-120L.jpg","type":"image\/jpeg"}],"twitter_card":"summary_large_image","twitter_misc":{"Ber\u00e4knad l\u00e4stid":"1 minut"},"schema":{"@context":"https:\/\/schema.org","@graph":[{"@type":"WebPage","@id":"https:\/\/ibc.ee\/sv\/produkt\/uhp-tank-verticon-high-v-1003-1003l-copy\/","url":"https:\/\/ibc.ee\/sv\/produkt\/uhp-tank-verticon-high-v-1003-1003l-copy\/","name":"Tank P-120L (120L) - IBC konteineri m&uuml;&uuml;k, vaadid, kraanid, mahutid","isPartOf":{"@id":"https:\/\/www.ibc.ee\/sv\/#website"},"primaryImageOfPage":{"@id":"https:\/\/ibc.ee\/sv\/produkt\/uhp-tank-verticon-high-v-1003-1003l-copy\/#primaryimage"},"image":{"@id":"https:\/\/ibc.ee\/sv\/produkt\/uhp-tank-verticon-high-v-1003-1003l-copy\/#primaryimage"},"thumbnailUrl":"https:\/\/ibc.ee\/wp-content\/uploads\/2025\/06\/Mahuti-P-120L.jpg","datePublished":"2025-06-18T07:10:28+00:00","dateModified":"2025-06-26T16:39:47+00:00","description":"En horisontell tank P-120L \u00e4r en h\u00e5llbar tank med en kapacitet p\u00e5 120 liter, en h\u00f6jd p\u00e5 28 cm, en bredd p\u00e5 40 cm och en l\u00e4ngd p\u00e5 115 cm.","breadcrumb":{"@id":"https:\/\/ibc.ee\/sv\/produkt\/uhp-tank-verticon-high-v-1003-1003l-copy\/#breadcrumb"},"inLanguage":"sv-SE","potentialAction":[{"@type":"ReadAction","target":["https:\/\/ibc.ee\/sv\/produkt\/uhp-tank-verticon-high-v-1003-1003l-copy\/"]}]},{"@type":"ImageObject","inLanguage":"sv-SE","@id":"https:\/\/ibc.ee\/sv\/produkt\/uhp-tank-verticon-high-v-1003-1003l-copy\/#primaryimage","url":"https:\/\/ibc.ee\/wp-content\/uploads\/2025\/06\/Mahuti-P-120L.jpg","contentUrl":"https:\/\/ibc.ee\/wp-content\/uploads\/2025\/06\/Mahuti-P-120L.jpg","width":1000,"height":1000,"caption":"Tank P-120L (120L)"},{"@type":"BreadcrumbList","@id":"https:\/\/ibc.ee\/sv\/produkt\/uhp-tank-verticon-high-v-1003-1003l-copy\/#breadcrumb","itemListElement":[{"@type":"ListItem","position":1,"name":"\u0413\u043b\u0430\u0432\u043d\u0430\u044f \u0441\u0442\u0440\u0430\u043d\u0438\u0446\u0430","item":"https:\/\/www.ibc.ee\/sv\/"},{"@type":"ListItem","position":2,"name":"Butik","item":"https:\/\/www.ibc.ee\/sv\/butik\/"},{"@type":"ListItem","position":3,"name":"Tank P-120L (120L)"}]},{"@type":"WebSite","@id":"https:\/\/www.ibc.ee\/sv\/#website","url":"https:\/\/www.ibc.ee\/sv\/","name":"IBC konteineri m&uuml;&uuml;k, vaadid, kraanid, mahutid","description":"IBC - Tank container valve, Adapters\\fittings, Intermediate bulk, container, Drums\/cans","potentialAction":[{"@type":"SearchAction","target":{"@type":"EntryPoint","urlTemplate":"https:\/\/www.ibc.ee\/sv\/?s={search_term_string}"},"query-input":{"@type":"PropertyValueSpecification","valueRequired":true,"valueName":"search_term_string"}}],"inLanguage":"sv-SE"}]}},"_links":{"self":[{"href":"https:\/\/ibc.ee\/sv\/wp-json\/wp\/v2\/product\/24000","targetHints":{"allow":["GET"]}}],"collection":[{"href":"https:\/\/ibc.ee\/sv\/wp-json\/wp\/v2\/product"}],"about":[{"href":"https:\/\/ibc.ee\/sv\/wp-json\/wp\/v2\/types\/product"}],"wp:featuredmedia":[{"embeddable":true,"href":"https:\/\/ibc.ee\/sv\/wp-json\/wp\/v2\/media\/24009"}],"wp:attachment":[{"href":"https:\/\/ibc.ee\/sv\/wp-json\/wp\/v2\/media?parent=24000"}],"wp:term":[{"taxonomy":"product_brand","embeddable":true,"href":"https:\/\/ibc.ee\/sv\/wp-json\/wp\/v2\/product_brand?post=24000"},{"taxonomy":"product_cat","embeddable":true,"href":"https:\/\/ibc.ee\/sv\/wp-json\/wp\/v2\/product_cat?post=24000"},{"taxonomy":"product_tag","embeddable":true,"href":"https:\/\/ibc.ee\/sv\/wp-json\/wp\/v2\/product_tag?post=24000"}],"curies":[{"name":"wp","href":"https:\/\/api.w.org\/{rel}","templated":true}]}}