{"id":24046,"date":"2025-07-02T09:45:59","date_gmt":"2025-07-02T07:46:00","guid":{"rendered":"https:\/\/ibc.ee\/?post_type=product&#038;p=24046"},"modified":"2025-07-02T13:44:45","modified_gmt":"2025-07-02T11:44:45","slug":"tom-ibc-bur-i-galvaniserat-stal-steelcage-ibc-1000","status":"publish","type":"product","link":"https:\/\/ibc.ee\/sv\/produkt\/tom-ibc-bur-i-galvaniserat-stal-steelcage-ibc-1000\/","title":{"rendered":"Tom IBC-bur i galvaniserat st\u00e5l SteelCage IBC 1000"},"content":{"rendered":"<p><strong>Dessa 1000L IBC-burar \u00e4r idealiska f\u00f6r:<\/strong><br \/>\n&#8211; IBC-insatser<br \/>\n&#8211; Vedst\u00e4ll \/ Vedf\u00f6rvaring<br \/>\n&#8211; D\u00e4ckst\u00e4ll \/ Hjulf\u00f6rvaring<br \/>\n&#8211; Byggavfallsbeh\u00e5llare<br \/>\n&#8211; H\u00f6- eller halmf\u00f6rvaring<br \/>\n&#8211; Utem\u00f6belram<br \/>\n&#8211; Vertikal tr\u00e4dg\u00e5rdsram<\/p>\n<p>Burkapaciteten \u00e4r 1000 liter eller en kubikmeter. Ytterm\u00e5ttet \u00e4r cirka 1200 mm h\u00f6gt, 1200 mm brett och 1000 mm djupt. <\/p>\n","protected":false},"excerpt":{"rendered":"<p>Tom IBC-bur i galvaniserat st\u00e5l med en h\u00e5llbar baspall i helmetallkompositst\u00e5l. Kan anv\u00e4ndas f\u00f6r m\u00e5nga f\u00f6rvarings- och transportl\u00f6sningar p\u00e5 plats. Perfekt f\u00f6r att bibeh\u00e5lla produktintegritet och s\u00e4kerhet. L\u00e4mplig f\u00f6r att byta ut skadade ramar eller montera modul\u00e4ra f\u00f6rvaringsenheter. Kompatibel med standard IBC-insatser.    <\/p>\n","protected":false},"featured_media":24055,"template":"","meta":[],"product_brand":[],"product_cat":[447],"product_tag":[],"class_list":{"0":"post-24046","1":"product","2":"type-product","3":"status-publish","4":"has-post-thumbnail","6":"product_cat-mellanbulkbehallare-ibc-1000-liter","7":"product_shipping_class-behallare","9":"first","10":"instock","11":"taxable","12":"shipping-taxable","13":"purchasable","14":"product-type-simple"},"yoast_head":"<!-- This site is optimized with the Yoast SEO plugin v26.9 - https:\/\/yoast.com\/product\/yoast-seo-wordpress\/ -->\n<title>Tom IBC-bur i galvaniserat st\u00e5l SteelCage IBC 1000 - IBC konteineri m&uuml;&uuml;k, vaadid, kraanid, mahutid<\/title>\n<meta name=\"description\" content=\"Bur i galvaniserat st\u00e5l med en h\u00e5llbar baspall i helmetallkompositst\u00e5l SteelCage IBC 1000. Kompatibel med standard IBC-insatser.\" \/>\n<meta name=\"robots\" content=\"index, follow, max-snippet:-1, max-image-preview:large, max-video-preview:-1\" \/>\n<link rel=\"canonical\" href=\"https:\/\/ibc.ee\/sv\/produkt\/tom-ibc-bur-i-galvaniserat-stal-steelcage-ibc-1000\/\" \/>\n<meta property=\"og:locale\" content=\"sv_SE\" \/>\n<meta property=\"og:type\" content=\"article\" \/>\n<meta property=\"og:title\" content=\"Tom IBC-bur i galvaniserat st\u00e5l SteelCage IBC 1000 - IBC konteineri m&uuml;&uuml;k, vaadid, kraanid, mahutid\" \/>\n<meta property=\"og:description\" content=\"Bur i galvaniserat st\u00e5l med en h\u00e5llbar baspall i helmetallkompositst\u00e5l SteelCage IBC 1000. Kompatibel med standard IBC-insatser.\" \/>\n<meta property=\"og:url\" content=\"https:\/\/ibc.ee\/sv\/produkt\/tom-ibc-bur-i-galvaniserat-stal-steelcage-ibc-1000\/\" \/>\n<meta property=\"og:site_name\" content=\"IBC konteineri m&uuml;&uuml;k, vaadid, kraanid, mahutid\" \/>\n<meta property=\"article:modified_time\" content=\"2025-07-02T11:44:45+00:00\" \/>\n<meta property=\"og:image\" content=\"https:\/\/ibc.ee\/wp-content\/uploads\/2025\/07\/Tsingitud-terasest-puur-SteelCage-IBC-1000.jpg\" \/>\n\t<meta property=\"og:image:width\" content=\"1000\" \/>\n\t<meta property=\"og:image:height\" content=\"1000\" \/>\n\t<meta property=\"og:image:type\" content=\"image\/jpeg\" \/>\n<meta name=\"twitter:card\" content=\"summary_large_image\" \/>\n<meta name=\"twitter:label1\" content=\"Ber\u00e4knad l\u00e4stid\" \/>\n\t<meta name=\"twitter:data1\" content=\"1 minut\" \/>\n<script type=\"application\/ld+json\" class=\"yoast-schema-graph\">{\"@context\":\"https:\/\/schema.org\",\"@graph\":[{\"@type\":\"WebPage\",\"@id\":\"https:\/\/ibc.ee\/sv\/produkt\/tom-ibc-bur-i-galvaniserat-stal-steelcage-ibc-1000\/\",\"url\":\"https:\/\/ibc.ee\/sv\/produkt\/tom-ibc-bur-i-galvaniserat-stal-steelcage-ibc-1000\/\",\"name\":\"Tom IBC-bur i galvaniserat st\u00e5l SteelCage IBC 1000 - IBC konteineri m&uuml;&uuml;k, vaadid, kraanid, mahutid\",\"isPartOf\":{\"@id\":\"https:\/\/www.ibc.ee\/sv\/#website\"},\"primaryImageOfPage\":{\"@id\":\"https:\/\/ibc.ee\/sv\/produkt\/tom-ibc-bur-i-galvaniserat-stal-steelcage-ibc-1000\/#primaryimage\"},\"image\":{\"@id\":\"https:\/\/ibc.ee\/sv\/produkt\/tom-ibc-bur-i-galvaniserat-stal-steelcage-ibc-1000\/#primaryimage\"},\"thumbnailUrl\":\"https:\/\/ibc.ee\/wp-content\/uploads\/2025\/07\/Tsingitud-terasest-puur-SteelCage-IBC-1000.jpg\",\"datePublished\":\"2025-07-02T07:46:00+00:00\",\"dateModified\":\"2025-07-02T11:44:45+00:00\",\"description\":\"Bur i galvaniserat st\u00e5l med en h\u00e5llbar baspall i helmetallkompositst\u00e5l SteelCage IBC 1000. Kompatibel med standard IBC-insatser.\",\"breadcrumb\":{\"@id\":\"https:\/\/ibc.ee\/sv\/produkt\/tom-ibc-bur-i-galvaniserat-stal-steelcage-ibc-1000\/#breadcrumb\"},\"inLanguage\":\"sv-SE\",\"potentialAction\":[{\"@type\":\"ReadAction\",\"target\":[\"https:\/\/ibc.ee\/sv\/produkt\/tom-ibc-bur-i-galvaniserat-stal-steelcage-ibc-1000\/\"]}]},{\"@type\":\"ImageObject\",\"inLanguage\":\"sv-SE\",\"@id\":\"https:\/\/ibc.ee\/sv\/produkt\/tom-ibc-bur-i-galvaniserat-stal-steelcage-ibc-1000\/#primaryimage\",\"url\":\"https:\/\/ibc.ee\/wp-content\/uploads\/2025\/07\/Tsingitud-terasest-puur-SteelCage-IBC-1000.jpg\",\"contentUrl\":\"https:\/\/ibc.ee\/wp-content\/uploads\/2025\/07\/Tsingitud-terasest-puur-SteelCage-IBC-1000.jpg\",\"width\":1000,\"height\":1000,\"caption\":\"Empty galvanised steel cage SteelCage IBC 1000\"},{\"@type\":\"BreadcrumbList\",\"@id\":\"https:\/\/ibc.ee\/sv\/produkt\/tom-ibc-bur-i-galvaniserat-stal-steelcage-ibc-1000\/#breadcrumb\",\"itemListElement\":[{\"@type\":\"ListItem\",\"position\":1,\"name\":\"\u0413\u043b\u0430\u0432\u043d\u0430\u044f \u0441\u0442\u0440\u0430\u043d\u0438\u0446\u0430\",\"item\":\"https:\/\/www.ibc.ee\/sv\/\"},{\"@type\":\"ListItem\",\"position\":2,\"name\":\"Butik\",\"item\":\"https:\/\/www.ibc.ee\/sv\/butik\/\"},{\"@type\":\"ListItem\",\"position\":3,\"name\":\"Tom IBC-bur i galvaniserat st\u00e5l SteelCage IBC 1000\"}]},{\"@type\":\"WebSite\",\"@id\":\"https:\/\/www.ibc.ee\/sv\/#website\",\"url\":\"https:\/\/www.ibc.ee\/sv\/\",\"name\":\"IBC konteineri m&uuml;&uuml;k, vaadid, kraanid, mahutid\",\"description\":\"IBC - Tank container valve, Adapters\\\\fittings, Intermediate bulk, container, Drums\/cans\",\"potentialAction\":[{\"@type\":\"SearchAction\",\"target\":{\"@type\":\"EntryPoint\",\"urlTemplate\":\"https:\/\/www.ibc.ee\/sv\/?s={search_term_string}\"},\"query-input\":{\"@type\":\"PropertyValueSpecification\",\"valueRequired\":true,\"valueName\":\"search_term_string\"}}],\"inLanguage\":\"sv-SE\"}]}<\/script>\n<!-- \/ Yoast SEO plugin. -->","yoast_head_json":{"title":"Tom IBC-bur i galvaniserat st\u00e5l SteelCage IBC 1000 - IBC konteineri m&uuml;&uuml;k, vaadid, kraanid, mahutid","description":"Bur i galvaniserat st\u00e5l med en h\u00e5llbar baspall i helmetallkompositst\u00e5l SteelCage IBC 1000. Kompatibel med standard IBC-insatser.","robots":{"index":"index","follow":"follow","max-snippet":"max-snippet:-1","max-image-preview":"max-image-preview:large","max-video-preview":"max-video-preview:-1"},"canonical":"https:\/\/ibc.ee\/sv\/produkt\/tom-ibc-bur-i-galvaniserat-stal-steelcage-ibc-1000\/","og_locale":"sv_SE","og_type":"article","og_title":"Tom IBC-bur i galvaniserat st\u00e5l SteelCage IBC 1000 - IBC konteineri m&uuml;&uuml;k, vaadid, kraanid, mahutid","og_description":"Bur i galvaniserat st\u00e5l med en h\u00e5llbar baspall i helmetallkompositst\u00e5l SteelCage IBC 1000. Kompatibel med standard IBC-insatser.","og_url":"https:\/\/ibc.ee\/sv\/produkt\/tom-ibc-bur-i-galvaniserat-stal-steelcage-ibc-1000\/","og_site_name":"IBC konteineri m&uuml;&uuml;k, vaadid, kraanid, mahutid","article_modified_time":"2025-07-02T11:44:45+00:00","og_image":[{"width":1000,"height":1000,"url":"https:\/\/ibc.ee\/wp-content\/uploads\/2025\/07\/Tsingitud-terasest-puur-SteelCage-IBC-1000.jpg","type":"image\/jpeg"}],"twitter_card":"summary_large_image","twitter_misc":{"Ber\u00e4knad l\u00e4stid":"1 minut"},"schema":{"@context":"https:\/\/schema.org","@graph":[{"@type":"WebPage","@id":"https:\/\/ibc.ee\/sv\/produkt\/tom-ibc-bur-i-galvaniserat-stal-steelcage-ibc-1000\/","url":"https:\/\/ibc.ee\/sv\/produkt\/tom-ibc-bur-i-galvaniserat-stal-steelcage-ibc-1000\/","name":"Tom IBC-bur i galvaniserat st\u00e5l SteelCage IBC 1000 - IBC konteineri m&uuml;&uuml;k, vaadid, kraanid, mahutid","isPartOf":{"@id":"https:\/\/www.ibc.ee\/sv\/#website"},"primaryImageOfPage":{"@id":"https:\/\/ibc.ee\/sv\/produkt\/tom-ibc-bur-i-galvaniserat-stal-steelcage-ibc-1000\/#primaryimage"},"image":{"@id":"https:\/\/ibc.ee\/sv\/produkt\/tom-ibc-bur-i-galvaniserat-stal-steelcage-ibc-1000\/#primaryimage"},"thumbnailUrl":"https:\/\/ibc.ee\/wp-content\/uploads\/2025\/07\/Tsingitud-terasest-puur-SteelCage-IBC-1000.jpg","datePublished":"2025-07-02T07:46:00+00:00","dateModified":"2025-07-02T11:44:45+00:00","description":"Bur i galvaniserat st\u00e5l med en h\u00e5llbar baspall i helmetallkompositst\u00e5l SteelCage IBC 1000. Kompatibel med standard IBC-insatser.","breadcrumb":{"@id":"https:\/\/ibc.ee\/sv\/produkt\/tom-ibc-bur-i-galvaniserat-stal-steelcage-ibc-1000\/#breadcrumb"},"inLanguage":"sv-SE","potentialAction":[{"@type":"ReadAction","target":["https:\/\/ibc.ee\/sv\/produkt\/tom-ibc-bur-i-galvaniserat-stal-steelcage-ibc-1000\/"]}]},{"@type":"ImageObject","inLanguage":"sv-SE","@id":"https:\/\/ibc.ee\/sv\/produkt\/tom-ibc-bur-i-galvaniserat-stal-steelcage-ibc-1000\/#primaryimage","url":"https:\/\/ibc.ee\/wp-content\/uploads\/2025\/07\/Tsingitud-terasest-puur-SteelCage-IBC-1000.jpg","contentUrl":"https:\/\/ibc.ee\/wp-content\/uploads\/2025\/07\/Tsingitud-terasest-puur-SteelCage-IBC-1000.jpg","width":1000,"height":1000,"caption":"Empty galvanised steel cage SteelCage IBC 1000"},{"@type":"BreadcrumbList","@id":"https:\/\/ibc.ee\/sv\/produkt\/tom-ibc-bur-i-galvaniserat-stal-steelcage-ibc-1000\/#breadcrumb","itemListElement":[{"@type":"ListItem","position":1,"name":"\u0413\u043b\u0430\u0432\u043d\u0430\u044f \u0441\u0442\u0440\u0430\u043d\u0438\u0446\u0430","item":"https:\/\/www.ibc.ee\/sv\/"},{"@type":"ListItem","position":2,"name":"Butik","item":"https:\/\/www.ibc.ee\/sv\/butik\/"},{"@type":"ListItem","position":3,"name":"Tom IBC-bur i galvaniserat st\u00e5l SteelCage IBC 1000"}]},{"@type":"WebSite","@id":"https:\/\/www.ibc.ee\/sv\/#website","url":"https:\/\/www.ibc.ee\/sv\/","name":"IBC konteineri m&uuml;&uuml;k, vaadid, kraanid, mahutid","description":"IBC - Tank container valve, Adapters\\fittings, Intermediate bulk, container, Drums\/cans","potentialAction":[{"@type":"SearchAction","target":{"@type":"EntryPoint","urlTemplate":"https:\/\/www.ibc.ee\/sv\/?s={search_term_string}"},"query-input":{"@type":"PropertyValueSpecification","valueRequired":true,"valueName":"search_term_string"}}],"inLanguage":"sv-SE"}]}},"_links":{"self":[{"href":"https:\/\/ibc.ee\/sv\/wp-json\/wp\/v2\/product\/24046","targetHints":{"allow":["GET"]}}],"collection":[{"href":"https:\/\/ibc.ee\/sv\/wp-json\/wp\/v2\/product"}],"about":[{"href":"https:\/\/ibc.ee\/sv\/wp-json\/wp\/v2\/types\/product"}],"wp:featuredmedia":[{"embeddable":true,"href":"https:\/\/ibc.ee\/sv\/wp-json\/wp\/v2\/media\/24055"}],"wp:attachment":[{"href":"https:\/\/ibc.ee\/sv\/wp-json\/wp\/v2\/media?parent=24046"}],"wp:term":[{"taxonomy":"product_brand","embeddable":true,"href":"https:\/\/ibc.ee\/sv\/wp-json\/wp\/v2\/product_brand?post=24046"},{"taxonomy":"product_cat","embeddable":true,"href":"https:\/\/ibc.ee\/sv\/wp-json\/wp\/v2\/product_cat?post=24046"},{"taxonomy":"product_tag","embeddable":true,"href":"https:\/\/ibc.ee\/sv\/wp-json\/wp\/v2\/product_tag?post=24046"}],"curies":[{"name":"wp","href":"https:\/\/api.w.org\/{rel}","templated":true}]}}