{"id":24182,"date":"2025-07-07T08:55:01","date_gmt":"2025-07-07T06:55:02","guid":{"rendered":"https:\/\/ibc.ee\/?post_type=product&#038;p=24182"},"modified":"2025-07-07T10:06:42","modified_gmt":"2025-07-07T08:06:42","slug":"techcube-ibc-1000-tvattad-godkand-behallare-fran-fda","status":"publish","type":"product","link":"https:\/\/ibc.ee\/sv\/produkt\/techcube-ibc-1000-tvattad-godkand-behallare-fran-fda\/","title":{"rendered":"TechCube IBC 1000 tv\u00e4ttad, godk\u00e4nd beh\u00e5llare fr\u00e5n FDA"},"content":{"rendered":"<p><strong>Vanliga anv\u00e4ndningsomr\u00e5den:<\/strong><br \/>\n&#8211; Tekniska v\u00e4tskor och gr\u00e5vatten<br \/>\n&#8211; Insamling av regnvatten (ej f\u00f6r konsumtion)<br \/>\n&#8211; Bevattning av icke-\u00e4tliga v\u00e4xter<br \/>\n&#8211; Spolvatten p\u00e5 byggarbetsplatser (t.ex. betongrester)<br \/>\n&#8211; F\u00f6rbehandling eller lagring av flytande avfall<br \/>\n&#8211; Sk\u00f6ljvatten i industriella processer eller som bufferttank<br \/>\n&#8211; Tillf\u00e4llig v\u00e4tskelagring i n\u00f6dsituationer (ej f\u00f6r konsumtion)<\/p>\n<p><strong>Ej l\u00e4mplig f\u00f6r:<\/strong><br \/>\n&#8211; Dricksvatten<br \/>\n&#8211; F\u00f6rvaring av mat eller dryck<br \/>\n&#8211; Certifierad livsmedelsanv\u00e4ndning<\/p>\n","protected":false},"excerpt":{"rendered":"<p>This is a used and professionally cleaned IBC container (1000L), originally manufactured from FDA-compliant food-grade HDPE, but later used for non-food industrial or chemical applications.<br \/>\nWhile the tank still retains its physical integrity, it is no longer food-safe and not suitable for drinking water or food contact.<\/p>\n","protected":false},"featured_media":24191,"template":"","meta":[],"product_brand":[],"product_cat":[447],"product_tag":[],"class_list":{"0":"post-24182","1":"product","2":"type-product","3":"status-publish","4":"has-post-thumbnail","6":"product_cat-mellanbulkbehallare-ibc-1000-liter","7":"product_shipping_class-behallare","9":"first","10":"instock","11":"taxable","12":"shipping-taxable","13":"purchasable","14":"product-type-simple"},"yoast_head":"<!-- This site is optimized with the Yoast SEO plugin v26.9 - https:\/\/yoast.com\/product\/yoast-seo-wordpress\/ -->\n<title>PureFlowCube IBC 1000 \u2013 h\u00f6gkvalitativt tv\u00e4ttad FDA-godk\u00e4nd tank<\/title>\n<meta name=\"description\" content=\"This is a used and professionally cleaned IBC container (1000L), originally manufactured from FDA-compliant food-grade HDPE, but later used for non-food industrial or chemical applications.\" \/>\n<meta name=\"robots\" content=\"index, follow, max-snippet:-1, max-image-preview:large, max-video-preview:-1\" \/>\n<link rel=\"canonical\" href=\"https:\/\/ibc.ee\/sv\/produkt\/techcube-ibc-1000-tvattad-godkand-behallare-fran-fda\/\" \/>\n<meta property=\"og:locale\" content=\"sv_SE\" \/>\n<meta property=\"og:type\" content=\"article\" \/>\n<meta property=\"og:title\" content=\"PureFlowCube IBC 1000 \u2013 h\u00f6gkvalitativt tv\u00e4ttad FDA-godk\u00e4nd tank\" \/>\n<meta property=\"og:description\" content=\"This is a used and professionally cleaned IBC container (1000L), originally manufactured from FDA-compliant food-grade HDPE, but later used for non-food industrial or chemical applications.\" \/>\n<meta property=\"og:url\" content=\"https:\/\/ibc.ee\/sv\/produkt\/techcube-ibc-1000-tvattad-godkand-behallare-fran-fda\/\" \/>\n<meta property=\"og:site_name\" content=\"IBC konteineri m&uuml;&uuml;k, vaadid, kraanid, mahutid\" \/>\n<meta property=\"article:modified_time\" content=\"2025-07-07T08:06:42+00:00\" \/>\n<meta property=\"og:image\" content=\"https:\/\/ibc.ee\/wp-content\/uploads\/2025\/07\/TechCube-IBC-1000-washed-ex-FDA-container.jpg\" \/>\n\t<meta property=\"og:image:width\" content=\"1000\" \/>\n\t<meta property=\"og:image:height\" content=\"1000\" \/>\n\t<meta property=\"og:image:type\" content=\"image\/jpeg\" \/>\n<meta name=\"twitter:card\" content=\"summary_large_image\" \/>\n<meta name=\"twitter:label1\" content=\"Ber\u00e4knad l\u00e4stid\" \/>\n\t<meta name=\"twitter:data1\" content=\"1 minut\" \/>\n<script type=\"application\/ld+json\" class=\"yoast-schema-graph\">{\"@context\":\"https:\/\/schema.org\",\"@graph\":[{\"@type\":\"WebPage\",\"@id\":\"https:\/\/ibc.ee\/sv\/produkt\/techcube-ibc-1000-tvattad-godkand-behallare-fran-fda\/\",\"url\":\"https:\/\/ibc.ee\/sv\/produkt\/techcube-ibc-1000-tvattad-godkand-behallare-fran-fda\/\",\"name\":\"PureFlowCube IBC 1000 \u2013 h\u00f6gkvalitativt tv\u00e4ttad FDA-godk\u00e4nd tank\",\"isPartOf\":{\"@id\":\"https:\/\/www.ibc.ee\/sv\/#website\"},\"primaryImageOfPage\":{\"@id\":\"https:\/\/ibc.ee\/sv\/produkt\/techcube-ibc-1000-tvattad-godkand-behallare-fran-fda\/#primaryimage\"},\"image\":{\"@id\":\"https:\/\/ibc.ee\/sv\/produkt\/techcube-ibc-1000-tvattad-godkand-behallare-fran-fda\/#primaryimage\"},\"thumbnailUrl\":\"https:\/\/ibc.ee\/wp-content\/uploads\/2025\/07\/TechCube-IBC-1000-washed-ex-FDA-container.jpg\",\"datePublished\":\"2025-07-07T06:55:02+00:00\",\"dateModified\":\"2025-07-07T08:06:42+00:00\",\"description\":\"This is a used and professionally cleaned IBC container (1000L), originally manufactured from FDA-compliant food-grade HDPE, but later used for non-food industrial or chemical applications.\",\"breadcrumb\":{\"@id\":\"https:\/\/ibc.ee\/sv\/produkt\/techcube-ibc-1000-tvattad-godkand-behallare-fran-fda\/#breadcrumb\"},\"inLanguage\":\"sv-SE\",\"potentialAction\":[{\"@type\":\"ReadAction\",\"target\":[\"https:\/\/ibc.ee\/sv\/produkt\/techcube-ibc-1000-tvattad-godkand-behallare-fran-fda\/\"]}]},{\"@type\":\"ImageObject\",\"inLanguage\":\"sv-SE\",\"@id\":\"https:\/\/ibc.ee\/sv\/produkt\/techcube-ibc-1000-tvattad-godkand-behallare-fran-fda\/#primaryimage\",\"url\":\"https:\/\/ibc.ee\/wp-content\/uploads\/2025\/07\/TechCube-IBC-1000-washed-ex-FDA-container.jpg\",\"contentUrl\":\"https:\/\/ibc.ee\/wp-content\/uploads\/2025\/07\/TechCube-IBC-1000-washed-ex-FDA-container.jpg\",\"width\":1000,\"height\":1000,\"caption\":\"TechCube IBC 1000 washed ex-FDA container\"},{\"@type\":\"BreadcrumbList\",\"@id\":\"https:\/\/ibc.ee\/sv\/produkt\/techcube-ibc-1000-tvattad-godkand-behallare-fran-fda\/#breadcrumb\",\"itemListElement\":[{\"@type\":\"ListItem\",\"position\":1,\"name\":\"\u0413\u043b\u0430\u0432\u043d\u0430\u044f \u0441\u0442\u0440\u0430\u043d\u0438\u0446\u0430\",\"item\":\"https:\/\/www.ibc.ee\/sv\/\"},{\"@type\":\"ListItem\",\"position\":2,\"name\":\"Butik\",\"item\":\"https:\/\/www.ibc.ee\/sv\/butik\/\"},{\"@type\":\"ListItem\",\"position\":3,\"name\":\"TechCube IBC 1000 tv\u00e4ttad, godk\u00e4nd beh\u00e5llare fr\u00e5n FDA\"}]},{\"@type\":\"WebSite\",\"@id\":\"https:\/\/www.ibc.ee\/sv\/#website\",\"url\":\"https:\/\/www.ibc.ee\/sv\/\",\"name\":\"IBC konteineri m&uuml;&uuml;k, vaadid, kraanid, mahutid\",\"description\":\"IBC - Tank container valve, Adapters\\\\fittings, Intermediate bulk, container, Drums\/cans\",\"potentialAction\":[{\"@type\":\"SearchAction\",\"target\":{\"@type\":\"EntryPoint\",\"urlTemplate\":\"https:\/\/www.ibc.ee\/sv\/?s={search_term_string}\"},\"query-input\":{\"@type\":\"PropertyValueSpecification\",\"valueRequired\":true,\"valueName\":\"search_term_string\"}}],\"inLanguage\":\"sv-SE\"}]}<\/script>\n<!-- \/ Yoast SEO plugin. -->","yoast_head_json":{"title":"PureFlowCube IBC 1000 \u2013 h\u00f6gkvalitativt tv\u00e4ttad FDA-godk\u00e4nd tank","description":"This is a used and professionally cleaned IBC container (1000L), originally manufactured from FDA-compliant food-grade HDPE, but later used for non-food industrial or chemical applications.","robots":{"index":"index","follow":"follow","max-snippet":"max-snippet:-1","max-image-preview":"max-image-preview:large","max-video-preview":"max-video-preview:-1"},"canonical":"https:\/\/ibc.ee\/sv\/produkt\/techcube-ibc-1000-tvattad-godkand-behallare-fran-fda\/","og_locale":"sv_SE","og_type":"article","og_title":"PureFlowCube IBC 1000 \u2013 h\u00f6gkvalitativt tv\u00e4ttad FDA-godk\u00e4nd tank","og_description":"This is a used and professionally cleaned IBC container (1000L), originally manufactured from FDA-compliant food-grade HDPE, but later used for non-food industrial or chemical applications.","og_url":"https:\/\/ibc.ee\/sv\/produkt\/techcube-ibc-1000-tvattad-godkand-behallare-fran-fda\/","og_site_name":"IBC konteineri m&uuml;&uuml;k, vaadid, kraanid, mahutid","article_modified_time":"2025-07-07T08:06:42+00:00","og_image":[{"width":1000,"height":1000,"url":"https:\/\/ibc.ee\/wp-content\/uploads\/2025\/07\/TechCube-IBC-1000-washed-ex-FDA-container.jpg","type":"image\/jpeg"}],"twitter_card":"summary_large_image","twitter_misc":{"Ber\u00e4knad l\u00e4stid":"1 minut"},"schema":{"@context":"https:\/\/schema.org","@graph":[{"@type":"WebPage","@id":"https:\/\/ibc.ee\/sv\/produkt\/techcube-ibc-1000-tvattad-godkand-behallare-fran-fda\/","url":"https:\/\/ibc.ee\/sv\/produkt\/techcube-ibc-1000-tvattad-godkand-behallare-fran-fda\/","name":"PureFlowCube IBC 1000 \u2013 h\u00f6gkvalitativt tv\u00e4ttad FDA-godk\u00e4nd tank","isPartOf":{"@id":"https:\/\/www.ibc.ee\/sv\/#website"},"primaryImageOfPage":{"@id":"https:\/\/ibc.ee\/sv\/produkt\/techcube-ibc-1000-tvattad-godkand-behallare-fran-fda\/#primaryimage"},"image":{"@id":"https:\/\/ibc.ee\/sv\/produkt\/techcube-ibc-1000-tvattad-godkand-behallare-fran-fda\/#primaryimage"},"thumbnailUrl":"https:\/\/ibc.ee\/wp-content\/uploads\/2025\/07\/TechCube-IBC-1000-washed-ex-FDA-container.jpg","datePublished":"2025-07-07T06:55:02+00:00","dateModified":"2025-07-07T08:06:42+00:00","description":"This is a used and professionally cleaned IBC container (1000L), originally manufactured from FDA-compliant food-grade HDPE, but later used for non-food industrial or chemical applications.","breadcrumb":{"@id":"https:\/\/ibc.ee\/sv\/produkt\/techcube-ibc-1000-tvattad-godkand-behallare-fran-fda\/#breadcrumb"},"inLanguage":"sv-SE","potentialAction":[{"@type":"ReadAction","target":["https:\/\/ibc.ee\/sv\/produkt\/techcube-ibc-1000-tvattad-godkand-behallare-fran-fda\/"]}]},{"@type":"ImageObject","inLanguage":"sv-SE","@id":"https:\/\/ibc.ee\/sv\/produkt\/techcube-ibc-1000-tvattad-godkand-behallare-fran-fda\/#primaryimage","url":"https:\/\/ibc.ee\/wp-content\/uploads\/2025\/07\/TechCube-IBC-1000-washed-ex-FDA-container.jpg","contentUrl":"https:\/\/ibc.ee\/wp-content\/uploads\/2025\/07\/TechCube-IBC-1000-washed-ex-FDA-container.jpg","width":1000,"height":1000,"caption":"TechCube IBC 1000 washed ex-FDA container"},{"@type":"BreadcrumbList","@id":"https:\/\/ibc.ee\/sv\/produkt\/techcube-ibc-1000-tvattad-godkand-behallare-fran-fda\/#breadcrumb","itemListElement":[{"@type":"ListItem","position":1,"name":"\u0413\u043b\u0430\u0432\u043d\u0430\u044f \u0441\u0442\u0440\u0430\u043d\u0438\u0446\u0430","item":"https:\/\/www.ibc.ee\/sv\/"},{"@type":"ListItem","position":2,"name":"Butik","item":"https:\/\/www.ibc.ee\/sv\/butik\/"},{"@type":"ListItem","position":3,"name":"TechCube IBC 1000 tv\u00e4ttad, godk\u00e4nd beh\u00e5llare fr\u00e5n FDA"}]},{"@type":"WebSite","@id":"https:\/\/www.ibc.ee\/sv\/#website","url":"https:\/\/www.ibc.ee\/sv\/","name":"IBC konteineri m&uuml;&uuml;k, vaadid, kraanid, mahutid","description":"IBC - Tank container valve, Adapters\\fittings, Intermediate bulk, container, Drums\/cans","potentialAction":[{"@type":"SearchAction","target":{"@type":"EntryPoint","urlTemplate":"https:\/\/www.ibc.ee\/sv\/?s={search_term_string}"},"query-input":{"@type":"PropertyValueSpecification","valueRequired":true,"valueName":"search_term_string"}}],"inLanguage":"sv-SE"}]}},"_links":{"self":[{"href":"https:\/\/ibc.ee\/sv\/wp-json\/wp\/v2\/product\/24182","targetHints":{"allow":["GET"]}}],"collection":[{"href":"https:\/\/ibc.ee\/sv\/wp-json\/wp\/v2\/product"}],"about":[{"href":"https:\/\/ibc.ee\/sv\/wp-json\/wp\/v2\/types\/product"}],"wp:featuredmedia":[{"embeddable":true,"href":"https:\/\/ibc.ee\/sv\/wp-json\/wp\/v2\/media\/24191"}],"wp:attachment":[{"href":"https:\/\/ibc.ee\/sv\/wp-json\/wp\/v2\/media?parent=24182"}],"wp:term":[{"taxonomy":"product_brand","embeddable":true,"href":"https:\/\/ibc.ee\/sv\/wp-json\/wp\/v2\/product_brand?post=24182"},{"taxonomy":"product_cat","embeddable":true,"href":"https:\/\/ibc.ee\/sv\/wp-json\/wp\/v2\/product_cat?post=24182"},{"taxonomy":"product_tag","embeddable":true,"href":"https:\/\/ibc.ee\/sv\/wp-json\/wp\/v2\/product_tag?post=24182"}],"curies":[{"name":"wp","href":"https:\/\/api.w.org\/{rel}","templated":true}]}}