{"id":24241,"date":"2025-07-08T15:31:42","date_gmt":"2025-07-08T13:31:43","guid":{"rendered":"https:\/\/ibc.ee\/?post_type=product&#038;p=24241"},"modified":"2025-07-09T12:11:06","modified_gmt":"2025-07-09T10:11:06","slug":"draincube-ibc-1000-begagnad-tank-for-dranerings-och-avloppsvatten","status":"publish","type":"product","link":"https:\/\/ibc.ee\/sv\/produkt\/draincube-ibc-1000-begagnad-tank-for-dranerings-och-avloppsvatten\/","title":{"rendered":"DrainCube IBC 1000 \u2013 Begagnad tank f\u00f6r dr\u00e4nerings- och avloppsvatten"},"content":{"rendered":"<p><strong>Prisv\u00e4rd. Robust. Redo f\u00f6r smutsiga jobb.   <\/strong><\/p>\n<p><strong>Vanliga anv\u00e4ndningsomr\u00e5den<\/strong><br \/>\n&#8211; Lagring av dr\u00e4neringsvatten (byggarbetsplatser, ytavrinning)<br \/>\n&#8211; Uppsamling av gr\u00e5vatten och avloppsvatten<br \/>\n&#8211; Reserv- eller \u00f6verfyllnadstank f\u00f6r septiska system<br \/>\n&#8211; Sedimenteringstankar<br \/>\n&#8211; \u00c5tervinning av kemiska spol- eller reng\u00f6ringsv\u00e4tskor<br \/>\n&#8211; Vatten f\u00f6r brandsl\u00e4cknings\u00f6vningar<br \/>\n&#8211; Uteduschar och tv\u00e4ttstationer (ej f\u00f6r dricksvatten)<\/p>\n<p><strong>Viktigt att veta<\/strong><br \/>\n&#8211; Begagnat skick: kan inneh\u00e5lla rester av olja eller harts<br \/>\n&#8211; Ej rengjord eller certifierad \u2013 synlig torr bel\u00e4ggning inuti<br \/>\n&#8211; Ej l\u00e4mplig f\u00f6r livsmedel, dricksvatten, djur eller bevattning<br \/>\n&#8211; Kan ha rost, slitage eller sp\u00e5r fr\u00e5n tidigare anv\u00e4ndning<\/p>\n","protected":false},"excerpt":{"rendered":"<p>DrainCube IBC 1000 \u00e4r en begagnad 1000-liters IBC-beh\u00e5llare (Intermediate Bulk Container) som tidigare anv\u00e4nts f\u00f6r att lagra oljor eller hartser. P\u00e5 grund av det tidigare inneh\u00e5llet \u00e4r de inre v\u00e4ggarna t\u00e4ckta med ett torrt lager eller rester, vilket g\u00f6r att den inte \u00e4r l\u00e4mplig f\u00f6r livsmedel, dricksvatten eller andra k\u00e4nsliga v\u00e4tskor. Trots detta \u00e4r den ett p\u00e5litligt och ekonomiskt alternativ f\u00f6r f\u00f6rvaring av v\u00e4tskor d\u00e4r renhet inte \u00e4r avg\u00f6rande.  <\/p>\n","protected":false},"featured_media":24250,"template":"","meta":[],"product_brand":[],"product_cat":[447],"product_tag":[],"class_list":{"0":"post-24241","1":"product","2":"type-product","3":"status-publish","4":"has-post-thumbnail","6":"product_cat-mellanbulkbehallare-ibc-1000-liter","7":"product_shipping_class-behallare","9":"first","10":"instock","11":"taxable","12":"shipping-taxable","13":"purchasable","14":"product-type-simple"},"yoast_head":"<!-- This site is optimized with the Yoast SEO plugin v26.9 - https:\/\/yoast.com\/product\/yoast-seo-wordpress\/ -->\n<title>DrainCube IBC 1000 \u2013 Begagnad tank f\u00f6r dr\u00e4nerings- och avloppsvatten - IBC konteineri m&uuml;&uuml;k, vaadid, kraanid, mahutid<\/title>\n<meta name=\"description\" content=\"DrainCube IBC 1000 \u00e4r en begagnad 1000-liters IBC-beh\u00e5llare (Intermediate Bulk Container) som tidigare anv\u00e4nts f\u00f6r att lagra oljor eller hartser.\" \/>\n<meta name=\"robots\" content=\"index, follow, max-snippet:-1, max-image-preview:large, max-video-preview:-1\" \/>\n<link rel=\"canonical\" href=\"https:\/\/ibc.ee\/sv\/produkt\/draincube-ibc-1000-begagnad-tank-for-dranerings-och-avloppsvatten\/\" \/>\n<meta property=\"og:locale\" content=\"sv_SE\" \/>\n<meta property=\"og:type\" content=\"article\" \/>\n<meta property=\"og:title\" content=\"DrainCube IBC 1000 \u2013 Begagnad tank f\u00f6r dr\u00e4nerings- och avloppsvatten - IBC konteineri m&uuml;&uuml;k, vaadid, kraanid, mahutid\" \/>\n<meta property=\"og:description\" content=\"DrainCube IBC 1000 \u00e4r en begagnad 1000-liters IBC-beh\u00e5llare (Intermediate Bulk Container) som tidigare anv\u00e4nts f\u00f6r att lagra oljor eller hartser.\" \/>\n<meta property=\"og:url\" content=\"https:\/\/ibc.ee\/sv\/produkt\/draincube-ibc-1000-begagnad-tank-for-dranerings-och-avloppsvatten\/\" \/>\n<meta property=\"og:site_name\" content=\"IBC konteineri m&uuml;&uuml;k, vaadid, kraanid, mahutid\" \/>\n<meta property=\"article:modified_time\" content=\"2025-07-09T10:11:06+00:00\" \/>\n<meta property=\"og:image\" content=\"https:\/\/ibc.ee\/wp-content\/uploads\/2025\/07\/DrainCube-IBC-1000-used-container-for-drainage-and-wastewater.jpg\" \/>\n\t<meta property=\"og:image:width\" content=\"1000\" \/>\n\t<meta property=\"og:image:height\" content=\"1000\" \/>\n\t<meta property=\"og:image:type\" content=\"image\/jpeg\" \/>\n<meta name=\"twitter:card\" content=\"summary_large_image\" \/>\n<meta name=\"twitter:label1\" content=\"Ber\u00e4knad l\u00e4stid\" \/>\n\t<meta name=\"twitter:data1\" content=\"1 minut\" \/>\n<script type=\"application\/ld+json\" class=\"yoast-schema-graph\">{\"@context\":\"https:\/\/schema.org\",\"@graph\":[{\"@type\":\"WebPage\",\"@id\":\"https:\/\/ibc.ee\/sv\/produkt\/draincube-ibc-1000-begagnad-tank-for-dranerings-och-avloppsvatten\/\",\"url\":\"https:\/\/ibc.ee\/sv\/produkt\/draincube-ibc-1000-begagnad-tank-for-dranerings-och-avloppsvatten\/\",\"name\":\"DrainCube IBC 1000 \u2013 Begagnad tank f\u00f6r dr\u00e4nerings- och avloppsvatten - IBC konteineri m&uuml;&uuml;k, vaadid, kraanid, mahutid\",\"isPartOf\":{\"@id\":\"https:\/\/www.ibc.ee\/sv\/#website\"},\"primaryImageOfPage\":{\"@id\":\"https:\/\/ibc.ee\/sv\/produkt\/draincube-ibc-1000-begagnad-tank-for-dranerings-och-avloppsvatten\/#primaryimage\"},\"image\":{\"@id\":\"https:\/\/ibc.ee\/sv\/produkt\/draincube-ibc-1000-begagnad-tank-for-dranerings-och-avloppsvatten\/#primaryimage\"},\"thumbnailUrl\":\"https:\/\/ibc.ee\/wp-content\/uploads\/2025\/07\/DrainCube-IBC-1000-used-container-for-drainage-and-wastewater.jpg\",\"datePublished\":\"2025-07-08T13:31:43+00:00\",\"dateModified\":\"2025-07-09T10:11:06+00:00\",\"description\":\"DrainCube IBC 1000 \u00e4r en begagnad 1000-liters IBC-beh\u00e5llare (Intermediate Bulk Container) som tidigare anv\u00e4nts f\u00f6r att lagra oljor eller hartser.\",\"breadcrumb\":{\"@id\":\"https:\/\/ibc.ee\/sv\/produkt\/draincube-ibc-1000-begagnad-tank-for-dranerings-och-avloppsvatten\/#breadcrumb\"},\"inLanguage\":\"sv-SE\",\"potentialAction\":[{\"@type\":\"ReadAction\",\"target\":[\"https:\/\/ibc.ee\/sv\/produkt\/draincube-ibc-1000-begagnad-tank-for-dranerings-och-avloppsvatten\/\"]}]},{\"@type\":\"ImageObject\",\"inLanguage\":\"sv-SE\",\"@id\":\"https:\/\/ibc.ee\/sv\/produkt\/draincube-ibc-1000-begagnad-tank-for-dranerings-och-avloppsvatten\/#primaryimage\",\"url\":\"https:\/\/ibc.ee\/wp-content\/uploads\/2025\/07\/DrainCube-IBC-1000-used-container-for-drainage-and-wastewater.jpg\",\"contentUrl\":\"https:\/\/ibc.ee\/wp-content\/uploads\/2025\/07\/DrainCube-IBC-1000-used-container-for-drainage-and-wastewater.jpg\",\"width\":1000,\"height\":1000,\"caption\":\"DrainCube IBC 1000 \u2013 used container for drainage & wastewater\"},{\"@type\":\"BreadcrumbList\",\"@id\":\"https:\/\/ibc.ee\/sv\/produkt\/draincube-ibc-1000-begagnad-tank-for-dranerings-och-avloppsvatten\/#breadcrumb\",\"itemListElement\":[{\"@type\":\"ListItem\",\"position\":1,\"name\":\"\u0413\u043b\u0430\u0432\u043d\u0430\u044f \u0441\u0442\u0440\u0430\u043d\u0438\u0446\u0430\",\"item\":\"https:\/\/www.ibc.ee\/sv\/\"},{\"@type\":\"ListItem\",\"position\":2,\"name\":\"Butik\",\"item\":\"https:\/\/www.ibc.ee\/sv\/butik\/\"},{\"@type\":\"ListItem\",\"position\":3,\"name\":\"DrainCube IBC 1000 \u2013 Begagnad tank f\u00f6r dr\u00e4nerings- och avloppsvatten\"}]},{\"@type\":\"WebSite\",\"@id\":\"https:\/\/www.ibc.ee\/sv\/#website\",\"url\":\"https:\/\/www.ibc.ee\/sv\/\",\"name\":\"IBC konteineri m&uuml;&uuml;k, vaadid, kraanid, mahutid\",\"description\":\"IBC - Tank container valve, Adapters\\\\fittings, Intermediate bulk, container, Drums\/cans\",\"potentialAction\":[{\"@type\":\"SearchAction\",\"target\":{\"@type\":\"EntryPoint\",\"urlTemplate\":\"https:\/\/www.ibc.ee\/sv\/?s={search_term_string}\"},\"query-input\":{\"@type\":\"PropertyValueSpecification\",\"valueRequired\":true,\"valueName\":\"search_term_string\"}}],\"inLanguage\":\"sv-SE\"}]}<\/script>\n<!-- \/ Yoast SEO plugin. -->","yoast_head_json":{"title":"DrainCube IBC 1000 \u2013 Begagnad tank f\u00f6r dr\u00e4nerings- och avloppsvatten - IBC konteineri m&uuml;&uuml;k, vaadid, kraanid, mahutid","description":"DrainCube IBC 1000 \u00e4r en begagnad 1000-liters IBC-beh\u00e5llare (Intermediate Bulk Container) som tidigare anv\u00e4nts f\u00f6r att lagra oljor eller hartser.","robots":{"index":"index","follow":"follow","max-snippet":"max-snippet:-1","max-image-preview":"max-image-preview:large","max-video-preview":"max-video-preview:-1"},"canonical":"https:\/\/ibc.ee\/sv\/produkt\/draincube-ibc-1000-begagnad-tank-for-dranerings-och-avloppsvatten\/","og_locale":"sv_SE","og_type":"article","og_title":"DrainCube IBC 1000 \u2013 Begagnad tank f\u00f6r dr\u00e4nerings- och avloppsvatten - IBC konteineri m&uuml;&uuml;k, vaadid, kraanid, mahutid","og_description":"DrainCube IBC 1000 \u00e4r en begagnad 1000-liters IBC-beh\u00e5llare (Intermediate Bulk Container) som tidigare anv\u00e4nts f\u00f6r att lagra oljor eller hartser.","og_url":"https:\/\/ibc.ee\/sv\/produkt\/draincube-ibc-1000-begagnad-tank-for-dranerings-och-avloppsvatten\/","og_site_name":"IBC konteineri m&uuml;&uuml;k, vaadid, kraanid, mahutid","article_modified_time":"2025-07-09T10:11:06+00:00","og_image":[{"width":1000,"height":1000,"url":"https:\/\/ibc.ee\/wp-content\/uploads\/2025\/07\/DrainCube-IBC-1000-used-container-for-drainage-and-wastewater.jpg","type":"image\/jpeg"}],"twitter_card":"summary_large_image","twitter_misc":{"Ber\u00e4knad l\u00e4stid":"1 minut"},"schema":{"@context":"https:\/\/schema.org","@graph":[{"@type":"WebPage","@id":"https:\/\/ibc.ee\/sv\/produkt\/draincube-ibc-1000-begagnad-tank-for-dranerings-och-avloppsvatten\/","url":"https:\/\/ibc.ee\/sv\/produkt\/draincube-ibc-1000-begagnad-tank-for-dranerings-och-avloppsvatten\/","name":"DrainCube IBC 1000 \u2013 Begagnad tank f\u00f6r dr\u00e4nerings- och avloppsvatten - IBC konteineri m&uuml;&uuml;k, vaadid, kraanid, mahutid","isPartOf":{"@id":"https:\/\/www.ibc.ee\/sv\/#website"},"primaryImageOfPage":{"@id":"https:\/\/ibc.ee\/sv\/produkt\/draincube-ibc-1000-begagnad-tank-for-dranerings-och-avloppsvatten\/#primaryimage"},"image":{"@id":"https:\/\/ibc.ee\/sv\/produkt\/draincube-ibc-1000-begagnad-tank-for-dranerings-och-avloppsvatten\/#primaryimage"},"thumbnailUrl":"https:\/\/ibc.ee\/wp-content\/uploads\/2025\/07\/DrainCube-IBC-1000-used-container-for-drainage-and-wastewater.jpg","datePublished":"2025-07-08T13:31:43+00:00","dateModified":"2025-07-09T10:11:06+00:00","description":"DrainCube IBC 1000 \u00e4r en begagnad 1000-liters IBC-beh\u00e5llare (Intermediate Bulk Container) som tidigare anv\u00e4nts f\u00f6r att lagra oljor eller hartser.","breadcrumb":{"@id":"https:\/\/ibc.ee\/sv\/produkt\/draincube-ibc-1000-begagnad-tank-for-dranerings-och-avloppsvatten\/#breadcrumb"},"inLanguage":"sv-SE","potentialAction":[{"@type":"ReadAction","target":["https:\/\/ibc.ee\/sv\/produkt\/draincube-ibc-1000-begagnad-tank-for-dranerings-och-avloppsvatten\/"]}]},{"@type":"ImageObject","inLanguage":"sv-SE","@id":"https:\/\/ibc.ee\/sv\/produkt\/draincube-ibc-1000-begagnad-tank-for-dranerings-och-avloppsvatten\/#primaryimage","url":"https:\/\/ibc.ee\/wp-content\/uploads\/2025\/07\/DrainCube-IBC-1000-used-container-for-drainage-and-wastewater.jpg","contentUrl":"https:\/\/ibc.ee\/wp-content\/uploads\/2025\/07\/DrainCube-IBC-1000-used-container-for-drainage-and-wastewater.jpg","width":1000,"height":1000,"caption":"DrainCube IBC 1000 \u2013 used container for drainage & wastewater"},{"@type":"BreadcrumbList","@id":"https:\/\/ibc.ee\/sv\/produkt\/draincube-ibc-1000-begagnad-tank-for-dranerings-och-avloppsvatten\/#breadcrumb","itemListElement":[{"@type":"ListItem","position":1,"name":"\u0413\u043b\u0430\u0432\u043d\u0430\u044f \u0441\u0442\u0440\u0430\u043d\u0438\u0446\u0430","item":"https:\/\/www.ibc.ee\/sv\/"},{"@type":"ListItem","position":2,"name":"Butik","item":"https:\/\/www.ibc.ee\/sv\/butik\/"},{"@type":"ListItem","position":3,"name":"DrainCube IBC 1000 \u2013 Begagnad tank f\u00f6r dr\u00e4nerings- och avloppsvatten"}]},{"@type":"WebSite","@id":"https:\/\/www.ibc.ee\/sv\/#website","url":"https:\/\/www.ibc.ee\/sv\/","name":"IBC konteineri m&uuml;&uuml;k, vaadid, kraanid, mahutid","description":"IBC - Tank container valve, Adapters\\fittings, Intermediate bulk, container, Drums\/cans","potentialAction":[{"@type":"SearchAction","target":{"@type":"EntryPoint","urlTemplate":"https:\/\/www.ibc.ee\/sv\/?s={search_term_string}"},"query-input":{"@type":"PropertyValueSpecification","valueRequired":true,"valueName":"search_term_string"}}],"inLanguage":"sv-SE"}]}},"_links":{"self":[{"href":"https:\/\/ibc.ee\/sv\/wp-json\/wp\/v2\/product\/24241","targetHints":{"allow":["GET"]}}],"collection":[{"href":"https:\/\/ibc.ee\/sv\/wp-json\/wp\/v2\/product"}],"about":[{"href":"https:\/\/ibc.ee\/sv\/wp-json\/wp\/v2\/types\/product"}],"wp:featuredmedia":[{"embeddable":true,"href":"https:\/\/ibc.ee\/sv\/wp-json\/wp\/v2\/media\/24250"}],"wp:attachment":[{"href":"https:\/\/ibc.ee\/sv\/wp-json\/wp\/v2\/media?parent=24241"}],"wp:term":[{"taxonomy":"product_brand","embeddable":true,"href":"https:\/\/ibc.ee\/sv\/wp-json\/wp\/v2\/product_brand?post=24241"},{"taxonomy":"product_cat","embeddable":true,"href":"https:\/\/ibc.ee\/sv\/wp-json\/wp\/v2\/product_cat?post=24241"},{"taxonomy":"product_tag","embeddable":true,"href":"https:\/\/ibc.ee\/sv\/wp-json\/wp\/v2\/product_tag?post=24241"}],"curies":[{"name":"wp","href":"https:\/\/api.w.org\/{rel}","templated":true}]}}